{"id":23504,"date":"2025-05-26T10:24:26","date_gmt":"2025-05-26T08:24:26","guid":{"rendered":"https:\/\/www.ferberpainting.com\/products\/grape-vine-fertilizer\/"},"modified":"2026-02-15T15:55:49","modified_gmt":"2026-02-15T14:55:49","slug":"grape-vine-fertilizer","status":"publish","type":"product","link":"https:\/\/www.ferberpainting.com\/se\/products\/grape-vine-fertilizer\/","title":{"rendered":"G\u00f6dselmedel f\u00f6r druvrankor 25 kg"},"content":{"rendered":"<p><strong><img decoding=\"async\" style=\"margin-right: 12px;\" src=\"https:\/\/www.ferberpainting.com\/wp-content\/uploads\/2026\/02\/Check.svg\" alt=\"\" width=\"18\" height=\"15\" \/>Ett komplett g\u00f6dningsmedel f\u00f6r en frisk och produktiv vinstock.<\/strong>\u00a0Vinodling kr\u00e4ver ett exakt n\u00e4ringstillskott f\u00f6r att s\u00e4kerst\u00e4lla kraftig tillv\u00e4xt, riklig frukts\u00e4ttning och optimal sjukdomsresistens. Detta g\u00f6dselmedel \u00e4r speciellt formulerat f\u00f6r att tillgodose vinstockens specifika behov, tack vare dess perfekt balanserade inneh\u00e5ll av kv\u00e4ve, fosfor och kalium (NPK 10-10-10). Det fr\u00e4mjar djup rotutveckling, h\u00e4lsosam bladproduktion och b\u00e4ttre klustermognad, vilket s\u00e4kerst\u00e4ller en h\u00f6gkvalitativ sk\u00f6rd.<\/p>\n<p><strong><img decoding=\"async\" style=\"margin-right: 12px;\" src=\"https:\/\/www.ferberpainting.com\/wp-content\/uploads\/2026\/02\/Check.svg\" alt=\"\" width=\"18\" height=\"15\" \/>Pengar-tillbaka-garanti.<\/strong>\u00a0Vi tror p\u00e5 effektiviteten hos v\u00e5rt g\u00f6dselmedel och p\u00e5 dess synliga resultat redan fr\u00e5n de f\u00f6rsta veckorna. Om du, trots att du anv\u00e4nder det enligt rekommendationerna, inte m\u00e4rker n\u00e5gon betydande f\u00f6rb\u00e4ttring av dina vinstockar, \u00e5tar vi oss att \u00e5terbetala dig fullt ut.<\/p>\n<p><strong><img decoding=\"async\" style=\"margin-right: 12px;\" src=\"https:\/\/www.ferberpainting.com\/wp-content\/uploads\/2026\/02\/Check.svg\" alt=\"\" width=\"18\" height=\"15\" \/>L\u00e4mplig f\u00f6r olika jordtyper och gr\u00f6dor.<\/strong>\u00a0Oavsett om din jord \u00e4r sandig, kalkhaltig, lerig eller siltig \u00e4r detta g\u00f6dselmedel effektivt p\u00e5 alla typer av jordbruksmark. Det \u00e4r ocks\u00e5 l\u00e4mpligt f\u00f6r andra fruktgr\u00f6dor, s\u00e4rskilt \u00e4pple-, p\u00e4ron-, persiko- och k\u00f6rsb\u00e4rstr\u00e4d, tack vare dess universella formel berikad med viktiga n\u00e4rings\u00e4mnen.<\/p>\n<p><strong><img decoding=\"async\" style=\"margin-right: 12px;\" src=\"https:\/\/www.ferberpainting.com\/wp-content\/uploads\/2026\/02\/Check.svg\" alt=\"\" width=\"18\" height=\"15\" \/>Exceptionell kostnadseffektivitet.<\/strong>\u00a0Tack vare sin fasta formulering som \u00e4r klar att anv\u00e4nda s\u00e4kerst\u00e4ller detta g\u00f6dselmedel effektiv och l\u00e5ngvarig g\u00f6dsling. Med en avkastning p\u00e5 200 g per vinstock kan en 25 kg p\u00e5se behandla upp till 125 vinstockar, vilket minskar underh\u00e5llskostnaderna och maximerar l\u00f6nsamheten f\u00f6r din ving\u00e5rd.<\/p>\n<p><strong><img decoding=\"async\" style=\"margin-right: 12px;\" src=\"https:\/\/www.ferberpainting.com\/wp-content\/uploads\/2026\/02\/Check.svg\" alt=\"\" width=\"18\" height=\"15\" \/>En produkt som \u00e4r s\u00e4ker f\u00f6r milj\u00f6n.<\/strong>\u00a0Detta g\u00f6dselmedel inneh\u00e5ller inga giftiga komponenter eller skadliga tillsatser, vilket s\u00e4kerst\u00e4ller respekt f\u00f6r jorden, den biologiska m\u00e5ngfalden och grundvattnet. Det l\u00e4mnar inga kemiska rester i druvorna, vilket s\u00e4kerst\u00e4ller en h\u00e4lsosam och h\u00e5llbar vinproduktion.<\/p>\n<p><strong><img decoding=\"async\" style=\"margin-right: 12px;\" src=\"https:\/\/www.ferberpainting.com\/wp-content\/uploads\/2026\/02\/Check.svg\" alt=\"\" width=\"18\" height=\"15\" \/>L\u00e4tt att applicera, ingen utsp\u00e4dning beh\u00f6vs.<\/strong>\u00a0Till skillnad fr\u00e5n flytande g\u00f6dselmedel som kr\u00e4ver f\u00f6reg\u00e5ende blandning, kommer detta g\u00f6dselmedel i fast form och appliceras direkt vid basen av varje vinstock. Det \u00e4r enkelt att anv\u00e4nda och kr\u00e4ver ingen specialutrustning, vilket g\u00f6r det l\u00e4tt att applicera, b\u00e5de f\u00f6r professionella odlare och amat\u00f6rer.<\/p>\n<p><strong><img decoding=\"async\" style=\"margin-right: 12px;\" src=\"https:\/\/www.ferberpainting.com\/wp-content\/uploads\/2026\/02\/Check.svg\" alt=\"\" width=\"18\" height=\"15\" \/>Gradvis och h\u00e5llbar befruktning.<\/strong>\u00a0Tack vare sin balanserade sammans\u00e4ttning frig\u00f6r g\u00f6dselmedlet gradvis n\u00e4rings\u00e4mnen och s\u00e4kerst\u00e4ller d\u00e4rmed kontinuerlig tillv\u00e4xt under hela v\u00e4xts\u00e4songen. Det hj\u00e4lper till att st\u00e4rka vinstockens naturliga motst\u00e5ndskraft mot klimatstress och sjukdomar, vilket s\u00e4kerst\u00e4ller en j\u00e4mn och h\u00f6gkvalitativ produktion.<\/p>\n<p><strong><img decoding=\"async\" style=\"margin-right: 12px;\" src=\"https:\/\/www.ferberpainting.com\/wp-content\/uploads\/2026\/02\/Check.svg\" alt=\"\" width=\"18\" height=\"15\" \/>Synliga resultat inom n\u00e5gra veckor.<\/strong>\u00a0Vid applicering fr\u00e4mjar detta g\u00f6dselmedel b\u00e4ttre mineralabsorption, vilket m\u00f6jligg\u00f6r snabb gr\u00f6nare bladverk och snabbare tillv\u00e4xt av druvkluster. Dess effektivitet bevisas av synligt friskare vinstockar, st\u00f6rre kluster och s\u00f6tare, mer f\u00e4rgstarka frukter.<\/p>\n<h2><strong>Anv\u00e4ndning Protokoll<\/strong><\/h2>\n<ul>\n<li><strong>Ans\u00f6kningsperiod <\/strong>: Helst applicera g\u00f6dselmedlet i b\u00f6rjan av v\u00e5ren och i slutet av sommaren f\u00f6r att st\u00f6dja v\u00e5rtillv\u00e4xten och vinstockens vinterf\u00f6rberedelser.<\/li>\n<li><strong>Markberedning <\/strong>: F\u00f6re applicering, rensa ogr\u00e4s och lossa jorden n\u00e5got runt vinstockens bas f\u00f6r att optimera n\u00e4ringsintr\u00e4ngningen.<\/li>\n<li><strong>Rekommenderad dosering <\/strong>: Applicera 200 g g\u00f6dselmedel per vinstock, f\u00f6rdela produkten runt stammen, cirka 15 cm bort.<\/li>\n<li><strong>Inf\u00f6rlivande <\/strong>: Blanda g\u00f6dselmedlet l\u00e4tt med ytjorden f\u00f6r att f\u00f6rhindra urlakning fr\u00e5n regn och fr\u00e4mja gradvis n\u00e4ringsdiffusion.<\/li>\n<li><strong>Bevattning efter applicering <\/strong>: N\u00e4r g\u00f6dselmedlet har applicerats, vattna gener\u00f6st det behandlade omr\u00e5det f\u00f6r att p\u00e5skynda mineralabsorptionen av r\u00f6tterna.<\/li>\n<li><strong>Ans\u00f6kningsfrekvens <\/strong>: F\u00f6r optimal befruktning, upprepa appliceringen var tredje m\u00e5nad, var noga med att inte \u00f6verdosera f\u00f6r att undvika \u00f6verskott av kv\u00e4ve som kan p\u00e5verka druvkvaliteten.<\/li>\n<\/ul>\n<p>Detta g\u00f6dselmedel \u00e4r den perfekta bundsf\u00f6rvanten f\u00f6r att f\u00e5 kraftiga vinstockar, riklig produktion och \u00f6verl\u00e4gsen druvkvalitet. Oavsett om du \u00e4r en professionell vinodlare eller en tr\u00e4dg\u00e5rdsentusiast garanterar det synliga resultat snabbt, med en enkel och riskfri applikation f\u00f6r din milj\u00f6.<\/p>","protected":false},"excerpt":{"rendered":"<p>A complete fertilizer for a healthy and productive vine.\u00a0Vine cultivation requires a precise nutritional contribution to ensure vigorous growth, abundant fruiting, and optimal disease resistance. This fertilizer is specially formulated to meet the specific needs of the vine, thanks to its perfectly balanced content of nitrogen, phosphorus, and potassium (NPK 10-10-10). It promotes deep root [&hellip;]<\/p>\n","protected":false},"featured_media":26015,"comment_status":"open","ping_status":"closed","template":"","meta":{"_uag_custom_page_level_css":"","site-sidebar-layout":"default","site-content-layout":"","ast-site-content-layout":"default","site-content-style":"default","site-sidebar-style":"default","ast-global-header-display":"","ast-banner-title-visibility":"","ast-main-header-display":"","ast-hfb-above-header-display":"","ast-hfb-below-header-display":"","ast-hfb-mobile-header-display":"","site-post-title":"","ast-breadcrumbs-content":"","ast-featured-img":"","footer-sml-layout":"","ast-disable-related-posts":"","theme-transparent-header-meta":"default","adv-header-id-meta":"","stick-header-meta":"","header-above-stick-meta":"","header-main-stick-meta":"","header-below-stick-meta":"","astra-migrate-meta-layouts":"set","ast-page-background-enabled":"default","ast-page-background-meta":{"desktop":{"background-color":"var(--ast-global-color-4)","background-image":"","background-repeat":"repeat","background-position":"center center","background-size":"auto","background-attachment":"scroll","background-type":"","background-media":"","overlay-type":"","overlay-color":"","overlay-opacity":"","overlay-gradient":""},"tablet":{"background-color":"","background-image":"","background-repeat":"repeat","background-position":"center center","background-size":"auto","background-attachment":"scroll","background-type":"","background-media":"","overlay-type":"","overlay-color":"","overlay-opacity":"","overlay-gradient":""},"mobile":{"background-color":"","background-image":"","background-repeat":"repeat","background-position":"center center","background-size":"auto","background-attachment":"scroll","background-type":"","background-media":"","overlay-type":"","overlay-color":"","overlay-opacity":"","overlay-gradient":""}},"ast-content-background-meta":{"desktop":{"background-color":"var(--ast-global-color-5)","background-image":"","background-repeat":"repeat","background-position":"center center","background-size":"auto","background-attachment":"scroll","background-type":"","background-media":"","overlay-type":"","overlay-color":"","overlay-opacity":"","overlay-gradient":""},"tablet":{"background-color":"var(--ast-global-color-5)","background-image":"","background-repeat":"repeat","background-position":"center center","background-size":"auto","background-attachment":"scroll","background-type":"","background-media":"","overlay-type":"","overlay-color":"","overlay-opacity":"","overlay-gradient":""},"mobile":{"background-color":"var(--ast-global-color-5)","background-image":"","background-repeat":"repeat","background-position":"center center","background-size":"auto","background-attachment":"scroll","background-type":"","background-media":"","overlay-type":"","overlay-color":"","overlay-opacity":"","overlay-gradient":""}}},"product_brand":[],"product_cat":[178],"product_tag":[],"class_list":{"0":"post-23504","1":"product","2":"type-product","3":"status-publish","4":"has-post-thumbnail","6":"product_cat-fertilizers","7":"desktop-align-left","8":"tablet-align-left","9":"mobile-align-left","11":"first","12":"instock","13":"taxable","14":"shipping-taxable","15":"purchasable","16":"product-type-simple"},"spectra_custom_meta":{"_visibility":["visible"],"_shopify_product_id":["9073283825909"],"_s2w_shopify_domain":["ferberpainting.myshopify.com"],"_shopify_variant_id":["46524539535605"],"_sku":["FPGRAPEVINEFERTILIZER25KG"],"_regular_price":["39.90"],"_price":["39.90"],"_sale_price":[""],"_weight":["18.7"],"_thumbnail_id":["26015"],"_global_unique_id":["5056773817951"],"total_sales":["32"],"_tax_status":["taxable"],"_tax_class":[""],"_manage_stock":["no"],"_backorders":["no"],"_sold_individually":["no"],"_virtual":["no"],"_downloadable":["no"],"_download_limit":["-1"],"_download_expiry":["-1"],"_stock":[null],"_stock_status":["instock"],"_wc_average_rating":["5.00"],"_wc_review_count":["31"],"_product_version":["10.5.1"],"_wc_rating_count":["a:1:{i:5;i:31;}"],"_edit_lock":["1771167278:1"],"merchant-center-availability":["yes"],"merchant-center-category":["113"],"_edit_last":["1"],"_wp_page_template":["default"],"site-sidebar-layout":["default"],"ast-site-content-layout":["default"],"site-content-style":["default"],"site-sidebar-style":["default"],"theme-transparent-header-meta":["default"],"astra-migrate-meta-layouts":["set"],"_uag_css_file_name":["uag-css-23504.css"],"_elementor_page_assets":["a:0:{}"],"_uag_page_assets":["a:9:{s:3:\"css\";s:7133:\".uag-blocks-common-selector{z-index:var(--z-index-desktop) !important}@media(max-width: 976px){.uag-blocks-common-selector{z-index:var(--z-index-tablet) !important}}@media(max-width: 767px){.uag-blocks-common-selector{z-index:var(--z-index-mobile) !important}}.wp-block-uagb-image{display:flex}.wp-block-uagb-image__figure{position:relative;display:flex;flex-direction:column;max-width:100%;height:auto;margin:0}.wp-block-uagb-image__figure img{height:auto;display:flex;max-width:100%;transition:box-shadow .2s ease}.wp-block-uagb-image__figure>a{display:inline-block}.wp-block-uagb-image__figure figcaption{text-align:center;margin-top:.5em;margin-bottom:1em}.wp-block-uagb-image .components-placeholder.block-editor-media-placeholder .components-placeholder__instructions{align-self:center}.wp-block-uagb-image--align-left{text-align:left}.wp-block-uagb-image--align-right{text-align:right}.wp-block-uagb-image--align-center{text-align:center}.wp-block-uagb-image--align-full .wp-block-uagb-image__figure{margin-left:calc(50% - 50vw);margin-right:calc(50% - 50vw);max-width:100vw;width:100vw;height:auto}.wp-block-uagb-image--align-full .wp-block-uagb-image__figure img{height:auto;width:100% !important}.wp-block-uagb-image--align-wide .wp-block-uagb-image__figure img{height:auto;width:100%}.wp-block-uagb-image--layout-overlay__color-wrapper{position:absolute;left:0;top:0;right:0;bottom:0;opacity:.2;background:rgba(0,0,0,.5);transition:opacity .35s ease-in-out}.wp-block-uagb-image--layout-overlay-link{position:absolute;left:0;right:0;bottom:0;top:0}.wp-block-uagb-image--layout-overlay .wp-block-uagb-image__figure:hover .wp-block-uagb-image--layout-overlay__color-wrapper{opacity:1}.wp-block-uagb-image--layout-overlay__inner{position:absolute;left:15px;right:15px;bottom:15px;top:15px;display:flex;align-items:center;justify-content:center;flex-direction:column;border-color:#fff;transition:.35s ease-in-out}.wp-block-uagb-image--layout-overlay__inner.top-left,.wp-block-uagb-image--layout-overlay__inner.top-center,.wp-block-uagb-image--layout-overlay__inner.top-right{justify-content:flex-start}.wp-block-uagb-image--layout-overlay__inner.bottom-left,.wp-block-uagb-image--layout-overlay__inner.bottom-center,.wp-block-uagb-image--layout-overlay__inner.bottom-right{justify-content:flex-end}.wp-block-uagb-image--layout-overlay__inner.top-left,.wp-block-uagb-image--layout-overlay__inner.center-left,.wp-block-uagb-image--layout-overlay__inner.bottom-left{align-items:flex-start}.wp-block-uagb-image--layout-overlay__inner.top-right,.wp-block-uagb-image--layout-overlay__inner.center-right,.wp-block-uagb-image--layout-overlay__inner.bottom-right{align-items:flex-end}.wp-block-uagb-image--layout-overlay__inner .uagb-image-heading{color:#fff;transition:transform .35s,opacity .35s ease-in-out;transform:translate3d(0, 24px, 0);margin:0;line-height:1em}.wp-block-uagb-image--layout-overlay__inner .uagb-image-separator{width:30%;border-top-width:2px;border-top-color:#fff;border-top-style:solid;margin-bottom:10px;opacity:0;transition:transform .4s,opacity .4s ease-in-out;transform:translate3d(0, 30px, 0)}.wp-block-uagb-image--layout-overlay__inner .uagb-image-caption{opacity:0;overflow:visible;color:#fff;transition:transform .45s,opacity .45s ease-in-out;transform:translate3d(0, 35px, 0)}.wp-block-uagb-image--layout-overlay__inner:hover .uagb-image-heading,.wp-block-uagb-image--layout-overlay__inner:hover .uagb-image-separator,.wp-block-uagb-image--layout-overlay__inner:hover .uagb-image-caption{opacity:1;transform:translate3d(0, 0, 0)}.wp-block-uagb-image--effect-zoomin .wp-block-uagb-image__figure img,.wp-block-uagb-image--effect-zoomin .wp-block-uagb-image__figure .wp-block-uagb-image--layout-overlay__color-wrapper{transform:scale(1);transition:transform .35s ease-in-out}.wp-block-uagb-image--effect-zoomin .wp-block-uagb-image__figure:hover img,.wp-block-uagb-image--effect-zoomin .wp-block-uagb-image__figure:hover .wp-block-uagb-image--layout-overlay__color-wrapper{transform:scale(1.05)}.wp-block-uagb-image--effect-slide .wp-block-uagb-image__figure img,.wp-block-uagb-image--effect-slide .wp-block-uagb-image__figure .wp-block-uagb-image--layout-overlay__color-wrapper{width:calc(100% + 40px) !important;max-width:none !important;transform:translate3d(-40px, 0, 0);transition:transform .35s ease-in-out}.wp-block-uagb-image--effect-slide .wp-block-uagb-image__figure:hover img,.wp-block-uagb-image--effect-slide .wp-block-uagb-image__figure:hover .wp-block-uagb-image--layout-overlay__color-wrapper{transform:translate3d(0, 0, 0)}.wp-block-uagb-image--effect-grayscale img{filter:grayscale(0%);transition:.35s ease-in-out}.wp-block-uagb-image--effect-grayscale:hover img{filter:grayscale(100%)}.wp-block-uagb-image--effect-blur img{filter:blur(0);transition:.35s ease-in-out}.wp-block-uagb-image--effect-blur:hover img{filter:blur(3px)}.uagb-block-e6f939b3.wp-block-uagb-image--layout-default figure img{box-shadow: 0px 0px 0 #00000070;}.uagb-block-e6f939b3.wp-block-uagb-image .wp-block-uagb-image__figure figcaption{font-style: normal;align-self: center;}.uagb-block-e6f939b3.wp-block-uagb-image--layout-overlay figure img{box-shadow: 0px 0px 0 #00000070;}.uagb-block-e6f939b3.wp-block-uagb-image--layout-overlay .wp-block-uagb-image--layout-overlay__color-wrapper{opacity: 0.2;}.uagb-block-e6f939b3.wp-block-uagb-image--layout-overlay .wp-block-uagb-image--layout-overlay__inner{left: 15px;right: 15px;top: 15px;bottom: 15px;}.uagb-block-e6f939b3.wp-block-uagb-image--layout-overlay .wp-block-uagb-image--layout-overlay__inner .uagb-image-heading{font-style: normal;color: #fff;opacity: 1;}.uagb-block-e6f939b3.wp-block-uagb-image--layout-overlay .wp-block-uagb-image--layout-overlay__inner .uagb-image-heading a{color: #fff;}.uagb-block-e6f939b3.wp-block-uagb-image--layout-overlay .wp-block-uagb-image--layout-overlay__inner .uagb-image-caption{opacity: 0;}.uagb-block-e6f939b3.wp-block-uagb-image--layout-overlay .wp-block-uagb-image__figure:hover .wp-block-uagb-image--layout-overlay__color-wrapper{opacity: 1;}.uagb-block-e6f939b3.wp-block-uagb-image .wp-block-uagb-image--layout-overlay__inner .uagb-image-separator{width: 30%;border-top-width: 2px;border-top-color: #fff;opacity: 0;}.uagb-block-e6f939b3.wp-block-uagb-image .wp-block-uagb-image__figure img{width: px;height: auto;}.uagb-block-e6f939b3.wp-block-uagb-image .wp-block-uagb-image__figure:hover .wp-block-uagb-image--layout-overlay__inner .uagb-image-caption{opacity: 1;}.uagb-block-e6f939b3.wp-block-uagb-image .wp-block-uagb-image__figure:hover .wp-block-uagb-image--layout-overlay__inner .uagb-image-separator{opacity: 1;}.uagb-block-e6f939b3.wp-block-uagb-image--layout-default figure:hover img{box-shadow: 0px 0px 0 #00000070;}.uagb-block-e6f939b3.wp-block-uagb-image--layout-overlay figure:hover img{box-shadow: 0px 0px 0 #00000070;}@media only screen and (max-width: 976px) {.uagb-block-e6f939b3.wp-block-uagb-image .wp-block-uagb-image__figure img{width: px;height: auto;}}@media only screen and (max-width: 767px) {.uagb-block-e6f939b3.wp-block-uagb-image .wp-block-uagb-image__figure img{width: px;height: auto;}}\";s:2:\"js\";s:0:\"\";s:18:\"current_block_list\";a:13:{i:0;s:11:\"core\/search\";i:1;s:10:\"core\/group\";i:2;s:12:\"core\/heading\";i:3;s:17:\"core\/latest-posts\";i:4;s:20:\"core\/latest-comments\";i:5;s:13:\"core\/archives\";i:6;s:15:\"core\/categories\";i:7;s:14:\"core\/paragraph\";i:8;s:10:\"uagb\/image\";i:9;s:11:\"core\/spacer\";i:10;s:30:\"woocommerce\/product-categories\";i:11;s:10:\"core\/image\";i:12;s:14:\"core\/shortcode\";}s:8:\"uag_flag\";b:1;s:11:\"uag_version\";s:10:\"1777502731\";s:6:\"gfonts\";a:0:{}s:10:\"gfonts_url\";s:0:\"\";s:12:\"gfonts_files\";a:0:{}s:14:\"uag_faq_layout\";b:0;}"]},"uagb_featured_image_src":{"full":["https:\/\/www.ferberpainting.com\/wp-content\/uploads\/2025\/05\/GrapeVineFertilizeransac.png",2560,2560,false],"thumbnail":["https:\/\/www.ferberpainting.com\/wp-content\/uploads\/2025\/05\/GrapeVineFertilizeransac-150x150.png",150,150,true],"medium":["https:\/\/www.ferberpainting.com\/wp-content\/uploads\/2025\/05\/GrapeVineFertilizeransac-300x300.png",300,300,true],"medium_large":["https:\/\/www.ferberpainting.com\/wp-content\/uploads\/2025\/05\/GrapeVineFertilizeransac-768x768.png",768,768,true],"large":["https:\/\/www.ferberpainting.com\/wp-content\/uploads\/2025\/05\/GrapeVineFertilizeransac-1024x1024.png",1024,1024,true],"1536x1536":["https:\/\/www.ferberpainting.com\/wp-content\/uploads\/2025\/05\/GrapeVineFertilizeransac-1536x1536.png",1536,1536,true],"2048x2048":["https:\/\/www.ferberpainting.com\/wp-content\/uploads\/2025\/05\/GrapeVineFertilizeransac-2048x2048.png",2048,2048,true],"trp-custom-language-flag":["https:\/\/www.ferberpainting.com\/wp-content\/uploads\/2025\/05\/GrapeVineFertilizeransac-12x12.png",12,12,true],"woocommerce_thumbnail":["https:\/\/www.ferberpainting.com\/wp-content\/uploads\/2025\/05\/GrapeVineFertilizeransac-300x300.png",300,300,true],"woocommerce_single":["https:\/\/www.ferberpainting.com\/wp-content\/uploads\/2025\/05\/GrapeVineFertilizeransac-600x600.png",600,600,true],"woocommerce_gallery_thumbnail":["https:\/\/www.ferberpainting.com\/wp-content\/uploads\/2025\/05\/GrapeVineFertilizeransac-100x100.png",100,100,true]},"uagb_author_info":{"display_name":"admin","author_link":"https:\/\/www.ferberpainting.com\/se\/author\/"},"uagb_comment_info":31,"uagb_excerpt":"A complete fertilizer for a healthy and productive vine.\u00a0Vine cultivation requires a precise nutritional contribution to ensure vigorous growth, abundant fruiting, and optimal disease resistance. This fertilizer is specially formulated to meet the specific needs of the vine, thanks to its perfectly balanced content of nitrogen, phosphorus, and potassium (NPK 10-10-10). It promotes deep root&hellip;","_links":{"self":[{"href":"https:\/\/www.ferberpainting.com\/se\/wp-json\/wp\/v2\/product\/23504","targetHints":{"allow":["GET"]}}],"collection":[{"href":"https:\/\/www.ferberpainting.com\/se\/wp-json\/wp\/v2\/product"}],"about":[{"href":"https:\/\/www.ferberpainting.com\/se\/wp-json\/wp\/v2\/types\/product"}],"replies":[{"embeddable":true,"href":"https:\/\/www.ferberpainting.com\/se\/wp-json\/wp\/v2\/comments?post=23504"}],"version-history":[{"count":5,"href":"https:\/\/www.ferberpainting.com\/se\/wp-json\/wp\/v2\/product\/23504\/revisions"}],"predecessor-version":[{"id":166264,"href":"https:\/\/www.ferberpainting.com\/se\/wp-json\/wp\/v2\/product\/23504\/revisions\/166264"}],"wp:featuredmedia":[{"embeddable":true,"href":"https:\/\/www.ferberpainting.com\/se\/wp-json\/wp\/v2\/media\/26015"}],"wp:attachment":[{"href":"https:\/\/www.ferberpainting.com\/se\/wp-json\/wp\/v2\/media?parent=23504"}],"wp:term":[{"taxonomy":"product_brand","embeddable":true,"href":"https:\/\/www.ferberpainting.com\/se\/wp-json\/wp\/v2\/product_brand?post=23504"},{"taxonomy":"product_cat","embeddable":true,"href":"https:\/\/www.ferberpainting.com\/se\/wp-json\/wp\/v2\/product_cat?post=23504"},{"taxonomy":"product_tag","embeddable":true,"href":"https:\/\/www.ferberpainting.com\/se\/wp-json\/wp\/v2\/product_tag?post=23504"}],"curies":[{"name":"wp","href":"https:\/\/api.w.org\/{rel}","templated":true}]}}