{"id":23490,"date":"2025-07-01T12:12:05","date_gmt":"2025-07-01T10:12:05","guid":{"rendered":"https:\/\/www.ferberpainting.com\/?post_type=product&#038;p=23490"},"modified":"2026-02-15T14:21:15","modified_gmt":"2026-02-15T13:21:15","slug":"glue-and-carpet-remover","status":"publish","type":"product","link":"https:\/\/www.ferberpainting.com\/se\/products\/glue-and-carpet-remover\/","title":{"rendered":"Borttagningsmedel f\u00f6r lim och helt\u00e4ckningsmatta"},"content":{"rendered":"<p><img decoding=\"async\" style=\"margin-right: 12px;\" src=\"https:\/\/www.ferberpainting.com\/wp-content\/uploads\/2026\/02\/Check.svg\" alt=\"\" width=\"18\" height=\"15\" \/><strong>Effektivt avl\u00e4gsnande av limrester.<\/strong>\u00a0Lim- och mattlimborttagaren \u00e4r speciellt utformad f\u00f6r att hj\u00e4lpa dig att ta bort envisa limrester som finns kvar efter att du har tagit bort mattor eller andra golvbel\u00e4ggningar. Den h\u00e4r kraftfulla produkten l\u00f6ser snabbt upp lim och g\u00f6r borttagningen enklare utan att skada de underliggande ytorna. Oavsett om det \u00e4r p\u00e5 betong, kakel eller tr\u00e4 \u00e5terst\u00e4ller denna remover dina golv p\u00e5 minimal tid och med maximal effektivitet.<\/p>\n<p><img decoding=\"async\" style=\"margin-right: 12px;\" src=\"https:\/\/www.ferberpainting.com\/wp-content\/uploads\/2026\/02\/Check.svg\" alt=\"\" width=\"18\" height=\"15\" \/><strong>Pengar-tillbaka-garanti.<\/strong>\u00a0Vi \u00e4r \u00f6vertygade om att v\u00e5r lim- och mattlimborttagare \u00e4r effektiv, och d\u00e4rf\u00f6r erbjuder vi en n\u00f6jdhets- eller \u00e5terbetalningsgaranti. Om du inte \u00e4r helt n\u00f6jd med resultatet kan du beg\u00e4ra full \u00e5terbetalning. Detta g\u00f6r att du kan testa v\u00e5r produkt bekymmersfritt och med vissheten att du inte tar n\u00e5gon risk.<\/p>\n<p><img decoding=\"async\" style=\"margin-right: 12px;\" src=\"https:\/\/www.ferberpainting.com\/wp-content\/uploads\/2026\/02\/Check.svg\" alt=\"\" width=\"18\" height=\"15\" \/><strong>M\u00e5ngsidig.<\/strong>\u00a0Lim- och mattlimborttagaren \u00e4r en universalprodukt som fungerar p\u00e5 en m\u00e4ngd olika material. Den kan anv\u00e4ndas p\u00e5 betong, cement, kakel, tr\u00e4 och till och med murbruksbaserade ytor. Oavsett om du \u00e4r professionell eller hemmafixare kan du med den h\u00e4r produkten enkelt ta bort lim fr\u00e5n alla typer av ytor utan att vara r\u00e4dd f\u00f6r skador.<\/p>\n<p><img decoding=\"async\" style=\"margin-right: 12px;\" src=\"https:\/\/www.ferberpainting.com\/wp-content\/uploads\/2026\/02\/Check.svg\" alt=\"\" width=\"18\" height=\"15\" \/><strong>Ekonomisk.<\/strong>\u00a0Removern ger utm\u00e4rkt valuta f\u00f6r pengarna med h\u00f6gt utbyte och t\u00e4cker mellan 5 och 10 m\u00b2 per liter, beroende p\u00e5 limmets tjocklek och ytans porositet. En 5-litersbeh\u00e5llare kan behandla upp till 50 m\u00b2, vilket g\u00f6r den till en ekonomisk l\u00f6sning f\u00f6r storskaliga strippningsjobb. Du sparar p\u00e5 kostnaderna samtidigt som du uppn\u00e5r optimal effektivitet.<\/p>\n<p><img decoding=\"async\" style=\"margin-right: 12px;\" src=\"https:\/\/www.ferberpainting.com\/wp-content\/uploads\/2026\/02\/Check.svg\" alt=\"\" width=\"18\" height=\"15\" \/><strong>Icke-toxisk.<\/strong>\u00a0Denna remover \u00e4r formulerad f\u00f6r att vara s\u00e4ker n\u00e4r den anv\u00e4nds enligt anvisningarna. Den \u00e4r utformad f\u00f6r att vara milj\u00f6v\u00e4nlig och ofarlig f\u00f6r anv\u00e4ndarnas h\u00e4lsa. Den inneh\u00e5ller inga starka kemikalier och \u00e4r idealisk f\u00f6r alla som vill ta bort lim utan att kompromissa med s\u00e4kerheten. Som med alla reng\u00f6ringsprodukter rekommenderar vi dock att du anv\u00e4nder handskar och arbetar i ett ventilerat omr\u00e5de f\u00f6r maximal s\u00e4kerhet.<\/p>\n<p><img decoding=\"async\" style=\"margin-right: 12px;\" src=\"https:\/\/www.ferberpainting.com\/wp-content\/uploads\/2026\/02\/Check.svg\" alt=\"\" width=\"18\" height=\"15\" \/><strong>L\u00e4tt att anv\u00e4nda.<\/strong>\u00a0Denna bruksf\u00e4rdiga remover kr\u00e4ver ingen utsp\u00e4dning eller extra f\u00f6rberedelser. Applicera det bara p\u00e5 limmet eller mattlimmet och l\u00e5t det sitta. Appliceringen \u00e4r enkel och kr\u00e4ver ingen s\u00e4rskild skicklighet. Oavsett om den appliceras med pensel, svamp eller roller \u00e4r den intuitiv och snabb. F\u00f6lj bara anv\u00e4ndningsprotokollet f\u00f6r imponerande resultat utan anstr\u00e4ngning.<\/p>\n<p><img decoding=\"async\" style=\"margin-right: 12px;\" src=\"https:\/\/www.ferberpainting.com\/wp-content\/uploads\/2026\/02\/Check.svg\" alt=\"\" width=\"18\" height=\"15\" \/><strong>L\u00e5ngvarig.<\/strong>\u00a0Lim- och mattlimborttagaren \u00e4r utformad f\u00f6r att vara effektiv p\u00e5 l\u00e5ng sikt. Tack vare den kraftfulla formulan kan du ta bort limrester med en eller tv\u00e5 appliceringar, vilket minskar behovet av flera produkter f\u00f6r att slutf\u00f6ra jobbet. Du sparar tid och anstr\u00e4ngning samtidigt som du f\u00e5r en ren yta som \u00e4r redo f\u00f6r en ny bel\u00e4ggning.<\/p>\n<p><img decoding=\"async\" style=\"margin-right: 12px;\" src=\"https:\/\/www.ferberpainting.com\/wp-content\/uploads\/2026\/02\/Check.svg\" alt=\"\" width=\"18\" height=\"15\" \/><strong>Snabbt agerande.<\/strong>\u00a0Denna remover \u00e4r ocks\u00e5 uppskattad f\u00f6r sin snabba verkan. Den b\u00f6rjar l\u00f6sa upp limrester n\u00e4stan omedelbart efter applicering, vilket avsev\u00e4rt minskar din arbetstid. Beroende p\u00e5 limmets tjocklek beh\u00f6ver du bara v\u00e4nta 10 till 20 minuter innan du skrapar eller torkar av ytan. P\u00e5 s\u00e5 s\u00e4tt sparar du v\u00e4rdefull tid, oavsett om du renoverar hemma eller arbetar med ett professionellt projekt.<\/p>\n<h2><strong>Anv\u00e4ndning Protokoll<\/strong><\/h2>\n<ul>\n<li><strong>Ytbehandling <\/strong>: Innan du applicerar removern ska du se till att ytan \u00e4r ren och fri fr\u00e5n damm och skr\u00e4p. Sopa eller dammsug omr\u00e5det om det beh\u00f6vs. Denna produkt kan anv\u00e4ndas p\u00e5 torra eller l\u00e4tt fuktiga golv.<\/li>\n<li><strong>Till\u00e4mpning <\/strong>: Produkten \u00e4r klar att anv\u00e4nda och kr\u00e4ver ingen utsp\u00e4dning. Applicera removern direkt p\u00e5 de limt\u00e4ckta omr\u00e5dena med hj\u00e4lp av en pensel, rulle eller svamp. Se till att f\u00f6rdela den j\u00e4mnt \u00f6ver limmet utan att \u00f6verbelasta. M\u00e4ngden som ska anv\u00e4ndas beror p\u00e5 limmets tjocklek, men i genomsnitt \u00e4r 100 till 150 ml per m\u00b2 tillr\u00e4ckligt.<\/li>\n<li><strong>\u00c5tg\u00e4rdstid <\/strong>: L\u00e5t removern sitta i 10 till 20 minuter beroende p\u00e5 limmets tjocklek och typ. L\u00e5t det inte torka helt innan borttagning, eftersom det kan minska dess effektivitet.<\/li>\n<li><strong>Borttagning av lim <\/strong>: N\u00e4r produkten har verkat, anv\u00e4nd en skrapa eller spatel f\u00f6r att ta bort det uppl\u00f6sta limmet. F\u00f6r h\u00e5rdare rester kan du skrubba ytan med en borste eller slipande svamp. Om det beh\u00f6vs, applicera ett andra lager av remover och upprepa processen.<\/li>\n<li><strong>Reng\u00f6ring av verktyg <\/strong>: Efter anv\u00e4ndning, reng\u00f6r omedelbart dina verktyg (penslar, rullar etc.) med varmt tv\u00e5lvatten eller ett l\u00e4mpligt l\u00f6sningsmedel f\u00f6r att f\u00f6rhindra att produkten h\u00e4rdar p\u00e5 ytorna.<\/li>\n<li><strong>Ventilation och torkning <\/strong>: N\u00e4r strippningen \u00e4r klar, l\u00e5t ytan torka innan du applicerar en ny bel\u00e4ggning. Se till att omr\u00e5det \u00e4r v\u00e4l ventilerat f\u00f6r att p\u00e5skynda torkningen.<\/li>\n<li><strong>F\u00f6rvaring <\/strong>: F\u00f6rvara produkten i originalf\u00f6rpackningen p\u00e5 en sval och torr plats, skyddad fr\u00e5n extrema temperaturer. Om produkten f\u00f6rvaras p\u00e5 r\u00e4tt s\u00e4tt kan den anv\u00e4ndas i flera m\u00e5nader.<\/li>\n<\/ul>","protected":false},"excerpt":{"rendered":"<p>Effective removal of glue residues.\u00a0The adhesive and carpet glue remover is specially designed to help you eliminate stubborn glue residues left behind after removing carpets, rugs, or other floor coverings. This powerful product quickly dissolves glue, making removal easier without damaging the underlying surfaces. Whether on concrete, tile, or wood, this remover restores your floors [&hellip;]<\/p>\n","protected":false},"featured_media":36302,"comment_status":"open","ping_status":"closed","template":"","meta":{"_uag_custom_page_level_css":"","site-sidebar-layout":"default","site-content-layout":"","ast-site-content-layout":"default","site-content-style":"default","site-sidebar-style":"default","ast-global-header-display":"","ast-banner-title-visibility":"","ast-main-header-display":"","ast-hfb-above-header-display":"","ast-hfb-below-header-display":"","ast-hfb-mobile-header-display":"","site-post-title":"","ast-breadcrumbs-content":"","ast-featured-img":"","footer-sml-layout":"","ast-disable-related-posts":"","theme-transparent-header-meta":"default","adv-header-id-meta":"","stick-header-meta":"","header-above-stick-meta":"","header-main-stick-meta":"","header-below-stick-meta":"","astra-migrate-meta-layouts":"set","ast-page-background-enabled":"default","ast-page-background-meta":{"desktop":{"background-color":"var(--ast-global-color-4)","background-image":"","background-repeat":"repeat","background-position":"center center","background-size":"auto","background-attachment":"scroll","background-type":"","background-media":"","overlay-type":"","overlay-color":"","overlay-opacity":"","overlay-gradient":""},"tablet":{"background-color":"","background-image":"","background-repeat":"repeat","background-position":"center center","background-size":"auto","background-attachment":"scroll","background-type":"","background-media":"","overlay-type":"","overlay-color":"","overlay-opacity":"","overlay-gradient":""},"mobile":{"background-color":"","background-image":"","background-repeat":"repeat","background-position":"center center","background-size":"auto","background-attachment":"scroll","background-type":"","background-media":"","overlay-type":"","overlay-color":"","overlay-opacity":"","overlay-gradient":""}},"ast-content-background-meta":{"desktop":{"background-color":"var(--ast-global-color-5)","background-image":"","background-repeat":"repeat","background-position":"center center","background-size":"auto","background-attachment":"scroll","background-type":"","background-media":"","overlay-type":"","overlay-color":"","overlay-opacity":"","overlay-gradient":""},"tablet":{"background-color":"var(--ast-global-color-5)","background-image":"","background-repeat":"repeat","background-position":"center center","background-size":"auto","background-attachment":"scroll","background-type":"","background-media":"","overlay-type":"","overlay-color":"","overlay-opacity":"","overlay-gradient":""},"mobile":{"background-color":"var(--ast-global-color-5)","background-image":"","background-repeat":"repeat","background-position":"center center","background-size":"auto","background-attachment":"scroll","background-type":"","background-media":"","overlay-type":"","overlay-color":"","overlay-opacity":"","overlay-gradient":""}}},"product_brand":[],"product_cat":[175],"product_tag":[],"class_list":{"0":"post-23490","1":"product","2":"type-product","3":"status-publish","4":"has-post-thumbnail","6":"product_cat-cleaning-products","7":"desktop-align-left","8":"tablet-align-left","9":"mobile-align-left","11":"first","12":"instock","13":"sale","14":"shipping-taxable","15":"purchasable","16":"product-type-variable","17":"has-default-attributes"},"spectra_custom_meta":{"_visibility":["visible"],"_shopify_product_id":["9106661572853"],"_s2w_shopify_domain":["ferberpainting.myshopify.com"],"_shopify_variant_id":["46626426126581"],"_sku":[""],"_manage_stock":["no"],"total_sales":["636"],"_tax_status":["taxable"],"_tax_class":[""],"_backorders":["no"],"_sold_individually":["no"],"_virtual":["no"],"_downloadable":["no"],"_download_limit":["-1"],"_download_expiry":["-1"],"_stock":[null],"_stock_status":["instock"],"_wc_average_rating":["5.00"],"_wc_review_count":["10"],"_product_attributes":["a:1:{s:6:\"volume\";a:6:{s:4:\"name\";s:6:\"Volume\";s:5:\"value\";s:20:\"5 liters | 25 liters\";s:8:\"position\";i:1;s:10:\"is_visible\";i:0;s:12:\"is_variation\";i:1;s:11:\"is_taxonomy\";i:0;}}"],"_product_version":["10.5.1"],"wpse_downloadable_file_names":[""],"wpse_downloadable_file_urls":[""],"_edit_last":["1"],"_default_attributes":["a:1:{s:6:\"volume\";s:8:\"5 liters\";}"],"_edit_lock":["1772567587:3823"],"merchant-center-availability":["yes"],"merchant-center-category":["503741"],"_thumbnail_id":["36302"],"_wp_page_template":["default"],"_wp_old_date":["2025-05-26"],"_product_image_gallery":["36303"],"site-sidebar-layout":["default"],"ast-site-content-layout":["default"],"site-content-style":["default"],"site-sidebar-style":["default"],"theme-transparent-header-meta":["default"],"_wc_rating_count":["a:1:{i:5;i:10;}"],"_price":["29.90","129.90"],"astra-migrate-meta-layouts":["set"],"_uag_css_file_name":["uag-css-23490.css"],"_elementor_page_assets":["a:0:{}"],"_uag_page_assets":["a:9:{s:3:\"css\";s:7133:\".uag-blocks-common-selector{z-index:var(--z-index-desktop) !important}@media(max-width: 976px){.uag-blocks-common-selector{z-index:var(--z-index-tablet) !important}}@media(max-width: 767px){.uag-blocks-common-selector{z-index:var(--z-index-mobile) !important}}.wp-block-uagb-image{display:flex}.wp-block-uagb-image__figure{position:relative;display:flex;flex-direction:column;max-width:100%;height:auto;margin:0}.wp-block-uagb-image__figure img{height:auto;display:flex;max-width:100%;transition:box-shadow .2s ease}.wp-block-uagb-image__figure>a{display:inline-block}.wp-block-uagb-image__figure figcaption{text-align:center;margin-top:.5em;margin-bottom:1em}.wp-block-uagb-image .components-placeholder.block-editor-media-placeholder .components-placeholder__instructions{align-self:center}.wp-block-uagb-image--align-left{text-align:left}.wp-block-uagb-image--align-right{text-align:right}.wp-block-uagb-image--align-center{text-align:center}.wp-block-uagb-image--align-full .wp-block-uagb-image__figure{margin-left:calc(50% - 50vw);margin-right:calc(50% - 50vw);max-width:100vw;width:100vw;height:auto}.wp-block-uagb-image--align-full .wp-block-uagb-image__figure img{height:auto;width:100% !important}.wp-block-uagb-image--align-wide .wp-block-uagb-image__figure img{height:auto;width:100%}.wp-block-uagb-image--layout-overlay__color-wrapper{position:absolute;left:0;top:0;right:0;bottom:0;opacity:.2;background:rgba(0,0,0,.5);transition:opacity .35s ease-in-out}.wp-block-uagb-image--layout-overlay-link{position:absolute;left:0;right:0;bottom:0;top:0}.wp-block-uagb-image--layout-overlay .wp-block-uagb-image__figure:hover .wp-block-uagb-image--layout-overlay__color-wrapper{opacity:1}.wp-block-uagb-image--layout-overlay__inner{position:absolute;left:15px;right:15px;bottom:15px;top:15px;display:flex;align-items:center;justify-content:center;flex-direction:column;border-color:#fff;transition:.35s ease-in-out}.wp-block-uagb-image--layout-overlay__inner.top-left,.wp-block-uagb-image--layout-overlay__inner.top-center,.wp-block-uagb-image--layout-overlay__inner.top-right{justify-content:flex-start}.wp-block-uagb-image--layout-overlay__inner.bottom-left,.wp-block-uagb-image--layout-overlay__inner.bottom-center,.wp-block-uagb-image--layout-overlay__inner.bottom-right{justify-content:flex-end}.wp-block-uagb-image--layout-overlay__inner.top-left,.wp-block-uagb-image--layout-overlay__inner.center-left,.wp-block-uagb-image--layout-overlay__inner.bottom-left{align-items:flex-start}.wp-block-uagb-image--layout-overlay__inner.top-right,.wp-block-uagb-image--layout-overlay__inner.center-right,.wp-block-uagb-image--layout-overlay__inner.bottom-right{align-items:flex-end}.wp-block-uagb-image--layout-overlay__inner .uagb-image-heading{color:#fff;transition:transform .35s,opacity .35s ease-in-out;transform:translate3d(0, 24px, 0);margin:0;line-height:1em}.wp-block-uagb-image--layout-overlay__inner .uagb-image-separator{width:30%;border-top-width:2px;border-top-color:#fff;border-top-style:solid;margin-bottom:10px;opacity:0;transition:transform .4s,opacity .4s ease-in-out;transform:translate3d(0, 30px, 0)}.wp-block-uagb-image--layout-overlay__inner .uagb-image-caption{opacity:0;overflow:visible;color:#fff;transition:transform .45s,opacity .45s ease-in-out;transform:translate3d(0, 35px, 0)}.wp-block-uagb-image--layout-overlay__inner:hover .uagb-image-heading,.wp-block-uagb-image--layout-overlay__inner:hover .uagb-image-separator,.wp-block-uagb-image--layout-overlay__inner:hover .uagb-image-caption{opacity:1;transform:translate3d(0, 0, 0)}.wp-block-uagb-image--effect-zoomin .wp-block-uagb-image__figure img,.wp-block-uagb-image--effect-zoomin .wp-block-uagb-image__figure .wp-block-uagb-image--layout-overlay__color-wrapper{transform:scale(1);transition:transform .35s ease-in-out}.wp-block-uagb-image--effect-zoomin .wp-block-uagb-image__figure:hover img,.wp-block-uagb-image--effect-zoomin .wp-block-uagb-image__figure:hover .wp-block-uagb-image--layout-overlay__color-wrapper{transform:scale(1.05)}.wp-block-uagb-image--effect-slide .wp-block-uagb-image__figure img,.wp-block-uagb-image--effect-slide .wp-block-uagb-image__figure .wp-block-uagb-image--layout-overlay__color-wrapper{width:calc(100% + 40px) !important;max-width:none !important;transform:translate3d(-40px, 0, 0);transition:transform .35s ease-in-out}.wp-block-uagb-image--effect-slide .wp-block-uagb-image__figure:hover img,.wp-block-uagb-image--effect-slide .wp-block-uagb-image__figure:hover .wp-block-uagb-image--layout-overlay__color-wrapper{transform:translate3d(0, 0, 0)}.wp-block-uagb-image--effect-grayscale img{filter:grayscale(0%);transition:.35s ease-in-out}.wp-block-uagb-image--effect-grayscale:hover img{filter:grayscale(100%)}.wp-block-uagb-image--effect-blur img{filter:blur(0);transition:.35s ease-in-out}.wp-block-uagb-image--effect-blur:hover img{filter:blur(3px)}.uagb-block-e6f939b3.wp-block-uagb-image--layout-default figure img{box-shadow: 0px 0px 0 #00000070;}.uagb-block-e6f939b3.wp-block-uagb-image .wp-block-uagb-image__figure figcaption{font-style: normal;align-self: center;}.uagb-block-e6f939b3.wp-block-uagb-image--layout-overlay figure img{box-shadow: 0px 0px 0 #00000070;}.uagb-block-e6f939b3.wp-block-uagb-image--layout-overlay .wp-block-uagb-image--layout-overlay__color-wrapper{opacity: 0.2;}.uagb-block-e6f939b3.wp-block-uagb-image--layout-overlay .wp-block-uagb-image--layout-overlay__inner{left: 15px;right: 15px;top: 15px;bottom: 15px;}.uagb-block-e6f939b3.wp-block-uagb-image--layout-overlay .wp-block-uagb-image--layout-overlay__inner .uagb-image-heading{font-style: normal;color: #fff;opacity: 1;}.uagb-block-e6f939b3.wp-block-uagb-image--layout-overlay .wp-block-uagb-image--layout-overlay__inner .uagb-image-heading a{color: #fff;}.uagb-block-e6f939b3.wp-block-uagb-image--layout-overlay .wp-block-uagb-image--layout-overlay__inner .uagb-image-caption{opacity: 0;}.uagb-block-e6f939b3.wp-block-uagb-image--layout-overlay .wp-block-uagb-image__figure:hover .wp-block-uagb-image--layout-overlay__color-wrapper{opacity: 1;}.uagb-block-e6f939b3.wp-block-uagb-image .wp-block-uagb-image--layout-overlay__inner .uagb-image-separator{width: 30%;border-top-width: 2px;border-top-color: #fff;opacity: 0;}.uagb-block-e6f939b3.wp-block-uagb-image .wp-block-uagb-image__figure img{width: px;height: auto;}.uagb-block-e6f939b3.wp-block-uagb-image .wp-block-uagb-image__figure:hover .wp-block-uagb-image--layout-overlay__inner .uagb-image-caption{opacity: 1;}.uagb-block-e6f939b3.wp-block-uagb-image .wp-block-uagb-image__figure:hover .wp-block-uagb-image--layout-overlay__inner .uagb-image-separator{opacity: 1;}.uagb-block-e6f939b3.wp-block-uagb-image--layout-default figure:hover img{box-shadow: 0px 0px 0 #00000070;}.uagb-block-e6f939b3.wp-block-uagb-image--layout-overlay figure:hover img{box-shadow: 0px 0px 0 #00000070;}@media only screen and (max-width: 976px) {.uagb-block-e6f939b3.wp-block-uagb-image .wp-block-uagb-image__figure img{width: px;height: auto;}}@media only screen and (max-width: 767px) {.uagb-block-e6f939b3.wp-block-uagb-image .wp-block-uagb-image__figure img{width: px;height: auto;}}\";s:2:\"js\";s:0:\"\";s:18:\"current_block_list\";a:13:{i:0;s:11:\"core\/search\";i:1;s:10:\"core\/group\";i:2;s:12:\"core\/heading\";i:3;s:17:\"core\/latest-posts\";i:4;s:20:\"core\/latest-comments\";i:5;s:13:\"core\/archives\";i:6;s:15:\"core\/categories\";i:7;s:14:\"core\/paragraph\";i:8;s:10:\"uagb\/image\";i:9;s:11:\"core\/spacer\";i:10;s:30:\"woocommerce\/product-categories\";i:11;s:10:\"core\/image\";i:12;s:14:\"core\/shortcode\";}s:8:\"uag_flag\";b:1;s:11:\"uag_version\";s:10:\"1777069736\";s:6:\"gfonts\";a:0:{}s:10:\"gfonts_url\";s:0:\"\";s:12:\"gfonts_files\";a:0:{}s:14:\"uag_faq_layout\";b:0;}"]},"uagb_featured_image_src":{"full":["https:\/\/www.ferberpainting.com\/wp-content\/uploads\/2025\/05\/Glue-and-Carpet-Remover-5L-.png",2560,2560,false],"thumbnail":["https:\/\/www.ferberpainting.com\/wp-content\/uploads\/2025\/05\/Glue-and-Carpet-Remover-5L--150x150.png",150,150,true],"medium":["https:\/\/www.ferberpainting.com\/wp-content\/uploads\/2025\/05\/Glue-and-Carpet-Remover-5L--300x300.png",300,300,true],"medium_large":["https:\/\/www.ferberpainting.com\/wp-content\/uploads\/2025\/05\/Glue-and-Carpet-Remover-5L--768x768.png",768,768,true],"large":["https:\/\/www.ferberpainting.com\/wp-content\/uploads\/2025\/05\/Glue-and-Carpet-Remover-5L--1024x1024.png",1024,1024,true],"1536x1536":["https:\/\/www.ferberpainting.com\/wp-content\/uploads\/2025\/05\/Glue-and-Carpet-Remover-5L--1536x1536.png",1536,1536,true],"2048x2048":["https:\/\/www.ferberpainting.com\/wp-content\/uploads\/2025\/05\/Glue-and-Carpet-Remover-5L--2048x2048.png",2048,2048,true],"trp-custom-language-flag":["https:\/\/www.ferberpainting.com\/wp-content\/uploads\/2025\/05\/Glue-and-Carpet-Remover-5L--12x12.png",12,12,true],"woocommerce_thumbnail":["https:\/\/www.ferberpainting.com\/wp-content\/uploads\/2025\/05\/Glue-and-Carpet-Remover-5L--300x300.png",300,300,true],"woocommerce_single":["https:\/\/www.ferberpainting.com\/wp-content\/uploads\/2025\/05\/Glue-and-Carpet-Remover-5L--600x600.png",600,600,true],"woocommerce_gallery_thumbnail":["https:\/\/www.ferberpainting.com\/wp-content\/uploads\/2025\/05\/Glue-and-Carpet-Remover-5L--100x100.png",100,100,true]},"uagb_author_info":{"display_name":"admin","author_link":"https:\/\/www.ferberpainting.com\/se\/author\/"},"uagb_comment_info":10,"uagb_excerpt":"Effective removal of glue residues.\u00a0The adhesive and carpet glue remover is specially designed to help you eliminate stubborn glue residues left behind after removing carpets, rugs, or other floor coverings. This powerful product quickly dissolves glue, making removal easier without damaging the underlying surfaces. Whether on concrete, tile, or wood, this remover restores your floors&hellip;","_links":{"self":[{"href":"https:\/\/www.ferberpainting.com\/se\/wp-json\/wp\/v2\/product\/23490","targetHints":{"allow":["GET"]}}],"collection":[{"href":"https:\/\/www.ferberpainting.com\/se\/wp-json\/wp\/v2\/product"}],"about":[{"href":"https:\/\/www.ferberpainting.com\/se\/wp-json\/wp\/v2\/types\/product"}],"replies":[{"embeddable":true,"href":"https:\/\/www.ferberpainting.com\/se\/wp-json\/wp\/v2\/comments?post=23490"}],"version-history":[{"count":4,"href":"https:\/\/www.ferberpainting.com\/se\/wp-json\/wp\/v2\/product\/23490\/revisions"}],"predecessor-version":[{"id":166176,"href":"https:\/\/www.ferberpainting.com\/se\/wp-json\/wp\/v2\/product\/23490\/revisions\/166176"}],"wp:featuredmedia":[{"embeddable":true,"href":"https:\/\/www.ferberpainting.com\/se\/wp-json\/wp\/v2\/media\/36302"}],"wp:attachment":[{"href":"https:\/\/www.ferberpainting.com\/se\/wp-json\/wp\/v2\/media?parent=23490"}],"wp:term":[{"taxonomy":"product_brand","embeddable":true,"href":"https:\/\/www.ferberpainting.com\/se\/wp-json\/wp\/v2\/product_brand?post=23490"},{"taxonomy":"product_cat","embeddable":true,"href":"https:\/\/www.ferberpainting.com\/se\/wp-json\/wp\/v2\/product_cat?post=23490"},{"taxonomy":"product_tag","embeddable":true,"href":"https:\/\/www.ferberpainting.com\/se\/wp-json\/wp\/v2\/product_tag?post=23490"}],"curies":[{"name":"wp","href":"https:\/\/api.w.org\/{rel}","templated":true}]}}