{"id":23481,"date":"2025-05-26T10:24:22","date_gmt":"2025-05-26T08:24:22","guid":{"rendered":"https:\/\/www.ferberpainting.com\/products\/geranium-fertilizer\/"},"modified":"2026-02-15T14:19:28","modified_gmt":"2026-02-15T13:19:28","slug":"geranium-fertilizer","status":"publish","type":"product","link":"https:\/\/www.ferberpainting.com\/se\/products\/geranium-fertilizer\/","title":{"rendered":"G\u00f6dselmedel f\u00f6r pelargon"},"content":{"rendered":"<p><img decoding=\"async\" style=\"margin-right: 12px;\" src=\"https:\/\/www.ferberpainting.com\/wp-content\/uploads\/2026\/02\/Check.svg\" alt=\"\" width=\"18\" height=\"15\" \/><strong>Ett g\u00f6dselmedel speciellt utformat f\u00f6r bl\u00e4ndande blomning och frodigt bladverk.<\/strong>\u00a0Pelargoner \u00e4r viktiga v\u00e4xter f\u00f6r att f\u00f6rsk\u00f6na tr\u00e4dg\u00e5rdar, balkonger och terrasser med sina f\u00e4rgglada blommor och t\u00e4ta bladverk. Detta NPK 15-15-15-g\u00f6dselmedel har formulerats f\u00f6r att tillgodose pelargonernas specifika behov genom att ge dem ett perfekt balanserat f\u00f6rh\u00e5llande mellan kv\u00e4ve (N) f\u00f6r att stimulera t\u00e4ta och livfulla bladverk, fosfor (P) f\u00f6r att fr\u00e4mja stark rotutveckling och riklig blomning och kalium (K) f\u00f6r att st\u00e4rka sjukdomsresistens och klimatstresstolerans. Genom att effektivt ge n\u00e4ring \u00e5t pelargoner s\u00e4kerst\u00e4ller detta g\u00f6dselmedel kraftig tillv\u00e4xt och l\u00e5ngvarig blomning.<\/p>\n<p><img decoding=\"async\" style=\"margin-right: 12px;\" src=\"https:\/\/www.ferberpainting.com\/wp-content\/uploads\/2026\/02\/Check.svg\" alt=\"\" width=\"18\" height=\"15\" \/><strong>Pengar-tillbaka-garanti.<\/strong>\u00a0Vi har fullt f\u00f6rtroende f\u00f6r effektiviteten hos v\u00e5rt g\u00f6dselmedel f\u00f6r pelargoner, varf\u00f6r vi erbjuder en pengarna-tillbaka-garanti. Om dina pelargoner, efter anv\u00e4ndning enligt rekommendationerna, inte visar n\u00e5gon m\u00e4rkbar f\u00f6rb\u00e4ttring av tillv\u00e4xt, blomning eller motst\u00e5ndskraft, \u00e5tar vi oss att \u00e5terbetala dig helt. Du kan allts\u00e5 k\u00f6pa med fullst\u00e4ndig sinnesfrid och fullt f\u00f6rtroende.<\/p>\n<p><img decoding=\"async\" style=\"margin-right: 12px;\" src=\"https:\/\/www.ferberpainting.com\/wp-content\/uploads\/2026\/02\/Check.svg\" alt=\"\" width=\"18\" height=\"15\" \/><strong>L\u00e4mplig f\u00f6r alla sorter och alla odlingsf\u00f6rh\u00e5llanden.<\/strong>\u00a0Detta g\u00f6dselmedel \u00e4r perfekt f\u00f6r alla sorter av pelargoner, vare sig zonal, murgr\u00f6na, doftande pelargoner. Det \u00e4r ocks\u00e5 l\u00e4mpligt f\u00f6r krukv\u00e4xter, tr\u00e4dg\u00e5rdsb\u00e4ddar, \u00f6ppen mark, balkonger eller v\u00e4xthus. Det fungerar perfekt p\u00e5 alla typer av substrat, inklusive l\u00e4tta, sandiga, humusrika eller kompostberikade jordar, vilket s\u00e4kerst\u00e4ller optimal befruktning oavsett odlingsmetod.<\/p>\n<p><img decoding=\"async\" style=\"margin-right: 12px;\" src=\"https:\/\/www.ferberpainting.com\/wp-content\/uploads\/2026\/02\/Check.svg\" alt=\"\" width=\"18\" height=\"15\" \/><strong>Kostnadseffektiv och l\u00e5ngvarig g\u00f6dsling.<\/strong>\u00a0Tack vare den koncentrerade flytande formeln kan en 5-litersdunk bereda upp till 1000 liter g\u00f6dsell\u00f6sning, vilket s\u00e4kerst\u00e4ller l\u00e5ngvarig och ekonomisk anv\u00e4ndning. Med en dosering p\u00e5 5 ml per liter vatten m\u00f6jligg\u00f6rs optimerad g\u00f6dsling utan avfall eller \u00f6verskott av n\u00e4rings\u00e4mnen. Dess f\u00f6rm\u00e5ga att ge n\u00e4ring \u00e5t pelargoner under en l\u00e5ng period minskar frekvensen av applikationer samtidigt som den s\u00e4kerst\u00e4ller regelbunden tillv\u00e4xt och bl\u00e4ndande blomning.<\/p>\n<p><img decoding=\"async\" style=\"margin-right: 12px;\" src=\"https:\/\/www.ferberpainting.com\/wp-content\/uploads\/2026\/02\/Check.svg\" alt=\"\" width=\"18\" height=\"15\" \/><strong>Ett s\u00e4kert och milj\u00f6v\u00e4nligt g\u00f6dselmedel.<\/strong>\u00a0Detta g\u00f6dselmedel \u00e4r tillverkat utan aggressiva kemiska produkter och respekterar den naturliga balansen i jorden och den biologiska m\u00e5ngfalden i tr\u00e4dg\u00e5rden. Det inneh\u00e5ller inga skadliga \u00e4mnen som kan f\u00f6r\u00e4ndra markkvaliteten eller p\u00e5verka den omgivande faunan och floran. Det \u00e4r s\u00e4kert f\u00f6r husdjur och barn, vilket garanterar s\u00e4ker g\u00f6dsling av din tr\u00e4dg\u00e5rd och balkong.<\/p>\n<p><img decoding=\"async\" style=\"margin-right: 12px;\" src=\"https:\/\/www.ferberpainting.com\/wp-content\/uploads\/2026\/02\/Check.svg\" alt=\"\" width=\"18\" height=\"15\" \/><strong>L\u00e4tt att applicera f\u00f6r enkel g\u00f6dsling.<\/strong>\u00a0Till skillnad fr\u00e5n fasta g\u00f6dningsmedel som kr\u00e4ver noggrann spridning sp\u00e4ds detta g\u00f6dningsmedel helt enkelt ut i vatten och appliceras med vattning eller bladsprutning, vilket s\u00e4kerst\u00e4ller snabb och j\u00e4mn absorption av r\u00f6tter och l\u00f6v. Dess anv\u00e4ndarv\u00e4nlighet g\u00f6r att \u00e4ven nyb\u00f6rjare i tr\u00e4dg\u00e5rden utan problem kan f\u00e5 friska pelargoner.<\/p>\n<p><img decoding=\"async\" style=\"margin-right: 12px;\" src=\"https:\/\/www.ferberpainting.com\/wp-content\/uploads\/2026\/02\/Check.svg\" alt=\"\" width=\"18\" height=\"15\" \/><strong>Ut\u00f6kad verkan f\u00f6r kontinuerlig blomning och b\u00e4ttre sjukdomsresistens.<\/strong>\u00a0Tack vare sin progressiva n\u00e4ringsutsl\u00e4pp matar detta g\u00f6dselmedel pelargoner i flera veckor, vilket garanterar l\u00e5ngvarig blomning med intensivt f\u00e4rgade blommor. Det st\u00e4rker ocks\u00e5 motst\u00e5ndskraften mot sjukdomar som rost eller pulveriserad m\u00f6gel och skyddar mot klimatf\u00f6rh\u00e5llanden som v\u00e4rme eller vind.<\/p>\n<p><img decoding=\"async\" style=\"margin-right: 12px;\" src=\"https:\/\/www.ferberpainting.com\/wp-content\/uploads\/2026\/02\/Check.svg\" alt=\"\" width=\"18\" height=\"15\" \/><strong>Synliga resultat redan fr\u00e5n de f\u00f6rsta veckorna.<\/strong>\u00a0Fr\u00e5n de f\u00f6rsta applikationerna stimulerar detta g\u00f6dningsmedel uppkomsten av nya skott, intensifierar blomf\u00e4rgen och f\u00f6rb\u00e4ttrar bladt\u00e4theten. Dina pelargoner visar snabbt tecken p\u00e5 \u00e5terupplivning med \u00f6kad kraft, riklig blomning och ett mer prydligt utseende.<\/p>\n<h2><strong>Anv\u00e4ndning Protokoll<\/strong><\/h2>\n<ul>\n<li><strong>Utsp\u00e4dning av g\u00f6dselmedel <\/strong>: Blanda 5 ml g\u00f6dselmedel per 1 liter vatten. Skaka l\u00f6sningen f\u00f6re varje applicering f\u00f6r att s\u00e4kerst\u00e4lla en j\u00e4mn f\u00f6rdelning av n\u00e4rings\u00e4mnena.<\/li>\n<li><strong>Till\u00e4mpningsmetod<\/strong> :\n<ul>\n<li><strong>Genom att vattna <\/strong>: H\u00e4ll den utsp\u00e4dda l\u00f6sningen direkt vid pelargonernas bas och se till att fukta jorden utan \u00f6verskott f\u00f6r att undvika n\u00e4ringsl\u00e4ckage.<\/li>\n<li><strong>Genom besprutning av blad<\/strong> : Spraya l\u00f6sningen l\u00e4tt p\u00e5 bladen och stj\u00e4lkarna, tidigt p\u00e5 morgonen eller sent p\u00e5 dagen, f\u00f6r att undvika snabb avdunstning och s\u00e4kerst\u00e4lla optimal absorption.<\/li>\n<\/ul>\n<\/li>\n<li><strong>Ans\u00f6kningsfrekvens<\/strong> :\n<ul>\n<li><strong>Under tillv\u00e4xt- och blomningsperioden (v\u00e5r-sommar) <\/strong>: Applicera g\u00f6dselmedlet varannan vecka f\u00f6r att s\u00e4kerst\u00e4lla kontinuerlig blomning och v\u00e4lutvecklade bladverk.<\/li>\n<li><strong>Under viloperioden (h\u00f6st-vinter) <\/strong>: Minska frekvensen till en g\u00e5ng i m\u00e5naden f\u00f6r att bibeh\u00e5lla v\u00e4xtens vig\u00f6r utan att \u00f6verstimulera tillv\u00e4xten.<\/li>\n<\/ul>\n<\/li>\n<li><strong>Kompletterande vattning <\/strong>: Efter applicering av g\u00f6dselmedlet, v\u00e4nta 48 timmar innan du vattnar igen f\u00f6r att optimera n\u00e4ringsupptaget av r\u00f6tterna.<\/li>\n<li><strong>F\u00f6rsiktighets\u00e5tg\u00e4rder vid anv\u00e4ndning <\/strong>: \u00d6verdosera inte g\u00f6dselmedlet f\u00f6r att undvika \u00f6verdriven ansamling av mineralsalter i substratet, vilket kan bromsa pelargontillv\u00e4xten. Applicera endast p\u00e5 l\u00e4tt fuktig jord f\u00f6r att s\u00e4kerst\u00e4lla optimal absorption av n\u00e4rings\u00e4mnen.<\/li>\n<li><strong>F\u00f6rvaring och konservering <\/strong>: F\u00f6rvara g\u00f6dselmedlet p\u00e5 en torr, tempererad plats, borta fr\u00e5n ljus och fukt. St\u00e4ng alltid beh\u00e5llaren t\u00e4tt efter varje anv\u00e4ndning f\u00f6r att bevara produktens effektivitet och f\u00f6rhindra avdunstning.<\/li>\n<\/ul>\n<p>Med detta g\u00f6dningsmedel f\u00f6r pelargoner kan du erbjuda dina v\u00e4xter komplett n\u00e4ring perfekt anpassad till deras specifika behov, vilket s\u00e4kerst\u00e4ller kraftig tillv\u00e4xt, kontinuerlig blomning och b\u00e4ttre motst\u00e5ndskraft mot utomhusf\u00f6rh\u00e5llanden. Det \u00e4r den perfekta l\u00f6sningen f\u00f6r att f\u00f6rsk\u00f6na dina blomsterrabatter, planteringar och balkonger med str\u00e5lande och friska pelargoner hela s\u00e4songen.<\/p>","protected":false},"excerpt":{"rendered":"<p>A fertilizer specially designed for dazzling blooming and lush foliage.\u00a0Geraniums are essential plants for beautifying gardens, balconies, and terraces with their colorful flowers and dense foliage. This NPK 15-15-15 fertilizer has been formulated to meet the specific needs of geraniums by providing them with a perfectly balanced ratio of nitrogen (N) to stimulate dense and [&hellip;]<\/p>\n","protected":false},"featured_media":26006,"comment_status":"open","ping_status":"closed","template":"","meta":{"_uag_custom_page_level_css":"","site-sidebar-layout":"default","site-content-layout":"","ast-site-content-layout":"default","site-content-style":"default","site-sidebar-style":"default","ast-global-header-display":"","ast-banner-title-visibility":"","ast-main-header-display":"","ast-hfb-above-header-display":"","ast-hfb-below-header-display":"","ast-hfb-mobile-header-display":"","site-post-title":"","ast-breadcrumbs-content":"","ast-featured-img":"","footer-sml-layout":"","ast-disable-related-posts":"","theme-transparent-header-meta":"default","adv-header-id-meta":"","stick-header-meta":"","header-above-stick-meta":"","header-main-stick-meta":"","header-below-stick-meta":"","astra-migrate-meta-layouts":"set","ast-page-background-enabled":"default","ast-page-background-meta":{"desktop":{"background-color":"var(--ast-global-color-4)","background-image":"","background-repeat":"repeat","background-position":"center center","background-size":"auto","background-attachment":"scroll","background-type":"","background-media":"","overlay-type":"","overlay-color":"","overlay-opacity":"","overlay-gradient":""},"tablet":{"background-color":"","background-image":"","background-repeat":"repeat","background-position":"center center","background-size":"auto","background-attachment":"scroll","background-type":"","background-media":"","overlay-type":"","overlay-color":"","overlay-opacity":"","overlay-gradient":""},"mobile":{"background-color":"","background-image":"","background-repeat":"repeat","background-position":"center center","background-size":"auto","background-attachment":"scroll","background-type":"","background-media":"","overlay-type":"","overlay-color":"","overlay-opacity":"","overlay-gradient":""}},"ast-content-background-meta":{"desktop":{"background-color":"var(--ast-global-color-5)","background-image":"","background-repeat":"repeat","background-position":"center center","background-size":"auto","background-attachment":"scroll","background-type":"","background-media":"","overlay-type":"","overlay-color":"","overlay-opacity":"","overlay-gradient":""},"tablet":{"background-color":"var(--ast-global-color-5)","background-image":"","background-repeat":"repeat","background-position":"center center","background-size":"auto","background-attachment":"scroll","background-type":"","background-media":"","overlay-type":"","overlay-color":"","overlay-opacity":"","overlay-gradient":""},"mobile":{"background-color":"var(--ast-global-color-5)","background-image":"","background-repeat":"repeat","background-position":"center center","background-size":"auto","background-attachment":"scroll","background-type":"","background-media":"","overlay-type":"","overlay-color":"","overlay-opacity":"","overlay-gradient":""}}},"product_brand":[],"product_cat":[178],"product_tag":[],"class_list":{"0":"post-23481","1":"product","2":"type-product","3":"status-publish","4":"has-post-thumbnail","6":"product_cat-fertilizers","7":"desktop-align-left","8":"tablet-align-left","9":"mobile-align-left","11":"first","12":"instock","13":"sale","14":"taxable","15":"shipping-taxable","16":"purchasable","17":"product-type-variable","18":"has-default-attributes"},"spectra_custom_meta":{"_visibility":["visible"],"_shopify_product_id":["9066898522357"],"_s2w_shopify_domain":["ferberpainting.myshopify.com"],"_shopify_variant_id":["46505231548661"],"_sku":[""],"_manage_stock":["no"],"total_sales":["9"],"_tax_status":["taxable"],"_tax_class":[""],"_backorders":["no"],"_sold_individually":["no"],"_virtual":["no"],"_downloadable":["no"],"_download_limit":["-1"],"_download_expiry":["-1"],"_stock":[null],"_stock_status":["instock"],"_wc_average_rating":["4.77"],"_wc_review_count":["13"],"_product_attributes":["a:1:{s:6:\"volume\";a:6:{s:4:\"name\";s:6:\"Volume\";s:5:\"value\";s:20:\"5 liters | 25 liters\";s:8:\"position\";i:1;s:10:\"is_visible\";i:0;s:12:\"is_variation\";i:1;s:11:\"is_taxonomy\";i:0;}}"],"_product_version":["10.5.1"],"_thumbnail_id":["26006"],"_product_image_gallery":["26007"],"wpse_downloadable_file_names":[""],"wpse_downloadable_file_urls":[""],"_edit_last":["1"],"_default_attributes":["a:1:{s:6:\"volume\";s:8:\"5 liters\";}"],"_wc_rating_count":["a:2:{i:4;i:3;i:5;i:10;}"],"_edit_lock":["1771161428:1"],"_price":["29.90","129.90"],"merchant-center-availability":["yes"],"merchant-center-category":["113"],"_wp_page_template":["default"],"site-sidebar-layout":["default"],"ast-site-content-layout":["default"],"site-content-style":["default"],"site-sidebar-style":["default"],"theme-transparent-header-meta":["default"],"astra-migrate-meta-layouts":["set"],"_uag_css_file_name":["uag-css-23481.css"],"_elementor_page_assets":["a:0:{}"],"_uag_page_assets":["a:9:{s:3:\"css\";s:7133:\".uag-blocks-common-selector{z-index:var(--z-index-desktop) !important}@media(max-width: 976px){.uag-blocks-common-selector{z-index:var(--z-index-tablet) !important}}@media(max-width: 767px){.uag-blocks-common-selector{z-index:var(--z-index-mobile) !important}}.wp-block-uagb-image{display:flex}.wp-block-uagb-image__figure{position:relative;display:flex;flex-direction:column;max-width:100%;height:auto;margin:0}.wp-block-uagb-image__figure img{height:auto;display:flex;max-width:100%;transition:box-shadow .2s ease}.wp-block-uagb-image__figure>a{display:inline-block}.wp-block-uagb-image__figure figcaption{text-align:center;margin-top:.5em;margin-bottom:1em}.wp-block-uagb-image .components-placeholder.block-editor-media-placeholder .components-placeholder__instructions{align-self:center}.wp-block-uagb-image--align-left{text-align:left}.wp-block-uagb-image--align-right{text-align:right}.wp-block-uagb-image--align-center{text-align:center}.wp-block-uagb-image--align-full .wp-block-uagb-image__figure{margin-left:calc(50% - 50vw);margin-right:calc(50% - 50vw);max-width:100vw;width:100vw;height:auto}.wp-block-uagb-image--align-full .wp-block-uagb-image__figure img{height:auto;width:100% !important}.wp-block-uagb-image--align-wide .wp-block-uagb-image__figure img{height:auto;width:100%}.wp-block-uagb-image--layout-overlay__color-wrapper{position:absolute;left:0;top:0;right:0;bottom:0;opacity:.2;background:rgba(0,0,0,.5);transition:opacity .35s ease-in-out}.wp-block-uagb-image--layout-overlay-link{position:absolute;left:0;right:0;bottom:0;top:0}.wp-block-uagb-image--layout-overlay .wp-block-uagb-image__figure:hover .wp-block-uagb-image--layout-overlay__color-wrapper{opacity:1}.wp-block-uagb-image--layout-overlay__inner{position:absolute;left:15px;right:15px;bottom:15px;top:15px;display:flex;align-items:center;justify-content:center;flex-direction:column;border-color:#fff;transition:.35s ease-in-out}.wp-block-uagb-image--layout-overlay__inner.top-left,.wp-block-uagb-image--layout-overlay__inner.top-center,.wp-block-uagb-image--layout-overlay__inner.top-right{justify-content:flex-start}.wp-block-uagb-image--layout-overlay__inner.bottom-left,.wp-block-uagb-image--layout-overlay__inner.bottom-center,.wp-block-uagb-image--layout-overlay__inner.bottom-right{justify-content:flex-end}.wp-block-uagb-image--layout-overlay__inner.top-left,.wp-block-uagb-image--layout-overlay__inner.center-left,.wp-block-uagb-image--layout-overlay__inner.bottom-left{align-items:flex-start}.wp-block-uagb-image--layout-overlay__inner.top-right,.wp-block-uagb-image--layout-overlay__inner.center-right,.wp-block-uagb-image--layout-overlay__inner.bottom-right{align-items:flex-end}.wp-block-uagb-image--layout-overlay__inner .uagb-image-heading{color:#fff;transition:transform .35s,opacity .35s ease-in-out;transform:translate3d(0, 24px, 0);margin:0;line-height:1em}.wp-block-uagb-image--layout-overlay__inner .uagb-image-separator{width:30%;border-top-width:2px;border-top-color:#fff;border-top-style:solid;margin-bottom:10px;opacity:0;transition:transform .4s,opacity .4s ease-in-out;transform:translate3d(0, 30px, 0)}.wp-block-uagb-image--layout-overlay__inner .uagb-image-caption{opacity:0;overflow:visible;color:#fff;transition:transform .45s,opacity .45s ease-in-out;transform:translate3d(0, 35px, 0)}.wp-block-uagb-image--layout-overlay__inner:hover .uagb-image-heading,.wp-block-uagb-image--layout-overlay__inner:hover .uagb-image-separator,.wp-block-uagb-image--layout-overlay__inner:hover .uagb-image-caption{opacity:1;transform:translate3d(0, 0, 0)}.wp-block-uagb-image--effect-zoomin .wp-block-uagb-image__figure img,.wp-block-uagb-image--effect-zoomin .wp-block-uagb-image__figure .wp-block-uagb-image--layout-overlay__color-wrapper{transform:scale(1);transition:transform .35s ease-in-out}.wp-block-uagb-image--effect-zoomin .wp-block-uagb-image__figure:hover img,.wp-block-uagb-image--effect-zoomin .wp-block-uagb-image__figure:hover .wp-block-uagb-image--layout-overlay__color-wrapper{transform:scale(1.05)}.wp-block-uagb-image--effect-slide .wp-block-uagb-image__figure img,.wp-block-uagb-image--effect-slide .wp-block-uagb-image__figure .wp-block-uagb-image--layout-overlay__color-wrapper{width:calc(100% + 40px) !important;max-width:none !important;transform:translate3d(-40px, 0, 0);transition:transform .35s ease-in-out}.wp-block-uagb-image--effect-slide .wp-block-uagb-image__figure:hover img,.wp-block-uagb-image--effect-slide .wp-block-uagb-image__figure:hover .wp-block-uagb-image--layout-overlay__color-wrapper{transform:translate3d(0, 0, 0)}.wp-block-uagb-image--effect-grayscale img{filter:grayscale(0%);transition:.35s ease-in-out}.wp-block-uagb-image--effect-grayscale:hover img{filter:grayscale(100%)}.wp-block-uagb-image--effect-blur img{filter:blur(0);transition:.35s ease-in-out}.wp-block-uagb-image--effect-blur:hover img{filter:blur(3px)}.uagb-block-e6f939b3.wp-block-uagb-image--layout-default figure img{box-shadow: 0px 0px 0 #00000070;}.uagb-block-e6f939b3.wp-block-uagb-image .wp-block-uagb-image__figure figcaption{font-style: normal;align-self: center;}.uagb-block-e6f939b3.wp-block-uagb-image--layout-overlay figure img{box-shadow: 0px 0px 0 #00000070;}.uagb-block-e6f939b3.wp-block-uagb-image--layout-overlay .wp-block-uagb-image--layout-overlay__color-wrapper{opacity: 0.2;}.uagb-block-e6f939b3.wp-block-uagb-image--layout-overlay .wp-block-uagb-image--layout-overlay__inner{left: 15px;right: 15px;top: 15px;bottom: 15px;}.uagb-block-e6f939b3.wp-block-uagb-image--layout-overlay .wp-block-uagb-image--layout-overlay__inner .uagb-image-heading{font-style: normal;color: #fff;opacity: 1;}.uagb-block-e6f939b3.wp-block-uagb-image--layout-overlay .wp-block-uagb-image--layout-overlay__inner .uagb-image-heading a{color: #fff;}.uagb-block-e6f939b3.wp-block-uagb-image--layout-overlay .wp-block-uagb-image--layout-overlay__inner .uagb-image-caption{opacity: 0;}.uagb-block-e6f939b3.wp-block-uagb-image--layout-overlay .wp-block-uagb-image__figure:hover .wp-block-uagb-image--layout-overlay__color-wrapper{opacity: 1;}.uagb-block-e6f939b3.wp-block-uagb-image .wp-block-uagb-image--layout-overlay__inner .uagb-image-separator{width: 30%;border-top-width: 2px;border-top-color: #fff;opacity: 0;}.uagb-block-e6f939b3.wp-block-uagb-image .wp-block-uagb-image__figure img{width: px;height: auto;}.uagb-block-e6f939b3.wp-block-uagb-image .wp-block-uagb-image__figure:hover .wp-block-uagb-image--layout-overlay__inner .uagb-image-caption{opacity: 1;}.uagb-block-e6f939b3.wp-block-uagb-image .wp-block-uagb-image__figure:hover .wp-block-uagb-image--layout-overlay__inner .uagb-image-separator{opacity: 1;}.uagb-block-e6f939b3.wp-block-uagb-image--layout-default figure:hover img{box-shadow: 0px 0px 0 #00000070;}.uagb-block-e6f939b3.wp-block-uagb-image--layout-overlay figure:hover img{box-shadow: 0px 0px 0 #00000070;}@media only screen and (max-width: 976px) {.uagb-block-e6f939b3.wp-block-uagb-image .wp-block-uagb-image__figure img{width: px;height: auto;}}@media only screen and (max-width: 767px) {.uagb-block-e6f939b3.wp-block-uagb-image .wp-block-uagb-image__figure img{width: px;height: auto;}}\";s:2:\"js\";s:0:\"\";s:18:\"current_block_list\";a:13:{i:0;s:11:\"core\/search\";i:1;s:10:\"core\/group\";i:2;s:12:\"core\/heading\";i:3;s:17:\"core\/latest-posts\";i:4;s:20:\"core\/latest-comments\";i:5;s:13:\"core\/archives\";i:6;s:15:\"core\/categories\";i:7;s:14:\"core\/paragraph\";i:8;s:10:\"uagb\/image\";i:9;s:11:\"core\/spacer\";i:10;s:30:\"woocommerce\/product-categories\";i:11;s:10:\"core\/image\";i:12;s:14:\"core\/shortcode\";}s:8:\"uag_flag\";b:1;s:11:\"uag_version\";s:10:\"1777362966\";s:6:\"gfonts\";a:0:{}s:10:\"gfonts_url\";s:0:\"\";s:12:\"gfonts_files\";a:0:{}s:14:\"uag_faq_layout\";b:0;}"]},"uagb_featured_image_src":{"full":["https:\/\/www.ferberpainting.com\/wp-content\/uploads\/2025\/05\/GeraniumFertilizer5L.png",2560,2560,false],"thumbnail":["https:\/\/www.ferberpainting.com\/wp-content\/uploads\/2025\/05\/GeraniumFertilizer5L-150x150.png",150,150,true],"medium":["https:\/\/www.ferberpainting.com\/wp-content\/uploads\/2025\/05\/GeraniumFertilizer5L-300x300.png",300,300,true],"medium_large":["https:\/\/www.ferberpainting.com\/wp-content\/uploads\/2025\/05\/GeraniumFertilizer5L-768x768.png",768,768,true],"large":["https:\/\/www.ferberpainting.com\/wp-content\/uploads\/2025\/05\/GeraniumFertilizer5L-1024x1024.png",1024,1024,true],"1536x1536":["https:\/\/www.ferberpainting.com\/wp-content\/uploads\/2025\/05\/GeraniumFertilizer5L-1536x1536.png",1536,1536,true],"2048x2048":["https:\/\/www.ferberpainting.com\/wp-content\/uploads\/2025\/05\/GeraniumFertilizer5L-2048x2048.png",2048,2048,true],"trp-custom-language-flag":["https:\/\/www.ferberpainting.com\/wp-content\/uploads\/2025\/05\/GeraniumFertilizer5L-12x12.png",12,12,true],"woocommerce_thumbnail":["https:\/\/www.ferberpainting.com\/wp-content\/uploads\/2025\/05\/GeraniumFertilizer5L-300x300.png",300,300,true],"woocommerce_single":["https:\/\/www.ferberpainting.com\/wp-content\/uploads\/2025\/05\/GeraniumFertilizer5L-600x600.png",600,600,true],"woocommerce_gallery_thumbnail":["https:\/\/www.ferberpainting.com\/wp-content\/uploads\/2025\/05\/GeraniumFertilizer5L-100x100.png",100,100,true]},"uagb_author_info":{"display_name":"admin","author_link":"https:\/\/www.ferberpainting.com\/se\/author\/"},"uagb_comment_info":13,"uagb_excerpt":"A fertilizer specially designed for dazzling blooming and lush foliage.\u00a0Geraniums are essential plants for beautifying gardens, balconies, and terraces with their colorful flowers and dense foliage. This NPK 15-15-15 fertilizer has been formulated to meet the specific needs of geraniums by providing them with a perfectly balanced ratio of nitrogen (N) to stimulate dense and&hellip;","_links":{"self":[{"href":"https:\/\/www.ferberpainting.com\/se\/wp-json\/wp\/v2\/product\/23481","targetHints":{"allow":["GET"]}}],"collection":[{"href":"https:\/\/www.ferberpainting.com\/se\/wp-json\/wp\/v2\/product"}],"about":[{"href":"https:\/\/www.ferberpainting.com\/se\/wp-json\/wp\/v2\/types\/product"}],"replies":[{"embeddable":true,"href":"https:\/\/www.ferberpainting.com\/se\/wp-json\/wp\/v2\/comments?post=23481"}],"version-history":[{"count":5,"href":"https:\/\/www.ferberpainting.com\/se\/wp-json\/wp\/v2\/product\/23481\/revisions"}],"predecessor-version":[{"id":166173,"href":"https:\/\/www.ferberpainting.com\/se\/wp-json\/wp\/v2\/product\/23481\/revisions\/166173"}],"wp:featuredmedia":[{"embeddable":true,"href":"https:\/\/www.ferberpainting.com\/se\/wp-json\/wp\/v2\/media\/26006"}],"wp:attachment":[{"href":"https:\/\/www.ferberpainting.com\/se\/wp-json\/wp\/v2\/media?parent=23481"}],"wp:term":[{"taxonomy":"product_brand","embeddable":true,"href":"https:\/\/www.ferberpainting.com\/se\/wp-json\/wp\/v2\/product_brand?post=23481"},{"taxonomy":"product_cat","embeddable":true,"href":"https:\/\/www.ferberpainting.com\/se\/wp-json\/wp\/v2\/product_cat?post=23481"},{"taxonomy":"product_tag","embeddable":true,"href":"https:\/\/www.ferberpainting.com\/se\/wp-json\/wp\/v2\/product_tag?post=23481"}],"curies":[{"name":"wp","href":"https:\/\/api.w.org\/{rel}","templated":true}]}}