{"id":23480,"date":"2025-05-26T10:24:21","date_gmt":"2025-05-26T08:24:21","guid":{"rendered":"https:\/\/www.ferberpainting.com\/products\/garden-and-vegetable-fertilizer\/"},"modified":"2026-02-15T14:18:46","modified_gmt":"2026-02-15T13:18:46","slug":"garden-and-vegetable-fertilizer","status":"publish","type":"product","link":"https:\/\/www.ferberpainting.com\/se\/products\/garden-and-vegetable-fertilizer\/","title":{"rendered":"G\u00f6dselmedel f\u00f6r tr\u00e4dg\u00e5rd och gr\u00f6nsaker 25 kg"},"content":{"rendered":"<p><img decoding=\"async\" style=\"margin-right: 12px;\" src=\"https:\/\/www.ferberpainting.com\/wp-content\/uploads\/2026\/02\/Check.svg\" alt=\"\" width=\"18\" height=\"15\" \/><strong>Ett komplett g\u00f6dselmedel f\u00f6r en produktiv gr\u00f6nsaksodling och en blomstrande tr\u00e4dg\u00e5rd.<\/strong>\u00a0Detta g\u00f6dselmedel speciellt utformat f\u00f6r gr\u00f6nsaker, frukt och tr\u00e4dg\u00e5rdsv\u00e4xter ger en balanserad tillf\u00f6rsel av kv\u00e4ve (N), fosfor (P) och kalium (K) med en NPK 10-10-10-formel. Det fr\u00e4mjar kraftig tillv\u00e4xt, rikliga sk\u00f6rdar och b\u00e4ttre motst\u00e5ndskraft mot sjukdomar och klimatrisker.<\/p>\n<p><img decoding=\"async\" style=\"margin-right: 12px;\" src=\"https:\/\/www.ferberpainting.com\/wp-content\/uploads\/2026\/02\/Check.svg\" alt=\"\" width=\"18\" height=\"15\" \/><strong>Pengar-tillbaka-garanti.<\/strong>\u00a0Vi \u00e4r \u00f6vertygade om att v\u00e5rt g\u00f6dselmedel \u00e4r effektivt och garanterar full \u00e5terbetalning om du inte \u00e4r n\u00f6jd med resultatet efter korrekt anv\u00e4ndning enligt rekommendationerna. Din tillfredsst\u00e4llelse och framg\u00e5ngen f\u00f6r din gr\u00f6nsaksodling \u00e4r v\u00e5r h\u00f6gsta prioritet.<\/p>\n<p><img decoding=\"async\" style=\"margin-right: 12px;\" src=\"https:\/\/www.ferberpainting.com\/wp-content\/uploads\/2026\/02\/Check.svg\" alt=\"\" width=\"18\" height=\"15\" \/><strong>L\u00e4mplig f\u00f6r alla typer av gr\u00f6dor.<\/strong>\u00a0Detta g\u00f6dselmedel \u00e4r anpassat till alla gr\u00f6nsaksodlingar i tr\u00e4dg\u00e5rden, inklusive tomater, zucchinis, sallat, mor\u00f6tter, k\u00e5l, potatis, b\u00f6nor, r\u00e4disor och aromatiska \u00f6rter som basilika och persilja. Det \u00e4r ocks\u00e5 perfekt f\u00f6r prydnadsv\u00e4xter, buskar och tr\u00e4dg\u00e5rdsblommor och ger de viktigaste n\u00e4rings\u00e4mnena f\u00f6r optimal utveckling.<\/p>\n<p><img decoding=\"async\" style=\"margin-right: 12px;\" src=\"https:\/\/www.ferberpainting.com\/wp-content\/uploads\/2026\/02\/Check.svg\" alt=\"\" width=\"18\" height=\"15\" \/><strong>Utm\u00e4rkt ekonomisk avkastning.<\/strong>\u00a0En 25 kg p\u00e5se med g\u00f6dselmedel kan t\u00e4cka en betydande del av din tr\u00e4dg\u00e5rd. Tack vare sin optimala dosering hj\u00e4lper den till att uppn\u00e5 gener\u00f6sa sk\u00f6rdar samtidigt som den begr\u00e4nsar insatserna. Det anv\u00e4nds utan utsp\u00e4dning, vilket s\u00e4kerst\u00e4ller snabb och enkel applicering samtidigt som det garanterar h\u00e5llbar och effektiv befruktning.<\/p>\n<p><img decoding=\"async\" style=\"margin-right: 12px;\" src=\"https:\/\/www.ferberpainting.com\/wp-content\/uploads\/2026\/02\/Check.svg\" alt=\"\" width=\"18\" height=\"15\" \/><strong>En s\u00e4ker produkt f\u00f6r jordar och v\u00e4xter.<\/strong>\u00a0Detta g\u00f6dselmedel \u00e4r utformat f\u00f6r att respektera milj\u00f6n och inneh\u00e5ller inga skadliga kemiska produkter. Det fr\u00e4mjar jordens mikrobiella liv och f\u00f6rb\u00e4ttrar d\u00e4rmed dess struktur och fertilitet p\u00e5 l\u00e5ng sikt. Det \u00e4r s\u00e4kert f\u00f6r \u00e4tbara gr\u00f6dor, vilket garanterar friska och v\u00e4lsmakande frukter och gr\u00f6nsaker.<\/p>\n<p><img decoding=\"async\" style=\"margin-right: 12px;\" src=\"https:\/\/www.ferberpainting.com\/wp-content\/uploads\/2026\/02\/Check.svg\" alt=\"\" width=\"18\" height=\"15\" \/><strong>En enkel och snabb ans\u00f6kan.<\/strong>\u00a0Till skillnad fr\u00e5n flytande g\u00f6dselmedel som kr\u00e4ver exakt dosering och utsp\u00e4dning sprids detta g\u00f6dselmedel direkt p\u00e5 jorden, vilket minskar f\u00f6rberedelsetiden och f\u00f6renklar anv\u00e4ndningen. Det kan appliceras manuellt eller med en spridare, beroende p\u00e5 storleken p\u00e5 din tr\u00e4dg\u00e5rd eller gr\u00f6nsaksland.<\/p>\n<p><img decoding=\"async\" style=\"margin-right: 12px;\" src=\"https:\/\/www.ferberpainting.com\/wp-content\/uploads\/2026\/02\/Check.svg\" alt=\"\" width=\"18\" height=\"15\" \/><strong>En h\u00e5llbar \u00e5tg\u00e4rd f\u00f6r rikliga sk\u00f6rdar.<\/strong>\u00a0Tack vare sin l\u00e5ngsamma fris\u00e4ttning s\u00e4kerst\u00e4ller detta g\u00f6dselmedel kontinuerlig v\u00e4xtn\u00e4ring, vilket minskar risken f\u00f6r n\u00e4ringsbrist. Det stimulerar rottillv\u00e4xten, \u00f6kar motst\u00e5ndskraften mot sjukdomar och f\u00f6rb\u00e4ttrar sk\u00f6rdens kvalitet och smak.<\/p>\n<p><img decoding=\"async\" style=\"margin-right: 12px;\" src=\"https:\/\/www.ferberpainting.com\/wp-content\/uploads\/2026\/02\/Check.svg\" alt=\"\" width=\"18\" height=\"15\" \/><strong>Synliga resultat inom de f\u00f6rsta veckorna.<\/strong>\u00a0Efter n\u00e5gra veckors anv\u00e4ndning kommer du att m\u00e4rka snabbare tillv\u00e4xt, t\u00e4tare bladverk och godare, mer f\u00e4rgstarka frukter och gr\u00f6nsaker. Den balanserade n\u00e4ringstillf\u00f6rseln fr\u00e4mjar gener\u00f6sa och h\u00f6gkvalitativa sk\u00f6rdar.<\/p>\n<h2><strong>Anv\u00e4ndning Protokoll<\/strong><\/h2>\n<p><strong>Rekommenderad dosering <\/strong>:<\/p>\n<ul>\n<li><strong>Gr\u00f6nsakstr\u00e4dg\u00e5rdar (tomater, zucchinis, sallat, mor\u00f6tter etc.) <\/strong>: Applicera 100 g per m\u00b2 i b\u00f6rjan av s\u00e4songen och upprepa var 4:e vecka f\u00f6r att s\u00e4kerst\u00e4lla kontinuerlig tillv\u00e4xt.<\/li>\n<li><strong>Buskar och frukttr\u00e4d (\u00e4pple-, p\u00e4ron-, k\u00f6rsb\u00e4rstr\u00e4d etc.) <\/strong>: Applicera 200 g per tr\u00e4d, sprid det v\u00e4l runt stammen och vattna sedan f\u00f6r att fr\u00e4mja n\u00e4ringsintr\u00e4ngning.<\/li>\n<li><strong>Blommande v\u00e4xter och prydnadsv\u00e4xter<\/strong>: Inkorporera 80 g per m\u00b2 f\u00f6re plantering eller som underh\u00e5ll, en g\u00e5ng i m\u00e5naden.<\/li>\n<\/ul>\n<p><strong>Ans\u00f6kningsfrekvens <\/strong>:<\/p>\n<ul>\n<li><strong>P\u00e5 v\u00e5ren<\/strong>: Applicera g\u00f6dselmedlet n\u00e4r du f\u00f6rbereder jorden, f\u00f6re s\u00e5dd eller plantering, f\u00f6r att fr\u00e4mja god rotning och snabb initial tillv\u00e4xt.<\/li>\n<li><strong>P\u00e5 sommaren<\/strong>: Upprepa var 4:e till 6:e vecka, s\u00e4rskilt f\u00f6r snabbv\u00e4xande gr\u00f6nsaker som sallad och r\u00e4disor.<\/li>\n<li><strong>P\u00e5 h\u00f6sten<\/strong>: Anv\u00e4nds f\u00f6r att f\u00f6rbereda jorden f\u00f6r vintergr\u00f6dor eller f\u00f6r att st\u00e4rka fler\u00e5riga v\u00e4xter och buskar f\u00f6re den kalla \u00e5rstiden.<\/li>\n<\/ul>\n<p><strong>Till\u00e4mpningsmetod <\/strong>:<\/p>\n<ul>\n<li>Sprid ut direkt p\u00e5 jorden och se till att granulerna f\u00f6rdelas j\u00e4mnt.<\/li>\n<li>Blanda l\u00e4tt ner i jorden med en kratta eller hacka f\u00f6r att fr\u00e4mja rotupptaget.<\/li>\n<li>Vattna efter applicering f\u00f6r att aktivera frig\u00f6ring av n\u00e4rings\u00e4mnen och s\u00e4kerst\u00e4lla snabb assimilering av v\u00e4xterna.<\/li>\n<\/ul>\n<p><strong>F\u00f6rsiktighets\u00e5tg\u00e4rder vid anv\u00e4ndning <\/strong>:<\/p>\n<ul>\n<li>\u00d6verdosera inte f\u00f6r att undvika \u00f6verskott av kv\u00e4ve, vilket kan fr\u00e4mja \u00f6verdriven bladtillv\u00e4xt till nackdel f\u00f6r frukt och gr\u00f6nsaker.<\/li>\n<li>Undvik att sprida g\u00f6dselmedel under extrem torka, s\u00e5vida inte bevattning planeras efter appliceringen.<\/li>\n<li>F\u00f6rvara p\u00e5 en torr och v\u00e4l tillsluten plats f\u00f6r att bevara de g\u00f6dande egenskaperna och undvik fukt.<\/li>\n<\/ul>\n<p>Tack vare detta g\u00f6dningsmedel f\u00f6r gr\u00f6nsaks- och villatr\u00e4dg\u00e5rdar samt odlingar kan du s\u00e4kerst\u00e4lla gener\u00f6sa sk\u00f6rdar, sund tillv\u00e4xt och en b\u00f6rdig jord \u00e5ret runt. Den balanserade formeln garanterar en harmonisk utveckling av gr\u00f6dorna och ger alla viktiga n\u00e4rings\u00e4mnen som din tr\u00e4dg\u00e5rd beh\u00f6ver.<\/p>","protected":false},"excerpt":{"rendered":"<p>A complete fertilizer for a productive vegetable garden and a flourishing garden.\u00a0This fertilizer specially designed for vegetables, fruits, and garden plants provides a balanced supply of nitrogen (N), phosphorus (P), and potassium (K) with an NPK 10-10-10 formula. It promotes vigorous growth, abundant harvests, and better resistance to diseases and climatic hazards. Money-back guarantee.\u00a0We are [&hellip;]<\/p>\n","protected":false},"featured_media":26005,"comment_status":"open","ping_status":"closed","template":"","meta":{"_uag_custom_page_level_css":"","site-sidebar-layout":"default","site-content-layout":"","ast-site-content-layout":"default","site-content-style":"default","site-sidebar-style":"default","ast-global-header-display":"","ast-banner-title-visibility":"","ast-main-header-display":"","ast-hfb-above-header-display":"","ast-hfb-below-header-display":"","ast-hfb-mobile-header-display":"","site-post-title":"","ast-breadcrumbs-content":"","ast-featured-img":"","footer-sml-layout":"","ast-disable-related-posts":"","theme-transparent-header-meta":"default","adv-header-id-meta":"","stick-header-meta":"","header-above-stick-meta":"","header-main-stick-meta":"","header-below-stick-meta":"","astra-migrate-meta-layouts":"set","ast-page-background-enabled":"default","ast-page-background-meta":{"desktop":{"background-color":"var(--ast-global-color-4)","background-image":"","background-repeat":"repeat","background-position":"center center","background-size":"auto","background-attachment":"scroll","background-type":"","background-media":"","overlay-type":"","overlay-color":"","overlay-opacity":"","overlay-gradient":""},"tablet":{"background-color":"","background-image":"","background-repeat":"repeat","background-position":"center center","background-size":"auto","background-attachment":"scroll","background-type":"","background-media":"","overlay-type":"","overlay-color":"","overlay-opacity":"","overlay-gradient":""},"mobile":{"background-color":"","background-image":"","background-repeat":"repeat","background-position":"center center","background-size":"auto","background-attachment":"scroll","background-type":"","background-media":"","overlay-type":"","overlay-color":"","overlay-opacity":"","overlay-gradient":""}},"ast-content-background-meta":{"desktop":{"background-color":"var(--ast-global-color-5)","background-image":"","background-repeat":"repeat","background-position":"center center","background-size":"auto","background-attachment":"scroll","background-type":"","background-media":"","overlay-type":"","overlay-color":"","overlay-opacity":"","overlay-gradient":""},"tablet":{"background-color":"var(--ast-global-color-5)","background-image":"","background-repeat":"repeat","background-position":"center center","background-size":"auto","background-attachment":"scroll","background-type":"","background-media":"","overlay-type":"","overlay-color":"","overlay-opacity":"","overlay-gradient":""},"mobile":{"background-color":"var(--ast-global-color-5)","background-image":"","background-repeat":"repeat","background-position":"center center","background-size":"auto","background-attachment":"scroll","background-type":"","background-media":"","overlay-type":"","overlay-color":"","overlay-opacity":"","overlay-gradient":""}}},"product_brand":[],"product_cat":[178],"product_tag":[],"class_list":{"0":"post-23480","1":"product","2":"type-product","3":"status-publish","4":"has-post-thumbnail","6":"product_cat-fertilizers","7":"desktop-align-left","8":"tablet-align-left","9":"mobile-align-left","11":"first","12":"instock","13":"taxable","14":"shipping-taxable","15":"purchasable","16":"product-type-simple"},"spectra_custom_meta":{"_visibility":["visible"],"_shopify_product_id":["9071376236789"],"_s2w_shopify_domain":["ferberpainting.myshopify.com"],"_shopify_variant_id":["46516204142837"],"_sku":["FPGARDENANDVEGETABLEFERTILIZER25KG"],"_regular_price":["39.90"],"_price":["39.90"],"_sale_price":[""],"_weight":["18.7"],"_thumbnail_id":["26005"],"_global_unique_id":["5056773817753"],"total_sales":["3"],"_tax_status":["taxable"],"_tax_class":[""],"_manage_stock":["no"],"_backorders":["no"],"_sold_individually":["no"],"_virtual":["no"],"_downloadable":["no"],"_download_limit":["-1"],"_download_expiry":["-1"],"_stock":[null],"_stock_status":["instock"],"_wc_average_rating":["5.00"],"_wc_review_count":["29"],"_product_version":["10.5.1"],"_edit_lock":["1771161388:1"],"_wc_rating_count":["a:1:{i:5;i:29;}"],"merchant-center-availability":["yes"],"merchant-center-category":["113"],"_edit_last":["1"],"_wp_page_template":["default"],"site-sidebar-layout":["default"],"ast-site-content-layout":["default"],"site-content-style":["default"],"site-sidebar-style":["default"],"theme-transparent-header-meta":["default"],"astra-migrate-meta-layouts":["set"],"_uag_css_file_name":["uag-css-23480.css"],"_elementor_page_assets":["a:0:{}"],"_uag_page_assets":["a:9:{s:3:\"css\";s:7133:\".uag-blocks-common-selector{z-index:var(--z-index-desktop) !important}@media(max-width: 976px){.uag-blocks-common-selector{z-index:var(--z-index-tablet) !important}}@media(max-width: 767px){.uag-blocks-common-selector{z-index:var(--z-index-mobile) !important}}.wp-block-uagb-image{display:flex}.wp-block-uagb-image__figure{position:relative;display:flex;flex-direction:column;max-width:100%;height:auto;margin:0}.wp-block-uagb-image__figure img{height:auto;display:flex;max-width:100%;transition:box-shadow .2s ease}.wp-block-uagb-image__figure>a{display:inline-block}.wp-block-uagb-image__figure figcaption{text-align:center;margin-top:.5em;margin-bottom:1em}.wp-block-uagb-image .components-placeholder.block-editor-media-placeholder .components-placeholder__instructions{align-self:center}.wp-block-uagb-image--align-left{text-align:left}.wp-block-uagb-image--align-right{text-align:right}.wp-block-uagb-image--align-center{text-align:center}.wp-block-uagb-image--align-full .wp-block-uagb-image__figure{margin-left:calc(50% - 50vw);margin-right:calc(50% - 50vw);max-width:100vw;width:100vw;height:auto}.wp-block-uagb-image--align-full .wp-block-uagb-image__figure img{height:auto;width:100% !important}.wp-block-uagb-image--align-wide .wp-block-uagb-image__figure img{height:auto;width:100%}.wp-block-uagb-image--layout-overlay__color-wrapper{position:absolute;left:0;top:0;right:0;bottom:0;opacity:.2;background:rgba(0,0,0,.5);transition:opacity .35s ease-in-out}.wp-block-uagb-image--layout-overlay-link{position:absolute;left:0;right:0;bottom:0;top:0}.wp-block-uagb-image--layout-overlay .wp-block-uagb-image__figure:hover .wp-block-uagb-image--layout-overlay__color-wrapper{opacity:1}.wp-block-uagb-image--layout-overlay__inner{position:absolute;left:15px;right:15px;bottom:15px;top:15px;display:flex;align-items:center;justify-content:center;flex-direction:column;border-color:#fff;transition:.35s ease-in-out}.wp-block-uagb-image--layout-overlay__inner.top-left,.wp-block-uagb-image--layout-overlay__inner.top-center,.wp-block-uagb-image--layout-overlay__inner.top-right{justify-content:flex-start}.wp-block-uagb-image--layout-overlay__inner.bottom-left,.wp-block-uagb-image--layout-overlay__inner.bottom-center,.wp-block-uagb-image--layout-overlay__inner.bottom-right{justify-content:flex-end}.wp-block-uagb-image--layout-overlay__inner.top-left,.wp-block-uagb-image--layout-overlay__inner.center-left,.wp-block-uagb-image--layout-overlay__inner.bottom-left{align-items:flex-start}.wp-block-uagb-image--layout-overlay__inner.top-right,.wp-block-uagb-image--layout-overlay__inner.center-right,.wp-block-uagb-image--layout-overlay__inner.bottom-right{align-items:flex-end}.wp-block-uagb-image--layout-overlay__inner .uagb-image-heading{color:#fff;transition:transform .35s,opacity .35s ease-in-out;transform:translate3d(0, 24px, 0);margin:0;line-height:1em}.wp-block-uagb-image--layout-overlay__inner .uagb-image-separator{width:30%;border-top-width:2px;border-top-color:#fff;border-top-style:solid;margin-bottom:10px;opacity:0;transition:transform .4s,opacity .4s ease-in-out;transform:translate3d(0, 30px, 0)}.wp-block-uagb-image--layout-overlay__inner .uagb-image-caption{opacity:0;overflow:visible;color:#fff;transition:transform .45s,opacity .45s ease-in-out;transform:translate3d(0, 35px, 0)}.wp-block-uagb-image--layout-overlay__inner:hover .uagb-image-heading,.wp-block-uagb-image--layout-overlay__inner:hover .uagb-image-separator,.wp-block-uagb-image--layout-overlay__inner:hover .uagb-image-caption{opacity:1;transform:translate3d(0, 0, 0)}.wp-block-uagb-image--effect-zoomin .wp-block-uagb-image__figure img,.wp-block-uagb-image--effect-zoomin .wp-block-uagb-image__figure .wp-block-uagb-image--layout-overlay__color-wrapper{transform:scale(1);transition:transform .35s ease-in-out}.wp-block-uagb-image--effect-zoomin .wp-block-uagb-image__figure:hover img,.wp-block-uagb-image--effect-zoomin .wp-block-uagb-image__figure:hover .wp-block-uagb-image--layout-overlay__color-wrapper{transform:scale(1.05)}.wp-block-uagb-image--effect-slide .wp-block-uagb-image__figure img,.wp-block-uagb-image--effect-slide .wp-block-uagb-image__figure .wp-block-uagb-image--layout-overlay__color-wrapper{width:calc(100% + 40px) !important;max-width:none !important;transform:translate3d(-40px, 0, 0);transition:transform .35s ease-in-out}.wp-block-uagb-image--effect-slide .wp-block-uagb-image__figure:hover img,.wp-block-uagb-image--effect-slide .wp-block-uagb-image__figure:hover .wp-block-uagb-image--layout-overlay__color-wrapper{transform:translate3d(0, 0, 0)}.wp-block-uagb-image--effect-grayscale img{filter:grayscale(0%);transition:.35s ease-in-out}.wp-block-uagb-image--effect-grayscale:hover img{filter:grayscale(100%)}.wp-block-uagb-image--effect-blur img{filter:blur(0);transition:.35s ease-in-out}.wp-block-uagb-image--effect-blur:hover img{filter:blur(3px)}.uagb-block-e6f939b3.wp-block-uagb-image--layout-default figure img{box-shadow: 0px 0px 0 #00000070;}.uagb-block-e6f939b3.wp-block-uagb-image .wp-block-uagb-image__figure figcaption{font-style: normal;align-self: center;}.uagb-block-e6f939b3.wp-block-uagb-image--layout-overlay figure img{box-shadow: 0px 0px 0 #00000070;}.uagb-block-e6f939b3.wp-block-uagb-image--layout-overlay .wp-block-uagb-image--layout-overlay__color-wrapper{opacity: 0.2;}.uagb-block-e6f939b3.wp-block-uagb-image--layout-overlay .wp-block-uagb-image--layout-overlay__inner{left: 15px;right: 15px;top: 15px;bottom: 15px;}.uagb-block-e6f939b3.wp-block-uagb-image--layout-overlay .wp-block-uagb-image--layout-overlay__inner .uagb-image-heading{font-style: normal;color: #fff;opacity: 1;}.uagb-block-e6f939b3.wp-block-uagb-image--layout-overlay .wp-block-uagb-image--layout-overlay__inner .uagb-image-heading a{color: #fff;}.uagb-block-e6f939b3.wp-block-uagb-image--layout-overlay .wp-block-uagb-image--layout-overlay__inner .uagb-image-caption{opacity: 0;}.uagb-block-e6f939b3.wp-block-uagb-image--layout-overlay .wp-block-uagb-image__figure:hover .wp-block-uagb-image--layout-overlay__color-wrapper{opacity: 1;}.uagb-block-e6f939b3.wp-block-uagb-image .wp-block-uagb-image--layout-overlay__inner .uagb-image-separator{width: 30%;border-top-width: 2px;border-top-color: #fff;opacity: 0;}.uagb-block-e6f939b3.wp-block-uagb-image .wp-block-uagb-image__figure img{width: px;height: auto;}.uagb-block-e6f939b3.wp-block-uagb-image .wp-block-uagb-image__figure:hover .wp-block-uagb-image--layout-overlay__inner .uagb-image-caption{opacity: 1;}.uagb-block-e6f939b3.wp-block-uagb-image .wp-block-uagb-image__figure:hover .wp-block-uagb-image--layout-overlay__inner .uagb-image-separator{opacity: 1;}.uagb-block-e6f939b3.wp-block-uagb-image--layout-default figure:hover img{box-shadow: 0px 0px 0 #00000070;}.uagb-block-e6f939b3.wp-block-uagb-image--layout-overlay figure:hover img{box-shadow: 0px 0px 0 #00000070;}@media only screen and (max-width: 976px) {.uagb-block-e6f939b3.wp-block-uagb-image .wp-block-uagb-image__figure img{width: px;height: auto;}}@media only screen and (max-width: 767px) {.uagb-block-e6f939b3.wp-block-uagb-image .wp-block-uagb-image__figure img{width: px;height: auto;}}\";s:2:\"js\";s:0:\"\";s:18:\"current_block_list\";a:13:{i:0;s:11:\"core\/search\";i:1;s:10:\"core\/group\";i:2;s:12:\"core\/heading\";i:3;s:17:\"core\/latest-posts\";i:4;s:20:\"core\/latest-comments\";i:5;s:13:\"core\/archives\";i:6;s:15:\"core\/categories\";i:7;s:14:\"core\/paragraph\";i:8;s:10:\"uagb\/image\";i:9;s:11:\"core\/spacer\";i:10;s:30:\"woocommerce\/product-categories\";i:11;s:10:\"core\/image\";i:12;s:14:\"core\/shortcode\";}s:8:\"uag_flag\";b:1;s:11:\"uag_version\";s:10:\"1777197326\";s:6:\"gfonts\";a:0:{}s:10:\"gfonts_url\";s:0:\"\";s:12:\"gfonts_files\";a:0:{}s:14:\"uag_faq_layout\";b:0;}"]},"uagb_featured_image_src":{"full":["https:\/\/www.ferberpainting.com\/wp-content\/uploads\/2025\/05\/GardenandVegetableFertilizer02.png",2560,2560,false],"thumbnail":["https:\/\/www.ferberpainting.com\/wp-content\/uploads\/2025\/05\/GardenandVegetableFertilizer02-150x150.png",150,150,true],"medium":["https:\/\/www.ferberpainting.com\/wp-content\/uploads\/2025\/05\/GardenandVegetableFertilizer02-300x300.png",300,300,true],"medium_large":["https:\/\/www.ferberpainting.com\/wp-content\/uploads\/2025\/05\/GardenandVegetableFertilizer02-768x768.png",768,768,true],"large":["https:\/\/www.ferberpainting.com\/wp-content\/uploads\/2025\/05\/GardenandVegetableFertilizer02-1024x1024.png",1024,1024,true],"1536x1536":["https:\/\/www.ferberpainting.com\/wp-content\/uploads\/2025\/05\/GardenandVegetableFertilizer02-1536x1536.png",1536,1536,true],"2048x2048":["https:\/\/www.ferberpainting.com\/wp-content\/uploads\/2025\/05\/GardenandVegetableFertilizer02-2048x2048.png",2048,2048,true],"trp-custom-language-flag":["https:\/\/www.ferberpainting.com\/wp-content\/uploads\/2025\/05\/GardenandVegetableFertilizer02-12x12.png",12,12,true],"woocommerce_thumbnail":["https:\/\/www.ferberpainting.com\/wp-content\/uploads\/2025\/05\/GardenandVegetableFertilizer02-300x300.png",300,300,true],"woocommerce_single":["https:\/\/www.ferberpainting.com\/wp-content\/uploads\/2025\/05\/GardenandVegetableFertilizer02-600x600.png",600,600,true],"woocommerce_gallery_thumbnail":["https:\/\/www.ferberpainting.com\/wp-content\/uploads\/2025\/05\/GardenandVegetableFertilizer02-100x100.png",100,100,true]},"uagb_author_info":{"display_name":"admin","author_link":"https:\/\/www.ferberpainting.com\/se\/author\/"},"uagb_comment_info":29,"uagb_excerpt":"A complete fertilizer for a productive vegetable garden and a flourishing garden.\u00a0This fertilizer specially designed for vegetables, fruits, and garden plants provides a balanced supply of nitrogen (N), phosphorus (P), and potassium (K) with an NPK 10-10-10 formula. It promotes vigorous growth, abundant harvests, and better resistance to diseases and climatic hazards. Money-back guarantee.\u00a0We are&hellip;","_links":{"self":[{"href":"https:\/\/www.ferberpainting.com\/se\/wp-json\/wp\/v2\/product\/23480","targetHints":{"allow":["GET"]}}],"collection":[{"href":"https:\/\/www.ferberpainting.com\/se\/wp-json\/wp\/v2\/product"}],"about":[{"href":"https:\/\/www.ferberpainting.com\/se\/wp-json\/wp\/v2\/types\/product"}],"replies":[{"embeddable":true,"href":"https:\/\/www.ferberpainting.com\/se\/wp-json\/wp\/v2\/comments?post=23480"}],"version-history":[{"count":6,"href":"https:\/\/www.ferberpainting.com\/se\/wp-json\/wp\/v2\/product\/23480\/revisions"}],"predecessor-version":[{"id":166171,"href":"https:\/\/www.ferberpainting.com\/se\/wp-json\/wp\/v2\/product\/23480\/revisions\/166171"}],"wp:featuredmedia":[{"embeddable":true,"href":"https:\/\/www.ferberpainting.com\/se\/wp-json\/wp\/v2\/media\/26005"}],"wp:attachment":[{"href":"https:\/\/www.ferberpainting.com\/se\/wp-json\/wp\/v2\/media?parent=23480"}],"wp:term":[{"taxonomy":"product_brand","embeddable":true,"href":"https:\/\/www.ferberpainting.com\/se\/wp-json\/wp\/v2\/product_brand?post=23480"},{"taxonomy":"product_cat","embeddable":true,"href":"https:\/\/www.ferberpainting.com\/se\/wp-json\/wp\/v2\/product_cat?post=23480"},{"taxonomy":"product_tag","embeddable":true,"href":"https:\/\/www.ferberpainting.com\/se\/wp-json\/wp\/v2\/product_tag?post=23480"}],"curies":[{"name":"wp","href":"https:\/\/api.w.org\/{rel}","templated":true}]}}