{"id":23470,"date":"2025-07-01T13:11:02","date_gmt":"2025-07-01T11:11:02","guid":{"rendered":"https:\/\/www.ferberpainting.com\/?post_type=product&#038;p=23470"},"modified":"2026-02-15T14:15:35","modified_gmt":"2026-02-15T13:15:35","slug":"fridge-and-freezer-cleaner","status":"publish","type":"product","link":"https:\/\/www.ferberpainting.com\/se\/products\/fridge-and-freezer-cleaner\/","title":{"rendered":"Reng\u00f6ringsmedel f\u00f6r kylsk\u00e5p och frysar"},"content":{"rendered":"<p><img decoding=\"async\" style=\"margin-right: 12px;\" src=\"https:\/\/www.ferberpainting.com\/wp-content\/uploads\/2026\/02\/Check.svg\" alt=\"\" width=\"18\" height=\"15\" \/><strong>Optimal effektivitet.<\/strong>\u00a0Denna kyl- och frysreng\u00f6ring \u00e4r speciellt framtagen f\u00f6r att effektivt avl\u00e4gsna matrester, fl\u00e4ckar, fettavlagringar och d\u00e5lig lukt som ackumuleras med tiden. Tack vare sin kraftfulla formula avfettar, desinficerar och neutraliserar den bakterier samtidigt som den respekterar ytor som kommer i kontakt med livsmedel. Den s\u00e4kerst\u00e4ller perfekt hygien och hj\u00e4lper till att bevara matens f\u00e4rskhet genom att uppr\u00e4tth\u00e5lla en h\u00e4lsosam och ren milj\u00f6.<\/p>\n<p><img decoding=\"async\" style=\"margin-right: 12px;\" src=\"https:\/\/www.ferberpainting.com\/wp-content\/uploads\/2026\/02\/Check.svg\" alt=\"\" width=\"18\" height=\"15\" \/><strong>Pengar-tillbaka-garanti.<\/strong>\u00a0Vi \u00e4r helt \u00f6vertygade om v\u00e5r reng\u00f6ringsmedels prestanda. Om du efter anv\u00e4ndning inte \u00e4r helt n\u00f6jd med resultatet \u00e4r du ber\u00e4ttigad till full \u00e5terbetalning. Prova riskfritt och njut av en fl\u00e4ckfri, luktfri kyl och frys.<\/p>\n<p><img decoding=\"async\" style=\"margin-right: 12px;\" src=\"https:\/\/www.ferberpainting.com\/wp-content\/uploads\/2026\/02\/Check.svg\" alt=\"\" width=\"18\" height=\"15\" \/><strong>Exceptionell m\u00e5ngsidighet.<\/strong>\u00a0Detta reng\u00f6ringsmedel \u00e4r inte begr\u00e4nsat till kylsk\u00e5pets innerv\u00e4ggar! Den \u00e4r ocks\u00e5 perfekt f\u00f6r reng\u00f6ring av gummipackningar, glashyllor, plastbackar, gr\u00f6nsaksl\u00e5dor, d\u00f6rrar i rostfritt st\u00e5l och kylsk\u00e5pets utsida. Den fungerar perfekt p\u00e5 rostfritt st\u00e5l, plast, glas, aluminium och keramik och ger en djup reng\u00f6ring utan att skada eller g\u00f6ra ytorna mattare.<\/p>\n<p><img decoding=\"async\" style=\"margin-right: 12px;\" src=\"https:\/\/www.ferberpainting.com\/wp-content\/uploads\/2026\/02\/Check.svg\" alt=\"\" width=\"18\" height=\"15\" \/><strong>Kostnadseffektivt.<\/strong>\u00a0Med sin 5-litersbeh\u00e5llare och ultraeffektiva formula ger reng\u00f6ringsmedlet ett utm\u00e4rkt utbyte. En liten m\u00e4ngd r\u00e4cker f\u00f6r att reng\u00f6ra stora ytor utan spill. I genomsnitt kan en liter produkt behandla upp till 100 m\u00b2 kylda ytor, vilket g\u00f6r det till en ekonomisk och h\u00e5llbar l\u00f6sning f\u00f6r underh\u00e5ll av hush\u00e5llsapparater.<\/p>\n<p><img decoding=\"async\" style=\"margin-right: 12px;\" src=\"https:\/\/www.ferberpainting.com\/wp-content\/uploads\/2026\/02\/Check.svg\" alt=\"\" width=\"18\" height=\"15\" \/><strong>S\u00e4ker att anv\u00e4nda.<\/strong>\u00a0Till skillnad fr\u00e5n kemikaliebaserade reng\u00f6ringsmedel inneh\u00e5ller denna produkt inga giftiga l\u00f6sningsmedel eller skadliga kemikalier. Den avger inga irriterande \u00e5ngor, utg\u00f6r ingen risk f\u00f6r kontaminering av livsmedel och dess milda, icke-slipande formulering respekterar alla ytor, vilket garanterar en s\u00e4ker och effektiv reng\u00f6ringsupplevelse.<\/p>\n<p><img decoding=\"async\" style=\"margin-right: 12px;\" src=\"https:\/\/www.ferberpainting.com\/wp-content\/uploads\/2026\/02\/Check.svg\" alt=\"\" width=\"18\" height=\"15\" \/><strong>Anv\u00e4ndarv\u00e4nlighet.<\/strong>\u00a0Detta reng\u00f6ringsmedel \u00e4r f\u00e4rdigt att anv\u00e4nda och kr\u00e4ver ingen utsp\u00e4dning eller s\u00e4rskild f\u00f6rberedelse. Det kan appliceras direkt p\u00e5 ytor med hj\u00e4lp av en trasa, svamp eller spruta. Dess snabba verkan och intuitiva anv\u00e4ndning m\u00f6jligg\u00f6r effektiv reng\u00f6ring med bara n\u00e5gra enkla steg, ingen sk\u00f6ljning kr\u00e4vs.<\/p>\n<p><img decoding=\"async\" style=\"margin-right: 12px;\" src=\"https:\/\/www.ferberpainting.com\/wp-content\/uploads\/2026\/02\/Check.svg\" alt=\"\" width=\"18\" height=\"15\" \/><strong>F\u00f6rb\u00e4ttrad h\u00e5llbarhet.<\/strong>\u00a0Genom att regelbundet avl\u00e4gsna matrester och f\u00f6rhindra uppkomst av bakterier och m\u00f6gel bidrar reng\u00f6ringsmedlet till att f\u00f6rl\u00e4nga livsl\u00e4ngden p\u00e5 kylsk\u00e5pet och frysen. Det bevarar packningarnas och hyllornas integritet, vilket s\u00e4kerst\u00e4ller optimal prestanda \u00f6ver tid.<\/p>\n<p><img decoding=\"async\" style=\"margin-right: 12px;\" src=\"https:\/\/www.ferberpainting.com\/wp-content\/uploads\/2026\/02\/Check.svg\" alt=\"\" width=\"18\" height=\"15\" \/><strong>Snabb \u00e5tg\u00e4rd.<\/strong>\u00a0Tack vare den h\u00f6greaktiva formulan fungerar reng\u00f6ringsmedlet omedelbart p\u00e5 fl\u00e4ckar och smuts. P\u00e5 bara n\u00e5gra sekunder l\u00f6ser den upp orenheter och hj\u00e4lper till att avl\u00e4gsna dem utan intensiv skrubbning. Dess snabbverkande resultat g\u00f6r den idealisk f\u00f6r snabbt och effektivt underh\u00e5ll och h\u00e5ller dina apparater hygieniska p\u00e5 nolltid.<\/p>\n<h2><strong>Instruktioner f\u00f6r anv\u00e4ndning<\/strong><\/h2>\n<ul>\n<li><strong>F\u00f6rberedelser <\/strong>: Koppla ur apparaten om det beh\u00f6vs en djup reng\u00f6ring och t\u00f6m kylsk\u00e5pet eller frysen p\u00e5 livsmedel f\u00f6r att underl\u00e4tta appliceringen av produkten.<\/li>\n<li><strong>Manuell till\u00e4mpning <\/strong>: H\u00e4ll en liten m\u00e4ngd reng\u00f6ringsmedel p\u00e5 en ren trasa, svamp eller pappershandduk och f\u00f6rdela det sedan j\u00e4mnt \u00f6ver alla inre och yttre ytor som ska reng\u00f6ras.<\/li>\n<li><strong>Reng\u00f6ring av packningar <\/strong>: Applicera reng\u00f6ringsmedlet direkt p\u00e5 gummit\u00e4tningarna och skrubba f\u00f6rsiktigt med en tandborste eller mjuk trasa f\u00f6r att avl\u00e4gsna m\u00f6gel och inb\u00e4ddad smuts.<\/li>\n<li><strong>Hyllor och fack <\/strong>: Ta bort l\u00f6stagbara delar som glashyllor, gr\u00f6nsaksl\u00e5dor och plastbackar, reng\u00f6r dem med produkten, sk\u00f6lj sedan med rent vatten och s\u00e4tt tillbaka dem i apparaten.<\/li>\n<li><strong>Neutralisering av lukt <\/strong>: F\u00f6r att eliminera ih\u00e5llande d\u00e5lig lukt, applicera reng\u00f6ringsmedlet p\u00e5 en fuktig trasa och torka noggrant av apparatens inre, s\u00e4rskilt runt matlagningszonerna.<\/li>\n<li><strong>Sk\u00f6ljning <\/strong>: Sk\u00f6ljning kr\u00e4vs inte vid standardreng\u00f6ring. F\u00f6r ytor som kommer i direkt kontakt med livsmedel ska du dock torka av med en fuktig trasa f\u00f6r att s\u00e4kerst\u00e4lla att alla rester avl\u00e4gsnas.<\/li>\n<li><strong>Torkning och efterbehandling <\/strong>: Torka omedelbart med en ren och torr trasa innan du byter ut matvarorna och ansluter apparaten igen om det beh\u00f6vs.<\/li>\n<li><strong>Frekvens av anv\u00e4ndning <\/strong>: Anv\u00e4nd en g\u00e5ng i veckan f\u00f6r rutinunderh\u00e5ll och 1-2 g\u00e5nger per m\u00e5nad f\u00f6r djupreng\u00f6ring. Regelbunden anv\u00e4ndning bidrar till att s\u00e4kerst\u00e4lla perfekt hygien och f\u00f6rhindrar uppbyggnad av bakterier och lukt.<\/li>\n<li><strong>F\u00f6rvaring <\/strong>: \u00c5terf\u00f6rslut beh\u00e5llaren ordentligt efter varje anv\u00e4ndning och f\u00f6rvara den p\u00e5 en sval, torr plats, skyddad fr\u00e5n ljus och extrema temperaturer, f\u00f6r att bevara l\u00e5ngsiktig effektivitet.<\/li>\n<\/ul>\n<p>Med v\u00e5r kyl- och frysreng\u00f6ring kan du njuta av varaktig f\u00e4rskhet och oklanderlig hygien f\u00f6r dina apparater. En effektiv, s\u00e4ker och praktisk l\u00f6sning f\u00f6r att bevara livsmedelskvaliteten och f\u00f6rl\u00e4nga livsl\u00e4ngden p\u00e5 din utrustning.<\/p>","protected":false},"excerpt":{"rendered":"<p>Optimal Effectiveness.\u00a0This refrigerator and freezer cleaner is specially formulated to effectively remove food residues, stains, grease deposits, and bad odors that accumulate over time. Thanks to its powerful formula, it degreases, disinfects, and neutralizes bacteria while respecting surfaces in contact with food. It ensures perfect hygiene and helps preserve the freshness of your food by [&hellip;]<\/p>\n","protected":false},"featured_media":36320,"comment_status":"open","ping_status":"closed","template":"","meta":{"_uag_custom_page_level_css":"","site-sidebar-layout":"default","site-content-layout":"","ast-site-content-layout":"default","site-content-style":"default","site-sidebar-style":"default","ast-global-header-display":"","ast-banner-title-visibility":"","ast-main-header-display":"","ast-hfb-above-header-display":"","ast-hfb-below-header-display":"","ast-hfb-mobile-header-display":"","site-post-title":"","ast-breadcrumbs-content":"","ast-featured-img":"","footer-sml-layout":"","ast-disable-related-posts":"","theme-transparent-header-meta":"default","adv-header-id-meta":"","stick-header-meta":"","header-above-stick-meta":"","header-main-stick-meta":"","header-below-stick-meta":"","astra-migrate-meta-layouts":"set","ast-page-background-enabled":"default","ast-page-background-meta":{"desktop":{"background-color":"var(--ast-global-color-4)","background-image":"","background-repeat":"repeat","background-position":"center center","background-size":"auto","background-attachment":"scroll","background-type":"","background-media":"","overlay-type":"","overlay-color":"","overlay-opacity":"","overlay-gradient":""},"tablet":{"background-color":"","background-image":"","background-repeat":"repeat","background-position":"center center","background-size":"auto","background-attachment":"scroll","background-type":"","background-media":"","overlay-type":"","overlay-color":"","overlay-opacity":"","overlay-gradient":""},"mobile":{"background-color":"","background-image":"","background-repeat":"repeat","background-position":"center center","background-size":"auto","background-attachment":"scroll","background-type":"","background-media":"","overlay-type":"","overlay-color":"","overlay-opacity":"","overlay-gradient":""}},"ast-content-background-meta":{"desktop":{"background-color":"var(--ast-global-color-5)","background-image":"","background-repeat":"repeat","background-position":"center center","background-size":"auto","background-attachment":"scroll","background-type":"","background-media":"","overlay-type":"","overlay-color":"","overlay-opacity":"","overlay-gradient":""},"tablet":{"background-color":"var(--ast-global-color-5)","background-image":"","background-repeat":"repeat","background-position":"center center","background-size":"auto","background-attachment":"scroll","background-type":"","background-media":"","overlay-type":"","overlay-color":"","overlay-opacity":"","overlay-gradient":""},"mobile":{"background-color":"var(--ast-global-color-5)","background-image":"","background-repeat":"repeat","background-position":"center center","background-size":"auto","background-attachment":"scroll","background-type":"","background-media":"","overlay-type":"","overlay-color":"","overlay-opacity":"","overlay-gradient":""}}},"product_brand":[],"product_cat":[175],"product_tag":[],"class_list":{"0":"post-23470","1":"product","2":"type-product","3":"status-publish","4":"has-post-thumbnail","6":"product_cat-cleaning-products","7":"desktop-align-left","8":"tablet-align-left","9":"mobile-align-left","11":"first","12":"instock","13":"sale","14":"taxable","15":"shipping-taxable","16":"purchasable","17":"product-type-variable","18":"has-default-attributes"},"spectra_custom_meta":{"_visibility":["visible"],"_shopify_product_id":["9102408450293"],"_s2w_shopify_domain":["ferberpainting.myshopify.com"],"_shopify_variant_id":["46616214044917"],"_sku":[""],"_manage_stock":["no"],"total_sales":["7"],"_tax_status":["taxable"],"_tax_class":[""],"_backorders":["no"],"_sold_individually":["no"],"_virtual":["no"],"_downloadable":["no"],"_download_limit":["-1"],"_download_expiry":["-1"],"_stock":[null],"_stock_status":["instock"],"_wc_average_rating":["5.00"],"_wc_review_count":["11"],"_product_attributes":["a:1:{s:6:\"volume\";a:6:{s:4:\"name\";s:6:\"Volume\";s:5:\"value\";s:20:\"5 liters | 25 liters\";s:8:\"position\";i:1;s:10:\"is_visible\";i:0;s:12:\"is_variation\";i:1;s:11:\"is_taxonomy\";i:0;}}"],"_product_version":["10.5.1"],"wpse_downloadable_file_names":[""],"wpse_downloadable_file_urls":[""],"_edit_last":["1"],"_default_attributes":["a:1:{s:6:\"volume\";s:8:\"5 liters\";}"],"_edit_lock":["1771161249:1"],"_price":["29.90","129.90"],"merchant-center-availability":["yes"],"merchant-center-category":["4973"],"_thumbnail_id":["36320"],"_wp_page_template":["default"],"_wp_old_date":["2025-05-26"],"_product_image_gallery":["36321"],"site-sidebar-layout":["default"],"ast-site-content-layout":["default"],"site-content-style":["default"],"site-sidebar-style":["default"],"theme-transparent-header-meta":["default"],"_wc_rating_count":["a:1:{i:5;i:11;}"],"astra-migrate-meta-layouts":["set"],"_uag_css_file_name":["uag-css-23470.css"],"_elementor_page_assets":["a:0:{}"],"_uag_page_assets":["a:9:{s:3:\"css\";s:7133:\".uag-blocks-common-selector{z-index:var(--z-index-desktop) !important}@media(max-width: 976px){.uag-blocks-common-selector{z-index:var(--z-index-tablet) !important}}@media(max-width: 767px){.uag-blocks-common-selector{z-index:var(--z-index-mobile) !important}}.wp-block-uagb-image{display:flex}.wp-block-uagb-image__figure{position:relative;display:flex;flex-direction:column;max-width:100%;height:auto;margin:0}.wp-block-uagb-image__figure img{height:auto;display:flex;max-width:100%;transition:box-shadow .2s ease}.wp-block-uagb-image__figure>a{display:inline-block}.wp-block-uagb-image__figure figcaption{text-align:center;margin-top:.5em;margin-bottom:1em}.wp-block-uagb-image .components-placeholder.block-editor-media-placeholder .components-placeholder__instructions{align-self:center}.wp-block-uagb-image--align-left{text-align:left}.wp-block-uagb-image--align-right{text-align:right}.wp-block-uagb-image--align-center{text-align:center}.wp-block-uagb-image--align-full .wp-block-uagb-image__figure{margin-left:calc(50% - 50vw);margin-right:calc(50% - 50vw);max-width:100vw;width:100vw;height:auto}.wp-block-uagb-image--align-full .wp-block-uagb-image__figure img{height:auto;width:100% !important}.wp-block-uagb-image--align-wide .wp-block-uagb-image__figure img{height:auto;width:100%}.wp-block-uagb-image--layout-overlay__color-wrapper{position:absolute;left:0;top:0;right:0;bottom:0;opacity:.2;background:rgba(0,0,0,.5);transition:opacity .35s ease-in-out}.wp-block-uagb-image--layout-overlay-link{position:absolute;left:0;right:0;bottom:0;top:0}.wp-block-uagb-image--layout-overlay .wp-block-uagb-image__figure:hover .wp-block-uagb-image--layout-overlay__color-wrapper{opacity:1}.wp-block-uagb-image--layout-overlay__inner{position:absolute;left:15px;right:15px;bottom:15px;top:15px;display:flex;align-items:center;justify-content:center;flex-direction:column;border-color:#fff;transition:.35s ease-in-out}.wp-block-uagb-image--layout-overlay__inner.top-left,.wp-block-uagb-image--layout-overlay__inner.top-center,.wp-block-uagb-image--layout-overlay__inner.top-right{justify-content:flex-start}.wp-block-uagb-image--layout-overlay__inner.bottom-left,.wp-block-uagb-image--layout-overlay__inner.bottom-center,.wp-block-uagb-image--layout-overlay__inner.bottom-right{justify-content:flex-end}.wp-block-uagb-image--layout-overlay__inner.top-left,.wp-block-uagb-image--layout-overlay__inner.center-left,.wp-block-uagb-image--layout-overlay__inner.bottom-left{align-items:flex-start}.wp-block-uagb-image--layout-overlay__inner.top-right,.wp-block-uagb-image--layout-overlay__inner.center-right,.wp-block-uagb-image--layout-overlay__inner.bottom-right{align-items:flex-end}.wp-block-uagb-image--layout-overlay__inner .uagb-image-heading{color:#fff;transition:transform .35s,opacity .35s ease-in-out;transform:translate3d(0, 24px, 0);margin:0;line-height:1em}.wp-block-uagb-image--layout-overlay__inner .uagb-image-separator{width:30%;border-top-width:2px;border-top-color:#fff;border-top-style:solid;margin-bottom:10px;opacity:0;transition:transform .4s,opacity .4s ease-in-out;transform:translate3d(0, 30px, 0)}.wp-block-uagb-image--layout-overlay__inner .uagb-image-caption{opacity:0;overflow:visible;color:#fff;transition:transform .45s,opacity .45s ease-in-out;transform:translate3d(0, 35px, 0)}.wp-block-uagb-image--layout-overlay__inner:hover .uagb-image-heading,.wp-block-uagb-image--layout-overlay__inner:hover .uagb-image-separator,.wp-block-uagb-image--layout-overlay__inner:hover .uagb-image-caption{opacity:1;transform:translate3d(0, 0, 0)}.wp-block-uagb-image--effect-zoomin .wp-block-uagb-image__figure img,.wp-block-uagb-image--effect-zoomin .wp-block-uagb-image__figure .wp-block-uagb-image--layout-overlay__color-wrapper{transform:scale(1);transition:transform .35s ease-in-out}.wp-block-uagb-image--effect-zoomin .wp-block-uagb-image__figure:hover img,.wp-block-uagb-image--effect-zoomin .wp-block-uagb-image__figure:hover .wp-block-uagb-image--layout-overlay__color-wrapper{transform:scale(1.05)}.wp-block-uagb-image--effect-slide .wp-block-uagb-image__figure img,.wp-block-uagb-image--effect-slide .wp-block-uagb-image__figure .wp-block-uagb-image--layout-overlay__color-wrapper{width:calc(100% + 40px) !important;max-width:none !important;transform:translate3d(-40px, 0, 0);transition:transform .35s ease-in-out}.wp-block-uagb-image--effect-slide .wp-block-uagb-image__figure:hover img,.wp-block-uagb-image--effect-slide .wp-block-uagb-image__figure:hover .wp-block-uagb-image--layout-overlay__color-wrapper{transform:translate3d(0, 0, 0)}.wp-block-uagb-image--effect-grayscale img{filter:grayscale(0%);transition:.35s ease-in-out}.wp-block-uagb-image--effect-grayscale:hover img{filter:grayscale(100%)}.wp-block-uagb-image--effect-blur img{filter:blur(0);transition:.35s ease-in-out}.wp-block-uagb-image--effect-blur:hover img{filter:blur(3px)}.uagb-block-e6f939b3.wp-block-uagb-image--layout-default figure img{box-shadow: 0px 0px 0 #00000070;}.uagb-block-e6f939b3.wp-block-uagb-image .wp-block-uagb-image__figure figcaption{font-style: normal;align-self: center;}.uagb-block-e6f939b3.wp-block-uagb-image--layout-overlay figure img{box-shadow: 0px 0px 0 #00000070;}.uagb-block-e6f939b3.wp-block-uagb-image--layout-overlay .wp-block-uagb-image--layout-overlay__color-wrapper{opacity: 0.2;}.uagb-block-e6f939b3.wp-block-uagb-image--layout-overlay .wp-block-uagb-image--layout-overlay__inner{left: 15px;right: 15px;top: 15px;bottom: 15px;}.uagb-block-e6f939b3.wp-block-uagb-image--layout-overlay .wp-block-uagb-image--layout-overlay__inner .uagb-image-heading{font-style: normal;color: #fff;opacity: 1;}.uagb-block-e6f939b3.wp-block-uagb-image--layout-overlay .wp-block-uagb-image--layout-overlay__inner .uagb-image-heading a{color: #fff;}.uagb-block-e6f939b3.wp-block-uagb-image--layout-overlay .wp-block-uagb-image--layout-overlay__inner .uagb-image-caption{opacity: 0;}.uagb-block-e6f939b3.wp-block-uagb-image--layout-overlay .wp-block-uagb-image__figure:hover .wp-block-uagb-image--layout-overlay__color-wrapper{opacity: 1;}.uagb-block-e6f939b3.wp-block-uagb-image .wp-block-uagb-image--layout-overlay__inner .uagb-image-separator{width: 30%;border-top-width: 2px;border-top-color: #fff;opacity: 0;}.uagb-block-e6f939b3.wp-block-uagb-image .wp-block-uagb-image__figure img{width: px;height: auto;}.uagb-block-e6f939b3.wp-block-uagb-image .wp-block-uagb-image__figure:hover .wp-block-uagb-image--layout-overlay__inner .uagb-image-caption{opacity: 1;}.uagb-block-e6f939b3.wp-block-uagb-image .wp-block-uagb-image__figure:hover .wp-block-uagb-image--layout-overlay__inner .uagb-image-separator{opacity: 1;}.uagb-block-e6f939b3.wp-block-uagb-image--layout-default figure:hover img{box-shadow: 0px 0px 0 #00000070;}.uagb-block-e6f939b3.wp-block-uagb-image--layout-overlay figure:hover img{box-shadow: 0px 0px 0 #00000070;}@media only screen and (max-width: 976px) {.uagb-block-e6f939b3.wp-block-uagb-image .wp-block-uagb-image__figure img{width: px;height: auto;}}@media only screen and (max-width: 767px) {.uagb-block-e6f939b3.wp-block-uagb-image .wp-block-uagb-image__figure img{width: px;height: auto;}}\";s:2:\"js\";s:0:\"\";s:18:\"current_block_list\";a:13:{i:0;s:11:\"core\/search\";i:1;s:10:\"core\/group\";i:2;s:12:\"core\/heading\";i:3;s:17:\"core\/latest-posts\";i:4;s:20:\"core\/latest-comments\";i:5;s:13:\"core\/archives\";i:6;s:15:\"core\/categories\";i:7;s:14:\"core\/paragraph\";i:8;s:10:\"uagb\/image\";i:9;s:11:\"core\/spacer\";i:10;s:30:\"woocommerce\/product-categories\";i:11;s:10:\"core\/image\";i:12;s:14:\"core\/shortcode\";}s:8:\"uag_flag\";b:1;s:11:\"uag_version\";s:10:\"1777197473\";s:6:\"gfonts\";a:0:{}s:10:\"gfonts_url\";s:0:\"\";s:12:\"gfonts_files\";a:0:{}s:14:\"uag_faq_layout\";b:0;}"]},"uagb_featured_image_src":{"full":["https:\/\/www.ferberpainting.com\/wp-content\/uploads\/2025\/05\/Fridge-and-Freezer-Cleaner-5L.png",2560,2560,false],"thumbnail":["https:\/\/www.ferberpainting.com\/wp-content\/uploads\/2025\/05\/Fridge-and-Freezer-Cleaner-5L-150x150.png",150,150,true],"medium":["https:\/\/www.ferberpainting.com\/wp-content\/uploads\/2025\/05\/Fridge-and-Freezer-Cleaner-5L-300x300.png",300,300,true],"medium_large":["https:\/\/www.ferberpainting.com\/wp-content\/uploads\/2025\/05\/Fridge-and-Freezer-Cleaner-5L-768x768.png",768,768,true],"large":["https:\/\/www.ferberpainting.com\/wp-content\/uploads\/2025\/05\/Fridge-and-Freezer-Cleaner-5L-1024x1024.png",1024,1024,true],"1536x1536":["https:\/\/www.ferberpainting.com\/wp-content\/uploads\/2025\/05\/Fridge-and-Freezer-Cleaner-5L-1536x1536.png",1536,1536,true],"2048x2048":["https:\/\/www.ferberpainting.com\/wp-content\/uploads\/2025\/05\/Fridge-and-Freezer-Cleaner-5L-2048x2048.png",2048,2048,true],"trp-custom-language-flag":["https:\/\/www.ferberpainting.com\/wp-content\/uploads\/2025\/05\/Fridge-and-Freezer-Cleaner-5L-12x12.png",12,12,true],"woocommerce_thumbnail":["https:\/\/www.ferberpainting.com\/wp-content\/uploads\/2025\/05\/Fridge-and-Freezer-Cleaner-5L-300x300.png",300,300,true],"woocommerce_single":["https:\/\/www.ferberpainting.com\/wp-content\/uploads\/2025\/05\/Fridge-and-Freezer-Cleaner-5L-600x600.png",600,600,true],"woocommerce_gallery_thumbnail":["https:\/\/www.ferberpainting.com\/wp-content\/uploads\/2025\/05\/Fridge-and-Freezer-Cleaner-5L-100x100.png",100,100,true]},"uagb_author_info":{"display_name":"admin","author_link":"https:\/\/www.ferberpainting.com\/se\/author\/"},"uagb_comment_info":11,"uagb_excerpt":"Optimal Effectiveness.\u00a0This refrigerator and freezer cleaner is specially formulated to effectively remove food residues, stains, grease deposits, and bad odors that accumulate over time. Thanks to its powerful formula, it degreases, disinfects, and neutralizes bacteria while respecting surfaces in contact with food. It ensures perfect hygiene and helps preserve the freshness of your food by&hellip;","_links":{"self":[{"href":"https:\/\/www.ferberpainting.com\/se\/wp-json\/wp\/v2\/product\/23470","targetHints":{"allow":["GET"]}}],"collection":[{"href":"https:\/\/www.ferberpainting.com\/se\/wp-json\/wp\/v2\/product"}],"about":[{"href":"https:\/\/www.ferberpainting.com\/se\/wp-json\/wp\/v2\/types\/product"}],"replies":[{"embeddable":true,"href":"https:\/\/www.ferberpainting.com\/se\/wp-json\/wp\/v2\/comments?post=23470"}],"version-history":[{"count":5,"href":"https:\/\/www.ferberpainting.com\/se\/wp-json\/wp\/v2\/product\/23470\/revisions"}],"predecessor-version":[{"id":166167,"href":"https:\/\/www.ferberpainting.com\/se\/wp-json\/wp\/v2\/product\/23470\/revisions\/166167"}],"wp:featuredmedia":[{"embeddable":true,"href":"https:\/\/www.ferberpainting.com\/se\/wp-json\/wp\/v2\/media\/36320"}],"wp:attachment":[{"href":"https:\/\/www.ferberpainting.com\/se\/wp-json\/wp\/v2\/media?parent=23470"}],"wp:term":[{"taxonomy":"product_brand","embeddable":true,"href":"https:\/\/www.ferberpainting.com\/se\/wp-json\/wp\/v2\/product_brand?post=23470"},{"taxonomy":"product_cat","embeddable":true,"href":"https:\/\/www.ferberpainting.com\/se\/wp-json\/wp\/v2\/product_cat?post=23470"},{"taxonomy":"product_tag","embeddable":true,"href":"https:\/\/www.ferberpainting.com\/se\/wp-json\/wp\/v2\/product_tag?post=23470"}],"curies":[{"name":"wp","href":"https:\/\/api.w.org\/{rel}","templated":true}]}}