{"id":23198,"date":"2025-05-26T10:23:16","date_gmt":"2025-05-26T08:23:16","guid":{"rendered":"https:\/\/www.ferberpainting.com\/products\/dipladenia-and-mandevilla-fertilizer\/"},"modified":"2026-02-15T13:48:45","modified_gmt":"2026-02-15T12:48:45","slug":"dipladenia-and-mandevilla-fertilizer","status":"publish","type":"product","link":"https:\/\/www.ferberpainting.com\/se\/products\/dipladenia-and-mandevilla-fertilizer\/","title":{"rendered":"Dipladenia och Mandevilla G\u00f6dselmedel"},"content":{"rendered":"<p><img decoding=\"async\" style=\"margin-right: 12px;\" src=\"https:\/\/www.ferberpainting.com\/wp-content\/uploads\/2026\/02\/Check.svg\" alt=\"\" width=\"18\" height=\"15\" \/><strong>Ett g\u00f6dselmedel speciellt utformat f\u00f6r tillv\u00e4xt och riklig blomning av dipladenias och mandevillas.<\/strong>\u00a0Detta g\u00f6dselmedel har formulerats f\u00f6r att tillgodose de specifika behoven hos dessa tropiska kl\u00e4tterv\u00e4xter, k\u00e4nda f\u00f6r sina ljusa blommor och frodiga bladverk. Tack vare sin balanserade sammans\u00e4ttning NPK 15-15-15 ger den kv\u00e4ve (N) f\u00f6r t\u00e4ta och gr\u00f6na blad, fosfor (P) f\u00f6r fast rotning och kalium (K) f\u00f6r att stimulera blomningen. Dess snabbverkande formel fr\u00e4mjar kraftig tillv\u00e4xt och f\u00f6rl\u00e4ngd blomning, vilket garanterar en magnifikt blommande balkong eller tr\u00e4dg\u00e5rd under hela s\u00e4songen.<\/p>\n<p><img decoding=\"async\" style=\"margin-right: 12px;\" src=\"https:\/\/www.ferberpainting.com\/wp-content\/uploads\/2026\/02\/Check.svg\" alt=\"\" width=\"18\" height=\"15\" \/><strong>Pengar-tillbaka-garanti.<\/strong>\u00a0Vi \u00e4r \u00f6vertygade om effektiviteten hos v\u00e5rt g\u00f6dselmedel f\u00f6r dipladenia och mandevilla, varf\u00f6r vi erbjuder en pengarna-tillbaka-garanti. Om din v\u00e4xt efter korrekt anv\u00e4ndning i enlighet med v\u00e5ra rekommendationer inte visar riklig blomning eller h\u00e4lsosam tillv\u00e4xt, f\u00f6rbinder vi oss att \u00e5terbetala dig helt och h\u00e5llet och s\u00e4kerst\u00e4lla ett bekymmersfritt k\u00f6p.<\/p>\n<p><img decoding=\"async\" style=\"margin-right: 12px;\" src=\"https:\/\/www.ferberpainting.com\/wp-content\/uploads\/2026\/02\/Check.svg\" alt=\"\" width=\"18\" height=\"15\" \/><strong>L\u00e4mplig f\u00f6r alla sorter och olika odlingsf\u00f6rh\u00e5llanden.<\/strong>\u00a0Detta g\u00f6dselmedel \u00e4r perfekt f\u00f6r alla sorter av dipladenias och mandevillas, oavsett om de odlas i krukor, beh\u00e5llare eller i \u00f6ppen jord. Det fungerar p\u00e5 ett brett spektrum av substrat, inklusive krukv\u00e4xtblandningar med kompost, perlit, kokosfiber eller sand, vilket s\u00e4kerst\u00e4ller effektiv befruktning oavsett jordkomposition. Den passar ocks\u00e5 perfekt f\u00f6r inomhusv\u00e4xter eller v\u00e4xter p\u00e5 en terrass, balkong eller i en tr\u00e4dg\u00e5rd.<\/p>\n<p><img decoding=\"async\" style=\"margin-right: 12px;\" src=\"https:\/\/www.ferberpainting.com\/wp-content\/uploads\/2026\/02\/Check.svg\" alt=\"\" width=\"18\" height=\"15\" \/><strong>Kostnadseffektiv och l\u00e5ngvarig g\u00f6dsling.<\/strong>\u00a0Tack vare den h\u00f6gkoncentrerade flytande formeln kan en 5-litersbeh\u00e5llare ge upp till 1000 liter g\u00f6dsell\u00f6sning, vilket ger en l\u00e5ngvarig och ekonomisk g\u00f6dsling. Med en dosering p\u00e5 5 ml per liter vatten m\u00f6jligg\u00f6rs en regelbunden tillf\u00f6rsel av n\u00e4rings\u00e4mnen utan risk f\u00f6r \u00f6verdosering, vilket optimerar b\u00e5de v\u00e4xttillv\u00e4xt och blomning samtidigt som avfall undviks.<\/p>\n<p><img decoding=\"async\" style=\"margin-right: 12px;\" src=\"https:\/\/www.ferberpainting.com\/wp-content\/uploads\/2026\/02\/Check.svg\" alt=\"\" width=\"18\" height=\"15\" \/><strong>Ett s\u00e4kert och milj\u00f6v\u00e4nligt g\u00f6dselmedel.<\/strong>\u00a0Detta g\u00f6dselmedel \u00e4r s\u00e4kert f\u00f6r jord, djurliv och blommor, vilket garanterar en mild g\u00f6dsling som respekterar tr\u00e4dg\u00e5rdens ekosystem. Det inneh\u00e5ller inte n\u00e5gra skadliga \u00e4mnen som kan p\u00e5verka den biologiska m\u00e5ngfalden, samtidigt som det fr\u00e4mjar den gynnsamma mikrobiella aktiviteten i jorden. Den \u00e4r ocks\u00e5 s\u00e4ker f\u00f6r husdjur och barn, vilket g\u00f6r den l\u00e4mplig f\u00f6r daglig anv\u00e4ndning.<\/p>\n<p><img decoding=\"async\" style=\"margin-right: 12px;\" src=\"https:\/\/www.ferberpainting.com\/wp-content\/uploads\/2026\/02\/Check.svg\" alt=\"\" width=\"18\" height=\"15\" \/><strong>L\u00e4tt att applicera och enkel g\u00f6dsling.<\/strong>\u00a0Till skillnad fr\u00e5n fasta g\u00f6dningsmedel som m\u00e5ste inf\u00f6rlivas i jorden, sp\u00e4ds detta g\u00f6dningsmedel helt enkelt ut i vattningsvatten, vilket s\u00e4kerst\u00e4ller snabb och effektiv absorption av r\u00f6tter och l\u00f6v. Det kan appliceras direkt p\u00e5 v\u00e4xternas bas eller som en bladspray, vilket ger enkel och effektiv befruktning \u00e4ven f\u00f6r nyb\u00f6rjare i tr\u00e4dg\u00e5rden.<\/p>\n<p><img decoding=\"async\" style=\"margin-right: 12px;\" src=\"https:\/\/www.ferberpainting.com\/wp-content\/uploads\/2026\/02\/Check.svg\" alt=\"\" width=\"18\" height=\"15\" \/><strong>En effektiv \u00e5tg\u00e4rd f\u00f6r intensiv blomning och f\u00f6rb\u00e4ttrad resistens.<\/strong>\u00a0Tack vare den progressiva fris\u00e4ttningen av n\u00e4rings\u00e4mnen stimulerar detta g\u00f6dselmedel kontinuerlig blomning och f\u00f6rl\u00e4nger blomningsperioden. Det st\u00e4rker ocks\u00e5 v\u00e4xtens motst\u00e5ndskraft mot dipladenia- och mandevilla-sjukdomar under sv\u00e5ra f\u00f6rh\u00e5llanden som sommarv\u00e4rme eller perioder av torka, vilket s\u00e4kerst\u00e4ller att v\u00e4xterna f\u00f6rblir friska och f\u00e4rgglada.<\/p>\n<p><img decoding=\"async\" style=\"margin-right: 12px;\" src=\"https:\/\/www.ferberpainting.com\/wp-content\/uploads\/2026\/02\/Check.svg\" alt=\"\" width=\"18\" height=\"15\" \/><strong>Synliga resultat redan under de f\u00f6rsta veckorna.<\/strong>\u00a0Fr\u00e5n den allra f\u00f6rsta appliceringen p\u00e5skyndar detta g\u00f6dselmedel produktionen av nya skott, intensifierar blomf\u00e4rgen och f\u00f6rb\u00e4ttrar bladt\u00e4theten. Inom n\u00e5gra veckor visar dipladenias och mandevillas rikligare och mer l\u00e5ngvarig blomning, med st\u00f6rre och ljusare blommor, vilket skapar en spektakul\u00e4r effekt p\u00e5 en balkong, terrass eller tr\u00e4dg\u00e5rd.<\/p>\n<h2><strong>Anv\u00e4ndning Protokoll<\/strong><\/h2>\n<ul>\n<li><strong>Utsp\u00e4dning av g\u00f6dselmedel <\/strong>:  Blanda 5 ml g\u00f6dselmedel per 1 liter vatten. Skaka l\u00f6sningen v\u00e4l f\u00f6re varje applicering f\u00f6r att s\u00e4kerst\u00e4lla en j\u00e4mn f\u00f6rdelning av n\u00e4rings\u00e4mnena.<\/li>\n<li><strong>Till\u00e4mpningsmetod <\/strong>:\n<ul>\n<li><strong>Genom att vattna <\/strong>: H\u00e4ll den utsp\u00e4dda l\u00f6sningen direkt vid v\u00e4xternas bas och se till att fukta substratet j\u00e4mnt utan \u00f6verskott f\u00f6r att undvika n\u00e4ringsl\u00e4ckage.<\/li>\n<li><strong>Genom bladspray <\/strong>: Spraya l\u00f6sningen l\u00e4tt p\u00e5 bladverket, tidigt p\u00e5 morgonen eller sent p\u00e5 dagen f\u00f6r att undvika snabb avdunstning och maximera absorptionen.<\/li>\n<\/ul>\n<\/li>\n<li><strong>Frekvens av anv\u00e4ndning <\/strong>: Applicera g\u00f6dselmedlet var 10:e till 15:e dag under tillv\u00e4xt- och blomningsperioden (v\u00e5r-sommar) och en g\u00e5ng i m\u00e5naden under viloperioden (h\u00f6st-vinter) f\u00f6r att uppr\u00e4tth\u00e5lla en god n\u00e4ringsbalans.<\/li>\n<li><strong>Ytterligare bevattning <\/strong>: Efter applicering av g\u00f6dselmedlet, v\u00e4nta 48 timmar innan du vattnar igen f\u00f6r att optimera n\u00e4ringsupptaget av r\u00f6tterna.<\/li>\n<li><strong>F\u00f6rsiktighets\u00e5tg\u00e4rder vid anv\u00e4ndning <\/strong>: \u00d6verskrid inte rekommenderade doser f\u00f6r att undvika \u00f6verdriven uppbyggnad av mineralsalter i substratet, vilket kan bromsa v\u00e4xternas tillv\u00e4xt. Applicera alltid g\u00f6dselmedlet p\u00e5 l\u00e4tt fuktig jord f\u00f6r att s\u00e4kerst\u00e4lla optimal absorption.<\/li>\n<li><strong>F\u00f6rvaring och konservering <\/strong>: F\u00f6rvara g\u00f6dselmedlet p\u00e5 en torr, tempererad plats, borta fr\u00e5n ljus och fukt. St\u00e4ng alltid beh\u00e5llaren t\u00e4tt efter varje anv\u00e4ndning f\u00f6r att bevara produktens effektivitet och undvika avdunstning.<\/li>\n<\/ul>\n<p>Med detta g\u00f6dningsmedel f\u00f6r dipladenia och mandevilla erbjuder du dina v\u00e4xter fullst\u00e4ndig n\u00e4ring som \u00e4r perfekt anpassad till deras specifika behov, vilket fr\u00e4mjar kraftig tillv\u00e4xt, kontinuerlig blomning och st\u00f6rre motst\u00e5ndskraft mot utomhusf\u00f6rh\u00e5llanden. Det \u00e4r den perfekta l\u00f6sningen f\u00f6r att s\u00e4kerst\u00e4lla frodiga v\u00e4xter och livfulla blommor under hela s\u00e4songen, vilket f\u00f6rb\u00e4ttrar ditt utomhusutrymme med spektakul\u00e4ra och varaktiga blommor.<\/p>","protected":false},"excerpt":{"rendered":"<p>A fertilizer specially designed for the growth and abundant flowering of dipladenias and mandevillas.\u00a0This fertilizer has been formulated to meet the specific needs of these tropical climbing plants, known for their bright flowers and lush foliage. Thanks to its balanced composition NPK 15-15-15, it provides nitrogen (N) for dense and green foliage, phosphorus (P) for [&hellip;]<\/p>\n","protected":false},"featured_media":25753,"comment_status":"open","ping_status":"closed","template":"","meta":{"_uag_custom_page_level_css":"","site-sidebar-layout":"default","site-content-layout":"","ast-site-content-layout":"default","site-content-style":"default","site-sidebar-style":"default","ast-global-header-display":"","ast-banner-title-visibility":"","ast-main-header-display":"","ast-hfb-above-header-display":"","ast-hfb-below-header-display":"","ast-hfb-mobile-header-display":"","site-post-title":"","ast-breadcrumbs-content":"","ast-featured-img":"","footer-sml-layout":"","ast-disable-related-posts":"","theme-transparent-header-meta":"default","adv-header-id-meta":"","stick-header-meta":"","header-above-stick-meta":"","header-main-stick-meta":"","header-below-stick-meta":"","astra-migrate-meta-layouts":"set","ast-page-background-enabled":"default","ast-page-background-meta":{"desktop":{"background-color":"var(--ast-global-color-4)","background-image":"","background-repeat":"repeat","background-position":"center center","background-size":"auto","background-attachment":"scroll","background-type":"","background-media":"","overlay-type":"","overlay-color":"","overlay-opacity":"","overlay-gradient":""},"tablet":{"background-color":"","background-image":"","background-repeat":"repeat","background-position":"center center","background-size":"auto","background-attachment":"scroll","background-type":"","background-media":"","overlay-type":"","overlay-color":"","overlay-opacity":"","overlay-gradient":""},"mobile":{"background-color":"","background-image":"","background-repeat":"repeat","background-position":"center center","background-size":"auto","background-attachment":"scroll","background-type":"","background-media":"","overlay-type":"","overlay-color":"","overlay-opacity":"","overlay-gradient":""}},"ast-content-background-meta":{"desktop":{"background-color":"var(--ast-global-color-5)","background-image":"","background-repeat":"repeat","background-position":"center center","background-size":"auto","background-attachment":"scroll","background-type":"","background-media":"","overlay-type":"","overlay-color":"","overlay-opacity":"","overlay-gradient":""},"tablet":{"background-color":"var(--ast-global-color-5)","background-image":"","background-repeat":"repeat","background-position":"center center","background-size":"auto","background-attachment":"scroll","background-type":"","background-media":"","overlay-type":"","overlay-color":"","overlay-opacity":"","overlay-gradient":""},"mobile":{"background-color":"var(--ast-global-color-5)","background-image":"","background-repeat":"repeat","background-position":"center center","background-size":"auto","background-attachment":"scroll","background-type":"","background-media":"","overlay-type":"","overlay-color":"","overlay-opacity":"","overlay-gradient":""}}},"product_brand":[],"product_cat":[178],"product_tag":[],"class_list":{"0":"post-23198","1":"product","2":"type-product","3":"status-publish","4":"has-post-thumbnail","6":"product_cat-fertilizers","7":"desktop-align-left","8":"tablet-align-left","9":"mobile-align-left","11":"first","12":"instock","13":"sale","14":"shipping-taxable","15":"purchasable","16":"product-type-variable","17":"has-default-attributes"},"spectra_custom_meta":{"_visibility":["visible"],"_shopify_product_id":["9066398679285"],"_s2w_shopify_domain":["ferberpainting.myshopify.com"],"_shopify_variant_id":["46503340441845"],"_sku":[""],"_manage_stock":["no"],"total_sales":["12"],"_tax_status":["taxable"],"_tax_class":[""],"_backorders":["no"],"_sold_individually":["no"],"_virtual":["no"],"_downloadable":["no"],"_download_limit":["-1"],"_download_expiry":["-1"],"_stock":[null],"_stock_status":["instock"],"_wc_average_rating":["5.00"],"_wc_review_count":["5"],"_product_attributes":["a:1:{s:6:\"volume\";a:6:{s:4:\"name\";s:6:\"Volume\";s:5:\"value\";s:20:\"5 liters | 25 liters\";s:8:\"position\";i:1;s:10:\"is_visible\";i:0;s:12:\"is_variation\";i:1;s:11:\"is_taxonomy\";i:0;}}"],"_product_version":["10.5.1"],"_thumbnail_id":["25753"],"_product_image_gallery":["25754"],"wpse_downloadable_file_names":[""],"wpse_downloadable_file_urls":[""],"_edit_last":["1"],"_default_attributes":["a:1:{s:6:\"volume\";s:8:\"5 liters\";}"],"_wc_rating_count":["a:1:{i:5;i:5;}"],"_edit_lock":["1771159645:1"],"_price":["29.90","129.90"],"merchant-center-availability":["yes"],"merchant-center-category":["113"],"_wp_page_template":["default"],"site-sidebar-layout":["default"],"ast-site-content-layout":["default"],"site-content-style":["default"],"site-sidebar-style":["default"],"theme-transparent-header-meta":["default"],"astra-migrate-meta-layouts":["set"],"_uag_css_file_name":["uag-css-23198.css"],"_elementor_page_assets":["a:0:{}"],"_uag_page_assets":["a:9:{s:3:\"css\";s:6873:\".wp-block-uagb-image{display:flex}.wp-block-uagb-image__figure{position:relative;display:flex;flex-direction:column;max-width:100%;height:auto;margin:0}.wp-block-uagb-image__figure img{height:auto;display:flex;max-width:100%;transition:box-shadow .2s ease}.wp-block-uagb-image__figure>a{display:inline-block}.wp-block-uagb-image__figure figcaption{text-align:center;margin-top:.5em;margin-bottom:1em}.wp-block-uagb-image .components-placeholder.block-editor-media-placeholder .components-placeholder__instructions{align-self:center}.wp-block-uagb-image--align-left{text-align:left}.wp-block-uagb-image--align-right{text-align:right}.wp-block-uagb-image--align-center{text-align:center}.wp-block-uagb-image--align-full .wp-block-uagb-image__figure{margin-left:calc(50% - 50vw);margin-right:calc(50% - 50vw);max-width:100vw;width:100vw;height:auto}.wp-block-uagb-image--align-full .wp-block-uagb-image__figure img{height:auto;width:100% !important}.wp-block-uagb-image--align-wide .wp-block-uagb-image__figure img{height:auto;width:100%}.wp-block-uagb-image--layout-overlay__color-wrapper{position:absolute;left:0;top:0;right:0;bottom:0;opacity:.2;background:rgba(0,0,0,.5);transition:opacity .35s ease-in-out}.wp-block-uagb-image--layout-overlay-link{position:absolute;left:0;right:0;bottom:0;top:0}.wp-block-uagb-image--layout-overlay .wp-block-uagb-image__figure:hover .wp-block-uagb-image--layout-overlay__color-wrapper{opacity:1}.wp-block-uagb-image--layout-overlay__inner{position:absolute;left:15px;right:15px;bottom:15px;top:15px;display:flex;align-items:center;justify-content:center;flex-direction:column;border-color:#fff;transition:.35s ease-in-out}.wp-block-uagb-image--layout-overlay__inner.top-left,.wp-block-uagb-image--layout-overlay__inner.top-center,.wp-block-uagb-image--layout-overlay__inner.top-right{justify-content:flex-start}.wp-block-uagb-image--layout-overlay__inner.bottom-left,.wp-block-uagb-image--layout-overlay__inner.bottom-center,.wp-block-uagb-image--layout-overlay__inner.bottom-right{justify-content:flex-end}.wp-block-uagb-image--layout-overlay__inner.top-left,.wp-block-uagb-image--layout-overlay__inner.center-left,.wp-block-uagb-image--layout-overlay__inner.bottom-left{align-items:flex-start}.wp-block-uagb-image--layout-overlay__inner.top-right,.wp-block-uagb-image--layout-overlay__inner.center-right,.wp-block-uagb-image--layout-overlay__inner.bottom-right{align-items:flex-end}.wp-block-uagb-image--layout-overlay__inner .uagb-image-heading{color:#fff;transition:transform .35s,opacity .35s ease-in-out;transform:translate3d(0, 24px, 0);margin:0;line-height:1em}.wp-block-uagb-image--layout-overlay__inner .uagb-image-separator{width:30%;border-top-width:2px;border-top-color:#fff;border-top-style:solid;margin-bottom:10px;opacity:0;transition:transform .4s,opacity .4s ease-in-out;transform:translate3d(0, 30px, 0)}.wp-block-uagb-image--layout-overlay__inner .uagb-image-caption{opacity:0;overflow:visible;color:#fff;transition:transform .45s,opacity .45s ease-in-out;transform:translate3d(0, 35px, 0)}.wp-block-uagb-image--layout-overlay__inner:hover .uagb-image-heading,.wp-block-uagb-image--layout-overlay__inner:hover .uagb-image-separator,.wp-block-uagb-image--layout-overlay__inner:hover .uagb-image-caption{opacity:1;transform:translate3d(0, 0, 0)}.wp-block-uagb-image--effect-zoomin .wp-block-uagb-image__figure img,.wp-block-uagb-image--effect-zoomin .wp-block-uagb-image__figure .wp-block-uagb-image--layout-overlay__color-wrapper{transform:scale(1);transition:transform .35s ease-in-out}.wp-block-uagb-image--effect-zoomin .wp-block-uagb-image__figure:hover img,.wp-block-uagb-image--effect-zoomin .wp-block-uagb-image__figure:hover .wp-block-uagb-image--layout-overlay__color-wrapper{transform:scale(1.05)}.wp-block-uagb-image--effect-slide .wp-block-uagb-image__figure img,.wp-block-uagb-image--effect-slide .wp-block-uagb-image__figure .wp-block-uagb-image--layout-overlay__color-wrapper{width:calc(100% + 40px) !important;max-width:none !important;transform:translate3d(-40px, 0, 0);transition:transform .35s ease-in-out}.wp-block-uagb-image--effect-slide .wp-block-uagb-image__figure:hover img,.wp-block-uagb-image--effect-slide .wp-block-uagb-image__figure:hover .wp-block-uagb-image--layout-overlay__color-wrapper{transform:translate3d(0, 0, 0)}.wp-block-uagb-image--effect-grayscale img{filter:grayscale(0%);transition:.35s ease-in-out}.wp-block-uagb-image--effect-grayscale:hover img{filter:grayscale(100%)}.wp-block-uagb-image--effect-blur img{filter:blur(0);transition:.35s ease-in-out}.wp-block-uagb-image--effect-blur:hover img{filter:blur(3px)}.uagb-block-e6f939b3.wp-block-uagb-image--layout-default figure img{box-shadow: 0px 0px 0 #00000070;}.uagb-block-e6f939b3.wp-block-uagb-image .wp-block-uagb-image__figure figcaption{font-style: normal;align-self: center;}.uagb-block-e6f939b3.wp-block-uagb-image--layout-overlay figure img{box-shadow: 0px 0px 0 #00000070;}.uagb-block-e6f939b3.wp-block-uagb-image--layout-overlay .wp-block-uagb-image--layout-overlay__color-wrapper{opacity: 0.2;}.uagb-block-e6f939b3.wp-block-uagb-image--layout-overlay .wp-block-uagb-image--layout-overlay__inner{left: 15px;right: 15px;top: 15px;bottom: 15px;}.uagb-block-e6f939b3.wp-block-uagb-image--layout-overlay .wp-block-uagb-image--layout-overlay__inner .uagb-image-heading{font-style: normal;color: #fff;opacity: 1;}.uagb-block-e6f939b3.wp-block-uagb-image--layout-overlay .wp-block-uagb-image--layout-overlay__inner .uagb-image-heading a{color: #fff;}.uagb-block-e6f939b3.wp-block-uagb-image--layout-overlay .wp-block-uagb-image--layout-overlay__inner .uagb-image-caption{opacity: 0;}.uagb-block-e6f939b3.wp-block-uagb-image--layout-overlay .wp-block-uagb-image__figure:hover .wp-block-uagb-image--layout-overlay__color-wrapper{opacity: 1;}.uagb-block-e6f939b3.wp-block-uagb-image .wp-block-uagb-image--layout-overlay__inner .uagb-image-separator{width: 30%;border-top-width: 2px;border-top-color: #fff;opacity: 0;}.uagb-block-e6f939b3.wp-block-uagb-image .wp-block-uagb-image__figure img{width: px;height: auto;}.uagb-block-e6f939b3.wp-block-uagb-image .wp-block-uagb-image__figure:hover .wp-block-uagb-image--layout-overlay__inner .uagb-image-caption{opacity: 1;}.uagb-block-e6f939b3.wp-block-uagb-image .wp-block-uagb-image__figure:hover .wp-block-uagb-image--layout-overlay__inner .uagb-image-separator{opacity: 1;}.uagb-block-e6f939b3.wp-block-uagb-image--layout-default figure:hover img{box-shadow: 0px 0px 0 #00000070;}.uagb-block-e6f939b3.wp-block-uagb-image--layout-overlay figure:hover img{box-shadow: 0px 0px 0 #00000070;}@media only screen and (max-width: 976px) {.uagb-block-e6f939b3.wp-block-uagb-image .wp-block-uagb-image__figure img{width: px;height: auto;}}@media only screen and (max-width: 767px) {.uagb-block-e6f939b3.wp-block-uagb-image .wp-block-uagb-image__figure img{width: px;height: auto;}}\";s:2:\"js\";s:0:\"\";s:18:\"current_block_list\";a:13:{i:0;s:11:\"core\/search\";i:1;s:10:\"core\/group\";i:2;s:12:\"core\/heading\";i:3;s:17:\"core\/latest-posts\";i:4;s:20:\"core\/latest-comments\";i:5;s:13:\"core\/archives\";i:6;s:15:\"core\/categories\";i:7;s:14:\"core\/paragraph\";i:8;s:10:\"uagb\/image\";i:9;s:11:\"core\/spacer\";i:10;s:30:\"woocommerce\/product-categories\";i:11;s:10:\"core\/image\";i:12;s:14:\"core\/shortcode\";}s:8:\"uag_flag\";b:1;s:11:\"uag_version\";s:10:\"1777037217\";s:6:\"gfonts\";a:0:{}s:10:\"gfonts_url\";s:0:\"\";s:12:\"gfonts_files\";a:0:{}s:14:\"uag_faq_layout\";b:0;}"]},"uagb_featured_image_src":{"full":["https:\/\/www.ferberpainting.com\/wp-content\/uploads\/2025\/05\/DipladeniaandMandevillaFertilizer5L.png",2560,2560,false],"thumbnail":["https:\/\/www.ferberpainting.com\/wp-content\/uploads\/2025\/05\/DipladeniaandMandevillaFertilizer5L-150x150.png",150,150,true],"medium":["https:\/\/www.ferberpainting.com\/wp-content\/uploads\/2025\/05\/DipladeniaandMandevillaFertilizer5L-300x300.png",300,300,true],"medium_large":["https:\/\/www.ferberpainting.com\/wp-content\/uploads\/2025\/05\/DipladeniaandMandevillaFertilizer5L-768x768.png",768,768,true],"large":["https:\/\/www.ferberpainting.com\/wp-content\/uploads\/2025\/05\/DipladeniaandMandevillaFertilizer5L-1024x1024.png",1024,1024,true],"1536x1536":["https:\/\/www.ferberpainting.com\/wp-content\/uploads\/2025\/05\/DipladeniaandMandevillaFertilizer5L-1536x1536.png",1536,1536,true],"2048x2048":["https:\/\/www.ferberpainting.com\/wp-content\/uploads\/2025\/05\/DipladeniaandMandevillaFertilizer5L-2048x2048.png",2048,2048,true],"trp-custom-language-flag":["https:\/\/www.ferberpainting.com\/wp-content\/uploads\/2025\/05\/DipladeniaandMandevillaFertilizer5L-12x12.png",12,12,true],"woocommerce_thumbnail":["https:\/\/www.ferberpainting.com\/wp-content\/uploads\/2025\/05\/DipladeniaandMandevillaFertilizer5L-300x300.png",300,300,true],"woocommerce_single":["https:\/\/www.ferberpainting.com\/wp-content\/uploads\/2025\/05\/DipladeniaandMandevillaFertilizer5L-600x600.png",600,600,true],"woocommerce_gallery_thumbnail":["https:\/\/www.ferberpainting.com\/wp-content\/uploads\/2025\/05\/DipladeniaandMandevillaFertilizer5L-100x100.png",100,100,true]},"uagb_author_info":{"display_name":"admin","author_link":"https:\/\/www.ferberpainting.com\/se\/author\/"},"uagb_comment_info":5,"uagb_excerpt":"A fertilizer specially designed for the growth and abundant flowering of dipladenias and mandevillas.\u00a0This fertilizer has been formulated to meet the specific needs of these tropical climbing plants, known for their bright flowers and lush foliage. Thanks to its balanced composition NPK 15-15-15, it provides nitrogen (N) for dense and green foliage, phosphorus (P) for&hellip;","_links":{"self":[{"href":"https:\/\/www.ferberpainting.com\/se\/wp-json\/wp\/v2\/product\/23198","targetHints":{"allow":["GET"]}}],"collection":[{"href":"https:\/\/www.ferberpainting.com\/se\/wp-json\/wp\/v2\/product"}],"about":[{"href":"https:\/\/www.ferberpainting.com\/se\/wp-json\/wp\/v2\/types\/product"}],"replies":[{"embeddable":true,"href":"https:\/\/www.ferberpainting.com\/se\/wp-json\/wp\/v2\/comments?post=23198"}],"version-history":[{"count":5,"href":"https:\/\/www.ferberpainting.com\/se\/wp-json\/wp\/v2\/product\/23198\/revisions"}],"predecessor-version":[{"id":166098,"href":"https:\/\/www.ferberpainting.com\/se\/wp-json\/wp\/v2\/product\/23198\/revisions\/166098"}],"wp:featuredmedia":[{"embeddable":true,"href":"https:\/\/www.ferberpainting.com\/se\/wp-json\/wp\/v2\/media\/25753"}],"wp:attachment":[{"href":"https:\/\/www.ferberpainting.com\/se\/wp-json\/wp\/v2\/media?parent=23198"}],"wp:term":[{"taxonomy":"product_brand","embeddable":true,"href":"https:\/\/www.ferberpainting.com\/se\/wp-json\/wp\/v2\/product_brand?post=23198"},{"taxonomy":"product_cat","embeddable":true,"href":"https:\/\/www.ferberpainting.com\/se\/wp-json\/wp\/v2\/product_cat?post=23198"},{"taxonomy":"product_tag","embeddable":true,"href":"https:\/\/www.ferberpainting.com\/se\/wp-json\/wp\/v2\/product_tag?post=23198"}],"curies":[{"name":"wp","href":"https:\/\/api.w.org\/{rel}","templated":true}]}}