{"id":23194,"date":"2025-05-26T10:23:15","date_gmt":"2025-05-26T08:23:15","guid":{"rendered":"https:\/\/www.ferberpainting.com\/products\/dappled-willow-fertilizer\/"},"modified":"2026-02-15T13:47:24","modified_gmt":"2026-02-15T12:47:24","slug":"dappled-willow-fertilizer","status":"publish","type":"product","link":"https:\/\/www.ferberpainting.com\/se\/products\/dappled-willow-fertilizer\/","title":{"rendered":"Dappled Willow G\u00f6dselmedel 25 kg"},"content":{"rendered":"<p><img decoding=\"async\" style=\"margin-right: 12px;\" src=\"https:\/\/www.ferberpainting.com\/wp-content\/uploads\/2026\/02\/Check.svg\" alt=\"\" width=\"18\" height=\"15\" \/><strong>Ett komplett g\u00f6dningsmedel f\u00f6r livfulla bladverk och optimal tillv\u00e4xt.<\/strong>\u00a0Detta g\u00f6dselmedel, speciellt utformat f\u00f6r flamingopil (Salix integra \u2018Hakuro Nishiki\u2019), ger ditt tr\u00e4d alla viktiga n\u00e4rings\u00e4mnen f\u00f6r att fr\u00e4mja ett t\u00e4tt, f\u00e4rgstarkt bladverk, h\u00e4lsosam tillv\u00e4xt och b\u00e4ttre motst\u00e5ndskraft mot yttre stress. Tack vare sitt balanserade inneh\u00e5ll av kv\u00e4ve, fosfor och kalium (NPK 10-10-10) stimulerar det utvecklingen av unga skott, st\u00e4rker rotstrukturen och f\u00f6rb\u00e4ttrar v\u00e4xtens allm\u00e4nna vitalitet.<\/p>\n<p><img decoding=\"async\" style=\"margin-right: 12px;\" src=\"https:\/\/www.ferberpainting.com\/wp-content\/uploads\/2026\/02\/Check.svg\" alt=\"\" width=\"18\" height=\"15\" \/><strong>Pengar-tillbaka-garanti.<\/strong>\u00a0Vi \u00e4r \u00f6vertygade om att v\u00e5rt g\u00f6dningsmedel \u00e4r effektivt, och d\u00e4rf\u00f6r erbjuder vi en pengarna-tillbaka-garanti. Om du, efter anv\u00e4ndning i enlighet med instruktionerna, inte m\u00e4rker n\u00e5gon f\u00f6rb\u00e4ttring av tillv\u00e4xten eller kraften hos din flamingopil, lovar vi att \u00e5terbetala dig helt och h\u00e5llet.<\/p>\n<p><img decoding=\"async\" style=\"margin-right: 12px;\" src=\"https:\/\/www.ferberpainting.com\/wp-content\/uploads\/2026\/02\/Check.svg\" alt=\"\" width=\"18\" height=\"15\" \/><strong>L\u00e4mplig f\u00f6r alla jordtyper och odlingsf\u00f6rh\u00e5llanden.<\/strong>\u00a0Oavsett om din flamingopil planteras i marken, i krukor eller i terrassplanteringar, anpassar detta g\u00f6dselmedel sig perfekt till dess odlingsmilj\u00f6. Det fungerar p\u00e5 alla jordtyper, inklusive ler-, ler- och sandjordar, och f\u00f6rb\u00e4ttrar n\u00e4ringsupptaget f\u00f6r att s\u00e4kerst\u00e4lla balanserad och enhetlig tillv\u00e4xt.<\/p>\n<p><img decoding=\"async\" style=\"margin-right: 12px;\" src=\"https:\/\/www.ferberpainting.com\/wp-content\/uploads\/2026\/02\/Check.svg\" alt=\"\" width=\"18\" height=\"15\" \/><strong>Utm\u00e4rkt kostnadseffektivitet.<\/strong>\u00a0Tack vare sin ultrakoncentrerade formulering i fast form garanterar detta g\u00f6dselmedel en l\u00e5ngsam fris\u00e4ttning av n\u00e4rings\u00e4mnen, vilket ger l\u00e5ngvarig utfodring utan urlakning. Med bara en 25 kg p\u00e5se kan du g\u00f6dsla upp till 125 tr\u00e4d, vilket g\u00f6r det till en kostnadseffektiv och h\u00e5llbar l\u00f6sning f\u00f6r att underh\u00e5lla din tr\u00e4dg\u00e5rd \u00e5ret runt.<\/p>\n<p><img decoding=\"async\" style=\"margin-right: 12px;\" src=\"https:\/\/www.ferberpainting.com\/wp-content\/uploads\/2026\/02\/Check.svg\" alt=\"\" width=\"18\" height=\"15\" \/><strong>Ett s\u00e4kert g\u00f6dningsmedel f\u00f6r din tr\u00e4dg\u00e5rd och f\u00f6r milj\u00f6n.<\/strong>\u00a0Detta g\u00f6dselmedel \u00e4r formulerat utan starka kemiska komponenter och respekterar den naturliga balansen i jorden och den lokala biologiska m\u00e5ngfalden. Det br\u00e4nner inte r\u00f6tterna, f\u00f6rorenar inte grundvattnet och hj\u00e4lper till att uppr\u00e4tth\u00e5lla b\u00f6rdig, levande jord. Den \u00e4r idealisk f\u00f6r milj\u00f6v\u00e4nlig tr\u00e4dg\u00e5rdssk\u00f6tsel och passar b\u00e5de amat\u00f6rer och professionella tr\u00e4dg\u00e5rdsm\u00e4stare.<\/p>\n<p><img decoding=\"async\" style=\"margin-right: 12px;\" src=\"https:\/\/www.ferberpainting.com\/wp-content\/uploads\/2026\/02\/Check.svg\" alt=\"\" width=\"18\" height=\"15\" \/><strong>Enkel och snabb att anv\u00e4nda.<\/strong>\u00a0Till skillnad fr\u00e5n flytande g\u00f6dselmedel som kr\u00e4ver exakt beredning och dosering appliceras detta fasta g\u00f6dselmedel direkt vid basen av flamingopilen, utan behov av utsp\u00e4dning eller specialutrustning. Str\u00f6 helt enkelt den rekommenderade dosen runt v\u00e4xten och arbeta l\u00e4tt in den i jorden s\u00e5 att den l\u00e5ngsamt kan b\u00f6rja frig\u00f6ra sina n\u00e4rings\u00e4mnen.<\/p>\n<p><img decoding=\"async\" style=\"margin-right: 12px;\" src=\"https:\/\/www.ferberpainting.com\/wp-content\/uploads\/2026\/02\/Check.svg\" alt=\"\" width=\"18\" height=\"15\" \/><strong>Ut\u00f6kade \u00e5tg\u00e4rder f\u00f6r kontinuerlig tillv\u00e4xt.<\/strong>\u00a0Tack vare sin sammans\u00e4ttning med l\u00e5ngsam fris\u00e4ttning ger detta g\u00f6dningsmedel homogen n\u00e4ring till flamingo-pilen i flera veckor. Det hj\u00e4lper till att f\u00f6rhindra brister, minska vattningsbehovet och s\u00e4kerst\u00e4lla en harmonisk tillv\u00e4xt \u00e5ret runt.<\/p>\n<p><img decoding=\"async\" style=\"margin-right: 12px;\" src=\"https:\/\/www.ferberpainting.com\/wp-content\/uploads\/2026\/02\/Check.svg\" alt=\"\" width=\"18\" height=\"15\" \/><strong>Synliga resultat p\u00e5 bara n\u00e5gra veckor.<\/strong>\u00a0Redan vid f\u00f6rsta appliceringen kommer du att m\u00e4rka att bladverkets rosa och vita nyanser blir djupare, att de nya skotten f\u00f6rdelas b\u00e4ttre och att sidogrenarna utvecklas mer. Din flamingopil kommer att se kraftigare, fylligare och mer levande ut.<\/p>\n<h2><strong>Anv\u00e4ndningsprotokoll<\/strong><\/h2>\n<p><strong>Rekommenderad dosering <\/strong>:<\/p>\n<ul>\n<li>F\u00f6r unga flamingopilar (under 2 \u00e5r): 100 g g\u00f6dningsmedel sprids runt stammen och appliceras p\u00e5 nytt varannan m\u00e5nad under v\u00e4xts\u00e4songen.<\/li>\n<li>F\u00f6r vuxna flamingo pilar: 200 g g\u00f6dningsmedel runt basen, tre g\u00e5nger per \u00e5r (v\u00e5r, sommar och h\u00f6st).<\/li>\n<\/ul>\n<p><strong>Till\u00e4mpningsmetod <\/strong>:<\/p>\n<ul>\n<li>Sprid ut g\u00f6dningsmedlet j\u00e4mnt vid basen av flamingopilen och undvik direktkontakt med stammen.<\/li>\n<li>Arbeta l\u00e4tt med jorden f\u00f6r att inf\u00f6rliva g\u00f6dselmedlet och fr\u00e4mja dess absorption.<\/li>\n<li>Vattna rikligt efter applicering f\u00f6r att aktivera n\u00e4ringsspridningen.<\/li>\n<\/ul>\n<p><strong>F\u00f6rsiktighets\u00e5tg\u00e4rder vid anv\u00e4ndning <\/strong>:<\/p>\n<ul>\n<li>\u00d6verdosera inte f\u00f6r att undvika alltf\u00f6r snabb tillv\u00e4xt.<\/li>\n<li>F\u00f6rvara g\u00f6dselmedlet p\u00e5 en sval, torr plats, skyddad fr\u00e5n fukt.<\/li>\n<li>Anv\u00e4nd inte p\u00e5 v\u00e4xter under vattenstress eller under vintervila.<\/li>\n<\/ul>\n<p>Tack vare detta g\u00f6dselmedel f\u00f6r flamingopil garanterar du ditt tr\u00e4d snabb tillv\u00e4xt, frodigt bladverk och h\u00e4lsosam blomning under hela \u00e5ret. Dess balanserade formulering, bevisade effektivitet och enkla applicering g\u00f6r det till en viktig allierad f\u00f6r alla tr\u00e4dg\u00e5rdsm\u00e4stare som bryr sig om sina v\u00e4xters sk\u00f6nhet och v\u00e4lbefinnande.<\/p>","protected":false},"excerpt":{"rendered":"<p>A complete fertilizer for vibrant foliage and optimal growth.\u00a0This fertilizer, specially designed for flamingo willow (Salix integra \u2018Hakuro Nishiki\u2019), provides your tree with all the essential nutrients to promote dense, colorful foliage, healthy growth, and better resistance to external stress. Thanks to its balanced content of nitrogen, phosphorus and potassium (NPK 10-10-10), it stimulates young [&hellip;]<\/p>\n","protected":false},"featured_media":25752,"comment_status":"open","ping_status":"closed","template":"","meta":{"_uag_custom_page_level_css":"","site-sidebar-layout":"default","site-content-layout":"","ast-site-content-layout":"default","site-content-style":"default","site-sidebar-style":"default","ast-global-header-display":"","ast-banner-title-visibility":"","ast-main-header-display":"","ast-hfb-above-header-display":"","ast-hfb-below-header-display":"","ast-hfb-mobile-header-display":"","site-post-title":"","ast-breadcrumbs-content":"","ast-featured-img":"","footer-sml-layout":"","ast-disable-related-posts":"","theme-transparent-header-meta":"default","adv-header-id-meta":"","stick-header-meta":"","header-above-stick-meta":"","header-main-stick-meta":"","header-below-stick-meta":"","astra-migrate-meta-layouts":"set","ast-page-background-enabled":"default","ast-page-background-meta":{"desktop":{"background-color":"var(--ast-global-color-4)","background-image":"","background-repeat":"repeat","background-position":"center center","background-size":"auto","background-attachment":"scroll","background-type":"","background-media":"","overlay-type":"","overlay-color":"","overlay-opacity":"","overlay-gradient":""},"tablet":{"background-color":"","background-image":"","background-repeat":"repeat","background-position":"center center","background-size":"auto","background-attachment":"scroll","background-type":"","background-media":"","overlay-type":"","overlay-color":"","overlay-opacity":"","overlay-gradient":""},"mobile":{"background-color":"","background-image":"","background-repeat":"repeat","background-position":"center center","background-size":"auto","background-attachment":"scroll","background-type":"","background-media":"","overlay-type":"","overlay-color":"","overlay-opacity":"","overlay-gradient":""}},"ast-content-background-meta":{"desktop":{"background-color":"var(--ast-global-color-5)","background-image":"","background-repeat":"repeat","background-position":"center center","background-size":"auto","background-attachment":"scroll","background-type":"","background-media":"","overlay-type":"","overlay-color":"","overlay-opacity":"","overlay-gradient":""},"tablet":{"background-color":"var(--ast-global-color-5)","background-image":"","background-repeat":"repeat","background-position":"center center","background-size":"auto","background-attachment":"scroll","background-type":"","background-media":"","overlay-type":"","overlay-color":"","overlay-opacity":"","overlay-gradient":""},"mobile":{"background-color":"var(--ast-global-color-5)","background-image":"","background-repeat":"repeat","background-position":"center center","background-size":"auto","background-attachment":"scroll","background-type":"","background-media":"","overlay-type":"","overlay-color":"","overlay-opacity":"","overlay-gradient":""}}},"product_brand":[],"product_cat":[178],"product_tag":[],"class_list":{"0":"post-23194","1":"product","2":"type-product","3":"status-publish","4":"has-post-thumbnail","6":"product_cat-fertilizers","7":"desktop-align-left","8":"tablet-align-left","9":"mobile-align-left","11":"first","12":"instock","13":"taxable","14":"shipping-taxable","15":"purchasable","16":"product-type-simple"},"spectra_custom_meta":{"_visibility":["visible"],"_shopify_product_id":["9072671654133"],"_s2w_shopify_domain":["ferberpainting.myshopify.com"],"_shopify_variant_id":["46522178830581"],"_sku":["FPDAPPLEDWILLOWFERTILIZER25KG"],"_regular_price":["39.90"],"_price":["39.90"],"_sale_price":[""],"_weight":["18.7"],"_thumbnail_id":["25752"],"_global_unique_id":["5056773817883"],"total_sales":["0"],"_tax_status":["taxable"],"_tax_class":[""],"_manage_stock":["no"],"_backorders":["no"],"_sold_individually":["no"],"_virtual":["no"],"_downloadable":["no"],"_download_limit":["-1"],"_download_expiry":["-1"],"_stock":[null],"_stock_status":["instock"],"_wc_average_rating":["5.00"],"_wc_review_count":["17"],"_product_version":["10.5.1"],"_wc_rating_count":["a:1:{i:5;i:17;}"],"_edit_lock":["1771159504:1"],"merchant-center-availability":["yes"],"merchant-center-category":["113"],"_edit_last":["1"],"_wp_page_template":["default"],"site-sidebar-layout":["default"],"ast-site-content-layout":["default"],"site-content-style":["default"],"site-sidebar-style":["default"],"theme-transparent-header-meta":["default"],"astra-migrate-meta-layouts":["set"],"_uag_css_file_name":["uag-css-23194.css"],"_elementor_page_assets":["a:0:{}"],"_uag_page_assets":["a:9:{s:3:\"css\";s:7133:\".uag-blocks-common-selector{z-index:var(--z-index-desktop) !important}@media(max-width: 976px){.uag-blocks-common-selector{z-index:var(--z-index-tablet) !important}}@media(max-width: 767px){.uag-blocks-common-selector{z-index:var(--z-index-mobile) !important}}.wp-block-uagb-image{display:flex}.wp-block-uagb-image__figure{position:relative;display:flex;flex-direction:column;max-width:100%;height:auto;margin:0}.wp-block-uagb-image__figure img{height:auto;display:flex;max-width:100%;transition:box-shadow .2s ease}.wp-block-uagb-image__figure>a{display:inline-block}.wp-block-uagb-image__figure figcaption{text-align:center;margin-top:.5em;margin-bottom:1em}.wp-block-uagb-image .components-placeholder.block-editor-media-placeholder .components-placeholder__instructions{align-self:center}.wp-block-uagb-image--align-left{text-align:left}.wp-block-uagb-image--align-right{text-align:right}.wp-block-uagb-image--align-center{text-align:center}.wp-block-uagb-image--align-full .wp-block-uagb-image__figure{margin-left:calc(50% - 50vw);margin-right:calc(50% - 50vw);max-width:100vw;width:100vw;height:auto}.wp-block-uagb-image--align-full .wp-block-uagb-image__figure img{height:auto;width:100% !important}.wp-block-uagb-image--align-wide .wp-block-uagb-image__figure img{height:auto;width:100%}.wp-block-uagb-image--layout-overlay__color-wrapper{position:absolute;left:0;top:0;right:0;bottom:0;opacity:.2;background:rgba(0,0,0,.5);transition:opacity .35s ease-in-out}.wp-block-uagb-image--layout-overlay-link{position:absolute;left:0;right:0;bottom:0;top:0}.wp-block-uagb-image--layout-overlay .wp-block-uagb-image__figure:hover .wp-block-uagb-image--layout-overlay__color-wrapper{opacity:1}.wp-block-uagb-image--layout-overlay__inner{position:absolute;left:15px;right:15px;bottom:15px;top:15px;display:flex;align-items:center;justify-content:center;flex-direction:column;border-color:#fff;transition:.35s ease-in-out}.wp-block-uagb-image--layout-overlay__inner.top-left,.wp-block-uagb-image--layout-overlay__inner.top-center,.wp-block-uagb-image--layout-overlay__inner.top-right{justify-content:flex-start}.wp-block-uagb-image--layout-overlay__inner.bottom-left,.wp-block-uagb-image--layout-overlay__inner.bottom-center,.wp-block-uagb-image--layout-overlay__inner.bottom-right{justify-content:flex-end}.wp-block-uagb-image--layout-overlay__inner.top-left,.wp-block-uagb-image--layout-overlay__inner.center-left,.wp-block-uagb-image--layout-overlay__inner.bottom-left{align-items:flex-start}.wp-block-uagb-image--layout-overlay__inner.top-right,.wp-block-uagb-image--layout-overlay__inner.center-right,.wp-block-uagb-image--layout-overlay__inner.bottom-right{align-items:flex-end}.wp-block-uagb-image--layout-overlay__inner .uagb-image-heading{color:#fff;transition:transform .35s,opacity .35s ease-in-out;transform:translate3d(0, 24px, 0);margin:0;line-height:1em}.wp-block-uagb-image--layout-overlay__inner .uagb-image-separator{width:30%;border-top-width:2px;border-top-color:#fff;border-top-style:solid;margin-bottom:10px;opacity:0;transition:transform .4s,opacity .4s ease-in-out;transform:translate3d(0, 30px, 0)}.wp-block-uagb-image--layout-overlay__inner .uagb-image-caption{opacity:0;overflow:visible;color:#fff;transition:transform .45s,opacity .45s ease-in-out;transform:translate3d(0, 35px, 0)}.wp-block-uagb-image--layout-overlay__inner:hover .uagb-image-heading,.wp-block-uagb-image--layout-overlay__inner:hover .uagb-image-separator,.wp-block-uagb-image--layout-overlay__inner:hover .uagb-image-caption{opacity:1;transform:translate3d(0, 0, 0)}.wp-block-uagb-image--effect-zoomin .wp-block-uagb-image__figure img,.wp-block-uagb-image--effect-zoomin .wp-block-uagb-image__figure .wp-block-uagb-image--layout-overlay__color-wrapper{transform:scale(1);transition:transform .35s ease-in-out}.wp-block-uagb-image--effect-zoomin .wp-block-uagb-image__figure:hover img,.wp-block-uagb-image--effect-zoomin .wp-block-uagb-image__figure:hover .wp-block-uagb-image--layout-overlay__color-wrapper{transform:scale(1.05)}.wp-block-uagb-image--effect-slide .wp-block-uagb-image__figure img,.wp-block-uagb-image--effect-slide .wp-block-uagb-image__figure .wp-block-uagb-image--layout-overlay__color-wrapper{width:calc(100% + 40px) !important;max-width:none !important;transform:translate3d(-40px, 0, 0);transition:transform .35s ease-in-out}.wp-block-uagb-image--effect-slide .wp-block-uagb-image__figure:hover img,.wp-block-uagb-image--effect-slide .wp-block-uagb-image__figure:hover .wp-block-uagb-image--layout-overlay__color-wrapper{transform:translate3d(0, 0, 0)}.wp-block-uagb-image--effect-grayscale img{filter:grayscale(0%);transition:.35s ease-in-out}.wp-block-uagb-image--effect-grayscale:hover img{filter:grayscale(100%)}.wp-block-uagb-image--effect-blur img{filter:blur(0);transition:.35s ease-in-out}.wp-block-uagb-image--effect-blur:hover img{filter:blur(3px)}.uagb-block-e6f939b3.wp-block-uagb-image--layout-default figure img{box-shadow: 0px 0px 0 #00000070;}.uagb-block-e6f939b3.wp-block-uagb-image .wp-block-uagb-image__figure figcaption{font-style: normal;align-self: center;}.uagb-block-e6f939b3.wp-block-uagb-image--layout-overlay figure img{box-shadow: 0px 0px 0 #00000070;}.uagb-block-e6f939b3.wp-block-uagb-image--layout-overlay .wp-block-uagb-image--layout-overlay__color-wrapper{opacity: 0.2;}.uagb-block-e6f939b3.wp-block-uagb-image--layout-overlay .wp-block-uagb-image--layout-overlay__inner{left: 15px;right: 15px;top: 15px;bottom: 15px;}.uagb-block-e6f939b3.wp-block-uagb-image--layout-overlay .wp-block-uagb-image--layout-overlay__inner .uagb-image-heading{font-style: normal;color: #fff;opacity: 1;}.uagb-block-e6f939b3.wp-block-uagb-image--layout-overlay .wp-block-uagb-image--layout-overlay__inner .uagb-image-heading a{color: #fff;}.uagb-block-e6f939b3.wp-block-uagb-image--layout-overlay .wp-block-uagb-image--layout-overlay__inner .uagb-image-caption{opacity: 0;}.uagb-block-e6f939b3.wp-block-uagb-image--layout-overlay .wp-block-uagb-image__figure:hover .wp-block-uagb-image--layout-overlay__color-wrapper{opacity: 1;}.uagb-block-e6f939b3.wp-block-uagb-image .wp-block-uagb-image--layout-overlay__inner .uagb-image-separator{width: 30%;border-top-width: 2px;border-top-color: #fff;opacity: 0;}.uagb-block-e6f939b3.wp-block-uagb-image .wp-block-uagb-image__figure img{width: px;height: auto;}.uagb-block-e6f939b3.wp-block-uagb-image .wp-block-uagb-image__figure:hover .wp-block-uagb-image--layout-overlay__inner .uagb-image-caption{opacity: 1;}.uagb-block-e6f939b3.wp-block-uagb-image .wp-block-uagb-image__figure:hover .wp-block-uagb-image--layout-overlay__inner .uagb-image-separator{opacity: 1;}.uagb-block-e6f939b3.wp-block-uagb-image--layout-default figure:hover img{box-shadow: 0px 0px 0 #00000070;}.uagb-block-e6f939b3.wp-block-uagb-image--layout-overlay figure:hover img{box-shadow: 0px 0px 0 #00000070;}@media only screen and (max-width: 976px) {.uagb-block-e6f939b3.wp-block-uagb-image .wp-block-uagb-image__figure img{width: px;height: auto;}}@media only screen and (max-width: 767px) {.uagb-block-e6f939b3.wp-block-uagb-image .wp-block-uagb-image__figure img{width: px;height: auto;}}\";s:2:\"js\";s:0:\"\";s:18:\"current_block_list\";a:13:{i:0;s:11:\"core\/search\";i:1;s:10:\"core\/group\";i:2;s:12:\"core\/heading\";i:3;s:17:\"core\/latest-posts\";i:4;s:20:\"core\/latest-comments\";i:5;s:13:\"core\/archives\";i:6;s:15:\"core\/categories\";i:7;s:14:\"core\/paragraph\";i:8;s:10:\"uagb\/image\";i:9;s:11:\"core\/spacer\";i:10;s:30:\"woocommerce\/product-categories\";i:11;s:10:\"core\/image\";i:12;s:14:\"core\/shortcode\";}s:8:\"uag_flag\";b:1;s:11:\"uag_version\";s:10:\"1777210169\";s:6:\"gfonts\";a:0:{}s:10:\"gfonts_url\";s:0:\"\";s:12:\"gfonts_files\";a:0:{}s:14:\"uag_faq_layout\";b:0;}"]},"uagb_featured_image_src":{"full":["https:\/\/www.ferberpainting.com\/wp-content\/uploads\/2025\/05\/DappledWillowFertilizer.png",2560,2560,false],"thumbnail":["https:\/\/www.ferberpainting.com\/wp-content\/uploads\/2025\/05\/DappledWillowFertilizer-150x150.png",150,150,true],"medium":["https:\/\/www.ferberpainting.com\/wp-content\/uploads\/2025\/05\/DappledWillowFertilizer-300x300.png",300,300,true],"medium_large":["https:\/\/www.ferberpainting.com\/wp-content\/uploads\/2025\/05\/DappledWillowFertilizer-768x768.png",768,768,true],"large":["https:\/\/www.ferberpainting.com\/wp-content\/uploads\/2025\/05\/DappledWillowFertilizer-1024x1024.png",1024,1024,true],"1536x1536":["https:\/\/www.ferberpainting.com\/wp-content\/uploads\/2025\/05\/DappledWillowFertilizer-1536x1536.png",1536,1536,true],"2048x2048":["https:\/\/www.ferberpainting.com\/wp-content\/uploads\/2025\/05\/DappledWillowFertilizer-2048x2048.png",2048,2048,true],"trp-custom-language-flag":["https:\/\/www.ferberpainting.com\/wp-content\/uploads\/2025\/05\/DappledWillowFertilizer-12x12.png",12,12,true],"woocommerce_thumbnail":["https:\/\/www.ferberpainting.com\/wp-content\/uploads\/2025\/05\/DappledWillowFertilizer-300x300.png",300,300,true],"woocommerce_single":["https:\/\/www.ferberpainting.com\/wp-content\/uploads\/2025\/05\/DappledWillowFertilizer-600x600.png",600,600,true],"woocommerce_gallery_thumbnail":["https:\/\/www.ferberpainting.com\/wp-content\/uploads\/2025\/05\/DappledWillowFertilizer-100x100.png",100,100,true]},"uagb_author_info":{"display_name":"admin","author_link":"https:\/\/www.ferberpainting.com\/se\/author\/"},"uagb_comment_info":17,"uagb_excerpt":"A complete fertilizer for vibrant foliage and optimal growth.\u00a0This fertilizer, specially designed for flamingo willow (Salix integra \u2018Hakuro Nishiki\u2019), provides your tree with all the essential nutrients to promote dense, colorful foliage, healthy growth, and better resistance to external stress. Thanks to its balanced content of nitrogen, phosphorus and potassium (NPK 10-10-10), it stimulates young&hellip;","_links":{"self":[{"href":"https:\/\/www.ferberpainting.com\/se\/wp-json\/wp\/v2\/product\/23194","targetHints":{"allow":["GET"]}}],"collection":[{"href":"https:\/\/www.ferberpainting.com\/se\/wp-json\/wp\/v2\/product"}],"about":[{"href":"https:\/\/www.ferberpainting.com\/se\/wp-json\/wp\/v2\/types\/product"}],"replies":[{"embeddable":true,"href":"https:\/\/www.ferberpainting.com\/se\/wp-json\/wp\/v2\/comments?post=23194"}],"version-history":[{"count":5,"href":"https:\/\/www.ferberpainting.com\/se\/wp-json\/wp\/v2\/product\/23194\/revisions"}],"predecessor-version":[{"id":166094,"href":"https:\/\/www.ferberpainting.com\/se\/wp-json\/wp\/v2\/product\/23194\/revisions\/166094"}],"wp:featuredmedia":[{"embeddable":true,"href":"https:\/\/www.ferberpainting.com\/se\/wp-json\/wp\/v2\/media\/25752"}],"wp:attachment":[{"href":"https:\/\/www.ferberpainting.com\/se\/wp-json\/wp\/v2\/media?parent=23194"}],"wp:term":[{"taxonomy":"product_brand","embeddable":true,"href":"https:\/\/www.ferberpainting.com\/se\/wp-json\/wp\/v2\/product_brand?post=23194"},{"taxonomy":"product_cat","embeddable":true,"href":"https:\/\/www.ferberpainting.com\/se\/wp-json\/wp\/v2\/product_cat?post=23194"},{"taxonomy":"product_tag","embeddable":true,"href":"https:\/\/www.ferberpainting.com\/se\/wp-json\/wp\/v2\/product_tag?post=23194"}],"curies":[{"name":"wp","href":"https:\/\/api.w.org\/{rel}","templated":true}]}}