{"id":23187,"date":"2025-07-01T16:13:56","date_gmt":"2025-07-01T14:13:56","guid":{"rendered":"https:\/\/www.ferberpainting.com\/?post_type=product&#038;p=23177"},"modified":"2026-02-15T13:45:24","modified_gmt":"2026-02-15T12:45:24","slug":"copper-brass-and-bronze-cleaner","status":"publish","type":"product","link":"https:\/\/www.ferberpainting.com\/se\/products\/copper-brass-and-bronze-cleaner\/","title":{"rendered":"Reng\u00f6ringsmedel f\u00f6r koppar, brons och m\u00e4ssing"},"content":{"rendered":"<p><img decoding=\"async\" style=\"margin-right: 12px;\" src=\"https:\/\/www.ferberpainting.com\/wp-content\/uploads\/2026\/02\/Check.svg\" alt=\"\" width=\"18\" height=\"15\" \/><strong>Optimal effektivitet.<\/strong>\u00a0Detta reng\u00f6ringsmedel f\u00f6r koppar, m\u00e4ssing och brons \u00e4r speciellt framtaget f\u00f6r att effektivt avl\u00e4gsna oxidation, fl\u00e4ckar, missf\u00e4rgningar och smuts som ansamlats \u00f6ver tid. Den arbetar djupt in i ytan f\u00f6r att \u00e5terst\u00e4lla glansen och metallens naturliga lyster utan att skada den. Dess aktiva formel l\u00f6ser snabbt upp patina och tr\u00e5kiga rester och \u00e5terger koppar, m\u00e4ssing och brons dess ursprungliga utseende.<\/p>\n<p><img decoding=\"async\" style=\"margin-right: 12px;\" src=\"https:\/\/www.ferberpainting.com\/wp-content\/uploads\/2026\/02\/Check.svg\" alt=\"\" width=\"18\" height=\"15\" \/><strong>Pengar-tillbaka-garanti.<\/strong>\u00a0Vi \u00e4r helt \u00f6vertygade om att v\u00e5rt reng\u00f6ringsmedel \u00e4r effektivt. Om du inte \u00e4r helt n\u00f6jd med resultatet \u00e4r du ber\u00e4ttigad till full \u00e5terbetalning. Prova v\u00e5r produkt med sinnesfrid och ge dina koppar-, m\u00e4ssings- och bronsf\u00f6rem\u00e5l ett andra liv utan risk.<\/p>\n<p><img decoding=\"async\" style=\"margin-right: 12px;\" src=\"https:\/\/www.ferberpainting.com\/wp-content\/uploads\/2026\/02\/Check.svg\" alt=\"\" width=\"18\" height=\"15\" \/><strong>Exceptionell m\u00e5ngsidighet.<\/strong>\u00a0Detta reng\u00f6ringsmedel \u00e4r inte begr\u00e4nsat till koppar, m\u00e4ssing och brons! Den \u00e4r ocks\u00e5 effektiv p\u00e5 andra metaller, inklusive vissa legeringar, rostfritt st\u00e5l och anodiserat aluminium. Den \u00e4r perfekt f\u00f6r dekorativa f\u00f6rem\u00e5l, k\u00f6ksredskap, musikinstrument, statyer, medaljer, d\u00f6rrhandtag och arkitektoniska element. Dess m\u00e5ngsidiga formula s\u00e4kerst\u00e4ller effektiv reng\u00f6ring utan att skada k\u00e4nsliga metallytor.<\/p>\n<p><img decoding=\"async\" style=\"margin-right: 12px;\" src=\"https:\/\/www.ferberpainting.com\/wp-content\/uploads\/2026\/02\/Check.svg\" alt=\"\" width=\"18\" height=\"15\" \/><strong>Ekonomisk effektivitet.<\/strong>\u00a0Med sin 5-litersbeh\u00e5llare och ultraeffektiva formula ger detta reng\u00f6ringsmedel ett utm\u00e4rkt v\u00e4rde. En liten m\u00e4ngd r\u00e4cker f\u00f6r att behandla en stor yta. I genomsnitt kan en liter reng\u00f6ra upp till 50 m\u00b2 metall, vilket g\u00f6r det till en kostnadseffektiv och h\u00e5llbar l\u00f6sning f\u00f6r underh\u00e5ll av koppar-, m\u00e4ssings- och bronsytor.<\/p>\n<p><img decoding=\"async\" style=\"margin-right: 12px;\" src=\"https:\/\/www.ferberpainting.com\/wp-content\/uploads\/2026\/02\/Check.svg\" alt=\"\" width=\"18\" height=\"15\" \/><strong>S\u00e4ker att anv\u00e4nda.<\/strong>\u00a0Till skillnad fr\u00e5n fr\u00e4tande reng\u00f6ringsmedel som inneh\u00e5ller starka syror \u00e4r denna produkt formulerad med giftfria \u00e4mnen som \u00e4r s\u00e4kra f\u00f6r anv\u00e4ndaren och inte skadar metaller. Den avger inga giftiga \u00e5ngor, irriterar inte huden och f\u00f6rs\u00e4mrar inte de behandlade ytorna. Den \u00e4r helt s\u00e4ker f\u00f6r anv\u00e4ndning b\u00e5de inomhus och utomhus, vilket garanterar maximal s\u00e4kerhet f\u00f6r b\u00e5de anv\u00e4ndare och milj\u00f6.<\/p>\n<p><img decoding=\"async\" style=\"margin-right: 12px;\" src=\"https:\/\/www.ferberpainting.com\/wp-content\/uploads\/2026\/02\/Check.svg\" alt=\"\" width=\"18\" height=\"15\" \/><strong>Anv\u00e4ndarv\u00e4nlighet.<\/strong>\u00a0Denna produkt \u00e4r klar att anv\u00e4nda och kr\u00e4ver ingen utsp\u00e4dning eller komplicerad beredning. Applicera den helt enkelt direkt p\u00e5 ytan med en trasa, svamp eller mjuk borste. Den snabbverkande formulan och den intuitiva appliceringen g\u00f6r reng\u00f6ringen enkel och tillg\u00e4nglig f\u00f6r alla.<\/p>\n<p><img decoding=\"async\" style=\"margin-right: 12px;\" src=\"https:\/\/www.ferberpainting.com\/wp-content\/uploads\/2026\/02\/Check.svg\" alt=\"\" width=\"18\" height=\"15\" \/><strong>L\u00e5ngvarig h\u00e5llbarhet.<\/strong>\u00a0Genom att effektivt eliminera oxidation och bevara metallernas integritet f\u00f6rl\u00e4nger detta reng\u00f6ringsmedel livsl\u00e4ngden f\u00f6r f\u00f6rem\u00e5l av koppar, m\u00e4ssing och brons. Regelbunden anv\u00e4ndning hj\u00e4lper till att f\u00f6rhindra uppbyggnad av missf\u00e4rgning och h\u00e5ller en varaktig glans utan frekvent polering. Dina f\u00f6rem\u00e5l kommer att beh\u00e5lla sin sk\u00f6nhet och sitt v\u00e4rde \u00f6ver tid.<\/p>\n<p><img decoding=\"async\" style=\"margin-right: 12px;\" src=\"https:\/\/www.ferberpainting.com\/wp-content\/uploads\/2026\/02\/Check.svg\" alt=\"\" width=\"18\" height=\"15\" \/><strong>Snabb \u00e5tg\u00e4rd.<\/strong>\u00a0Tack vare sin h\u00f6gaktiva formula verkar reng\u00f6ringsmedlet omedelbart p\u00e5 fl\u00e4ckar och oxidationsm\u00e4rken. P\u00e5 bara n\u00e5gra minuter l\u00f6ser den upp tr\u00e5kiga avlagringar och g\u00f6r dem l\u00e4tta att torka bort utan att skrubba. Perfekt f\u00f6r snabb och effektiv reng\u00f6ring och hj\u00e4lper till att \u00e5terst\u00e4lla briljanta, polerade metallytor p\u00e5 nolltid.<\/p>\n<h2><strong>Instruktioner f\u00f6r anv\u00e4ndning<\/strong><\/h2>\n<ul>\n<li><strong>F\u00f6rberedelser <\/strong>: Se till att koppar-, m\u00e4ssings- eller bronsytan \u00e4r fri fr\u00e5n damm och skr\u00e4p innan du applicerar produkten. Torka vid behov av med en torr trasa f\u00f6r att f\u00f6rb\u00e4ttra vidh\u00e4ftningen.<\/li>\n<li><strong>Till\u00e4mpning <\/strong>: H\u00e4ll en liten m\u00e4ngd reng\u00f6ringsmedel p\u00e5 en mjuk trasa, svamp eller direkt p\u00e5 ytan. F\u00f6rdela j\u00e4mnt s\u00e5 att hela ytan t\u00e4cks och fokusera f\u00f6rsiktigt p\u00e5 missf\u00e4rgade eller oxiderade delar.<\/li>\n<li><strong>Reng\u00f6ring <\/strong>: L\u00e5t produkten sitta i 2 till 5 minuter f\u00f6r att l\u00f6sa upp smuts och oxidation. Gnugga f\u00f6rsiktigt med en trasa, mjuk borste eller fin st\u00e5lull f\u00f6r att \u00e5terst\u00e4lla metallens glans.<\/li>\n<li><strong>Sk\u00f6ljning<\/strong>: Torka av med en ren, fuktig trasa eller sk\u00f6lj noggrant med rent vatten om det beh\u00f6vs f\u00f6r att avl\u00e4gsna produktrester.<\/li>\n<li><strong>Torkning och efterbehandling <\/strong>: Torka omedelbart med en ren, torr trasa f\u00f6r att eliminera all fukt och uppn\u00e5 en perfekt finish. F\u00f6r extra skydd, applicera ett l\u00e4mpligt vax eller lack f\u00f6r att bromsa oxidationen.<\/li>\n<li><strong>Frekvens av anv\u00e4ndning <\/strong>: Anv\u00e4nd s\u00e5 snart metallen b\u00f6rjar bli matt eller visar tecken p\u00e5 oxidation. F\u00f6r regelbundet underh\u00e5ll, applicera en g\u00e5ng i m\u00e5naden f\u00f6r att bevara glansen hos koppar, m\u00e4ssing och brons och f\u00f6rhindra envisa fl\u00e4ckar.<\/li>\n<li><strong>F\u00f6rvaring <\/strong>: \u00c5terf\u00f6rslut beh\u00e5llaren ordentligt efter varje anv\u00e4ndning och f\u00f6rvara den p\u00e5 en sval, torr plats, skyddad fr\u00e5n ljus och extrema temperaturer f\u00f6r att bevara produktens fulla effektivitet \u00f6ver tid.<\/li>\n<\/ul>\n<p>Med v\u00e5rt reng\u00f6ringsmedel f\u00f6r koppar, m\u00e4ssing och brons kan du enkelt \u00e5terst\u00e4lla glansen och sk\u00f6nheten hos dina metallf\u00f6rem\u00e5l. En kraftfull, s\u00e4ker och effektiv produkt f\u00f6r varaktig glans och optimalt underh\u00e5ll.<\/p>","protected":false},"excerpt":{"rendered":"<p>Optimal Effectiveness.\u00a0This cleaner for copper, brass, and bronze is specially formulated to effectively remove oxidation, stains, tarnish, and accumulated dirt over time. It works deep into the surface to restore shine and the natural glow of metals without damaging them. Its active formula quickly dissolves patina and dull residues, bringing back the original appearance of [&hellip;]<\/p>\n","protected":false},"featured_media":36452,"comment_status":"open","ping_status":"closed","template":"","meta":{"_uag_custom_page_level_css":"","site-sidebar-layout":"default","site-content-layout":"","ast-site-content-layout":"default","site-content-style":"default","site-sidebar-style":"default","ast-global-header-display":"","ast-banner-title-visibility":"","ast-main-header-display":"","ast-hfb-above-header-display":"","ast-hfb-below-header-display":"","ast-hfb-mobile-header-display":"","site-post-title":"","ast-breadcrumbs-content":"","ast-featured-img":"","footer-sml-layout":"","ast-disable-related-posts":"","theme-transparent-header-meta":"default","adv-header-id-meta":"","stick-header-meta":"","header-above-stick-meta":"","header-main-stick-meta":"","header-below-stick-meta":"","astra-migrate-meta-layouts":"set","ast-page-background-enabled":"default","ast-page-background-meta":{"desktop":{"background-color":"var(--ast-global-color-4)","background-image":"","background-repeat":"repeat","background-position":"center center","background-size":"auto","background-attachment":"scroll","background-type":"","background-media":"","overlay-type":"","overlay-color":"","overlay-opacity":"","overlay-gradient":""},"tablet":{"background-color":"","background-image":"","background-repeat":"repeat","background-position":"center center","background-size":"auto","background-attachment":"scroll","background-type":"","background-media":"","overlay-type":"","overlay-color":"","overlay-opacity":"","overlay-gradient":""},"mobile":{"background-color":"","background-image":"","background-repeat":"repeat","background-position":"center center","background-size":"auto","background-attachment":"scroll","background-type":"","background-media":"","overlay-type":"","overlay-color":"","overlay-opacity":"","overlay-gradient":""}},"ast-content-background-meta":{"desktop":{"background-color":"var(--ast-global-color-5)","background-image":"","background-repeat":"repeat","background-position":"center center","background-size":"auto","background-attachment":"scroll","background-type":"","background-media":"","overlay-type":"","overlay-color":"","overlay-opacity":"","overlay-gradient":""},"tablet":{"background-color":"var(--ast-global-color-5)","background-image":"","background-repeat":"repeat","background-position":"center center","background-size":"auto","background-attachment":"scroll","background-type":"","background-media":"","overlay-type":"","overlay-color":"","overlay-opacity":"","overlay-gradient":""},"mobile":{"background-color":"var(--ast-global-color-5)","background-image":"","background-repeat":"repeat","background-position":"center center","background-size":"auto","background-attachment":"scroll","background-type":"","background-media":"","overlay-type":"","overlay-color":"","overlay-opacity":"","overlay-gradient":""}}},"product_brand":[],"product_cat":[175],"product_tag":[],"class_list":{"0":"post-23187","1":"product","2":"type-product","3":"status-publish","4":"has-post-thumbnail","6":"product_cat-cleaning-products","7":"desktop-align-left","8":"tablet-align-left","9":"mobile-align-left","11":"first","12":"instock","13":"sale","14":"shipping-taxable","15":"purchasable","16":"product-type-variable","17":"has-default-attributes"},"spectra_custom_meta":{"_visibility":["visible"],"_shopify_product_id":["9102343209205"],"_s2w_shopify_domain":["ferberpainting.myshopify.com"],"_shopify_variant_id":["46616017993973"],"_sku":[""],"_manage_stock":["no"],"total_sales":["157"],"_tax_status":["taxable"],"_tax_class":[""],"_backorders":["no"],"_sold_individually":["no"],"_virtual":["no"],"_downloadable":["no"],"_download_limit":["-1"],"_download_expiry":["-1"],"_stock":[null],"_stock_status":["instock"],"_wc_average_rating":["5.00"],"_wc_review_count":["11"],"_product_attributes":["a:1:{s:6:\"volume\";a:6:{s:4:\"name\";s:6:\"Volume\";s:5:\"value\";s:20:\"5 liters | 25 liters\";s:8:\"position\";i:1;s:10:\"is_visible\";i:0;s:12:\"is_variation\";i:1;s:11:\"is_taxonomy\";i:0;}}"],"_product_version":["10.5.1"],"wpse_downloadable_file_names":[""],"wpse_downloadable_file_urls":[""],"_edit_last":["1"],"_default_attributes":["a:1:{s:6:\"volume\";s:8:\"5 liters\";}"],"_edit_lock":["1771159388:1"],"merchant-center-availability":["yes"],"merchant-center-category":["4892"],"_price":["29.90","129.90"],"_thumbnail_id":["36452"],"_wp_page_template":["default"],"_wp_old_date":["2025-05-26"],"_product_image_gallery":["36453"],"site-sidebar-layout":["default"],"ast-site-content-layout":["default"],"site-content-style":["default"],"site-sidebar-style":["default"],"theme-transparent-header-meta":["default"],"_wc_rating_count":["a:1:{i:5;i:11;}"],"astra-migrate-meta-layouts":["set"],"_uag_css_file_name":["uag-css-23187.css"],"_elementor_page_assets":["a:0:{}"],"_uag_page_assets":["a:9:{s:3:\"css\";s:6893:\".wp-block-uagb-image{display:flex}.wp-block-uagb-image__figure{position:relative;display:flex;flex-direction:column;max-width:100%;height:auto;margin:0}.wp-block-uagb-image__figure img{height:auto;display:flex;max-width:100%;transition:box-shadow 0.2s ease}.wp-block-uagb-image__figure>a{display:inline-block}.wp-block-uagb-image__figure figcaption{text-align:center;margin-top:0.5em;margin-bottom:1em}.wp-block-uagb-image .components-placeholder.block-editor-media-placeholder .components-placeholder__instructions{align-self:center}.wp-block-uagb-image--align-left{text-align:left}.wp-block-uagb-image--align-right{text-align:right}.wp-block-uagb-image--align-center{text-align:center}.wp-block-uagb-image--align-full .wp-block-uagb-image__figure{margin-left:calc(50% - 50vw);margin-right:calc(50% - 50vw);max-width:100vw;width:100vw;height:auto}.wp-block-uagb-image--align-full .wp-block-uagb-image__figure img{height:auto;width:100% !important}.wp-block-uagb-image--align-wide .wp-block-uagb-image__figure img{height:auto;width:100%}.wp-block-uagb-image--layout-overlay__color-wrapper{position:absolute;left:0;top:0;right:0;bottom:0;opacity:0.2;background:rgba(0,0,0,0.5);transition:opacity 0.35s ease-in-out}.wp-block-uagb-image--layout-overlay-link{position:absolute;left:0;right:0;bottom:0;top:0}.wp-block-uagb-image--layout-overlay .wp-block-uagb-image__figure:hover .wp-block-uagb-image--layout-overlay__color-wrapper{opacity:1}.wp-block-uagb-image--layout-overlay__inner{position:absolute;left:15px;right:15px;bottom:15px;top:15px;display:flex;align-items:center;justify-content:center;flex-direction:column;border-color:#fff;transition:0.35s ease-in-out}.wp-block-uagb-image--layout-overlay__inner.top-left,.wp-block-uagb-image--layout-overlay__inner.top-center,.wp-block-uagb-image--layout-overlay__inner.top-right{justify-content:flex-start}.wp-block-uagb-image--layout-overlay__inner.bottom-left,.wp-block-uagb-image--layout-overlay__inner.bottom-center,.wp-block-uagb-image--layout-overlay__inner.bottom-right{justify-content:flex-end}.wp-block-uagb-image--layout-overlay__inner.top-left,.wp-block-uagb-image--layout-overlay__inner.center-left,.wp-block-uagb-image--layout-overlay__inner.bottom-left{align-items:flex-start}.wp-block-uagb-image--layout-overlay__inner.top-right,.wp-block-uagb-image--layout-overlay__inner.center-right,.wp-block-uagb-image--layout-overlay__inner.bottom-right{align-items:flex-end}.wp-block-uagb-image--layout-overlay__inner .uagb-image-heading{color:#fff;transition:transform 0.35s, opacity 0.35s ease-in-out;transform:translate3d(0, 24px, 0);margin:0;line-height:1em}.wp-block-uagb-image--layout-overlay__inner .uagb-image-separator{width:30%;border-top-width:2px;border-top-color:#fff;border-top-style:solid;margin-bottom:10px;opacity:0;transition:transform 0.4s, opacity 0.4s ease-in-out;transform:translate3d(0, 30px, 0)}.wp-block-uagb-image--layout-overlay__inner .uagb-image-caption{opacity:0;overflow:visible;color:#fff;transition:transform 0.45s, opacity 0.45s ease-in-out;transform:translate3d(0, 35px, 0)}.wp-block-uagb-image--layout-overlay__inner:hover .uagb-image-heading,.wp-block-uagb-image--layout-overlay__inner:hover .uagb-image-separator,.wp-block-uagb-image--layout-overlay__inner:hover .uagb-image-caption{opacity:1;transform:translate3d(0, 0, 0)}.wp-block-uagb-image--effect-zoomin .wp-block-uagb-image__figure img,.wp-block-uagb-image--effect-zoomin .wp-block-uagb-image__figure .wp-block-uagb-image--layout-overlay__color-wrapper{transform:scale(1);transition:transform 0.35s ease-in-out}.wp-block-uagb-image--effect-zoomin .wp-block-uagb-image__figure:hover img,.wp-block-uagb-image--effect-zoomin .wp-block-uagb-image__figure:hover .wp-block-uagb-image--layout-overlay__color-wrapper{transform:scale(1.05)}.wp-block-uagb-image--effect-slide .wp-block-uagb-image__figure img,.wp-block-uagb-image--effect-slide .wp-block-uagb-image__figure .wp-block-uagb-image--layout-overlay__color-wrapper{width:calc(100% + 40px) !important;max-width:none !important;transform:translate3d(-40px, 0, 0);transition:transform 0.35s ease-in-out}.wp-block-uagb-image--effect-slide .wp-block-uagb-image__figure:hover img,.wp-block-uagb-image--effect-slide .wp-block-uagb-image__figure:hover .wp-block-uagb-image--layout-overlay__color-wrapper{transform:translate3d(0, 0, 0)}.wp-block-uagb-image--effect-grayscale img{filter:grayscale(0%);transition:0.35s ease-in-out}.wp-block-uagb-image--effect-grayscale:hover img{filter:grayscale(100%)}.wp-block-uagb-image--effect-blur img{filter:blur(0);transition:0.35s ease-in-out}.wp-block-uagb-image--effect-blur:hover img{filter:blur(3px)}\n.uagb-block-e6f939b3.wp-block-uagb-image--layout-default figure img{box-shadow: 0px 0px 0 #00000070;}.uagb-block-e6f939b3.wp-block-uagb-image .wp-block-uagb-image__figure figcaption{font-style: normal;align-self: center;}.uagb-block-e6f939b3.wp-block-uagb-image--layout-overlay figure img{box-shadow: 0px 0px 0 #00000070;}.uagb-block-e6f939b3.wp-block-uagb-image--layout-overlay .wp-block-uagb-image--layout-overlay__color-wrapper{opacity: 0.2;}.uagb-block-e6f939b3.wp-block-uagb-image--layout-overlay .wp-block-uagb-image--layout-overlay__inner{left: 15px;right: 15px;top: 15px;bottom: 15px;}.uagb-block-e6f939b3.wp-block-uagb-image--layout-overlay .wp-block-uagb-image--layout-overlay__inner .uagb-image-heading{font-style: normal;color: #fff;opacity: 1;}.uagb-block-e6f939b3.wp-block-uagb-image--layout-overlay .wp-block-uagb-image--layout-overlay__inner .uagb-image-heading a{color: #fff;}.uagb-block-e6f939b3.wp-block-uagb-image--layout-overlay .wp-block-uagb-image--layout-overlay__inner .uagb-image-caption{opacity: 0;}.uagb-block-e6f939b3.wp-block-uagb-image--layout-overlay .wp-block-uagb-image__figure:hover .wp-block-uagb-image--layout-overlay__color-wrapper{opacity: 1;}.uagb-block-e6f939b3.wp-block-uagb-image .wp-block-uagb-image--layout-overlay__inner .uagb-image-separator{width: 30%;border-top-width: 2px;border-top-color: #fff;opacity: 0;}.uagb-block-e6f939b3.wp-block-uagb-image .wp-block-uagb-image__figure img{width: px;height: auto;}.uagb-block-e6f939b3.wp-block-uagb-image .wp-block-uagb-image__figure:hover .wp-block-uagb-image--layout-overlay__inner .uagb-image-caption{opacity: 1;}.uagb-block-e6f939b3.wp-block-uagb-image .wp-block-uagb-image__figure:hover .wp-block-uagb-image--layout-overlay__inner .uagb-image-separator{opacity: 1;}.uagb-block-e6f939b3.wp-block-uagb-image--layout-default figure:hover img{box-shadow: 0px 0px 0 #00000070;}.uagb-block-e6f939b3.wp-block-uagb-image--layout-overlay figure:hover img{box-shadow: 0px 0px 0 #00000070;}@media only screen and (max-width: 976px) {.uagb-block-e6f939b3.wp-block-uagb-image .wp-block-uagb-image__figure img{width: px;height: auto;}}@media only screen and (max-width: 767px) {.uagb-block-e6f939b3.wp-block-uagb-image .wp-block-uagb-image__figure img{width: px;height: auto;}}\";s:2:\"js\";s:0:\"\";s:18:\"current_block_list\";a:13:{i:0;s:11:\"core\/search\";i:1;s:10:\"core\/group\";i:2;s:12:\"core\/heading\";i:3;s:17:\"core\/latest-posts\";i:4;s:20:\"core\/latest-comments\";i:5;s:13:\"core\/archives\";i:6;s:15:\"core\/categories\";i:7;s:14:\"core\/paragraph\";i:8;s:10:\"uagb\/image\";i:9;s:11:\"core\/spacer\";i:10;s:30:\"woocommerce\/product-categories\";i:11;s:10:\"core\/image\";i:12;s:14:\"core\/shortcode\";}s:8:\"uag_flag\";b:1;s:11:\"uag_version\";s:10:\"1776613133\";s:6:\"gfonts\";a:0:{}s:10:\"gfonts_url\";s:0:\"\";s:12:\"gfonts_files\";a:0:{}s:14:\"uag_faq_layout\";b:0;}"]},"uagb_featured_image_src":{"full":["https:\/\/www.ferberpainting.com\/wp-content\/uploads\/2025\/05\/Copper-Brass-and-Bronze-Cleaner-5L.png",2560,2560,false],"thumbnail":["https:\/\/www.ferberpainting.com\/wp-content\/uploads\/2025\/05\/Copper-Brass-and-Bronze-Cleaner-5L-150x150.png",150,150,true],"medium":["https:\/\/www.ferberpainting.com\/wp-content\/uploads\/2025\/05\/Copper-Brass-and-Bronze-Cleaner-5L-300x300.png",300,300,true],"medium_large":["https:\/\/www.ferberpainting.com\/wp-content\/uploads\/2025\/05\/Copper-Brass-and-Bronze-Cleaner-5L-768x768.png",768,768,true],"large":["https:\/\/www.ferberpainting.com\/wp-content\/uploads\/2025\/05\/Copper-Brass-and-Bronze-Cleaner-5L-1024x1024.png",1024,1024,true],"1536x1536":["https:\/\/www.ferberpainting.com\/wp-content\/uploads\/2025\/05\/Copper-Brass-and-Bronze-Cleaner-5L-1536x1536.png",1536,1536,true],"2048x2048":["https:\/\/www.ferberpainting.com\/wp-content\/uploads\/2025\/05\/Copper-Brass-and-Bronze-Cleaner-5L-2048x2048.png",2048,2048,true],"trp-custom-language-flag":["https:\/\/www.ferberpainting.com\/wp-content\/uploads\/2025\/05\/Copper-Brass-and-Bronze-Cleaner-5L-12x12.png",12,12,true],"woocommerce_thumbnail":["https:\/\/www.ferberpainting.com\/wp-content\/uploads\/2025\/05\/Copper-Brass-and-Bronze-Cleaner-5L-300x300.png",300,300,true],"woocommerce_single":["https:\/\/www.ferberpainting.com\/wp-content\/uploads\/2025\/05\/Copper-Brass-and-Bronze-Cleaner-5L-600x600.png",600,600,true],"woocommerce_gallery_thumbnail":["https:\/\/www.ferberpainting.com\/wp-content\/uploads\/2025\/05\/Copper-Brass-and-Bronze-Cleaner-5L-100x100.png",100,100,true]},"uagb_author_info":{"display_name":"admin","author_link":"https:\/\/www.ferberpainting.com\/se\/author\/"},"uagb_comment_info":11,"uagb_excerpt":"Optimal Effectiveness.\u00a0This cleaner for copper, brass, and bronze is specially formulated to effectively remove oxidation, stains, tarnish, and accumulated dirt over time. It works deep into the surface to restore shine and the natural glow of metals without damaging them. Its active formula quickly dissolves patina and dull residues, bringing back the original appearance of&hellip;","_links":{"self":[{"href":"https:\/\/www.ferberpainting.com\/se\/wp-json\/wp\/v2\/product\/23187","targetHints":{"allow":["GET"]}}],"collection":[{"href":"https:\/\/www.ferberpainting.com\/se\/wp-json\/wp\/v2\/product"}],"about":[{"href":"https:\/\/www.ferberpainting.com\/se\/wp-json\/wp\/v2\/types\/product"}],"replies":[{"embeddable":true,"href":"https:\/\/www.ferberpainting.com\/se\/wp-json\/wp\/v2\/comments?post=23187"}],"version-history":[{"count":4,"href":"https:\/\/www.ferberpainting.com\/se\/wp-json\/wp\/v2\/product\/23187\/revisions"}],"predecessor-version":[{"id":166092,"href":"https:\/\/www.ferberpainting.com\/se\/wp-json\/wp\/v2\/product\/23187\/revisions\/166092"}],"wp:featuredmedia":[{"embeddable":true,"href":"https:\/\/www.ferberpainting.com\/se\/wp-json\/wp\/v2\/media\/36452"}],"wp:attachment":[{"href":"https:\/\/www.ferberpainting.com\/se\/wp-json\/wp\/v2\/media?parent=23187"}],"wp:term":[{"taxonomy":"product_brand","embeddable":true,"href":"https:\/\/www.ferberpainting.com\/se\/wp-json\/wp\/v2\/product_brand?post=23187"},{"taxonomy":"product_cat","embeddable":true,"href":"https:\/\/www.ferberpainting.com\/se\/wp-json\/wp\/v2\/product_cat?post=23187"},{"taxonomy":"product_tag","embeddable":true,"href":"https:\/\/www.ferberpainting.com\/se\/wp-json\/wp\/v2\/product_tag?post=23187"}],"curies":[{"name":"wp","href":"https:\/\/api.w.org\/{rel}","templated":true}]}}