{"id":23156,"date":"2025-05-26T10:23:03","date_gmt":"2025-05-26T08:23:03","guid":{"rendered":"https:\/\/www.ferberpainting.com\/products\/concrete-and-cement-accelerator\/"},"modified":"2026-02-15T13:33:15","modified_gmt":"2026-02-15T12:33:15","slug":"concrete-and-cement-accelerator","status":"publish","type":"product","link":"https:\/\/www.ferberpainting.com\/se\/products\/concrete-and-cement-accelerator\/","title":{"rendered":"Bindetidsaccelerator f\u00f6r betong och cement"},"content":{"rendered":"<p><img decoding=\"async\" style=\"margin-right: 12px;\" src=\"https:\/\/www.ferberpainting.com\/wp-content\/uploads\/2026\/02\/Check.svg\" alt=\"\" width=\"18\" height=\"15\" \/><strong>Reducerad inst\u00e4llningstid.<\/strong>\u00a0Denna h\u00e4rdningsaccelerator \u00e4r speciellt utformad f\u00f6r att avsev\u00e4rt f\u00f6rkorta h\u00e4rdningstiden f\u00f6r betong, cement och murbruk, vilket m\u00f6jligg\u00f6r snabbare applicering och optimerar arbetsfl\u00f6det p\u00e5 byggarbetsplatser. Den \u00e4r idealisk f\u00f6r projekt d\u00e4r tidsbesparingar \u00e4r avg\u00f6rande, s\u00e4rskilt i kallt v\u00e4der n\u00e4r den naturliga h\u00e4rdningen g\u00e5r l\u00e5ngsammare.<\/p>\n<p><img decoding=\"async\" style=\"margin-right: 12px;\" src=\"https:\/\/www.ferberpainting.com\/wp-content\/uploads\/2026\/02\/Check.svg\" alt=\"\" width=\"18\" height=\"15\" \/><strong>Pengar-tillbaka-garanti.<\/strong>\u00a0Vi \u00e4r \u00f6vertygade om att v\u00e5r s\u00e4ttningsaccelerator \u00e4r effektiv och erbjuder en pengarna-tillbaka-garanti. Om produkten inte uppfyller dina f\u00f6rv\u00e4ntningar kan du beg\u00e4ra \u00e5terbetalning utan n\u00e5gra villkor, vilket garanterar ett helt s\u00e4kert och riskfritt k\u00f6p.<\/p>\n<p><img decoding=\"async\" style=\"margin-right: 12px;\" src=\"https:\/\/www.ferberpainting.com\/wp-content\/uploads\/2026\/02\/Check.svg\" alt=\"\" width=\"18\" height=\"15\" \/><strong>M\u00e5ngsidig f\u00f6r olika material.<\/strong>\u00a0Denna accelerator \u00e4r kompatibel med ett brett spektrum av material, inklusive betong, cement och murbruk. Den \u00e4r l\u00e4mplig f\u00f6r vanliga murningsarbeten samt f\u00f6r mer specifika till\u00e4mpningar som prefabricering, snabba reparationer, avj\u00e4mningsmassor och plattor som kr\u00e4ver snabb h\u00e4rdning.<\/p>\n<p><img decoding=\"async\" style=\"margin-right: 12px;\" src=\"https:\/\/www.ferberpainting.com\/wp-content\/uploads\/2026\/02\/Check.svg\" alt=\"\" width=\"18\" height=\"15\" \/><strong>Optimala kostnadseffektiva prestanda.<\/strong>\u00a0Tack vare den h\u00f6ga koncentrationen beh\u00f6vs endast en liten m\u00e4ngd accelerator f\u00f6r att uppn\u00e5 en betydande effekt. I genomsnitt r\u00e4cker det med 0,5 till 2 liter produkt f\u00f6r att p\u00e5skynda h\u00e4rdningen av 100 kg cement, vilket ger ett utm\u00e4rkt f\u00f6rh\u00e5llande mellan kostnad och prestanda. Den justerbara doseringen g\u00f6r det m\u00f6jligt att optimera anv\u00e4ndningen beroende p\u00e5 klimatf\u00f6rh\u00e5llanden och krav p\u00e5 byggplatsen.<\/p>\n<p><img decoding=\"async\" style=\"margin-right: 12px;\" src=\"https:\/\/www.ferberpainting.com\/wp-content\/uploads\/2026\/02\/Check.svg\" alt=\"\" width=\"18\" height=\"15\" \/><strong>S\u00e4kerhet och icke-toxicitet.<\/strong>\u00a0Denna accelerator \u00e4r formulerad f\u00f6r s\u00e4ker anv\u00e4ndning och inneh\u00e5ller inga giftiga \u00e4mnen och utg\u00f6r ingen risk f\u00f6r arbetstagarnas h\u00e4lsa eller milj\u00f6n. Den avger inga skadliga \u00e5ngor och kan anv\u00e4ndas b\u00e5de inomhus och utomhus.<\/p>\n<p><img decoding=\"async\" style=\"margin-right: 12px;\" src=\"https:\/\/www.ferberpainting.com\/wp-content\/uploads\/2026\/02\/Check.svg\" alt=\"\" width=\"18\" height=\"15\" \/><strong>Anv\u00e4ndarv\u00e4nlighet.<\/strong>\u00a0Denna produkt \u00e4r extremt l\u00e4tt att anv\u00e4nda och kr\u00e4ver ingen specialutrustning. Den kan tills\u00e4ttas direkt i blandningsvattnet eller blandas med betong eller murbruk under beredningen. Den exakta doseringen s\u00e4kerst\u00e4ller en snabb och effektiv applicering, \u00e4ven f\u00f6r oerfarna anv\u00e4ndare.<\/p>\n<p><img decoding=\"async\" style=\"margin-right: 12px;\" src=\"https:\/\/www.ferberpainting.com\/wp-content\/uploads\/2026\/02\/Check.svg\" alt=\"\" width=\"18\" height=\"15\" \/><strong>F\u00f6rb\u00e4ttrad h\u00e5llbarhet.<\/strong>\u00a0Genom att p\u00e5skynda h\u00e4rdningstiden fr\u00e4mjar denna produkt en j\u00e4mnare h\u00e4rdning och f\u00f6rb\u00e4ttrar betongens mekaniska h\u00e5llfasthet. Den minskar risken f\u00f6r sprickbildning i samband med frys- och t\u00f6cykler och optimerar den slutliga strukturen, vilket ger l\u00e4ngre livsl\u00e4ngd f\u00f6r de f\u00e4rdiga arbetena.<\/p>\n<p><img decoding=\"async\" style=\"margin-right: 12px;\" src=\"https:\/\/www.ferberpainting.com\/wp-content\/uploads\/2026\/02\/Check.svg\" alt=\"\" width=\"18\" height=\"15\" \/><strong>Exceptionell tidsbesparing.<\/strong>\u00a0Denna accelerator \u00e4r s\u00e4rskilt l\u00e4mpad f\u00f6r situationer som kr\u00e4ver snabb torkning av betong eller cement, vilket avsev\u00e4rt minskar v\u00e4ntetiderna mellan byggnadsstegen. Den m\u00f6jligg\u00f6r snabbare borttagning av formar, tidigare lastning av plattor och garanterar \u00f6kad effektivitet, s\u00e4rskilt vid br\u00e5dskande arbeten.<\/p>\n<h2><strong>Anv\u00e4ndning Protokoll<\/strong><\/h2>\n<ul>\n<li><strong>Rekommenderad dosering :<\/strong> Anv\u00e4nd mellan 0,5 l och 2 l accelerator per 100 kg cement, beroende p\u00e5 \u00f6nskad accelerationsniv\u00e5 och yttre f\u00f6rh\u00e5llanden. En h\u00f6gre dos rekommenderas vid kallt v\u00e4der eller n\u00e4r snabb h\u00e4rdning \u00e4r n\u00f6dv\u00e4ndig.<\/li>\n<li><strong>Mixning Integration :<\/strong> Tills\u00e4tt acceleratorn direkt i blandningsvattnet innan du h\u00e4ller det i betongen eller murbruket. Den kan ocks\u00e5 gradvis tills\u00e4ttas under blandningen f\u00f6r att s\u00e4kerst\u00e4lla b\u00e4ttre homogenisering av produkten.<\/li>\n<li><strong>Effektiv blandning :<\/strong> Blanda alla komponenter i minst 3 till 5 minuter f\u00f6r att s\u00e4kerst\u00e4lla j\u00e4mn f\u00f6rdelning och f\u00f6rhindra lokal \u00f6verkoncentration av produkten.<\/li>\n<li><strong>Kontroll av h\u00e4rdning :<\/strong> Kontrollera betongens h\u00e4rdning efter gjutning, med h\u00e4nsyn till omgivande f\u00f6rh\u00e5llanden (temperatur, luftfuktighet), eftersom den accelererande effekten kan variera beroende p\u00e5 omst\u00e4ndigheterna.<\/li>\n<li><strong>Applicering och efterbehandling :<\/strong> N\u00e4r blandningen \u00e4r klar, forts\u00e4tt omedelbart med appliceringen. Den snabbare h\u00e4rdningen kr\u00e4ver snabb implementering f\u00f6r att f\u00f6rhindra f\u00f6r tidig h\u00e4rdning i blandaren eller betongsatsen.<\/li>\n<li><strong>Reng\u00f6ring av verktyg :<\/strong> Sk\u00f6lj verktyg och beh\u00e5llare noggrant efter anv\u00e4ndning f\u00f6r att f\u00f6rhindra att betongrester h\u00e4rdar och f\u00f6r att bibeh\u00e5lla deras livsl\u00e4ngd.<\/li>\n<\/ul>","protected":false},"excerpt":{"rendered":"<p>Reduced Setting Time.\u00a0This setting accelerator is specially designed to significantly shorten the curing time of concrete, cement, and mortar, enabling faster application and optimizing workflow on construction sites. It is ideal for projects where time savings are crucial, especially in cold weather when natural setting slows down. Money-back Guarantee.\u00a0We are confident in the effectiveness of [&hellip;]<\/p>\n","protected":false},"featured_media":25731,"comment_status":"open","ping_status":"closed","template":"","meta":{"_uag_custom_page_level_css":"","site-sidebar-layout":"default","site-content-layout":"","ast-site-content-layout":"default","site-content-style":"default","site-sidebar-style":"default","ast-global-header-display":"","ast-banner-title-visibility":"","ast-main-header-display":"","ast-hfb-above-header-display":"","ast-hfb-below-header-display":"","ast-hfb-mobile-header-display":"","site-post-title":"","ast-breadcrumbs-content":"","ast-featured-img":"","footer-sml-layout":"","ast-disable-related-posts":"","theme-transparent-header-meta":"default","adv-header-id-meta":"","stick-header-meta":"","header-above-stick-meta":"","header-main-stick-meta":"","header-below-stick-meta":"","astra-migrate-meta-layouts":"set","ast-page-background-enabled":"default","ast-page-background-meta":{"desktop":{"background-color":"var(--ast-global-color-4)","background-image":"","background-repeat":"repeat","background-position":"center center","background-size":"auto","background-attachment":"scroll","background-type":"","background-media":"","overlay-type":"","overlay-color":"","overlay-opacity":"","overlay-gradient":""},"tablet":{"background-color":"","background-image":"","background-repeat":"repeat","background-position":"center center","background-size":"auto","background-attachment":"scroll","background-type":"","background-media":"","overlay-type":"","overlay-color":"","overlay-opacity":"","overlay-gradient":""},"mobile":{"background-color":"","background-image":"","background-repeat":"repeat","background-position":"center center","background-size":"auto","background-attachment":"scroll","background-type":"","background-media":"","overlay-type":"","overlay-color":"","overlay-opacity":"","overlay-gradient":""}},"ast-content-background-meta":{"desktop":{"background-color":"var(--ast-global-color-5)","background-image":"","background-repeat":"repeat","background-position":"center center","background-size":"auto","background-attachment":"scroll","background-type":"","background-media":"","overlay-type":"","overlay-color":"","overlay-opacity":"","overlay-gradient":""},"tablet":{"background-color":"var(--ast-global-color-5)","background-image":"","background-repeat":"repeat","background-position":"center center","background-size":"auto","background-attachment":"scroll","background-type":"","background-media":"","overlay-type":"","overlay-color":"","overlay-opacity":"","overlay-gradient":""},"mobile":{"background-color":"var(--ast-global-color-5)","background-image":"","background-repeat":"repeat","background-position":"center center","background-size":"auto","background-attachment":"scroll","background-type":"","background-media":"","overlay-type":"","overlay-color":"","overlay-opacity":"","overlay-gradient":""}}},"product_brand":[],"product_cat":[176],"product_tag":[],"class_list":{"0":"post-23156","1":"product","2":"type-product","3":"status-publish","4":"has-post-thumbnail","6":"product_cat-concrete-treatment","7":"desktop-align-left","8":"tablet-align-left","9":"mobile-align-left","11":"first","12":"instock","13":"sale","14":"shipping-taxable","15":"purchasable","16":"product-type-variable","17":"has-default-attributes"},"spectra_custom_meta":{"_visibility":["visible"],"_shopify_product_id":["9058933833973"],"_s2w_shopify_domain":["ferberpainting.myshopify.com"],"_shopify_variant_id":["46479732900085"],"_sku":[""],"_manage_stock":["no"],"total_sales":["33"],"_tax_status":["taxable"],"_tax_class":[""],"_backorders":["no"],"_sold_individually":["no"],"_virtual":["no"],"_downloadable":["no"],"_download_limit":["-1"],"_download_expiry":["-1"],"_stock":[null],"_stock_status":["instock"],"_wc_average_rating":["4.86"],"_wc_review_count":["7"],"_product_attributes":["a:1:{s:6:\"volume\";a:6:{s:4:\"name\";s:6:\"Volume\";s:5:\"value\";s:20:\"5 liters | 25 liters\";s:8:\"position\";i:1;s:10:\"is_visible\";i:0;s:12:\"is_variation\";i:1;s:11:\"is_taxonomy\";i:0;}}"],"_product_version":["10.5.1"],"_thumbnail_id":["25731"],"_product_image_gallery":["25732"],"wpse_downloadable_file_names":[""],"wpse_downloadable_file_urls":[""],"_edit_last":["1"],"_default_attributes":["a:1:{s:6:\"volume\";s:8:\"5 liters\";}"],"_edit_lock":["1771158656:1"],"_price":["29.90","129.90"],"merchant-center-availability":["yes"],"merchant-center-category":["2277"],"_wp_page_template":["default"],"site-sidebar-layout":["default"],"ast-site-content-layout":["default"],"site-content-style":["default"],"site-sidebar-style":["default"],"theme-transparent-header-meta":["default"],"_wc_rating_count":["a:2:{i:4;i:1;i:5;i:6;}"],"astra-migrate-meta-layouts":["set"],"_uag_css_file_name":["uag-css-23156.css"],"_elementor_page_assets":["a:0:{}"]},"uagb_featured_image_src":{"full":["https:\/\/www.ferberpainting.com\/wp-content\/uploads\/2025\/05\/ConcreteandCementAccelerator5L.png",2560,2560,false],"thumbnail":["https:\/\/www.ferberpainting.com\/wp-content\/uploads\/2025\/05\/ConcreteandCementAccelerator5L-150x150.png",150,150,true],"medium":["https:\/\/www.ferberpainting.com\/wp-content\/uploads\/2025\/05\/ConcreteandCementAccelerator5L-300x300.png",300,300,true],"medium_large":["https:\/\/www.ferberpainting.com\/wp-content\/uploads\/2025\/05\/ConcreteandCementAccelerator5L-768x768.png",768,768,true],"large":["https:\/\/www.ferberpainting.com\/wp-content\/uploads\/2025\/05\/ConcreteandCementAccelerator5L-1024x1024.png",1024,1024,true],"1536x1536":["https:\/\/www.ferberpainting.com\/wp-content\/uploads\/2025\/05\/ConcreteandCementAccelerator5L-1536x1536.png",1536,1536,true],"2048x2048":["https:\/\/www.ferberpainting.com\/wp-content\/uploads\/2025\/05\/ConcreteandCementAccelerator5L-2048x2048.png",2048,2048,true],"trp-custom-language-flag":["https:\/\/www.ferberpainting.com\/wp-content\/uploads\/2025\/05\/ConcreteandCementAccelerator5L-12x12.png",12,12,true],"woocommerce_thumbnail":["https:\/\/www.ferberpainting.com\/wp-content\/uploads\/2025\/05\/ConcreteandCementAccelerator5L-300x300.png",300,300,true],"woocommerce_single":["https:\/\/www.ferberpainting.com\/wp-content\/uploads\/2025\/05\/ConcreteandCementAccelerator5L-600x600.png",600,600,true],"woocommerce_gallery_thumbnail":["https:\/\/www.ferberpainting.com\/wp-content\/uploads\/2025\/05\/ConcreteandCementAccelerator5L-100x100.png",100,100,true]},"uagb_author_info":{"display_name":"admin","author_link":"https:\/\/www.ferberpainting.com\/se\/author\/"},"uagb_comment_info":7,"uagb_excerpt":"Reduced Setting Time.\u00a0This setting accelerator is specially designed to significantly shorten the curing time of concrete, cement, and mortar, enabling faster application and optimizing workflow on construction sites. It is ideal for projects where time savings are crucial, especially in cold weather when natural setting slows down. Money-back Guarantee.\u00a0We are confident in the effectiveness of&hellip;","_links":{"self":[{"href":"https:\/\/www.ferberpainting.com\/se\/wp-json\/wp\/v2\/product\/23156","targetHints":{"allow":["GET"]}}],"collection":[{"href":"https:\/\/www.ferberpainting.com\/se\/wp-json\/wp\/v2\/product"}],"about":[{"href":"https:\/\/www.ferberpainting.com\/se\/wp-json\/wp\/v2\/types\/product"}],"replies":[{"embeddable":true,"href":"https:\/\/www.ferberpainting.com\/se\/wp-json\/wp\/v2\/comments?post=23156"}],"version-history":[{"count":5,"href":"https:\/\/www.ferberpainting.com\/se\/wp-json\/wp\/v2\/product\/23156\/revisions"}],"predecessor-version":[{"id":166075,"href":"https:\/\/www.ferberpainting.com\/se\/wp-json\/wp\/v2\/product\/23156\/revisions\/166075"}],"wp:featuredmedia":[{"embeddable":true,"href":"https:\/\/www.ferberpainting.com\/se\/wp-json\/wp\/v2\/media\/25731"}],"wp:attachment":[{"href":"https:\/\/www.ferberpainting.com\/se\/wp-json\/wp\/v2\/media?parent=23156"}],"wp:term":[{"taxonomy":"product_brand","embeddable":true,"href":"https:\/\/www.ferberpainting.com\/se\/wp-json\/wp\/v2\/product_brand?post=23156"},{"taxonomy":"product_cat","embeddable":true,"href":"https:\/\/www.ferberpainting.com\/se\/wp-json\/wp\/v2\/product_cat?post=23156"},{"taxonomy":"product_tag","embeddable":true,"href":"https:\/\/www.ferberpainting.com\/se\/wp-json\/wp\/v2\/product_tag?post=23156"}],"curies":[{"name":"wp","href":"https:\/\/api.w.org\/{rel}","templated":true}]}}