{"id":23139,"date":"2025-05-26T10:22:58","date_gmt":"2025-05-26T08:22:58","guid":{"rendered":"https:\/\/www.ferberpainting.com\/products\/citrus-orange-and-lemon-tree-fertilizer\/"},"modified":"2026-02-15T13:28:02","modified_gmt":"2026-02-15T12:28:02","slug":"citrus-orange-and-lemon-tree-fertilizer","status":"publish","type":"product","link":"https:\/\/www.ferberpainting.com\/se\/products\/citrus-orange-and-lemon-tree-fertilizer\/","title":{"rendered":"G\u00f6dselmedel f\u00f6r citrus-, apelsin- och citrontr\u00e4d 25 kg"},"content":{"rendered":"<p><img decoding=\"async\" style=\"margin-right: 12px;\" src=\"https:\/\/www.ferberpainting.com\/wp-content\/uploads\/2026\/02\/Check.svg\" alt=\"\" width=\"18\" height=\"15\" \/><strong>Balanserad g\u00f6dsling f\u00f6r friska citrustr\u00e4d.<\/strong>\u00a0Detta g\u00f6dselmedel f\u00f6r citrustr\u00e4d, apelsintr\u00e4d och citrontr\u00e4d \u00e4r speciellt formulerat f\u00f6r att ge dina tr\u00e4d alla n\u00f6dv\u00e4ndiga n\u00e4rings\u00e4mnen f\u00f6r deras utveckling, blomning och frukt. Tack vare sin NPK 10-10-10-komposition s\u00e4kerst\u00e4ller den harmonisk tillv\u00e4xt av r\u00f6tter, l\u00f6v och frukter, vilket g\u00f6r att citrustr\u00e4d kan producera rikliga och smakrika sk\u00f6rdar samtidigt som de f\u00f6rblir kraftfulla under hela \u00e5ret.<\/p>\n<p><img decoding=\"async\" style=\"margin-right: 12px;\" src=\"https:\/\/www.ferberpainting.com\/wp-content\/uploads\/2026\/02\/Check.svg\" alt=\"\" width=\"18\" height=\"15\" \/><strong>Pengar-tillbaka-garanti.<\/strong>\u00a0Vi har totalt f\u00f6rtroende f\u00f6r effektiviteten hos v\u00e5rt citrusg\u00f6dselmedel, varf\u00f6r vi erbjuder en pengarna-tillbaka-garanti. Om produkten inte uppfyller dina f\u00f6rv\u00e4ntningar efter korrekt applicering enligt rekommendationerna kan du beg\u00e4ra \u00e5terbetalning utan villkor, vilket garanterar ett riskfritt k\u00f6p med fullst\u00e4ndig sinnesfrid.<\/p>\n<p><img decoding=\"async\" style=\"margin-right: 12px;\" src=\"https:\/\/www.ferberpainting.com\/wp-content\/uploads\/2026\/02\/Check.svg\" alt=\"\" width=\"18\" height=\"15\" \/><strong>L\u00e4mplig f\u00f6r alla citrussorter.<\/strong>\u00a0Detta g\u00f6dselmedel \u00e4r l\u00e4mpligt f\u00f6r apelsintr\u00e4d, citrontr\u00e4d, mandarintr\u00e4d, grapefrukttr\u00e4d, kumquats och andra citrustr\u00e4d som odlas i marken eller i krukor. Det fr\u00e4mjar b\u00e5de utvecklingen av unga tr\u00e4d och underh\u00e5llet av mogna tr\u00e4d, vilket s\u00e4kerst\u00e4ller l\u00e4mplig befruktning i alla tillv\u00e4xtstadier.<\/p>\n<p><img decoding=\"async\" style=\"margin-right: 12px;\" src=\"https:\/\/www.ferberpainting.com\/wp-content\/uploads\/2026\/02\/Check.svg\" alt=\"\" width=\"18\" height=\"15\" \/><strong>Optimerad ekonomisk avkastning f\u00f6r h\u00e5llbar g\u00f6dsling.<\/strong>\u00a0Den koncentrerade formeln g\u00f6r det m\u00f6jligt att applicera endast 200 g g\u00f6dselmedel per tr\u00e4d, vilket s\u00e4kerst\u00e4ller l\u00e5ngvarig och kostnadseffektiv g\u00f6dsling. En p\u00e5se p\u00e5 25 kg kan ge n\u00e4ring \u00e5t upp till 125 tr\u00e4d, vilket g\u00f6r den till ett perfekt val f\u00f6r personer med frukttr\u00e4dg\u00e5rdar eller producenter som s\u00f6ker en l\u00f6nsam och effektiv l\u00f6sning.<\/p>\n<p><img decoding=\"async\" style=\"margin-right: 12px;\" src=\"https:\/\/www.ferberpainting.com\/wp-content\/uploads\/2026\/02\/Check.svg\" alt=\"\" width=\"18\" height=\"15\" \/><strong>En s\u00e4ker och milj\u00f6v\u00e4nlig produkt.<\/strong>\u00a0Detta g\u00f6dselmedel \u00e4r giftfritt och s\u00e4kert f\u00f6r jordar och gr\u00f6dor, vilket s\u00e4kerst\u00e4ller effektiv befruktning utan risk f\u00f6r f\u00f6roreningar. Dess gradvisa fris\u00e4ttning f\u00f6rhindrar \u00f6verdrivna mineralsalter i jorden och bevarar d\u00e4rmed tr\u00e4dens biologiska balans och h\u00e4lsa. Det br\u00e4nner inte r\u00f6tterna n\u00e4r det anv\u00e4nds enligt rekommendationerna, vilket s\u00e4kerst\u00e4ller en sund och naturlig tillv\u00e4xt f\u00f6r citrustr\u00e4d.<\/p>\n<p><img decoding=\"async\" style=\"margin-right: 12px;\" src=\"https:\/\/www.ferberpainting.com\/wp-content\/uploads\/2026\/02\/Check.svg\" alt=\"\" width=\"18\" height=\"15\" \/><strong>Enkel applicering f\u00f6r snabbt synliga resultat.<\/strong>\u00a0Detta g\u00f6dselmedel appliceras direkt vid tr\u00e4dets bas utan att kr\u00e4va komplicerade f\u00f6rberedelser. Det \u00e4r bara att sprida det runt stammen och l\u00e4tt inkorporera det i jorden f\u00f6r progressivt n\u00e4ringsupptag av r\u00f6tterna. Den enkla appliceringsmetoden g\u00f6r att alla tr\u00e4dg\u00e5rdsm\u00e4stare, b\u00e5de nyb\u00f6rjare och erfarna, kan uppn\u00e5 optimal g\u00f6dsling med bara n\u00e5gra enkla steg.<\/p>\n<p><img decoding=\"async\" style=\"margin-right: 12px;\" src=\"https:\/\/www.ferberpainting.com\/wp-content\/uploads\/2026\/02\/Check.svg\" alt=\"\" width=\"18\" height=\"15\" \/><strong>L\u00e5ngvarig verkan f\u00f6r maximal tillv\u00e4xt och frukts\u00e4ttning.<\/strong>\u00a0Tack vare sin icke-l\u00f6sliga formulering frig\u00f6r detta g\u00f6dselmedel l\u00e5ngsamt sina n\u00e4rings\u00e4mnen och ger kontinuerlig utfodring av citrustr\u00e4d under flera veckor. Det fr\u00e4mjar regelbunden tillv\u00e4xt av unga skott, stimulerar blombildning och f\u00f6rb\u00e4ttrar kvaliteten och kvantiteten p\u00e5 de frukter som produceras. Dess balanserade tillf\u00f6rsel av kv\u00e4ve, fosfor och kalium s\u00e4kerst\u00e4ller v\u00e4lutvecklade, s\u00f6ta och smakrika citrusfrukter.<\/p>\n<p><img decoding=\"async\" style=\"margin-right: 12px;\" src=\"https:\/\/www.ferberpainting.com\/wp-content\/uploads\/2026\/02\/Check.svg\" alt=\"\" width=\"18\" height=\"15\" \/><strong>Snabba resultat f\u00f6r f\u00f6rb\u00e4ttrad produktion.<\/strong>\u00a0Fr\u00e5n de f\u00f6rsta applikationerna stimulerar detta g\u00f6dningsmedel tillv\u00e4xt\u00e5terh\u00e4mtning och st\u00e4rker citrustr\u00e4dens motst\u00e5ndskraft mot sjukdomar och h\u00e5rda klimatf\u00f6rh\u00e5llanden. Efter n\u00e5gra veckor utvecklar tr\u00e4den ett t\u00e4tare och gr\u00f6nare bladverk och fruktbildningen optimeras f\u00f6r en rikligare sk\u00f6rd av h\u00f6gre kvalitet.<\/p>\n<h2><strong>Anv\u00e4ndning Protokoll<\/strong><\/h2>\n<ul>\n<li><strong>Ans\u00f6kningsperiod <\/strong>: Applicera tv\u00e5 g\u00e5nger per \u00e5r, i b\u00f6rjan av v\u00e5ren (mars-april) och p\u00e5 h\u00f6sten (september-oktober), f\u00f6r att s\u00e4kerst\u00e4lla kontinuerlig n\u00e4ring f\u00f6r citrustr\u00e4d under hela deras tillv\u00e4xt- och fruktcykel.<\/li>\n<li><strong>Rekommenderad dosering <\/strong>: Sprid ut 200 g g\u00f6dningsmedel per tr\u00e4d, ungef\u00e4r en v\u00e4lfylld handfull. F\u00f6r krukodlade citrustr\u00e4d, minska dosen till 100 g per kruka och anpassa efter tr\u00e4dets storlek.<\/li>\n<li><strong>Till\u00e4mpningsmetod <\/strong>: Sprid g\u00f6dselmedlet i en cirkel runt stammen, cirka 20 till 30 cm fr\u00e5n tr\u00e4dets bas, utan att placera det direkt mot stammen. Skrapa jorden l\u00e4tt med en kratta eller en hacka f\u00f6r att fr\u00e4mja dess inf\u00f6rlivande i jorden.<\/li>\n<li><strong>Bevattning efter applicering <\/strong>: Vattna rikligt efter spridningen f\u00f6r att aktivera spridningen av n\u00e4rings\u00e4mnen i jorden och underl\u00e4tta upptaget av r\u00f6tterna. Regelbunden vattning under de f\u00f6ljande veckorna s\u00e4kerst\u00e4ller optimal absorption.<\/li>\n<li><strong>Underh\u00e5llsfrekvens <\/strong>: F\u00f6r unga tr\u00e4d i full tillv\u00e4xt kan en extra applicering p\u00e5 sommaren (juli-augusti) vara till nytta f\u00f6r att st\u00e4rka deras utveckling och f\u00f6rbereda f\u00f6r riklig blomning.<\/li>\n<li><strong>F\u00f6rsiktighets\u00e5tg\u00e4rder vid anv\u00e4ndning <\/strong>: \u00d6verskrid inte de rekommenderade doserna f\u00f6r att undvika \u00f6verskott av n\u00e4rings\u00e4mnen i jorden. Undvik att applicera g\u00f6dselmedel p\u00e5 frusen jord eller under perioder av intensiv torka utan extra vattning.<\/li>\n<li><strong>F\u00f6rvaring och konservering <\/strong>: F\u00f6rvara g\u00f6dselmedlet p\u00e5 en sval, torr plats, borta fr\u00e5n fukt och solljus. \u00c5terf\u00f6rslut p\u00e5sen noggrant efter varje anv\u00e4ndning f\u00f6r att bevara produktkvaliteten och f\u00f6rhindra fuktabsorption.<\/li>\n<\/ul>\n<p>Med detta <strong>g\u00f6dselmedel f\u00f6r citrus-, apelsin- och citrontr\u00e4d<\/strong>ger dina tr\u00e4d en komplett och balanserad n\u00e4ring som fr\u00e4mjar kraftig tillv\u00e4xt, intensiv blomning och en riklig sk\u00f6rd av smakrika frukter.<\/p>","protected":false},"excerpt":{"rendered":"<p>Balanced fertilization for healthy citrus trees.\u00a0This fertilizer for citrus trees, orange trees, and lemon trees is specially formulated to provide your trees with all the necessary nutrients for their development, flowering, and fruiting. Thanks to its NPK 10-10-10 composition, it ensures harmonious growth of roots, leaves, and fruits, allowing citrus trees to produce abundant and [&hellip;]<\/p>\n","protected":false},"featured_media":25723,"comment_status":"open","ping_status":"closed","template":"","meta":{"_uag_custom_page_level_css":"","site-sidebar-layout":"default","site-content-layout":"","ast-site-content-layout":"default","site-content-style":"default","site-sidebar-style":"default","ast-global-header-display":"","ast-banner-title-visibility":"","ast-main-header-display":"","ast-hfb-above-header-display":"","ast-hfb-below-header-display":"","ast-hfb-mobile-header-display":"","site-post-title":"","ast-breadcrumbs-content":"","ast-featured-img":"","footer-sml-layout":"","ast-disable-related-posts":"","theme-transparent-header-meta":"default","adv-header-id-meta":"","stick-header-meta":"","header-above-stick-meta":"","header-main-stick-meta":"","header-below-stick-meta":"","astra-migrate-meta-layouts":"set","ast-page-background-enabled":"default","ast-page-background-meta":{"desktop":{"background-color":"var(--ast-global-color-4)","background-image":"","background-repeat":"repeat","background-position":"center center","background-size":"auto","background-attachment":"scroll","background-type":"","background-media":"","overlay-type":"","overlay-color":"","overlay-opacity":"","overlay-gradient":""},"tablet":{"background-color":"","background-image":"","background-repeat":"repeat","background-position":"center center","background-size":"auto","background-attachment":"scroll","background-type":"","background-media":"","overlay-type":"","overlay-color":"","overlay-opacity":"","overlay-gradient":""},"mobile":{"background-color":"","background-image":"","background-repeat":"repeat","background-position":"center center","background-size":"auto","background-attachment":"scroll","background-type":"","background-media":"","overlay-type":"","overlay-color":"","overlay-opacity":"","overlay-gradient":""}},"ast-content-background-meta":{"desktop":{"background-color":"var(--ast-global-color-5)","background-image":"","background-repeat":"repeat","background-position":"center center","background-size":"auto","background-attachment":"scroll","background-type":"","background-media":"","overlay-type":"","overlay-color":"","overlay-opacity":"","overlay-gradient":""},"tablet":{"background-color":"var(--ast-global-color-5)","background-image":"","background-repeat":"repeat","background-position":"center center","background-size":"auto","background-attachment":"scroll","background-type":"","background-media":"","overlay-type":"","overlay-color":"","overlay-opacity":"","overlay-gradient":""},"mobile":{"background-color":"var(--ast-global-color-5)","background-image":"","background-repeat":"repeat","background-position":"center center","background-size":"auto","background-attachment":"scroll","background-type":"","background-media":"","overlay-type":"","overlay-color":"","overlay-opacity":"","overlay-gradient":""}}},"product_brand":[],"product_cat":[178],"product_tag":[],"class_list":{"0":"post-23139","1":"product","2":"type-product","3":"status-publish","4":"has-post-thumbnail","6":"product_cat-fertilizers","7":"desktop-align-left","8":"tablet-align-left","9":"mobile-align-left","11":"first","12":"instock","13":"shipping-taxable","14":"purchasable","15":"product-type-simple"},"spectra_custom_meta":{"_visibility":["visible"],"_shopify_product_id":["9062376374517"],"_s2w_shopify_domain":["ferberpainting.myshopify.com"],"_shopify_variant_id":["46488662704373"],"_sku":["FPCITRUSORANGEANDLEMONTREEFERTILIZER25KG"],"_regular_price":["39.90"],"_price":["39.90"],"_sale_price":[""],"_weight":["18.5"],"_thumbnail_id":["25723"],"_global_unique_id":["5056773817050"],"total_sales":["34"],"_tax_status":["taxable"],"_tax_class":[""],"_manage_stock":["no"],"_backorders":["no"],"_sold_individually":["no"],"_virtual":["no"],"_downloadable":["no"],"_download_limit":["-1"],"_download_expiry":["-1"],"_stock":[null],"_stock_status":["instock"],"_wc_average_rating":["5.00"],"_wc_review_count":["38"],"_product_version":["10.5.1"],"_edit_lock":["1771158344:1"],"_edit_last":["1"],"_wp_page_template":["default"],"site-sidebar-layout":["default"],"ast-site-content-layout":["default"],"site-content-style":["default"],"site-sidebar-style":["default"],"theme-transparent-header-meta":["default"],"_wc_rating_count":["a:1:{i:5;i:38;}"],"merchant-center-availability":["yes"],"merchant-center-category":["113"],"astra-migrate-meta-layouts":["set"],"_uag_css_file_name":["uag-css-23139.css"],"_elementor_page_assets":["a:0:{}"]},"uagb_featured_image_src":{"full":["https:\/\/www.ferberpainting.com\/wp-content\/uploads\/2025\/05\/Citrus_OrangeandLemonTreeFertilizer25kg.png",2560,2560,false],"thumbnail":["https:\/\/www.ferberpainting.com\/wp-content\/uploads\/2025\/05\/Citrus_OrangeandLemonTreeFertilizer25kg-150x150.png",150,150,true],"medium":["https:\/\/www.ferberpainting.com\/wp-content\/uploads\/2025\/05\/Citrus_OrangeandLemonTreeFertilizer25kg-300x300.png",300,300,true],"medium_large":["https:\/\/www.ferberpainting.com\/wp-content\/uploads\/2025\/05\/Citrus_OrangeandLemonTreeFertilizer25kg-768x768.png",768,768,true],"large":["https:\/\/www.ferberpainting.com\/wp-content\/uploads\/2025\/05\/Citrus_OrangeandLemonTreeFertilizer25kg-1024x1024.png",1024,1024,true],"1536x1536":["https:\/\/www.ferberpainting.com\/wp-content\/uploads\/2025\/05\/Citrus_OrangeandLemonTreeFertilizer25kg-1536x1536.png",1536,1536,true],"2048x2048":["https:\/\/www.ferberpainting.com\/wp-content\/uploads\/2025\/05\/Citrus_OrangeandLemonTreeFertilizer25kg-2048x2048.png",2048,2048,true],"trp-custom-language-flag":["https:\/\/www.ferberpainting.com\/wp-content\/uploads\/2025\/05\/Citrus_OrangeandLemonTreeFertilizer25kg-12x12.png",12,12,true],"woocommerce_thumbnail":["https:\/\/www.ferberpainting.com\/wp-content\/uploads\/2025\/05\/Citrus_OrangeandLemonTreeFertilizer25kg-300x300.png",300,300,true],"woocommerce_single":["https:\/\/www.ferberpainting.com\/wp-content\/uploads\/2025\/05\/Citrus_OrangeandLemonTreeFertilizer25kg-600x600.png",600,600,true],"woocommerce_gallery_thumbnail":["https:\/\/www.ferberpainting.com\/wp-content\/uploads\/2025\/05\/Citrus_OrangeandLemonTreeFertilizer25kg-100x100.png",100,100,true]},"uagb_author_info":{"display_name":"admin","author_link":"https:\/\/www.ferberpainting.com\/se\/author\/"},"uagb_comment_info":38,"uagb_excerpt":"Balanced fertilization for healthy citrus trees.\u00a0This fertilizer for citrus trees, orange trees, and lemon trees is specially formulated to provide your trees with all the necessary nutrients for their development, flowering, and fruiting. Thanks to its NPK 10-10-10 composition, it ensures harmonious growth of roots, leaves, and fruits, allowing citrus trees to produce abundant and&hellip;","_links":{"self":[{"href":"https:\/\/www.ferberpainting.com\/se\/wp-json\/wp\/v2\/product\/23139","targetHints":{"allow":["GET"]}}],"collection":[{"href":"https:\/\/www.ferberpainting.com\/se\/wp-json\/wp\/v2\/product"}],"about":[{"href":"https:\/\/www.ferberpainting.com\/se\/wp-json\/wp\/v2\/types\/product"}],"replies":[{"embeddable":true,"href":"https:\/\/www.ferberpainting.com\/se\/wp-json\/wp\/v2\/comments?post=23139"}],"version-history":[{"count":5,"href":"https:\/\/www.ferberpainting.com\/se\/wp-json\/wp\/v2\/product\/23139\/revisions"}],"predecessor-version":[{"id":166067,"href":"https:\/\/www.ferberpainting.com\/se\/wp-json\/wp\/v2\/product\/23139\/revisions\/166067"}],"wp:featuredmedia":[{"embeddable":true,"href":"https:\/\/www.ferberpainting.com\/se\/wp-json\/wp\/v2\/media\/25723"}],"wp:attachment":[{"href":"https:\/\/www.ferberpainting.com\/se\/wp-json\/wp\/v2\/media?parent=23139"}],"wp:term":[{"taxonomy":"product_brand","embeddable":true,"href":"https:\/\/www.ferberpainting.com\/se\/wp-json\/wp\/v2\/product_brand?post=23139"},{"taxonomy":"product_cat","embeddable":true,"href":"https:\/\/www.ferberpainting.com\/se\/wp-json\/wp\/v2\/product_cat?post=23139"},{"taxonomy":"product_tag","embeddable":true,"href":"https:\/\/www.ferberpainting.com\/se\/wp-json\/wp\/v2\/product_tag?post=23139"}],"curies":[{"name":"wp","href":"https:\/\/api.w.org\/{rel}","templated":true}]}}