{"id":23135,"date":"2025-05-26T10:22:56","date_gmt":"2025-05-26T08:22:56","guid":{"rendered":"https:\/\/www.ferberpainting.com\/products\/cherry-tree-fertilizer\/"},"modified":"2026-02-15T13:26:38","modified_gmt":"2026-02-15T12:26:38","slug":"cherry-tree-fertilizer","status":"publish","type":"product","link":"https:\/\/www.ferberpainting.com\/se\/products\/cherry-tree-fertilizer\/","title":{"rendered":"G\u00f6dselmedel f\u00f6r k\u00f6rsb\u00e4rstr\u00e4d 25 kg"},"content":{"rendered":"<p><img decoding=\"async\" style=\"margin-right: 12px;\" src=\"https:\/\/www.ferberpainting.com\/wp-content\/uploads\/2026\/02\/Check.svg\" alt=\"\" width=\"18\" height=\"15\" \/><strong>Ett komplett g\u00f6dningsmedel f\u00f6r ett friskt k\u00f6rsb\u00e4rstr\u00e4d och en riklig sk\u00f6rd.<\/strong>\u00a0G\u00f6dningsmedlet f\u00f6r k\u00f6rsb\u00e4rstr\u00e4d \u00e4r speciellt formulerat f\u00f6r att tillgodose n\u00e4ringsbehoven hos k\u00f6rsb\u00e4rstr\u00e4d och andra stenfrukttr\u00e4d. Tack vare sin balanserade sammans\u00e4ttning av kv\u00e4ve (N), fosfor (P) och kalium (K) i f\u00f6rh\u00e5llandet 10-10-10 fr\u00e4mjar den kraftig tillv\u00e4xt, gener\u00f6s blomning och riklig frukt. Detta g\u00f6dselmedel f\u00f6rb\u00e4ttrar rotutvecklingen, stamstyrkan och sjukdomsresistensen, vilket s\u00e4kerst\u00e4ller ett friskt k\u00f6rsb\u00e4rstr\u00e4d med h\u00f6gkvalitativ fruktproduktion.<\/p>\n<p><img decoding=\"async\" style=\"margin-right: 12px;\" src=\"https:\/\/www.ferberpainting.com\/wp-content\/uploads\/2026\/02\/Check.svg\" alt=\"\" width=\"18\" height=\"15\" \/><strong>Pengar-tillbaka-garanti.<\/strong>\u00a0Vi \u00e4r \u00f6vertygade om att v\u00e5rt g\u00f6dningsmedel f\u00f6r k\u00f6rsb\u00e4rstr\u00e4d \u00e4r effektivt. Men om du inte m\u00e4rker n\u00e5gon anm\u00e4rkningsv\u00e4rd f\u00f6rb\u00e4ttring i ditt tr\u00e4d efter regelbunden anv\u00e4ndning enligt instruktionerna, \u00e5tar vi oss att helt \u00e5terbetala ditt k\u00f6p, inga fr\u00e5gor st\u00e4lls.<\/p>\n<p><img decoding=\"async\" style=\"margin-right: 12px;\" src=\"https:\/\/www.ferberpainting.com\/wp-content\/uploads\/2026\/02\/Check.svg\" alt=\"\" width=\"18\" height=\"15\" \/><strong>Ett g\u00f6dselmedel som l\u00e4mpar sig f\u00f6r alla jordtyper och odlingsf\u00f6rh\u00e5llanden.<\/strong>\u00a0Oavsett om ditt k\u00f6rsb\u00e4rstr\u00e4d v\u00e4xer i lerig, kalkhaltig, sandig eller lerig jord, anpassar detta g\u00f6dselmedel sig perfekt till dess milj\u00f6. Det \u00e4r ocks\u00e5 effektivt n\u00e4r det planteras p\u00e5 \u00f6ppna f\u00e4lt eller storskaliga frukttr\u00e4dg\u00e5rdar, vilket s\u00e4kerst\u00e4ller optimal n\u00e4ringsabsorption i alla typer av substrat.<\/p>\n<p><img decoding=\"async\" style=\"margin-right: 12px;\" src=\"https:\/\/www.ferberpainting.com\/wp-content\/uploads\/2026\/02\/Check.svg\" alt=\"\" width=\"18\" height=\"15\" \/><strong>Kostnadseffektivt utbyte och exakt dosering.<\/strong>\u00a0Tack vare den mycket koncentrerade formeln kan en 25 kg p\u00e5se g\u00f6dsla ett stort antal tr\u00e4d, med en rekommenderad dosering p\u00e5 200 g per tr\u00e4d. Det fasta g\u00f6dselmedlet sprids helt enkelt ut runt stammen, vilket g\u00f6r det till en ekonomisk och h\u00e5llbar l\u00f6sning f\u00f6r h\u00f6g avkastning och produktion av h\u00f6gsta kvalitet.<\/p>\n<p><img decoding=\"async\" style=\"margin-right: 12px;\" src=\"https:\/\/www.ferberpainting.com\/wp-content\/uploads\/2026\/02\/Check.svg\" alt=\"\" width=\"18\" height=\"15\" \/><strong>Ett milj\u00f6v\u00e4nligt och s\u00e4kert g\u00f6dningsmedel.<\/strong>\u00a0V\u00e5rt g\u00f6dselmedel f\u00f6r k\u00f6rsb\u00e4rstr\u00e4d \u00e4r fritt fr\u00e5n giftiga \u00e4mnen eller tungmetaller och \u00e4r s\u00e4kert f\u00f6r vilda djur, v\u00e4xter och grundvatten. Det sl\u00e4pper ut n\u00e4rings\u00e4mnen gradvis och kontinuerligt, vilket s\u00e4kerst\u00e4ller optimal tr\u00e4dassimilering utan att \u00f6verbelasta jorden.<\/p>\n<p><img decoding=\"async\" style=\"margin-right: 12px;\" src=\"https:\/\/www.ferberpainting.com\/wp-content\/uploads\/2026\/02\/Check.svg\" alt=\"\" width=\"18\" height=\"15\" \/><strong>L\u00e4tt att applicera och garanterad effektivitet.<\/strong>\u00a0Till skillnad fr\u00e5n flytande g\u00f6dningsmedel som kr\u00e4ver f\u00f6reg\u00e5ende utsp\u00e4dning sprids detta g\u00f6dningsmedel direkt vid basen av k\u00f6rsb\u00e4rstr\u00e4det, vilket f\u00f6renklar anv\u00e4ndningen avsev\u00e4rt. Du beh\u00f6ver inte m\u00e4ta upp en blandning: applicera bara den rekommenderade m\u00e4ngden och vattna l\u00e4tt f\u00f6r att det omedelbart ska b\u00f6rja verka p\u00e5 tr\u00e4det.<\/p>\n<p><img decoding=\"async\" style=\"margin-right: 12px;\" src=\"https:\/\/www.ferberpainting.com\/wp-content\/uploads\/2026\/02\/Check.svg\" alt=\"\" width=\"18\" height=\"15\" \/><strong>L\u00e5ngvarig verkan f\u00f6r robusta och produktiva k\u00f6rsb\u00e4rstr\u00e4d.<\/strong>\u00a0Tack vare sin l\u00e5ngsamma och progressiva fris\u00e4ttning s\u00e4kerst\u00e4ller detta g\u00f6dselmedel en stadig tillf\u00f6rsel av n\u00e4rings\u00e4mnen under flera m\u00e5nader. Det stimulerar rot- och grentillv\u00e4xt, samtidigt som det st\u00e4rker motst\u00e5ndskraften mot sjukdomar, skadedjur och klimatstress, vilket s\u00e4kerst\u00e4ller rikliga sk\u00f6rdar \u00e5r efter \u00e5r.<\/p>\n<p><img decoding=\"async\" style=\"margin-right: 12px;\" src=\"https:\/\/www.ferberpainting.com\/wp-content\/uploads\/2026\/02\/Check.svg\" alt=\"\" width=\"18\" height=\"15\" \/><strong>Synlig effekt p\u00e5 tillv\u00e4xt och frukts\u00e4ttning.<\/strong>\u00a0Fr\u00e5n de f\u00f6rsta veckorna efter appliceringen visar tr\u00e4det tecken p\u00e5 kraftig tillv\u00e4xt, med frodigt bladverk och knoppar som snabbt utvecklas. Tack vare kv\u00e4ve \u00e4r de nya skotten starka och gr\u00f6na, fosfor fr\u00e4mjar en stark rotutveckling och kalium f\u00f6rb\u00e4ttrar fruktens kvalitet och smak.<\/p>\n<p><img decoding=\"async\" style=\"margin-right: 12px;\" src=\"https:\/\/www.ferberpainting.com\/wp-content\/uploads\/2026\/02\/Check.svg\" alt=\"\" width=\"18\" height=\"15\" \/><strong>L\u00e4mplig f\u00f6r alla sorters k\u00f6rsb\u00e4rstr\u00e4d och andra frukttr\u00e4d.<\/strong>\u00a0Detta g\u00f6dselmedel \u00e4r idealiskt f\u00f6r s\u00f6ta k\u00f6rsb\u00e4r, sura k\u00f6rsb\u00e4r, tidiga mogna k\u00f6rsb\u00e4r, sena k\u00f6rsb\u00e4r och alla typer av k\u00f6rsb\u00e4rstr\u00e4d, oavsett om de odlas i frukttr\u00e4dg\u00e5rdar eller hemtr\u00e4dg\u00e5rdar. Det passar ocks\u00e5 perfekt f\u00f6r andra frukttr\u00e4d som plommon, persika och aprikos.<\/p>\n<h2><strong>Anv\u00e4ndningsprotokoll<\/strong><\/h2>\n<p><strong>Ans\u00f6kningsperiod <\/strong>: Applicera g\u00f6dselmedlet fr\u00e5n senvinter till f\u00f6rsommar, en viktig period f\u00f6r att stimulera tillv\u00e4xt och f\u00f6rbereda f\u00f6r frukt. En andra applicering efter sk\u00f6rden hj\u00e4lper till att st\u00e4rka tr\u00e4det f\u00f6re vintern.<\/p>\n<p><strong>Till\u00e4mpningsmetod <\/strong>:<\/p>\n<ul>\n<li>Sprid ut 200 g g\u00f6dningsmedel per tr\u00e4d i en cirkel runt stammen, ca 30-50 cm fr\u00e5n basen f\u00f6r att undvika att r\u00f6tterna br\u00e4nns.<\/li>\n<li>Inkorporera g\u00f6dselmedlet l\u00e4tt i jorden med en kratta f\u00f6r att fr\u00e4mja absorptionen.<\/li>\n<li>Vattna gener\u00f6st f\u00f6r att hj\u00e4lpa n\u00e4rings\u00e4mnena att tr\u00e4nga ner i jorden.<\/li>\n<\/ul>\n<p><strong>Ans\u00f6kningsfrekvens <\/strong>:<\/p>\n<ul>\n<li><strong>F\u00f6r ett v\u00e4xande k\u00f6rsb\u00e4rstr\u00e4d <\/strong>: Applicera g\u00f6dselmedlet en g\u00e5ng i b\u00f6rjan av v\u00e5ren och sedan en andra g\u00e5ng mitt i s\u00e4songen f\u00f6r att st\u00f6dja blomning och frukts\u00e4ttning.<\/li>\n<li><strong>F\u00f6r ett moget k\u00f6rsb\u00e4rstr\u00e4d<\/strong>: En enda \u00e5rlig applicering i mars-april r\u00e4cker f\u00f6r att s\u00e4kerst\u00e4lla en regelbunden och riklig produktion.<\/li>\n<\/ul>\n<p><strong>F\u00f6rsiktighets\u00e5tg\u00e4rder vid anv\u00e4ndning <\/strong>:<\/p>\n<ul>\n<li>Applicera inte g\u00f6dselmedlet f\u00f6r n\u00e4ra stammen f\u00f6r att undvika rotbr\u00e4nna.<\/li>\n<li>\u00d6verdosera inte f\u00f6r att undvika \u00f6verskott av kv\u00e4ve, vilket fr\u00e4mjar \u00f6verdriven bladtillv\u00e4xt till nackdel f\u00f6r frukterna.<\/li>\n<li>Undvik att applicera under perioder av extrem torka eller i full sol f\u00f6r att s\u00e4kerst\u00e4lla optimal absorption.<\/li>\n<\/ul>\n<p>Med v\u00e5rt g\u00f6dningsmedel f\u00f6r k\u00f6rsb\u00e4rstr\u00e4d ger du ditt tr\u00e4d alla viktiga n\u00e4rings\u00e4mnen f\u00f6r kraftig tillv\u00e4xt och en riklig sk\u00f6rd av v\u00e4lsmakande k\u00f6rsb\u00e4r.<\/p>","protected":false},"excerpt":{"rendered":"<p>A complete fertilizer for a healthy cherry tree and an abundant harvest.\u00a0The cherry tree fertilizer is specially formulated to meet the nutritional needs of cherry trees and other stone fruit trees. Thanks to its balanced composition in nitrogen (N), phosphorus (P), and potassium (K) at a ratio of 10-10-10, it promotes vigorous growth, generous flowering, [&hellip;]<\/p>\n","protected":false},"featured_media":25722,"comment_status":"open","ping_status":"closed","template":"","meta":{"_uag_custom_page_level_css":"","site-sidebar-layout":"default","site-content-layout":"","ast-site-content-layout":"default","site-content-style":"default","site-sidebar-style":"default","ast-global-header-display":"","ast-banner-title-visibility":"","ast-main-header-display":"","ast-hfb-above-header-display":"","ast-hfb-below-header-display":"","ast-hfb-mobile-header-display":"","site-post-title":"","ast-breadcrumbs-content":"","ast-featured-img":"","footer-sml-layout":"","ast-disable-related-posts":"","theme-transparent-header-meta":"default","adv-header-id-meta":"","stick-header-meta":"","header-above-stick-meta":"","header-main-stick-meta":"","header-below-stick-meta":"","astra-migrate-meta-layouts":"set","ast-page-background-enabled":"default","ast-page-background-meta":{"desktop":{"background-color":"var(--ast-global-color-4)","background-image":"","background-repeat":"repeat","background-position":"center center","background-size":"auto","background-attachment":"scroll","background-type":"","background-media":"","overlay-type":"","overlay-color":"","overlay-opacity":"","overlay-gradient":""},"tablet":{"background-color":"","background-image":"","background-repeat":"repeat","background-position":"center center","background-size":"auto","background-attachment":"scroll","background-type":"","background-media":"","overlay-type":"","overlay-color":"","overlay-opacity":"","overlay-gradient":""},"mobile":{"background-color":"","background-image":"","background-repeat":"repeat","background-position":"center center","background-size":"auto","background-attachment":"scroll","background-type":"","background-media":"","overlay-type":"","overlay-color":"","overlay-opacity":"","overlay-gradient":""}},"ast-content-background-meta":{"desktop":{"background-color":"var(--ast-global-color-5)","background-image":"","background-repeat":"repeat","background-position":"center center","background-size":"auto","background-attachment":"scroll","background-type":"","background-media":"","overlay-type":"","overlay-color":"","overlay-opacity":"","overlay-gradient":""},"tablet":{"background-color":"var(--ast-global-color-5)","background-image":"","background-repeat":"repeat","background-position":"center center","background-size":"auto","background-attachment":"scroll","background-type":"","background-media":"","overlay-type":"","overlay-color":"","overlay-opacity":"","overlay-gradient":""},"mobile":{"background-color":"var(--ast-global-color-5)","background-image":"","background-repeat":"repeat","background-position":"center center","background-size":"auto","background-attachment":"scroll","background-type":"","background-media":"","overlay-type":"","overlay-color":"","overlay-opacity":"","overlay-gradient":""}}},"product_brand":[],"product_cat":[178],"product_tag":[],"class_list":{"0":"post-23135","1":"product","2":"type-product","3":"status-publish","4":"has-post-thumbnail","6":"product_cat-fertilizers","7":"desktop-align-left","8":"tablet-align-left","9":"mobile-align-left","11":"first","12":"instock","13":"shipping-taxable","14":"purchasable","15":"product-type-simple"},"spectra_custom_meta":{"_visibility":["visible"],"_shopify_product_id":["9073337794805"],"_s2w_shopify_domain":["ferberpainting.myshopify.com"],"_shopify_variant_id":["46524706881781"],"_sku":["FPCHERRYTREEFERTILIZER25KG"],"_regular_price":["39.90"],"_price":["39.90"],"_sale_price":[""],"_weight":["18.7"],"_thumbnail_id":["25722"],"_global_unique_id":["5056773818088"],"total_sales":["11"],"_tax_status":["taxable"],"_tax_class":[""],"_manage_stock":["no"],"_backorders":["no"],"_sold_individually":["no"],"_virtual":["no"],"_downloadable":["no"],"_download_limit":["-1"],"_download_expiry":["-1"],"_stock":[null],"_stock_status":["instock"],"_wc_average_rating":["5.00"],"_wc_review_count":["37"],"_product_version":["10.5.1"],"_wc_rating_count":["a:1:{i:5;i:37;}"],"_edit_lock":["1771158260:1"],"merchant-center-availability":["yes"],"merchant-center-category":["113"],"_edit_last":["1"],"_wp_page_template":["default"],"site-sidebar-layout":["default"],"ast-site-content-layout":["default"],"site-content-style":["default"],"site-sidebar-style":["default"],"theme-transparent-header-meta":["default"],"astra-migrate-meta-layouts":["set"],"_uag_css_file_name":["uag-css-23135.css"],"_elementor_page_assets":["a:0:{}"],"_uag_page_assets":["a:9:{s:3:\"css\";s:6873:\".wp-block-uagb-image{display:flex}.wp-block-uagb-image__figure{position:relative;display:flex;flex-direction:column;max-width:100%;height:auto;margin:0}.wp-block-uagb-image__figure img{height:auto;display:flex;max-width:100%;transition:box-shadow .2s ease}.wp-block-uagb-image__figure>a{display:inline-block}.wp-block-uagb-image__figure figcaption{text-align:center;margin-top:.5em;margin-bottom:1em}.wp-block-uagb-image .components-placeholder.block-editor-media-placeholder .components-placeholder__instructions{align-self:center}.wp-block-uagb-image--align-left{text-align:left}.wp-block-uagb-image--align-right{text-align:right}.wp-block-uagb-image--align-center{text-align:center}.wp-block-uagb-image--align-full .wp-block-uagb-image__figure{margin-left:calc(50% - 50vw);margin-right:calc(50% - 50vw);max-width:100vw;width:100vw;height:auto}.wp-block-uagb-image--align-full .wp-block-uagb-image__figure img{height:auto;width:100% !important}.wp-block-uagb-image--align-wide .wp-block-uagb-image__figure img{height:auto;width:100%}.wp-block-uagb-image--layout-overlay__color-wrapper{position:absolute;left:0;top:0;right:0;bottom:0;opacity:.2;background:rgba(0,0,0,.5);transition:opacity .35s ease-in-out}.wp-block-uagb-image--layout-overlay-link{position:absolute;left:0;right:0;bottom:0;top:0}.wp-block-uagb-image--layout-overlay .wp-block-uagb-image__figure:hover .wp-block-uagb-image--layout-overlay__color-wrapper{opacity:1}.wp-block-uagb-image--layout-overlay__inner{position:absolute;left:15px;right:15px;bottom:15px;top:15px;display:flex;align-items:center;justify-content:center;flex-direction:column;border-color:#fff;transition:.35s ease-in-out}.wp-block-uagb-image--layout-overlay__inner.top-left,.wp-block-uagb-image--layout-overlay__inner.top-center,.wp-block-uagb-image--layout-overlay__inner.top-right{justify-content:flex-start}.wp-block-uagb-image--layout-overlay__inner.bottom-left,.wp-block-uagb-image--layout-overlay__inner.bottom-center,.wp-block-uagb-image--layout-overlay__inner.bottom-right{justify-content:flex-end}.wp-block-uagb-image--layout-overlay__inner.top-left,.wp-block-uagb-image--layout-overlay__inner.center-left,.wp-block-uagb-image--layout-overlay__inner.bottom-left{align-items:flex-start}.wp-block-uagb-image--layout-overlay__inner.top-right,.wp-block-uagb-image--layout-overlay__inner.center-right,.wp-block-uagb-image--layout-overlay__inner.bottom-right{align-items:flex-end}.wp-block-uagb-image--layout-overlay__inner .uagb-image-heading{color:#fff;transition:transform .35s,opacity .35s ease-in-out;transform:translate3d(0, 24px, 0);margin:0;line-height:1em}.wp-block-uagb-image--layout-overlay__inner .uagb-image-separator{width:30%;border-top-width:2px;border-top-color:#fff;border-top-style:solid;margin-bottom:10px;opacity:0;transition:transform .4s,opacity .4s ease-in-out;transform:translate3d(0, 30px, 0)}.wp-block-uagb-image--layout-overlay__inner .uagb-image-caption{opacity:0;overflow:visible;color:#fff;transition:transform .45s,opacity .45s ease-in-out;transform:translate3d(0, 35px, 0)}.wp-block-uagb-image--layout-overlay__inner:hover .uagb-image-heading,.wp-block-uagb-image--layout-overlay__inner:hover .uagb-image-separator,.wp-block-uagb-image--layout-overlay__inner:hover .uagb-image-caption{opacity:1;transform:translate3d(0, 0, 0)}.wp-block-uagb-image--effect-zoomin .wp-block-uagb-image__figure img,.wp-block-uagb-image--effect-zoomin .wp-block-uagb-image__figure .wp-block-uagb-image--layout-overlay__color-wrapper{transform:scale(1);transition:transform .35s ease-in-out}.wp-block-uagb-image--effect-zoomin .wp-block-uagb-image__figure:hover img,.wp-block-uagb-image--effect-zoomin .wp-block-uagb-image__figure:hover .wp-block-uagb-image--layout-overlay__color-wrapper{transform:scale(1.05)}.wp-block-uagb-image--effect-slide .wp-block-uagb-image__figure img,.wp-block-uagb-image--effect-slide .wp-block-uagb-image__figure .wp-block-uagb-image--layout-overlay__color-wrapper{width:calc(100% + 40px) !important;max-width:none !important;transform:translate3d(-40px, 0, 0);transition:transform .35s ease-in-out}.wp-block-uagb-image--effect-slide .wp-block-uagb-image__figure:hover img,.wp-block-uagb-image--effect-slide .wp-block-uagb-image__figure:hover .wp-block-uagb-image--layout-overlay__color-wrapper{transform:translate3d(0, 0, 0)}.wp-block-uagb-image--effect-grayscale img{filter:grayscale(0%);transition:.35s ease-in-out}.wp-block-uagb-image--effect-grayscale:hover img{filter:grayscale(100%)}.wp-block-uagb-image--effect-blur img{filter:blur(0);transition:.35s ease-in-out}.wp-block-uagb-image--effect-blur:hover img{filter:blur(3px)}.uagb-block-e6f939b3.wp-block-uagb-image--layout-default figure img{box-shadow: 0px 0px 0 #00000070;}.uagb-block-e6f939b3.wp-block-uagb-image .wp-block-uagb-image__figure figcaption{font-style: normal;align-self: center;}.uagb-block-e6f939b3.wp-block-uagb-image--layout-overlay figure img{box-shadow: 0px 0px 0 #00000070;}.uagb-block-e6f939b3.wp-block-uagb-image--layout-overlay .wp-block-uagb-image--layout-overlay__color-wrapper{opacity: 0.2;}.uagb-block-e6f939b3.wp-block-uagb-image--layout-overlay .wp-block-uagb-image--layout-overlay__inner{left: 15px;right: 15px;top: 15px;bottom: 15px;}.uagb-block-e6f939b3.wp-block-uagb-image--layout-overlay .wp-block-uagb-image--layout-overlay__inner .uagb-image-heading{font-style: normal;color: #fff;opacity: 1;}.uagb-block-e6f939b3.wp-block-uagb-image--layout-overlay .wp-block-uagb-image--layout-overlay__inner .uagb-image-heading a{color: #fff;}.uagb-block-e6f939b3.wp-block-uagb-image--layout-overlay .wp-block-uagb-image--layout-overlay__inner .uagb-image-caption{opacity: 0;}.uagb-block-e6f939b3.wp-block-uagb-image--layout-overlay .wp-block-uagb-image__figure:hover .wp-block-uagb-image--layout-overlay__color-wrapper{opacity: 1;}.uagb-block-e6f939b3.wp-block-uagb-image .wp-block-uagb-image--layout-overlay__inner .uagb-image-separator{width: 30%;border-top-width: 2px;border-top-color: #fff;opacity: 0;}.uagb-block-e6f939b3.wp-block-uagb-image .wp-block-uagb-image__figure img{width: px;height: auto;}.uagb-block-e6f939b3.wp-block-uagb-image .wp-block-uagb-image__figure:hover .wp-block-uagb-image--layout-overlay__inner .uagb-image-caption{opacity: 1;}.uagb-block-e6f939b3.wp-block-uagb-image .wp-block-uagb-image__figure:hover .wp-block-uagb-image--layout-overlay__inner .uagb-image-separator{opacity: 1;}.uagb-block-e6f939b3.wp-block-uagb-image--layout-default figure:hover img{box-shadow: 0px 0px 0 #00000070;}.uagb-block-e6f939b3.wp-block-uagb-image--layout-overlay figure:hover img{box-shadow: 0px 0px 0 #00000070;}@media only screen and (max-width: 976px) {.uagb-block-e6f939b3.wp-block-uagb-image .wp-block-uagb-image__figure img{width: px;height: auto;}}@media only screen and (max-width: 767px) {.uagb-block-e6f939b3.wp-block-uagb-image .wp-block-uagb-image__figure img{width: px;height: auto;}}\";s:2:\"js\";s:0:\"\";s:18:\"current_block_list\";a:13:{i:0;s:11:\"core\/search\";i:1;s:10:\"core\/group\";i:2;s:12:\"core\/heading\";i:3;s:17:\"core\/latest-posts\";i:4;s:20:\"core\/latest-comments\";i:5;s:13:\"core\/archives\";i:6;s:15:\"core\/categories\";i:7;s:14:\"core\/paragraph\";i:8;s:10:\"uagb\/image\";i:9;s:11:\"core\/spacer\";i:10;s:30:\"woocommerce\/product-categories\";i:11;s:10:\"core\/image\";i:12;s:14:\"core\/shortcode\";}s:8:\"uag_flag\";b:1;s:11:\"uag_version\";s:10:\"1777168531\";s:6:\"gfonts\";a:0:{}s:10:\"gfonts_url\";s:0:\"\";s:12:\"gfonts_files\";a:0:{}s:14:\"uag_faq_layout\";b:0;}"]},"uagb_featured_image_src":{"full":["https:\/\/www.ferberpainting.com\/wp-content\/uploads\/2025\/05\/CherryTreeFertilizerensac.png",2560,2560,false],"thumbnail":["https:\/\/www.ferberpainting.com\/wp-content\/uploads\/2025\/05\/CherryTreeFertilizerensac-150x150.png",150,150,true],"medium":["https:\/\/www.ferberpainting.com\/wp-content\/uploads\/2025\/05\/CherryTreeFertilizerensac-300x300.png",300,300,true],"medium_large":["https:\/\/www.ferberpainting.com\/wp-content\/uploads\/2025\/05\/CherryTreeFertilizerensac-768x768.png",768,768,true],"large":["https:\/\/www.ferberpainting.com\/wp-content\/uploads\/2025\/05\/CherryTreeFertilizerensac-1024x1024.png",1024,1024,true],"1536x1536":["https:\/\/www.ferberpainting.com\/wp-content\/uploads\/2025\/05\/CherryTreeFertilizerensac-1536x1536.png",1536,1536,true],"2048x2048":["https:\/\/www.ferberpainting.com\/wp-content\/uploads\/2025\/05\/CherryTreeFertilizerensac-2048x2048.png",2048,2048,true],"trp-custom-language-flag":["https:\/\/www.ferberpainting.com\/wp-content\/uploads\/2025\/05\/CherryTreeFertilizerensac-12x12.png",12,12,true],"woocommerce_thumbnail":["https:\/\/www.ferberpainting.com\/wp-content\/uploads\/2025\/05\/CherryTreeFertilizerensac-300x300.png",300,300,true],"woocommerce_single":["https:\/\/www.ferberpainting.com\/wp-content\/uploads\/2025\/05\/CherryTreeFertilizerensac-600x600.png",600,600,true],"woocommerce_gallery_thumbnail":["https:\/\/www.ferberpainting.com\/wp-content\/uploads\/2025\/05\/CherryTreeFertilizerensac-100x100.png",100,100,true]},"uagb_author_info":{"display_name":"admin","author_link":"https:\/\/www.ferberpainting.com\/se\/author\/"},"uagb_comment_info":37,"uagb_excerpt":"A complete fertilizer for a healthy cherry tree and an abundant harvest.\u00a0The cherry tree fertilizer is specially formulated to meet the nutritional needs of cherry trees and other stone fruit trees. Thanks to its balanced composition in nitrogen (N), phosphorus (P), and potassium (K) at a ratio of 10-10-10, it promotes vigorous growth, generous flowering,&hellip;","_links":{"self":[{"href":"https:\/\/www.ferberpainting.com\/se\/wp-json\/wp\/v2\/product\/23135","targetHints":{"allow":["GET"]}}],"collection":[{"href":"https:\/\/www.ferberpainting.com\/se\/wp-json\/wp\/v2\/product"}],"about":[{"href":"https:\/\/www.ferberpainting.com\/se\/wp-json\/wp\/v2\/types\/product"}],"replies":[{"embeddable":true,"href":"https:\/\/www.ferberpainting.com\/se\/wp-json\/wp\/v2\/comments?post=23135"}],"version-history":[{"count":6,"href":"https:\/\/www.ferberpainting.com\/se\/wp-json\/wp\/v2\/product\/23135\/revisions"}],"predecessor-version":[{"id":166065,"href":"https:\/\/www.ferberpainting.com\/se\/wp-json\/wp\/v2\/product\/23135\/revisions\/166065"}],"wp:featuredmedia":[{"embeddable":true,"href":"https:\/\/www.ferberpainting.com\/se\/wp-json\/wp\/v2\/media\/25722"}],"wp:attachment":[{"href":"https:\/\/www.ferberpainting.com\/se\/wp-json\/wp\/v2\/media?parent=23135"}],"wp:term":[{"taxonomy":"product_brand","embeddable":true,"href":"https:\/\/www.ferberpainting.com\/se\/wp-json\/wp\/v2\/product_brand?post=23135"},{"taxonomy":"product_cat","embeddable":true,"href":"https:\/\/www.ferberpainting.com\/se\/wp-json\/wp\/v2\/product_cat?post=23135"},{"taxonomy":"product_tag","embeddable":true,"href":"https:\/\/www.ferberpainting.com\/se\/wp-json\/wp\/v2\/product_tag?post=23135"}],"curies":[{"name":"wp","href":"https:\/\/api.w.org\/{rel}","templated":true}]}}