{"id":23134,"date":"2025-05-26T10:22:55","date_gmt":"2025-05-26T08:22:55","guid":{"rendered":"https:\/\/www.ferberpainting.com\/products\/cherry-laurel-fertilizer\/"},"modified":"2026-02-15T13:26:08","modified_gmt":"2026-02-15T12:26:08","slug":"cherry-laurel-fertilizer","status":"publish","type":"product","link":"https:\/\/www.ferberpainting.com\/se\/products\/cherry-laurel-fertilizer\/","title":{"rendered":"G\u00f6dselmedel f\u00f6r k\u00f6rsb\u00e4rsl\u00f6nn 25 kg"},"content":{"rendered":"<p><img decoding=\"async\" style=\"margin-right: 12px;\" src=\"https:\/\/www.ferberpainting.com\/wp-content\/uploads\/2026\/02\/Check.svg\" alt=\"\" width=\"18\" height=\"15\" \/><strong>Ett komplett g\u00f6dselmedel f\u00f6r friska k\u00f6rsb\u00e4rslager och t\u00e4ta bladverk.<\/strong>\u00a0K\u00f6rsb\u00e4rslagern, \u00e4ven k\u00e4nd som Prunus laurocerasus, \u00e4r en h\u00e4ckv\u00e4xt som beh\u00f6ver en balanserad n\u00e4ringstillf\u00f6rsel f\u00f6r att h\u00e5lla sig t\u00e4t, gr\u00f6n och sjukdomsresistent. Detta \u00e4r ett g\u00f6dselmedel med l\u00e5ngsam fris\u00e4ttning, med sin balanserade NPK 10-10-10-formel, det stimulerar snabb tillv\u00e4xt av l\u00f6v, grenar och r\u00f6tter, vilket s\u00e4kerst\u00e4ller tjock och enhetlig l\u00f6vverk under hela \u00e5ret.<\/p>\n<p><img decoding=\"async\" style=\"margin-right: 12px;\" src=\"https:\/\/www.ferberpainting.com\/wp-content\/uploads\/2026\/02\/Check.svg\" alt=\"\" width=\"18\" height=\"15\" \/><strong>Pengar-tillbaka-garanti.<\/strong>\u00a0Vi tror starkt p\u00e5 effektiviteten hos v\u00e5rt g\u00f6dningsmedel f\u00f6r k\u00f6rsb\u00e4rslager, men om du inte m\u00e4rker n\u00e5gon f\u00f6rb\u00e4ttring av tillv\u00e4xten eller t\u00e4theten hos din h\u00e4ck efter regelbunden anv\u00e4ndning enligt rekommendationerna, \u00e5tar vi oss att \u00e5terbetala dig helt enligt v\u00e5ra villkor.<\/p>\n<p><img decoding=\"async\" style=\"margin-right: 12px;\" src=\"https:\/\/www.ferberpainting.com\/wp-content\/uploads\/2026\/02\/Check.svg\" alt=\"\" width=\"18\" height=\"15\" \/><strong>L\u00e4mplig f\u00f6r alla jordtyper och planteringsf\u00f6rh\u00e5llanden.<\/strong>\u00a0Oavsett om din k\u00f6rsb\u00e4rslager v\u00e4xer i lerig, sandig, kalkhaltig eller siltig jord \u00e4r detta g\u00f6dselmedel formulerat f\u00f6r optimal n\u00e4ringsabsorption. Det \u00e4r l\u00e4mpligt f\u00f6r plantering p\u00e5 friland, i krukor och fungerar lika bra i stadsmilj\u00f6er som i naturliga milj\u00f6er.<\/p>\n<p><img decoding=\"async\" style=\"margin-right: 12px;\" src=\"https:\/\/www.ferberpainting.com\/wp-content\/uploads\/2026\/02\/Check.svg\" alt=\"\" width=\"18\" height=\"15\" \/><strong>Utm\u00e4rkt ekonomiskt utbyte och optimerad dosering.<\/strong>\u00a0Tack vare sin h\u00f6ga koncentration av n\u00e4rings\u00e4mnen kan detta fasta g\u00f6dselmedel g\u00f6dsla ett stort antal k\u00f6rsb\u00e4rslagrar med en enda 25 kg p\u00e5se. Den rekommenderade doseringen p\u00e5 200 g per tr\u00e4d s\u00e4kerst\u00e4ller en kontinuerlig och balanserad tillv\u00e4xt under flera m\u00e5nader, utan behov av frekventa ingrepp.<\/p>\n<p><img decoding=\"async\" style=\"margin-right: 12px;\" src=\"https:\/\/www.ferberpainting.com\/wp-content\/uploads\/2026\/02\/Check.svg\" alt=\"\" width=\"18\" height=\"15\" \/><strong>S\u00e4kert f\u00f6r milj\u00f6n och den biologiska m\u00e5ngfalden.<\/strong>\u00a0Detta naturliga g\u00f6dselmedel inneh\u00e5ller inga starka kemikalier, tungmetaller eller f\u00f6rorenande \u00e4mnen. Det respekterar markens mikroorganismer och fr\u00e4mjar en sund ekologisk balans. Utan risk f\u00f6r rotbr\u00e4nna \u00e4r det perfekt f\u00f6r familjens tr\u00e4dg\u00e5rdsarbete eller landskapsarkitektur.<\/p>\n<p><img decoding=\"async\" style=\"margin-right: 12px;\" src=\"https:\/\/www.ferberpainting.com\/wp-content\/uploads\/2026\/02\/Check.svg\" alt=\"\" width=\"18\" height=\"15\" \/><strong>Snabb och enkel applicering, inga komplicerade f\u00f6rberedelser.<\/strong>\u00a0Till skillnad fr\u00e5n flytande g\u00f6dselmedel som kr\u00e4ver blandning och exakt utsp\u00e4dning \u00e4r detta fasta granulerade g\u00f6dselmedel klart att anv\u00e4nda. Sprid bara ut det runt plantans bas och vattna l\u00e4tt f\u00f6r att aktivera absorptionen.<\/p>\n<p><img decoding=\"async\" style=\"margin-right: 12px;\" src=\"https:\/\/www.ferberpainting.com\/wp-content\/uploads\/2026\/02\/Check.svg\" alt=\"\" width=\"18\" height=\"15\" \/><strong>L\u00e5ngvarig verkan f\u00f6r minimalt underh\u00e5ll.<\/strong>\u00a0Tack vare sin l\u00e5ngsamma fris\u00e4ttning ger detta g\u00f6dselmedel n\u00e4ring till din k\u00f6rsb\u00e4rslager under flera m\u00e5nader, vilket minskar frekvensen av applicering och s\u00e4kerst\u00e4ller konstant och j\u00e4mn utveckling. Genom att st\u00e4rka r\u00f6tterna, stj\u00e4lkarna och bladen s\u00e4kerst\u00e4ller det en t\u00e4t och estetisk h\u00e4ck under hela \u00e5ret.<\/p>\n<p><img decoding=\"async\" style=\"margin-right: 12px;\" src=\"https:\/\/www.ferberpainting.com\/wp-content\/uploads\/2026\/02\/Check.svg\" alt=\"\" width=\"18\" height=\"15\" \/><strong>Synliga resultat redan fr\u00e5n de f\u00f6rsta veckorna.<\/strong>\u00a0Efter applicering b\u00f6rjar g\u00f6dselmedlet stimulera tillv\u00e4xten inom de f\u00f6rsta veckorna. L\u00f6vverket blir t\u00e4tare och blankare, v\u00e4xten utvecklar nya kraftiga skott och dess motst\u00e5ndskraft mot sjukdomar och skadedjur f\u00f6rb\u00e4ttras.<\/p>\n<p><img decoding=\"async\" style=\"margin-right: 12px;\" src=\"https:\/\/www.ferberpainting.com\/wp-content\/uploads\/2026\/02\/Check.svg\" alt=\"\" width=\"18\" height=\"15\" \/><strong>L\u00e4mpar sig \u00e4ven f\u00f6r andra buskar och h\u00e4ckv\u00e4xter.<\/strong>\u00a0Detta m\u00e5ngsidiga g\u00f6dningsmedel \u00e4r perfekt inte bara f\u00f6r k\u00f6rsb\u00e4rslager, utan ocks\u00e5 f\u00f6r andra vintergr\u00f6na h\u00e4ckbuskar och prydnadsbuskar som photinia, eleagnus, liguster eller idegran. Det \u00e4r ocks\u00e5 perfekt f\u00f6r rabatter eller formklippta h\u00e4ckar.<\/p>\n<h2><strong>Anv\u00e4ndning Protokoll<\/strong><\/h2>\n<ul>\n<li><strong>Ans\u00f6kningsperiod<\/strong> : Applicera g\u00f6dselmedlet i b\u00f6rjan av v\u00e5ren f\u00f6r att stimulera v\u00e5rtillv\u00e4xten, sedan en andra g\u00e5ng p\u00e5 h\u00f6sten f\u00f6r att st\u00e4rka v\u00e4xten f\u00f6re vintern.<\/li>\n<li><strong>Till\u00e4mpningsmetod<\/strong> :\n<ul>\n<li>Sprid 200 g g\u00f6dningsmedel per tr\u00e4d eller per l\u00f6pmeter h\u00e4ck, sprid det runt basen utan att direkt ber\u00f6ra stammen.<\/li>\n<li>Kratta l\u00e4tt p\u00e5 markytan f\u00f6r att underl\u00e4tta inkorporeringen av granulatet.<\/li>\n<li>Vattna ordentligt efter applicering f\u00f6r att aktivera n\u00e4rings\u00e4mnenas spridning i jorden.<\/li>\n<\/ul>\n<\/li>\n<li><strong>Ans\u00f6kningsfrekvens<\/strong> :\n<ul>\n<li><strong>K\u00f6rsb\u00e4rslager (under 3 \u00e5r)<\/strong>: 2 ans\u00f6kningar per \u00e5r \u00e4r tillr\u00e4ckligt f\u00f6r att s\u00e4kerst\u00e4lla en god utveckling.<\/li>\n<li><strong>Vuxna k\u00f6rsb\u00e4rslagrar<\/strong>: En enda \u00e5rlig g\u00f6dsling i mars-april s\u00e4kerst\u00e4ller optimalt underh\u00e5ll och kraftig tillv\u00e4xt.<\/li>\n<\/ul>\n<\/li>\n<li><strong>F\u00f6rsiktighets\u00e5tg\u00e4rder vid anv\u00e4ndning<\/strong> :\n<ul>\n<li>Applicera inte f\u00f6r mycket, eftersom det kan fr\u00e4mja ett alltf\u00f6r rikligt bladverk till nackdel f\u00f6r v\u00e4xtens \u00f6vergripande struktur.<\/li>\n<li>Sprid inte g\u00f6dselmedlet i full sol eller under torka, f\u00f6r att s\u00e4kerst\u00e4lla b\u00e4ttre absorption.<\/li>\n<li>Vattna alltid efter applicering, f\u00f6r att m\u00f6jligg\u00f6ra snabb och j\u00e4mn spridning av n\u00e4rings\u00e4mnen.<\/li>\n<\/ul>\n<\/li>\n<\/ul>\n<p>Tack vare detta k\u00f6rsb\u00e4rslagerg\u00f6dselmedel, se till att njuta av en t\u00e4t, frodig och motst\u00e5ndskraftig h\u00e4ck utan \u00f6verdriven anstr\u00e4ngning eller tr\u00e5kigt underh\u00e5ll.<\/p>","protected":false},"excerpt":{"rendered":"<p>A complete fertilizer for healthy cherry laurel and dense foliage.\u00a0The cherry laurel, also known as Prunus laurocerasus, is a hedge plant that needs a balanced nutrient supply to stay dense, green, and disease-resistant. This is a slow-release fertilizer, with its balanced NPK 10-10-10 formula, it stimulates rapid growth of leaves, branches and roots, ensuring thick [&hellip;]<\/p>\n","protected":false},"featured_media":25721,"comment_status":"open","ping_status":"closed","template":"","meta":{"_uag_custom_page_level_css":"","site-sidebar-layout":"default","site-content-layout":"","ast-site-content-layout":"default","site-content-style":"default","site-sidebar-style":"default","ast-global-header-display":"","ast-banner-title-visibility":"","ast-main-header-display":"","ast-hfb-above-header-display":"","ast-hfb-below-header-display":"","ast-hfb-mobile-header-display":"","site-post-title":"","ast-breadcrumbs-content":"","ast-featured-img":"","footer-sml-layout":"","ast-disable-related-posts":"","theme-transparent-header-meta":"default","adv-header-id-meta":"","stick-header-meta":"","header-above-stick-meta":"","header-main-stick-meta":"","header-below-stick-meta":"","astra-migrate-meta-layouts":"set","ast-page-background-enabled":"default","ast-page-background-meta":{"desktop":{"background-color":"var(--ast-global-color-4)","background-image":"","background-repeat":"repeat","background-position":"center center","background-size":"auto","background-attachment":"scroll","background-type":"","background-media":"","overlay-type":"","overlay-color":"","overlay-opacity":"","overlay-gradient":""},"tablet":{"background-color":"","background-image":"","background-repeat":"repeat","background-position":"center center","background-size":"auto","background-attachment":"scroll","background-type":"","background-media":"","overlay-type":"","overlay-color":"","overlay-opacity":"","overlay-gradient":""},"mobile":{"background-color":"","background-image":"","background-repeat":"repeat","background-position":"center center","background-size":"auto","background-attachment":"scroll","background-type":"","background-media":"","overlay-type":"","overlay-color":"","overlay-opacity":"","overlay-gradient":""}},"ast-content-background-meta":{"desktop":{"background-color":"var(--ast-global-color-5)","background-image":"","background-repeat":"repeat","background-position":"center center","background-size":"auto","background-attachment":"scroll","background-type":"","background-media":"","overlay-type":"","overlay-color":"","overlay-opacity":"","overlay-gradient":""},"tablet":{"background-color":"var(--ast-global-color-5)","background-image":"","background-repeat":"repeat","background-position":"center center","background-size":"auto","background-attachment":"scroll","background-type":"","background-media":"","overlay-type":"","overlay-color":"","overlay-opacity":"","overlay-gradient":""},"mobile":{"background-color":"var(--ast-global-color-5)","background-image":"","background-repeat":"repeat","background-position":"center center","background-size":"auto","background-attachment":"scroll","background-type":"","background-media":"","overlay-type":"","overlay-color":"","overlay-opacity":"","overlay-gradient":""}}},"product_brand":[],"product_cat":[178],"product_tag":[],"class_list":{"0":"post-23134","1":"product","2":"type-product","3":"status-publish","4":"has-post-thumbnail","6":"product_cat-fertilizers","7":"desktop-align-left","8":"tablet-align-left","9":"mobile-align-left","11":"first","12":"instock","13":"shipping-taxable","14":"purchasable","15":"product-type-simple"},"spectra_custom_meta":{"_visibility":["visible"],"_shopify_product_id":["9073339367669"],"_s2w_shopify_domain":["ferberpainting.myshopify.com"],"_shopify_variant_id":["46524717334773"],"_sku":["FPCHERRYLAURELFERTILIZER25KG"],"_regular_price":["39.90"],"_price":["39.90"],"_sale_price":[""],"_weight":["18.7"],"_thumbnail_id":["25721"],"_global_unique_id":["5056773818095"],"total_sales":["9"],"_tax_status":["taxable"],"_tax_class":[""],"_manage_stock":["no"],"_backorders":["no"],"_sold_individually":["no"],"_virtual":["no"],"_downloadable":["no"],"_download_limit":["-1"],"_download_expiry":["-1"],"_stock":[null],"_stock_status":["instock"],"_wc_average_rating":["5.00"],"_wc_review_count":["25"],"_product_version":["10.5.1"],"_wc_rating_count":["a:1:{i:5;i:25;}"],"_edit_lock":["1771158371:1"],"merchant-center-availability":["yes"],"merchant-center-category":["113"],"_edit_last":["1"],"_wp_page_template":["default"],"site-sidebar-layout":["default"],"ast-site-content-layout":["default"],"site-content-style":["default"],"site-sidebar-style":["default"],"theme-transparent-header-meta":["default"],"astra-migrate-meta-layouts":["set"],"_uag_css_file_name":["uag-css-23134.css"],"_elementor_page_assets":["a:0:{}"],"_uag_page_assets":["a:9:{s:3:\"css\";s:7133:\".uag-blocks-common-selector{z-index:var(--z-index-desktop) !important}@media(max-width: 976px){.uag-blocks-common-selector{z-index:var(--z-index-tablet) !important}}@media(max-width: 767px){.uag-blocks-common-selector{z-index:var(--z-index-mobile) !important}}.wp-block-uagb-image{display:flex}.wp-block-uagb-image__figure{position:relative;display:flex;flex-direction:column;max-width:100%;height:auto;margin:0}.wp-block-uagb-image__figure img{height:auto;display:flex;max-width:100%;transition:box-shadow .2s ease}.wp-block-uagb-image__figure>a{display:inline-block}.wp-block-uagb-image__figure figcaption{text-align:center;margin-top:.5em;margin-bottom:1em}.wp-block-uagb-image .components-placeholder.block-editor-media-placeholder .components-placeholder__instructions{align-self:center}.wp-block-uagb-image--align-left{text-align:left}.wp-block-uagb-image--align-right{text-align:right}.wp-block-uagb-image--align-center{text-align:center}.wp-block-uagb-image--align-full .wp-block-uagb-image__figure{margin-left:calc(50% - 50vw);margin-right:calc(50% - 50vw);max-width:100vw;width:100vw;height:auto}.wp-block-uagb-image--align-full .wp-block-uagb-image__figure img{height:auto;width:100% !important}.wp-block-uagb-image--align-wide .wp-block-uagb-image__figure img{height:auto;width:100%}.wp-block-uagb-image--layout-overlay__color-wrapper{position:absolute;left:0;top:0;right:0;bottom:0;opacity:.2;background:rgba(0,0,0,.5);transition:opacity .35s ease-in-out}.wp-block-uagb-image--layout-overlay-link{position:absolute;left:0;right:0;bottom:0;top:0}.wp-block-uagb-image--layout-overlay .wp-block-uagb-image__figure:hover .wp-block-uagb-image--layout-overlay__color-wrapper{opacity:1}.wp-block-uagb-image--layout-overlay__inner{position:absolute;left:15px;right:15px;bottom:15px;top:15px;display:flex;align-items:center;justify-content:center;flex-direction:column;border-color:#fff;transition:.35s ease-in-out}.wp-block-uagb-image--layout-overlay__inner.top-left,.wp-block-uagb-image--layout-overlay__inner.top-center,.wp-block-uagb-image--layout-overlay__inner.top-right{justify-content:flex-start}.wp-block-uagb-image--layout-overlay__inner.bottom-left,.wp-block-uagb-image--layout-overlay__inner.bottom-center,.wp-block-uagb-image--layout-overlay__inner.bottom-right{justify-content:flex-end}.wp-block-uagb-image--layout-overlay__inner.top-left,.wp-block-uagb-image--layout-overlay__inner.center-left,.wp-block-uagb-image--layout-overlay__inner.bottom-left{align-items:flex-start}.wp-block-uagb-image--layout-overlay__inner.top-right,.wp-block-uagb-image--layout-overlay__inner.center-right,.wp-block-uagb-image--layout-overlay__inner.bottom-right{align-items:flex-end}.wp-block-uagb-image--layout-overlay__inner .uagb-image-heading{color:#fff;transition:transform .35s,opacity .35s ease-in-out;transform:translate3d(0, 24px, 0);margin:0;line-height:1em}.wp-block-uagb-image--layout-overlay__inner .uagb-image-separator{width:30%;border-top-width:2px;border-top-color:#fff;border-top-style:solid;margin-bottom:10px;opacity:0;transition:transform .4s,opacity .4s ease-in-out;transform:translate3d(0, 30px, 0)}.wp-block-uagb-image--layout-overlay__inner .uagb-image-caption{opacity:0;overflow:visible;color:#fff;transition:transform .45s,opacity .45s ease-in-out;transform:translate3d(0, 35px, 0)}.wp-block-uagb-image--layout-overlay__inner:hover .uagb-image-heading,.wp-block-uagb-image--layout-overlay__inner:hover .uagb-image-separator,.wp-block-uagb-image--layout-overlay__inner:hover .uagb-image-caption{opacity:1;transform:translate3d(0, 0, 0)}.wp-block-uagb-image--effect-zoomin .wp-block-uagb-image__figure img,.wp-block-uagb-image--effect-zoomin .wp-block-uagb-image__figure .wp-block-uagb-image--layout-overlay__color-wrapper{transform:scale(1);transition:transform .35s ease-in-out}.wp-block-uagb-image--effect-zoomin .wp-block-uagb-image__figure:hover img,.wp-block-uagb-image--effect-zoomin .wp-block-uagb-image__figure:hover .wp-block-uagb-image--layout-overlay__color-wrapper{transform:scale(1.05)}.wp-block-uagb-image--effect-slide .wp-block-uagb-image__figure img,.wp-block-uagb-image--effect-slide .wp-block-uagb-image__figure .wp-block-uagb-image--layout-overlay__color-wrapper{width:calc(100% + 40px) !important;max-width:none !important;transform:translate3d(-40px, 0, 0);transition:transform .35s ease-in-out}.wp-block-uagb-image--effect-slide .wp-block-uagb-image__figure:hover img,.wp-block-uagb-image--effect-slide .wp-block-uagb-image__figure:hover .wp-block-uagb-image--layout-overlay__color-wrapper{transform:translate3d(0, 0, 0)}.wp-block-uagb-image--effect-grayscale img{filter:grayscale(0%);transition:.35s ease-in-out}.wp-block-uagb-image--effect-grayscale:hover img{filter:grayscale(100%)}.wp-block-uagb-image--effect-blur img{filter:blur(0);transition:.35s ease-in-out}.wp-block-uagb-image--effect-blur:hover img{filter:blur(3px)}.uagb-block-e6f939b3.wp-block-uagb-image--layout-default figure img{box-shadow: 0px 0px 0 #00000070;}.uagb-block-e6f939b3.wp-block-uagb-image .wp-block-uagb-image__figure figcaption{font-style: normal;align-self: center;}.uagb-block-e6f939b3.wp-block-uagb-image--layout-overlay figure img{box-shadow: 0px 0px 0 #00000070;}.uagb-block-e6f939b3.wp-block-uagb-image--layout-overlay .wp-block-uagb-image--layout-overlay__color-wrapper{opacity: 0.2;}.uagb-block-e6f939b3.wp-block-uagb-image--layout-overlay .wp-block-uagb-image--layout-overlay__inner{left: 15px;right: 15px;top: 15px;bottom: 15px;}.uagb-block-e6f939b3.wp-block-uagb-image--layout-overlay .wp-block-uagb-image--layout-overlay__inner .uagb-image-heading{font-style: normal;color: #fff;opacity: 1;}.uagb-block-e6f939b3.wp-block-uagb-image--layout-overlay .wp-block-uagb-image--layout-overlay__inner .uagb-image-heading a{color: #fff;}.uagb-block-e6f939b3.wp-block-uagb-image--layout-overlay .wp-block-uagb-image--layout-overlay__inner .uagb-image-caption{opacity: 0;}.uagb-block-e6f939b3.wp-block-uagb-image--layout-overlay .wp-block-uagb-image__figure:hover .wp-block-uagb-image--layout-overlay__color-wrapper{opacity: 1;}.uagb-block-e6f939b3.wp-block-uagb-image .wp-block-uagb-image--layout-overlay__inner .uagb-image-separator{width: 30%;border-top-width: 2px;border-top-color: #fff;opacity: 0;}.uagb-block-e6f939b3.wp-block-uagb-image .wp-block-uagb-image__figure img{width: px;height: auto;}.uagb-block-e6f939b3.wp-block-uagb-image .wp-block-uagb-image__figure:hover .wp-block-uagb-image--layout-overlay__inner .uagb-image-caption{opacity: 1;}.uagb-block-e6f939b3.wp-block-uagb-image .wp-block-uagb-image__figure:hover .wp-block-uagb-image--layout-overlay__inner .uagb-image-separator{opacity: 1;}.uagb-block-e6f939b3.wp-block-uagb-image--layout-default figure:hover img{box-shadow: 0px 0px 0 #00000070;}.uagb-block-e6f939b3.wp-block-uagb-image--layout-overlay figure:hover img{box-shadow: 0px 0px 0 #00000070;}@media only screen and (max-width: 976px) {.uagb-block-e6f939b3.wp-block-uagb-image .wp-block-uagb-image__figure img{width: px;height: auto;}}@media only screen and (max-width: 767px) {.uagb-block-e6f939b3.wp-block-uagb-image .wp-block-uagb-image__figure img{width: px;height: auto;}}\";s:2:\"js\";s:0:\"\";s:18:\"current_block_list\";a:13:{i:0;s:11:\"core\/search\";i:1;s:10:\"core\/group\";i:2;s:12:\"core\/heading\";i:3;s:17:\"core\/latest-posts\";i:4;s:20:\"core\/latest-comments\";i:5;s:13:\"core\/archives\";i:6;s:15:\"core\/categories\";i:7;s:14:\"core\/paragraph\";i:8;s:10:\"uagb\/image\";i:9;s:11:\"core\/spacer\";i:10;s:30:\"woocommerce\/product-categories\";i:11;s:10:\"core\/image\";i:12;s:14:\"core\/shortcode\";}s:8:\"uag_flag\";b:1;s:11:\"uag_version\";s:10:\"1777181856\";s:6:\"gfonts\";a:0:{}s:10:\"gfonts_url\";s:0:\"\";s:12:\"gfonts_files\";a:0:{}s:14:\"uag_faq_layout\";b:0;}"]},"uagb_featured_image_src":{"full":["https:\/\/www.ferberpainting.com\/wp-content\/uploads\/2025\/05\/CherryLaurelFertilizer.png",2560,2560,false],"thumbnail":["https:\/\/www.ferberpainting.com\/wp-content\/uploads\/2025\/05\/CherryLaurelFertilizer-150x150.png",150,150,true],"medium":["https:\/\/www.ferberpainting.com\/wp-content\/uploads\/2025\/05\/CherryLaurelFertilizer-300x300.png",300,300,true],"medium_large":["https:\/\/www.ferberpainting.com\/wp-content\/uploads\/2025\/05\/CherryLaurelFertilizer-768x768.png",768,768,true],"large":["https:\/\/www.ferberpainting.com\/wp-content\/uploads\/2025\/05\/CherryLaurelFertilizer-1024x1024.png",1024,1024,true],"1536x1536":["https:\/\/www.ferberpainting.com\/wp-content\/uploads\/2025\/05\/CherryLaurelFertilizer-1536x1536.png",1536,1536,true],"2048x2048":["https:\/\/www.ferberpainting.com\/wp-content\/uploads\/2025\/05\/CherryLaurelFertilizer-2048x2048.png",2048,2048,true],"trp-custom-language-flag":["https:\/\/www.ferberpainting.com\/wp-content\/uploads\/2025\/05\/CherryLaurelFertilizer-12x12.png",12,12,true],"woocommerce_thumbnail":["https:\/\/www.ferberpainting.com\/wp-content\/uploads\/2025\/05\/CherryLaurelFertilizer-300x300.png",300,300,true],"woocommerce_single":["https:\/\/www.ferberpainting.com\/wp-content\/uploads\/2025\/05\/CherryLaurelFertilizer-600x600.png",600,600,true],"woocommerce_gallery_thumbnail":["https:\/\/www.ferberpainting.com\/wp-content\/uploads\/2025\/05\/CherryLaurelFertilizer-100x100.png",100,100,true]},"uagb_author_info":{"display_name":"admin","author_link":"https:\/\/www.ferberpainting.com\/se\/author\/"},"uagb_comment_info":25,"uagb_excerpt":"A complete fertilizer for healthy cherry laurel and dense foliage.\u00a0The cherry laurel, also known as Prunus laurocerasus, is a hedge plant that needs a balanced nutrient supply to stay dense, green, and disease-resistant. This is a slow-release fertilizer, with its balanced NPK 10-10-10 formula, it stimulates rapid growth of leaves, branches and roots, ensuring thick&hellip;","_links":{"self":[{"href":"https:\/\/www.ferberpainting.com\/se\/wp-json\/wp\/v2\/product\/23134","targetHints":{"allow":["GET"]}}],"collection":[{"href":"https:\/\/www.ferberpainting.com\/se\/wp-json\/wp\/v2\/product"}],"about":[{"href":"https:\/\/www.ferberpainting.com\/se\/wp-json\/wp\/v2\/types\/product"}],"replies":[{"embeddable":true,"href":"https:\/\/www.ferberpainting.com\/se\/wp-json\/wp\/v2\/comments?post=23134"}],"version-history":[{"count":7,"href":"https:\/\/www.ferberpainting.com\/se\/wp-json\/wp\/v2\/product\/23134\/revisions"}],"predecessor-version":[{"id":164351,"href":"https:\/\/www.ferberpainting.com\/se\/wp-json\/wp\/v2\/product\/23134\/revisions\/164351"}],"wp:featuredmedia":[{"embeddable":true,"href":"https:\/\/www.ferberpainting.com\/se\/wp-json\/wp\/v2\/media\/25721"}],"wp:attachment":[{"href":"https:\/\/www.ferberpainting.com\/se\/wp-json\/wp\/v2\/media?parent=23134"}],"wp:term":[{"taxonomy":"product_brand","embeddable":true,"href":"https:\/\/www.ferberpainting.com\/se\/wp-json\/wp\/v2\/product_brand?post=23134"},{"taxonomy":"product_cat","embeddable":true,"href":"https:\/\/www.ferberpainting.com\/se\/wp-json\/wp\/v2\/product_cat?post=23134"},{"taxonomy":"product_tag","embeddable":true,"href":"https:\/\/www.ferberpainting.com\/se\/wp-json\/wp\/v2\/product_tag?post=23134"}],"curies":[{"name":"wp","href":"https:\/\/api.w.org\/{rel}","templated":true}]}}