{"id":23099,"date":"2025-05-26T10:22:42","date_gmt":"2025-05-26T08:22:42","guid":{"rendered":"https:\/\/www.ferberpainting.com\/products\/bloom-and-flowering-fertilizer\/"},"modified":"2026-02-15T13:10:15","modified_gmt":"2026-02-15T12:10:15","slug":"bloom-and-flowering-fertilizer","status":"publish","type":"product","link":"https:\/\/www.ferberpainting.com\/se\/products\/bloom-and-flowering-fertilizer\/","title":{"rendered":"G\u00f6dselmedel f\u00f6r blomning och blomning"},"content":{"rendered":"<p><img decoding=\"async\" style=\"margin-right: 12px;\" src=\"https:\/\/www.ferberpainting.com\/wp-content\/uploads\/2026\/02\/Check.svg\" alt=\"\" width=\"18\" height=\"15\" \/><strong>Ett g\u00f6dselmedel som \u00e4r utformat f\u00f6r riklig och livlig blomning.<\/strong>\u00a0V\u00e5rt blommande g\u00f6dselmedel \u00e4r speciellt formulerat f\u00f6r att stimulera blomningsproduktionen, st\u00e4rka stj\u00e4lkarna och f\u00f6rb\u00e4ttra blommornas kvalitet. Tack vare sin balanserade sammans\u00e4ttning av kv\u00e4ve, fosfor och kalium (NPK 15-15-15) ger den v\u00e4xterna alla viktiga n\u00e4rings\u00e4mnen f\u00f6r att fr\u00e4mja gener\u00f6s blomning med livfulla och l\u00e5ngvariga f\u00e4rger.<\/p>\n<p><img decoding=\"async\" style=\"margin-right: 12px;\" src=\"https:\/\/www.ferberpainting.com\/wp-content\/uploads\/2026\/02\/Check.svg\" alt=\"\" width=\"18\" height=\"15\" \/><strong>Pengar-tillbaka-garanti.<\/strong>\u00a0Vi har fullt f\u00f6rtroende f\u00f6r effektiviteten hos v\u00e5rt blommande g\u00f6dselmedel. Om du, trots anv\u00e4ndning i enlighet med rekommendationerna, inte \u00e4r n\u00f6jd med de erh\u00e5llna resultaten, kan du f\u00e5 full \u00e5terbetalning.<\/p>\n<p><img decoding=\"async\" style=\"margin-right: 12px;\" src=\"https:\/\/www.ferberpainting.com\/wp-content\/uploads\/2026\/02\/Check.svg\" alt=\"\" width=\"18\" height=\"15\" \/><strong>Kompatibel med alla typer av odlingsmedia.<\/strong>\u00a0Detta g\u00f6dselmedel \u00e4r m\u00e5ngsidigt och l\u00e4mpligt f\u00f6r en m\u00e4ngd olika substrat. Det fungerar lika bra i jord, krukor, beh\u00e5llare, hydroponik eller \u00f6ppen mark, och kan anv\u00e4ndas p\u00e5 alla typer av jord, oavsett om det \u00e4r lerigt, sandigt, kalkhaltigt eller lerigt. Det \u00e4r perfekt f\u00f6r prydnadsblommor, buskar, perenner och inomhusv\u00e4xter.<\/p>\n<p><img decoding=\"async\" style=\"margin-right: 12px;\" src=\"https:\/\/www.ferberpainting.com\/wp-content\/uploads\/2026\/02\/Check.svg\" alt=\"\" width=\"18\" height=\"15\" \/><strong>Optimalt kostnadseffektivt utbyte.<\/strong>\u00a0Den koncentrerade formeln g\u00f6r det m\u00f6jligt att bereda upp till 1000 liter n\u00e4ringsl\u00f6sning fr\u00e5n en enda 5-litersbeh\u00e5llare. Endast 5 ml utsp\u00e4tt g\u00f6dselmedel i 1 liter vatten r\u00e4cker f\u00f6r att erbjuda effektiv befruktning. Med denna avkastning garanterar g\u00f6dselmedlet ut\u00f6kad anv\u00e4ndning och utm\u00e4rkt valuta f\u00f6r pengarna.<\/p>\n<p><img decoding=\"async\" style=\"margin-right: 12px;\" src=\"https:\/\/www.ferberpainting.com\/wp-content\/uploads\/2026\/02\/Check.svg\" alt=\"\" width=\"18\" height=\"15\" \/><strong>Ett milj\u00f6v\u00e4nligt g\u00f6dningsmedel.<\/strong>\u00a0Detta g\u00f6dselmedel \u00e4r utformat f\u00f6r att vara s\u00e4kert f\u00f6r biologisk m\u00e5ngfald. Det inneh\u00e5ller inga aggressiva kemiska tillsatser och f\u00f6rorenar inte marken eller grundvattnet. Dess sammans\u00e4ttning hj\u00e4lper till att bevara den naturliga balansen i jordar samtidigt som den fr\u00e4mjar aktiviteten hos f\u00f6rdelaktiga mikroorganismer.<\/p>\n<p><img decoding=\"async\" style=\"margin-right: 12px;\" src=\"https:\/\/www.ferberpainting.com\/wp-content\/uploads\/2026\/02\/Check.svg\" alt=\"\" width=\"18\" height=\"15\" \/><strong>L\u00e4tt att applicera och s\u00e4ker mot rotbr\u00e4nna.<\/strong>\u00a0Till skillnad fr\u00e5n fasta g\u00f6dningsmedel som kan skapa alltf\u00f6r h\u00f6ga koncentrationer av mineralsalter, l\u00f6ser v\u00e5rt flytande g\u00f6dningsmedel perfekt i vatten, vilket s\u00e4kerst\u00e4ller j\u00e4mn f\u00f6rdelning och undviker rotbr\u00e4nning. Det \u00e4r l\u00e4tt att dosera, f\u00f6rbereda och applicera.<\/p>\n<p><img decoding=\"async\" style=\"margin-right: 12px;\" src=\"https:\/\/www.ferberpainting.com\/wp-content\/uploads\/2026\/02\/Check.svg\" alt=\"\" width=\"18\" height=\"15\" \/><strong>Ett l\u00e5ngtidsverkande g\u00f6dningsmedel f\u00f6r l\u00e5ngvarig blomning.<\/strong>\u00a0Tack vare sitt balanserade n\u00e4ringsinneh\u00e5ll fr\u00e4mjar detta g\u00f6dselmedel gradvis fris\u00e4ttning av viktiga element, vilket hj\u00e4lper v\u00e4xter att blomma l\u00e4ngre och med b\u00e4ttre h\u00e4lsa. Det fungerar genom att st\u00e4rka v\u00e4xten fr\u00e5n de f\u00f6rsta dagarna och forts\u00e4tter att ge den n\u00e4ring under hela blomningscykeln.<\/p>\n<p><img decoding=\"async\" style=\"margin-right: 12px;\" src=\"https:\/\/www.ferberpainting.com\/wp-content\/uploads\/2026\/02\/Check.svg\" alt=\"\" width=\"18\" height=\"15\" \/><strong>Synliga resultat snabbt.<\/strong>\u00a0P\u00e5 bara n\u00e5gra dagar kommer du att m\u00e4rka f\u00f6rb\u00e4ttrad f\u00e4rgintensitet, \u00f6kat antal knoppar och st\u00f6rre blomvitalitet. Kv\u00e4ve ger en balanserad bladtillv\u00e4xt, fosfor stimulerar blomknoppsbildningen och kalium f\u00f6rb\u00e4ttrar motst\u00e5ndskraften mot sjukdomar och tuffa klimatf\u00f6rh\u00e5llanden.<\/p>\n<p><img decoding=\"async\" style=\"margin-right: 12px;\" src=\"https:\/\/www.ferberpainting.com\/wp-content\/uploads\/2026\/02\/Check.svg\" alt=\"\" width=\"18\" height=\"15\" \/><strong>Ett g\u00f6dselmedel som passar alla blommande v\u00e4xter.<\/strong>\u00a0Oavsett om det g\u00e4ller rosor, orkid\u00e9er, pelargoner, hibiskus, lavendel eller blommande buskar ger detta g\u00f6dselmedel de n\u00e4rings\u00e4mnen som beh\u00f6vs i varje skede av blomningen. Det passar ocks\u00e5 perfekt f\u00f6r tropiska v\u00e4xter och exotiska blommor, oavsett om de odlas inomhus eller utomhus.<\/p>\n<h2><strong>Anv\u00e4ndning Protokoll<\/strong><\/h2>\n<ul>\n<li><strong>Ans\u00f6kningsperiod <\/strong>: Applicera g\u00f6dselmedlet under hela blomningsperioden, helst under v\u00e5r- och sommarm\u00e5naderna. F\u00f6r inomhusv\u00e4xter kan regelbunden befruktning under hela \u00e5ret \u00f6verv\u00e4gas.<\/li>\n<li><strong>Beredning av l\u00f6sningar <\/strong>: Sp\u00e4d 5 ml g\u00f6dselmedel i 1 liter vatten f\u00f6r att f\u00e5 en homogen l\u00f6sning, klar att anv\u00e4nda.<\/li>\n<li><strong>Till\u00e4mpningsmetod <\/strong>:\n<ul>\n<li><strong>Bevattning vid v\u00e4xternas bas <\/strong>: H\u00e4ll n\u00e4ringsl\u00f6sningen direkt p\u00e5 substratet, n\u00e4ra r\u00f6tterna.<\/li>\n<li><strong>Besprutning av blad <\/strong>: Spraya l\u00e4tt p\u00e5 blad och blommor f\u00f6r snabbt n\u00e4ringsupptag.<\/li>\n<\/ul>\n<\/li>\n<li><strong>Ans\u00f6kningsfrekvens <\/strong>:\n<ul>\n<li><strong>V\u00e4xter i aktiv blomning <\/strong>: Applicera varannan vecka f\u00f6r att stimulera riklig blomning.<\/li>\n<li><strong>Underh\u00e5llsanl\u00e4ggningar <\/strong>: En applicering var 3:e till 4:e vecka hj\u00e4lper till att bibeh\u00e5lla en j\u00e4mn blomning.<\/li>\n<\/ul>\n<\/li>\n<li><strong>F\u00f6rsiktighets\u00e5tg\u00e4rder vid anv\u00e4ndning <\/strong>:\n<ul>\n<li>Undvik \u00f6verdrifter, eftersom \u00f6verg\u00f6dning kan leda till \u00f6verdrivet bladverk p\u00e5 bekostnad av blommor.<\/li>\n<li>Applicera inte under h\u00f6g v\u00e4rme eller i direkt solljus f\u00f6r att undvika snabb avdunstning av n\u00e4rings\u00e4mnen.<\/li>\n<\/ul>\n<\/li>\n<\/ul>\n<p>Med detta h\u00f6gpresterande och balanserade blommande g\u00f6dselmedel kommer dina v\u00e4xter att dra nytta av fullst\u00e4ndig och anpassad n\u00e4ring, vilket garanterar frodig och l\u00e5ngvarig blomning.<\/p>","protected":false},"excerpt":{"rendered":"<p>A fertilizer designed for abundant and vibrant flowering.\u00a0Our flowering fertilizer is specially formulated to stimulate flower production, strengthen stems, and improve the quality of blooms. Thanks to its balanced composition in nitrogen, phosphorus, and potassium (NPK 15-15-15), it provides plants with all the essential nutrients to promote generous flowering, with vibrant and long-lasting colors. Money-back [&hellip;]<\/p>\n","protected":false},"featured_media":25650,"comment_status":"open","ping_status":"closed","template":"","meta":{"_uag_custom_page_level_css":"","site-sidebar-layout":"default","site-content-layout":"","ast-site-content-layout":"default","site-content-style":"default","site-sidebar-style":"default","ast-global-header-display":"","ast-banner-title-visibility":"","ast-main-header-display":"","ast-hfb-above-header-display":"","ast-hfb-below-header-display":"","ast-hfb-mobile-header-display":"","site-post-title":"","ast-breadcrumbs-content":"","ast-featured-img":"","footer-sml-layout":"","ast-disable-related-posts":"","theme-transparent-header-meta":"default","adv-header-id-meta":"","stick-header-meta":"","header-above-stick-meta":"","header-main-stick-meta":"","header-below-stick-meta":"","astra-migrate-meta-layouts":"set","ast-page-background-enabled":"default","ast-page-background-meta":{"desktop":{"background-color":"var(--ast-global-color-4)","background-image":"","background-repeat":"repeat","background-position":"center center","background-size":"auto","background-attachment":"scroll","background-type":"","background-media":"","overlay-type":"","overlay-color":"","overlay-opacity":"","overlay-gradient":""},"tablet":{"background-color":"","background-image":"","background-repeat":"repeat","background-position":"center center","background-size":"auto","background-attachment":"scroll","background-type":"","background-media":"","overlay-type":"","overlay-color":"","overlay-opacity":"","overlay-gradient":""},"mobile":{"background-color":"","background-image":"","background-repeat":"repeat","background-position":"center center","background-size":"auto","background-attachment":"scroll","background-type":"","background-media":"","overlay-type":"","overlay-color":"","overlay-opacity":"","overlay-gradient":""}},"ast-content-background-meta":{"desktop":{"background-color":"var(--ast-global-color-5)","background-image":"","background-repeat":"repeat","background-position":"center center","background-size":"auto","background-attachment":"scroll","background-type":"","background-media":"","overlay-type":"","overlay-color":"","overlay-opacity":"","overlay-gradient":""},"tablet":{"background-color":"var(--ast-global-color-5)","background-image":"","background-repeat":"repeat","background-position":"center center","background-size":"auto","background-attachment":"scroll","background-type":"","background-media":"","overlay-type":"","overlay-color":"","overlay-opacity":"","overlay-gradient":""},"mobile":{"background-color":"var(--ast-global-color-5)","background-image":"","background-repeat":"repeat","background-position":"center center","background-size":"auto","background-attachment":"scroll","background-type":"","background-media":"","overlay-type":"","overlay-color":"","overlay-opacity":"","overlay-gradient":""}}},"product_brand":[],"product_cat":[178],"product_tag":[],"class_list":{"0":"post-23099","1":"product","2":"type-product","3":"status-publish","4":"has-post-thumbnail","6":"product_cat-fertilizers","7":"desktop-align-left","8":"tablet-align-left","9":"mobile-align-left","11":"first","12":"instock","13":"sale","14":"shipping-taxable","15":"purchasable","16":"product-type-variable"},"spectra_custom_meta":{"_visibility":["visible"],"_shopify_product_id":["9073329045749"],"_s2w_shopify_domain":["ferberpainting.myshopify.com"],"_shopify_variant_id":["46524657664245"],"_sku":[""],"_manage_stock":["no"],"total_sales":["6"],"_tax_status":["taxable"],"_tax_class":[""],"_backorders":["no"],"_sold_individually":["no"],"_virtual":["no"],"_downloadable":["no"],"_download_limit":["-1"],"_download_expiry":["-1"],"_stock":[null],"_stock_status":["instock"],"_wc_average_rating":["4.86"],"_wc_review_count":["7"],"_product_attributes":["a:1:{s:6:\"volume\";a:6:{s:4:\"name\";s:6:\"Volume\";s:5:\"value\";s:20:\"5 liters | 25 liters\";s:8:\"position\";i:1;s:10:\"is_visible\";i:0;s:12:\"is_variation\";i:1;s:11:\"is_taxonomy\";i:0;}}"],"_product_version":["10.5.1"],"_thumbnail_id":["25650"],"_product_image_gallery":["25684"],"wpse_downloadable_file_names":[""],"wpse_downloadable_file_urls":[""],"_edit_last":["1"],"_edit_lock":["1771157278:1"],"_price":["29.90","129.90"],"merchant-center-availability":["yes"],"merchant-center-category":["113"],"_wp_page_template":["default"],"site-sidebar-layout":["default"],"ast-site-content-layout":["default"],"site-content-style":["default"],"site-sidebar-style":["default"],"theme-transparent-header-meta":["default"],"_wc_rating_count":["a:2:{i:4;i:1;i:5;i:6;}"],"astra-migrate-meta-layouts":["set"],"_uag_css_file_name":["uag-css-23099.css"],"_elementor_page_assets":["a:0:{}"],"_uag_page_assets":["a:9:{s:3:\"css\";s:6873:\".wp-block-uagb-image{display:flex}.wp-block-uagb-image__figure{position:relative;display:flex;flex-direction:column;max-width:100%;height:auto;margin:0}.wp-block-uagb-image__figure img{height:auto;display:flex;max-width:100%;transition:box-shadow .2s ease}.wp-block-uagb-image__figure>a{display:inline-block}.wp-block-uagb-image__figure figcaption{text-align:center;margin-top:.5em;margin-bottom:1em}.wp-block-uagb-image .components-placeholder.block-editor-media-placeholder .components-placeholder__instructions{align-self:center}.wp-block-uagb-image--align-left{text-align:left}.wp-block-uagb-image--align-right{text-align:right}.wp-block-uagb-image--align-center{text-align:center}.wp-block-uagb-image--align-full .wp-block-uagb-image__figure{margin-left:calc(50% - 50vw);margin-right:calc(50% - 50vw);max-width:100vw;width:100vw;height:auto}.wp-block-uagb-image--align-full .wp-block-uagb-image__figure img{height:auto;width:100% !important}.wp-block-uagb-image--align-wide .wp-block-uagb-image__figure img{height:auto;width:100%}.wp-block-uagb-image--layout-overlay__color-wrapper{position:absolute;left:0;top:0;right:0;bottom:0;opacity:.2;background:rgba(0,0,0,.5);transition:opacity .35s ease-in-out}.wp-block-uagb-image--layout-overlay-link{position:absolute;left:0;right:0;bottom:0;top:0}.wp-block-uagb-image--layout-overlay .wp-block-uagb-image__figure:hover .wp-block-uagb-image--layout-overlay__color-wrapper{opacity:1}.wp-block-uagb-image--layout-overlay__inner{position:absolute;left:15px;right:15px;bottom:15px;top:15px;display:flex;align-items:center;justify-content:center;flex-direction:column;border-color:#fff;transition:.35s ease-in-out}.wp-block-uagb-image--layout-overlay__inner.top-left,.wp-block-uagb-image--layout-overlay__inner.top-center,.wp-block-uagb-image--layout-overlay__inner.top-right{justify-content:flex-start}.wp-block-uagb-image--layout-overlay__inner.bottom-left,.wp-block-uagb-image--layout-overlay__inner.bottom-center,.wp-block-uagb-image--layout-overlay__inner.bottom-right{justify-content:flex-end}.wp-block-uagb-image--layout-overlay__inner.top-left,.wp-block-uagb-image--layout-overlay__inner.center-left,.wp-block-uagb-image--layout-overlay__inner.bottom-left{align-items:flex-start}.wp-block-uagb-image--layout-overlay__inner.top-right,.wp-block-uagb-image--layout-overlay__inner.center-right,.wp-block-uagb-image--layout-overlay__inner.bottom-right{align-items:flex-end}.wp-block-uagb-image--layout-overlay__inner .uagb-image-heading{color:#fff;transition:transform .35s,opacity .35s ease-in-out;transform:translate3d(0, 24px, 0);margin:0;line-height:1em}.wp-block-uagb-image--layout-overlay__inner .uagb-image-separator{width:30%;border-top-width:2px;border-top-color:#fff;border-top-style:solid;margin-bottom:10px;opacity:0;transition:transform .4s,opacity .4s ease-in-out;transform:translate3d(0, 30px, 0)}.wp-block-uagb-image--layout-overlay__inner .uagb-image-caption{opacity:0;overflow:visible;color:#fff;transition:transform .45s,opacity .45s ease-in-out;transform:translate3d(0, 35px, 0)}.wp-block-uagb-image--layout-overlay__inner:hover .uagb-image-heading,.wp-block-uagb-image--layout-overlay__inner:hover .uagb-image-separator,.wp-block-uagb-image--layout-overlay__inner:hover .uagb-image-caption{opacity:1;transform:translate3d(0, 0, 0)}.wp-block-uagb-image--effect-zoomin .wp-block-uagb-image__figure img,.wp-block-uagb-image--effect-zoomin .wp-block-uagb-image__figure .wp-block-uagb-image--layout-overlay__color-wrapper{transform:scale(1);transition:transform .35s ease-in-out}.wp-block-uagb-image--effect-zoomin .wp-block-uagb-image__figure:hover img,.wp-block-uagb-image--effect-zoomin .wp-block-uagb-image__figure:hover .wp-block-uagb-image--layout-overlay__color-wrapper{transform:scale(1.05)}.wp-block-uagb-image--effect-slide .wp-block-uagb-image__figure img,.wp-block-uagb-image--effect-slide .wp-block-uagb-image__figure .wp-block-uagb-image--layout-overlay__color-wrapper{width:calc(100% + 40px) !important;max-width:none !important;transform:translate3d(-40px, 0, 0);transition:transform .35s ease-in-out}.wp-block-uagb-image--effect-slide .wp-block-uagb-image__figure:hover img,.wp-block-uagb-image--effect-slide .wp-block-uagb-image__figure:hover .wp-block-uagb-image--layout-overlay__color-wrapper{transform:translate3d(0, 0, 0)}.wp-block-uagb-image--effect-grayscale img{filter:grayscale(0%);transition:.35s ease-in-out}.wp-block-uagb-image--effect-grayscale:hover img{filter:grayscale(100%)}.wp-block-uagb-image--effect-blur img{filter:blur(0);transition:.35s ease-in-out}.wp-block-uagb-image--effect-blur:hover img{filter:blur(3px)}.uagb-block-e6f939b3.wp-block-uagb-image--layout-default figure img{box-shadow: 0px 0px 0 #00000070;}.uagb-block-e6f939b3.wp-block-uagb-image .wp-block-uagb-image__figure figcaption{font-style: normal;align-self: center;}.uagb-block-e6f939b3.wp-block-uagb-image--layout-overlay figure img{box-shadow: 0px 0px 0 #00000070;}.uagb-block-e6f939b3.wp-block-uagb-image--layout-overlay .wp-block-uagb-image--layout-overlay__color-wrapper{opacity: 0.2;}.uagb-block-e6f939b3.wp-block-uagb-image--layout-overlay .wp-block-uagb-image--layout-overlay__inner{left: 15px;right: 15px;top: 15px;bottom: 15px;}.uagb-block-e6f939b3.wp-block-uagb-image--layout-overlay .wp-block-uagb-image--layout-overlay__inner .uagb-image-heading{font-style: normal;color: #fff;opacity: 1;}.uagb-block-e6f939b3.wp-block-uagb-image--layout-overlay .wp-block-uagb-image--layout-overlay__inner .uagb-image-heading a{color: #fff;}.uagb-block-e6f939b3.wp-block-uagb-image--layout-overlay .wp-block-uagb-image--layout-overlay__inner .uagb-image-caption{opacity: 0;}.uagb-block-e6f939b3.wp-block-uagb-image--layout-overlay .wp-block-uagb-image__figure:hover .wp-block-uagb-image--layout-overlay__color-wrapper{opacity: 1;}.uagb-block-e6f939b3.wp-block-uagb-image .wp-block-uagb-image--layout-overlay__inner .uagb-image-separator{width: 30%;border-top-width: 2px;border-top-color: #fff;opacity: 0;}.uagb-block-e6f939b3.wp-block-uagb-image .wp-block-uagb-image__figure img{width: px;height: auto;}.uagb-block-e6f939b3.wp-block-uagb-image .wp-block-uagb-image__figure:hover .wp-block-uagb-image--layout-overlay__inner .uagb-image-caption{opacity: 1;}.uagb-block-e6f939b3.wp-block-uagb-image .wp-block-uagb-image__figure:hover .wp-block-uagb-image--layout-overlay__inner .uagb-image-separator{opacity: 1;}.uagb-block-e6f939b3.wp-block-uagb-image--layout-default figure:hover img{box-shadow: 0px 0px 0 #00000070;}.uagb-block-e6f939b3.wp-block-uagb-image--layout-overlay figure:hover img{box-shadow: 0px 0px 0 #00000070;}@media only screen and (max-width: 976px) {.uagb-block-e6f939b3.wp-block-uagb-image .wp-block-uagb-image__figure img{width: px;height: auto;}}@media only screen and (max-width: 767px) {.uagb-block-e6f939b3.wp-block-uagb-image .wp-block-uagb-image__figure img{width: px;height: auto;}}\";s:2:\"js\";s:0:\"\";s:18:\"current_block_list\";a:13:{i:0;s:11:\"core\/search\";i:1;s:10:\"core\/group\";i:2;s:12:\"core\/heading\";i:3;s:17:\"core\/latest-posts\";i:4;s:20:\"core\/latest-comments\";i:5;s:13:\"core\/archives\";i:6;s:15:\"core\/categories\";i:7;s:14:\"core\/paragraph\";i:8;s:10:\"uagb\/image\";i:9;s:11:\"core\/spacer\";i:10;s:30:\"woocommerce\/product-categories\";i:11;s:10:\"core\/image\";i:12;s:14:\"core\/shortcode\";}s:8:\"uag_flag\";b:1;s:11:\"uag_version\";s:10:\"1777096544\";s:6:\"gfonts\";a:0:{}s:10:\"gfonts_url\";s:0:\"\";s:12:\"gfonts_files\";a:0:{}s:14:\"uag_faq_layout\";b:0;}"]},"uagb_featured_image_src":{"full":["https:\/\/www.ferberpainting.com\/wp-content\/uploads\/2025\/05\/BloomandFloweringFertilizer5L.png",2560,2560,false],"thumbnail":["https:\/\/www.ferberpainting.com\/wp-content\/uploads\/2025\/05\/BloomandFloweringFertilizer5L-150x150.png",150,150,true],"medium":["https:\/\/www.ferberpainting.com\/wp-content\/uploads\/2025\/05\/BloomandFloweringFertilizer5L-300x300.png",300,300,true],"medium_large":["https:\/\/www.ferberpainting.com\/wp-content\/uploads\/2025\/05\/BloomandFloweringFertilizer5L-768x768.png",768,768,true],"large":["https:\/\/www.ferberpainting.com\/wp-content\/uploads\/2025\/05\/BloomandFloweringFertilizer5L-1024x1024.png",1024,1024,true],"1536x1536":["https:\/\/www.ferberpainting.com\/wp-content\/uploads\/2025\/05\/BloomandFloweringFertilizer5L-1536x1536.png",1536,1536,true],"2048x2048":["https:\/\/www.ferberpainting.com\/wp-content\/uploads\/2025\/05\/BloomandFloweringFertilizer5L-2048x2048.png",2048,2048,true],"trp-custom-language-flag":["https:\/\/www.ferberpainting.com\/wp-content\/uploads\/2025\/05\/BloomandFloweringFertilizer5L-12x12.png",12,12,true],"woocommerce_thumbnail":["https:\/\/www.ferberpainting.com\/wp-content\/uploads\/2025\/05\/BloomandFloweringFertilizer5L-300x300.png",300,300,true],"woocommerce_single":["https:\/\/www.ferberpainting.com\/wp-content\/uploads\/2025\/05\/BloomandFloweringFertilizer5L-600x600.png",600,600,true],"woocommerce_gallery_thumbnail":["https:\/\/www.ferberpainting.com\/wp-content\/uploads\/2025\/05\/BloomandFloweringFertilizer5L-100x100.png",100,100,true]},"uagb_author_info":{"display_name":"admin","author_link":"https:\/\/www.ferberpainting.com\/se\/author\/"},"uagb_comment_info":7,"uagb_excerpt":"A fertilizer designed for abundant and vibrant flowering.\u00a0Our flowering fertilizer is specially formulated to stimulate flower production, strengthen stems, and improve the quality of blooms. Thanks to its balanced composition in nitrogen, phosphorus, and potassium (NPK 15-15-15), it provides plants with all the essential nutrients to promote generous flowering, with vibrant and long-lasting colors. Money-back&hellip;","_links":{"self":[{"href":"https:\/\/www.ferberpainting.com\/se\/wp-json\/wp\/v2\/product\/23099","targetHints":{"allow":["GET"]}}],"collection":[{"href":"https:\/\/www.ferberpainting.com\/se\/wp-json\/wp\/v2\/product"}],"about":[{"href":"https:\/\/www.ferberpainting.com\/se\/wp-json\/wp\/v2\/types\/product"}],"replies":[{"embeddable":true,"href":"https:\/\/www.ferberpainting.com\/se\/wp-json\/wp\/v2\/comments?post=23099"}],"version-history":[{"count":5,"href":"https:\/\/www.ferberpainting.com\/se\/wp-json\/wp\/v2\/product\/23099\/revisions"}],"predecessor-version":[{"id":166041,"href":"https:\/\/www.ferberpainting.com\/se\/wp-json\/wp\/v2\/product\/23099\/revisions\/166041"}],"wp:featuredmedia":[{"embeddable":true,"href":"https:\/\/www.ferberpainting.com\/se\/wp-json\/wp\/v2\/media\/25650"}],"wp:attachment":[{"href":"https:\/\/www.ferberpainting.com\/se\/wp-json\/wp\/v2\/media?parent=23099"}],"wp:term":[{"taxonomy":"product_brand","embeddable":true,"href":"https:\/\/www.ferberpainting.com\/se\/wp-json\/wp\/v2\/product_brand?post=23099"},{"taxonomy":"product_cat","embeddable":true,"href":"https:\/\/www.ferberpainting.com\/se\/wp-json\/wp\/v2\/product_cat?post=23099"},{"taxonomy":"product_tag","embeddable":true,"href":"https:\/\/www.ferberpainting.com\/se\/wp-json\/wp\/v2\/product_tag?post=23099"}],"curies":[{"name":"wp","href":"https:\/\/api.w.org\/{rel}","templated":true}]}}