{"id":23091,"date":"2025-07-01T18:26:44","date_gmt":"2025-07-01T16:26:44","guid":{"rendered":"https:\/\/www.ferberpainting.com\/?post_type=product&#038;p=23091"},"modified":"2026-02-15T13:08:46","modified_gmt":"2026-02-15T12:08:46","slug":"bbq-grill-and-griddle-cleaner","status":"publish","type":"product","link":"https:\/\/www.ferberpainting.com\/se\/products\/bbq-grill-and-griddle-cleaner\/","title":{"rendered":"Reng\u00f6ringsmedel f\u00f6r barbecue, plancha och grill"},"content":{"rendered":"<p><img decoding=\"async\" style=\"margin-right: 12px;\" src=\"https:\/\/www.ferberpainting.com\/wp-content\/uploads\/2026\/02\/Check.svg\" alt=\"\" width=\"18\" height=\"15\" \/><strong>Optimal effektivitet.<\/strong>\u00a0Detta reng\u00f6ringsmedel f\u00f6r rostfritt st\u00e5l avl\u00e4gsnar omedelbart fl\u00e4ckar, fingeravtryck, fettrester och kalkavlagringar som g\u00f6r ytan matt. Den kraftfulla formulan tr\u00e4nger djupt in f\u00f6r att \u00e5terst\u00e4lla metallens ursprungliga glans och l\u00e4mnar en ren, sl\u00e4t och blank yta utan repor.<\/p>\n<p><img decoding=\"async\" style=\"margin-right: 12px;\" src=\"https:\/\/www.ferberpainting.com\/wp-content\/uploads\/2026\/02\/Check.svg\" alt=\"\" width=\"18\" height=\"15\" \/><strong>Pengar-tillbaka-garanti.<\/strong>\u00a0Vi \u00e4r helt \u00f6vertygade om v\u00e5r produkts f\u00f6rtr\u00e4fflighet och dess f\u00f6rm\u00e5ga att \u00e5terst\u00e4lla ditt rostfria st\u00e5l. Om du inte \u00e4r helt n\u00f6jd efter anv\u00e4ndning \u00e4r du ber\u00e4ttigad till full \u00e5terbetalning. Prova med fullst\u00e4ndig sinnesfrid och utan risk.<\/p>\n<p><img decoding=\"async\" style=\"margin-right: 12px;\" src=\"https:\/\/www.ferberpainting.com\/wp-content\/uploads\/2026\/02\/Check.svg\" alt=\"\" width=\"18\" height=\"15\" \/><strong>Exceptionell m\u00e5ngsidighet.<\/strong>\u00a0Detta reng\u00f6ringsmedel \u00e4r inte bara effektivt p\u00e5 rostfritt st\u00e5l! Den \u00e4r ocks\u00e5 l\u00e4mplig f\u00f6r andra metallytor som aluminium, krom, koppar och m\u00e4ssing. Idealisk f\u00f6r professionella k\u00f6k, industriell utrustning, vitvaror, r\u00e4cken, diskhoar, k\u00f6ksfl\u00e4ktar, hissar och rostfria ytor p\u00e5 sjukhus och laboratorier.<\/p>\n<p><img decoding=\"async\" style=\"margin-right: 12px;\" src=\"https:\/\/www.ferberpainting.com\/wp-content\/uploads\/2026\/02\/Check.svg\" alt=\"\" width=\"18\" height=\"15\" \/><strong>Kostnadseffektivt.<\/strong>\u00a0Tack vare 5-litersbeh\u00e5llarens format och den h\u00f6geffektiva formulan ger detta reng\u00f6ringsmedel optimal prestanda. En liten m\u00e4ngd r\u00e4cker f\u00f6r att t\u00e4cka en stor yta, vilket minskar kostnaden per rengjord kvadratmeter. I genomsnitt r\u00e4cker en liter f\u00f6r att reng\u00f6ra upp till 100 m\u00b2 rostfritt st\u00e5l, vilket s\u00e4kerst\u00e4ller en ekonomisk och effektiv anv\u00e4ndning.<\/p>\n<p><img decoding=\"async\" style=\"margin-right: 12px;\" src=\"https:\/\/www.ferberpainting.com\/wp-content\/uploads\/2026\/02\/Check.svg\" alt=\"\" width=\"18\" height=\"15\" \/><strong>S\u00e4ker att anv\u00e4nda .<\/strong>Detta reng\u00f6ringsmedel \u00e4r utformat f\u00f6r att vara effektivt men samtidigt skonsamt. Det inneh\u00e5ller inga skadliga komponenter som kan skada ytor eller irritera huden och luftv\u00e4garna. Det \u00e4r s\u00e4kert f\u00f6r inomhusbruk, inklusive k\u00f6k och livsmedelsutrymmen, s\u00e5 l\u00e4nge f\u00f6rsiktighets\u00e5tg\u00e4rderna f\u00f6ljs.<\/p>\n<p><img decoding=\"async\" style=\"margin-right: 12px;\" src=\"https:\/\/www.ferberpainting.com\/wp-content\/uploads\/2026\/02\/Check.svg\" alt=\"\" width=\"18\" height=\"15\" \/><strong>L\u00e4tt att anv\u00e4nda.<\/strong>\u00a0Denna produkt \u00e4r klar att anv\u00e4nda och kr\u00e4ver ingen utsp\u00e4dning eller s\u00e4rskild f\u00f6rberedelse. Applicera helt enkelt direkt p\u00e5 ytan och torka av med en mjuk trasa eller en icke-slipande svamp. Dess snabba och effektiva verkan g\u00f6r det enkelt att reng\u00f6ra utan intensiv skrubbning.<\/p>\n<p><img decoding=\"async\" style=\"margin-right: 12px;\" src=\"https:\/\/www.ferberpainting.com\/wp-content\/uploads\/2026\/02\/Check.svg\" alt=\"\" width=\"18\" height=\"15\" \/><strong>L\u00e5ngvarigt skydd.<\/strong>\u00a0Genom att effektivt avl\u00e4gsna f\u00f6roreningar och samtidigt respektera ytan av rostfritt st\u00e5l f\u00f6rl\u00e4nger detta reng\u00f6ringsmedel livsl\u00e4ngden p\u00e5 din utrustning och dina metallinstallationer. Det skyddar mot oxidation, f\u00f6rhindrar att envisa fl\u00e4ckar bildas och bibeh\u00e5ller metallens \u201csom ny\u201d-utseende, vilket minskar behovet av utbyte eller kostsam restaurering.<\/p>\n<p><img decoding=\"async\" style=\"margin-right: 12px;\" src=\"https:\/\/www.ferberpainting.com\/wp-content\/uploads\/2026\/02\/Check.svg\" alt=\"\" width=\"18\" height=\"15\" \/><strong>Snabb \u00e5tg\u00e4rd.<\/strong>\u00a0Tack vare sin mycket reaktiva formula verkar reng\u00f6ringsmedlet direkt efter applicering. P\u00e5 bara n\u00e5gra sekunder l\u00f6ser det upp fett, fl\u00e4ckar och rester utan behov av l\u00e5ngvarig kontakttid. Perfekt f\u00f6r snabb och effektiv reng\u00f6ring, \u00e4ven i milj\u00f6er d\u00e4r snabbt underh\u00e5ll \u00e4r viktigt.<\/p>\n<h2><strong>Instruktioner f\u00f6r anv\u00e4ndning<\/strong><\/h2>\n<ul>\n<li><strong>F\u00f6rberedelser <\/strong>: Se till att ytan av rostfritt st\u00e5l \u00e4r fri fr\u00e5n damm eller fasta rester f\u00f6re applicering.<\/li>\n<li><strong>Till\u00e4mpning <\/strong>: H\u00e4ll en liten m\u00e4ngd reng\u00f6ringsmedel p\u00e5 en ren, mjuk trasa eller direkt p\u00e5 den yta som ska reng\u00f6ras.<\/li>\n<li><strong>Reng\u00f6ring <\/strong>: Gnugga f\u00f6rsiktigt med cirkul\u00e4ra r\u00f6relser f\u00f6r att avl\u00e4gsna alla sp\u00e5r och rester. F\u00f6r sv\u00e5rare fl\u00e4ckar, l\u00e5t produkten sitta i n\u00e5gra sekunder innan du torkar.<\/li>\n<li><strong>Sk\u00f6ljning <\/strong>: P\u00e5 ytor som kommer i kontakt med livsmedel eller k\u00e4nsliga omr\u00e5den, sk\u00f6lj med rent vatten f\u00f6r att avl\u00e4gsna all \u00f6verfl\u00f6dig produkt.<\/li>\n<li><strong>Polering <\/strong>: Torka av med en ren mikrofiberduk f\u00f6r att f\u00e5 en perfekt finish och optimal glans.<\/li>\n<li><strong>Frekvens av anv\u00e4ndning <\/strong>: Anv\u00e4nds s\u00e5 ofta som n\u00f6dv\u00e4ndigt f\u00f6r att bibeh\u00e5lla glansen och renheten p\u00e5 ytor av rostfritt st\u00e5l, s\u00e4rskilt i milj\u00f6er d\u00e4r regelbunden sk\u00f6tsel \u00e4r n\u00f6dv\u00e4ndig.<\/li>\n<li><strong>F\u00f6rvaring <\/strong>: H\u00e5ll beh\u00e5llaren t\u00e4tt st\u00e4ngd efter varje anv\u00e4ndning och f\u00f6rvara den p\u00e5 en sval, torr plats, skyddad fr\u00e5n ljus och extrema temperaturer f\u00f6r att bibeh\u00e5lla dess effektivitet.<\/li>\n<\/ul>\n<p>Med v\u00e5rt reng\u00f6ringsmedel f\u00f6r rostfritt st\u00e5l \u00e5terst\u00e4ller du glansen och renheten p\u00e5 alla dina metallytor p\u00e5 ett \u00f6gonblick - utan anstr\u00e4ngning.<\/p>","protected":false},"excerpt":{"rendered":"<p>Optimal effectiveness.\u00a0This stainless steel cleaner instantly removes stains, fingerprints, grease residue, and limescale deposits that dull the surface. Its powerful formula penetrates deeply to restore the metal\u2019s original shine while leaving a clean, smooth, and glossy surface without scratches. Money-back guarantee.\u00a0We are fully confident in the excellence of our product and its ability to restore [&hellip;]<\/p>\n","protected":false},"featured_media":36555,"comment_status":"open","ping_status":"closed","template":"","meta":{"_uag_custom_page_level_css":"","site-sidebar-layout":"default","site-content-layout":"","ast-site-content-layout":"default","site-content-style":"default","site-sidebar-style":"default","ast-global-header-display":"","ast-banner-title-visibility":"","ast-main-header-display":"","ast-hfb-above-header-display":"","ast-hfb-below-header-display":"","ast-hfb-mobile-header-display":"","site-post-title":"","ast-breadcrumbs-content":"","ast-featured-img":"","footer-sml-layout":"","ast-disable-related-posts":"","theme-transparent-header-meta":"default","adv-header-id-meta":"","stick-header-meta":"","header-above-stick-meta":"","header-main-stick-meta":"","header-below-stick-meta":"","astra-migrate-meta-layouts":"set","ast-page-background-enabled":"default","ast-page-background-meta":{"desktop":{"background-color":"var(--ast-global-color-4)","background-image":"","background-repeat":"repeat","background-position":"center center","background-size":"auto","background-attachment":"scroll","background-type":"","background-media":"","overlay-type":"","overlay-color":"","overlay-opacity":"","overlay-gradient":""},"tablet":{"background-color":"","background-image":"","background-repeat":"repeat","background-position":"center center","background-size":"auto","background-attachment":"scroll","background-type":"","background-media":"","overlay-type":"","overlay-color":"","overlay-opacity":"","overlay-gradient":""},"mobile":{"background-color":"","background-image":"","background-repeat":"repeat","background-position":"center center","background-size":"auto","background-attachment":"scroll","background-type":"","background-media":"","overlay-type":"","overlay-color":"","overlay-opacity":"","overlay-gradient":""}},"ast-content-background-meta":{"desktop":{"background-color":"var(--ast-global-color-5)","background-image":"","background-repeat":"repeat","background-position":"center center","background-size":"auto","background-attachment":"scroll","background-type":"","background-media":"","overlay-type":"","overlay-color":"","overlay-opacity":"","overlay-gradient":""},"tablet":{"background-color":"var(--ast-global-color-5)","background-image":"","background-repeat":"repeat","background-position":"center center","background-size":"auto","background-attachment":"scroll","background-type":"","background-media":"","overlay-type":"","overlay-color":"","overlay-opacity":"","overlay-gradient":""},"mobile":{"background-color":"var(--ast-global-color-5)","background-image":"","background-repeat":"repeat","background-position":"center center","background-size":"auto","background-attachment":"scroll","background-type":"","background-media":"","overlay-type":"","overlay-color":"","overlay-opacity":"","overlay-gradient":""}}},"product_brand":[],"product_cat":[175],"product_tag":[],"class_list":{"0":"post-23091","1":"product","2":"type-product","3":"status-publish","4":"has-post-thumbnail","6":"product_cat-cleaning-products","7":"desktop-align-left","8":"tablet-align-left","9":"mobile-align-left","11":"first","12":"instock","13":"sale","14":"shipping-taxable","15":"purchasable","16":"product-type-variable","17":"has-default-attributes"},"spectra_custom_meta":{"_visibility":["visible"],"_shopify_product_id":["9101720813813"],"_s2w_shopify_domain":["ferberpainting.myshopify.com"],"_shopify_variant_id":["46613227110645"],"_sku":[""],"_manage_stock":["no"],"total_sales":["5"],"_tax_status":["taxable"],"_tax_class":[""],"_backorders":["no"],"_sold_individually":["no"],"_virtual":["no"],"_downloadable":["no"],"_download_limit":["-1"],"_download_expiry":["-1"],"_stock":[null],"_stock_status":["instock"],"_wc_average_rating":["5.00"],"_wc_review_count":["13"],"_product_attributes":["a:1:{s:6:\"volume\";a:6:{s:4:\"name\";s:6:\"Volume\";s:5:\"value\";s:20:\"5 liters | 25 liters\";s:8:\"position\";i:1;s:10:\"is_visible\";i:0;s:12:\"is_variation\";i:1;s:11:\"is_taxonomy\";i:0;}}"],"_product_version":["10.5.1"],"wpse_downloadable_file_names":[""],"wpse_downloadable_file_urls":[""],"_edit_last":["1"],"_default_attributes":["a:1:{s:6:\"volume\";s:8:\"5 liters\";}"],"_edit_lock":["1771157186:1"],"_price":["29.90","129.90"],"merchant-center-availability":["yes"],"merchant-center-category":["4978"],"_thumbnail_id":["36555"],"_wp_page_template":["default"],"_wp_old_date":["2025-05-26"],"_product_image_gallery":["36558"],"site-sidebar-layout":["default"],"ast-site-content-layout":["default"],"site-content-style":["default"],"site-sidebar-style":["default"],"theme-transparent-header-meta":["default"],"_wc_rating_count":["a:1:{i:5;i:13;}"],"astra-migrate-meta-layouts":["set"],"_uag_css_file_name":["uag-css-23091.css"],"_elementor_page_assets":["a:0:{}"],"_uag_page_assets":["a:9:{s:3:\"css\";s:7133:\".uag-blocks-common-selector{z-index:var(--z-index-desktop) !important}@media(max-width: 976px){.uag-blocks-common-selector{z-index:var(--z-index-tablet) !important}}@media(max-width: 767px){.uag-blocks-common-selector{z-index:var(--z-index-mobile) !important}}.wp-block-uagb-image{display:flex}.wp-block-uagb-image__figure{position:relative;display:flex;flex-direction:column;max-width:100%;height:auto;margin:0}.wp-block-uagb-image__figure img{height:auto;display:flex;max-width:100%;transition:box-shadow .2s ease}.wp-block-uagb-image__figure>a{display:inline-block}.wp-block-uagb-image__figure figcaption{text-align:center;margin-top:.5em;margin-bottom:1em}.wp-block-uagb-image .components-placeholder.block-editor-media-placeholder .components-placeholder__instructions{align-self:center}.wp-block-uagb-image--align-left{text-align:left}.wp-block-uagb-image--align-right{text-align:right}.wp-block-uagb-image--align-center{text-align:center}.wp-block-uagb-image--align-full .wp-block-uagb-image__figure{margin-left:calc(50% - 50vw);margin-right:calc(50% - 50vw);max-width:100vw;width:100vw;height:auto}.wp-block-uagb-image--align-full .wp-block-uagb-image__figure img{height:auto;width:100% !important}.wp-block-uagb-image--align-wide .wp-block-uagb-image__figure img{height:auto;width:100%}.wp-block-uagb-image--layout-overlay__color-wrapper{position:absolute;left:0;top:0;right:0;bottom:0;opacity:.2;background:rgba(0,0,0,.5);transition:opacity .35s ease-in-out}.wp-block-uagb-image--layout-overlay-link{position:absolute;left:0;right:0;bottom:0;top:0}.wp-block-uagb-image--layout-overlay .wp-block-uagb-image__figure:hover .wp-block-uagb-image--layout-overlay__color-wrapper{opacity:1}.wp-block-uagb-image--layout-overlay__inner{position:absolute;left:15px;right:15px;bottom:15px;top:15px;display:flex;align-items:center;justify-content:center;flex-direction:column;border-color:#fff;transition:.35s ease-in-out}.wp-block-uagb-image--layout-overlay__inner.top-left,.wp-block-uagb-image--layout-overlay__inner.top-center,.wp-block-uagb-image--layout-overlay__inner.top-right{justify-content:flex-start}.wp-block-uagb-image--layout-overlay__inner.bottom-left,.wp-block-uagb-image--layout-overlay__inner.bottom-center,.wp-block-uagb-image--layout-overlay__inner.bottom-right{justify-content:flex-end}.wp-block-uagb-image--layout-overlay__inner.top-left,.wp-block-uagb-image--layout-overlay__inner.center-left,.wp-block-uagb-image--layout-overlay__inner.bottom-left{align-items:flex-start}.wp-block-uagb-image--layout-overlay__inner.top-right,.wp-block-uagb-image--layout-overlay__inner.center-right,.wp-block-uagb-image--layout-overlay__inner.bottom-right{align-items:flex-end}.wp-block-uagb-image--layout-overlay__inner .uagb-image-heading{color:#fff;transition:transform .35s,opacity .35s ease-in-out;transform:translate3d(0, 24px, 0);margin:0;line-height:1em}.wp-block-uagb-image--layout-overlay__inner .uagb-image-separator{width:30%;border-top-width:2px;border-top-color:#fff;border-top-style:solid;margin-bottom:10px;opacity:0;transition:transform .4s,opacity .4s ease-in-out;transform:translate3d(0, 30px, 0)}.wp-block-uagb-image--layout-overlay__inner .uagb-image-caption{opacity:0;overflow:visible;color:#fff;transition:transform .45s,opacity .45s ease-in-out;transform:translate3d(0, 35px, 0)}.wp-block-uagb-image--layout-overlay__inner:hover .uagb-image-heading,.wp-block-uagb-image--layout-overlay__inner:hover .uagb-image-separator,.wp-block-uagb-image--layout-overlay__inner:hover .uagb-image-caption{opacity:1;transform:translate3d(0, 0, 0)}.wp-block-uagb-image--effect-zoomin .wp-block-uagb-image__figure img,.wp-block-uagb-image--effect-zoomin .wp-block-uagb-image__figure .wp-block-uagb-image--layout-overlay__color-wrapper{transform:scale(1);transition:transform .35s ease-in-out}.wp-block-uagb-image--effect-zoomin .wp-block-uagb-image__figure:hover img,.wp-block-uagb-image--effect-zoomin .wp-block-uagb-image__figure:hover .wp-block-uagb-image--layout-overlay__color-wrapper{transform:scale(1.05)}.wp-block-uagb-image--effect-slide .wp-block-uagb-image__figure img,.wp-block-uagb-image--effect-slide .wp-block-uagb-image__figure .wp-block-uagb-image--layout-overlay__color-wrapper{width:calc(100% + 40px) !important;max-width:none !important;transform:translate3d(-40px, 0, 0);transition:transform .35s ease-in-out}.wp-block-uagb-image--effect-slide .wp-block-uagb-image__figure:hover img,.wp-block-uagb-image--effect-slide .wp-block-uagb-image__figure:hover .wp-block-uagb-image--layout-overlay__color-wrapper{transform:translate3d(0, 0, 0)}.wp-block-uagb-image--effect-grayscale img{filter:grayscale(0%);transition:.35s ease-in-out}.wp-block-uagb-image--effect-grayscale:hover img{filter:grayscale(100%)}.wp-block-uagb-image--effect-blur img{filter:blur(0);transition:.35s ease-in-out}.wp-block-uagb-image--effect-blur:hover img{filter:blur(3px)}.uagb-block-e6f939b3.wp-block-uagb-image--layout-default figure img{box-shadow: 0px 0px 0 #00000070;}.uagb-block-e6f939b3.wp-block-uagb-image .wp-block-uagb-image__figure figcaption{font-style: normal;align-self: center;}.uagb-block-e6f939b3.wp-block-uagb-image--layout-overlay figure img{box-shadow: 0px 0px 0 #00000070;}.uagb-block-e6f939b3.wp-block-uagb-image--layout-overlay .wp-block-uagb-image--layout-overlay__color-wrapper{opacity: 0.2;}.uagb-block-e6f939b3.wp-block-uagb-image--layout-overlay .wp-block-uagb-image--layout-overlay__inner{left: 15px;right: 15px;top: 15px;bottom: 15px;}.uagb-block-e6f939b3.wp-block-uagb-image--layout-overlay .wp-block-uagb-image--layout-overlay__inner .uagb-image-heading{font-style: normal;color: #fff;opacity: 1;}.uagb-block-e6f939b3.wp-block-uagb-image--layout-overlay .wp-block-uagb-image--layout-overlay__inner .uagb-image-heading a{color: #fff;}.uagb-block-e6f939b3.wp-block-uagb-image--layout-overlay .wp-block-uagb-image--layout-overlay__inner .uagb-image-caption{opacity: 0;}.uagb-block-e6f939b3.wp-block-uagb-image--layout-overlay .wp-block-uagb-image__figure:hover .wp-block-uagb-image--layout-overlay__color-wrapper{opacity: 1;}.uagb-block-e6f939b3.wp-block-uagb-image .wp-block-uagb-image--layout-overlay__inner .uagb-image-separator{width: 30%;border-top-width: 2px;border-top-color: #fff;opacity: 0;}.uagb-block-e6f939b3.wp-block-uagb-image .wp-block-uagb-image__figure img{width: px;height: auto;}.uagb-block-e6f939b3.wp-block-uagb-image .wp-block-uagb-image__figure:hover .wp-block-uagb-image--layout-overlay__inner .uagb-image-caption{opacity: 1;}.uagb-block-e6f939b3.wp-block-uagb-image .wp-block-uagb-image__figure:hover .wp-block-uagb-image--layout-overlay__inner .uagb-image-separator{opacity: 1;}.uagb-block-e6f939b3.wp-block-uagb-image--layout-default figure:hover img{box-shadow: 0px 0px 0 #00000070;}.uagb-block-e6f939b3.wp-block-uagb-image--layout-overlay figure:hover img{box-shadow: 0px 0px 0 #00000070;}@media only screen and (max-width: 976px) {.uagb-block-e6f939b3.wp-block-uagb-image .wp-block-uagb-image__figure img{width: px;height: auto;}}@media only screen and (max-width: 767px) {.uagb-block-e6f939b3.wp-block-uagb-image .wp-block-uagb-image__figure img{width: px;height: auto;}}\";s:2:\"js\";s:0:\"\";s:18:\"current_block_list\";a:13:{i:0;s:11:\"core\/search\";i:1;s:10:\"core\/group\";i:2;s:12:\"core\/heading\";i:3;s:17:\"core\/latest-posts\";i:4;s:20:\"core\/latest-comments\";i:5;s:13:\"core\/archives\";i:6;s:15:\"core\/categories\";i:7;s:14:\"core\/paragraph\";i:8;s:10:\"uagb\/image\";i:9;s:11:\"core\/spacer\";i:10;s:30:\"woocommerce\/product-categories\";i:11;s:10:\"core\/image\";i:12;s:14:\"core\/shortcode\";}s:8:\"uag_flag\";b:1;s:11:\"uag_version\";s:10:\"1777115676\";s:6:\"gfonts\";a:0:{}s:10:\"gfonts_url\";s:0:\"\";s:12:\"gfonts_files\";a:0:{}s:14:\"uag_faq_layout\";b:0;}"]},"uagb_featured_image_src":{"full":["https:\/\/www.ferberpainting.com\/wp-content\/uploads\/2025\/05\/BBQ-Grill-and-Griddle-Cleaner-5L-Mockup-.png",2560,2560,false],"thumbnail":["https:\/\/www.ferberpainting.com\/wp-content\/uploads\/2025\/05\/BBQ-Grill-and-Griddle-Cleaner-5L-Mockup--150x150.png",150,150,true],"medium":["https:\/\/www.ferberpainting.com\/wp-content\/uploads\/2025\/05\/BBQ-Grill-and-Griddle-Cleaner-5L-Mockup--300x300.png",300,300,true],"medium_large":["https:\/\/www.ferberpainting.com\/wp-content\/uploads\/2025\/05\/BBQ-Grill-and-Griddle-Cleaner-5L-Mockup--768x768.png",768,768,true],"large":["https:\/\/www.ferberpainting.com\/wp-content\/uploads\/2025\/05\/BBQ-Grill-and-Griddle-Cleaner-5L-Mockup--1024x1024.png",1024,1024,true],"1536x1536":["https:\/\/www.ferberpainting.com\/wp-content\/uploads\/2025\/05\/BBQ-Grill-and-Griddle-Cleaner-5L-Mockup--1536x1536.png",1536,1536,true],"2048x2048":["https:\/\/www.ferberpainting.com\/wp-content\/uploads\/2025\/05\/BBQ-Grill-and-Griddle-Cleaner-5L-Mockup--2048x2048.png",2048,2048,true],"trp-custom-language-flag":["https:\/\/www.ferberpainting.com\/wp-content\/uploads\/2025\/05\/BBQ-Grill-and-Griddle-Cleaner-5L-Mockup--12x12.png",12,12,true],"woocommerce_thumbnail":["https:\/\/www.ferberpainting.com\/wp-content\/uploads\/2025\/05\/BBQ-Grill-and-Griddle-Cleaner-5L-Mockup--300x300.png",300,300,true],"woocommerce_single":["https:\/\/www.ferberpainting.com\/wp-content\/uploads\/2025\/05\/BBQ-Grill-and-Griddle-Cleaner-5L-Mockup--600x600.png",600,600,true],"woocommerce_gallery_thumbnail":["https:\/\/www.ferberpainting.com\/wp-content\/uploads\/2025\/05\/BBQ-Grill-and-Griddle-Cleaner-5L-Mockup--100x100.png",100,100,true]},"uagb_author_info":{"display_name":"admin","author_link":"https:\/\/www.ferberpainting.com\/se\/author\/"},"uagb_comment_info":13,"uagb_excerpt":"Optimal effectiveness.\u00a0This stainless steel cleaner instantly removes stains, fingerprints, grease residue, and limescale deposits that dull the surface. Its powerful formula penetrates deeply to restore the metal\u2019s original shine while leaving a clean, smooth, and glossy surface without scratches. Money-back guarantee.\u00a0We are fully confident in the excellence of our product and its ability to restore&hellip;","_links":{"self":[{"href":"https:\/\/www.ferberpainting.com\/se\/wp-json\/wp\/v2\/product\/23091","targetHints":{"allow":["GET"]}}],"collection":[{"href":"https:\/\/www.ferberpainting.com\/se\/wp-json\/wp\/v2\/product"}],"about":[{"href":"https:\/\/www.ferberpainting.com\/se\/wp-json\/wp\/v2\/types\/product"}],"replies":[{"embeddable":true,"href":"https:\/\/www.ferberpainting.com\/se\/wp-json\/wp\/v2\/comments?post=23091"}],"version-history":[{"count":6,"href":"https:\/\/www.ferberpainting.com\/se\/wp-json\/wp\/v2\/product\/23091\/revisions"}],"predecessor-version":[{"id":166039,"href":"https:\/\/www.ferberpainting.com\/se\/wp-json\/wp\/v2\/product\/23091\/revisions\/166039"}],"wp:featuredmedia":[{"embeddable":true,"href":"https:\/\/www.ferberpainting.com\/se\/wp-json\/wp\/v2\/media\/36555"}],"wp:attachment":[{"href":"https:\/\/www.ferberpainting.com\/se\/wp-json\/wp\/v2\/media?parent=23091"}],"wp:term":[{"taxonomy":"product_brand","embeddable":true,"href":"https:\/\/www.ferberpainting.com\/se\/wp-json\/wp\/v2\/product_brand?post=23091"},{"taxonomy":"product_cat","embeddable":true,"href":"https:\/\/www.ferberpainting.com\/se\/wp-json\/wp\/v2\/product_cat?post=23091"},{"taxonomy":"product_tag","embeddable":true,"href":"https:\/\/www.ferberpainting.com\/se\/wp-json\/wp\/v2\/product_tag?post=23091"}],"curies":[{"name":"wp","href":"https:\/\/api.w.org\/{rel}","templated":true}]}}