{"id":23083,"date":"2025-05-26T10:22:36","date_gmt":"2025-05-26T08:22:36","guid":{"rendered":"https:\/\/www.ferberpainting.com\/products\/banana-tree-fertilizer\/"},"modified":"2026-02-24T18:51:33","modified_gmt":"2026-02-24T17:51:33","slug":"banana-tree-fertilizer","status":"publish","type":"product","link":"https:\/\/www.ferberpainting.com\/se\/products\/banana-tree-fertilizer\/","title":{"rendered":"G\u00f6dsel f\u00f6r banantr\u00e4d"},"content":{"rendered":"<p><img decoding=\"async\" style=\"margin-right: 12px;\" src=\"https:\/\/www.ferberpainting.com\/wp-content\/uploads\/2026\/02\/Check.svg\" alt=\"\" width=\"18\" height=\"15\" \/><strong>Ett komplett g\u00f6dselmedel f\u00f6r snabb tillv\u00e4xt och riklig bananproduktion. <\/strong>Detta banang\u00f6dselmedel \u00e4r speciellt formulerat f\u00f6r att tillgodose de specifika behoven hos denna tropiska v\u00e4xt, som \u00e4r kr\u00e4vande n\u00e4r det g\u00e4ller n\u00e4rings\u00e4mnen. Tack vare sin NPK 15-15-15-komposition erbjuder den en balanserad tillf\u00f6rsel av kv\u00e4ve (N) f\u00f6r att stimulera snabb bladtillv\u00e4xt, fosfor (P) f\u00f6r att fr\u00e4mja stark rotning och kalium (K) f\u00f6r att f\u00f6rb\u00e4ttra frukt och motst\u00e5ndskraft mot sjukdomar. Det s\u00e4kerst\u00e4ller d\u00e4rmed en kraftig utveckling, t\u00e4ta bladverk och produktion av v\u00e4lsmakande och smakrika frukter.<\/p>\n<p><img decoding=\"async\" style=\"margin-right: 12px;\" src=\"https:\/\/www.ferberpainting.com\/wp-content\/uploads\/2026\/02\/Check.svg\" alt=\"\" width=\"18\" height=\"15\" \/><strong>Pengar-tillbaka-garanti.\u00a0<\/strong>Vi \u00e4r s\u00e5 \u00f6vertygade om effektiviteten hos v\u00e5rt banang\u00f6dselmedel att vi erbjuder en pengarna-tillbaka-garanti. Om du, efter att ha anv\u00e4nt den enligt rekommendationen, inte ser en m\u00e4rkbar f\u00f6rb\u00e4ttring av tillv\u00e4xt, kraft eller frukt, \u00e5tar vi oss att \u00e5terbetala dig helt och h\u00e5llet, vilket garanterar ett s\u00e4kert och bekymmersfritt k\u00f6p.<\/p>\n<p><img decoding=\"async\" style=\"margin-right: 12px;\" src=\"https:\/\/www.ferberpainting.com\/wp-content\/uploads\/2026\/02\/Check.svg\" alt=\"\" width=\"18\" height=\"15\" \/><strong>L\u00e4mplig f\u00f6r alla sorters bananplantor och alla odlingsf\u00f6rh\u00e5llanden. <\/strong>Detta g\u00f6dselmedel \u00e4r l\u00e4mpligt f\u00f6r bananplantor i kruka, p\u00e5 friland och f\u00f6r prydnads- och fruktsorter som Musa basjoo, Musa acuminata och Musa paradisiaca. Det \u00e4r effektivt p\u00e5 alla jordtyper och fr\u00e4mjar optimal tillv\u00e4xt i b\u00e5de tempererade och tropiska klimat, vilket s\u00e4kerst\u00e4ller l\u00e4mplig befruktning anpassad till varje odlingsl\u00e4ge.<\/p>\n<p><img decoding=\"async\" style=\"margin-right: 12px;\" src=\"https:\/\/www.ferberpainting.com\/wp-content\/uploads\/2026\/02\/Check.svg\" alt=\"\" width=\"18\" height=\"15\" \/><strong>Kostnadseffektiv och l\u00e5ngvarig g\u00f6dsling. <\/strong>Tack vare sin koncentrerade flytande formel kan en 5L beh\u00e5llare f\u00f6rbereda upp till 1000 liter g\u00f6dsell\u00f6sning, vilket s\u00e4kerst\u00e4ller ut\u00f6kad och ekonomisk befruktning. Med en dos p\u00e5 5 ml per liter vatten s\u00e4kerst\u00e4ller den snabb n\u00e4ringsassimilering och optimerad anv\u00e4ndning samtidigt som avfallet minskar.<\/p>\n<p><img decoding=\"async\" style=\"margin-right: 12px;\" src=\"https:\/\/www.ferberpainting.com\/wp-content\/uploads\/2026\/02\/Check.svg\" alt=\"\" width=\"18\" height=\"15\" \/><strong>Ett s\u00e4kert g\u00f6dselmedel utan milj\u00f6risker. <\/strong>Detta g\u00f6dselmedel \u00e4r formulerat utan starka kemikalier och respekterar jordens naturliga balans och utg\u00f6r ingen risk f\u00f6r plantager, grundvatten eller husdjur. Det stimulerar gynnsam mikrobiell aktivitet och f\u00f6rb\u00e4ttrar substratstrukturen, vilket s\u00e4kerst\u00e4ller b\u00e4ttre n\u00e4rings\u00e4mnen och fuktretention, vilket \u00e4r viktigt f\u00f6r bananodling.<\/p>\n<p><img decoding=\"async\" style=\"margin-right: 12px;\" src=\"https:\/\/www.ferberpainting.com\/wp-content\/uploads\/2026\/02\/Check.svg\" alt=\"\" width=\"18\" height=\"15\" \/><strong>Enkel applicering f\u00f6r problemfri g\u00f6dsling. <\/strong>Detta flytande g\u00f6dselmedel sp\u00e4ds ut direkt i vattningsvattnet, vilket s\u00e4kerst\u00e4ller j\u00e4mn och effektiv befruktning med minimal anstr\u00e4ngning. Det kan appliceras genom att vattna vid basen av v\u00e4xten eller som en bladspray, vilket m\u00f6jligg\u00f6r optimal absorption av n\u00e4rings\u00e4mnen genom r\u00f6tter och l\u00f6v, vilket f\u00f6rb\u00e4ttrar bananplantans kraft och produktivitet.<\/p>\n<p><img decoding=\"async\" style=\"margin-right: 12px;\" src=\"https:\/\/www.ferberpainting.com\/wp-content\/uploads\/2026\/02\/Check.svg\" alt=\"\" width=\"18\" height=\"15\" \/><strong>H\u00e5llbara \u00e5tg\u00e4rder f\u00f6r snabbare tillv\u00e4xt och \u00f6kad produktion. <\/strong>Tack vare sin gradvisa fris\u00e4ttning av n\u00e4rings\u00e4mnen ger detta g\u00f6dselmedel h\u00e5llbar n\u00e4ring till bananplantan, stimulerar snabb tillv\u00e4xt av blad och stj\u00e4lkar, samtidigt som det fr\u00e4mjar gener\u00f6s och kontinuerlig frukt. Det hj\u00e4lper ocks\u00e5 till att st\u00e4rka motst\u00e5ndet mot sjukdomar, parasiter och klimatp\u00e5frestningar som vind och torka.<\/p>\n<p><img decoding=\"async\" style=\"margin-right: 12px;\" src=\"https:\/\/www.ferberpainting.com\/wp-content\/uploads\/2026\/02\/Check.svg\" alt=\"\" width=\"18\" height=\"15\" \/><strong>Synliga resultat redan under de f\u00f6rsta veckorna. <\/strong>Fr\u00e5n de f\u00f6rsta applikationerna stimulerar detta g\u00f6dselmedel tillv\u00e4xten av nya skott, f\u00f6rb\u00e4ttrar bladdensiteten och fr\u00e4mjar bildandet av st\u00f6rre och fler fruktkluster. Det hj\u00e4lper ocks\u00e5 v\u00e4xten att f\u00f6rbereda sig f\u00f6r blomning och fruktfaser, vilket s\u00e4kerst\u00e4ller rikliga sk\u00f6rdar av h\u00f6g kvalitet.<\/p>\n<h2><strong>Anv\u00e4ndning Protokoll<\/strong><\/h2>\n<ul>\n<li><strong>Utsp\u00e4dning av g\u00f6dselmedel :<\/strong> Blanda 5 ml g\u00f6dselmedel per 1 liter vatten. Skaka l\u00f6sningen v\u00e4l f\u00f6re varje applicering f\u00f6r att s\u00e4kerst\u00e4lla en j\u00e4mn f\u00f6rdelning av n\u00e4rings\u00e4mnena.<\/li>\n<li><strong>Ans\u00f6kningsmetod :<\/strong>\n<ul>\n<li><strong>Genom att vattna :<\/strong> H\u00e4ll den utsp\u00e4dda l\u00f6sningen direkt vid bananplantans bas och se till att fukta jorden j\u00e4mnt utan \u00f6verfl\u00f6digt vatten f\u00f6r att undvika avrinning.<\/li>\n<li><strong>Genom bladspray :<\/strong> Spraya l\u00f6sningen l\u00e4tt p\u00e5 bladen, tidigt p\u00e5 morgonen eller sent p\u00e5 dagen f\u00f6r att undvika snabb avdunstning och maximera absorptionen.<\/li>\n<\/ul>\n<\/li>\n<li><strong>Anv\u00e4ndningsfrekvens :<\/strong> G\u00f6dsla varannan vecka under tillv\u00e4xt- och blomningsperioden (v\u00e5r-sommar) och en g\u00e5ng i m\u00e5naden under viloperioden (h\u00f6st-vinter) f\u00f6r att bibeh\u00e5lla en stabil tillv\u00e4xt.<\/li>\n<li><strong>Kompletterande vattning :<\/strong> Efter applicering av g\u00f6dselmedlet, v\u00e4nta 48 timmar innan du vattnar igen f\u00f6r att optimera n\u00e4ringsupptaget av r\u00f6tterna.<\/li>\n<li><strong>Anv\u00e4ndning F\u00f6rsiktighets\u00e5tg\u00e4rder :<\/strong> \u00d6verdosera inte g\u00f6dselmedlet f\u00f6r att undvika obalans i tillv\u00e4xten eller \u00f6verdriven ansamling av mineralsalter i jorden. Applicera endast p\u00e5 l\u00e4tt fuktig jord f\u00f6r b\u00e4ttre assimilering.<\/li>\n<li><strong>F\u00f6rvaring och konservering :<\/strong> F\u00f6rvara g\u00f6dselmedlet p\u00e5 en sval, torr plats, skyddad fr\u00e5n ljus och fukt. St\u00e4ng beh\u00e5llaren t\u00e4tt efter varje anv\u00e4ndning f\u00f6r att bevara produktens effektivitet och f\u00f6rhindra avdunstning.<\/li>\n<\/ul>\n<p>Med detta banang\u00f6dselmedel f\u00e5r din planta en komplett och balanserad n\u00e4ring som uppmuntrar till kraftig tillv\u00e4xt, snabbare blomning och riklig, smakrik bananproduktion. Det \u00e4r den perfekta l\u00f6sningen f\u00f6r att s\u00e4kerst\u00e4lla friska bananplantor och exceptionella sk\u00f6rdar \u00e5ret runt.<\/p>","protected":false},"excerpt":{"rendered":"<p>A complete fertilizer for fast growth and abundant banana production. This banana fertilizer is specially formulated to meet the specific needs of this tropical plant, which is demanding in nutrients. Thanks to its NPK 15-15-15 composition, it offers a balanced supply of nitrogen (N) to stimulate rapid leaf growth, phosphorus (P) to promote strong rooting, [&hellip;]<\/p>\n","protected":false},"featured_media":25305,"comment_status":"open","ping_status":"closed","template":"","meta":{"_uag_custom_page_level_css":"","site-sidebar-layout":"default","site-content-layout":"","ast-site-content-layout":"default","site-content-style":"default","site-sidebar-style":"default","ast-global-header-display":"","ast-banner-title-visibility":"","ast-main-header-display":"","ast-hfb-above-header-display":"","ast-hfb-below-header-display":"","ast-hfb-mobile-header-display":"","site-post-title":"","ast-breadcrumbs-content":"","ast-featured-img":"","footer-sml-layout":"","ast-disable-related-posts":"","theme-transparent-header-meta":"default","adv-header-id-meta":"","stick-header-meta":"","header-above-stick-meta":"","header-main-stick-meta":"","header-below-stick-meta":"","astra-migrate-meta-layouts":"set","ast-page-background-enabled":"default","ast-page-background-meta":{"desktop":{"background-color":"var(--ast-global-color-4)","background-image":"","background-repeat":"repeat","background-position":"center center","background-size":"auto","background-attachment":"scroll","background-type":"","background-media":"","overlay-type":"","overlay-color":"","overlay-opacity":"","overlay-gradient":""},"tablet":{"background-color":"","background-image":"","background-repeat":"repeat","background-position":"center center","background-size":"auto","background-attachment":"scroll","background-type":"","background-media":"","overlay-type":"","overlay-color":"","overlay-opacity":"","overlay-gradient":""},"mobile":{"background-color":"","background-image":"","background-repeat":"repeat","background-position":"center center","background-size":"auto","background-attachment":"scroll","background-type":"","background-media":"","overlay-type":"","overlay-color":"","overlay-opacity":"","overlay-gradient":""}},"ast-content-background-meta":{"desktop":{"background-color":"var(--ast-global-color-5)","background-image":"","background-repeat":"repeat","background-position":"center center","background-size":"auto","background-attachment":"scroll","background-type":"","background-media":"","overlay-type":"","overlay-color":"","overlay-opacity":"","overlay-gradient":""},"tablet":{"background-color":"var(--ast-global-color-5)","background-image":"","background-repeat":"repeat","background-position":"center center","background-size":"auto","background-attachment":"scroll","background-type":"","background-media":"","overlay-type":"","overlay-color":"","overlay-opacity":"","overlay-gradient":""},"mobile":{"background-color":"var(--ast-global-color-5)","background-image":"","background-repeat":"repeat","background-position":"center center","background-size":"auto","background-attachment":"scroll","background-type":"","background-media":"","overlay-type":"","overlay-color":"","overlay-opacity":"","overlay-gradient":""}}},"product_brand":[],"product_cat":[178],"product_tag":[],"class_list":{"0":"post-23083","1":"product","2":"type-product","3":"status-publish","4":"has-post-thumbnail","6":"product_cat-fertilizers","7":"desktop-align-left","8":"tablet-align-left","9":"mobile-align-left","11":"first","12":"instock","13":"sale","14":"shipping-taxable","15":"purchasable","16":"product-type-variable","17":"has-default-attributes"},"spectra_custom_meta":{"_visibility":["visible"],"_shopify_product_id":["9066079977717"],"_s2w_shopify_domain":["ferberpainting.myshopify.com"],"_shopify_variant_id":["46501631459573"],"_sku":["FPBANANATREEFERTILIZER"],"_manage_stock":["no"],"total_sales":["111"],"_tax_status":["taxable"],"_tax_class":[""],"_backorders":["no"],"_sold_individually":["no"],"_virtual":["no"],"_downloadable":["no"],"_download_limit":["-1"],"_download_expiry":["-1"],"_stock":[null],"_stock_status":["instock"],"_wc_average_rating":["5.00"],"_wc_review_count":["5"],"_product_attributes":["a:1:{s:6:\"volume\";a:6:{s:4:\"name\";s:6:\"Volume\";s:5:\"value\";s:20:\"5 liters | 25 liters\";s:8:\"position\";i:1;s:10:\"is_visible\";i:0;s:12:\"is_variation\";i:1;s:11:\"is_taxonomy\";i:0;}}"],"_product_version":["10.5.2"],"_thumbnail_id":["25305"],"_product_image_gallery":["25335"],"wpse_downloadable_file_names":[""],"wpse_downloadable_file_urls":[""],"_edit_last":["1"],"_default_attributes":["a:1:{s:6:\"volume\";s:8:\"5 liters\";}"],"_wc_rating_count":["a:1:{i:5;i:5;}"],"_edit_lock":["1772569275:1"],"merchant-center-availability":["yes"],"merchant-center-category":["113"],"_wp_page_template":["default"],"site-sidebar-layout":["default"],"ast-site-content-layout":["default"],"site-content-style":["default"],"site-sidebar-style":["default"],"theme-transparent-header-meta":["default"],"_price":["29.90","129.90"],"astra-migrate-meta-layouts":["set"],"_uag_css_file_name":["uag-css-23083.css"],"_elementor_page_assets":["a:0:{}"],"_uag_page_assets":["a:9:{s:3:\"css\";s:7133:\".uag-blocks-common-selector{z-index:var(--z-index-desktop) !important}@media(max-width: 976px){.uag-blocks-common-selector{z-index:var(--z-index-tablet) !important}}@media(max-width: 767px){.uag-blocks-common-selector{z-index:var(--z-index-mobile) !important}}.wp-block-uagb-image{display:flex}.wp-block-uagb-image__figure{position:relative;display:flex;flex-direction:column;max-width:100%;height:auto;margin:0}.wp-block-uagb-image__figure img{height:auto;display:flex;max-width:100%;transition:box-shadow .2s ease}.wp-block-uagb-image__figure>a{display:inline-block}.wp-block-uagb-image__figure figcaption{text-align:center;margin-top:.5em;margin-bottom:1em}.wp-block-uagb-image .components-placeholder.block-editor-media-placeholder .components-placeholder__instructions{align-self:center}.wp-block-uagb-image--align-left{text-align:left}.wp-block-uagb-image--align-right{text-align:right}.wp-block-uagb-image--align-center{text-align:center}.wp-block-uagb-image--align-full .wp-block-uagb-image__figure{margin-left:calc(50% - 50vw);margin-right:calc(50% - 50vw);max-width:100vw;width:100vw;height:auto}.wp-block-uagb-image--align-full .wp-block-uagb-image__figure img{height:auto;width:100% !important}.wp-block-uagb-image--align-wide .wp-block-uagb-image__figure img{height:auto;width:100%}.wp-block-uagb-image--layout-overlay__color-wrapper{position:absolute;left:0;top:0;right:0;bottom:0;opacity:.2;background:rgba(0,0,0,.5);transition:opacity .35s ease-in-out}.wp-block-uagb-image--layout-overlay-link{position:absolute;left:0;right:0;bottom:0;top:0}.wp-block-uagb-image--layout-overlay .wp-block-uagb-image__figure:hover .wp-block-uagb-image--layout-overlay__color-wrapper{opacity:1}.wp-block-uagb-image--layout-overlay__inner{position:absolute;left:15px;right:15px;bottom:15px;top:15px;display:flex;align-items:center;justify-content:center;flex-direction:column;border-color:#fff;transition:.35s ease-in-out}.wp-block-uagb-image--layout-overlay__inner.top-left,.wp-block-uagb-image--layout-overlay__inner.top-center,.wp-block-uagb-image--layout-overlay__inner.top-right{justify-content:flex-start}.wp-block-uagb-image--layout-overlay__inner.bottom-left,.wp-block-uagb-image--layout-overlay__inner.bottom-center,.wp-block-uagb-image--layout-overlay__inner.bottom-right{justify-content:flex-end}.wp-block-uagb-image--layout-overlay__inner.top-left,.wp-block-uagb-image--layout-overlay__inner.center-left,.wp-block-uagb-image--layout-overlay__inner.bottom-left{align-items:flex-start}.wp-block-uagb-image--layout-overlay__inner.top-right,.wp-block-uagb-image--layout-overlay__inner.center-right,.wp-block-uagb-image--layout-overlay__inner.bottom-right{align-items:flex-end}.wp-block-uagb-image--layout-overlay__inner .uagb-image-heading{color:#fff;transition:transform .35s,opacity .35s ease-in-out;transform:translate3d(0, 24px, 0);margin:0;line-height:1em}.wp-block-uagb-image--layout-overlay__inner .uagb-image-separator{width:30%;border-top-width:2px;border-top-color:#fff;border-top-style:solid;margin-bottom:10px;opacity:0;transition:transform .4s,opacity .4s ease-in-out;transform:translate3d(0, 30px, 0)}.wp-block-uagb-image--layout-overlay__inner .uagb-image-caption{opacity:0;overflow:visible;color:#fff;transition:transform .45s,opacity .45s ease-in-out;transform:translate3d(0, 35px, 0)}.wp-block-uagb-image--layout-overlay__inner:hover .uagb-image-heading,.wp-block-uagb-image--layout-overlay__inner:hover .uagb-image-separator,.wp-block-uagb-image--layout-overlay__inner:hover .uagb-image-caption{opacity:1;transform:translate3d(0, 0, 0)}.wp-block-uagb-image--effect-zoomin .wp-block-uagb-image__figure img,.wp-block-uagb-image--effect-zoomin .wp-block-uagb-image__figure .wp-block-uagb-image--layout-overlay__color-wrapper{transform:scale(1);transition:transform .35s ease-in-out}.wp-block-uagb-image--effect-zoomin .wp-block-uagb-image__figure:hover img,.wp-block-uagb-image--effect-zoomin .wp-block-uagb-image__figure:hover .wp-block-uagb-image--layout-overlay__color-wrapper{transform:scale(1.05)}.wp-block-uagb-image--effect-slide .wp-block-uagb-image__figure img,.wp-block-uagb-image--effect-slide .wp-block-uagb-image__figure .wp-block-uagb-image--layout-overlay__color-wrapper{width:calc(100% + 40px) !important;max-width:none !important;transform:translate3d(-40px, 0, 0);transition:transform .35s ease-in-out}.wp-block-uagb-image--effect-slide .wp-block-uagb-image__figure:hover img,.wp-block-uagb-image--effect-slide .wp-block-uagb-image__figure:hover .wp-block-uagb-image--layout-overlay__color-wrapper{transform:translate3d(0, 0, 0)}.wp-block-uagb-image--effect-grayscale img{filter:grayscale(0%);transition:.35s ease-in-out}.wp-block-uagb-image--effect-grayscale:hover img{filter:grayscale(100%)}.wp-block-uagb-image--effect-blur img{filter:blur(0);transition:.35s ease-in-out}.wp-block-uagb-image--effect-blur:hover img{filter:blur(3px)}.uagb-block-e6f939b3.wp-block-uagb-image--layout-default figure img{box-shadow: 0px 0px 0 #00000070;}.uagb-block-e6f939b3.wp-block-uagb-image .wp-block-uagb-image__figure figcaption{font-style: normal;align-self: center;}.uagb-block-e6f939b3.wp-block-uagb-image--layout-overlay figure img{box-shadow: 0px 0px 0 #00000070;}.uagb-block-e6f939b3.wp-block-uagb-image--layout-overlay .wp-block-uagb-image--layout-overlay__color-wrapper{opacity: 0.2;}.uagb-block-e6f939b3.wp-block-uagb-image--layout-overlay .wp-block-uagb-image--layout-overlay__inner{left: 15px;right: 15px;top: 15px;bottom: 15px;}.uagb-block-e6f939b3.wp-block-uagb-image--layout-overlay .wp-block-uagb-image--layout-overlay__inner .uagb-image-heading{font-style: normal;color: #fff;opacity: 1;}.uagb-block-e6f939b3.wp-block-uagb-image--layout-overlay .wp-block-uagb-image--layout-overlay__inner .uagb-image-heading a{color: #fff;}.uagb-block-e6f939b3.wp-block-uagb-image--layout-overlay .wp-block-uagb-image--layout-overlay__inner .uagb-image-caption{opacity: 0;}.uagb-block-e6f939b3.wp-block-uagb-image--layout-overlay .wp-block-uagb-image__figure:hover .wp-block-uagb-image--layout-overlay__color-wrapper{opacity: 1;}.uagb-block-e6f939b3.wp-block-uagb-image .wp-block-uagb-image--layout-overlay__inner .uagb-image-separator{width: 30%;border-top-width: 2px;border-top-color: #fff;opacity: 0;}.uagb-block-e6f939b3.wp-block-uagb-image .wp-block-uagb-image__figure img{width: px;height: auto;}.uagb-block-e6f939b3.wp-block-uagb-image .wp-block-uagb-image__figure:hover .wp-block-uagb-image--layout-overlay__inner .uagb-image-caption{opacity: 1;}.uagb-block-e6f939b3.wp-block-uagb-image .wp-block-uagb-image__figure:hover .wp-block-uagb-image--layout-overlay__inner .uagb-image-separator{opacity: 1;}.uagb-block-e6f939b3.wp-block-uagb-image--layout-default figure:hover img{box-shadow: 0px 0px 0 #00000070;}.uagb-block-e6f939b3.wp-block-uagb-image--layout-overlay figure:hover img{box-shadow: 0px 0px 0 #00000070;}@media only screen and (max-width: 976px) {.uagb-block-e6f939b3.wp-block-uagb-image .wp-block-uagb-image__figure img{width: px;height: auto;}}@media only screen and (max-width: 767px) {.uagb-block-e6f939b3.wp-block-uagb-image .wp-block-uagb-image__figure img{width: px;height: auto;}}\";s:2:\"js\";s:0:\"\";s:18:\"current_block_list\";a:13:{i:0;s:11:\"core\/search\";i:1;s:10:\"core\/group\";i:2;s:12:\"core\/heading\";i:3;s:17:\"core\/latest-posts\";i:4;s:20:\"core\/latest-comments\";i:5;s:13:\"core\/archives\";i:6;s:15:\"core\/categories\";i:7;s:14:\"core\/paragraph\";i:8;s:10:\"uagb\/image\";i:9;s:11:\"core\/spacer\";i:10;s:30:\"woocommerce\/product-categories\";i:11;s:10:\"core\/image\";i:12;s:14:\"core\/shortcode\";}s:8:\"uag_flag\";b:1;s:11:\"uag_version\";s:10:\"1777095126\";s:6:\"gfonts\";a:0:{}s:10:\"gfonts_url\";s:0:\"\";s:12:\"gfonts_files\";a:0:{}s:14:\"uag_faq_layout\";b:0;}"]},"uagb_featured_image_src":{"full":["https:\/\/www.ferberpainting.com\/wp-content\/uploads\/2025\/05\/BananaTreeFertilizer5L.png",2560,2560,false],"thumbnail":["https:\/\/www.ferberpainting.com\/wp-content\/uploads\/2025\/05\/BananaTreeFertilizer5L-150x150.png",150,150,true],"medium":["https:\/\/www.ferberpainting.com\/wp-content\/uploads\/2025\/05\/BananaTreeFertilizer5L-300x300.png",300,300,true],"medium_large":["https:\/\/www.ferberpainting.com\/wp-content\/uploads\/2025\/05\/BananaTreeFertilizer5L-768x768.png",768,768,true],"large":["https:\/\/www.ferberpainting.com\/wp-content\/uploads\/2025\/05\/BananaTreeFertilizer5L-1024x1024.png",1024,1024,true],"1536x1536":["https:\/\/www.ferberpainting.com\/wp-content\/uploads\/2025\/05\/BananaTreeFertilizer5L-1536x1536.png",1536,1536,true],"2048x2048":["https:\/\/www.ferberpainting.com\/wp-content\/uploads\/2025\/05\/BananaTreeFertilizer5L-2048x2048.png",2048,2048,true],"trp-custom-language-flag":["https:\/\/www.ferberpainting.com\/wp-content\/uploads\/2025\/05\/BananaTreeFertilizer5L-12x12.png",12,12,true],"woocommerce_thumbnail":["https:\/\/www.ferberpainting.com\/wp-content\/uploads\/2025\/05\/BananaTreeFertilizer5L-300x300.png",300,300,true],"woocommerce_single":["https:\/\/www.ferberpainting.com\/wp-content\/uploads\/2025\/05\/BananaTreeFertilizer5L-600x600.png",600,600,true],"woocommerce_gallery_thumbnail":["https:\/\/www.ferberpainting.com\/wp-content\/uploads\/2025\/05\/BananaTreeFertilizer5L-100x100.png",100,100,true]},"uagb_author_info":{"display_name":"admin","author_link":"https:\/\/www.ferberpainting.com\/se\/author\/"},"uagb_comment_info":5,"uagb_excerpt":"A complete fertilizer for fast growth and abundant banana production. This banana fertilizer is specially formulated to meet the specific needs of this tropical plant, which is demanding in nutrients. Thanks to its NPK 15-15-15 composition, it offers a balanced supply of nitrogen (N) to stimulate rapid leaf growth, phosphorus (P) to promote strong rooting,&hellip;","_links":{"self":[{"href":"https:\/\/www.ferberpainting.com\/se\/wp-json\/wp\/v2\/product\/23083","targetHints":{"allow":["GET"]}}],"collection":[{"href":"https:\/\/www.ferberpainting.com\/se\/wp-json\/wp\/v2\/product"}],"about":[{"href":"https:\/\/www.ferberpainting.com\/se\/wp-json\/wp\/v2\/types\/product"}],"replies":[{"embeddable":true,"href":"https:\/\/www.ferberpainting.com\/se\/wp-json\/wp\/v2\/comments?post=23083"}],"version-history":[{"count":5,"href":"https:\/\/www.ferberpainting.com\/se\/wp-json\/wp\/v2\/product\/23083\/revisions"}],"predecessor-version":[{"id":166033,"href":"https:\/\/www.ferberpainting.com\/se\/wp-json\/wp\/v2\/product\/23083\/revisions\/166033"}],"wp:featuredmedia":[{"embeddable":true,"href":"https:\/\/www.ferberpainting.com\/se\/wp-json\/wp\/v2\/media\/25305"}],"wp:attachment":[{"href":"https:\/\/www.ferberpainting.com\/se\/wp-json\/wp\/v2\/media?parent=23083"}],"wp:term":[{"taxonomy":"product_brand","embeddable":true,"href":"https:\/\/www.ferberpainting.com\/se\/wp-json\/wp\/v2\/product_brand?post=23083"},{"taxonomy":"product_cat","embeddable":true,"href":"https:\/\/www.ferberpainting.com\/se\/wp-json\/wp\/v2\/product_cat?post=23083"},{"taxonomy":"product_tag","embeddable":true,"href":"https:\/\/www.ferberpainting.com\/se\/wp-json\/wp\/v2\/product_tag?post=23083"}],"curies":[{"name":"wp","href":"https:\/\/api.w.org\/{rel}","templated":true}]}}