{"id":23056,"date":"2025-05-26T10:22:24","date_gmt":"2025-05-26T08:22:24","guid":{"rendered":"https:\/\/www.ferberpainting.com\/products\/anthurium-fertilizer\/"},"modified":"2026-02-24T18:46:25","modified_gmt":"2026-02-24T17:46:25","slug":"anthurium-fertilizer","status":"publish","type":"product","link":"https:\/\/www.ferberpainting.com\/se\/products\/anthurium-fertilizer\/","title":{"rendered":"G\u00f6dsel f\u00f6r anthurium"},"content":{"rendered":"<p><img decoding=\"async\" style=\"margin-right: 12px;\" src=\"https:\/\/www.ferberpainting.com\/wp-content\/uploads\/2026\/02\/Check.svg\" alt=\"\" width=\"18\" height=\"15\" \/><strong>Ett balanserat g\u00f6dselmedel f\u00f6r friska anthurium.<\/strong>\u00a0Detta g\u00f6dselmedel f\u00f6r anthurium \u00e4r speciellt utformat f\u00f6r att stimulera tillv\u00e4xt, blomning och motst\u00e5ndskraft hos denna tropiska v\u00e4xt som \u00e4r k\u00e4nd f\u00f6r sina ljusa blommor och frodiga bladverk. Tack vare sin NPK 15-15-15-komposition erbjuder den en perfekt balans mellan kv\u00e4ve (N), som fr\u00e4mjar l\u00f6vutveckling, fosfor (P), som st\u00f6der bildandet av starka r\u00f6tter, och kalium (K), som f\u00f6rb\u00e4ttrar motst\u00e5ndskraften mot sjukdomar och stimulerar blomningen. Det ger en kraftigare v\u00e4xt med gr\u00f6na blad och intensiva, gl\u00e4nsande blommor.<\/p>\n<p><img decoding=\"async\" style=\"margin-right: 12px;\" src=\"https:\/\/www.ferberpainting.com\/wp-content\/uploads\/2026\/02\/Check.svg\" alt=\"\" width=\"18\" height=\"15\" \/><strong>Pengar-tillbaka-garanti.<\/strong>\u00a0Vi har fullt f\u00f6rtroende f\u00f6r effektiviteten hos v\u00e5rt g\u00f6dselmedel f\u00f6r anthurium, och det \u00e4r d\u00e4rf\u00f6r vi erbjuder en pengarna-tillbaka-garanti. Om ditt anthurium, trots anv\u00e4ndning enligt rekommendationerna, inte visar n\u00e5gon synlig f\u00f6rb\u00e4ttring av tillv\u00e4xt, kraft eller blomning, lovar vi att \u00e5terbetala ditt k\u00f6p villkorsl\u00f6st, vilket garanterar ett riskfritt k\u00f6p.<\/p>\n<p><img decoding=\"async\" style=\"margin-right: 12px;\" src=\"https:\/\/www.ferberpainting.com\/wp-content\/uploads\/2026\/02\/Check.svg\" alt=\"\" width=\"18\" height=\"15\" \/><strong>L\u00e4mplig f\u00f6r alla sorters anthurium och olika typer av substrat.<\/strong>\u00a0Detta g\u00f6dselmedel \u00e4r anpassat till r\u00f6da, rosa, lila, bl\u00e5 anthurium och andra hybridsorter, oavsett om de odlas i krukor, v\u00e4xthus eller \u00f6ppen jord i tropiska klimat. Den anv\u00e4nds p\u00e5 alla typer av substrat, s\u00e4rskilt barkbaserade blandningar, torv, kokosn\u00f6tfiber eller perlit, vilket s\u00e4kerst\u00e4ller optimal n\u00e4ringsassimilering utan att balansera jorden.<\/p>\n<p><img decoding=\"async\" style=\"margin-right: 12px;\" src=\"https:\/\/www.ferberpainting.com\/wp-content\/uploads\/2026\/02\/Check.svg\" alt=\"\" width=\"18\" height=\"15\" \/><strong>Kostnadseffektiv avkastning och l\u00e5ngvarig g\u00f6dsling.<\/strong>\u00a0Tack vare den v\u00e4tskekoncentrerade formeln ger en 5-litersdunk upp till 1000 liter g\u00f6dningsl\u00f6sning, vilket garanterar l\u00e5ngvarig och ekonomisk anv\u00e4ndning. Med en dosering p\u00e5 5 ml per liter vatten ger den regelbunden n\u00e4ringstillf\u00f6rsel samtidigt som risken f\u00f6r \u00f6verdosering och avfall minskar.<\/p>\n<p><img decoding=\"async\" style=\"margin-right: 12px;\" src=\"https:\/\/www.ferberpainting.com\/wp-content\/uploads\/2026\/02\/Check.svg\" alt=\"\" width=\"18\" height=\"15\" \/><strong>Ett s\u00e4kert och ofarligt g\u00f6dningsmedel f\u00f6r inomhus- och utomhusbruk.<\/strong>\u00a0Detta g\u00f6dselmedel \u00e4r formulerat utan skadliga kemiska produkter och respekterar delikatessen hos anthuriumr\u00f6tter och inneh\u00e5ller inga giftiga tillsatser f\u00f6r milj\u00f6n. Det \u00e4r s\u00e4kert f\u00f6r husdjur och barn n\u00e4r det anv\u00e4nds i enlighet med rekommendationerna. Det fr\u00e4mjar progressiv och mild befruktning och undviker all stress som \u00e4r skadlig f\u00f6r v\u00e4xten.<\/p>\n<p><img decoding=\"async\" style=\"margin-right: 12px;\" src=\"https:\/\/www.ferberpainting.com\/wp-content\/uploads\/2026\/02\/Check.svg\" alt=\"\" width=\"18\" height=\"15\" \/><strong>L\u00e4tt att applicera och enkelt att underh\u00e5lla.<\/strong>\u00a0Detta flytande g\u00f6dselmedel sp\u00e4ds ut direkt i vattningsvattnet, vilket s\u00e4kerst\u00e4ller j\u00e4mn och effektiv befruktning. Det kan appliceras via klassisk vattning vid basen av v\u00e4xten eller bladsprutning, vilket m\u00f6jligg\u00f6r snabb n\u00e4ringsabsorption genom l\u00f6v och r\u00f6tter, vilket optimerar anthuriums vitalitet.<\/p>\n<p><img decoding=\"async\" style=\"margin-right: 12px;\" src=\"https:\/\/www.ferberpainting.com\/wp-content\/uploads\/2026\/02\/Check.svg\" alt=\"\" width=\"18\" height=\"15\" \/><strong>En varaktig effekt f\u00f6r kontinuerlig och livfull blomning.<\/strong>\u00a0Tack vare den progressiva fris\u00e4ttningen av n\u00e4rings\u00e4mnen fr\u00e4mjar detta g\u00f6dselmedel riklig och l\u00e5ngvarig blomning, samtidigt som det bibeh\u00e5ller frodigt bladverk och livfulla f\u00e4rger. Det stimulerar ocks\u00e5 f\u00f6rdelaktig mikrobiell aktivitet i substratet, f\u00f6rb\u00e4ttrar mineralabsorptionen och bidrar till v\u00e4xtens allm\u00e4nna h\u00e4lsa.<\/p>\n<p><img decoding=\"async\" style=\"margin-right: 12px;\" src=\"https:\/\/www.ferberpainting.com\/wp-content\/uploads\/2026\/02\/Check.svg\" alt=\"\" width=\"18\" height=\"15\" \/><strong>Synliga resultat p\u00e5 bara n\u00e5gra veckor.<\/strong>\u00a0Fr\u00e5n de f\u00f6rsta veckorna av appliceringen stimulerar detta g\u00f6dselmedel produktionen av nya skott, st\u00e4rker l\u00f6vverkets glans och intensifierar blommans f\u00e4rg. Det f\u00f6rhindrar ocks\u00e5 gulning av l\u00f6v och st\u00e4rker motst\u00e5ndskraften mot sjukdomar, vilket s\u00e4kerst\u00e4ller balanserad tillv\u00e4xt f\u00f6r perfekt friska anthurium.<\/p>\n<h2><strong>Anv\u00e4ndning Protokoll<\/strong><\/h2>\n<ul>\n<li><strong>Utsp\u00e4dning av g\u00f6dselmedel <\/strong>: Blanda 5 ml g\u00f6dselmedel per 1 liter vatten. Homogenisera l\u00f6sningen noggrant f\u00f6re varje applicering f\u00f6r att s\u00e4kerst\u00e4lla optimal n\u00e4ringsf\u00f6rdelning.<\/li>\n<li><strong>Till\u00e4mpningsmetod <\/strong>:\n<ul>\n<li><strong>Genom att vattna <\/strong>: H\u00e4ll den utsp\u00e4dda l\u00f6sningen direkt vid plantans bas och undvik \u00f6verdriven v\u00e4tning av substratet f\u00f6r att f\u00f6rhindra rotkv\u00e4vning.<\/li>\n<li><strong>Genom besprutning av blad<\/strong>\u00a0: Spraya l\u00f6sningen l\u00e4tt p\u00e5 bladen, helst tidigt p\u00e5 morgonen eller sent p\u00e5 dagen f\u00f6r att undvika snabb avdunstning och s\u00e4kerst\u00e4lla b\u00e4ttre absorption.<\/li>\n<\/ul>\n<\/li>\n<li><strong>Anv\u00e4ndningsfrekvens <\/strong>: Applicera g\u00f6dselmedlet var 15:e dag under v\u00e4xt- och blomningsperioden (v\u00e5r-sommar) och en g\u00e5ng i m\u00e5naden under viloperioden (h\u00f6st-vinter) f\u00f6r att bibeh\u00e5lla en god n\u00e4ringsbalans.<\/li>\n<li><strong>Kompletterande vattning <\/strong>: Efter applicering av g\u00f6dselmedlet, v\u00e4nta 48 timmar innan du vattnar igen, f\u00f6r att optimera n\u00e4ringsupptaget av v\u00e4xten och undvika \u00f6verdriven urlakning.<\/li>\n<li><strong>F\u00f6rsiktighets\u00e5tg\u00e4rder vid anv\u00e4ndning <\/strong>: \u00d6verskrid inte de rekommenderade doserna f\u00f6r att undvika alltf\u00f6r stor ansamling av mineraler i substratet, vilket kan hindra rotutvecklingen och p\u00e5verka blomningen. Applicera alltid g\u00f6dselmedlet p\u00e5 l\u00e4tt fuktig jord f\u00f6r att s\u00e4kerst\u00e4lla optimal absorption.<\/li>\n<li><strong>F\u00f6rvaring och konservering <\/strong>: F\u00f6rvara g\u00f6dselmedlet p\u00e5 en torr och tempererad plats, borta fr\u00e5n ljus och fukt. St\u00e4ng alltid beh\u00e5llaren ordentligt efter varje anv\u00e4ndning f\u00f6r att bevara produktens effektivitet och undvika avdunstning.<\/li>\n<\/ul>\n<p>Med detta g\u00f6dselmedel f\u00f6r anthurium ger du din v\u00e4xt komplett och perfekt skr\u00e4ddarsydd n\u00e4ring som uppfyller dess specifika behov, vilket fr\u00e4mjar frodigt bladverk, l\u00e5ngvarig blomning och b\u00e4ttre motst\u00e5ndskraft mot temperaturvariationer och sjukdomar. Detta \u00e4r den perfekta l\u00f6sningen f\u00f6r friska anthuriums, som f\u00f6rb\u00e4ttrar din interi\u00f6r med ljusa, livfulla blommor \u00e5ret runt.<\/p>\n<p>&nbsp;<\/p>\n<p>&nbsp;<\/p>","protected":false},"excerpt":{"rendered":"<p>A balanced fertilizer for healthy anthuriums.\u00a0This fertilizer for anthuriums is specially designed to stimulate the growth, flowering, and resistance of this tropical plant known for its bright flowers and lush foliage. Thanks to its NPK 15-15-15 composition, it offers a perfect balance between nitrogen (N), which promotes foliage development, phosphorus (P), which supports the formation [&hellip;]<\/p>\n","protected":false},"featured_media":24406,"comment_status":"open","ping_status":"closed","template":"","meta":{"_uag_custom_page_level_css":"","site-sidebar-layout":"default","site-content-layout":"","ast-site-content-layout":"default","site-content-style":"default","site-sidebar-style":"default","ast-global-header-display":"","ast-banner-title-visibility":"","ast-main-header-display":"","ast-hfb-above-header-display":"","ast-hfb-below-header-display":"","ast-hfb-mobile-header-display":"","site-post-title":"","ast-breadcrumbs-content":"","ast-featured-img":"","footer-sml-layout":"","ast-disable-related-posts":"","theme-transparent-header-meta":"default","adv-header-id-meta":"","stick-header-meta":"","header-above-stick-meta":"","header-main-stick-meta":"","header-below-stick-meta":"","astra-migrate-meta-layouts":"set","ast-page-background-enabled":"default","ast-page-background-meta":{"desktop":{"background-color":"var(--ast-global-color-4)","background-image":"","background-repeat":"repeat","background-position":"center center","background-size":"auto","background-attachment":"scroll","background-type":"","background-media":"","overlay-type":"","overlay-color":"","overlay-opacity":"","overlay-gradient":""},"tablet":{"background-color":"","background-image":"","background-repeat":"repeat","background-position":"center center","background-size":"auto","background-attachment":"scroll","background-type":"","background-media":"","overlay-type":"","overlay-color":"","overlay-opacity":"","overlay-gradient":""},"mobile":{"background-color":"","background-image":"","background-repeat":"repeat","background-position":"center center","background-size":"auto","background-attachment":"scroll","background-type":"","background-media":"","overlay-type":"","overlay-color":"","overlay-opacity":"","overlay-gradient":""}},"ast-content-background-meta":{"desktop":{"background-color":"var(--ast-global-color-5)","background-image":"","background-repeat":"repeat","background-position":"center center","background-size":"auto","background-attachment":"scroll","background-type":"","background-media":"","overlay-type":"","overlay-color":"","overlay-opacity":"","overlay-gradient":""},"tablet":{"background-color":"var(--ast-global-color-5)","background-image":"","background-repeat":"repeat","background-position":"center center","background-size":"auto","background-attachment":"scroll","background-type":"","background-media":"","overlay-type":"","overlay-color":"","overlay-opacity":"","overlay-gradient":""},"mobile":{"background-color":"var(--ast-global-color-5)","background-image":"","background-repeat":"repeat","background-position":"center center","background-size":"auto","background-attachment":"scroll","background-type":"","background-media":"","overlay-type":"","overlay-color":"","overlay-opacity":"","overlay-gradient":""}}},"product_brand":[],"product_cat":[178],"product_tag":[],"class_list":{"0":"post-23056","1":"product","2":"type-product","3":"status-publish","4":"has-post-thumbnail","6":"product_cat-fertilizers","7":"desktop-align-left","8":"tablet-align-left","9":"mobile-align-left","11":"first","12":"instock","13":"sale","14":"taxable","15":"shipping-taxable","16":"purchasable","17":"product-type-variable","18":"has-default-attributes"},"spectra_custom_meta":{"_visibility":["visible"],"_shopify_product_id":["9066014572789"],"_s2w_shopify_domain":["ferberpainting.myshopify.com"],"_shopify_variant_id":["46501402444021"],"_sku":["FPANTHURIUMFERTILIZER"],"_manage_stock":["no"],"total_sales":["2"],"_tax_status":["taxable"],"_tax_class":[""],"_backorders":["no"],"_sold_individually":["no"],"_virtual":["no"],"_downloadable":["no"],"_download_limit":["-1"],"_download_expiry":["-1"],"_stock":[null],"_stock_status":["instock"],"_wc_average_rating":["4.86"],"_wc_review_count":["7"],"_product_attributes":["a:1:{s:6:\"volume\";a:6:{s:4:\"name\";s:6:\"Volume\";s:5:\"value\";s:20:\"5 liters | 25 liters\";s:8:\"position\";i:1;s:10:\"is_visible\";i:0;s:12:\"is_variation\";i:1;s:11:\"is_taxonomy\";i:0;}}"],"_product_version":["10.5.2"],"_thumbnail_id":["24406"],"_product_image_gallery":["24407"],"_edit_lock":["1771955096:1"],"wpse_downloadable_file_names":[""],"wpse_downloadable_file_urls":[""],"_edit_last":["1"],"_default_attributes":["a:1:{s:6:\"volume\";s:8:\"5 liters\";}"],"_wc_rating_count":["a:2:{i:4;i:1;i:5;i:6;}"],"_price":["29.90","129.90"],"merchant-center-availability":["yes"],"merchant-center-category":["113"],"_wp_page_template":["default"],"site-sidebar-layout":["default"],"ast-site-content-layout":["default"],"site-content-style":["default"],"site-sidebar-style":["default"],"theme-transparent-header-meta":["default"],"astra-migrate-meta-layouts":["set"],"_uag_css_file_name":["uag-css-23056.css"],"_elementor_page_assets":["a:0:{}"],"_uag_page_assets":["a:9:{s:3:\"css\";s:7133:\".uag-blocks-common-selector{z-index:var(--z-index-desktop) !important}@media(max-width: 976px){.uag-blocks-common-selector{z-index:var(--z-index-tablet) !important}}@media(max-width: 767px){.uag-blocks-common-selector{z-index:var(--z-index-mobile) !important}}.wp-block-uagb-image{display:flex}.wp-block-uagb-image__figure{position:relative;display:flex;flex-direction:column;max-width:100%;height:auto;margin:0}.wp-block-uagb-image__figure img{height:auto;display:flex;max-width:100%;transition:box-shadow .2s ease}.wp-block-uagb-image__figure>a{display:inline-block}.wp-block-uagb-image__figure figcaption{text-align:center;margin-top:.5em;margin-bottom:1em}.wp-block-uagb-image .components-placeholder.block-editor-media-placeholder .components-placeholder__instructions{align-self:center}.wp-block-uagb-image--align-left{text-align:left}.wp-block-uagb-image--align-right{text-align:right}.wp-block-uagb-image--align-center{text-align:center}.wp-block-uagb-image--align-full .wp-block-uagb-image__figure{margin-left:calc(50% - 50vw);margin-right:calc(50% - 50vw);max-width:100vw;width:100vw;height:auto}.wp-block-uagb-image--align-full .wp-block-uagb-image__figure img{height:auto;width:100% !important}.wp-block-uagb-image--align-wide .wp-block-uagb-image__figure img{height:auto;width:100%}.wp-block-uagb-image--layout-overlay__color-wrapper{position:absolute;left:0;top:0;right:0;bottom:0;opacity:.2;background:rgba(0,0,0,.5);transition:opacity .35s ease-in-out}.wp-block-uagb-image--layout-overlay-link{position:absolute;left:0;right:0;bottom:0;top:0}.wp-block-uagb-image--layout-overlay .wp-block-uagb-image__figure:hover .wp-block-uagb-image--layout-overlay__color-wrapper{opacity:1}.wp-block-uagb-image--layout-overlay__inner{position:absolute;left:15px;right:15px;bottom:15px;top:15px;display:flex;align-items:center;justify-content:center;flex-direction:column;border-color:#fff;transition:.35s ease-in-out}.wp-block-uagb-image--layout-overlay__inner.top-left,.wp-block-uagb-image--layout-overlay__inner.top-center,.wp-block-uagb-image--layout-overlay__inner.top-right{justify-content:flex-start}.wp-block-uagb-image--layout-overlay__inner.bottom-left,.wp-block-uagb-image--layout-overlay__inner.bottom-center,.wp-block-uagb-image--layout-overlay__inner.bottom-right{justify-content:flex-end}.wp-block-uagb-image--layout-overlay__inner.top-left,.wp-block-uagb-image--layout-overlay__inner.center-left,.wp-block-uagb-image--layout-overlay__inner.bottom-left{align-items:flex-start}.wp-block-uagb-image--layout-overlay__inner.top-right,.wp-block-uagb-image--layout-overlay__inner.center-right,.wp-block-uagb-image--layout-overlay__inner.bottom-right{align-items:flex-end}.wp-block-uagb-image--layout-overlay__inner .uagb-image-heading{color:#fff;transition:transform .35s,opacity .35s ease-in-out;transform:translate3d(0, 24px, 0);margin:0;line-height:1em}.wp-block-uagb-image--layout-overlay__inner .uagb-image-separator{width:30%;border-top-width:2px;border-top-color:#fff;border-top-style:solid;margin-bottom:10px;opacity:0;transition:transform .4s,opacity .4s ease-in-out;transform:translate3d(0, 30px, 0)}.wp-block-uagb-image--layout-overlay__inner .uagb-image-caption{opacity:0;overflow:visible;color:#fff;transition:transform .45s,opacity .45s ease-in-out;transform:translate3d(0, 35px, 0)}.wp-block-uagb-image--layout-overlay__inner:hover .uagb-image-heading,.wp-block-uagb-image--layout-overlay__inner:hover .uagb-image-separator,.wp-block-uagb-image--layout-overlay__inner:hover .uagb-image-caption{opacity:1;transform:translate3d(0, 0, 0)}.wp-block-uagb-image--effect-zoomin .wp-block-uagb-image__figure img,.wp-block-uagb-image--effect-zoomin .wp-block-uagb-image__figure .wp-block-uagb-image--layout-overlay__color-wrapper{transform:scale(1);transition:transform .35s ease-in-out}.wp-block-uagb-image--effect-zoomin .wp-block-uagb-image__figure:hover img,.wp-block-uagb-image--effect-zoomin .wp-block-uagb-image__figure:hover .wp-block-uagb-image--layout-overlay__color-wrapper{transform:scale(1.05)}.wp-block-uagb-image--effect-slide .wp-block-uagb-image__figure img,.wp-block-uagb-image--effect-slide .wp-block-uagb-image__figure .wp-block-uagb-image--layout-overlay__color-wrapper{width:calc(100% + 40px) !important;max-width:none !important;transform:translate3d(-40px, 0, 0);transition:transform .35s ease-in-out}.wp-block-uagb-image--effect-slide .wp-block-uagb-image__figure:hover img,.wp-block-uagb-image--effect-slide .wp-block-uagb-image__figure:hover .wp-block-uagb-image--layout-overlay__color-wrapper{transform:translate3d(0, 0, 0)}.wp-block-uagb-image--effect-grayscale img{filter:grayscale(0%);transition:.35s ease-in-out}.wp-block-uagb-image--effect-grayscale:hover img{filter:grayscale(100%)}.wp-block-uagb-image--effect-blur img{filter:blur(0);transition:.35s ease-in-out}.wp-block-uagb-image--effect-blur:hover img{filter:blur(3px)}.uagb-block-e6f939b3.wp-block-uagb-image--layout-default figure img{box-shadow: 0px 0px 0 #00000070;}.uagb-block-e6f939b3.wp-block-uagb-image .wp-block-uagb-image__figure figcaption{font-style: normal;align-self: center;}.uagb-block-e6f939b3.wp-block-uagb-image--layout-overlay figure img{box-shadow: 0px 0px 0 #00000070;}.uagb-block-e6f939b3.wp-block-uagb-image--layout-overlay .wp-block-uagb-image--layout-overlay__color-wrapper{opacity: 0.2;}.uagb-block-e6f939b3.wp-block-uagb-image--layout-overlay .wp-block-uagb-image--layout-overlay__inner{left: 15px;right: 15px;top: 15px;bottom: 15px;}.uagb-block-e6f939b3.wp-block-uagb-image--layout-overlay .wp-block-uagb-image--layout-overlay__inner .uagb-image-heading{font-style: normal;color: #fff;opacity: 1;}.uagb-block-e6f939b3.wp-block-uagb-image--layout-overlay .wp-block-uagb-image--layout-overlay__inner .uagb-image-heading a{color: #fff;}.uagb-block-e6f939b3.wp-block-uagb-image--layout-overlay .wp-block-uagb-image--layout-overlay__inner .uagb-image-caption{opacity: 0;}.uagb-block-e6f939b3.wp-block-uagb-image--layout-overlay .wp-block-uagb-image__figure:hover .wp-block-uagb-image--layout-overlay__color-wrapper{opacity: 1;}.uagb-block-e6f939b3.wp-block-uagb-image .wp-block-uagb-image--layout-overlay__inner .uagb-image-separator{width: 30%;border-top-width: 2px;border-top-color: #fff;opacity: 0;}.uagb-block-e6f939b3.wp-block-uagb-image .wp-block-uagb-image__figure img{width: px;height: auto;}.uagb-block-e6f939b3.wp-block-uagb-image .wp-block-uagb-image__figure:hover .wp-block-uagb-image--layout-overlay__inner .uagb-image-caption{opacity: 1;}.uagb-block-e6f939b3.wp-block-uagb-image .wp-block-uagb-image__figure:hover .wp-block-uagb-image--layout-overlay__inner .uagb-image-separator{opacity: 1;}.uagb-block-e6f939b3.wp-block-uagb-image--layout-default figure:hover img{box-shadow: 0px 0px 0 #00000070;}.uagb-block-e6f939b3.wp-block-uagb-image--layout-overlay figure:hover img{box-shadow: 0px 0px 0 #00000070;}@media only screen and (max-width: 976px) {.uagb-block-e6f939b3.wp-block-uagb-image .wp-block-uagb-image__figure img{width: px;height: auto;}}@media only screen and (max-width: 767px) {.uagb-block-e6f939b3.wp-block-uagb-image .wp-block-uagb-image__figure img{width: px;height: auto;}}\";s:2:\"js\";s:0:\"\";s:18:\"current_block_list\";a:13:{i:0;s:11:\"core\/search\";i:1;s:10:\"core\/group\";i:2;s:12:\"core\/heading\";i:3;s:17:\"core\/latest-posts\";i:4;s:20:\"core\/latest-comments\";i:5;s:13:\"core\/archives\";i:6;s:15:\"core\/categories\";i:7;s:14:\"core\/paragraph\";i:8;s:10:\"uagb\/image\";i:9;s:11:\"core\/spacer\";i:10;s:30:\"woocommerce\/product-categories\";i:11;s:10:\"core\/image\";i:12;s:14:\"core\/shortcode\";}s:8:\"uag_flag\";b:1;s:11:\"uag_version\";s:10:\"1777197442\";s:6:\"gfonts\";a:0:{}s:10:\"gfonts_url\";s:0:\"\";s:12:\"gfonts_files\";a:0:{}s:14:\"uag_faq_layout\";b:0;}"]},"uagb_featured_image_src":{"full":["https:\/\/www.ferberpainting.com\/wp-content\/uploads\/2025\/05\/AnthuriumFertilizer5L.png",2560,2560,false],"thumbnail":["https:\/\/www.ferberpainting.com\/wp-content\/uploads\/2025\/05\/AnthuriumFertilizer5L-150x150.png",150,150,true],"medium":["https:\/\/www.ferberpainting.com\/wp-content\/uploads\/2025\/05\/AnthuriumFertilizer5L-300x300.png",300,300,true],"medium_large":["https:\/\/www.ferberpainting.com\/wp-content\/uploads\/2025\/05\/AnthuriumFertilizer5L-768x768.png",768,768,true],"large":["https:\/\/www.ferberpainting.com\/wp-content\/uploads\/2025\/05\/AnthuriumFertilizer5L-1024x1024.png",1024,1024,true],"1536x1536":["https:\/\/www.ferberpainting.com\/wp-content\/uploads\/2025\/05\/AnthuriumFertilizer5L-1536x1536.png",1536,1536,true],"2048x2048":["https:\/\/www.ferberpainting.com\/wp-content\/uploads\/2025\/05\/AnthuriumFertilizer5L-2048x2048.png",2048,2048,true],"trp-custom-language-flag":["https:\/\/www.ferberpainting.com\/wp-content\/uploads\/2025\/05\/AnthuriumFertilizer5L-12x12.png",12,12,true],"woocommerce_thumbnail":["https:\/\/www.ferberpainting.com\/wp-content\/uploads\/2025\/05\/AnthuriumFertilizer5L-300x300.png",300,300,true],"woocommerce_single":["https:\/\/www.ferberpainting.com\/wp-content\/uploads\/2025\/05\/AnthuriumFertilizer5L-600x600.png",600,600,true],"woocommerce_gallery_thumbnail":["https:\/\/www.ferberpainting.com\/wp-content\/uploads\/2025\/05\/AnthuriumFertilizer5L-100x100.png",100,100,true]},"uagb_author_info":{"display_name":"admin","author_link":"https:\/\/www.ferberpainting.com\/se\/author\/"},"uagb_comment_info":7,"uagb_excerpt":"A balanced fertilizer for healthy anthuriums.\u00a0This fertilizer for anthuriums is specially designed to stimulate the growth, flowering, and resistance of this tropical plant known for its bright flowers and lush foliage. Thanks to its NPK 15-15-15 composition, it offers a perfect balance between nitrogen (N), which promotes foliage development, phosphorus (P), which supports the formation&hellip;","_links":{"self":[{"href":"https:\/\/www.ferberpainting.com\/se\/wp-json\/wp\/v2\/product\/23056","targetHints":{"allow":["GET"]}}],"collection":[{"href":"https:\/\/www.ferberpainting.com\/se\/wp-json\/wp\/v2\/product"}],"about":[{"href":"https:\/\/www.ferberpainting.com\/se\/wp-json\/wp\/v2\/types\/product"}],"replies":[{"embeddable":true,"href":"https:\/\/www.ferberpainting.com\/se\/wp-json\/wp\/v2\/comments?post=23056"}],"version-history":[{"count":7,"href":"https:\/\/www.ferberpainting.com\/se\/wp-json\/wp\/v2\/product\/23056\/revisions"}],"predecessor-version":[{"id":166020,"href":"https:\/\/www.ferberpainting.com\/se\/wp-json\/wp\/v2\/product\/23056\/revisions\/166020"}],"wp:featuredmedia":[{"embeddable":true,"href":"https:\/\/www.ferberpainting.com\/se\/wp-json\/wp\/v2\/media\/24406"}],"wp:attachment":[{"href":"https:\/\/www.ferberpainting.com\/se\/wp-json\/wp\/v2\/media?parent=23056"}],"wp:term":[{"taxonomy":"product_brand","embeddable":true,"href":"https:\/\/www.ferberpainting.com\/se\/wp-json\/wp\/v2\/product_brand?post=23056"},{"taxonomy":"product_cat","embeddable":true,"href":"https:\/\/www.ferberpainting.com\/se\/wp-json\/wp\/v2\/product_cat?post=23056"},{"taxonomy":"product_tag","embeddable":true,"href":"https:\/\/www.ferberpainting.com\/se\/wp-json\/wp\/v2\/product_tag?post=23056"}],"curies":[{"name":"wp","href":"https:\/\/api.w.org\/{rel}","templated":true}]}}