{"id":23021,"date":"2025-05-26T10:22:11","date_gmt":"2025-05-26T08:22:11","guid":{"rendered":"https:\/\/www.ferberpainting.com\/products\/3-in-1-parquet-restorer\/"},"modified":"2026-02-24T18:38:19","modified_gmt":"2026-02-24T17:38:19","slug":"3-in-1-parquet-restorer","status":"publish","type":"product","link":"https:\/\/www.ferberpainting.com\/se\/products\/3-in-1-parquet-restorer\/","title":{"rendered":"\u202fRenoverare\u202f parkett"},"content":{"rendered":"<p><img decoding=\"async\" style=\"margin-right: 12px;\" src=\"https:\/\/www.ferberpainting.com\/wp-content\/uploads\/2026\/02\/Check.svg\" alt=\"\" width=\"18\" height=\"15\" \/><strong>\u00c5terskapa den naturliga v\u00e4rmen och elegansen hos dina parkettgolv i ett enkelt steg.<\/strong> V\u00e5r parkettrestaurerare \u00e4r speciellt utvecklad f\u00f6r att \u00e5teruppliva tr\u00e5kiga, repade och slitna tr\u00e4golv och \u00e5terge dem deras ursprungliga rikedom och djup. Med tiden kan parkettgolv f\u00f6rlora sin livfullhet p\u00e5 grund av g\u00e5ngtrafik, solljus, reng\u00f6ringsprodukter och dagligt slitage. Denna avancerade formula tr\u00e4nger in i ytan f\u00f6r att ge n\u00e4ring \u00e5t tr\u00e4et, f\u00f6rst\u00e4rka dess naturliga \u00e5dring och \u00e5terst\u00e4lla en sl\u00e4t, enhetlig finish som omedelbart fr\u00e4schar upp alla interi\u00f6rer.<\/p>\n<p><strong><img decoding=\"async\" style=\"margin-right: 12px;\" src=\"https:\/\/www.ferberpainting.com\/wp-content\/uploads\/2026\/02\/Check.svg\" alt=\"\" width=\"18\" height=\"15\" \/>Den mest effektiva l\u00f6sningen f\u00f6r parkettrenovering p\u00e5 marknaden.<\/strong> V\u00e5r produkt \u00e4r framtagen f\u00f6r att ge \u00f6verl\u00e4gsna resultat j\u00e4mf\u00f6rt med vanliga golvpolish eller oljor f\u00f6r grundl\u00e4ggande underh\u00e5ll. Den minskar uppkomsten av mikrorepor, j\u00e4mnar ut blekta omr\u00e5den och f\u00f6rst\u00e4rker tr\u00e4ets f\u00e4rg och struktur. I st\u00e4llet f\u00f6r att tillf\u00e4lligt maskera oj\u00e4mnheter arbetar den djupt och effektivt f\u00f6r att \u00e5teruppliva parkettgolvets naturliga karakt\u00e4r, vilket ger synliga och l\u00e5ngvariga f\u00f6rb\u00e4ttringar efter applicering.<\/p>\n<p><strong><img decoding=\"async\" style=\"margin-right: 12px;\" src=\"https:\/\/www.ferberpainting.com\/wp-content\/uploads\/2026\/02\/Check.svg\" alt=\"\" width=\"18\" height=\"15\" \/>N\u00f6jdhetsgaranti eller pengarna tillbaka.<\/strong> Vi \u00e4r \u00f6vertygade om att v\u00e5r parkettrestaurerare fungerar, och d\u00e4rf\u00f6r erbjuder vi en fullst\u00e4ndig pengarna-tillbaka-garanti. Om du inte \u00e4r helt n\u00f6jd med resultatet \u00e5terbetalar vi dig. Detta riskfria l\u00f6fte visar v\u00e5rt engagemang f\u00f6r kvalitet och s\u00e4kerst\u00e4ller att du kan k\u00f6pa med total sinnesfrid.<\/p>\n<p><strong><img decoding=\"async\" style=\"margin-right: 12px;\" src=\"https:\/\/www.ferberpainting.com\/wp-content\/uploads\/2026\/02\/Check.svg\" alt=\"\" width=\"18\" height=\"15\" \/>Den billigaste professionella parkettrestaureraren p\u00e5 marknaden.<\/strong> Premiumprestanda beh\u00f6ver inte komma till ett premiumpris. V\u00e5r parkettrestaurerare erbjuder professionell restaurering till det mest konkurrenskraftiga priset som finns. J\u00e4mf\u00f6rt med kostsamma slipningstj\u00e4nster eller dyra m\u00e4rkesprodukter ger v\u00e5r l\u00f6sning ett enast\u00e5ende v\u00e4rde och g\u00f6r att du kan \u00e5terst\u00e4lla dina golv till en br\u00e5kdel av kostnaden.<\/p>\n<p><strong><img decoding=\"async\" style=\"margin-right: 12px;\" src=\"https:\/\/www.ferberpainting.com\/wp-content\/uploads\/2026\/02\/Check.svg\" alt=\"\" width=\"18\" height=\"15\" \/>Leverans inom 24 timmar f\u00f6r snabba resultat.<\/strong> N\u00e4r dina parkettgolv beh\u00f6ver \u00e5tg\u00e4rdas ska du inte beh\u00f6va v\u00e4nta. D\u00e4rf\u00f6r erbjuder vi alltid leverans dygnet runt. Din best\u00e4llning behandlas snabbt och skickas utan dr\u00f6jsm\u00e5l, s\u00e5 att du kan b\u00f6rja \u00e5terst\u00e4lla dina tr\u00e4golv s\u00e5 snart som m\u00f6jligt. Snabb service \u00e4r en del av v\u00e5rt engagemang f\u00f6r kundn\u00f6jdhet.<\/p>\n<p><strong><img decoding=\"async\" style=\"margin-right: 12px;\" src=\"https:\/\/www.ferberpainting.com\/wp-content\/uploads\/2026\/02\/Check.svg\" alt=\"\" width=\"18\" height=\"15\" \/>Utm\u00e4rkt t\u00e4ckf\u00f6rm\u00e5ga p\u00e5 upp till 20 m\u00b2 per liter.<\/strong> En liter parkettreng\u00f6ringsmedel t\u00e4cker upp till 20 kvadratmeter, vilket g\u00f6r det mycket ekonomiskt f\u00f6r b\u00e5de sm\u00e5 rum och stora ytor. Denna gener\u00f6sa t\u00e4ckning s\u00e4kerst\u00e4ller att varje applicering ger maximal effektivitet och minimalt avfall, s\u00e5 att du kan behandla omfattande parkettgolv med tillf\u00f6rsikt och kostnadskontroll.<\/p>\n<p><strong><img decoding=\"async\" style=\"margin-right: 12px;\" src=\"https:\/\/www.ferberpainting.com\/wp-content\/uploads\/2026\/02\/Check.svg\" alt=\"\" width=\"18\" height=\"15\" \/>Ger n\u00e4ring och skyddar tr\u00e4ytan.<\/strong> F\u00f6rutom att \u00e5terst\u00e4lla glansen hj\u00e4lper v\u00e5r formula till att ge n\u00e4ring \u00e5t tr\u00e4fibrerna och f\u00f6rst\u00e4rka ytan mot dagligt slitage. Den bildar ett subtilt skyddande skikt som hj\u00e4lper till att motst\u00e5 mindre repor, smutsansamlingar och fuktexponering. Denna skyddande effekt f\u00f6rl\u00e4nger parkettgolvets livsl\u00e4ngd och minskar behovet av ofta \u00e5terkommande underh\u00e5ll.<\/p>\n<p><strong><img decoding=\"async\" style=\"margin-right: 12px;\" src=\"https:\/\/www.ferberpainting.com\/wp-content\/uploads\/2026\/02\/Check.svg\" alt=\"\" width=\"18\" height=\"15\" \/>Framh\u00e4ver tr\u00e4ets naturliga \u00e5dring och f\u00e4rg.<\/strong> Parkettgolv v\u00e4rdes\u00e4tts f\u00f6r sina unika m\u00f6nster och texturer. V\u00e5r restaurering f\u00f6rst\u00e4rker den naturliga \u00e5dringen, berikar f\u00e4rgtonen och \u00e5terst\u00e4ller djupet i blekta omr\u00e5den. Finishen ser naturlig och f\u00f6rfinad ut, aldrig konstgjord eller \u00f6verdrivet glansig, vilket bevarar tr\u00e4ets autentiska charm.<\/p>\n<p><strong><img decoding=\"async\" style=\"margin-right: 12px;\" src=\"https:\/\/www.ferberpainting.com\/wp-content\/uploads\/2026\/02\/Check.svg\" alt=\"\" width=\"18\" height=\"15\" \/>Enkel och anv\u00e4ndarv\u00e4nlig applikation.<\/strong> Denna parkettrestaurerare \u00e4r utformad f\u00f6r b\u00e5de proffs och hus\u00e4gare och kr\u00e4ver ingen specialutrustning. Den kan enkelt appliceras med en mopp, applikatorpad eller polermaskin. Den enkla processen s\u00e4kerst\u00e4ller konsekventa och professionella resultat \u00e4ven f\u00f6r f\u00f6rstag\u00e5ngsanv\u00e4ndare.<\/p>\n<p><strong><img decoding=\"async\" style=\"margin-right: 12px;\" src=\"https:\/\/www.ferberpainting.com\/wp-content\/uploads\/2026\/02\/Check.svg\" alt=\"\" width=\"18\" height=\"15\" \/>Idealisk f\u00f6r bost\u00e4der och kommersiella milj\u00f6er.<\/strong> Oavsett om den anv\u00e4nds i vardagsrum, sovrum, kontor, butiker, hotell eller korridorer anpassar sig v\u00e5r parkettrestaurerare till olika interi\u00f6rmilj\u00f6er. Den \u00e4r l\u00e4mplig f\u00f6r f\u00f6rseglade, lackerade eller behandlade parkettytor, vilket g\u00f6r den till en m\u00e5ngsidig underh\u00e5llsl\u00f6sning f\u00f6r alla tr\u00e4golv.<\/p>\n<h2><strong>Instruktioner<\/strong><\/h2>\n<ul>\n<li>Se till att parkettytan \u00e4r ren, torr och fri fr\u00e5n damm, fett, vax eller rester f\u00f6re applicering. Anv\u00e4nd ett l\u00e4mpligt reng\u00f6ringsmedel f\u00f6r tr\u00e4golv om det beh\u00f6vs och l\u00e5t ytan torka helt.<\/li>\n<li>Skaka beh\u00e5llaren noggrant f\u00f6re anv\u00e4ndning f\u00f6r att s\u00e4kerst\u00e4lla en j\u00e4mn f\u00f6rdelning av de aktiva ingredienserna.<\/li>\n<li>Applicera en liten m\u00e4ngd parkettreng\u00f6ringsmedel direkt p\u00e5 golvet eller p\u00e5 en ren mikrofibermopp eller appliceringsdyna.<\/li>\n<li>Stryk ut j\u00e4mnt i tunna skikt i tr\u00e4ets fiberriktning f\u00f6r att uppn\u00e5 en enhetlig yta. Undvik \u00f6verapplicering.<\/li>\n<li>Beakta t\u00e4ckningsgraden p\u00e5 ca 20 m\u00b2 per liter. Genomsnittlig rekommenderad dosering \u00e4r cirka 50 ml per kvadratmeter, beroende p\u00e5 tr\u00e4ets absorption och skick.<\/li>\n<li>L\u00e5t produkten tr\u00e4nga in i ytan i flera minuter.<\/li>\n<li>Polera f\u00f6rsiktigt med en ren, torr trasa eller anv\u00e4nd en polermaskin med l\u00e5g hastighet och en mjuk rondell f\u00f6r att f\u00f6rb\u00e4ttra glansen och s\u00e4kerst\u00e4lla en j\u00e4mn f\u00f6rdelning.<\/li>\n<li>F\u00f6r kraftigt slitna omr\u00e5den kan ett andra lager appliceras efter att det f\u00f6rsta lagret har torkat helt.<\/li>\n<li>Undvik att g\u00e5 p\u00e5 den behandlade ytan under flera timmar f\u00f6r att den ska torka ordentligt och ge optimalt resultat.<\/li>\n<li>F\u00f6r underh\u00e5ll, reng\u00f6r regelbundet med ett pH-neutralt reng\u00f6ringsmedel f\u00f6r tr\u00e4golv och undvik alltf\u00f6r mycket vatten eller starka kemikalier.<\/li>\n<li>F\u00f6rvaras svalt, torrt och skyddat fr\u00e5n direkt solljus och se till att f\u00f6rpackningen \u00e4r ordentligt st\u00e4ngd efter varje anv\u00e4ndning.<\/li>\n<\/ul>\n<p>&nbsp;<\/p>\n<p>&nbsp;<\/p>","protected":false},"excerpt":{"rendered":"<p>Restore the natural warmth and elegance of your parquet floors in one simple step. Our parquet restorer is specially developed to revive dull, scratched, and worn wooden floors, bringing back their original richness and depth. Over time, parquet can lose its vibrancy due to foot traffic, sunlight exposure, cleaning products, and daily wear. This advanced [&hellip;]<\/p>\n","protected":false},"featured_media":22995,"comment_status":"open","ping_status":"closed","template":"","meta":{"_uag_custom_page_level_css":"","site-sidebar-layout":"default","site-content-layout":"","ast-site-content-layout":"default","site-content-style":"default","site-sidebar-style":"default","ast-global-header-display":"","ast-banner-title-visibility":"","ast-main-header-display":"","ast-hfb-above-header-display":"","ast-hfb-below-header-display":"","ast-hfb-mobile-header-display":"","site-post-title":"","ast-breadcrumbs-content":"","ast-featured-img":"","footer-sml-layout":"","ast-disable-related-posts":"","theme-transparent-header-meta":"default","adv-header-id-meta":"","stick-header-meta":"","header-above-stick-meta":"","header-main-stick-meta":"","header-below-stick-meta":"","astra-migrate-meta-layouts":"set","ast-page-background-enabled":"default","ast-page-background-meta":{"desktop":{"background-color":"var(--ast-global-color-4)","background-image":"","background-repeat":"repeat","background-position":"center center","background-size":"auto","background-attachment":"scroll","background-type":"","background-media":"","overlay-type":"","overlay-color":"","overlay-opacity":"","overlay-gradient":""},"tablet":{"background-color":"","background-image":"","background-repeat":"repeat","background-position":"center center","background-size":"auto","background-attachment":"scroll","background-type":"","background-media":"","overlay-type":"","overlay-color":"","overlay-opacity":"","overlay-gradient":""},"mobile":{"background-color":"","background-image":"","background-repeat":"repeat","background-position":"center center","background-size":"auto","background-attachment":"scroll","background-type":"","background-media":"","overlay-type":"","overlay-color":"","overlay-opacity":"","overlay-gradient":""}},"ast-content-background-meta":{"desktop":{"background-color":"var(--ast-global-color-5)","background-image":"","background-repeat":"repeat","background-position":"center center","background-size":"auto","background-attachment":"scroll","background-type":"","background-media":"","overlay-type":"","overlay-color":"","overlay-opacity":"","overlay-gradient":""},"tablet":{"background-color":"var(--ast-global-color-5)","background-image":"","background-repeat":"repeat","background-position":"center center","background-size":"auto","background-attachment":"scroll","background-type":"","background-media":"","overlay-type":"","overlay-color":"","overlay-opacity":"","overlay-gradient":""},"mobile":{"background-color":"var(--ast-global-color-5)","background-image":"","background-repeat":"repeat","background-position":"center center","background-size":"auto","background-attachment":"scroll","background-type":"","background-media":"","overlay-type":"","overlay-color":"","overlay-opacity":"","overlay-gradient":""}}},"product_brand":[],"product_cat":[175,193],"product_tag":[],"class_list":{"0":"post-23021","1":"product","2":"type-product","3":"status-publish","4":"has-post-thumbnail","6":"product_cat-cleaning-products","7":"product_cat-wood-treatment","8":"desktop-align-left","9":"tablet-align-left","10":"mobile-align-left","12":"first","13":"instock","14":"sale","15":"shipping-taxable","16":"purchasable","17":"product-type-variable","18":"has-default-attributes"},"spectra_custom_meta":{"_visibility":["visible"],"_shopify_product_id":["7955506626805"],"_s2w_shopify_domain":["ferberpainting.myshopify.com"],"_shopify_variant_id":["43515593031925"],"_manage_stock":["no"],"total_sales":["675"],"_tax_status":["taxable"],"_tax_class":[""],"_backorders":["no"],"_sold_individually":["no"],"_virtual":["no"],"_downloadable":["no"],"_download_limit":["-1"],"_download_expiry":["-1"],"_stock":[null],"_stock_status":["instock"],"_wc_average_rating":["4.85"],"_wc_review_count":["53"],"_product_attributes":["a:1:{s:6:\"volume\";a:6:{s:4:\"name\";s:6:\"Volume\";s:5:\"value\";s:20:\"5 liters | 25 liters\";s:8:\"position\";i:1;s:10:\"is_visible\";i:0;s:12:\"is_variation\";i:1;s:11:\"is_taxonomy\";i:0;}}"],"_product_version":["10.5.2"],"_thumbnail_id":["22995"],"_product_image_gallery":["22996"],"_edit_lock":["1771954810:1"],"_default_attributes":["a:1:{s:6:\"volume\";s:8:\"5 liters\";}"],"merchant-center-availability":["yes"],"merchant-center-category":["4977"],"merchant-center-id":["3I1PR"],"_edit_last":["1"],"_wp_page_template":["default"],"site-sidebar-layout":["default"],"ast-site-content-layout":["default"],"site-content-style":["default"],"site-sidebar-style":["default"],"theme-transparent-header-meta":["default"],"_price":["29.90","99.90"],"_wc_rating_count":["a:3:{i:3;i:1;i:4;i:6;i:5;i:46;}"],"astra-migrate-meta-layouts":["set"],"_sku":["FP31PARQUETRESTORER"],"_uag_css_file_name":["uag-css-23021.css"],"_elementor_page_assets":["a:0:{}"],"_uag_page_assets":["a:9:{s:3:\"css\";s:7133:\".uag-blocks-common-selector{z-index:var(--z-index-desktop) !important}@media(max-width: 976px){.uag-blocks-common-selector{z-index:var(--z-index-tablet) !important}}@media(max-width: 767px){.uag-blocks-common-selector{z-index:var(--z-index-mobile) !important}}.wp-block-uagb-image{display:flex}.wp-block-uagb-image__figure{position:relative;display:flex;flex-direction:column;max-width:100%;height:auto;margin:0}.wp-block-uagb-image__figure img{height:auto;display:flex;max-width:100%;transition:box-shadow .2s ease}.wp-block-uagb-image__figure>a{display:inline-block}.wp-block-uagb-image__figure figcaption{text-align:center;margin-top:.5em;margin-bottom:1em}.wp-block-uagb-image .components-placeholder.block-editor-media-placeholder .components-placeholder__instructions{align-self:center}.wp-block-uagb-image--align-left{text-align:left}.wp-block-uagb-image--align-right{text-align:right}.wp-block-uagb-image--align-center{text-align:center}.wp-block-uagb-image--align-full .wp-block-uagb-image__figure{margin-left:calc(50% - 50vw);margin-right:calc(50% - 50vw);max-width:100vw;width:100vw;height:auto}.wp-block-uagb-image--align-full .wp-block-uagb-image__figure img{height:auto;width:100% !important}.wp-block-uagb-image--align-wide .wp-block-uagb-image__figure img{height:auto;width:100%}.wp-block-uagb-image--layout-overlay__color-wrapper{position:absolute;left:0;top:0;right:0;bottom:0;opacity:.2;background:rgba(0,0,0,.5);transition:opacity .35s ease-in-out}.wp-block-uagb-image--layout-overlay-link{position:absolute;left:0;right:0;bottom:0;top:0}.wp-block-uagb-image--layout-overlay .wp-block-uagb-image__figure:hover .wp-block-uagb-image--layout-overlay__color-wrapper{opacity:1}.wp-block-uagb-image--layout-overlay__inner{position:absolute;left:15px;right:15px;bottom:15px;top:15px;display:flex;align-items:center;justify-content:center;flex-direction:column;border-color:#fff;transition:.35s ease-in-out}.wp-block-uagb-image--layout-overlay__inner.top-left,.wp-block-uagb-image--layout-overlay__inner.top-center,.wp-block-uagb-image--layout-overlay__inner.top-right{justify-content:flex-start}.wp-block-uagb-image--layout-overlay__inner.bottom-left,.wp-block-uagb-image--layout-overlay__inner.bottom-center,.wp-block-uagb-image--layout-overlay__inner.bottom-right{justify-content:flex-end}.wp-block-uagb-image--layout-overlay__inner.top-left,.wp-block-uagb-image--layout-overlay__inner.center-left,.wp-block-uagb-image--layout-overlay__inner.bottom-left{align-items:flex-start}.wp-block-uagb-image--layout-overlay__inner.top-right,.wp-block-uagb-image--layout-overlay__inner.center-right,.wp-block-uagb-image--layout-overlay__inner.bottom-right{align-items:flex-end}.wp-block-uagb-image--layout-overlay__inner .uagb-image-heading{color:#fff;transition:transform .35s,opacity .35s ease-in-out;transform:translate3d(0, 24px, 0);margin:0;line-height:1em}.wp-block-uagb-image--layout-overlay__inner .uagb-image-separator{width:30%;border-top-width:2px;border-top-color:#fff;border-top-style:solid;margin-bottom:10px;opacity:0;transition:transform .4s,opacity .4s ease-in-out;transform:translate3d(0, 30px, 0)}.wp-block-uagb-image--layout-overlay__inner .uagb-image-caption{opacity:0;overflow:visible;color:#fff;transition:transform .45s,opacity .45s ease-in-out;transform:translate3d(0, 35px, 0)}.wp-block-uagb-image--layout-overlay__inner:hover .uagb-image-heading,.wp-block-uagb-image--layout-overlay__inner:hover .uagb-image-separator,.wp-block-uagb-image--layout-overlay__inner:hover .uagb-image-caption{opacity:1;transform:translate3d(0, 0, 0)}.wp-block-uagb-image--effect-zoomin .wp-block-uagb-image__figure img,.wp-block-uagb-image--effect-zoomin .wp-block-uagb-image__figure .wp-block-uagb-image--layout-overlay__color-wrapper{transform:scale(1);transition:transform .35s ease-in-out}.wp-block-uagb-image--effect-zoomin .wp-block-uagb-image__figure:hover img,.wp-block-uagb-image--effect-zoomin .wp-block-uagb-image__figure:hover .wp-block-uagb-image--layout-overlay__color-wrapper{transform:scale(1.05)}.wp-block-uagb-image--effect-slide .wp-block-uagb-image__figure img,.wp-block-uagb-image--effect-slide .wp-block-uagb-image__figure .wp-block-uagb-image--layout-overlay__color-wrapper{width:calc(100% + 40px) !important;max-width:none !important;transform:translate3d(-40px, 0, 0);transition:transform .35s ease-in-out}.wp-block-uagb-image--effect-slide .wp-block-uagb-image__figure:hover img,.wp-block-uagb-image--effect-slide .wp-block-uagb-image__figure:hover .wp-block-uagb-image--layout-overlay__color-wrapper{transform:translate3d(0, 0, 0)}.wp-block-uagb-image--effect-grayscale img{filter:grayscale(0%);transition:.35s ease-in-out}.wp-block-uagb-image--effect-grayscale:hover img{filter:grayscale(100%)}.wp-block-uagb-image--effect-blur img{filter:blur(0);transition:.35s ease-in-out}.wp-block-uagb-image--effect-blur:hover img{filter:blur(3px)}.uagb-block-e6f939b3.wp-block-uagb-image--layout-default figure img{box-shadow: 0px 0px 0 #00000070;}.uagb-block-e6f939b3.wp-block-uagb-image .wp-block-uagb-image__figure figcaption{font-style: normal;align-self: center;}.uagb-block-e6f939b3.wp-block-uagb-image--layout-overlay figure img{box-shadow: 0px 0px 0 #00000070;}.uagb-block-e6f939b3.wp-block-uagb-image--layout-overlay .wp-block-uagb-image--layout-overlay__color-wrapper{opacity: 0.2;}.uagb-block-e6f939b3.wp-block-uagb-image--layout-overlay .wp-block-uagb-image--layout-overlay__inner{left: 15px;right: 15px;top: 15px;bottom: 15px;}.uagb-block-e6f939b3.wp-block-uagb-image--layout-overlay .wp-block-uagb-image--layout-overlay__inner .uagb-image-heading{font-style: normal;color: #fff;opacity: 1;}.uagb-block-e6f939b3.wp-block-uagb-image--layout-overlay .wp-block-uagb-image--layout-overlay__inner .uagb-image-heading a{color: #fff;}.uagb-block-e6f939b3.wp-block-uagb-image--layout-overlay .wp-block-uagb-image--layout-overlay__inner .uagb-image-caption{opacity: 0;}.uagb-block-e6f939b3.wp-block-uagb-image--layout-overlay .wp-block-uagb-image__figure:hover .wp-block-uagb-image--layout-overlay__color-wrapper{opacity: 1;}.uagb-block-e6f939b3.wp-block-uagb-image .wp-block-uagb-image--layout-overlay__inner .uagb-image-separator{width: 30%;border-top-width: 2px;border-top-color: #fff;opacity: 0;}.uagb-block-e6f939b3.wp-block-uagb-image .wp-block-uagb-image__figure img{width: px;height: auto;}.uagb-block-e6f939b3.wp-block-uagb-image .wp-block-uagb-image__figure:hover .wp-block-uagb-image--layout-overlay__inner .uagb-image-caption{opacity: 1;}.uagb-block-e6f939b3.wp-block-uagb-image .wp-block-uagb-image__figure:hover .wp-block-uagb-image--layout-overlay__inner .uagb-image-separator{opacity: 1;}.uagb-block-e6f939b3.wp-block-uagb-image--layout-default figure:hover img{box-shadow: 0px 0px 0 #00000070;}.uagb-block-e6f939b3.wp-block-uagb-image--layout-overlay figure:hover img{box-shadow: 0px 0px 0 #00000070;}@media only screen and (max-width: 976px) {.uagb-block-e6f939b3.wp-block-uagb-image .wp-block-uagb-image__figure img{width: px;height: auto;}}@media only screen and (max-width: 767px) {.uagb-block-e6f939b3.wp-block-uagb-image .wp-block-uagb-image__figure img{width: px;height: auto;}}\";s:2:\"js\";s:0:\"\";s:18:\"current_block_list\";a:13:{i:0;s:11:\"core\/search\";i:1;s:10:\"core\/group\";i:2;s:12:\"core\/heading\";i:3;s:17:\"core\/latest-posts\";i:4;s:20:\"core\/latest-comments\";i:5;s:13:\"core\/archives\";i:6;s:15:\"core\/categories\";i:7;s:14:\"core\/paragraph\";i:8;s:10:\"uagb\/image\";i:9;s:11:\"core\/spacer\";i:10;s:30:\"woocommerce\/product-categories\";i:11;s:10:\"core\/image\";i:12;s:14:\"core\/shortcode\";}s:8:\"uag_flag\";b:1;s:11:\"uag_version\";s:10:\"1777070101\";s:6:\"gfonts\";a:0:{}s:10:\"gfonts_url\";s:0:\"\";s:12:\"gfonts_files\";a:0:{}s:14:\"uag_faq_layout\";b:0;}"]},"uagb_featured_image_src":{"full":["https:\/\/www.ferberpainting.com\/wp-content\/uploads\/2025\/05\/3-in-1_Parquet_Restorer_5L.jpg",2560,2560,false],"thumbnail":["https:\/\/www.ferberpainting.com\/wp-content\/uploads\/2025\/05\/3-in-1_Parquet_Restorer_5L-150x150.jpg",150,150,true],"medium":["https:\/\/www.ferberpainting.com\/wp-content\/uploads\/2025\/05\/3-in-1_Parquet_Restorer_5L-300x300.jpg",300,300,true],"medium_large":["https:\/\/www.ferberpainting.com\/wp-content\/uploads\/2025\/05\/3-in-1_Parquet_Restorer_5L-768x768.jpg",768,768,true],"large":["https:\/\/www.ferberpainting.com\/wp-content\/uploads\/2025\/05\/3-in-1_Parquet_Restorer_5L-1024x1024.jpg",1024,1024,true],"1536x1536":["https:\/\/www.ferberpainting.com\/wp-content\/uploads\/2025\/05\/3-in-1_Parquet_Restorer_5L-1536x1536.jpg",1536,1536,true],"2048x2048":["https:\/\/www.ferberpainting.com\/wp-content\/uploads\/2025\/05\/3-in-1_Parquet_Restorer_5L-2048x2048.jpg",2048,2048,true],"trp-custom-language-flag":["https:\/\/www.ferberpainting.com\/wp-content\/uploads\/2025\/05\/3-in-1_Parquet_Restorer_5L-12x12.jpg",12,12,true],"woocommerce_thumbnail":["https:\/\/www.ferberpainting.com\/wp-content\/uploads\/2025\/05\/3-in-1_Parquet_Restorer_5L-300x300.jpg",300,300,true],"woocommerce_single":["https:\/\/www.ferberpainting.com\/wp-content\/uploads\/2025\/05\/3-in-1_Parquet_Restorer_5L-600x600.jpg",600,600,true],"woocommerce_gallery_thumbnail":["https:\/\/www.ferberpainting.com\/wp-content\/uploads\/2025\/05\/3-in-1_Parquet_Restorer_5L-100x100.jpg",100,100,true]},"uagb_author_info":{"display_name":"admin","author_link":"https:\/\/www.ferberpainting.com\/se\/author\/"},"uagb_comment_info":53,"uagb_excerpt":"Restore the natural warmth and elegance of your parquet floors in one simple step. Our parquet restorer is specially developed to revive dull, scratched, and worn wooden floors, bringing back their original richness and depth. Over time, parquet can lose its vibrancy due to foot traffic, sunlight exposure, cleaning products, and daily wear. This advanced&hellip;","_links":{"self":[{"href":"https:\/\/www.ferberpainting.com\/se\/wp-json\/wp\/v2\/product\/23021","targetHints":{"allow":["GET"]}}],"collection":[{"href":"https:\/\/www.ferberpainting.com\/se\/wp-json\/wp\/v2\/product"}],"about":[{"href":"https:\/\/www.ferberpainting.com\/se\/wp-json\/wp\/v2\/types\/product"}],"replies":[{"embeddable":true,"href":"https:\/\/www.ferberpainting.com\/se\/wp-json\/wp\/v2\/comments?post=23021"}],"version-history":[{"count":6,"href":"https:\/\/www.ferberpainting.com\/se\/wp-json\/wp\/v2\/product\/23021\/revisions"}],"predecessor-version":[{"id":166000,"href":"https:\/\/www.ferberpainting.com\/se\/wp-json\/wp\/v2\/product\/23021\/revisions\/166000"}],"wp:featuredmedia":[{"embeddable":true,"href":"https:\/\/www.ferberpainting.com\/se\/wp-json\/wp\/v2\/media\/22995"}],"wp:attachment":[{"href":"https:\/\/www.ferberpainting.com\/se\/wp-json\/wp\/v2\/media?parent=23021"}],"wp:term":[{"taxonomy":"product_brand","embeddable":true,"href":"https:\/\/www.ferberpainting.com\/se\/wp-json\/wp\/v2\/product_brand?post=23021"},{"taxonomy":"product_cat","embeddable":true,"href":"https:\/\/www.ferberpainting.com\/se\/wp-json\/wp\/v2\/product_cat?post=23021"},{"taxonomy":"product_tag","embeddable":true,"href":"https:\/\/www.ferberpainting.com\/se\/wp-json\/wp\/v2\/product_tag?post=23021"}],"curies":[{"name":"wp","href":"https:\/\/api.w.org\/{rel}","templated":true}]}}