{"id":25612,"date":"2025-06-30T19:16:41","date_gmt":"2025-06-30T17:16:41","guid":{"rendered":"https:\/\/www.ferberpainting.com\/?post_type=product&#038;p=25612"},"modified":"2026-02-16T14:02:42","modified_gmt":"2026-02-16T13:02:42","slug":"ultrasonic-cleaner-solution","status":"publish","type":"product","link":"https:\/\/www.ferberpainting.com\/ro\/products\/ultrasonic-cleaner-solution\/","title":{"rendered":"Cur\u0103\u021b\u0103tor pentru baie cu ultrasunete"},"content":{"rendered":"<p><strong><img decoding=\"async\" style=\"margin-right: 12px;\" src=\"https:\/\/www.ferberpainting.com\/wp-content\/uploads\/2026\/02\/Check.svg\" alt=\"\" width=\"18\" height=\"15\" \/>Eficacitate optim\u0103.<\/strong>\u00a0Acest cur\u0103\u021b\u0103tor pentru b\u0103i cu ultrasunete este special formulat pentru a elimina eficient impurit\u0103\u021bile, reziduurile de gr\u0103sime, oxidarea \u0219i contaminan\u021bii \u00eencorpora\u021bi din diverse obiecte. Acesta \u00eembun\u0103t\u0103\u021be\u0219te ac\u021biunea de cur\u0103\u021bare cu ultrasunete, permi\u021b\u00e2nd cur\u0103\u021barea \u00een profunzime, chiar \u0219i \u00een zonele greu accesibile. Formula sa puternic\u0103 dizolv\u0103 rapid particulele nedorite f\u0103r\u0103 a deteriora suprafe\u021bele tratate, asigur\u00e2nd un rezultat de cur\u0103\u021bare perfect \u0219i uniform.<\/p>\n<p><strong><img decoding=\"async\" style=\"margin-right: 12px;\" src=\"https:\/\/www.ferberpainting.com\/wp-content\/uploads\/2026\/02\/Check.svg\" alt=\"\" width=\"18\" height=\"15\" \/>Garan\u021bie de restituire a banilor.<\/strong>\u00a0Suntem pe deplin \u00eencrez\u0103tori \u00een performan\u021ba produsului nostru de cur\u0103\u021bare. Dac\u0103, dup\u0103 utilizarea acestuia, nu sunte\u021bi complet mul\u021bumit de rezultate, sunte\u021bi eligibil pentru o rambursare complet\u0103. \u00cencearc\u0103-l cu toat\u0103 lini\u0219tea \u0219i bucur\u0103-te de o cur\u0103\u021benie impecabil\u0103 pentru articolele tale, f\u0103r\u0103 efort.<\/p>\n<p><strong><img decoding=\"async\" style=\"margin-right: 12px;\" src=\"https:\/\/www.ferberpainting.com\/wp-content\/uploads\/2026\/02\/Check.svg\" alt=\"\" width=\"18\" height=\"15\" \/>Versatilitate excep\u021bional\u0103.<\/strong>\u00a0Acest dispozitiv de cur\u0103\u021bare nu este limitat la un singur tip de material! Este ideal pentru cur\u0103\u021barea unei game largi de articole din metal, sticl\u0103, plastic, ceramic\u0103 \u0219i aliaje delicate. Este deosebit de eficient pentru bijuterii, ceasuri, ochelari, piese mecanice, instrumente de precizie, capete de imprimare, proteze dentare, electronice \u0219i instrumente de laborator. Compatibilitatea sa cu multe materiale \u00eel face un agent de cur\u0103\u021bare universal pentru toate utiliz\u0103rile b\u0103ii cu ultrasunete.<\/p>\n<p><strong><img decoding=\"async\" style=\"margin-right: 12px;\" src=\"https:\/\/www.ferberpainting.com\/wp-content\/uploads\/2026\/02\/Check.svg\" alt=\"\" width=\"18\" height=\"15\" \/>Rentabil.<\/strong>\u00a0Datorit\u0103 recipientului s\u0103u de 5 litri \u0219i a formulei concentrate, acest produs de cur\u0103\u021bare ofer\u0103 o valoare remarcabil\u0103. O cantitate mic\u0103 este suficient\u0103 pentru a umple rezervorul cu ultrasunete \u0219i a asigura o cur\u0103\u021bare eficient\u0103. \u00cen medie, un litru de produs permite p\u00e2n\u0103 la 100 de cicluri de cur\u0103\u021bare, ceea ce \u00eel face o solu\u021bie durabil\u0103 \u0219i economic\u0103 pentru utilizare regulat\u0103, acas\u0103 sau la nivel profesional.<\/p>\n<p><strong><img decoding=\"async\" style=\"margin-right: 12px;\" src=\"https:\/\/www.ferberpainting.com\/wp-content\/uploads\/2026\/02\/Check.svg\" alt=\"\" width=\"18\" height=\"15\" \/>Sigur de utilizat.<\/strong>\u00a0Spre deosebire de solven\u021bii agresivi sau agen\u021bii corozivi care pot deteriora anumite materiale, acest produs este formulat pentru a fi delicat \u0219i sigur, respect\u00e2nd \u00een acela\u0219i timp suprafe\u021bele delicate. Nu emite vapori toxici, nu provoac\u0103 irita\u021bii ale pielii \u0219i nu las\u0103 reziduuri d\u0103un\u0103toare dup\u0103 cl\u0103tire. Este potrivit pentru utilizare frecvent\u0103, asigur\u00e2nd cur\u0103\u021barea \u00een siguran\u021b\u0103 a obiectelor delicate, f\u0103r\u0103 a compromite integritatea acestora.<\/p>\n<p><strong><img decoding=\"async\" style=\"margin-right: 12px;\" src=\"https:\/\/www.ferberpainting.com\/wp-content\/uploads\/2026\/02\/Check.svg\" alt=\"\" width=\"18\" height=\"15\" \/>U\u0219urin\u021ba de utilizare.<\/strong>\u00a0Acest produs este gata de utilizare \u0219i nu necesit\u0103 diluare sau preg\u0103tire complicat\u0103. Pur \u0219i simplu turna\u021bi-l \u00een baia cu ultrasunete \u0219i porni\u021bi ciclul. Ac\u021biunea sa rapid\u0103 \u0219i eficacitatea imediat\u0103 permit o cur\u0103\u021bare u\u0219oar\u0103 \u0219i eficient\u0103, chiar \u0219i pentru \u00eencep\u0103tori.<\/p>\n<p><strong><img decoding=\"async\" style=\"margin-right: 12px;\" src=\"https:\/\/www.ferberpainting.com\/wp-content\/uploads\/2026\/02\/Check.svg\" alt=\"\" width=\"18\" height=\"15\" \/>\u00cengrijire de lung\u0103 durat\u0103.<\/strong>\u00a0Prin eliminarea impurit\u0103\u021bilor \u0219i p\u0103strarea integrit\u0103\u021bii elementelor cur\u0103\u021bate, acest produs de cur\u0103\u021bare contribuie la prelungirea duratei de via\u021b\u0103 \u0219i a performan\u021bei acestora. Acesta previne acumularea de murd\u0103rie care ar putea afecta func\u021bionarea instrumentelor de precizie sau a pieselor mecanice. Utilizarea regulat\u0103 garanteaz\u0103 articole curate \u0219i func\u021bionale pe termen lung.<\/p>\n<p><strong><img decoding=\"async\" style=\"margin-right: 12px;\" src=\"https:\/\/www.ferberpainting.com\/wp-content\/uploads\/2026\/02\/Check.svg\" alt=\"\" width=\"18\" height=\"15\" \/>Ac\u021biune rapid\u0103.<\/strong>\u00a0Datorit\u0103 formulei sale foarte active, acest detergent ac\u021bioneaz\u0103 imediat asupra murd\u0103riei \u0219i reziduurilor \u00eencorporate. \u00cen doar c\u00e2teva minute, dizolv\u0103 impurit\u0103\u021bile, f\u0103c\u00e2ndu-le u\u0219or de \u00eendep\u0103rtat cu ajutorul ac\u021biunii ultrasonice. Scurteaz\u0103 timpul de cur\u0103\u021bare \u0219i ofer\u0103 rezultate vizibile de la prima utilizare.<\/p>\n<h2><strong>Instruc\u021biuni de utilizare<\/strong><\/h2>\n<ul>\n<li><strong>Preg\u0103tire <\/strong>: Asigura\u021bi-v\u0103 c\u0103 baia cu ultrasunete este curat\u0103 \u0219i preg\u0103tit\u0103 \u00eenainte de a ad\u0103uga produsul de cur\u0103\u021bare. \u00cendep\u0103rta\u021bi orice particule mari sau murd\u0103rie vizibil\u0103 de pe articole pentru a optimiza eficacitatea produsului.<\/li>\n<li><strong>Umplerea rezervorului <\/strong>: Turna\u021bi produsul de cur\u0103\u021bare direct \u00een baia cu ultrasunete p\u00e2n\u0103 c\u00e2nd se atinge nivelul necesar pentru scufundarea complet\u0103 a obiectelor. Nu este necesar\u0103 diluarea, produsul este gata de utilizare.<\/li>\n<li><strong>Imersiune \u00een obiect <\/strong>: A\u0219eza\u021bi u\u0219or articolele \u00een cad\u0103, asigur\u00e2ndu-v\u0103 c\u0103 acestea nu se suprapun pentru a permite o cur\u0103\u021bare uniform\u0103 \u0219i optim\u0103.<\/li>\n<li><strong>\u00cenceperea ciclului <\/strong>: Seta\u021bi temperatura b\u0103ii (dac\u0103 este cazul) \u00eentre 40 \u0219i 50\u00b0C pentru a spori eficien\u021ba \u0219i activa\u021bi ciclul, aleg\u00e2nd o durat\u0103 de 5 p\u00e2n\u0103 la 10 minute \u00een func\u021bie de gradul de murd\u0103rie al articolelor.<\/li>\n<li><strong>Monitorizare <\/strong>: Observa\u021bi procesul de cur\u0103\u021bare \u00een timpul ciclului. Regla\u021bi durata dup\u0103 cum este necesar pentru obiectele mai delicate sau foarte murdare.<\/li>\n<li><strong>Cl\u0103tire <\/strong>: Dup\u0103 terminarea ciclului, scoate\u021bi articolele \u0219i cl\u0103ti\u021bi bine cu ap\u0103 curat\u0103 pentru a elimina reziduurile de produs \u0219i a asigura un finisaj impecabil.<\/li>\n<li><strong>Uscare \u0219i finisare <\/strong>: Usca\u021bi cu aten\u021bie articolele cu o c\u00e2rp\u0103 moale \u0219i curat\u0103 sau utiliza\u021bi o suflant\u0103 de aer pentru a \u00eendep\u0103rta toate urmele de ap\u0103 pentru un rezultat f\u0103r\u0103 urme.<\/li>\n<li><strong>\u00centre\u021binerea b\u0103ii <\/strong>: Dup\u0103 mai multe utiliz\u0103ri, goli\u021bi \u0219i cur\u0103\u021ba\u021bi baia cu ultrasunete pentru a asigura rezultate optime pentru cur\u0103\u021b\u0103rile viitoare.<\/li>\n<li><strong>Frecven\u021ba utiliz\u0103rii <\/strong>: Utiliza\u021bi c\u00e2t de des este necesar, \u00een func\u021bie de gradul de murd\u0103rie al articolelor dvs. Pentru \u00eengrijire preventiv\u0103, planifica\u021bi cur\u0103\u021barea regulat\u0103 a articolelor expuse la praf, gr\u0103sime sau oxidare.<\/li>\n<li><strong>Depozitare <\/strong>: P\u0103stra\u021bi recipientul bine \u00eenchis dup\u0103 utilizare \u0219i depozita\u021bi-l \u00eentr-un loc r\u0103coros, uscat, ferit de lumin\u0103 \u0219i temperaturi extreme, pentru a p\u0103stra \u00een timp \u00eentreaga eficacitate a produsului.<\/li>\n<\/ul>\n<p>Cu cur\u0103\u021b\u0103torul nostru cu ultrasunete pentru b\u0103i, asigura\u021bi o cur\u0103\u021bare profund\u0103, rapid\u0103 \u0219i eficient\u0103, p\u0103str\u00e2nd \u00een acela\u0219i timp str\u0103lucirea \u0219i func\u021bionalitatea articolelor dvs. delicate. O solu\u021bie ideal\u0103 pentru o \u00eentre\u021binere sigur\u0103 \u0219i eficient\u0103, oric\u00e2nd.<\/p>","protected":false},"excerpt":{"rendered":"<p>Optimal Effectiveness.\u00a0This ultrasonic bath cleaner is specially formulated to effectively eliminate impurities, grease residues, oxidation, and embedded contaminants from various objects. It enhances the ultrasonic cleaning action, allowing for deep cleaning, even in hard-to-reach areas. Its powerful formula quickly dissolves unwanted particles without damaging treated surfaces, ensuring a perfect and even cleaning result. Money-back guarantee.\u00a0We [&hellip;]<\/p>\n","protected":false},"featured_media":35840,"comment_status":"open","ping_status":"closed","template":"","meta":{"_uag_custom_page_level_css":"","site-sidebar-layout":"default","site-content-layout":"","ast-site-content-layout":"default","site-content-style":"default","site-sidebar-style":"default","ast-global-header-display":"","ast-banner-title-visibility":"","ast-main-header-display":"","ast-hfb-above-header-display":"","ast-hfb-below-header-display":"","ast-hfb-mobile-header-display":"","site-post-title":"","ast-breadcrumbs-content":"","ast-featured-img":"","footer-sml-layout":"","ast-disable-related-posts":"","theme-transparent-header-meta":"default","adv-header-id-meta":"","stick-header-meta":"","header-above-stick-meta":"","header-main-stick-meta":"","header-below-stick-meta":"","astra-migrate-meta-layouts":"set","ast-page-background-enabled":"default","ast-page-background-meta":{"desktop":{"background-color":"var(--ast-global-color-4)","background-image":"","background-repeat":"repeat","background-position":"center center","background-size":"auto","background-attachment":"scroll","background-type":"","background-media":"","overlay-type":"","overlay-color":"","overlay-opacity":"","overlay-gradient":""},"tablet":{"background-color":"","background-image":"","background-repeat":"repeat","background-position":"center center","background-size":"auto","background-attachment":"scroll","background-type":"","background-media":"","overlay-type":"","overlay-color":"","overlay-opacity":"","overlay-gradient":""},"mobile":{"background-color":"","background-image":"","background-repeat":"repeat","background-position":"center center","background-size":"auto","background-attachment":"scroll","background-type":"","background-media":"","overlay-type":"","overlay-color":"","overlay-opacity":"","overlay-gradient":""}},"ast-content-background-meta":{"desktop":{"background-color":"var(--ast-global-color-5)","background-image":"","background-repeat":"repeat","background-position":"center center","background-size":"auto","background-attachment":"scroll","background-type":"","background-media":"","overlay-type":"","overlay-color":"","overlay-opacity":"","overlay-gradient":""},"tablet":{"background-color":"var(--ast-global-color-5)","background-image":"","background-repeat":"repeat","background-position":"center center","background-size":"auto","background-attachment":"scroll","background-type":"","background-media":"","overlay-type":"","overlay-color":"","overlay-opacity":"","overlay-gradient":""},"mobile":{"background-color":"var(--ast-global-color-5)","background-image":"","background-repeat":"repeat","background-position":"center center","background-size":"auto","background-attachment":"scroll","background-type":"","background-media":"","overlay-type":"","overlay-color":"","overlay-opacity":"","overlay-gradient":""}}},"product_brand":[],"product_cat":[175],"product_tag":[],"class_list":{"0":"post-25612","1":"product","2":"type-product","3":"status-publish","4":"has-post-thumbnail","6":"product_cat-cleaning-products","7":"desktop-align-left","8":"tablet-align-left","9":"mobile-align-left","11":"first","12":"instock","13":"sale","14":"taxable","15":"shipping-taxable","16":"purchasable","17":"product-type-variable","18":"has-default-attributes"},"spectra_custom_meta":{"_visibility":["visible"],"_shopify_product_id":["9102523007221"],"_s2w_shopify_domain":["ferberpainting.myshopify.com"],"_shopify_variant_id":["46616450171125"],"_sku":[""],"_manage_stock":["no"],"total_sales":["66"],"_tax_status":["taxable"],"_tax_class":[""],"_backorders":["no"],"_sold_individually":["no"],"_virtual":["no"],"_downloadable":["no"],"_download_limit":["-1"],"_download_expiry":["-1"],"_stock":[null],"_stock_status":["instock"],"_wc_average_rating":["5.00"],"_wc_review_count":["17"],"_product_attributes":["a:1:{s:6:\"volume\";a:6:{s:4:\"name\";s:6:\"Volume\";s:5:\"value\";s:20:\"5 liters | 25 liters\";s:8:\"position\";i:1;s:10:\"is_visible\";i:0;s:12:\"is_variation\";i:1;s:11:\"is_taxonomy\";i:0;}}"],"_product_version":["10.5.1"],"wpse_downloadable_file_names":[""],"wpse_downloadable_file_urls":[""],"_edit_last":["1"],"_default_attributes":["a:1:{s:6:\"volume\";s:8:\"5 liters\";}"],"_edit_lock":["1771246829:1"],"_price":["29.90","129.90"],"merchant-center-availability":["yes"],"merchant-center-category":["4973"],"_thumbnail_id":["35840"],"_wp_page_template":["default"],"_product_image_gallery":["35841"],"site-sidebar-layout":["default"],"ast-site-content-layout":["default"],"site-content-style":["default"],"site-sidebar-style":["default"],"theme-transparent-header-meta":["default"],"_wc_rating_count":["a:1:{i:5;i:17;}"],"astra-migrate-meta-layouts":["set"],"_uag_css_file_name":["uag-css-25612.css"],"_elementor_page_assets":["a:0:{}"],"_uag_page_assets":["a:9:{s:3:\"css\";s:6873:\".wp-block-uagb-image{display:flex}.wp-block-uagb-image__figure{position:relative;display:flex;flex-direction:column;max-width:100%;height:auto;margin:0}.wp-block-uagb-image__figure img{height:auto;display:flex;max-width:100%;transition:box-shadow .2s ease}.wp-block-uagb-image__figure>a{display:inline-block}.wp-block-uagb-image__figure figcaption{text-align:center;margin-top:.5em;margin-bottom:1em}.wp-block-uagb-image .components-placeholder.block-editor-media-placeholder .components-placeholder__instructions{align-self:center}.wp-block-uagb-image--align-left{text-align:left}.wp-block-uagb-image--align-right{text-align:right}.wp-block-uagb-image--align-center{text-align:center}.wp-block-uagb-image--align-full .wp-block-uagb-image__figure{margin-left:calc(50% - 50vw);margin-right:calc(50% - 50vw);max-width:100vw;width:100vw;height:auto}.wp-block-uagb-image--align-full .wp-block-uagb-image__figure img{height:auto;width:100% !important}.wp-block-uagb-image--align-wide .wp-block-uagb-image__figure img{height:auto;width:100%}.wp-block-uagb-image--layout-overlay__color-wrapper{position:absolute;left:0;top:0;right:0;bottom:0;opacity:.2;background:rgba(0,0,0,.5);transition:opacity .35s ease-in-out}.wp-block-uagb-image--layout-overlay-link{position:absolute;left:0;right:0;bottom:0;top:0}.wp-block-uagb-image--layout-overlay .wp-block-uagb-image__figure:hover .wp-block-uagb-image--layout-overlay__color-wrapper{opacity:1}.wp-block-uagb-image--layout-overlay__inner{position:absolute;left:15px;right:15px;bottom:15px;top:15px;display:flex;align-items:center;justify-content:center;flex-direction:column;border-color:#fff;transition:.35s ease-in-out}.wp-block-uagb-image--layout-overlay__inner.top-left,.wp-block-uagb-image--layout-overlay__inner.top-center,.wp-block-uagb-image--layout-overlay__inner.top-right{justify-content:flex-start}.wp-block-uagb-image--layout-overlay__inner.bottom-left,.wp-block-uagb-image--layout-overlay__inner.bottom-center,.wp-block-uagb-image--layout-overlay__inner.bottom-right{justify-content:flex-end}.wp-block-uagb-image--layout-overlay__inner.top-left,.wp-block-uagb-image--layout-overlay__inner.center-left,.wp-block-uagb-image--layout-overlay__inner.bottom-left{align-items:flex-start}.wp-block-uagb-image--layout-overlay__inner.top-right,.wp-block-uagb-image--layout-overlay__inner.center-right,.wp-block-uagb-image--layout-overlay__inner.bottom-right{align-items:flex-end}.wp-block-uagb-image--layout-overlay__inner .uagb-image-heading{color:#fff;transition:transform .35s,opacity .35s ease-in-out;transform:translate3d(0, 24px, 0);margin:0;line-height:1em}.wp-block-uagb-image--layout-overlay__inner .uagb-image-separator{width:30%;border-top-width:2px;border-top-color:#fff;border-top-style:solid;margin-bottom:10px;opacity:0;transition:transform .4s,opacity .4s ease-in-out;transform:translate3d(0, 30px, 0)}.wp-block-uagb-image--layout-overlay__inner .uagb-image-caption{opacity:0;overflow:visible;color:#fff;transition:transform .45s,opacity .45s ease-in-out;transform:translate3d(0, 35px, 0)}.wp-block-uagb-image--layout-overlay__inner:hover .uagb-image-heading,.wp-block-uagb-image--layout-overlay__inner:hover .uagb-image-separator,.wp-block-uagb-image--layout-overlay__inner:hover .uagb-image-caption{opacity:1;transform:translate3d(0, 0, 0)}.wp-block-uagb-image--effect-zoomin .wp-block-uagb-image__figure img,.wp-block-uagb-image--effect-zoomin .wp-block-uagb-image__figure .wp-block-uagb-image--layout-overlay__color-wrapper{transform:scale(1);transition:transform .35s ease-in-out}.wp-block-uagb-image--effect-zoomin .wp-block-uagb-image__figure:hover img,.wp-block-uagb-image--effect-zoomin .wp-block-uagb-image__figure:hover .wp-block-uagb-image--layout-overlay__color-wrapper{transform:scale(1.05)}.wp-block-uagb-image--effect-slide .wp-block-uagb-image__figure img,.wp-block-uagb-image--effect-slide .wp-block-uagb-image__figure .wp-block-uagb-image--layout-overlay__color-wrapper{width:calc(100% + 40px) !important;max-width:none !important;transform:translate3d(-40px, 0, 0);transition:transform .35s ease-in-out}.wp-block-uagb-image--effect-slide .wp-block-uagb-image__figure:hover img,.wp-block-uagb-image--effect-slide .wp-block-uagb-image__figure:hover .wp-block-uagb-image--layout-overlay__color-wrapper{transform:translate3d(0, 0, 0)}.wp-block-uagb-image--effect-grayscale img{filter:grayscale(0%);transition:.35s ease-in-out}.wp-block-uagb-image--effect-grayscale:hover img{filter:grayscale(100%)}.wp-block-uagb-image--effect-blur img{filter:blur(0);transition:.35s ease-in-out}.wp-block-uagb-image--effect-blur:hover img{filter:blur(3px)}.uagb-block-e6f939b3.wp-block-uagb-image--layout-default figure img{box-shadow: 0px 0px 0 #00000070;}.uagb-block-e6f939b3.wp-block-uagb-image .wp-block-uagb-image__figure figcaption{font-style: normal;align-self: center;}.uagb-block-e6f939b3.wp-block-uagb-image--layout-overlay figure img{box-shadow: 0px 0px 0 #00000070;}.uagb-block-e6f939b3.wp-block-uagb-image--layout-overlay .wp-block-uagb-image--layout-overlay__color-wrapper{opacity: 0.2;}.uagb-block-e6f939b3.wp-block-uagb-image--layout-overlay .wp-block-uagb-image--layout-overlay__inner{left: 15px;right: 15px;top: 15px;bottom: 15px;}.uagb-block-e6f939b3.wp-block-uagb-image--layout-overlay .wp-block-uagb-image--layout-overlay__inner .uagb-image-heading{font-style: normal;color: #fff;opacity: 1;}.uagb-block-e6f939b3.wp-block-uagb-image--layout-overlay .wp-block-uagb-image--layout-overlay__inner .uagb-image-heading a{color: #fff;}.uagb-block-e6f939b3.wp-block-uagb-image--layout-overlay .wp-block-uagb-image--layout-overlay__inner .uagb-image-caption{opacity: 0;}.uagb-block-e6f939b3.wp-block-uagb-image--layout-overlay .wp-block-uagb-image__figure:hover .wp-block-uagb-image--layout-overlay__color-wrapper{opacity: 1;}.uagb-block-e6f939b3.wp-block-uagb-image .wp-block-uagb-image--layout-overlay__inner .uagb-image-separator{width: 30%;border-top-width: 2px;border-top-color: #fff;opacity: 0;}.uagb-block-e6f939b3.wp-block-uagb-image .wp-block-uagb-image__figure img{width: px;height: auto;}.uagb-block-e6f939b3.wp-block-uagb-image .wp-block-uagb-image__figure:hover .wp-block-uagb-image--layout-overlay__inner .uagb-image-caption{opacity: 1;}.uagb-block-e6f939b3.wp-block-uagb-image .wp-block-uagb-image__figure:hover .wp-block-uagb-image--layout-overlay__inner .uagb-image-separator{opacity: 1;}.uagb-block-e6f939b3.wp-block-uagb-image--layout-default figure:hover img{box-shadow: 0px 0px 0 #00000070;}.uagb-block-e6f939b3.wp-block-uagb-image--layout-overlay figure:hover img{box-shadow: 0px 0px 0 #00000070;}@media only screen and (max-width: 976px) {.uagb-block-e6f939b3.wp-block-uagb-image .wp-block-uagb-image__figure img{width: px;height: auto;}}@media only screen and (max-width: 767px) {.uagb-block-e6f939b3.wp-block-uagb-image .wp-block-uagb-image__figure img{width: px;height: auto;}}\";s:2:\"js\";s:0:\"\";s:18:\"current_block_list\";a:13:{i:0;s:11:\"core\/search\";i:1;s:10:\"core\/group\";i:2;s:12:\"core\/heading\";i:3;s:17:\"core\/latest-posts\";i:4;s:20:\"core\/latest-comments\";i:5;s:13:\"core\/archives\";i:6;s:15:\"core\/categories\";i:7;s:14:\"core\/paragraph\";i:8;s:10:\"uagb\/image\";i:9;s:11:\"core\/spacer\";i:10;s:30:\"woocommerce\/product-categories\";i:11;s:10:\"core\/image\";i:12;s:14:\"core\/shortcode\";}s:8:\"uag_flag\";b:1;s:11:\"uag_version\";s:10:\"1777234031\";s:6:\"gfonts\";a:0:{}s:10:\"gfonts_url\";s:0:\"\";s:12:\"gfonts_files\";a:0:{}s:14:\"uag_faq_layout\";b:0;}"]},"uagb_featured_image_src":{"full":["https:\/\/www.ferberpainting.com\/wp-content\/uploads\/2025\/06\/Ultrasonic-Cleaner-Solution-5L.png",2560,2560,false],"thumbnail":["https:\/\/www.ferberpainting.com\/wp-content\/uploads\/2025\/06\/Ultrasonic-Cleaner-Solution-5L-150x150.png",150,150,true],"medium":["https:\/\/www.ferberpainting.com\/wp-content\/uploads\/2025\/06\/Ultrasonic-Cleaner-Solution-5L-300x300.png",300,300,true],"medium_large":["https:\/\/www.ferberpainting.com\/wp-content\/uploads\/2025\/06\/Ultrasonic-Cleaner-Solution-5L-768x768.png",768,768,true],"large":["https:\/\/www.ferberpainting.com\/wp-content\/uploads\/2025\/06\/Ultrasonic-Cleaner-Solution-5L-1024x1024.png",1024,1024,true],"1536x1536":["https:\/\/www.ferberpainting.com\/wp-content\/uploads\/2025\/06\/Ultrasonic-Cleaner-Solution-5L-1536x1536.png",1536,1536,true],"2048x2048":["https:\/\/www.ferberpainting.com\/wp-content\/uploads\/2025\/06\/Ultrasonic-Cleaner-Solution-5L-2048x2048.png",2048,2048,true],"trp-custom-language-flag":["https:\/\/www.ferberpainting.com\/wp-content\/uploads\/2025\/06\/Ultrasonic-Cleaner-Solution-5L-12x12.png",12,12,true],"woocommerce_thumbnail":["https:\/\/www.ferberpainting.com\/wp-content\/uploads\/2025\/06\/Ultrasonic-Cleaner-Solution-5L-300x300.png",300,300,true],"woocommerce_single":["https:\/\/www.ferberpainting.com\/wp-content\/uploads\/2025\/06\/Ultrasonic-Cleaner-Solution-5L-600x600.png",600,600,true],"woocommerce_gallery_thumbnail":["https:\/\/www.ferberpainting.com\/wp-content\/uploads\/2025\/06\/Ultrasonic-Cleaner-Solution-5L-100x100.png",100,100,true]},"uagb_author_info":{"display_name":"admin","author_link":"https:\/\/www.ferberpainting.com\/ro\/author\/"},"uagb_comment_info":17,"uagb_excerpt":"Optimal Effectiveness.\u00a0This ultrasonic bath cleaner is specially formulated to effectively eliminate impurities, grease residues, oxidation, and embedded contaminants from various objects. It enhances the ultrasonic cleaning action, allowing for deep cleaning, even in hard-to-reach areas. Its powerful formula quickly dissolves unwanted particles without damaging treated surfaces, ensuring a perfect and even cleaning result. Money-back guarantee.\u00a0We&hellip;","_links":{"self":[{"href":"https:\/\/www.ferberpainting.com\/ro\/wp-json\/wp\/v2\/product\/25612","targetHints":{"allow":["GET"]}}],"collection":[{"href":"https:\/\/www.ferberpainting.com\/ro\/wp-json\/wp\/v2\/product"}],"about":[{"href":"https:\/\/www.ferberpainting.com\/ro\/wp-json\/wp\/v2\/types\/product"}],"replies":[{"embeddable":true,"href":"https:\/\/www.ferberpainting.com\/ro\/wp-json\/wp\/v2\/comments?post=25612"}],"version-history":[{"count":4,"href":"https:\/\/www.ferberpainting.com\/ro\/wp-json\/wp\/v2\/product\/25612\/revisions"}],"predecessor-version":[{"id":167505,"href":"https:\/\/www.ferberpainting.com\/ro\/wp-json\/wp\/v2\/product\/25612\/revisions\/167505"}],"wp:featuredmedia":[{"embeddable":true,"href":"https:\/\/www.ferberpainting.com\/ro\/wp-json\/wp\/v2\/media\/35840"}],"wp:attachment":[{"href":"https:\/\/www.ferberpainting.com\/ro\/wp-json\/wp\/v2\/media?parent=25612"}],"wp:term":[{"taxonomy":"product_brand","embeddable":true,"href":"https:\/\/www.ferberpainting.com\/ro\/wp-json\/wp\/v2\/product_brand?post=25612"},{"taxonomy":"product_cat","embeddable":true,"href":"https:\/\/www.ferberpainting.com\/ro\/wp-json\/wp\/v2\/product_cat?post=25612"},{"taxonomy":"product_tag","embeddable":true,"href":"https:\/\/www.ferberpainting.com\/ro\/wp-json\/wp\/v2\/product_tag?post=25612"}],"curies":[{"name":"wp","href":"https:\/\/api.w.org\/{rel}","templated":true}]}}