{"id":25604,"date":"2025-05-26T10:32:43","date_gmt":"2025-05-26T08:32:43","guid":{"rendered":"https:\/\/www.ferberpainting.com\/products\/truffle-tree-fertilizer\/"},"modified":"2026-02-16T13:50:18","modified_gmt":"2026-02-16T12:50:18","slug":"truffle-tree-fertilizer","status":"publish","type":"product","link":"https:\/\/www.ferberpainting.com\/ro\/products\/truffle-tree-fertilizer\/","title":{"rendered":"\u00cengr\u0103\u0219\u0103mint  pentru arbori de trufe 25 kg"},"content":{"rendered":"<p><strong><img decoding=\"async\" style=\"margin-right: 12px;\" src=\"https:\/\/www.ferberpainting.com\/wp-content\/uploads\/2026\/02\/Check.svg\" alt=\"\" width=\"18\" height=\"15\" \/>Un \u00eengr\u0103\u0219\u0103m\u00e2nt special conceput pentru a promova micorizarea trufelor.<\/strong>\u00a0Acest \u00eengr\u0103\u0219\u0103m\u00e2nt granular a fost special formulat pentru a r\u0103spunde nevoilor arborilor trufa\u0219i, furniz\u00e2nd nutrien\u021bii esen\u021biali necesari pentru dezvoltarea acestora. Acesta promoveaz\u0103 o nutri\u021bie echilibrat\u0103 \u0219i progresiv\u0103, care stimuleaz\u0103 cre\u0219terea r\u0103d\u0103cinilor \u0219i implantarea miceliului de trufe. Datorit\u0103 formulei sale echilibrate \u00een azot, fosfor \u0219i potasiu (NPK 10-10-10), acest \u00eengr\u0103\u0219\u0103m\u00e2nt sus\u021bine simbioza dintre arbore \u0219i truf\u0103, consolid\u00e2nd \u00een acela\u0219i timp vigoarea arborelui trufa\u0219 \u0219i rezisten\u021ba sa la stresul mediului.<\/p>\n<p><strong><img decoding=\"async\" style=\"margin-right: 12px;\" src=\"https:\/\/www.ferberpainting.com\/wp-content\/uploads\/2026\/02\/Check.svg\" alt=\"\" width=\"18\" height=\"15\" \/>Garan\u021bie de restituire a banilor.<\/strong>\u00a0Suntem convin\u0219i de eficien\u021ba \u00eengr\u0103\u0219\u0103m\u00e2ntului nostru pentru trufe \u0219i, prin urmare, v\u0103 oferim o rambursare complet\u0103 dac\u0103 nu sunte\u021bi pe deplin mul\u021bumit de rezultate. Dac\u0103, dup\u0103 utilizare, nu observa\u021bi nicio \u00eembun\u0103t\u0103\u021bire \u00een cre\u0219terea arborilor dvs. sau \u00een formarea de micorize, ne angaj\u0103m s\u0103 v\u0103 ramburs\u0103m f\u0103r\u0103 condi\u021bii.<\/p>\n<p><strong><img decoding=\"async\" style=\"margin-right: 12px;\" src=\"https:\/\/www.ferberpainting.com\/wp-content\/uploads\/2026\/02\/Check.svg\" alt=\"\" width=\"18\" height=\"15\" \/>Un fertilizator versatil, potrivit pentru diferite soluri \u0219i specii de trufe.<\/strong>\u00a0Acest \u00eengr\u0103\u0219\u0103m\u00e2nt este compatibil cu toate speciile de stejar trufa\u0219, inclusiv stejarul pubescent, stejarul verde \u0219i stejarul alb, precum \u0219i cu aluni pentru cultivarea trufelor. De asemenea, este adaptat solurilor calcaroase, argilo-calcaroase \u0219i argiloase, favoriz\u00e2nd astfel o mai bun\u0103 asimilare a nutrien\u021bilor \u0219i o micorizare optim\u0103.<\/p>\n<p><strong><img decoding=\"async\" style=\"margin-right: 12px;\" src=\"https:\/\/www.ferberpainting.com\/wp-content\/uploads\/2026\/02\/Check.svg\" alt=\"\" width=\"18\" height=\"15\" \/>Randament economic excep\u021bional pentru fertilizare de lung\u0103 durat\u0103.<\/strong>\u00a0Datorit\u0103 concentra\u021biei ridicate de nutrien\u021bi, acest \u00eengr\u0103\u0219\u0103m\u00e2nt asigur\u0103 o fertilizare eficient\u0103 cu o cantitate mic\u0103 de produs per pom. Cu un sac de 25 kg, pute\u021bi trata o suprafa\u021b\u0103 mare de planta\u021bie. Randamentul s\u0103u de 200 de grame per copac \u00eel face o alegere rentabil\u0103 \u0219i eficient\u0103 pentru to\u021bi cultivatorii de trufe.<\/p>\n<p><strong><img decoding=\"async\" style=\"margin-right: 12px;\" src=\"https:\/\/www.ferberpainting.com\/wp-content\/uploads\/2026\/02\/Check.svg\" alt=\"\" width=\"18\" height=\"15\" \/>Un \u00eengr\u0103\u0219\u0103m\u00e2nt ecologic care este sigur pentru faun\u0103 \u0219i flor\u0103.<\/strong>\u00a0Formulat f\u0103r\u0103 produse toxice, acest \u00eengr\u0103\u0219\u0103m\u00e2nt nu modific\u0103 biodiversitatea solului, nu elibereaz\u0103 reziduuri chimice nocive \u0219i contribuie la conservarea microorganismelor benefice pentru produc\u021bia de trufe. Este inofensiv pentru animale, insecte \u0219i organisme prezente \u00een sol, asigur\u00e2nd dezvoltarea armonioas\u0103 a arborelui trufa\u0219 \u0219i a re\u021belei micorizice.<\/p>\n<p><strong><img decoding=\"async\" style=\"margin-right: 12px;\" src=\"https:\/\/www.ferberpainting.com\/wp-content\/uploads\/2026\/02\/Check.svg\" alt=\"\" width=\"18\" height=\"15\" \/>O aplicare simpl\u0103 \u0219i rapid\u0103, f\u0103r\u0103 risc de supradozaj.<\/strong>\u00a0Acest \u00eengr\u0103\u0219\u0103m\u00e2nt este utilizat \u00een form\u0103 solid\u0103, ceea ce face ca aplicarea sa s\u0103 fie u\u0219oar\u0103, f\u0103r\u0103 a fi nevoie de diluare prealabil\u0103. Pur \u0219i simplu \u00eempr\u0103\u0219tia\u021bi cantitatea recomandat\u0103 \u00een jurul copacului \u0219i \u00eencorpora\u021bi-o u\u0219or \u00een sol pentru a asigura eliberarea progresiv\u0103 a nutrien\u021bilor.<\/p>\n<p><strong><img decoding=\"async\" style=\"margin-right: 12px;\" src=\"https:\/\/www.ferberpainting.com\/wp-content\/uploads\/2026\/02\/Check.svg\" alt=\"\" width=\"18\" height=\"15\" \/>Efect de lung\u0103 durat\u0103 pentru cre\u0219terea sus\u021binut\u0103 a arborelui de trufe.<\/strong>\u00a0Datorit\u0103 formulei sale cu eliberare lent\u0103, acest fertilizator asigur\u0103 o eliberare constant\u0103 de nutrien\u021bi pe tot parcursul sezonului. Acesta promoveaz\u0103 dezvoltarea r\u0103d\u0103cinilor, stimuleaz\u0103 activitatea micorizic\u0103 \u0219i \u00eembun\u0103t\u0103\u021be\u0219te starea general\u0103 de s\u0103n\u0103tate a arborelui trufa\u0219, cresc\u00e2nd astfel \u0219ansele unei produc\u021bii abundente \u0219i durabile de trufe.<\/p>\n<p><strong><img decoding=\"async\" style=\"margin-right: 12px;\" src=\"https:\/\/www.ferberpainting.com\/wp-content\/uploads\/2026\/02\/Check.svg\" alt=\"\" width=\"18\" height=\"15\" \/>Rezultate vizibile din primul sezon.<\/strong>\u00a0\u00cenc\u0103 din primele s\u0103pt\u0103m\u00e2ni de la aplicare, ve\u021bi observa o cre\u0219tere mai dinamic\u0103 a arborelui, o mai bun\u0103 densitate a r\u0103d\u0103cinilor \u0219i o \u00eembun\u0103t\u0103\u021bire general\u0103 a st\u0103rii de s\u0103n\u0103tate a arborelui trufa\u0219. Acest \u00eengr\u0103\u0219\u0103m\u00e2nt stimuleaz\u0103 formarea r\u0103d\u0103cinilor \u0219i a r\u0103d\u0103cinilor secundare, ceea ce favorizeaz\u0103 micorizarea \u0219i produc\u021bia de trufe.<\/p>\n<h2><strong>Protocol de utilizare<\/strong><\/h2>\n<p><strong>Doza recomandat\u0103 <\/strong>:<\/p>\n<ul>\n<li>200 de grame de \u00eengr\u0103\u0219\u0103m\u00e2nt per copac, care se aplic\u0103 o dat\u0103 sau de dou\u0103 ori pe an, \u00een mod ideal prim\u0103vara \u0219i toamna.<\/li>\n<li>Pentru planta\u021biile tinere, o doz\u0103 redus\u0103 de 100 de grame per arbore este suficient\u0103 pentru a promova instalarea rapid\u0103 \u0219i cre\u0219terea uniform\u0103.<\/li>\n<\/ul>\n<p><strong>Metoda de aplicare <\/strong>:<\/p>\n<ul>\n<li>R\u0103sp\u00e2ndi\u021bi \u00eengr\u0103\u0219\u0103m\u00e2ntul \u00eentr-un cerc \u00een jurul bazei copacului, av\u00e2nd grij\u0103 s\u0103 nu \u00eel pune\u021bi direct pe trunchi.<\/li>\n<li>\u00cencorpora\u021bi u\u0219or \u00eengr\u0103\u0219\u0103m\u00e2ntul \u00een sol folosind o grebl\u0103 sau o ghear\u0103 pentru a asigura o mai bun\u0103 asimilare a nutrien\u021bilor.<\/li>\n<li>Uda\u021bi dup\u0103 aplicare pentru a favoriza eliberarea elementelor minerale \u0219i pentru a activa activitatea microbian\u0103 a solului.<\/li>\n<\/ul>\n<p><strong>Frecven\u021ba de utilizare <\/strong>:<\/p>\n<ul>\n<li><strong>Prim\u0103vara (martie-aprilie) <\/strong>: Pentru a promova dezvoltarea r\u0103d\u0103cinilor \u0219i a stimula miceliul trufelor.<\/li>\n<li><strong>Toamna (septembrie-octombrie) <\/strong>: Preg\u0103tirea pomilor de trufe pentru sezonul rece \u0219i sus\u021binerea nutri\u021biei lor pentru anul urm\u0103tor.<\/li>\n<\/ul>\n<p><strong>Precau\u021bii de utilizare <\/strong>:<\/p>\n<ul>\n<li>Evita\u021bi supradozarea, deoarece prea mult\u0103 fertilizare poate dezechilibra solul \u0219i \u00eencetini formarea trufelor.<\/li>\n<li>Nu utiliza\u021bi vara, \u00een timpul perioadelor de c\u0103ldur\u0103 ridicat\u0103, deoarece absorb\u021bia nutrien\u021bilor este mai sc\u0103zut\u0103, iar evaporarea cre\u0219te.<\/li>\n<li>Depozita\u021bi \u00eentr-un loc uscat, ventilat, ferit de umiditate pentru a p\u0103stra calitatea \u0219i eficacitatea produsului.<\/li>\n<\/ul>\n<p>Acest fertilizator pentru trufe este solu\u021bia ideal\u0103 pentru to\u021bi pasiona\u021bii de cultivarea trufelor care doresc s\u0103 maximizeze cre\u0219terea pomilor \u0219i s\u0103 optimizeze produc\u021bia de trufe.<br \/>\nU\u0219or de utilizat, rentabil \u0219i ecologic, acesta ofer\u0103 o fertilizare complet\u0103 \u0219i durabil\u0103 pentru un sol bogat \u0219i productiv.<\/p>","protected":false},"excerpt":{"rendered":"<p>A fertilizer specially designed to promote truffle mycorrhization.\u00a0This granular fertilizer has been specially formulated to meet the needs of truffle trees, by providing the essential nutrients needed for their development. It promotes a balanced and progressive nutrition, which stimulates root growth and the implantation of the truffle mycelium. Thanks to its balanced formulation in nitrogen, [&hellip;]<\/p>\n","protected":false},"featured_media":27436,"comment_status":"open","ping_status":"closed","template":"","meta":{"_uag_custom_page_level_css":"","site-sidebar-layout":"default","site-content-layout":"","ast-site-content-layout":"default","site-content-style":"default","site-sidebar-style":"default","ast-global-header-display":"","ast-banner-title-visibility":"","ast-main-header-display":"","ast-hfb-above-header-display":"","ast-hfb-below-header-display":"","ast-hfb-mobile-header-display":"","site-post-title":"","ast-breadcrumbs-content":"","ast-featured-img":"","footer-sml-layout":"","ast-disable-related-posts":"","theme-transparent-header-meta":"default","adv-header-id-meta":"","stick-header-meta":"","header-above-stick-meta":"","header-main-stick-meta":"","header-below-stick-meta":"","astra-migrate-meta-layouts":"set","ast-page-background-enabled":"default","ast-page-background-meta":{"desktop":{"background-color":"var(--ast-global-color-4)","background-image":"","background-repeat":"repeat","background-position":"center center","background-size":"auto","background-attachment":"scroll","background-type":"","background-media":"","overlay-type":"","overlay-color":"","overlay-opacity":"","overlay-gradient":""},"tablet":{"background-color":"","background-image":"","background-repeat":"repeat","background-position":"center center","background-size":"auto","background-attachment":"scroll","background-type":"","background-media":"","overlay-type":"","overlay-color":"","overlay-opacity":"","overlay-gradient":""},"mobile":{"background-color":"","background-image":"","background-repeat":"repeat","background-position":"center center","background-size":"auto","background-attachment":"scroll","background-type":"","background-media":"","overlay-type":"","overlay-color":"","overlay-opacity":"","overlay-gradient":""}},"ast-content-background-meta":{"desktop":{"background-color":"var(--ast-global-color-5)","background-image":"","background-repeat":"repeat","background-position":"center center","background-size":"auto","background-attachment":"scroll","background-type":"","background-media":"","overlay-type":"","overlay-color":"","overlay-opacity":"","overlay-gradient":""},"tablet":{"background-color":"var(--ast-global-color-5)","background-image":"","background-repeat":"repeat","background-position":"center center","background-size":"auto","background-attachment":"scroll","background-type":"","background-media":"","overlay-type":"","overlay-color":"","overlay-opacity":"","overlay-gradient":""},"mobile":{"background-color":"var(--ast-global-color-5)","background-image":"","background-repeat":"repeat","background-position":"center center","background-size":"auto","background-attachment":"scroll","background-type":"","background-media":"","overlay-type":"","overlay-color":"","overlay-opacity":"","overlay-gradient":""}}},"product_brand":[],"product_cat":[178],"product_tag":[],"class_list":{"0":"post-25604","1":"product","2":"type-product","3":"status-publish","4":"has-post-thumbnail","6":"product_cat-fertilizers","7":"desktop-align-left","8":"tablet-align-left","9":"mobile-align-left","11":"first","12":"instock","13":"taxable","14":"shipping-taxable","15":"purchasable","16":"product-type-simple"},"spectra_custom_meta":{"_visibility":["visible"],"_shopify_product_id":["9073230774517"],"_s2w_shopify_domain":["ferberpainting.myshopify.com"],"_shopify_variant_id":["46524447981813"],"_sku":["FPTRUFFLETREEFERTILIZER25KG"],"_regular_price":["39.90"],"_price":["39.90"],"_sale_price":[""],"_weight":["18.7"],"_thumbnail_id":["27436"],"_global_unique_id":["5056773817920"],"total_sales":["14"],"_tax_status":["taxable"],"_tax_class":[""],"_manage_stock":["no"],"_backorders":["no"],"_sold_individually":["no"],"_virtual":["no"],"_downloadable":["no"],"_download_limit":["-1"],"_download_expiry":["-1"],"_stock":[null],"_stock_status":["instock"],"_wc_average_rating":["5.00"],"_wc_review_count":["33"],"_product_version":["10.5.1"],"_wc_rating_count":["a:1:{i:5;i:33;}"],"_edit_lock":["1771246083:1"],"merchant-center-availability":["yes"],"merchant-center-category":["113"],"_edit_last":["1"],"_wp_page_template":["default"],"site-sidebar-layout":["default"],"ast-site-content-layout":["default"],"site-content-style":["default"],"site-sidebar-style":["default"],"theme-transparent-header-meta":["default"],"astra-migrate-meta-layouts":["set"],"_uag_css_file_name":["uag-css-25604.css"],"_elementor_page_assets":["a:0:{}"]},"uagb_featured_image_src":{"full":["https:\/\/www.ferberpainting.com\/wp-content\/uploads\/2025\/05\/TruffleTreeFertilizer.png",2560,2560,false],"thumbnail":["https:\/\/www.ferberpainting.com\/wp-content\/uploads\/2025\/05\/TruffleTreeFertilizer-150x150.png",150,150,true],"medium":["https:\/\/www.ferberpainting.com\/wp-content\/uploads\/2025\/05\/TruffleTreeFertilizer-300x300.png",300,300,true],"medium_large":["https:\/\/www.ferberpainting.com\/wp-content\/uploads\/2025\/05\/TruffleTreeFertilizer-768x768.png",768,768,true],"large":["https:\/\/www.ferberpainting.com\/wp-content\/uploads\/2025\/05\/TruffleTreeFertilizer-1024x1024.png",1024,1024,true],"1536x1536":["https:\/\/www.ferberpainting.com\/wp-content\/uploads\/2025\/05\/TruffleTreeFertilizer-1536x1536.png",1536,1536,true],"2048x2048":["https:\/\/www.ferberpainting.com\/wp-content\/uploads\/2025\/05\/TruffleTreeFertilizer-2048x2048.png",2048,2048,true],"trp-custom-language-flag":["https:\/\/www.ferberpainting.com\/wp-content\/uploads\/2025\/05\/TruffleTreeFertilizer-12x12.png",12,12,true],"woocommerce_thumbnail":["https:\/\/www.ferberpainting.com\/wp-content\/uploads\/2025\/05\/TruffleTreeFertilizer-300x300.png",300,300,true],"woocommerce_single":["https:\/\/www.ferberpainting.com\/wp-content\/uploads\/2025\/05\/TruffleTreeFertilizer-600x600.png",600,600,true],"woocommerce_gallery_thumbnail":["https:\/\/www.ferberpainting.com\/wp-content\/uploads\/2025\/05\/TruffleTreeFertilizer-100x100.png",100,100,true]},"uagb_author_info":{"display_name":"admin","author_link":"https:\/\/www.ferberpainting.com\/ro\/author\/"},"uagb_comment_info":33,"uagb_excerpt":"A fertilizer specially designed to promote truffle mycorrhization.\u00a0This granular fertilizer has been specially formulated to meet the needs of truffle trees, by providing the essential nutrients needed for their development. It promotes a balanced and progressive nutrition, which stimulates root growth and the implantation of the truffle mycelium. Thanks to its balanced formulation in nitrogen,&hellip;","_links":{"self":[{"href":"https:\/\/www.ferberpainting.com\/ro\/wp-json\/wp\/v2\/product\/25604","targetHints":{"allow":["GET"]}}],"collection":[{"href":"https:\/\/www.ferberpainting.com\/ro\/wp-json\/wp\/v2\/product"}],"about":[{"href":"https:\/\/www.ferberpainting.com\/ro\/wp-json\/wp\/v2\/types\/product"}],"replies":[{"embeddable":true,"href":"https:\/\/www.ferberpainting.com\/ro\/wp-json\/wp\/v2\/comments?post=25604"}],"version-history":[{"count":5,"href":"https:\/\/www.ferberpainting.com\/ro\/wp-json\/wp\/v2\/product\/25604\/revisions"}],"predecessor-version":[{"id":167495,"href":"https:\/\/www.ferberpainting.com\/ro\/wp-json\/wp\/v2\/product\/25604\/revisions\/167495"}],"wp:featuredmedia":[{"embeddable":true,"href":"https:\/\/www.ferberpainting.com\/ro\/wp-json\/wp\/v2\/media\/27436"}],"wp:attachment":[{"href":"https:\/\/www.ferberpainting.com\/ro\/wp-json\/wp\/v2\/media?parent=25604"}],"wp:term":[{"taxonomy":"product_brand","embeddable":true,"href":"https:\/\/www.ferberpainting.com\/ro\/wp-json\/wp\/v2\/product_brand?post=25604"},{"taxonomy":"product_cat","embeddable":true,"href":"https:\/\/www.ferberpainting.com\/ro\/wp-json\/wp\/v2\/product_cat?post=25604"},{"taxonomy":"product_tag","embeddable":true,"href":"https:\/\/www.ferberpainting.com\/ro\/wp-json\/wp\/v2\/product_tag?post=25604"}],"curies":[{"name":"wp","href":"https:\/\/api.w.org\/{rel}","templated":true}]}}