{"id":25601,"date":"2025-05-26T10:32:42","date_gmt":"2025-05-26T08:32:42","guid":{"rendered":"https:\/\/www.ferberpainting.com\/products\/tropical-plant-fertilizer\/"},"modified":"2026-02-16T13:47:24","modified_gmt":"2026-02-16T12:47:24","slug":"tropical-plant-fertilizer","status":"publish","type":"product","link":"https:\/\/www.ferberpainting.com\/ro\/products\/tropical-plant-fertilizer\/","title":{"rendered":"\u00cengr\u0103\u0219\u0103m\u00e2nt pentru plante tropicale"},"content":{"rendered":"<p><strong><img decoding=\"async\" style=\"margin-right: 12px;\" src=\"https:\/\/www.ferberpainting.com\/wp-content\/uploads\/2026\/02\/Check.svg\" alt=\"\" width=\"18\" height=\"15\" \/>Un fertilizator special conceput pentru plantele tropicale.<\/strong>\u00a0Plantele tropicale au nevoi nutri\u021bionale specifice, necesit\u00e2nd un aport echilibrat de azot, fosfor \u0219i potasiu pentru a asigura o cre\u0219tere viguroas\u0103, un frunzi\u0219 luxuriant \u0219i o \u00eenflorire abundent\u0103. \u00cengr\u0103\u0219\u0103m\u00e2ntul nostru NPK 15-15-15 este formulat pentru a satisface aceste nevoi, furniz\u00e2nd toate elementele esen\u021biale care favorizeaz\u0103 dezvoltarea plantelor tropicale de interior \u0219i de exterior, precum monstera, bananieri, palmieri, ficus, hibiscus \u0219i pas\u0103rea paradisului.<\/p>\n<p><strong><img decoding=\"async\" style=\"margin-right: 12px;\" src=\"https:\/\/www.ferberpainting.com\/wp-content\/uploads\/2026\/02\/Check.svg\" alt=\"\" width=\"18\" height=\"15\" \/>Garan\u021bie de restituire a banilor.<\/strong>\u00a0Am creat un fertilizator de \u00eenalt\u0103 calitate, testat \u0219i aprobat pentru a oferi rezultate vizibile. Dac\u0103, \u00een ciuda aplic\u0103rii corecte, planta dvs. nu prezint\u0103 nicio \u00eembun\u0103t\u0103\u021bire, v\u0103 oferim o rambursare complet\u0103.<\/p>\n<p><strong><img decoding=\"async\" style=\"margin-right: 12px;\" src=\"https:\/\/www.ferberpainting.com\/wp-content\/uploads\/2026\/02\/Check.svg\" alt=\"\" width=\"18\" height=\"15\" \/>Compatibil cu toate plantele tropicale.<\/strong>\u00a0Acest \u00eengr\u0103\u0219\u0103m\u00e2nt este potrivit pentru toate plantele cu frunze luxuriante \u0219i cre\u0219tere rapid\u0103, fie c\u0103 sunt cultivate \u00een ghivece, \u00een p\u0103m\u00e2nt, \u00een interior sau \u00een exterior. Este potrivit pentru plantele tropicale \u0219i subtropicale \u0219i poate fi folosit \u0219i pentru orhidee, filodendroni, anthurium \u0219i multe alte specii exotice.<\/p>\n<p><strong><img decoding=\"async\" style=\"margin-right: 12px;\" src=\"https:\/\/www.ferberpainting.com\/wp-content\/uploads\/2026\/02\/Check.svg\" alt=\"\" width=\"18\" height=\"15\" \/>Performan\u021b\u0103 economic\u0103 excelent\u0103.<\/strong>\u00a0Datorit\u0103 concentra\u021biei sale ridicate, \u00eengr\u0103\u0219\u0103m\u00e2ntul nostru permite diluarea la 5 ml pe litru de ap\u0103, ceea ce \u00eel face un produs extrem de rentabil. Un recipient de 5 litri poate prepara p\u00e2n\u0103 la 1000 de litri de solu\u021bie nutritiv\u0103, asigur\u00e2nd un raport calitate\/pre\u021b imbatabil \u0219i reduc\u00e2nd frecven\u021ba achizi\u021biilor.<\/p>\n<p><strong><img decoding=\"async\" style=\"margin-right: 12px;\" src=\"https:\/\/www.ferberpainting.com\/wp-content\/uploads\/2026\/02\/Check.svg\" alt=\"\" width=\"18\" height=\"15\" \/>Sigur pentru plante \u0219i mediu.<\/strong>\u00a0Spre deosebire de \u00eengr\u0103\u0219\u0103mintele chimice agresive, formula noastr\u0103 echilibrat\u0103 \u0219i delicat\u0103 respect\u0103 ecosistemul solului, promov\u00e2nd asimilarea progresiv\u0103 \u0219i natural\u0103 a nutrien\u021bilor. Nu d\u0103uneaz\u0103 r\u0103d\u0103cinilor sau frunzelor, asigur\u00e2nd o cre\u0219tere s\u0103n\u0103toas\u0103 \u0219i durabil\u0103.<\/p>\n<p><strong><img decoding=\"async\" style=\"margin-right: 12px;\" src=\"https:\/\/www.ferberpainting.com\/wp-content\/uploads\/2026\/02\/Check.svg\" alt=\"\" width=\"18\" height=\"15\" \/>U\u0219or de utilizat \u0219i aplicare rapid\u0103.<\/strong>\u00a0Acest \u00eengr\u0103\u0219\u0103m\u00e2nt lichid este simplu de dozat \u0219i de aplicat. Trebuie doar s\u0103 \u00eel amesteca\u021bi cu ap\u0103 \u0219i s\u0103 \u00eel utiliza\u021bi \u00een timpul ud\u0103rii. Nu necesit\u0103 preg\u0103tire complex\u0103, evit\u00e2nd erorile de dozare \u0219i asigur\u00e2nd o absorb\u021bie eficient\u0103 \u0219i uniform\u0103 de c\u0103tre r\u0103d\u0103cini.<\/p>\n<p><strong><img decoding=\"async\" style=\"margin-right: 12px;\" src=\"https:\/\/www.ferberpainting.com\/wp-content\/uploads\/2026\/02\/Check.svg\" alt=\"\" width=\"18\" height=\"15\" \/>Efect de lung\u0103 durat\u0103 asupra dezvolt\u0103rii plantelor.<\/strong>\u00a0Prin \u00eembog\u0103\u021birea treptat\u0103 a substratului, acest fertilizator promoveaz\u0103 cre\u0219terea continu\u0103 \u0219i \u00eent\u0103re\u0219te ap\u0103rarea natural\u0103 a plantelor \u00eempotriva bolilor, stresului hidric \u0219i deficien\u021belor nutritive. Ac\u021biunea sa prelungit\u0103 ajut\u0103 la ob\u021binerea unor plante tropicale mai robuste \u0219i mai vibrante pe tot parcursul anului.<\/p>\n<p><strong><img decoding=\"async\" style=\"margin-right: 12px;\" src=\"https:\/\/www.ferberpainting.com\/wp-content\/uploads\/2026\/02\/Check.svg\" alt=\"\" width=\"18\" height=\"15\" \/>Rezultate vizibile rapid.<\/strong>\u00a0Din primele s\u0103pt\u0103m\u00e2ni de aplicare, ve\u021bi observa o cre\u0219tere \u00eembun\u0103t\u0103\u021bit\u0103, un frunzi\u0219 mai verde \u0219i mai dens, precum \u0219i o cre\u0219tere a l\u0103starilor noi \u0219i a florilor pentru speciile cu flori. Acest \u00eengr\u0103\u0219\u0103m\u00e2nt ajut\u0103, de asemenea, la \u00eembun\u0103t\u0103\u021birea rezisten\u021bei la schimbarea condi\u021biilor climatice, cum ar fi perioadele de secet\u0103 sau umiditate ridicat\u0103.<\/p>\n<h2>Protocol de utilizare<\/h2>\n<p><strong>Dilu\u021bie recomandat\u0103<\/strong> :<\/p>\n<ul>\n<li><strong>Pentru \u00eentre\u021binerea periodic\u0103 <\/strong>: Se dilueaz\u0103 5 ml de \u00eengr\u0103\u0219\u0103m\u00e2nt pe litru de ap\u0103 \u0219i se ud\u0103 direct substratul.<\/li>\n<li><strong>Pentru o plant\u0103 \u00een faza de cre\u0219tere activ\u0103<\/strong> (prim\u0103var\u0103\/var\u0103) : Cre\u0219te\u021bi u\u0219or concentra\u021bia la 7 ml pe litru de ap\u0103 pentru a sus\u021bine cre\u0219terea accelerat\u0103.<\/li>\n<li><strong>Pentru o plant\u0103 \u00een repaus vegetativ<\/strong> (toamn\u0103\/iarn\u0103) : Reduce\u021bi frecven\u021ba \u0219i utiliza\u021bi o concentra\u021bie mai mic\u0103 (2 ml per litru de ap\u0103).<\/li>\n<\/ul>\n<p><strong>Frecven\u021ba aplic\u0103rii <\/strong>:<\/p>\n<ul>\n<li><strong>Plante \u00een cre\u0219tere activ\u0103 <\/strong>: Aplica\u021bi la fiecare dou\u0103 s\u0103pt\u0103m\u00e2ni.<\/li>\n<li><strong>Plante adormite <\/strong>: O cerere lunar\u0103 este suficient\u0103.<\/li>\n<\/ul>\n<p><strong>Metoda de aplicare <\/strong>:<\/p>\n<ul>\n<li><strong>Udarea la baz\u0103 <\/strong>: Turna\u021bi solu\u021bia direct pe substrat, evit\u00e2nd umezirea excesiv\u0103 a frunzelor.<\/li>\n<li><strong>Spray foliar (op\u021bional) <\/strong>: Pentru anumite plante, cum ar fi anthuriums \u0219i philodendrons, o u\u0219oar\u0103 pulverizare a frunzelor poate fi benefic\u0103.<\/li>\n<li><strong>Aplicarea pe sol \u00een exterior <\/strong>: Utiliza\u021bi \u00eengr\u0103\u0219\u0103m\u00e2nt diluat \u00een jurul bazei plantei, asigur\u00e2ndu-v\u0103 c\u0103 produsul nu se acumuleaz\u0103 pe suprafa\u021ba solului.<\/li>\n<li><strong>Aplicarea plantelor \u00een ghiveci <\/strong>: Uda\u021bi \u00eencet p\u00e2n\u0103 c\u00e2nd apa \u00eencepe s\u0103 se scurg\u0103 prin g\u0103uri, pentru o absorb\u021bie optim\u0103.<\/li>\n<\/ul>\n<p><strong>Precau\u021bii de utilizare <\/strong>:<\/p>\n<ul>\n<li><strong>Nu supradoza\u021bi <\/strong>: Excesul de \u00eengr\u0103\u0219\u0103m\u00e2nt poate arde r\u0103d\u0103cinile \u0219i poate provoca \u00eeng\u0103lbenirea frunzelor.<\/li>\n<li><strong>Nu aplica\u021bi pe o plant\u0103 bolnav\u0103 <\/strong>: A\u0219tepta\u021bi p\u00e2n\u0103 c\u00e2nd \u00ee\u0219i recap\u0103t\u0103 vigoarea \u00eenainte de a ad\u0103uga \u00eengr\u0103\u0219\u0103m\u00e2nt.<\/li>\n<li><strong>Evita\u021bi aplicarea \u00een plin soare <\/strong>: Aplica\u021bi de preferin\u021b\u0103 diminea\u021ba devreme sau la sf\u00e2r\u0219itul zilei, pentru a preveni evaporarea rapid\u0103 a nutrien\u021bilor.<\/li>\n<\/ul>\n<p><strong>Depozitare \u0219i conservare <\/strong>:<\/p>\n<ul>\n<li>Depozita\u021bi produsul departe de c\u0103ldur\u0103 \u0219i umiditate.<\/li>\n<li>Re\u00eenchide\u021bi bine recipientul dup\u0103 fiecare utilizare pentru a-i p\u0103stra propriet\u0103\u021bile nutritive.<\/li>\n<\/ul>\n<p>Cu fertilizatorul nostru pentru plante tropicale, oferi\u021bi plantelor dvs. cele mai bune condi\u021bii pentru o dezvoltare optim\u0103. Fie c\u0103 sunte\u021bi un pasionat de plante exotice sau un gr\u0103dinar experimentat, acest \u00eengr\u0103\u0219\u0103m\u00e2nt este aliatul ideal pentru plante luxuriante, s\u0103n\u0103toase \u0219i vibrante.<\/p>","protected":false},"excerpt":{"rendered":"<p>A fertilizer specially designed for tropical plants.\u00a0Tropical plants have specific nutritional needs, requiring a balanced supply of nitrogen, phosphorus, and potassium to ensure vigorous growth, lush foliage, and abundant flowering. Our NPK 15-15-15 fertilizer is formulated to meet these needs, providing all the essential elements that promote the development of both indoor and outdoor tropical [&hellip;]<\/p>\n","protected":false},"featured_media":27434,"comment_status":"open","ping_status":"closed","template":"","meta":{"_uag_custom_page_level_css":"","site-sidebar-layout":"default","site-content-layout":"","ast-site-content-layout":"default","site-content-style":"default","site-sidebar-style":"default","ast-global-header-display":"","ast-banner-title-visibility":"","ast-main-header-display":"","ast-hfb-above-header-display":"","ast-hfb-below-header-display":"","ast-hfb-mobile-header-display":"","site-post-title":"","ast-breadcrumbs-content":"","ast-featured-img":"","footer-sml-layout":"","ast-disable-related-posts":"","theme-transparent-header-meta":"default","adv-header-id-meta":"","stick-header-meta":"","header-above-stick-meta":"","header-main-stick-meta":"","header-below-stick-meta":"","astra-migrate-meta-layouts":"set","ast-page-background-enabled":"default","ast-page-background-meta":{"desktop":{"background-color":"var(--ast-global-color-4)","background-image":"","background-repeat":"repeat","background-position":"center center","background-size":"auto","background-attachment":"scroll","background-type":"","background-media":"","overlay-type":"","overlay-color":"","overlay-opacity":"","overlay-gradient":""},"tablet":{"background-color":"","background-image":"","background-repeat":"repeat","background-position":"center center","background-size":"auto","background-attachment":"scroll","background-type":"","background-media":"","overlay-type":"","overlay-color":"","overlay-opacity":"","overlay-gradient":""},"mobile":{"background-color":"","background-image":"","background-repeat":"repeat","background-position":"center center","background-size":"auto","background-attachment":"scroll","background-type":"","background-media":"","overlay-type":"","overlay-color":"","overlay-opacity":"","overlay-gradient":""}},"ast-content-background-meta":{"desktop":{"background-color":"var(--ast-global-color-5)","background-image":"","background-repeat":"repeat","background-position":"center center","background-size":"auto","background-attachment":"scroll","background-type":"","background-media":"","overlay-type":"","overlay-color":"","overlay-opacity":"","overlay-gradient":""},"tablet":{"background-color":"var(--ast-global-color-5)","background-image":"","background-repeat":"repeat","background-position":"center center","background-size":"auto","background-attachment":"scroll","background-type":"","background-media":"","overlay-type":"","overlay-color":"","overlay-opacity":"","overlay-gradient":""},"mobile":{"background-color":"var(--ast-global-color-5)","background-image":"","background-repeat":"repeat","background-position":"center center","background-size":"auto","background-attachment":"scroll","background-type":"","background-media":"","overlay-type":"","overlay-color":"","overlay-opacity":"","overlay-gradient":""}}},"product_brand":[],"product_cat":[178],"product_tag":[],"class_list":{"0":"post-25601","1":"product","2":"type-product","3":"status-publish","4":"has-post-thumbnail","6":"product_cat-fertilizers","7":"desktop-align-left","8":"tablet-align-left","9":"mobile-align-left","11":"first","12":"instock","13":"sale","14":"taxable","15":"shipping-taxable","16":"purchasable","17":"product-type-variable"},"spectra_custom_meta":{"_visibility":["visible"],"_shopify_product_id":["9071356084469"],"_s2w_shopify_domain":["ferberpainting.myshopify.com"],"_shopify_variant_id":["46516143522037"],"_sku":[""],"_manage_stock":["no"],"total_sales":["32"],"_tax_status":["taxable"],"_tax_class":[""],"_backorders":["no"],"_sold_individually":["no"],"_virtual":["no"],"_downloadable":["no"],"_download_limit":["-1"],"_download_expiry":["-1"],"_stock":[null],"_stock_status":["instock"],"_wc_average_rating":["4.63"],"_wc_review_count":["8"],"_product_attributes":["a:1:{s:6:\"volume\";a:6:{s:4:\"name\";s:6:\"Volume\";s:5:\"value\";s:20:\"5 liters | 25 liters\";s:8:\"position\";i:1;s:10:\"is_visible\";i:0;s:12:\"is_variation\";i:1;s:11:\"is_taxonomy\";i:0;}}"],"_product_version":["10.5.1"],"_thumbnail_id":["27434"],"_product_image_gallery":["27435"],"wpse_downloadable_file_names":[""],"wpse_downloadable_file_urls":[""],"_edit_last":["1"],"_edit_lock":["1771245906:1"],"merchant-center-availability":["yes"],"merchant-center-category":["113"],"_wp_page_template":["default"],"site-sidebar-layout":["default"],"ast-site-content-layout":["default"],"site-content-style":["default"],"site-sidebar-style":["default"],"theme-transparent-header-meta":["default"],"_wc_rating_count":["a:2:{i:4;i:3;i:5;i:5;}"],"_price":["29.90","129.90"],"merchant-center-id":["FPTROPICALPLANTFERTILIZER25"],"astra-migrate-meta-layouts":["set"],"_uag_css_file_name":["uag-css-25601.css"],"_elementor_page_assets":["a:0:{}"],"_uag_page_assets":["a:9:{s:3:\"css\";s:7133:\".uag-blocks-common-selector{z-index:var(--z-index-desktop) !important}@media(max-width: 976px){.uag-blocks-common-selector{z-index:var(--z-index-tablet) !important}}@media(max-width: 767px){.uag-blocks-common-selector{z-index:var(--z-index-mobile) !important}}.wp-block-uagb-image{display:flex}.wp-block-uagb-image__figure{position:relative;display:flex;flex-direction:column;max-width:100%;height:auto;margin:0}.wp-block-uagb-image__figure img{height:auto;display:flex;max-width:100%;transition:box-shadow .2s ease}.wp-block-uagb-image__figure>a{display:inline-block}.wp-block-uagb-image__figure figcaption{text-align:center;margin-top:.5em;margin-bottom:1em}.wp-block-uagb-image .components-placeholder.block-editor-media-placeholder .components-placeholder__instructions{align-self:center}.wp-block-uagb-image--align-left{text-align:left}.wp-block-uagb-image--align-right{text-align:right}.wp-block-uagb-image--align-center{text-align:center}.wp-block-uagb-image--align-full .wp-block-uagb-image__figure{margin-left:calc(50% - 50vw);margin-right:calc(50% - 50vw);max-width:100vw;width:100vw;height:auto}.wp-block-uagb-image--align-full .wp-block-uagb-image__figure img{height:auto;width:100% !important}.wp-block-uagb-image--align-wide .wp-block-uagb-image__figure img{height:auto;width:100%}.wp-block-uagb-image--layout-overlay__color-wrapper{position:absolute;left:0;top:0;right:0;bottom:0;opacity:.2;background:rgba(0,0,0,.5);transition:opacity .35s ease-in-out}.wp-block-uagb-image--layout-overlay-link{position:absolute;left:0;right:0;bottom:0;top:0}.wp-block-uagb-image--layout-overlay .wp-block-uagb-image__figure:hover .wp-block-uagb-image--layout-overlay__color-wrapper{opacity:1}.wp-block-uagb-image--layout-overlay__inner{position:absolute;left:15px;right:15px;bottom:15px;top:15px;display:flex;align-items:center;justify-content:center;flex-direction:column;border-color:#fff;transition:.35s ease-in-out}.wp-block-uagb-image--layout-overlay__inner.top-left,.wp-block-uagb-image--layout-overlay__inner.top-center,.wp-block-uagb-image--layout-overlay__inner.top-right{justify-content:flex-start}.wp-block-uagb-image--layout-overlay__inner.bottom-left,.wp-block-uagb-image--layout-overlay__inner.bottom-center,.wp-block-uagb-image--layout-overlay__inner.bottom-right{justify-content:flex-end}.wp-block-uagb-image--layout-overlay__inner.top-left,.wp-block-uagb-image--layout-overlay__inner.center-left,.wp-block-uagb-image--layout-overlay__inner.bottom-left{align-items:flex-start}.wp-block-uagb-image--layout-overlay__inner.top-right,.wp-block-uagb-image--layout-overlay__inner.center-right,.wp-block-uagb-image--layout-overlay__inner.bottom-right{align-items:flex-end}.wp-block-uagb-image--layout-overlay__inner .uagb-image-heading{color:#fff;transition:transform .35s,opacity .35s ease-in-out;transform:translate3d(0, 24px, 0);margin:0;line-height:1em}.wp-block-uagb-image--layout-overlay__inner .uagb-image-separator{width:30%;border-top-width:2px;border-top-color:#fff;border-top-style:solid;margin-bottom:10px;opacity:0;transition:transform .4s,opacity .4s ease-in-out;transform:translate3d(0, 30px, 0)}.wp-block-uagb-image--layout-overlay__inner .uagb-image-caption{opacity:0;overflow:visible;color:#fff;transition:transform .45s,opacity .45s ease-in-out;transform:translate3d(0, 35px, 0)}.wp-block-uagb-image--layout-overlay__inner:hover .uagb-image-heading,.wp-block-uagb-image--layout-overlay__inner:hover .uagb-image-separator,.wp-block-uagb-image--layout-overlay__inner:hover .uagb-image-caption{opacity:1;transform:translate3d(0, 0, 0)}.wp-block-uagb-image--effect-zoomin .wp-block-uagb-image__figure img,.wp-block-uagb-image--effect-zoomin .wp-block-uagb-image__figure .wp-block-uagb-image--layout-overlay__color-wrapper{transform:scale(1);transition:transform .35s ease-in-out}.wp-block-uagb-image--effect-zoomin .wp-block-uagb-image__figure:hover img,.wp-block-uagb-image--effect-zoomin .wp-block-uagb-image__figure:hover .wp-block-uagb-image--layout-overlay__color-wrapper{transform:scale(1.05)}.wp-block-uagb-image--effect-slide .wp-block-uagb-image__figure img,.wp-block-uagb-image--effect-slide .wp-block-uagb-image__figure .wp-block-uagb-image--layout-overlay__color-wrapper{width:calc(100% + 40px) !important;max-width:none !important;transform:translate3d(-40px, 0, 0);transition:transform .35s ease-in-out}.wp-block-uagb-image--effect-slide .wp-block-uagb-image__figure:hover img,.wp-block-uagb-image--effect-slide .wp-block-uagb-image__figure:hover .wp-block-uagb-image--layout-overlay__color-wrapper{transform:translate3d(0, 0, 0)}.wp-block-uagb-image--effect-grayscale img{filter:grayscale(0%);transition:.35s ease-in-out}.wp-block-uagb-image--effect-grayscale:hover img{filter:grayscale(100%)}.wp-block-uagb-image--effect-blur img{filter:blur(0);transition:.35s ease-in-out}.wp-block-uagb-image--effect-blur:hover img{filter:blur(3px)}.uagb-block-e6f939b3.wp-block-uagb-image--layout-default figure img{box-shadow: 0px 0px 0 #00000070;}.uagb-block-e6f939b3.wp-block-uagb-image .wp-block-uagb-image__figure figcaption{font-style: normal;align-self: center;}.uagb-block-e6f939b3.wp-block-uagb-image--layout-overlay figure img{box-shadow: 0px 0px 0 #00000070;}.uagb-block-e6f939b3.wp-block-uagb-image--layout-overlay .wp-block-uagb-image--layout-overlay__color-wrapper{opacity: 0.2;}.uagb-block-e6f939b3.wp-block-uagb-image--layout-overlay .wp-block-uagb-image--layout-overlay__inner{left: 15px;right: 15px;top: 15px;bottom: 15px;}.uagb-block-e6f939b3.wp-block-uagb-image--layout-overlay .wp-block-uagb-image--layout-overlay__inner .uagb-image-heading{font-style: normal;color: #fff;opacity: 1;}.uagb-block-e6f939b3.wp-block-uagb-image--layout-overlay .wp-block-uagb-image--layout-overlay__inner .uagb-image-heading a{color: #fff;}.uagb-block-e6f939b3.wp-block-uagb-image--layout-overlay .wp-block-uagb-image--layout-overlay__inner .uagb-image-caption{opacity: 0;}.uagb-block-e6f939b3.wp-block-uagb-image--layout-overlay .wp-block-uagb-image__figure:hover .wp-block-uagb-image--layout-overlay__color-wrapper{opacity: 1;}.uagb-block-e6f939b3.wp-block-uagb-image .wp-block-uagb-image--layout-overlay__inner .uagb-image-separator{width: 30%;border-top-width: 2px;border-top-color: #fff;opacity: 0;}.uagb-block-e6f939b3.wp-block-uagb-image .wp-block-uagb-image__figure img{width: px;height: auto;}.uagb-block-e6f939b3.wp-block-uagb-image .wp-block-uagb-image__figure:hover .wp-block-uagb-image--layout-overlay__inner .uagb-image-caption{opacity: 1;}.uagb-block-e6f939b3.wp-block-uagb-image .wp-block-uagb-image__figure:hover .wp-block-uagb-image--layout-overlay__inner .uagb-image-separator{opacity: 1;}.uagb-block-e6f939b3.wp-block-uagb-image--layout-default figure:hover img{box-shadow: 0px 0px 0 #00000070;}.uagb-block-e6f939b3.wp-block-uagb-image--layout-overlay figure:hover img{box-shadow: 0px 0px 0 #00000070;}@media only screen and (max-width: 976px) {.uagb-block-e6f939b3.wp-block-uagb-image .wp-block-uagb-image__figure img{width: px;height: auto;}}@media only screen and (max-width: 767px) {.uagb-block-e6f939b3.wp-block-uagb-image .wp-block-uagb-image__figure img{width: px;height: auto;}}\";s:2:\"js\";s:0:\"\";s:18:\"current_block_list\";a:13:{i:0;s:11:\"core\/search\";i:1;s:10:\"core\/group\";i:2;s:12:\"core\/heading\";i:3;s:17:\"core\/latest-posts\";i:4;s:20:\"core\/latest-comments\";i:5;s:13:\"core\/archives\";i:6;s:15:\"core\/categories\";i:7;s:14:\"core\/paragraph\";i:8;s:10:\"uagb\/image\";i:9;s:11:\"core\/spacer\";i:10;s:30:\"woocommerce\/product-categories\";i:11;s:10:\"core\/image\";i:12;s:14:\"core\/shortcode\";}s:8:\"uag_flag\";b:1;s:11:\"uag_version\";s:10:\"1777212259\";s:6:\"gfonts\";a:0:{}s:10:\"gfonts_url\";s:0:\"\";s:12:\"gfonts_files\";a:0:{}s:14:\"uag_faq_layout\";b:0;}"]},"uagb_featured_image_src":{"full":["https:\/\/www.ferberpainting.com\/wp-content\/uploads\/2025\/05\/TropicalPlantFertilizer5L.png",2560,2560,false],"thumbnail":["https:\/\/www.ferberpainting.com\/wp-content\/uploads\/2025\/05\/TropicalPlantFertilizer5L-150x150.png",150,150,true],"medium":["https:\/\/www.ferberpainting.com\/wp-content\/uploads\/2025\/05\/TropicalPlantFertilizer5L-300x300.png",300,300,true],"medium_large":["https:\/\/www.ferberpainting.com\/wp-content\/uploads\/2025\/05\/TropicalPlantFertilizer5L-768x768.png",768,768,true],"large":["https:\/\/www.ferberpainting.com\/wp-content\/uploads\/2025\/05\/TropicalPlantFertilizer5L-1024x1024.png",1024,1024,true],"1536x1536":["https:\/\/www.ferberpainting.com\/wp-content\/uploads\/2025\/05\/TropicalPlantFertilizer5L-1536x1536.png",1536,1536,true],"2048x2048":["https:\/\/www.ferberpainting.com\/wp-content\/uploads\/2025\/05\/TropicalPlantFertilizer5L-2048x2048.png",2048,2048,true],"trp-custom-language-flag":["https:\/\/www.ferberpainting.com\/wp-content\/uploads\/2025\/05\/TropicalPlantFertilizer5L-12x12.png",12,12,true],"woocommerce_thumbnail":["https:\/\/www.ferberpainting.com\/wp-content\/uploads\/2025\/05\/TropicalPlantFertilizer5L-300x300.png",300,300,true],"woocommerce_single":["https:\/\/www.ferberpainting.com\/wp-content\/uploads\/2025\/05\/TropicalPlantFertilizer5L-600x600.png",600,600,true],"woocommerce_gallery_thumbnail":["https:\/\/www.ferberpainting.com\/wp-content\/uploads\/2025\/05\/TropicalPlantFertilizer5L-100x100.png",100,100,true]},"uagb_author_info":{"display_name":"admin","author_link":"https:\/\/www.ferberpainting.com\/ro\/author\/"},"uagb_comment_info":8,"uagb_excerpt":"A fertilizer specially designed for tropical plants.\u00a0Tropical plants have specific nutritional needs, requiring a balanced supply of nitrogen, phosphorus, and potassium to ensure vigorous growth, lush foliage, and abundant flowering. Our NPK 15-15-15 fertilizer is formulated to meet these needs, providing all the essential elements that promote the development of both indoor and outdoor tropical&hellip;","_links":{"self":[{"href":"https:\/\/www.ferberpainting.com\/ro\/wp-json\/wp\/v2\/product\/25601","targetHints":{"allow":["GET"]}}],"collection":[{"href":"https:\/\/www.ferberpainting.com\/ro\/wp-json\/wp\/v2\/product"}],"about":[{"href":"https:\/\/www.ferberpainting.com\/ro\/wp-json\/wp\/v2\/types\/product"}],"replies":[{"embeddable":true,"href":"https:\/\/www.ferberpainting.com\/ro\/wp-json\/wp\/v2\/comments?post=25601"}],"version-history":[{"count":5,"href":"https:\/\/www.ferberpainting.com\/ro\/wp-json\/wp\/v2\/product\/25601\/revisions"}],"predecessor-version":[{"id":167493,"href":"https:\/\/www.ferberpainting.com\/ro\/wp-json\/wp\/v2\/product\/25601\/revisions\/167493"}],"wp:featuredmedia":[{"embeddable":true,"href":"https:\/\/www.ferberpainting.com\/ro\/wp-json\/wp\/v2\/media\/27434"}],"wp:attachment":[{"href":"https:\/\/www.ferberpainting.com\/ro\/wp-json\/wp\/v2\/media?parent=25601"}],"wp:term":[{"taxonomy":"product_brand","embeddable":true,"href":"https:\/\/www.ferberpainting.com\/ro\/wp-json\/wp\/v2\/product_brand?post=25601"},{"taxonomy":"product_cat","embeddable":true,"href":"https:\/\/www.ferberpainting.com\/ro\/wp-json\/wp\/v2\/product_cat?post=25601"},{"taxonomy":"product_tag","embeddable":true,"href":"https:\/\/www.ferberpainting.com\/ro\/wp-json\/wp\/v2\/product_tag?post=25601"}],"curies":[{"name":"wp","href":"https:\/\/api.w.org\/{rel}","templated":true}]}}