{"id":25358,"date":"2025-06-30T20:07:05","date_gmt":"2025-06-30T18:07:05","guid":{"rendered":"https:\/\/www.ferberpainting.com\/?post_type=product&#038;p=25358"},"modified":"2026-02-16T12:33:27","modified_gmt":"2026-02-16T11:33:27","slug":"terracotta-cleaner","status":"publish","type":"product","link":"https:\/\/www.ferberpainting.com\/ro\/products\/terracotta-cleaner\/","title":{"rendered":"Cur\u0103\u021b\u0103tor pentru teracot\u0103"},"content":{"rendered":"<p><strong><img decoding=\"async\" style=\"margin-right: 12px;\" src=\"https:\/\/www.ferberpainting.com\/wp-content\/uploads\/2026\/02\/Check.svg\" alt=\"\" width=\"18\" height=\"15\" \/>Reface\u021bi frumuse\u021bea cald\u0103 \u0219i natural\u0103 a suprafe\u021belor dvs. de teracot\u0103 cu o putere de cur\u0103\u021bare profund\u0103 \u0219i delicat\u0103.<\/strong> Produsul nostru de cur\u0103\u021bare pentru teracot\u0103 este special formulat pentru a \u00eendep\u0103rta murd\u0103ria, petele, gr\u0103simea \u0219i reziduurile cauzate de vreme, f\u0103r\u0103 a deteriora structura delicat\u0103 a teracotei. \u00cen timp, teracota \u00ee\u0219i poate pierde culoarea vibrant\u0103 din cauza acumul\u0103rii de praf, a cre\u0219terii organice \u0219i a expunerii la mediu. Acest detergent avansat p\u0103trunde ad\u00e2nc \u00een materialul poros pentru a \u00eendep\u0103rta impurit\u0103\u021bile, respect\u00e2nd \u00een acela\u0219i timp compozi\u021bia natural\u0103 a lutului. Rezultatul este o suprafa\u021b\u0103 re\u00eemprosp\u0103tat\u0103, curat\u0103, care dezv\u0103luie c\u0103ldura \u0219i caracterul autentic al teracotei.<\/p>\n<p><strong><img decoding=\"async\" style=\"margin-right: 12px;\" src=\"https:\/\/www.ferberpainting.com\/wp-content\/uploads\/2026\/02\/Check.svg\" alt=\"\" width=\"18\" height=\"15\" \/>Oferim o garan\u021bie de returnare a banilor pentru satisfac\u021bia total\u0103 a clientului.<\/strong> Suntem \u00eencrez\u0103tori \u00een eficien\u021ba detergentului nostru pentru teracot\u0103 \u0219i sus\u021binem cu m\u00e2ndrie fiecare achizi\u021bie cu o garan\u021bie de returnare a banilor. Dac\u0103 nu sunte\u021bi complet mul\u021bumit de rezultate, v\u0103 vom rambursa achizi\u021bia. Acest lucru v\u0103 asigur\u0103 c\u0103 pute\u021bi testa produsul f\u0103r\u0103 riscuri \u0219i ave\u021bi \u00eencredere c\u0103 ne angaj\u0103m pe deplin s\u0103 oferim rezultate fiabile \u0219i vizibile.<\/p>\n<p><strong><img decoding=\"async\" style=\"margin-right: 12px;\" src=\"https:\/\/www.ferberpainting.com\/wp-content\/uploads\/2026\/02\/Check.svg\" alt=\"\" width=\"18\" height=\"15\" \/>Cea mai eficient\u0103 solu\u021bie de cur\u0103\u021bare pentru teracot\u0103 disponibil\u0103.<\/strong> Formula noastr\u0103 puternic\u0103 este proiectat\u0103 pentru a dep\u0103\u0219i performan\u021bele detergen\u021bilor de uz casnic standard \u0219i ale detergen\u021bilor generici pentru exterior. Aceasta vizeaz\u0103 murd\u0103ria ad\u00e2nc\u0103, petele \u00eentunecate, urmele de alge \u0219i reziduurile de poluare care afecteaz\u0103 frecvent suprafe\u021bele de teracot\u0103. \u00cen loc s\u0103 ofere doar o cur\u0103\u021bare superficial\u0103, ac\u021bioneaz\u0103 \u00een interiorul structurii poroase pentru a \u00eendep\u0103rta contaminarea acumulat\u0103, asigur\u00e2nd o cur\u0103\u021benie mai durabil\u0103 \u0219i un aspect \u00eembun\u0103t\u0103\u021bit al suprafe\u021bei.<\/p>\n<p><strong><img decoding=\"async\" style=\"margin-right: 12px;\" src=\"https:\/\/www.ferberpainting.com\/wp-content\/uploads\/2026\/02\/Check.svg\" alt=\"\" width=\"18\" height=\"15\" \/>Cel mai ieftin aparat profesional de cur\u0103\u021bat teracot\u0103 de pe pia\u021b\u0103.<\/strong> Cur\u0103\u021barea de \u00eenalt\u0103 calitate trebuie s\u0103 r\u0103m\u00e2n\u0103 accesibil\u0103. Oferim cel mai competitiv pre\u021b f\u0103r\u0103 a compromite performan\u021ba sau siguran\u021ba. Prin optimizarea lan\u021burilor de produc\u021bie \u0219i de aprovizionare, oferim un detergent premium pentru teracot\u0103 la cel mai mic pre\u021b \u00een compara\u021bie cu produsele profesionale similare, ceea ce \u00eel face o solu\u021bie economic\u0103 at\u00e2t pentru proprietarii de locuin\u021be, c\u00e2t \u0219i pentru antreprenori.<\/p>\n<p><strong><img decoding=\"async\" style=\"margin-right: 12px;\" src=\"https:\/\/www.ferberpainting.com\/wp-content\/uploads\/2026\/02\/Check.svg\" alt=\"\" width=\"18\" height=\"15\" \/>Livrare garantat\u0103 \u00een 24 de ore pentru rezultate imediate.<\/strong> Atunci c\u00e2nd pardoselile, gresia sau suprafe\u021bele exterioare din teracot\u0103 au nevoie de aten\u021bie, accesul rapid la produsul potrivit este esen\u021bial. Acesta este motivul pentru care oferim livrare fiabil\u0103 \u00een 24 de ore. Comanda dvs. sose\u0219te rapid, permi\u021b\u00e2ndu-v\u0103 s\u0103 \u00eencepe\u021bi cur\u0103\u021barea f\u0103r\u0103 \u00eent\u00e2rziere \u0219i s\u0103 v\u0103 finaliza\u021bi proiectul eficient.<\/p>\n<p><strong><img decoding=\"async\" style=\"margin-right: 12px;\" src=\"https:\/\/www.ferberpainting.com\/wp-content\/uploads\/2026\/02\/Check.svg\" alt=\"\" width=\"18\" height=\"15\" \/>Acoperire eficient\u0103 de 10 m\u00b2 pe litru pentru o planificare precis\u0103.<\/strong> Un litru din detergentul nostru pentru teracot\u0103 trateaz\u0103 eficient p\u00e2n\u0103 la 10 metri p\u0103tra\u021bi, \u00een func\u021bie de porozitatea suprafe\u021bei \u0219i de nivelul de contaminare. Aceast\u0103 rat\u0103 de acoperire clar\u0103 faciliteaz\u0103 estimarea cantit\u0103\u021bii necesare \u0219i gestionarea eficient\u0103 a bugetului, asigur\u00e2nd o performan\u021b\u0103 de cur\u0103\u021bare constant\u0103 pe \u00eentreaga suprafa\u021b\u0103 tratat\u0103.<\/p>\n<p><strong><img decoding=\"async\" style=\"margin-right: 12px;\" src=\"https:\/\/www.ferberpainting.com\/wp-content\/uploads\/2026\/02\/Check.svg\" alt=\"\" width=\"18\" height=\"15\" \/>Sigur pentru suprafe\u021bele delicate \u0219i poroase de teracot\u0103.<\/strong> Teracota este poroas\u0103 \u00een mod natural \u0219i poate fi sensibil\u0103 la substan\u021bele chimice agresive. Formula noastr\u0103 special echilibrat\u0103 cur\u0103\u021b\u0103 \u00een profunzime f\u0103r\u0103 a provoca decolorare, eroziune sau deteriorarea suprafe\u021bei atunci c\u00e2nd este utilizat\u0103 conform instruc\u021biunilor. P\u0103streaz\u0103 integritatea materialului \u00een timp ce \u00eendep\u0103rteaz\u0103 murd\u0103ria \u0219i acumul\u0103rile \u00een siguran\u021b\u0103.<\/p>\n<p><strong><img decoding=\"async\" style=\"margin-right: 12px;\" src=\"https:\/\/www.ferberpainting.com\/wp-content\/uploads\/2026\/02\/Check.svg\" alt=\"\" width=\"18\" height=\"15\" \/>Potrivit pentru aplica\u021bii de interior \u0219i exterior.<\/strong> Acest produs de cur\u0103\u021bare versatil poate fi utilizat pe pl\u0103ci de teracot\u0103, pl\u0103ci de perete, terase, balcoane \u0219i elemente decorative. Se adapteaz\u0103 at\u00e2t condi\u021biilor interioare, c\u00e2t \u0219i celor exterioare, oferind performan\u021be constante indiferent de expunerea la traficul pietonal, umiditate sau condi\u021bii meteorologice.<\/p>\n<p><strong><img decoding=\"async\" style=\"margin-right: 12px;\" src=\"https:\/\/www.ferberpainting.com\/wp-content\/uploads\/2026\/02\/Check.svg\" alt=\"\" width=\"18\" height=\"15\" \/>Ajut\u0103 la preg\u0103tirea suprafe\u021belor pentru etan\u0219are sau tratament ulterior.<\/strong> Prin \u00eendep\u0103rtarea impurit\u0103\u021bilor \u0219i a reziduurilor ad\u00e2nc \u00eenr\u0103d\u0103cinate, produsul de cur\u0103\u021bare preg\u0103te\u0219te suprafe\u021bele de teracot\u0103 pentru tratamente suplimentare, cum ar fi etan\u0219area sau aplicarea hidrofugului. Cur\u0103\u021barea adecvat\u0103 \u00eembun\u0103t\u0103\u021be\u0219te aderen\u021ba \u0219i eficien\u021ba produselor de protec\u021bie, asigur\u00e2nd rezultate mai bune pe termen lung.<\/p>\n<p><strong><img decoding=\"async\" style=\"margin-right: 12px;\" src=\"https:\/\/www.ferberpainting.com\/wp-content\/uploads\/2026\/02\/Check.svg\" alt=\"\" width=\"18\" height=\"15\" \/>Aplicare u\u0219oar\u0103 at\u00e2t pentru profesioni\u0219ti, c\u00e2t \u0219i pentru proprietarii de locuin\u021be.<\/strong> Conceput pentru o utilizare convenabil\u0103, detergentul pentru teracot\u0103 poate fi aplicat cu o perie, un mop sau un pulverizator cu presiune redus\u0103. Formula sa practic\u0103 reduce efortul de frecare, asigur\u00e2nd \u00een acela\u0219i timp o distribu\u021bie uniform\u0103 \u0219i o cur\u0103\u021bare fiabil\u0103, ceea ce \u00eel face potrivit at\u00e2t pentru spa\u021biile reziden\u021biale mici, c\u00e2t \u0219i pentru zonele comerciale mari.<\/p>\n<h2><strong>Instruc\u021biuni<\/strong><\/h2>\n<ul>\n<li>\u00cendep\u0103rta\u021bi praful \u0219i resturile de pe suprafa\u021ba de teracot\u0103 folosind o m\u0103tur\u0103 sau un aspirator \u00eenainte de a aplica produsul.<\/li>\n<li>Agita\u021bi sau amesteca\u021bi bine detergentul pentru teracot\u0103 pentru a v\u0103 asigura c\u0103 ingredientele active sunt distribuite uniform.<\/li>\n<li>Dilua\u021bi produsul \u00een func\u021bie de nivelul de murd\u0103rie. Pentru pete mari \u0219i cur\u0103\u021bare profund\u0103, utiliza\u021bi produsul nediluat. Pentru murd\u0103rie moderat\u0103, dilua\u021bi cu ap\u0103 conform recomand\u0103rilor de pe ambalaj.<\/li>\n<li>Aplica\u021bi solu\u021bia uniform folosind un mop, o perie sau un pulverizator, asigur\u00e2nd acoperirea complet\u0103 a suprafe\u021bei.<\/li>\n<li>Doza recomandat\u0103 este de aproximativ 100 ml pe metru p\u0103trat, deoarece un litru cur\u0103\u021b\u0103 p\u00e2n\u0103 la 10 m\u00b2. Cre\u0219te\u021bi u\u0219or pentru zonele foarte poroase sau foarte murdare.<\/li>\n<li>L\u0103sa\u021bi produsul s\u0103 ac\u021bioneze timp de 5 p\u00e2n\u0103 la 15 minute, \u00een func\u021bie de gravitatea murd\u0103riei. Nu l\u0103sa\u021bi suprafa\u021ba s\u0103 se usuce complet \u00een aceast\u0103 perioad\u0103.<\/li>\n<li>Pentru petele \u00eenc\u0103p\u0103\u021b\u00e2nate, freca\u021bi u\u0219or cu o perie moale sau de duritate medie pentru a spori performan\u021ba de cur\u0103\u021bare.<\/li>\n<li>Cl\u0103ti\u021bi bine cu ap\u0103 curat\u0103 pentru a \u00eendep\u0103rta murd\u0103ria desprins\u0103 \u0219i reziduurile de produs.<\/li>\n<li>Repeta\u021bi procesul dac\u0103 este necesar pentru suprafe\u021bele puternic p\u0103tate sau neglijate.<\/li>\n<li>L\u0103sa\u021bi suprafa\u021ba s\u0103 se usuce complet \u00eenainte de a aplica orice tratament de protec\u021bie, cum ar fi un etan\u0219ator sau un hidrofug.<\/li>\n<li>Cur\u0103\u021ba\u021bi uneltele cu ap\u0103 imediat dup\u0103 utilizare.<\/li>\n<li>Depozita\u021bi produsul bine \u00eenchis \u00eentr-un loc r\u0103coros, uscat, ferit de \u00eenghe\u021b \u0219i de lumina direct\u0103 a soarelui. A nu se l\u0103sa la \u00eendem\u00e2na copiilor \u0219i a se respecta precau\u021biile standard de siguran\u021b\u0103 \u00een timpul manipul\u0103rii.<\/li>\n<\/ul>","protected":false},"excerpt":{"rendered":"<p>Restore the warm, natural beauty of your terracotta surfaces with deep and gentle cleaning power. Our terracotta cleaner is specially formulated to remove embedded dirt, stains, grease, and weather-related residues without damaging the delicate structure of terracotta. Over time, terracotta can lose its vibrant color due to dust buildup, organic growth, and environmental exposure. This [&hellip;]<\/p>\n","protected":false},"featured_media":35883,"comment_status":"open","ping_status":"closed","template":"","meta":{"_uag_custom_page_level_css":"","site-sidebar-layout":"default","site-content-layout":"","ast-site-content-layout":"default","site-content-style":"default","site-sidebar-style":"default","ast-global-header-display":"","ast-banner-title-visibility":"","ast-main-header-display":"","ast-hfb-above-header-display":"","ast-hfb-below-header-display":"","ast-hfb-mobile-header-display":"","site-post-title":"","ast-breadcrumbs-content":"","ast-featured-img":"","footer-sml-layout":"","ast-disable-related-posts":"","theme-transparent-header-meta":"default","adv-header-id-meta":"","stick-header-meta":"","header-above-stick-meta":"","header-main-stick-meta":"","header-below-stick-meta":"","astra-migrate-meta-layouts":"set","ast-page-background-enabled":"default","ast-page-background-meta":{"desktop":{"background-color":"var(--ast-global-color-4)","background-image":"","background-repeat":"repeat","background-position":"center center","background-size":"auto","background-attachment":"scroll","background-type":"","background-media":"","overlay-type":"","overlay-color":"","overlay-opacity":"","overlay-gradient":""},"tablet":{"background-color":"","background-image":"","background-repeat":"repeat","background-position":"center center","background-size":"auto","background-attachment":"scroll","background-type":"","background-media":"","overlay-type":"","overlay-color":"","overlay-opacity":"","overlay-gradient":""},"mobile":{"background-color":"","background-image":"","background-repeat":"repeat","background-position":"center center","background-size":"auto","background-attachment":"scroll","background-type":"","background-media":"","overlay-type":"","overlay-color":"","overlay-opacity":"","overlay-gradient":""}},"ast-content-background-meta":{"desktop":{"background-color":"var(--ast-global-color-5)","background-image":"","background-repeat":"repeat","background-position":"center center","background-size":"auto","background-attachment":"scroll","background-type":"","background-media":"","overlay-type":"","overlay-color":"","overlay-opacity":"","overlay-gradient":""},"tablet":{"background-color":"var(--ast-global-color-5)","background-image":"","background-repeat":"repeat","background-position":"center center","background-size":"auto","background-attachment":"scroll","background-type":"","background-media":"","overlay-type":"","overlay-color":"","overlay-opacity":"","overlay-gradient":""},"mobile":{"background-color":"var(--ast-global-color-5)","background-image":"","background-repeat":"repeat","background-position":"center center","background-size":"auto","background-attachment":"scroll","background-type":"","background-media":"","overlay-type":"","overlay-color":"","overlay-opacity":"","overlay-gradient":""}}},"product_brand":[],"product_cat":[175],"product_tag":[],"class_list":{"0":"post-25358","1":"product","2":"type-product","3":"status-publish","4":"has-post-thumbnail","6":"product_cat-cleaning-products","7":"desktop-align-left","8":"tablet-align-left","9":"mobile-align-left","11":"first","12":"instock","13":"sale","14":"taxable","15":"shipping-taxable","16":"purchasable","17":"product-type-variable","18":"has-default-attributes"},"spectra_custom_meta":{"_visibility":["visible"],"_shopify_product_id":["9106518737141"],"_s2w_shopify_domain":["ferberpainting.myshopify.com"],"_shopify_variant_id":["46626219458805"],"_sku":[""],"_manage_stock":["no"],"total_sales":["17"],"_tax_status":["taxable"],"_tax_class":[""],"_backorders":["no"],"_sold_individually":["no"],"_virtual":["no"],"_downloadable":["no"],"_download_limit":["-1"],"_download_expiry":["-1"],"_stock":[null],"_stock_status":["instock"],"_wc_average_rating":["5.00"],"_wc_review_count":["11"],"_product_attributes":["a:1:{s:6:\"volume\";a:6:{s:4:\"name\";s:6:\"Volume\";s:5:\"value\";s:20:\"5 liters | 25 liters\";s:8:\"position\";i:1;s:10:\"is_visible\";i:0;s:12:\"is_variation\";i:1;s:11:\"is_taxonomy\";i:0;}}"],"_product_version":["10.5.1"],"wpse_downloadable_file_names":[""],"wpse_downloadable_file_urls":[""],"_edit_last":["1"],"_default_attributes":["a:1:{s:6:\"volume\";s:8:\"5 liters\";}"],"_edit_lock":["1771241479:1"],"merchant-center-category":["7504"],"_price":["29.90","129.90"],"merchant-center-availability":["yes"],"_thumbnail_id":["35883"],"_wp_page_template":["default"],"_wp_old_date":["2025-05-26"],"_product_image_gallery":["35884"],"site-sidebar-layout":["default"],"ast-site-content-layout":["default"],"site-content-style":["default"],"site-sidebar-style":["default"],"theme-transparent-header-meta":["default"],"_wc_rating_count":["a:1:{i:5;i:11;}"],"astra-migrate-meta-layouts":["set"],"_uag_css_file_name":["uag-css-25358.css"],"_elementor_page_assets":["a:0:{}"],"_uag_page_assets":["a:9:{s:3:\"css\";s:7133:\".uag-blocks-common-selector{z-index:var(--z-index-desktop) !important}@media(max-width: 976px){.uag-blocks-common-selector{z-index:var(--z-index-tablet) !important}}@media(max-width: 767px){.uag-blocks-common-selector{z-index:var(--z-index-mobile) !important}}.wp-block-uagb-image{display:flex}.wp-block-uagb-image__figure{position:relative;display:flex;flex-direction:column;max-width:100%;height:auto;margin:0}.wp-block-uagb-image__figure img{height:auto;display:flex;max-width:100%;transition:box-shadow .2s ease}.wp-block-uagb-image__figure>a{display:inline-block}.wp-block-uagb-image__figure figcaption{text-align:center;margin-top:.5em;margin-bottom:1em}.wp-block-uagb-image .components-placeholder.block-editor-media-placeholder .components-placeholder__instructions{align-self:center}.wp-block-uagb-image--align-left{text-align:left}.wp-block-uagb-image--align-right{text-align:right}.wp-block-uagb-image--align-center{text-align:center}.wp-block-uagb-image--align-full .wp-block-uagb-image__figure{margin-left:calc(50% - 50vw);margin-right:calc(50% - 50vw);max-width:100vw;width:100vw;height:auto}.wp-block-uagb-image--align-full .wp-block-uagb-image__figure img{height:auto;width:100% !important}.wp-block-uagb-image--align-wide .wp-block-uagb-image__figure img{height:auto;width:100%}.wp-block-uagb-image--layout-overlay__color-wrapper{position:absolute;left:0;top:0;right:0;bottom:0;opacity:.2;background:rgba(0,0,0,.5);transition:opacity .35s ease-in-out}.wp-block-uagb-image--layout-overlay-link{position:absolute;left:0;right:0;bottom:0;top:0}.wp-block-uagb-image--layout-overlay .wp-block-uagb-image__figure:hover .wp-block-uagb-image--layout-overlay__color-wrapper{opacity:1}.wp-block-uagb-image--layout-overlay__inner{position:absolute;left:15px;right:15px;bottom:15px;top:15px;display:flex;align-items:center;justify-content:center;flex-direction:column;border-color:#fff;transition:.35s ease-in-out}.wp-block-uagb-image--layout-overlay__inner.top-left,.wp-block-uagb-image--layout-overlay__inner.top-center,.wp-block-uagb-image--layout-overlay__inner.top-right{justify-content:flex-start}.wp-block-uagb-image--layout-overlay__inner.bottom-left,.wp-block-uagb-image--layout-overlay__inner.bottom-center,.wp-block-uagb-image--layout-overlay__inner.bottom-right{justify-content:flex-end}.wp-block-uagb-image--layout-overlay__inner.top-left,.wp-block-uagb-image--layout-overlay__inner.center-left,.wp-block-uagb-image--layout-overlay__inner.bottom-left{align-items:flex-start}.wp-block-uagb-image--layout-overlay__inner.top-right,.wp-block-uagb-image--layout-overlay__inner.center-right,.wp-block-uagb-image--layout-overlay__inner.bottom-right{align-items:flex-end}.wp-block-uagb-image--layout-overlay__inner .uagb-image-heading{color:#fff;transition:transform .35s,opacity .35s ease-in-out;transform:translate3d(0, 24px, 0);margin:0;line-height:1em}.wp-block-uagb-image--layout-overlay__inner .uagb-image-separator{width:30%;border-top-width:2px;border-top-color:#fff;border-top-style:solid;margin-bottom:10px;opacity:0;transition:transform .4s,opacity .4s ease-in-out;transform:translate3d(0, 30px, 0)}.wp-block-uagb-image--layout-overlay__inner .uagb-image-caption{opacity:0;overflow:visible;color:#fff;transition:transform .45s,opacity .45s ease-in-out;transform:translate3d(0, 35px, 0)}.wp-block-uagb-image--layout-overlay__inner:hover .uagb-image-heading,.wp-block-uagb-image--layout-overlay__inner:hover .uagb-image-separator,.wp-block-uagb-image--layout-overlay__inner:hover .uagb-image-caption{opacity:1;transform:translate3d(0, 0, 0)}.wp-block-uagb-image--effect-zoomin .wp-block-uagb-image__figure img,.wp-block-uagb-image--effect-zoomin .wp-block-uagb-image__figure .wp-block-uagb-image--layout-overlay__color-wrapper{transform:scale(1);transition:transform .35s ease-in-out}.wp-block-uagb-image--effect-zoomin .wp-block-uagb-image__figure:hover img,.wp-block-uagb-image--effect-zoomin .wp-block-uagb-image__figure:hover .wp-block-uagb-image--layout-overlay__color-wrapper{transform:scale(1.05)}.wp-block-uagb-image--effect-slide .wp-block-uagb-image__figure img,.wp-block-uagb-image--effect-slide .wp-block-uagb-image__figure .wp-block-uagb-image--layout-overlay__color-wrapper{width:calc(100% + 40px) !important;max-width:none !important;transform:translate3d(-40px, 0, 0);transition:transform .35s ease-in-out}.wp-block-uagb-image--effect-slide .wp-block-uagb-image__figure:hover img,.wp-block-uagb-image--effect-slide .wp-block-uagb-image__figure:hover .wp-block-uagb-image--layout-overlay__color-wrapper{transform:translate3d(0, 0, 0)}.wp-block-uagb-image--effect-grayscale img{filter:grayscale(0%);transition:.35s ease-in-out}.wp-block-uagb-image--effect-grayscale:hover img{filter:grayscale(100%)}.wp-block-uagb-image--effect-blur img{filter:blur(0);transition:.35s ease-in-out}.wp-block-uagb-image--effect-blur:hover img{filter:blur(3px)}.uagb-block-e6f939b3.wp-block-uagb-image--layout-default figure img{box-shadow: 0px 0px 0 #00000070;}.uagb-block-e6f939b3.wp-block-uagb-image .wp-block-uagb-image__figure figcaption{font-style: normal;align-self: center;}.uagb-block-e6f939b3.wp-block-uagb-image--layout-overlay figure img{box-shadow: 0px 0px 0 #00000070;}.uagb-block-e6f939b3.wp-block-uagb-image--layout-overlay .wp-block-uagb-image--layout-overlay__color-wrapper{opacity: 0.2;}.uagb-block-e6f939b3.wp-block-uagb-image--layout-overlay .wp-block-uagb-image--layout-overlay__inner{left: 15px;right: 15px;top: 15px;bottom: 15px;}.uagb-block-e6f939b3.wp-block-uagb-image--layout-overlay .wp-block-uagb-image--layout-overlay__inner .uagb-image-heading{font-style: normal;color: #fff;opacity: 1;}.uagb-block-e6f939b3.wp-block-uagb-image--layout-overlay .wp-block-uagb-image--layout-overlay__inner .uagb-image-heading a{color: #fff;}.uagb-block-e6f939b3.wp-block-uagb-image--layout-overlay .wp-block-uagb-image--layout-overlay__inner .uagb-image-caption{opacity: 0;}.uagb-block-e6f939b3.wp-block-uagb-image--layout-overlay .wp-block-uagb-image__figure:hover .wp-block-uagb-image--layout-overlay__color-wrapper{opacity: 1;}.uagb-block-e6f939b3.wp-block-uagb-image .wp-block-uagb-image--layout-overlay__inner .uagb-image-separator{width: 30%;border-top-width: 2px;border-top-color: #fff;opacity: 0;}.uagb-block-e6f939b3.wp-block-uagb-image .wp-block-uagb-image__figure img{width: px;height: auto;}.uagb-block-e6f939b3.wp-block-uagb-image .wp-block-uagb-image__figure:hover .wp-block-uagb-image--layout-overlay__inner .uagb-image-caption{opacity: 1;}.uagb-block-e6f939b3.wp-block-uagb-image .wp-block-uagb-image__figure:hover .wp-block-uagb-image--layout-overlay__inner .uagb-image-separator{opacity: 1;}.uagb-block-e6f939b3.wp-block-uagb-image--layout-default figure:hover img{box-shadow: 0px 0px 0 #00000070;}.uagb-block-e6f939b3.wp-block-uagb-image--layout-overlay figure:hover img{box-shadow: 0px 0px 0 #00000070;}@media only screen and (max-width: 976px) {.uagb-block-e6f939b3.wp-block-uagb-image .wp-block-uagb-image__figure img{width: px;height: auto;}}@media only screen and (max-width: 767px) {.uagb-block-e6f939b3.wp-block-uagb-image .wp-block-uagb-image__figure img{width: px;height: auto;}}\";s:2:\"js\";s:0:\"\";s:18:\"current_block_list\";a:13:{i:0;s:11:\"core\/search\";i:1;s:10:\"core\/group\";i:2;s:12:\"core\/heading\";i:3;s:17:\"core\/latest-posts\";i:4;s:20:\"core\/latest-comments\";i:5;s:13:\"core\/archives\";i:6;s:15:\"core\/categories\";i:7;s:14:\"core\/paragraph\";i:8;s:10:\"uagb\/image\";i:9;s:11:\"core\/spacer\";i:10;s:30:\"woocommerce\/product-categories\";i:11;s:10:\"core\/image\";i:12;s:14:\"core\/shortcode\";}s:8:\"uag_flag\";b:1;s:11:\"uag_version\";s:10:\"1777228585\";s:6:\"gfonts\";a:0:{}s:10:\"gfonts_url\";s:0:\"\";s:12:\"gfonts_files\";a:0:{}s:14:\"uag_faq_layout\";b:0;}"]},"uagb_featured_image_src":{"full":["https:\/\/www.ferberpainting.com\/wp-content\/uploads\/2025\/05\/Terracotta-Cleaner-5L.png",2560,2560,false],"thumbnail":["https:\/\/www.ferberpainting.com\/wp-content\/uploads\/2025\/05\/Terracotta-Cleaner-5L-150x150.png",150,150,true],"medium":["https:\/\/www.ferberpainting.com\/wp-content\/uploads\/2025\/05\/Terracotta-Cleaner-5L-300x300.png",300,300,true],"medium_large":["https:\/\/www.ferberpainting.com\/wp-content\/uploads\/2025\/05\/Terracotta-Cleaner-5L-768x768.png",768,768,true],"large":["https:\/\/www.ferberpainting.com\/wp-content\/uploads\/2025\/05\/Terracotta-Cleaner-5L-1024x1024.png",1024,1024,true],"1536x1536":["https:\/\/www.ferberpainting.com\/wp-content\/uploads\/2025\/05\/Terracotta-Cleaner-5L-1536x1536.png",1536,1536,true],"2048x2048":["https:\/\/www.ferberpainting.com\/wp-content\/uploads\/2025\/05\/Terracotta-Cleaner-5L-2048x2048.png",2048,2048,true],"trp-custom-language-flag":["https:\/\/www.ferberpainting.com\/wp-content\/uploads\/2025\/05\/Terracotta-Cleaner-5L-12x12.png",12,12,true],"woocommerce_thumbnail":["https:\/\/www.ferberpainting.com\/wp-content\/uploads\/2025\/05\/Terracotta-Cleaner-5L-300x300.png",300,300,true],"woocommerce_single":["https:\/\/www.ferberpainting.com\/wp-content\/uploads\/2025\/05\/Terracotta-Cleaner-5L-600x600.png",600,600,true],"woocommerce_gallery_thumbnail":["https:\/\/www.ferberpainting.com\/wp-content\/uploads\/2025\/05\/Terracotta-Cleaner-5L-100x100.png",100,100,true]},"uagb_author_info":{"display_name":"admin","author_link":"https:\/\/www.ferberpainting.com\/ro\/author\/"},"uagb_comment_info":11,"uagb_excerpt":"Restore the warm, natural beauty of your terracotta surfaces with deep and gentle cleaning power. Our terracotta cleaner is specially formulated to remove embedded dirt, stains, grease, and weather-related residues without damaging the delicate structure of terracotta. Over time, terracotta can lose its vibrant color due to dust buildup, organic growth, and environmental exposure. This&hellip;","_links":{"self":[{"href":"https:\/\/www.ferberpainting.com\/ro\/wp-json\/wp\/v2\/product\/25358","targetHints":{"allow":["GET"]}}],"collection":[{"href":"https:\/\/www.ferberpainting.com\/ro\/wp-json\/wp\/v2\/product"}],"about":[{"href":"https:\/\/www.ferberpainting.com\/ro\/wp-json\/wp\/v2\/types\/product"}],"replies":[{"embeddable":true,"href":"https:\/\/www.ferberpainting.com\/ro\/wp-json\/wp\/v2\/comments?post=25358"}],"version-history":[{"count":4,"href":"https:\/\/www.ferberpainting.com\/ro\/wp-json\/wp\/v2\/product\/25358\/revisions"}],"predecessor-version":[{"id":167376,"href":"https:\/\/www.ferberpainting.com\/ro\/wp-json\/wp\/v2\/product\/25358\/revisions\/167376"}],"wp:featuredmedia":[{"embeddable":true,"href":"https:\/\/www.ferberpainting.com\/ro\/wp-json\/wp\/v2\/media\/35883"}],"wp:attachment":[{"href":"https:\/\/www.ferberpainting.com\/ro\/wp-json\/wp\/v2\/media?parent=25358"}],"wp:term":[{"taxonomy":"product_brand","embeddable":true,"href":"https:\/\/www.ferberpainting.com\/ro\/wp-json\/wp\/v2\/product_brand?post=25358"},{"taxonomy":"product_cat","embeddable":true,"href":"https:\/\/www.ferberpainting.com\/ro\/wp-json\/wp\/v2\/product_cat?post=25358"},{"taxonomy":"product_tag","embeddable":true,"href":"https:\/\/www.ferberpainting.com\/ro\/wp-json\/wp\/v2\/product_tag?post=25358"}],"curies":[{"name":"wp","href":"https:\/\/api.w.org\/{rel}","templated":true}]}}