{"id":25355,"date":"2025-05-26T10:31:09","date_gmt":"2025-05-26T08:31:09","guid":{"rendered":"https:\/\/www.ferberpainting.com\/products\/terrace-water-repellent\/"},"modified":"2026-02-16T12:31:27","modified_gmt":"2026-02-16T11:31:27","slug":"terrace-water-repellent","status":"publish","type":"product","link":"https:\/\/www.ferberpainting.com\/ro\/products\/terrace-water-repellent\/","title":{"rendered":"Hidrofug pentru teras\u0103"},"content":{"rendered":"<p><strong><img decoding=\"async\" style=\"margin-right: 12px;\" src=\"https:\/\/www.ferberpainting.com\/wp-content\/uploads\/2026\/02\/Check.svg\" alt=\"\" width=\"18\" height=\"15\" \/>Ofer\u0103 protec\u021bie impermeabil\u0103 de lung\u0103 durat\u0103 pentru suprafe\u021bele teraselor dvs.<\/strong> Produsul nostru hidrofug pentru terase este special conceput pentru a proteja suprafe\u021bele minerale de exterior \u00eempotriva infiltr\u0103rii apei, deterior\u0103rii cauzate de umiditate \u0219i deterior\u0103rii cauzate de intemperii. Formula avansat\u0103 p\u0103trunde ad\u00e2nc \u00een materialele poroase \u0219i formeaz\u0103 o barier\u0103 hidrofob\u0103 invizibil\u0103 care respinge apa de ploaie, permi\u021b\u00e2nd \u00een acela\u0219i timp suprafe\u021bei s\u0103 respire. Prin prevenirea absorb\u021biei apei, reduce fisurarea, deteriorarea cauzat\u0103 de \u00eenghe\u021b, eflorescen\u021ba \u0219i sl\u0103birea structural\u0103, p\u0103str\u00e2nd at\u00e2t aspectul, c\u00e2t \u0219i durabilitatea terasei dvs. pentru anii urm\u0103tori.<\/p>\n<p><strong><img decoding=\"async\" style=\"margin-right: 12px;\" src=\"https:\/\/www.ferberpainting.com\/wp-content\/uploads\/2026\/02\/Check.svg\" alt=\"\" width=\"18\" height=\"15\" \/>Oferim o garan\u021bie de returnare a banilor pentru \u00eencredere deplin\u0103.<\/strong> Satisfac\u021bia dvs. este prioritatea noastr\u0103 \u0219i sus\u021binem pe deplin performan\u021ba hidrofugului nostru pentru terase. Dac\u0103 nu sunte\u021bi complet mul\u021bumit de rezultate, v\u0103 vom rambursa achizi\u021bia. Aceast\u0103 garan\u021bie de returnare a banilor v\u0103 permite s\u0103 \u00eencerca\u021bi produsul f\u0103r\u0103 riscuri, \u0219tiind c\u0103 investi\u021bia dvs. este protejat\u0103 \u0219i sus\u021binut\u0103 de angajamentul nostru fa\u021b\u0103 de calitate.<\/p>\n<p><strong><img decoding=\"async\" style=\"margin-right: 12px;\" src=\"https:\/\/www.ferberpainting.com\/wp-content\/uploads\/2026\/02\/Check.svg\" alt=\"\" width=\"18\" height=\"15\" \/>Cea mai eficient\u0103 solu\u021bie hidrofug\u0103 de pe pia\u021b\u0103.<\/strong> Formula noastr\u0103 profesional\u0103 ofer\u0103 performan\u021be hidrofobe superioare fa\u021b\u0103 de etan\u0219\u0103rile standard. Aceasta p\u0103trunde ad\u00e2nc \u00een piatr\u0103, beton \u0219i materiale de pavaj pentru a crea o protec\u021bie intern\u0103 durabil\u0103, \u00een loc s\u0103 formeze o pelicul\u0103 superficial\u0103 care se poate desprinde sau fisura. Rezultatul este o rezisten\u021b\u0103 extrem de eficient\u0103 \u0219i de lung\u0103 durat\u0103 la p\u0103trunderea apei, ajut\u00e2nd la prevenirea deterior\u0103rii pe termen lung cauzate de umiditate \u0219i la reducerea frecven\u021bei \u00eentre\u021binerii.<\/p>\n<p><strong><img decoding=\"async\" style=\"margin-right: 12px;\" src=\"https:\/\/www.ferberpainting.com\/wp-content\/uploads\/2026\/02\/Check.svg\" alt=\"\" width=\"18\" height=\"15\" \/>Cel mai ieftin hidrofug profesional disponibil pentru terase.<\/strong> Protec\u021bia de nivel \u00eenalt nu trebuie s\u0103 fie costisitoare. Oferim cele mai competitive pre\u021buri f\u0103r\u0103 a compromite performan\u021ba. Prin optimizarea proceselor de fabrica\u021bie \u0219i distribu\u021bie, oferim protec\u021bie de calitate superioar\u0103 pentru terase la cel mai mic pre\u021b comparativ cu produse similare, oferindu-v\u0103 valoare maxim\u0103 pentru investi\u021bia dumneavoastr\u0103.<\/p>\n<p><strong><img decoding=\"async\" style=\"margin-right: 12px;\" src=\"https:\/\/www.ferberpainting.com\/wp-content\/uploads\/2026\/02\/Check.svg\" alt=\"\" width=\"18\" height=\"15\" \/>Livrare garantat\u0103 \u00een 24 de ore pentru protec\u021bie imediat\u0103.<\/strong> Atunci c\u00e2nd terasa dvs. este expus\u0103 la ploi abundente sau la schimb\u0103ri meteorologice sezoniere, este esen\u021bial s\u0103 ac\u021biona\u021bi rapid. Acesta este motivul pentru care oferim livrare fiabil\u0103 \u00een 24 de ore, asigur\u00e2ndu-ne c\u0103 hidroizolantul dvs. pentru terase ajunge rapid \u0219i este gata de aplicare f\u0103r\u0103 \u00eent\u00e2rziere. Aceast\u0103 livrare rapid\u0103 v\u0103 permite s\u0103 v\u0103 proteja\u021bi suprafe\u021bele prompt \u0219i eficient.<\/p>\n<p><strong><img decoding=\"async\" style=\"margin-right: 12px;\" src=\"https:\/\/www.ferberpainting.com\/wp-content\/uploads\/2026\/02\/Check.svg\" alt=\"\" width=\"18\" height=\"15\" \/>Acoperire eficient\u0103 de 10 m\u00b2 pe litru pentru planificarea precis\u0103 a proiectului.<\/strong> Un litru din hidrofugul nostru pentru terase trateaz\u0103 p\u00e2n\u0103 la 10 metri p\u0103tra\u021bi, \u00een func\u021bie de porozitatea suprafe\u021bei \u0219i de rata de absorb\u021bie. Aceast\u0103 rat\u0103 de acoperire clar\u0103 faciliteaz\u0103 calcularea cantit\u0103\u021bii exacte necesare, asigur\u00e2nd controlul costurilor \u0219i minimiz\u00e2nd de\u0219eurile, oferind \u00een acela\u0219i timp o protec\u021bie uniform\u0103 pe \u00eentreaga suprafa\u021b\u0103 tratat\u0103.<\/p>\n<p><strong><img decoding=\"async\" style=\"margin-right: 12px;\" src=\"https:\/\/www.ferberpainting.com\/wp-content\/uploads\/2026\/02\/Check.svg\" alt=\"\" width=\"18\" height=\"15\" \/>Finisaj invizibil care p\u0103streaz\u0103 aspectul natural al terasei dvs.<\/strong> Formula creeaz\u0103 o barier\u0103 transparent\u0103, care nu formeaz\u0103 pelicul\u0103 \u0219i care nu modific\u0103 culoarea, textura sau caracterul estetic al suprafe\u021bei. Terasa dvs. \u00ee\u0219i p\u0103streaz\u0103 aspectul autentic, beneficiind \u00een acela\u0219i timp de protec\u021bie avansat\u0103 \u00eempotriva umidit\u0103\u021bii, evit\u00e2nd finisajele lucioase sau artificiale.<\/p>\n<p><strong><img decoding=\"async\" style=\"margin-right: 12px;\" src=\"https:\/\/www.ferberpainting.com\/wp-content\/uploads\/2026\/02\/Check.svg\" alt=\"\" width=\"18\" height=\"15\" \/>Reduce deteriorarea cauzat\u0103 de \u00eenghe\u021b, fisurarea \u0219i eflorescen\u021ba.<\/strong> Prin limitarea absorb\u021biei de ap\u0103, produsul reduce semnificativ riscul ciclurilor de \u00eenghe\u021b-dezghe\u021b care provoac\u0103 fisuri \u0219i degradarea suprafe\u021bei. De asemenea, ajut\u0103 la prevenirea depunerilor de sare alb\u0103 cauzate de migrarea umidit\u0103\u021bii, men\u021bin\u00e2nd \u00een timp o suprafa\u021b\u0103 de teras\u0103 mai curat\u0103 \u0219i mai atractiv\u0103.<\/p>\n<p><strong><img decoding=\"async\" style=\"margin-right: 12px;\" src=\"https:\/\/www.ferberpainting.com\/wp-content\/uploads\/2026\/02\/Check.svg\" alt=\"\" width=\"18\" height=\"15\" \/>Potrivit pentru o gam\u0103 larg\u0103 de materiale de exterior.<\/strong> Acest hidrofug versatil poate fi aplicat pe beton, piatr\u0103 natural\u0103, pl\u0103ci de pavaj, c\u0103r\u0103mizi \u0219i alte materiale minerale pentru terase. Se adapteaz\u0103 la diferite texturi \u0219i finisaje, men\u021bin\u00e2nd \u00een acela\u0219i timp integritatea structural\u0103 \u0219i oferind o protec\u021bie constant\u0103.<\/p>\n<p><strong><img decoding=\"async\" style=\"margin-right: 12px;\" src=\"https:\/\/www.ferberpainting.com\/wp-content\/uploads\/2026\/02\/Check.svg\" alt=\"\" width=\"18\" height=\"15\" \/>Aplicare u\u0219oar\u0103 pentru profesioni\u0219ti \u0219i proprietari de locuin\u021be.<\/strong> Conceput pentru o utilizare convenabil\u0103, hidrofugul pentru terase poate fi aplicat cu o pensul\u0103, o rol\u0103 sau un pulverizator cu presiune redus\u0103. Consisten\u021ba neted\u0103, u\u0219or de \u00eempr\u0103\u0219tiat, asigur\u0103 o penetrare uniform\u0103 \u0219i o acoperire eficient\u0103, f\u0103c\u00e2ndu-l potrivit at\u00e2t pentru terasele reziden\u021biale mici, c\u00e2t \u0219i pentru spa\u021biile comerciale exterioare mari.<\/p>\n<h2><strong>Instruc\u021biuni<\/strong><\/h2>\n<ul>\n<li>\u00cenainte de aplicare, asigura\u021bi-v\u0103 c\u0103 suprafa\u021ba terasei este curat\u0103, uscat\u0103 \u0219i lipsit\u0103 de praf, murd\u0103rie, mu\u0219chi, alge, gr\u0103simi sau acoperiri anterioare.<\/li>\n<li>L\u0103sa\u021bi suprafe\u021bele proasp\u0103t cur\u0103\u021bate s\u0103 se usuce complet, deoarece umezeala poate reduce penetrarea \u0219i eficien\u021ba.<\/li>\n<li>Agita\u021bi sau amesteca\u021bi bine produsul \u00eenainte de utilizare pentru a asigura o compozi\u021bie uniform\u0103.<\/li>\n<li>Testa\u021bi produsul pe o suprafa\u021b\u0103 mic\u0103, pu\u021bin vizibil\u0103, pentru a confirma compatibilitatea \u0219i pentru a verifica dac\u0103 aspectul r\u0103m\u00e2ne neschimbat.<\/li>\n<li>Aplica\u021bi uniform hidroizolantul folosind o pensul\u0103, o rol\u0103 sau un pulverizator de joas\u0103 presiune, asigur\u00e2ndu-v\u0103 c\u0103 suprafa\u021ba este saturat\u0103 uniform, f\u0103r\u0103 a crea b\u0103l\u021bi.<\/li>\n<li>Doza recomandat\u0103 este de aproximativ 100 ml pe metru p\u0103trat, deoarece un litru trateaz\u0103 p\u00e2n\u0103 la 10 m\u00b2. Suprafe\u021bele foarte poroase pot necesita un consum u\u0219or mai mare.<\/li>\n<li>Aplica\u021bi un singur strat uniform pentru protec\u021bie standard. Pentru materialele foarte poroase, se poate aplica un al doilea strat umed pe umed \u00een timp ce primul strat este \u00eenc\u0103 absorbant.<\/li>\n<li>Evita\u021bi aplicarea \u00een timpul ploii, v\u00e2ntului puternic sau atunci c\u00e2nd se a\u0219teapt\u0103 ploaie \u00een termen de 24 de ore de la tratament.<\/li>\n<li>L\u0103sa\u021bi suprafa\u021ba tratat\u0103 s\u0103 se usuce timp de cel pu\u021bin 24 de ore \u00eenainte de a o expune ploii abundente sau traficului pietonal.<\/li>\n<li>Cur\u0103\u021ba\u021bi uneltele imediat dup\u0103 utilizare \u00een conformitate cu recomand\u0103rile de cur\u0103\u021bare ale produsului.<\/li>\n<li>Pentru o protec\u021bie optim\u0103 pe termen lung, inspecta\u021bi periodic suprafa\u021ba \u0219i reaplica\u021bi atunci c\u00e2nd apa nu mai formeaz\u0103 perle pe suprafa\u021b\u0103.<\/li>\n<li>Depozita\u021bi produsul bine \u00eenchis \u00eentr-un loc r\u0103coros, uscat, ferit de \u00eenghe\u021b \u0219i de lumina direct\u0103 a soarelui. A nu se l\u0103sa la \u00eendem\u00e2na copiilor \u0219i a se respecta precau\u021biile standard de siguran\u021b\u0103 \u00een timpul manipul\u0103rii \u0219i aplic\u0103rii.<\/li>\n<\/ul>","protected":false},"excerpt":{"rendered":"<p>Provide long-lasting waterproof protection for your terrace surfaces. Our terrace water repellent is specially designed to protect outdoor mineral surfaces against water infiltration, moisture damage, and weather-related deterioration. The advanced formula penetrates deeply into porous materials and forms an invisible hydrophobic barrier that repels rainwater while allowing the surface to breathe. By preventing water absorption, [&hellip;]<\/p>\n","protected":false},"featured_media":27206,"comment_status":"open","ping_status":"closed","template":"","meta":{"_uag_custom_page_level_css":"","site-sidebar-layout":"default","site-content-layout":"","ast-site-content-layout":"default","site-content-style":"default","site-sidebar-style":"default","ast-global-header-display":"","ast-banner-title-visibility":"","ast-main-header-display":"","ast-hfb-above-header-display":"","ast-hfb-below-header-display":"","ast-hfb-mobile-header-display":"","site-post-title":"","ast-breadcrumbs-content":"","ast-featured-img":"","footer-sml-layout":"","ast-disable-related-posts":"","theme-transparent-header-meta":"default","adv-header-id-meta":"","stick-header-meta":"","header-above-stick-meta":"","header-main-stick-meta":"","header-below-stick-meta":"","astra-migrate-meta-layouts":"set","ast-page-background-enabled":"default","ast-page-background-meta":{"desktop":{"background-color":"var(--ast-global-color-4)","background-image":"","background-repeat":"repeat","background-position":"center center","background-size":"auto","background-attachment":"scroll","background-type":"","background-media":"","overlay-type":"","overlay-color":"","overlay-opacity":"","overlay-gradient":""},"tablet":{"background-color":"","background-image":"","background-repeat":"repeat","background-position":"center center","background-size":"auto","background-attachment":"scroll","background-type":"","background-media":"","overlay-type":"","overlay-color":"","overlay-opacity":"","overlay-gradient":""},"mobile":{"background-color":"","background-image":"","background-repeat":"repeat","background-position":"center center","background-size":"auto","background-attachment":"scroll","background-type":"","background-media":"","overlay-type":"","overlay-color":"","overlay-opacity":"","overlay-gradient":""}},"ast-content-background-meta":{"desktop":{"background-color":"var(--ast-global-color-5)","background-image":"","background-repeat":"repeat","background-position":"center center","background-size":"auto","background-attachment":"scroll","background-type":"","background-media":"","overlay-type":"","overlay-color":"","overlay-opacity":"","overlay-gradient":""},"tablet":{"background-color":"var(--ast-global-color-5)","background-image":"","background-repeat":"repeat","background-position":"center center","background-size":"auto","background-attachment":"scroll","background-type":"","background-media":"","overlay-type":"","overlay-color":"","overlay-opacity":"","overlay-gradient":""},"mobile":{"background-color":"var(--ast-global-color-5)","background-image":"","background-repeat":"repeat","background-position":"center center","background-size":"auto","background-attachment":"scroll","background-type":"","background-media":"","overlay-type":"","overlay-color":"","overlay-opacity":"","overlay-gradient":""}}},"product_brand":[],"product_cat":[191],"product_tag":[],"class_list":{"0":"post-25355","1":"product","2":"type-product","3":"status-publish","4":"has-post-thumbnail","6":"product_cat-water-repellent","7":"desktop-align-left","8":"tablet-align-left","9":"mobile-align-left","11":"first","12":"instock","13":"sale","14":"shipping-taxable","15":"purchasable","16":"product-type-variable","17":"has-default-attributes"},"spectra_custom_meta":{"_visibility":["visible"],"_shopify_product_id":["8051449168117"],"_s2w_shopify_domain":["ferberpainting.myshopify.com"],"_shopify_variant_id":["43849350676725"],"_sku":[""],"_manage_stock":["no"],"total_sales":["197"],"_tax_status":["taxable"],"_tax_class":[""],"_backorders":["no"],"_sold_individually":["no"],"_virtual":["no"],"_downloadable":["no"],"_download_limit":["-1"],"_download_expiry":["-1"],"_stock":[null],"_stock_status":["instock"],"_wc_average_rating":["5.00"],"_wc_review_count":["72"],"_product_attributes":["a:1:{s:6:\"volume\";a:6:{s:4:\"name\";s:6:\"Volume\";s:5:\"value\";s:20:\"5 liters | 25 liters\";s:8:\"position\";i:1;s:10:\"is_visible\";i:0;s:12:\"is_variation\";i:1;s:11:\"is_taxonomy\";i:0;}}"],"_product_version":["10.5.1"],"_thumbnail_id":["27206"],"_price":["29.90","129.90"],"_product_image_gallery":["27207"],"merchant-center-availability":["yes"],"merchant-center-category":["503744"],"merchant-center-id":["HT5L"],"wpse_downloadable_file_names":[""],"wpse_downloadable_file_urls":[""],"_edit_last":["1"],"_default_attributes":["a:1:{s:6:\"volume\";s:8:\"5 liters\";}"],"_wc_rating_count":["a:1:{i:5;i:72;}"],"_edit_lock":["1773040218:5317"],"_wp_page_template":["default"],"site-sidebar-layout":["default"],"ast-site-content-layout":["default"],"site-content-style":["default"],"site-sidebar-style":["default"],"theme-transparent-header-meta":["default"],"astra-migrate-meta-layouts":["set"],"_uag_css_file_name":["uag-css-25355.css"],"_elementor_page_assets":["a:0:{}"],"_uag_page_assets":["a:9:{s:3:\"css\";s:7133:\".uag-blocks-common-selector{z-index:var(--z-index-desktop) !important}@media(max-width: 976px){.uag-blocks-common-selector{z-index:var(--z-index-tablet) !important}}@media(max-width: 767px){.uag-blocks-common-selector{z-index:var(--z-index-mobile) !important}}.wp-block-uagb-image{display:flex}.wp-block-uagb-image__figure{position:relative;display:flex;flex-direction:column;max-width:100%;height:auto;margin:0}.wp-block-uagb-image__figure img{height:auto;display:flex;max-width:100%;transition:box-shadow .2s ease}.wp-block-uagb-image__figure>a{display:inline-block}.wp-block-uagb-image__figure figcaption{text-align:center;margin-top:.5em;margin-bottom:1em}.wp-block-uagb-image .components-placeholder.block-editor-media-placeholder .components-placeholder__instructions{align-self:center}.wp-block-uagb-image--align-left{text-align:left}.wp-block-uagb-image--align-right{text-align:right}.wp-block-uagb-image--align-center{text-align:center}.wp-block-uagb-image--align-full .wp-block-uagb-image__figure{margin-left:calc(50% - 50vw);margin-right:calc(50% - 50vw);max-width:100vw;width:100vw;height:auto}.wp-block-uagb-image--align-full .wp-block-uagb-image__figure img{height:auto;width:100% !important}.wp-block-uagb-image--align-wide .wp-block-uagb-image__figure img{height:auto;width:100%}.wp-block-uagb-image--layout-overlay__color-wrapper{position:absolute;left:0;top:0;right:0;bottom:0;opacity:.2;background:rgba(0,0,0,.5);transition:opacity .35s ease-in-out}.wp-block-uagb-image--layout-overlay-link{position:absolute;left:0;right:0;bottom:0;top:0}.wp-block-uagb-image--layout-overlay .wp-block-uagb-image__figure:hover .wp-block-uagb-image--layout-overlay__color-wrapper{opacity:1}.wp-block-uagb-image--layout-overlay__inner{position:absolute;left:15px;right:15px;bottom:15px;top:15px;display:flex;align-items:center;justify-content:center;flex-direction:column;border-color:#fff;transition:.35s ease-in-out}.wp-block-uagb-image--layout-overlay__inner.top-left,.wp-block-uagb-image--layout-overlay__inner.top-center,.wp-block-uagb-image--layout-overlay__inner.top-right{justify-content:flex-start}.wp-block-uagb-image--layout-overlay__inner.bottom-left,.wp-block-uagb-image--layout-overlay__inner.bottom-center,.wp-block-uagb-image--layout-overlay__inner.bottom-right{justify-content:flex-end}.wp-block-uagb-image--layout-overlay__inner.top-left,.wp-block-uagb-image--layout-overlay__inner.center-left,.wp-block-uagb-image--layout-overlay__inner.bottom-left{align-items:flex-start}.wp-block-uagb-image--layout-overlay__inner.top-right,.wp-block-uagb-image--layout-overlay__inner.center-right,.wp-block-uagb-image--layout-overlay__inner.bottom-right{align-items:flex-end}.wp-block-uagb-image--layout-overlay__inner .uagb-image-heading{color:#fff;transition:transform .35s,opacity .35s ease-in-out;transform:translate3d(0, 24px, 0);margin:0;line-height:1em}.wp-block-uagb-image--layout-overlay__inner .uagb-image-separator{width:30%;border-top-width:2px;border-top-color:#fff;border-top-style:solid;margin-bottom:10px;opacity:0;transition:transform .4s,opacity .4s ease-in-out;transform:translate3d(0, 30px, 0)}.wp-block-uagb-image--layout-overlay__inner .uagb-image-caption{opacity:0;overflow:visible;color:#fff;transition:transform .45s,opacity .45s ease-in-out;transform:translate3d(0, 35px, 0)}.wp-block-uagb-image--layout-overlay__inner:hover .uagb-image-heading,.wp-block-uagb-image--layout-overlay__inner:hover .uagb-image-separator,.wp-block-uagb-image--layout-overlay__inner:hover .uagb-image-caption{opacity:1;transform:translate3d(0, 0, 0)}.wp-block-uagb-image--effect-zoomin .wp-block-uagb-image__figure img,.wp-block-uagb-image--effect-zoomin .wp-block-uagb-image__figure .wp-block-uagb-image--layout-overlay__color-wrapper{transform:scale(1);transition:transform .35s ease-in-out}.wp-block-uagb-image--effect-zoomin .wp-block-uagb-image__figure:hover img,.wp-block-uagb-image--effect-zoomin .wp-block-uagb-image__figure:hover .wp-block-uagb-image--layout-overlay__color-wrapper{transform:scale(1.05)}.wp-block-uagb-image--effect-slide .wp-block-uagb-image__figure img,.wp-block-uagb-image--effect-slide .wp-block-uagb-image__figure .wp-block-uagb-image--layout-overlay__color-wrapper{width:calc(100% + 40px) !important;max-width:none !important;transform:translate3d(-40px, 0, 0);transition:transform .35s ease-in-out}.wp-block-uagb-image--effect-slide .wp-block-uagb-image__figure:hover img,.wp-block-uagb-image--effect-slide .wp-block-uagb-image__figure:hover .wp-block-uagb-image--layout-overlay__color-wrapper{transform:translate3d(0, 0, 0)}.wp-block-uagb-image--effect-grayscale img{filter:grayscale(0%);transition:.35s ease-in-out}.wp-block-uagb-image--effect-grayscale:hover img{filter:grayscale(100%)}.wp-block-uagb-image--effect-blur img{filter:blur(0);transition:.35s ease-in-out}.wp-block-uagb-image--effect-blur:hover img{filter:blur(3px)}.uagb-block-e6f939b3.wp-block-uagb-image--layout-default figure img{box-shadow: 0px 0px 0 #00000070;}.uagb-block-e6f939b3.wp-block-uagb-image .wp-block-uagb-image__figure figcaption{font-style: normal;align-self: center;}.uagb-block-e6f939b3.wp-block-uagb-image--layout-overlay figure img{box-shadow: 0px 0px 0 #00000070;}.uagb-block-e6f939b3.wp-block-uagb-image--layout-overlay .wp-block-uagb-image--layout-overlay__color-wrapper{opacity: 0.2;}.uagb-block-e6f939b3.wp-block-uagb-image--layout-overlay .wp-block-uagb-image--layout-overlay__inner{left: 15px;right: 15px;top: 15px;bottom: 15px;}.uagb-block-e6f939b3.wp-block-uagb-image--layout-overlay .wp-block-uagb-image--layout-overlay__inner .uagb-image-heading{font-style: normal;color: #fff;opacity: 1;}.uagb-block-e6f939b3.wp-block-uagb-image--layout-overlay .wp-block-uagb-image--layout-overlay__inner .uagb-image-heading a{color: #fff;}.uagb-block-e6f939b3.wp-block-uagb-image--layout-overlay .wp-block-uagb-image--layout-overlay__inner .uagb-image-caption{opacity: 0;}.uagb-block-e6f939b3.wp-block-uagb-image--layout-overlay .wp-block-uagb-image__figure:hover .wp-block-uagb-image--layout-overlay__color-wrapper{opacity: 1;}.uagb-block-e6f939b3.wp-block-uagb-image .wp-block-uagb-image--layout-overlay__inner .uagb-image-separator{width: 30%;border-top-width: 2px;border-top-color: #fff;opacity: 0;}.uagb-block-e6f939b3.wp-block-uagb-image .wp-block-uagb-image__figure img{width: px;height: auto;}.uagb-block-e6f939b3.wp-block-uagb-image .wp-block-uagb-image__figure:hover .wp-block-uagb-image--layout-overlay__inner .uagb-image-caption{opacity: 1;}.uagb-block-e6f939b3.wp-block-uagb-image .wp-block-uagb-image__figure:hover .wp-block-uagb-image--layout-overlay__inner .uagb-image-separator{opacity: 1;}.uagb-block-e6f939b3.wp-block-uagb-image--layout-default figure:hover img{box-shadow: 0px 0px 0 #00000070;}.uagb-block-e6f939b3.wp-block-uagb-image--layout-overlay figure:hover img{box-shadow: 0px 0px 0 #00000070;}@media only screen and (max-width: 976px) {.uagb-block-e6f939b3.wp-block-uagb-image .wp-block-uagb-image__figure img{width: px;height: auto;}}@media only screen and (max-width: 767px) {.uagb-block-e6f939b3.wp-block-uagb-image .wp-block-uagb-image__figure img{width: px;height: auto;}}\";s:2:\"js\";s:0:\"\";s:18:\"current_block_list\";a:13:{i:0;s:11:\"core\/search\";i:1;s:10:\"core\/group\";i:2;s:12:\"core\/heading\";i:3;s:17:\"core\/latest-posts\";i:4;s:20:\"core\/latest-comments\";i:5;s:13:\"core\/archives\";i:6;s:15:\"core\/categories\";i:7;s:14:\"core\/paragraph\";i:8;s:10:\"uagb\/image\";i:9;s:11:\"core\/spacer\";i:10;s:30:\"woocommerce\/product-categories\";i:11;s:10:\"core\/image\";i:12;s:14:\"core\/shortcode\";}s:8:\"uag_flag\";b:1;s:11:\"uag_version\";s:10:\"1777113172\";s:6:\"gfonts\";a:0:{}s:10:\"gfonts_url\";s:0:\"\";s:12:\"gfonts_files\";a:0:{}s:14:\"uag_faq_layout\";b:0;}"]},"uagb_featured_image_src":{"full":["https:\/\/www.ferberpainting.com\/wp-content\/uploads\/2025\/05\/Terrace_Water_Repellent_5L.jpg",2560,2560,false],"thumbnail":["https:\/\/www.ferberpainting.com\/wp-content\/uploads\/2025\/05\/Terrace_Water_Repellent_5L-150x150.jpg",150,150,true],"medium":["https:\/\/www.ferberpainting.com\/wp-content\/uploads\/2025\/05\/Terrace_Water_Repellent_5L-300x300.jpg",300,300,true],"medium_large":["https:\/\/www.ferberpainting.com\/wp-content\/uploads\/2025\/05\/Terrace_Water_Repellent_5L-768x768.jpg",768,768,true],"large":["https:\/\/www.ferberpainting.com\/wp-content\/uploads\/2025\/05\/Terrace_Water_Repellent_5L-1024x1024.jpg",1024,1024,true],"1536x1536":["https:\/\/www.ferberpainting.com\/wp-content\/uploads\/2025\/05\/Terrace_Water_Repellent_5L-1536x1536.jpg",1536,1536,true],"2048x2048":["https:\/\/www.ferberpainting.com\/wp-content\/uploads\/2025\/05\/Terrace_Water_Repellent_5L-2048x2048.jpg",2048,2048,true],"trp-custom-language-flag":["https:\/\/www.ferberpainting.com\/wp-content\/uploads\/2025\/05\/Terrace_Water_Repellent_5L-12x12.jpg",12,12,true],"woocommerce_thumbnail":["https:\/\/www.ferberpainting.com\/wp-content\/uploads\/2025\/05\/Terrace_Water_Repellent_5L-300x300.jpg",300,300,true],"woocommerce_single":["https:\/\/www.ferberpainting.com\/wp-content\/uploads\/2025\/05\/Terrace_Water_Repellent_5L-600x600.jpg",600,600,true],"woocommerce_gallery_thumbnail":["https:\/\/www.ferberpainting.com\/wp-content\/uploads\/2025\/05\/Terrace_Water_Repellent_5L-100x100.jpg",100,100,true]},"uagb_author_info":{"display_name":"admin","author_link":"https:\/\/www.ferberpainting.com\/ro\/author\/"},"uagb_comment_info":72,"uagb_excerpt":"Provide long-lasting waterproof protection for your terrace surfaces. Our terrace water repellent is specially designed to protect outdoor mineral surfaces against water infiltration, moisture damage, and weather-related deterioration. The advanced formula penetrates deeply into porous materials and forms an invisible hydrophobic barrier that repels rainwater while allowing the surface to breathe. By preventing water absorption,&hellip;","_links":{"self":[{"href":"https:\/\/www.ferberpainting.com\/ro\/wp-json\/wp\/v2\/product\/25355","targetHints":{"allow":["GET"]}}],"collection":[{"href":"https:\/\/www.ferberpainting.com\/ro\/wp-json\/wp\/v2\/product"}],"about":[{"href":"https:\/\/www.ferberpainting.com\/ro\/wp-json\/wp\/v2\/types\/product"}],"replies":[{"embeddable":true,"href":"https:\/\/www.ferberpainting.com\/ro\/wp-json\/wp\/v2\/comments?post=25355"}],"version-history":[{"count":2,"href":"https:\/\/www.ferberpainting.com\/ro\/wp-json\/wp\/v2\/product\/25355\/revisions"}],"predecessor-version":[{"id":167374,"href":"https:\/\/www.ferberpainting.com\/ro\/wp-json\/wp\/v2\/product\/25355\/revisions\/167374"}],"wp:featuredmedia":[{"embeddable":true,"href":"https:\/\/www.ferberpainting.com\/ro\/wp-json\/wp\/v2\/media\/27206"}],"wp:attachment":[{"href":"https:\/\/www.ferberpainting.com\/ro\/wp-json\/wp\/v2\/media?parent=25355"}],"wp:term":[{"taxonomy":"product_brand","embeddable":true,"href":"https:\/\/www.ferberpainting.com\/ro\/wp-json\/wp\/v2\/product_brand?post=25355"},{"taxonomy":"product_cat","embeddable":true,"href":"https:\/\/www.ferberpainting.com\/ro\/wp-json\/wp\/v2\/product_cat?post=25355"},{"taxonomy":"product_tag","embeddable":true,"href":"https:\/\/www.ferberpainting.com\/ro\/wp-json\/wp\/v2\/product_tag?post=25355"}],"curies":[{"name":"wp","href":"https:\/\/api.w.org\/{rel}","templated":true}]}}