{"id":25328,"date":"2025-05-26T10:30:52","date_gmt":"2025-05-26T08:30:52","guid":{"rendered":"https:\/\/www.ferberpainting.com\/products\/strawberry-fertilizer\/"},"modified":"2026-02-16T12:04:18","modified_gmt":"2026-02-16T11:04:18","slug":"strawberry-fertilizer","status":"publish","type":"product","link":"https:\/\/www.ferberpainting.com\/ro\/products\/strawberry-fertilizer\/","title":{"rendered":"\u00cengr\u0103\u0219\u0103m\u00e2nt pentru c\u0103p\u0219uni 25 kg"},"content":{"rendered":"<p><strong><img decoding=\"async\" style=\"margin-right: 12px;\" src=\"https:\/\/www.ferberpainting.com\/wp-content\/uploads\/2026\/02\/Check.svg\" alt=\"\" width=\"18\" height=\"15\" \/>Un \u00eengr\u0103\u0219\u0103m\u00e2nt complet pentru o cre\u0219tere viguroas\u0103 \u0219i o produc\u021bie abundent\u0103 de c\u0103p\u0219uni. <\/strong>Acest \u00eengr\u0103\u0219\u0103m\u00e2nt este special formulat pentru a oferi plantelor de c\u0103p\u0219uni toate substan\u021bele nutritive esen\u021biale pentru o dezvoltare s\u0103n\u0103toas\u0103 \u0219i producerea de fructe dulci \u0219i aromate. Datorit\u0103 compozi\u021biei sale echilibrate NPK 10-10-10, acesta furnizeaz\u0103 azot (N) necesar pentru cre\u0219terea frunzelor \u0219i a tulpinilor, fosfor (P) pentru a favoriza \u00eenr\u0103d\u0103cinarea puternic\u0103 \u0219i \u00eenflorirea abundent\u0103 \u0219i potasiu (K) pentru a stimula fructificarea \u0219i a \u00eembun\u0103t\u0103\u021bi calitatea c\u0103p\u0219unilor. Prin asigurarea unui aport regulat \u0219i complet de nutrien\u021bi, acest \u00eengr\u0103\u0219\u0103m\u00e2nt garanteaz\u0103 s\u0103n\u0103tatea plantelor de c\u0103p\u0219uni \u0219i o recolt\u0103 generoas\u0103 pe tot parcursul sezonului.<\/p>\n<p><strong><img decoding=\"async\" style=\"margin-right: 12px;\" src=\"https:\/\/www.ferberpainting.com\/wp-content\/uploads\/2026\/02\/Check.svg\" alt=\"\" width=\"18\" height=\"15\" \/>Garan\u021bie de restituire a banilor.<\/strong>\u00a0Suntem at\u00e2t de \u00eencrez\u0103tori \u00een eficien\u021ba \u00eengr\u0103\u0219\u0103m\u00e2ntului nostru pentru c\u0103p\u0219uni \u00eenc\u00e2t oferim o garan\u021bie de returnare a banilor. Dac\u0103, dup\u0103 utilizarea \u00een conformitate cu recomand\u0103rile, plantele dvs. de c\u0103p\u0219uni nu prezint\u0103 nicio \u00eembun\u0103t\u0103\u021bire vizibil\u0103 \u00een ceea ce prive\u0219te cre\u0219terea, \u00eenflorirea sau fructificarea, promitem s\u0103 v\u0103 ramburs\u0103m integral achizi\u021bia. \u00cel pute\u021bi cump\u0103ra \u0219i \u00eencerca cu deplin\u0103 \u00eencredere.<\/p>\n<p><strong><img decoding=\"async\" style=\"margin-right: 12px;\" src=\"https:\/\/www.ferberpainting.com\/wp-content\/uploads\/2026\/02\/Check.svg\" alt=\"\" width=\"18\" height=\"15\" \/>Potrivit pentru toate soiurile de c\u0103p\u0219uni \u0219i pentru diferite condi\u021bii de cre\u0219tere.<\/strong>\u00a0Acest \u00eengr\u0103\u0219\u0103m\u00e2nt este ideal pentru toate soiurile de c\u0103p\u0219uni, fie c\u0103 sunt ve\u0219nic roditoare sau nu, fie c\u0103 sunt soiuri tradi\u021bionale sau hibride. Este la fel de potrivit pentru c\u0103p\u0219unile cultivate \u00een teren deschis, ghivece, sere, acesta oferind o solu\u021bie universal\u0103 pentru toate tipurile de sol. Func\u021bioneaz\u0103 pe o mare varietate de substraturi, inclusiv nisipoase, argiloase, bogate \u00een humus sau soluri specifice c\u0103p\u0219unilor.<\/p>\n<p><strong><img decoding=\"async\" style=\"margin-right: 12px;\" src=\"https:\/\/www.ferberpainting.com\/wp-content\/uploads\/2026\/02\/Check.svg\" alt=\"\" width=\"18\" height=\"15\" \/>Randament rentabil \u0219i fertilizare de lung\u0103 durat\u0103.<\/strong>\u00a0Datorit\u0103 formulei sale, acest \u00eengr\u0103\u0219\u0103m\u00e2nt \u00ee\u0219i elibereaz\u0103 treptat nutrien\u021bii \u00een sol, asigur\u00e2nd o fertilizare eficient\u0103 \u0219i de lung\u0103 durat\u0103. Un sac de 25 kg poate fertiliza p\u00e2n\u0103 la 125 de plante de c\u0103p\u0219uni, cu o aplicare recomandat\u0103 de 200 g per plant\u0103 de c\u0103p\u0219uni. Acest randament optimizat asigur\u0103 o nutri\u021bie complet\u0103 timp de mai multe s\u0103pt\u0103m\u00e2ni, f\u0103r\u0103 a fi nevoie de ad\u0103ugiri frecvente, reduc\u00e2nd volumul de munc\u0103 al gr\u0103dinarului \u0219i asigur\u00e2nd \u00een acela\u0219i timp o produc\u021bie constant\u0103 de c\u0103p\u0219uni.<\/p>\n<p><strong><img decoding=\"async\" style=\"margin-right: 12px;\" src=\"https:\/\/www.ferberpainting.com\/wp-content\/uploads\/2026\/02\/Check.svg\" alt=\"\" width=\"18\" height=\"15\" \/>\u00cengr\u0103\u0219\u0103m\u00e2nt sigur \u0219i ecologic.<\/strong>\u00a0Acest \u00eengr\u0103\u0219\u0103m\u00e2nt este formulat f\u0103r\u0103 substan\u021be chimice agresive \u0219i f\u0103r\u0103 riscuri pentru fauna s\u0103lbatic\u0103 \u0219i flora \u00eenconjur\u0103toare. Respect\u0103 echilibrul natural al solului \u0219i promoveaz\u0103 dezvoltarea microflorei benefice care \u00eembun\u0103t\u0103\u021be\u0219te absorb\u021bia nutrien\u021bilor de c\u0103tre r\u0103d\u0103cini. Nu prezint\u0103 niciun pericol pentru animalele de companie sau copii, asigur\u00e2nd o fertilizare sigur\u0103 pentru gr\u0103dina sau legumele dumneavoastr\u0103.<\/p>\n<p><strong><img decoding=\"async\" style=\"margin-right: 12px;\" src=\"https:\/\/www.ferberpainting.com\/wp-content\/uploads\/2026\/02\/Check.svg\" alt=\"\" width=\"18\" height=\"15\" \/>U\u0219or de aplicat \u0219i fertilizat f\u0103r\u0103 efort.<\/strong>\u00a0Spre deosebire de \u00eengr\u0103\u0219\u0103mintele lichide care necesit\u0103 diluare \u0219i aplicare frecvent\u0103, acest \u00eengr\u0103\u0219\u0103m\u00e2nt se aplic\u0103 direct pe sol, f\u0103r\u0103 preg\u0103tire prealabil\u0103. Pur \u0219i simplu \u00eempr\u0103\u0219tia\u021bi-l la baza plantelor de c\u0103p\u0219uni \u0219i \u00eencorpora\u021bi-l u\u0219or \u00een sol pentru a asigura o eliberare treptat\u0103 a nutrien\u021bilor. Metoda sa de aplicare simpl\u0103 \u0219i rapid\u0103 permite tuturor gr\u0103dinarilor, chiar \u0219i \u00eencep\u0103torilor, s\u0103 creasc\u0103 plante de c\u0103p\u0219uni s\u0103n\u0103toase f\u0103r\u0103 efort.<\/p>\n<p><strong><img decoding=\"async\" style=\"margin-right: 12px;\" src=\"https:\/\/www.ferberpainting.com\/wp-content\/uploads\/2026\/02\/Check.svg\" alt=\"\" width=\"18\" height=\"15\" \/>Ac\u021biune extins\u0103 pentru o recolt\u0103 abundent\u0103 \u0219i continu\u0103.<\/strong>\u00a0Datorit\u0103 efectului s\u0103u de lung\u0103 durat\u0103, acest fertilizator v\u0103 hr\u0103ne\u0219te c\u0103p\u0219unile timp de mai multe s\u0103pt\u0103m\u00e2ni, stimul\u00e2nd cre\u0219terea acestora \u0219i favoriz\u00e2nd formarea multor fructe dulci \u0219i aromate. De asemenea, ajut\u0103 la \u00eent\u0103rirea rezisten\u021bei plantelor de c\u0103p\u0219uni la boli comune, cum ar fi oidioza, mucegaiul pufos sau mucegaiul cenu\u0219iu, toate acestea cresc\u00e2nd \u00een acela\u0219i timp toleran\u021ba lor la varia\u021biile climatice.<\/p>\n<p><strong><img decoding=\"async\" style=\"margin-right: 12px;\" src=\"https:\/\/www.ferberpainting.com\/wp-content\/uploads\/2026\/02\/Check.svg\" alt=\"\" width=\"18\" height=\"15\" \/>Rezultate vizibile din primele s\u0103pt\u0103m\u00e2ni.<\/strong>\u00a0Din momentul \u00een care este aplicat, acest \u00eengr\u0103\u0219\u0103m\u00e2nt stimuleaz\u0103 formarea de frunze noi, intensific\u0103 \u00eenflorirea \u0219i favorizeaz\u0103 apari\u021bia a numeroase flori \u0219i fructe. \u00cen doar c\u00e2teva s\u0103pt\u0103m\u00e2ni, c\u0103p\u0219unile dvs. devin mai s\u0103n\u0103toase, mai productive \u0219i produc fructe mai abundente, suculente \u0219i dulci.<\/p>\n<h2><strong>Protocol de utilizare<\/strong><\/h2>\n<p><strong>Perioada de aplicare :<\/strong> Se aplic\u0103 de trei ori pe an, la \u00eenceputul sezonului (martie-aprilie) pentru a stimula cre\u0219terea, la \u00eenceputul \u00eenfloririi (mai-iunie) pentru a stimula produc\u021bia de fructe \u0219i dup\u0103 recoltare (septembrie) pentru a \u00eent\u0103ri plantele \u00eenainte de iarn\u0103.<\/p>\n<p><strong>Doza recomandat\u0103 :<\/strong> Distribui\u021bi 200 g de \u00eengr\u0103\u0219\u0103m\u00e2nt pentru fiecare plant\u0103 de c\u0103p\u0219uni, adic\u0103 aproximativ o m\u00e2n\u0103 bine umplut\u0103, ajust\u00e2nd u\u0219or cantitatea \u00een func\u021bie de m\u0103rimea \u0219i vigoarea plantelor.<\/p>\n<p><strong>Metoda de aplicare :<\/strong><\/p>\n<ul>\n<li><strong>R\u0103sp\u00e2ndirea solului :<\/strong> R\u0103sp\u00e2ndi\u021bi \u00eengr\u0103\u0219\u0103m\u00e2ntul \u00eentr-un cerc \u00een jurul bazei fiec\u0103rei plante de c\u0103p\u0219uni, la aproximativ 10-15 cm de baz\u0103, pentru a evita contactul direct cu r\u0103d\u0103cinile \u0219i a favoriza absorb\u021bia treptat\u0103.<\/li>\n<li><strong>Incorporarea luminii :<\/strong> Folosind o grebl\u0103 sau o ghear\u0103, \u00eengropa\u021bi u\u0219or \u00eengr\u0103\u0219\u0103m\u00e2ntul la suprafa\u021ba solului (la o ad\u00e2ncime de 2 p\u00e2n\u0103 la 5 cm) pentru a \u00eembun\u0103t\u0103\u021bi integrarea \u0219i pentru a preveni sp\u0103larea acestuia de c\u0103tre udare.<\/li>\n<\/ul>\n<p><strong>Udarea dup\u0103 aplicare :<\/strong> Uda\u021bi abundent dup\u0103 \u00eempr\u0103\u0219tiere pentru a activa eliberarea nutrien\u021bilor \u0219i a asigura absorb\u021bia optim\u0103 a r\u0103d\u0103cinilor.<\/p>\n<p><strong>\u00centre\u021binere \u0219i monitorizare :<\/strong> \u00cen timpul perioadei de produc\u021bie, monitoriza\u021bi umiditatea solului \u0219i men\u021bine\u021bi udarea regulat\u0103 pentru a optimiza eficacitatea \u00eengr\u0103\u0219\u0103m\u00e2ntului \u0219i pentru a evita stresul hidric care ar putea afecta produc\u021bia de c\u0103p\u0219uni.<\/p>\n<p><strong>Precau\u021bii de utilizare :<\/strong> Nu supradoza\u021bi \u00eengr\u0103\u0219\u0103m\u00e2ntul pentru a evita excesul de azot, care ar putea duce la cre\u0219terea excesiv\u0103 a frunzelor \u00een detrimentul produc\u021biei de fructe. Nu aplica\u021bi pe sol \u00eenghe\u021bat sau \u00een timpul secetei extreme f\u0103r\u0103 udare suplimentar\u0103.<\/p>\n<p><strong>Depozitare \u0219i conservare :<\/strong> Depozita\u021bi \u00eengr\u0103\u0219\u0103m\u00e2ntul \u00eentr-un loc uscat, r\u0103coros, ferit de umezeal\u0103 \u0219i de lumina soarelui. Resigila\u021bi bine punga dup\u0103 fiecare utilizare pentru a p\u0103stra calitatea produsului \u0219i a preveni deteriorarea.<\/p>\n<p>Cu acest fertilizator pentru c\u0103p\u0219uni, oferi\u021bi plantelor dumneavoastr\u0103 o nutri\u021bie complet\u0103 \u0219i perfect adaptat\u0103 nevoilor lor specifice, garant\u00e2nd o cre\u0219tere viguroas\u0103, o \u00eenflorire abundent\u0103 \u0219i o recolt\u0103 excep\u021bional\u0103 de c\u0103p\u0219uni aromate. Este solu\u021bia ideal\u0103 pentru plante de c\u0103p\u0219uni s\u0103n\u0103toase \u0219i o gr\u0103din\u0103 generoas\u0103 pe tot parcursul sezonului.<\/p>","protected":false},"excerpt":{"rendered":"<p>A complete fertilizer for vigorous growth and abundant strawberry production. This fertilizer is specially formulated to provide strawberry plants with all the essential nutrients for healthy development and the production of sweet and flavorful fruits. Thanks to its balanced composition NPK 10-10-10, it provides nitrogen (N) necessary for the growth of foliage and stems, phosphorus [&hellip;]<\/p>\n","protected":false},"featured_media":27192,"comment_status":"open","ping_status":"closed","template":"","meta":{"_uag_custom_page_level_css":"","site-sidebar-layout":"default","site-content-layout":"","ast-site-content-layout":"default","site-content-style":"default","site-sidebar-style":"default","ast-global-header-display":"","ast-banner-title-visibility":"","ast-main-header-display":"","ast-hfb-above-header-display":"","ast-hfb-below-header-display":"","ast-hfb-mobile-header-display":"","site-post-title":"","ast-breadcrumbs-content":"","ast-featured-img":"","footer-sml-layout":"","ast-disable-related-posts":"","theme-transparent-header-meta":"default","adv-header-id-meta":"","stick-header-meta":"","header-above-stick-meta":"","header-main-stick-meta":"","header-below-stick-meta":"","astra-migrate-meta-layouts":"set","ast-page-background-enabled":"default","ast-page-background-meta":{"desktop":{"background-color":"var(--ast-global-color-4)","background-image":"","background-repeat":"repeat","background-position":"center center","background-size":"auto","background-attachment":"scroll","background-type":"","background-media":"","overlay-type":"","overlay-color":"","overlay-opacity":"","overlay-gradient":""},"tablet":{"background-color":"","background-image":"","background-repeat":"repeat","background-position":"center center","background-size":"auto","background-attachment":"scroll","background-type":"","background-media":"","overlay-type":"","overlay-color":"","overlay-opacity":"","overlay-gradient":""},"mobile":{"background-color":"","background-image":"","background-repeat":"repeat","background-position":"center center","background-size":"auto","background-attachment":"scroll","background-type":"","background-media":"","overlay-type":"","overlay-color":"","overlay-opacity":"","overlay-gradient":""}},"ast-content-background-meta":{"desktop":{"background-color":"var(--ast-global-color-5)","background-image":"","background-repeat":"repeat","background-position":"center center","background-size":"auto","background-attachment":"scroll","background-type":"","background-media":"","overlay-type":"","overlay-color":"","overlay-opacity":"","overlay-gradient":""},"tablet":{"background-color":"var(--ast-global-color-5)","background-image":"","background-repeat":"repeat","background-position":"center center","background-size":"auto","background-attachment":"scroll","background-type":"","background-media":"","overlay-type":"","overlay-color":"","overlay-opacity":"","overlay-gradient":""},"mobile":{"background-color":"var(--ast-global-color-5)","background-image":"","background-repeat":"repeat","background-position":"center center","background-size":"auto","background-attachment":"scroll","background-type":"","background-media":"","overlay-type":"","overlay-color":"","overlay-opacity":"","overlay-gradient":""}}},"product_brand":[],"product_cat":[178],"product_tag":[],"class_list":{"0":"post-25328","1":"product","2":"type-product","3":"status-publish","4":"has-post-thumbnail","6":"product_cat-fertilizers","7":"desktop-align-left","8":"tablet-align-left","9":"mobile-align-left","11":"first","12":"instock","13":"taxable","14":"shipping-taxable","15":"purchasable","16":"product-type-simple"},"spectra_custom_meta":{"_visibility":["visible"],"_shopify_product_id":["9066746446069"],"_s2w_shopify_domain":["ferberpainting.myshopify.com"],"_shopify_variant_id":["46504761852149"],"_sku":["FPSTRAWBERRYFERTILIZER25KG"],"_regular_price":["39.90"],"_price":["39.90"],"_sale_price":[""],"_weight":["18.5"],"_thumbnail_id":["27192"],"_global_unique_id":["5056773817265"],"total_sales":["3"],"_tax_status":["taxable"],"_tax_class":[""],"_manage_stock":["no"],"_backorders":["no"],"_sold_individually":["no"],"_virtual":["no"],"_downloadable":["no"],"_download_limit":["-1"],"_download_expiry":["-1"],"_stock":[null],"_stock_status":["instock"],"_wc_average_rating":["4.75"],"_wc_review_count":["4"],"_product_version":["10.5.1"],"_wc_rating_count":["a:2:{i:4;i:1;i:5;i:3;}"],"_edit_lock":["1771239758:1"],"_edit_last":["1"],"_wp_page_template":["default"],"site-sidebar-layout":["default"],"ast-site-content-layout":["default"],"site-content-style":["default"],"site-sidebar-style":["default"],"theme-transparent-header-meta":["default"],"astra-migrate-meta-layouts":["set"],"_uag_css_file_name":["uag-css-25328.css"],"_elementor_page_assets":["a:0:{}"]},"uagb_featured_image_src":{"full":["https:\/\/www.ferberpainting.com\/wp-content\/uploads\/2025\/05\/StrawberryFertilizer25kg.png",2560,2560,false],"thumbnail":["https:\/\/www.ferberpainting.com\/wp-content\/uploads\/2025\/05\/StrawberryFertilizer25kg-150x150.png",150,150,true],"medium":["https:\/\/www.ferberpainting.com\/wp-content\/uploads\/2025\/05\/StrawberryFertilizer25kg-300x300.png",300,300,true],"medium_large":["https:\/\/www.ferberpainting.com\/wp-content\/uploads\/2025\/05\/StrawberryFertilizer25kg-768x768.png",768,768,true],"large":["https:\/\/www.ferberpainting.com\/wp-content\/uploads\/2025\/05\/StrawberryFertilizer25kg-1024x1024.png",1024,1024,true],"1536x1536":["https:\/\/www.ferberpainting.com\/wp-content\/uploads\/2025\/05\/StrawberryFertilizer25kg-1536x1536.png",1536,1536,true],"2048x2048":["https:\/\/www.ferberpainting.com\/wp-content\/uploads\/2025\/05\/StrawberryFertilizer25kg-2048x2048.png",2048,2048,true],"trp-custom-language-flag":["https:\/\/www.ferberpainting.com\/wp-content\/uploads\/2025\/05\/StrawberryFertilizer25kg-12x12.png",12,12,true],"woocommerce_thumbnail":["https:\/\/www.ferberpainting.com\/wp-content\/uploads\/2025\/05\/StrawberryFertilizer25kg-300x300.png",300,300,true],"woocommerce_single":["https:\/\/www.ferberpainting.com\/wp-content\/uploads\/2025\/05\/StrawberryFertilizer25kg-600x600.png",600,600,true],"woocommerce_gallery_thumbnail":["https:\/\/www.ferberpainting.com\/wp-content\/uploads\/2025\/05\/StrawberryFertilizer25kg-100x100.png",100,100,true]},"uagb_author_info":{"display_name":"admin","author_link":"https:\/\/www.ferberpainting.com\/ro\/author\/"},"uagb_comment_info":4,"uagb_excerpt":"A complete fertilizer for vigorous growth and abundant strawberry production. This fertilizer is specially formulated to provide strawberry plants with all the essential nutrients for healthy development and the production of sweet and flavorful fruits. Thanks to its balanced composition NPK 10-10-10, it provides nitrogen (N) necessary for the growth of foliage and stems, phosphorus&hellip;","_links":{"self":[{"href":"https:\/\/www.ferberpainting.com\/ro\/wp-json\/wp\/v2\/product\/25328","targetHints":{"allow":["GET"]}}],"collection":[{"href":"https:\/\/www.ferberpainting.com\/ro\/wp-json\/wp\/v2\/product"}],"about":[{"href":"https:\/\/www.ferberpainting.com\/ro\/wp-json\/wp\/v2\/types\/product"}],"replies":[{"embeddable":true,"href":"https:\/\/www.ferberpainting.com\/ro\/wp-json\/wp\/v2\/comments?post=25328"}],"version-history":[{"count":4,"href":"https:\/\/www.ferberpainting.com\/ro\/wp-json\/wp\/v2\/product\/25328\/revisions"}],"predecessor-version":[{"id":167348,"href":"https:\/\/www.ferberpainting.com\/ro\/wp-json\/wp\/v2\/product\/25328\/revisions\/167348"}],"wp:featuredmedia":[{"embeddable":true,"href":"https:\/\/www.ferberpainting.com\/ro\/wp-json\/wp\/v2\/media\/27192"}],"wp:attachment":[{"href":"https:\/\/www.ferberpainting.com\/ro\/wp-json\/wp\/v2\/media?parent=25328"}],"wp:term":[{"taxonomy":"product_brand","embeddable":true,"href":"https:\/\/www.ferberpainting.com\/ro\/wp-json\/wp\/v2\/product_brand?post=25328"},{"taxonomy":"product_cat","embeddable":true,"href":"https:\/\/www.ferberpainting.com\/ro\/wp-json\/wp\/v2\/product_cat?post=25328"},{"taxonomy":"product_tag","embeddable":true,"href":"https:\/\/www.ferberpainting.com\/ro\/wp-json\/wp\/v2\/product_tag?post=25328"}],"curies":[{"name":"wp","href":"https:\/\/api.w.org\/{rel}","templated":true}]}}