{"id":25287,"date":"2025-06-18T09:29:11","date_gmt":"2025-06-18T07:29:11","guid":{"rendered":"https:\/\/www.ferberpainting.com\/?post_type=product&#038;p=25287"},"modified":"2026-02-16T10:32:28","modified_gmt":"2026-02-16T09:32:28","slug":"shoe-water-repellent","status":"publish","type":"product","link":"https:\/\/www.ferberpainting.com\/ro\/products\/shoe-water-repellent\/","title":{"rendered":"Hidrofug pentru \u00eenc\u0103l\u021b\u0103minte"},"content":{"rendered":"<p><strong><img decoding=\"async\" style=\"margin-right: 12px;\" src=\"https:\/\/www.ferberpainting.com\/wp-content\/uploads\/2026\/02\/Check.svg\" alt=\"\" width=\"18\" height=\"15\" \/>Protec\u021bie eficient\u0103 \u00eempotriva umezelii \u0219i a petelor.<\/strong>\u00a0Acest hidroizolant pentru pantofi este solu\u021bia ideal\u0103 pentru a v\u0103 proteja pantofii de intemperii, umiditate, noroi \u0219i pete. Indiferent dac\u0103 pantofii dvs. sunt din piele, p\u00e2nz\u0103, piele \u00eentoars\u0103 sau nubuc, acest produs formeaz\u0103 o barier\u0103 invizibil\u0103 care \u00eempiedic\u0103 p\u0103trunderea apei, permi\u021b\u00e2nd \u00een acela\u0219i timp materialului s\u0103 respire. V\u0103 men\u021bine picioarele uscate chiar \u0219i \u00een timpul ploii \u0219i previne apari\u021bia petelor de ap\u0103 \u0219i a petelor care ar putea altera aspectul pantofilor dvs. Pantofii dvs. r\u0103m\u00e2n ca noi, proteja\u021bi \u0219i preg\u0103ti\u021bi s\u0103 fac\u0103 fa\u021b\u0103 tuturor condi\u021biilor meteorologice.<\/p>\n<p><strong><img decoding=\"async\" style=\"margin-right: 12px;\" src=\"https:\/\/www.ferberpainting.com\/wp-content\/uploads\/2026\/02\/Check.svg\" alt=\"\" width=\"18\" height=\"15\" \/>Garan\u021bie de restituire a banilor.<\/strong>\u00a0Suntem \u00eencrez\u0103tori \u00een eficien\u021ba produsului nostru, motiv pentru care oferim o garan\u021bie de satisfac\u021bie sau de returnare a banilor. Dac\u0103, din orice motiv, nu sunte\u021bi complet mul\u021bumit de rezultatele produsului nostru de impermeabilizare a pantofilor, pute\u021bi solicita o rambursare complet\u0103. Aceast\u0103 garan\u021bie v\u0103 permite s\u0103 cump\u0103ra\u021bi cu lini\u0219te sufleteasc\u0103, \u0219tiind c\u0103 v\u0103 pute\u021bi primi banii \u00eenapoi dac\u0103 produsul nu v\u0103 satisface a\u0219tept\u0103rile.<\/p>\n<p><strong><img decoding=\"async\" style=\"margin-right: 12px;\" src=\"https:\/\/www.ferberpainting.com\/wp-content\/uploads\/2026\/02\/Check.svg\" alt=\"\" width=\"18\" height=\"15\" \/>Versatil pentru diverse materiale.<\/strong>\u00a0Acest impermeabilizator pentru pantofi este foarte versatil \u0219i func\u021bioneaz\u0103 pe o gam\u0103 larg\u0103 de materiale. Este ideal pentru piele, p\u00e2nz\u0103, piele \u00eentoars\u0103, nubuc \u0219i materiale sintetice. Poate fi folosit \u0219i pe gen\u021bi, paltoane, m\u0103nu\u0219i \u0219i alte accesorii fabricate din aceste materiale. Indiferent dac\u0103 pantofii dvs. sunt sport, elegan\u021bi sau adida\u0219i casual din p\u00e2nz\u0103, acest produs ofer\u0103 protec\u021bie fiabil\u0103 \u0219i durabil\u0103 \u00eempotriva umezelii \u0219i petelor.<\/p>\n<p><strong><img decoding=\"async\" style=\"margin-right: 12px;\" src=\"https:\/\/www.ferberpainting.com\/wp-content\/uploads\/2026\/02\/Check.svg\" alt=\"\" width=\"18\" height=\"15\" \/>Rentabil.<\/strong>\u00a0Acest produs este extrem de economic de utilizat. Cu un recipient de 5 litri, pute\u021bi trata un num\u0103r mare de pantofi. \u00cen medie, un litru de hidroizolant poate trata p\u00e2n\u0103 la 50 de perechi de pantofi, \u00een func\u021bie de cantitatea utilizat\u0103 \u0219i de tipul de material. Acest randament ridicat face din hidroizolantul pentru \u00eenc\u0103l\u021b\u0103minte o solu\u021bie rentabil\u0103 \u0219i pe termen lung, oferind protec\u021bie prelungit\u0103 f\u0103r\u0103 reaplicare frecvent\u0103.<\/p>\n<p><strong><img decoding=\"async\" style=\"margin-right: 12px;\" src=\"https:\/\/www.ferberpainting.com\/wp-content\/uploads\/2026\/02\/Check.svg\" alt=\"\" width=\"18\" height=\"15\" \/>Sigur \u0219i prietenos cu materialele.<\/strong>\u00a0Acest hidroizolant pentru pantofi este formulat pentru a fi sigur at\u00e2t pentru dvs. c\u00e2t \u0219i pentru pantofi. Este fabricat din ingrediente bl\u00e2nde care nu vor altera culoarea sau textura materialului \u0219i nici nu vor deteriora suprafa\u021ba. De asemenea, este lipsit de substan\u021be chimice d\u0103un\u0103toare, ceea ce \u00eel face sigur pentru uz casnic. Pute\u021bi aplica acest produs cu \u00eencredere, \u0219tiind c\u0103 nu va d\u0103una s\u0103n\u0103t\u0103\u021bii dumneavoastr\u0103 sau pantofilor dumneavoastr\u0103.<\/p>\n<p><strong><img decoding=\"async\" style=\"margin-right: 12px;\" src=\"https:\/\/www.ferberpainting.com\/wp-content\/uploads\/2026\/02\/Check.svg\" alt=\"\" width=\"18\" height=\"15\" \/>U\u0219or de utilizat.<\/strong>\u00a0Aplicarea hidroizolantului pentru \u00eenc\u0103l\u021b\u0103minte este simpl\u0103 \u0219i rapid\u0103. Gata de utilizare, nu necesit\u0103 diluare sau preg\u0103tire complicat\u0103. Trebuie doar s\u0103 pulveriza\u021bi produsul uniform pe suprafa\u021ba pantofilor, av\u00e2nd grij\u0103 s\u0103 acoperi\u021bi toate zonele expuse la umezeal\u0103. Hidroizolantul se \u00eentinde u\u0219or \u0219i p\u0103trunde rapid \u00een material, form\u00e2nd o protec\u021bie invizibil\u0103. \u00cen doar c\u00e2\u021biva pa\u0219i simpli, pantofii dvs. sunt gata s\u0103 \u00eenfrunte ploaia sau z\u0103pada.<\/p>\n<p><strong><img decoding=\"async\" style=\"margin-right: 12px;\" src=\"https:\/\/www.ferberpainting.com\/wp-content\/uploads\/2026\/02\/Check.svg\" alt=\"\" width=\"18\" height=\"15\" \/>Protec\u021bie durabil\u0103.<\/strong>\u00a0Impermeabilizatorul pentru pantofi asigur\u0103 o protec\u021bie de lung\u0103 durat\u0103. Odat\u0103 aplicat, formeaz\u0103 o barier\u0103 rezistent\u0103 care respinge apa \u0219i petele, chiar \u0219i dup\u0103 mai multe sp\u0103l\u0103ri. Nu va trebui s\u0103 reaplica\u021bi dup\u0103 fiecare sp\u0103lare sau plimbare \u00een ploaie. Protec\u021bia dureaz\u0103 c\u00e2teva luni, ajut\u00e2ndu-v\u0103 s\u0103 v\u0103 p\u0103stra\u021bi pantofii \u00een stare perfect\u0103, f\u0103r\u0103 s\u0103 v\u0103 face\u021bi griji cu privire la umiditate sau murd\u0103rie. Acest produs este o solu\u021bie durabil\u0103 pentru a v\u0103 proteja pantofii.<\/p>\n<p><strong><img decoding=\"async\" style=\"margin-right: 12px;\" src=\"https:\/\/www.ferberpainting.com\/wp-content\/uploads\/2026\/02\/Check.svg\" alt=\"\" width=\"18\" height=\"15\" \/>Ac\u021biune rapid\u0103.<\/strong>\u00a0Acest produs func\u021bioneaz\u0103 rapid. Dup\u0103 aplicare, se usuc\u0103 \u00een aproximativ 1 p\u00e2n\u0103 la 2 ore la temperatura camerei, \u00een func\u021bie de condi\u021biile meteorologice \u0219i de tipul de material. Aceasta \u00eenseamn\u0103 c\u0103 v\u0103 pute\u021bi purta din nou pantofii rapid, f\u0103r\u0103 s\u0103 a\u0219tepta\u021bi ore \u00eentregi. Odat\u0103 uscat\u0103, protec\u021bia este imediat activ\u0103. Nu este nevoie s\u0103 a\u0219tepta\u021bi ore \u00eentregi pentru ca produsul s\u0103 ac\u021bioneze - dup\u0103 un timp scurt de uscare, pantofii dvs. sunt complet proteja\u021bi.<\/p>\n<h2><strong>Protocol de utilizare<\/strong><\/h2>\n<ul>\n<li><strong>Preg\u0103tirea suprafe\u021bei <\/strong>: \u00cenainte de a aplica hidroizolantul pentru pantofi, asigura\u021bi-v\u0103 c\u0103 pantofii sunt cura\u021bi \u0219i usca\u021bi. \u00cendep\u0103rta\u021bi orice murd\u0103rie sau praf cu o c\u00e2rp\u0103 moale sau o perie. Dac\u0103 pantofii dvs. sunt foarte murdari, este recomandat s\u0103 \u00eei cur\u0103\u021ba\u021bi \u00eenainte de a aplica produsul. Aplicarea pe o suprafa\u021b\u0103 curat\u0103 permite o aderen\u021b\u0103 mai bun\u0103 \u0219i o protec\u021bie mai eficient\u0103.<\/li>\n<li><strong>Aplicarea produsului <\/strong>: Agita\u021bi bine flaconul \u00eenainte de utilizare. Aplica\u021bi produsul la aproximativ 20 cm distan\u021b\u0103 de suprafa\u021ba pantofului. Pulveriza\u021bi un strat uniform \u0219i u\u0219or pe \u00eentreaga suprafa\u021b\u0103 a pantofului, concentr\u00e2ndu-v\u0103 asupra zonelor expuse \u00een mod special la umiditate, cum ar fi cus\u0103turile \u0219i t\u0103lpile. Evita\u021bi suprasaturarea materialelor - aplica\u021bi un strat sub\u021bire \u0219i uniform. Dac\u0103 aplica\u021bi pe piele de c\u0103prioar\u0103 sau nubuc, evita\u021bi supraumezirea \u021bes\u0103turii pentru a preveni apari\u021bia unor urme vizibile.<\/li>\n<li><strong>Acoperire uniform\u0103 <\/strong>: Dac\u0103 este necesar, utiliza\u021bi o c\u00e2rp\u0103 curat\u0103 \u0219i moale pentru a netezi produsul pentru o distribu\u021bie uniform\u0103, \u00een special \u00een zonele neatinse de spray. Acest lucru ajut\u0103 la ob\u021binerea unei acoperiri uniforme \u0219i a unei protec\u021bii eficiente pe \u00eentreaga suprafa\u021b\u0103 a pantofului.<\/li>\n<li><strong>Timp de uscare <\/strong>: L\u0103sa\u021bi pantofii s\u0103 se usuce timp de aproximativ 1 p\u00e2n\u0103 la 2 ore la temperatura camerei \u0219i umiditate ambiant\u0103. Nu purta\u021bi pantofii \u00een timpul usc\u0103rii pentru a evita compromiterea protec\u021biei. Dac\u0103 este posibil, a\u0219eza\u021bi pantofii \u00eentr-o \u00eenc\u0103pere bine ventilat\u0103.<\/li>\n<li><strong>Reaplicare <\/strong>: \u00cen func\u021bie de utilizare, pute\u021bi aplica un al doilea strat pentru a \u00eent\u0103ri protec\u021bia, \u00een special dac\u0103 pantofii dvs. sunt expu\u0219i frecvent la condi\u021bii umede sau murdare. Asigura\u021bi-v\u0103 c\u0103 primul strat este complet uscat \u00eenainte de aplicarea celui de-al doilea.<\/li>\n<li><strong>\u00cengrijire ulterioar\u0103 <\/strong>: Dup\u0103 aplicare, v\u0103 pute\u021bi cur\u0103\u021ba pantofii \u00een mod normal, f\u0103r\u0103 a \u00eendep\u0103rta protec\u021bia. Totu\u0219i, evita\u021bi s\u0103 freca\u021bi prea energic pe zonele tratate. Dac\u0103 este necesar, reaplica\u021bi hidroizolantul la fiecare 6 luni pentru a men\u021bine eficacitatea sau mai frecvent, \u00een func\u021bie de intensitatea utiliz\u0103rii.<\/li>\n<\/ul>\n<p>Impermeabilizatorul de pantofi este un produs simplu, rapid \u0219i economic pentru a prelungi durata de via\u021b\u0103 a pantofilor dvs. men\u021bin\u00e2ndu-le \u00een acela\u0219i timp aspectul. Datorit\u0103 u\u0219urin\u021bei de aplicare \u0219i formulei sale de lung\u0103 durat\u0103, acesta devine un aliat esen\u021bial pentru orice posesor de pantofi, fie c\u0103 sunt din piele, piele \u00eentoars\u0103, p\u00e2nz\u0103 sau materiale sintetice. Nu l\u0103sa\u021bi umiditatea \u0219i petele s\u0103 v\u0103 distrug\u0103 pantofii, proteja\u021bi-i cu solu\u021bia noastr\u0103 puternic\u0103 \u0219i invizibil\u0103 de impermeabilizare.<\/p>","protected":false},"excerpt":{"rendered":"<p>Effective Protection Against Moisture and Stains.\u00a0This shoe waterproofer is the ideal solution to protect your shoes from the elements, humidity, mud, and stains. Whether your shoes are made of leather, canvas, suede, or nubuck, this product forms an invisible barrier that prevents water from penetrating while allowing the material to breathe. It keeps your feet [&hellip;]<\/p>\n","protected":false},"featured_media":30017,"comment_status":"open","ping_status":"closed","template":"","meta":{"_uag_custom_page_level_css":"","site-sidebar-layout":"default","site-content-layout":"","ast-site-content-layout":"default","site-content-style":"default","site-sidebar-style":"default","ast-global-header-display":"","ast-banner-title-visibility":"","ast-main-header-display":"","ast-hfb-above-header-display":"","ast-hfb-below-header-display":"","ast-hfb-mobile-header-display":"","site-post-title":"","ast-breadcrumbs-content":"","ast-featured-img":"","footer-sml-layout":"","ast-disable-related-posts":"","theme-transparent-header-meta":"default","adv-header-id-meta":"","stick-header-meta":"","header-above-stick-meta":"","header-main-stick-meta":"","header-below-stick-meta":"","astra-migrate-meta-layouts":"set","ast-page-background-enabled":"default","ast-page-background-meta":{"desktop":{"background-color":"var(--ast-global-color-4)","background-image":"","background-repeat":"repeat","background-position":"center center","background-size":"auto","background-attachment":"scroll","background-type":"","background-media":"","overlay-type":"","overlay-color":"","overlay-opacity":"","overlay-gradient":""},"tablet":{"background-color":"","background-image":"","background-repeat":"repeat","background-position":"center center","background-size":"auto","background-attachment":"scroll","background-type":"","background-media":"","overlay-type":"","overlay-color":"","overlay-opacity":"","overlay-gradient":""},"mobile":{"background-color":"","background-image":"","background-repeat":"repeat","background-position":"center center","background-size":"auto","background-attachment":"scroll","background-type":"","background-media":"","overlay-type":"","overlay-color":"","overlay-opacity":"","overlay-gradient":""}},"ast-content-background-meta":{"desktop":{"background-color":"var(--ast-global-color-5)","background-image":"","background-repeat":"repeat","background-position":"center center","background-size":"auto","background-attachment":"scroll","background-type":"","background-media":"","overlay-type":"","overlay-color":"","overlay-opacity":"","overlay-gradient":""},"tablet":{"background-color":"var(--ast-global-color-5)","background-image":"","background-repeat":"repeat","background-position":"center center","background-size":"auto","background-attachment":"scroll","background-type":"","background-media":"","overlay-type":"","overlay-color":"","overlay-opacity":"","overlay-gradient":""},"mobile":{"background-color":"var(--ast-global-color-5)","background-image":"","background-repeat":"repeat","background-position":"center center","background-size":"auto","background-attachment":"scroll","background-type":"","background-media":"","overlay-type":"","overlay-color":"","overlay-opacity":"","overlay-gradient":""}}},"product_brand":[],"product_cat":[191],"product_tag":[],"class_list":{"0":"post-25287","1":"product","2":"type-product","3":"status-publish","4":"has-post-thumbnail","6":"product_cat-water-repellent","7":"desktop-align-left","8":"tablet-align-left","9":"mobile-align-left","11":"first","12":"instock","13":"sale","14":"taxable","15":"shipping-taxable","16":"purchasable","17":"product-type-variable","18":"has-default-attributes"},"spectra_custom_meta":{"_visibility":["visible"],"_shopify_product_id":["9106574082293"],"_s2w_shopify_domain":["ferberpainting.myshopify.com"],"_shopify_variant_id":["46626284634357"],"_sku":[""],"_manage_stock":["no"],"total_sales":["33"],"_tax_status":["taxable"],"_tax_class":[""],"_backorders":["no"],"_sold_individually":["no"],"_virtual":["no"],"_downloadable":["no"],"_download_limit":["-1"],"_download_expiry":["-1"],"_stock":[null],"_stock_status":["instock"],"_wc_average_rating":["5.00"],"_wc_review_count":["10"],"_product_attributes":["a:1:{s:6:\"volume\";a:6:{s:4:\"name\";s:6:\"Volume\";s:5:\"value\";s:20:\"5 liters | 25 liters\";s:8:\"position\";i:1;s:10:\"is_visible\";i:0;s:12:\"is_variation\";i:1;s:11:\"is_taxonomy\";i:0;}}"],"_product_version":["10.5.1"],"wpse_downloadable_file_names":[""],"wpse_downloadable_file_urls":[""],"_edit_last":["1"],"_default_attributes":["a:1:{s:6:\"volume\";s:8:\"5 liters\";}"],"_edit_lock":["1771234208:1"],"_thumbnail_id":["30017"],"_wp_page_template":["default"],"_wp_old_date":["2025-05-26"],"_product_image_gallery":["30018"],"site-sidebar-layout":["default"],"ast-site-content-layout":["default"],"site-content-style":["default"],"site-sidebar-style":["default"],"theme-transparent-header-meta":["default"],"merchant-center-availability":["yes"],"merchant-center-category":["5604"],"_price":["29.90","129.90"],"_wc_rating_count":["a:1:{i:5;i:10;}"],"astra-migrate-meta-layouts":["set"],"_uag_css_file_name":["uag-css-25287.css"],"_elementor_page_assets":["a:0:{}"],"_uag_page_assets":["a:9:{s:3:\"css\";s:6873:\".wp-block-uagb-image{display:flex}.wp-block-uagb-image__figure{position:relative;display:flex;flex-direction:column;max-width:100%;height:auto;margin:0}.wp-block-uagb-image__figure img{height:auto;display:flex;max-width:100%;transition:box-shadow .2s ease}.wp-block-uagb-image__figure>a{display:inline-block}.wp-block-uagb-image__figure figcaption{text-align:center;margin-top:.5em;margin-bottom:1em}.wp-block-uagb-image .components-placeholder.block-editor-media-placeholder .components-placeholder__instructions{align-self:center}.wp-block-uagb-image--align-left{text-align:left}.wp-block-uagb-image--align-right{text-align:right}.wp-block-uagb-image--align-center{text-align:center}.wp-block-uagb-image--align-full .wp-block-uagb-image__figure{margin-left:calc(50% - 50vw);margin-right:calc(50% - 50vw);max-width:100vw;width:100vw;height:auto}.wp-block-uagb-image--align-full .wp-block-uagb-image__figure img{height:auto;width:100% !important}.wp-block-uagb-image--align-wide .wp-block-uagb-image__figure img{height:auto;width:100%}.wp-block-uagb-image--layout-overlay__color-wrapper{position:absolute;left:0;top:0;right:0;bottom:0;opacity:.2;background:rgba(0,0,0,.5);transition:opacity .35s ease-in-out}.wp-block-uagb-image--layout-overlay-link{position:absolute;left:0;right:0;bottom:0;top:0}.wp-block-uagb-image--layout-overlay .wp-block-uagb-image__figure:hover .wp-block-uagb-image--layout-overlay__color-wrapper{opacity:1}.wp-block-uagb-image--layout-overlay__inner{position:absolute;left:15px;right:15px;bottom:15px;top:15px;display:flex;align-items:center;justify-content:center;flex-direction:column;border-color:#fff;transition:.35s ease-in-out}.wp-block-uagb-image--layout-overlay__inner.top-left,.wp-block-uagb-image--layout-overlay__inner.top-center,.wp-block-uagb-image--layout-overlay__inner.top-right{justify-content:flex-start}.wp-block-uagb-image--layout-overlay__inner.bottom-left,.wp-block-uagb-image--layout-overlay__inner.bottom-center,.wp-block-uagb-image--layout-overlay__inner.bottom-right{justify-content:flex-end}.wp-block-uagb-image--layout-overlay__inner.top-left,.wp-block-uagb-image--layout-overlay__inner.center-left,.wp-block-uagb-image--layout-overlay__inner.bottom-left{align-items:flex-start}.wp-block-uagb-image--layout-overlay__inner.top-right,.wp-block-uagb-image--layout-overlay__inner.center-right,.wp-block-uagb-image--layout-overlay__inner.bottom-right{align-items:flex-end}.wp-block-uagb-image--layout-overlay__inner .uagb-image-heading{color:#fff;transition:transform .35s,opacity .35s ease-in-out;transform:translate3d(0, 24px, 0);margin:0;line-height:1em}.wp-block-uagb-image--layout-overlay__inner .uagb-image-separator{width:30%;border-top-width:2px;border-top-color:#fff;border-top-style:solid;margin-bottom:10px;opacity:0;transition:transform .4s,opacity .4s ease-in-out;transform:translate3d(0, 30px, 0)}.wp-block-uagb-image--layout-overlay__inner .uagb-image-caption{opacity:0;overflow:visible;color:#fff;transition:transform .45s,opacity .45s ease-in-out;transform:translate3d(0, 35px, 0)}.wp-block-uagb-image--layout-overlay__inner:hover .uagb-image-heading,.wp-block-uagb-image--layout-overlay__inner:hover .uagb-image-separator,.wp-block-uagb-image--layout-overlay__inner:hover .uagb-image-caption{opacity:1;transform:translate3d(0, 0, 0)}.wp-block-uagb-image--effect-zoomin .wp-block-uagb-image__figure img,.wp-block-uagb-image--effect-zoomin .wp-block-uagb-image__figure .wp-block-uagb-image--layout-overlay__color-wrapper{transform:scale(1);transition:transform .35s ease-in-out}.wp-block-uagb-image--effect-zoomin .wp-block-uagb-image__figure:hover img,.wp-block-uagb-image--effect-zoomin .wp-block-uagb-image__figure:hover .wp-block-uagb-image--layout-overlay__color-wrapper{transform:scale(1.05)}.wp-block-uagb-image--effect-slide .wp-block-uagb-image__figure img,.wp-block-uagb-image--effect-slide .wp-block-uagb-image__figure .wp-block-uagb-image--layout-overlay__color-wrapper{width:calc(100% + 40px) !important;max-width:none !important;transform:translate3d(-40px, 0, 0);transition:transform .35s ease-in-out}.wp-block-uagb-image--effect-slide .wp-block-uagb-image__figure:hover img,.wp-block-uagb-image--effect-slide .wp-block-uagb-image__figure:hover .wp-block-uagb-image--layout-overlay__color-wrapper{transform:translate3d(0, 0, 0)}.wp-block-uagb-image--effect-grayscale img{filter:grayscale(0%);transition:.35s ease-in-out}.wp-block-uagb-image--effect-grayscale:hover img{filter:grayscale(100%)}.wp-block-uagb-image--effect-blur img{filter:blur(0);transition:.35s ease-in-out}.wp-block-uagb-image--effect-blur:hover img{filter:blur(3px)}.uagb-block-e6f939b3.wp-block-uagb-image--layout-default figure img{box-shadow: 0px 0px 0 #00000070;}.uagb-block-e6f939b3.wp-block-uagb-image .wp-block-uagb-image__figure figcaption{font-style: normal;align-self: center;}.uagb-block-e6f939b3.wp-block-uagb-image--layout-overlay figure img{box-shadow: 0px 0px 0 #00000070;}.uagb-block-e6f939b3.wp-block-uagb-image--layout-overlay .wp-block-uagb-image--layout-overlay__color-wrapper{opacity: 0.2;}.uagb-block-e6f939b3.wp-block-uagb-image--layout-overlay .wp-block-uagb-image--layout-overlay__inner{left: 15px;right: 15px;top: 15px;bottom: 15px;}.uagb-block-e6f939b3.wp-block-uagb-image--layout-overlay .wp-block-uagb-image--layout-overlay__inner .uagb-image-heading{font-style: normal;color: #fff;opacity: 1;}.uagb-block-e6f939b3.wp-block-uagb-image--layout-overlay .wp-block-uagb-image--layout-overlay__inner .uagb-image-heading a{color: #fff;}.uagb-block-e6f939b3.wp-block-uagb-image--layout-overlay .wp-block-uagb-image--layout-overlay__inner .uagb-image-caption{opacity: 0;}.uagb-block-e6f939b3.wp-block-uagb-image--layout-overlay .wp-block-uagb-image__figure:hover .wp-block-uagb-image--layout-overlay__color-wrapper{opacity: 1;}.uagb-block-e6f939b3.wp-block-uagb-image .wp-block-uagb-image--layout-overlay__inner .uagb-image-separator{width: 30%;border-top-width: 2px;border-top-color: #fff;opacity: 0;}.uagb-block-e6f939b3.wp-block-uagb-image .wp-block-uagb-image__figure img{width: px;height: auto;}.uagb-block-e6f939b3.wp-block-uagb-image .wp-block-uagb-image__figure:hover .wp-block-uagb-image--layout-overlay__inner .uagb-image-caption{opacity: 1;}.uagb-block-e6f939b3.wp-block-uagb-image .wp-block-uagb-image__figure:hover .wp-block-uagb-image--layout-overlay__inner .uagb-image-separator{opacity: 1;}.uagb-block-e6f939b3.wp-block-uagb-image--layout-default figure:hover img{box-shadow: 0px 0px 0 #00000070;}.uagb-block-e6f939b3.wp-block-uagb-image--layout-overlay figure:hover img{box-shadow: 0px 0px 0 #00000070;}@media only screen and (max-width: 976px) {.uagb-block-e6f939b3.wp-block-uagb-image .wp-block-uagb-image__figure img{width: px;height: auto;}}@media only screen and (max-width: 767px) {.uagb-block-e6f939b3.wp-block-uagb-image .wp-block-uagb-image__figure img{width: px;height: auto;}}\";s:2:\"js\";s:0:\"\";s:18:\"current_block_list\";a:13:{i:0;s:11:\"core\/search\";i:1;s:10:\"core\/group\";i:2;s:12:\"core\/heading\";i:3;s:17:\"core\/latest-posts\";i:4;s:20:\"core\/latest-comments\";i:5;s:13:\"core\/archives\";i:6;s:15:\"core\/categories\";i:7;s:14:\"core\/paragraph\";i:8;s:10:\"uagb\/image\";i:9;s:11:\"core\/spacer\";i:10;s:30:\"woocommerce\/product-categories\";i:11;s:10:\"core\/image\";i:12;s:14:\"core\/shortcode\";}s:8:\"uag_flag\";b:1;s:11:\"uag_version\";s:10:\"1777264271\";s:6:\"gfonts\";a:0:{}s:10:\"gfonts_url\";s:0:\"\";s:12:\"gfonts_files\";a:0:{}s:14:\"uag_faq_layout\";b:0;}"]},"uagb_featured_image_src":{"full":["https:\/\/www.ferberpainting.com\/wp-content\/uploads\/2025\/05\/Shoe-Water-Repellent-5L.png",2560,2560,false],"thumbnail":["https:\/\/www.ferberpainting.com\/wp-content\/uploads\/2025\/05\/Shoe-Water-Repellent-5L-150x150.png",150,150,true],"medium":["https:\/\/www.ferberpainting.com\/wp-content\/uploads\/2025\/05\/Shoe-Water-Repellent-5L-300x300.png",300,300,true],"medium_large":["https:\/\/www.ferberpainting.com\/wp-content\/uploads\/2025\/05\/Shoe-Water-Repellent-5L-768x768.png",768,768,true],"large":["https:\/\/www.ferberpainting.com\/wp-content\/uploads\/2025\/05\/Shoe-Water-Repellent-5L-1024x1024.png",1024,1024,true],"1536x1536":["https:\/\/www.ferberpainting.com\/wp-content\/uploads\/2025\/05\/Shoe-Water-Repellent-5L-1536x1536.png",1536,1536,true],"2048x2048":["https:\/\/www.ferberpainting.com\/wp-content\/uploads\/2025\/05\/Shoe-Water-Repellent-5L-2048x2048.png",2048,2048,true],"trp-custom-language-flag":["https:\/\/www.ferberpainting.com\/wp-content\/uploads\/2025\/05\/Shoe-Water-Repellent-5L-12x12.png",12,12,true],"woocommerce_thumbnail":["https:\/\/www.ferberpainting.com\/wp-content\/uploads\/2025\/05\/Shoe-Water-Repellent-5L-300x300.png",300,300,true],"woocommerce_single":["https:\/\/www.ferberpainting.com\/wp-content\/uploads\/2025\/05\/Shoe-Water-Repellent-5L-600x600.png",600,600,true],"woocommerce_gallery_thumbnail":["https:\/\/www.ferberpainting.com\/wp-content\/uploads\/2025\/05\/Shoe-Water-Repellent-5L-100x100.png",100,100,true]},"uagb_author_info":{"display_name":"admin","author_link":"https:\/\/www.ferberpainting.com\/ro\/author\/"},"uagb_comment_info":10,"uagb_excerpt":"Effective Protection Against Moisture and Stains.\u00a0This shoe waterproofer is the ideal solution to protect your shoes from the elements, humidity, mud, and stains. Whether your shoes are made of leather, canvas, suede, or nubuck, this product forms an invisible barrier that prevents water from penetrating while allowing the material to breathe. It keeps your feet&hellip;","_links":{"self":[{"href":"https:\/\/www.ferberpainting.com\/ro\/wp-json\/wp\/v2\/product\/25287","targetHints":{"allow":["GET"]}}],"collection":[{"href":"https:\/\/www.ferberpainting.com\/ro\/wp-json\/wp\/v2\/product"}],"about":[{"href":"https:\/\/www.ferberpainting.com\/ro\/wp-json\/wp\/v2\/types\/product"}],"replies":[{"embeddable":true,"href":"https:\/\/www.ferberpainting.com\/ro\/wp-json\/wp\/v2\/comments?post=25287"}],"version-history":[{"count":4,"href":"https:\/\/www.ferberpainting.com\/ro\/wp-json\/wp\/v2\/product\/25287\/revisions"}],"predecessor-version":[{"id":167269,"href":"https:\/\/www.ferberpainting.com\/ro\/wp-json\/wp\/v2\/product\/25287\/revisions\/167269"}],"wp:featuredmedia":[{"embeddable":true,"href":"https:\/\/www.ferberpainting.com\/ro\/wp-json\/wp\/v2\/media\/30017"}],"wp:attachment":[{"href":"https:\/\/www.ferberpainting.com\/ro\/wp-json\/wp\/v2\/media?parent=25287"}],"wp:term":[{"taxonomy":"product_brand","embeddable":true,"href":"https:\/\/www.ferberpainting.com\/ro\/wp-json\/wp\/v2\/product_brand?post=25287"},{"taxonomy":"product_cat","embeddable":true,"href":"https:\/\/www.ferberpainting.com\/ro\/wp-json\/wp\/v2\/product_cat?post=25287"},{"taxonomy":"product_tag","embeddable":true,"href":"https:\/\/www.ferberpainting.com\/ro\/wp-json\/wp\/v2\/product_tag?post=25287"}],"curies":[{"name":"wp","href":"https:\/\/api.w.org\/{rel}","templated":true}]}}