{"id":25026,"date":"2025-05-26T10:28:44","date_gmt":"2025-05-26T08:28:44","guid":{"rendered":"https:\/\/www.ferberpainting.com\/products\/rhubarb-fertilizer\/"},"modified":"2026-02-16T08:00:40","modified_gmt":"2026-02-16T07:00:40","slug":"rhubarb-fertilizer","status":"publish","type":"product","link":"https:\/\/www.ferberpainting.com\/ro\/products\/rhubarb-fertilizer\/","title":{"rendered":"\u00cengr\u0103\u0219\u0103m\u00e2nt pentru rubarb\u0103"},"content":{"rendered":"<p><strong><img decoding=\"async\" style=\"margin-right: 12px;\" src=\"https:\/\/www.ferberpainting.com\/wp-content\/uploads\/2026\/02\/Check.svg\" alt=\"\" width=\"18\" height=\"15\" \/>Un fertilizator conceput pentru rubarb\u0103 viguroas\u0103 \u0219i productiv\u0103.<\/strong>\u00a0Acest \u00eengr\u0103\u0219\u0103m\u00e2nt este special conceput pentru a promova cre\u0219terea rapid\u0103 \u0219i robuste\u021bea plantelor de rubarb\u0103. Datorit\u0103 formulei sale echilibrate \u00een azot (N), fosfor (P) \u0219i potasiu (K) (NPK 15-15-15), acesta stimuleaz\u0103 dezvoltarea r\u0103d\u0103cinilor, \u00eembun\u0103t\u0103\u021be\u0219te densitatea frunzelor \u0219i \u00eencurajeaz\u0103 formarea tulpinilor groase \u0219i suculente. Hr\u0103nindu-v\u0103 rubarba cu acest \u00eengr\u0103\u0219\u0103m\u00e2nt, ve\u021bi ob\u021bine recolte mai abundente \u0219i tulpini de calitate superioar\u0103.<\/p>\n<p><strong><img decoding=\"async\" style=\"margin-right: 12px;\" src=\"https:\/\/www.ferberpainting.com\/wp-content\/uploads\/2026\/02\/Check.svg\" alt=\"\" width=\"18\" height=\"15\" \/>Garan\u021bie de restituire a banilor.<\/strong>\u00a0Avem \u00eencredere total\u0103 \u00een eficien\u021ba produsului nostru. Acesta este motivul pentru care oferim o garan\u021bie de returnare a banilor. Dac\u0103, dup\u0103 o utilizare corespunz\u0103toare, nu observa\u021bi nicio \u00eembun\u0103t\u0103\u021bire \u00een cre\u0219terea \u0219i randamentul rubarbei dvs., v\u0103 vom rambursa banii f\u0103r\u0103 nicio \u00eentrebare.<\/p>\n<p><strong><img decoding=\"async\" style=\"margin-right: 12px;\" src=\"https:\/\/www.ferberpainting.com\/wp-content\/uploads\/2026\/02\/Check.svg\" alt=\"\" width=\"18\" height=\"15\" \/>Potrivit pentru toate tipurile de sol \u0219i condi\u021biile de cre\u0219tere.<\/strong>\u00a0Acest \u00eengr\u0103\u0219\u0103m\u00e2nt este potrivit pentru toate soiurile de rubarb\u0103, fie c\u0103 este cultivat\u0103 \u00een sol deschis, \u00een paturi supra\u00een\u0103l\u021bate sau \u00een ghivece. Este eficient pe toate tipurile de sol, fie argilos, nisipos, argilos sau calcaros. Ac\u021biunea sa regleaz\u0103 pH-ul solului \u0219i \u00eembun\u0103t\u0103\u021be\u0219te absorb\u021bia nutrien\u021bilor esen\u021biali.<\/p>\n<p><strong><img decoding=\"async\" style=\"margin-right: 12px;\" src=\"https:\/\/www.ferberpainting.com\/wp-content\/uploads\/2026\/02\/Check.svg\" alt=\"\" width=\"18\" height=\"15\" \/>Randament rentabil \u0219i fertilizare eficient\u0103.<\/strong>\u00a0Datorit\u0103 formulei sale concentrate, acest fertilizator se dilueaz\u0103 u\u0219or \u0219i permite o aplicare optim\u0103. Cu o sticl\u0103 de 5 litri, pute\u021bi produce p\u00e2n\u0103 la 1.000 de litri de \u00eengr\u0103\u0219\u0103m\u00e2nt diluat, oferind o acoperire larg\u0103 pentru mai multe cicluri de cultur\u0103. Acesta permite o fertilizare uniform\u0103, f\u0103r\u0103 excese sau deficien\u021be, asigur\u00e2nd o cre\u0219tere continu\u0103 \u0219i controlat\u0103.<\/p>\n<p><strong><img decoding=\"async\" style=\"margin-right: 12px;\" src=\"https:\/\/www.ferberpainting.com\/wp-content\/uploads\/2026\/02\/Check.svg\" alt=\"\" width=\"18\" height=\"15\" \/>Sigur pentru plante \u0219i ecologic.<\/strong>\u00a0\u00cengr\u0103\u0219\u0103m\u00e2ntul nostru este formulat f\u0103r\u0103 substan\u021be chimice d\u0103un\u0103toare pentru a p\u0103stra calitatea solului \u0219i ecosistemul \u00eenconjur\u0103tor. Nu arde r\u0103d\u0103cinile, asigur\u00e2nd absorb\u021bia treptat\u0103 \u0219i eficient\u0103 a nutrien\u021bilor de c\u0103tre plant\u0103. Nu polueaz\u0103 apele subterane, promov\u00e2nd o agricultur\u0103 mai respectuoas\u0103 fa\u021b\u0103 de mediu.<\/p>\n<p><strong><img decoding=\"async\" style=\"margin-right: 12px;\" src=\"https:\/\/www.ferberpainting.com\/wp-content\/uploads\/2026\/02\/Check.svg\" alt=\"\" width=\"18\" height=\"15\" \/>Aplicare simpl\u0103 \u0219i rapid\u0103 pentru eficien\u021b\u0103 maxim\u0103.<\/strong>\u00a0Acest \u00eengr\u0103\u0219\u0103m\u00e2nt este u\u0219or de utilizat, chiar \u0219i pentru gr\u0103dinarii amatori. Se dilueaz\u0103 rapid \u0219i se aplic\u0103 direct la baza plantelor. Nu este necesar niciun echipament specific; un simplu udator sau pulverizator este suficient. De asemenea, poate fi amestecat \u00een apa de irigare pentru o absorb\u021bie rapid\u0103 \u0219i uniform\u0103 de c\u0103tre plant\u0103.<\/p>\n<p><strong><img decoding=\"async\" style=\"margin-right: 12px;\" src=\"https:\/\/www.ferberpainting.com\/wp-content\/uploads\/2026\/02\/Check.svg\" alt=\"\" width=\"18\" height=\"15\" \/>Ac\u021biune de lung\u0103 durat\u0103 pentru recolte generoase \u0219i plante robuste.<\/strong>\u00a0Datorit\u0103 formulei sale cu eliberare lent\u0103, acest fertilizator hr\u0103ne\u0219te plantele pe termen lung, asigur\u00e2nd o cre\u0219tere constant\u0103 \u0219i o rezisten\u021b\u0103 sporit\u0103 la boli. Ajut\u0103 rubarba s\u0103 dezvolte un sistem radicular puternic, ceea ce favorizeaz\u0103 o bun\u0103 regenerare a tulpinilor dup\u0103 fiecare recoltare.<\/p>\n<p><strong><img decoding=\"async\" style=\"margin-right: 12px;\" src=\"https:\/\/www.ferberpainting.com\/wp-content\/uploads\/2026\/02\/Check.svg\" alt=\"\" width=\"18\" height=\"15\" \/>Rezultate vizibile \u00een primele s\u0103pt\u0103m\u00e2ni.<\/strong>\u00a0Dup\u0103 c\u00e2teva s\u0103pt\u0103m\u00e2ni de utilizare, ve\u021bi observa o cre\u0219tere mai rapid\u0103 a frunzelor, tulpini mai groase \u0219i o regenerare mai bun\u0103 dup\u0103 recoltare. Prin furnizarea tuturor nutrien\u021bilor necesari, acest \u00eengr\u0103\u0219\u0103m\u00e2nt v\u0103 permite s\u0103 ob\u021bine\u021bi recolte mai frecvente \u0219i mai abundente.<\/p>\n<h2><strong>Protocol de utilizare<\/strong><\/h2>\n<p><strong>Doza recomandat\u0103 :<\/strong><\/p>\n<ul>\n<li><strong>\u00cenainte de reluarea vegeta\u021biei (prim\u0103var\u0103) <\/strong>: se dilueaz\u0103 5 ml de \u00eengr\u0103\u0219\u0103m\u00e2nt pe litru de ap\u0103 \u0219i se ud\u0103 direct la baza plantelor.<\/li>\n<li><strong>\u00cen timpul cre\u0219terii active <\/strong>: se aplic\u0103 o dat\u0103 la 2 s\u0103pt\u0103m\u00e2ni, folosind aceea\u0219i doz\u0103 (5 ml per litru de ap\u0103).<\/li>\n<li><strong>Dup\u0103 recoltare<\/strong>: o aplicare final\u0103 de \u00eengr\u0103\u0219\u0103m\u00e2nt va ajuta plantele s\u0103 se regenereze bine pentru sezonul urm\u0103tor.<\/li>\n<\/ul>\n<p><strong>Frecven\u021ba aplic\u0103rii <\/strong>:<\/p>\n<ul>\n<li><strong>Prim\u0103vara \u0219i vara <\/strong>: aplica\u021bi la fiecare dou\u0103 s\u0103pt\u0103m\u00e2ni pentru a sus\u021bine cre\u0219terea.<\/li>\n<li><strong>Dup\u0103 fiecare recolt\u0103 <\/strong>: o aplicare suplimentar\u0103 stimuleaz\u0103 produc\u021bia de tulpini noi.<\/li>\n<li><strong>\u00cen toamn\u0103 <\/strong>: opri\u021bi aplicarea pentru a l\u0103sa planta s\u0103 intre \u00een repaus vegetativ \u00eenainte de iarn\u0103.<\/li>\n<\/ul>\n<p><strong>Metoda de aplicare <\/strong>:<\/p>\n<ul>\n<li>Dup\u0103 recoltare:  Dilua\u021bi \u00eengr\u0103\u0219\u0103m\u00e2ntul \u00een ap\u0103 \u00een conformitate cu doza recomandat\u0103.<\/li>\n<li>Uda\u021bi direct la baza plantelor pentru o mai bun\u0103 absorb\u021bie.<\/li>\n<li>Nu aplica\u021bi pe frunzi\u0219 pentru a evita orice risc de arsur\u0103.<\/li>\n<li>Prefera\u021bi aplicarea diminea\u021ba sau t\u00e2rziu \u00een zi pentru a evita evaporarea rapid\u0103 a nutrien\u021bilor.<\/li>\n<\/ul>\n<p><strong>Precau\u021bii de utilizare <\/strong>:<\/p>\n<ul>\n<li>Nu supradoza\u021bi: prea mult \u00eengr\u0103\u0219\u0103m\u00e2nt poate provoca cre\u0219terea excesiv\u0103 a frunzelor \u00een detrimentul tulpinilor.<\/li>\n<li>Nu aplica\u021bi \u00een timpul \u00eenghe\u021bului sau al c\u0103ldurii extreme, deoarece acest lucru ar putea reduce eficacitatea produsului.<\/li>\n<li>Depozita\u021bi recipientul departe de umiditate \u0219i c\u0103ldur\u0103 pentru a-i p\u0103stra toate propriet\u0103\u021bile.<\/li>\n<\/ul>\n<p>Utiliz\u00e2nd acest \u00eengr\u0103\u0219\u0103m\u00e2nt pentru rubarb\u0103, v\u0103 asigura\u021bi o cre\u0219tere s\u0103n\u0103toas\u0103 \u0219i viguroas\u0103, o recolt\u0103 abundent\u0103 \u0219i tulpini gustoase, bine dezvoltate. Formularea sa echilibrat\u0103 \u0219i aplicarea simpl\u0103 \u00eel fac un aliat esen\u021bial pentru to\u021bi gr\u0103dinarii, fie ei amatori sau profesioni\u0219ti.<\/p>","protected":false},"excerpt":{"rendered":"<p>A fertilizer designed for vigorous and productive rhubarb.\u00a0This fertilizer is specially designed to promote rapid growth and robustness of rhubarb plants. Thanks to its balanced formulation in nitrogen (N), phosphorus (P), and potassium (K) (NPK 15-15-15), it stimulates root development, improves leaf density, and encourages the formation of thick and juicy stalks. By feeding your [&hellip;]<\/p>\n","protected":false},"featured_media":26887,"comment_status":"open","ping_status":"closed","template":"","meta":{"_uag_custom_page_level_css":"","site-sidebar-layout":"default","site-content-layout":"","ast-site-content-layout":"default","site-content-style":"default","site-sidebar-style":"default","ast-global-header-display":"","ast-banner-title-visibility":"","ast-main-header-display":"","ast-hfb-above-header-display":"","ast-hfb-below-header-display":"","ast-hfb-mobile-header-display":"","site-post-title":"","ast-breadcrumbs-content":"","ast-featured-img":"","footer-sml-layout":"","ast-disable-related-posts":"","theme-transparent-header-meta":"default","adv-header-id-meta":"","stick-header-meta":"","header-above-stick-meta":"","header-main-stick-meta":"","header-below-stick-meta":"","astra-migrate-meta-layouts":"set","ast-page-background-enabled":"default","ast-page-background-meta":{"desktop":{"background-color":"var(--ast-global-color-4)","background-image":"","background-repeat":"repeat","background-position":"center center","background-size":"auto","background-attachment":"scroll","background-type":"","background-media":"","overlay-type":"","overlay-color":"","overlay-opacity":"","overlay-gradient":""},"tablet":{"background-color":"","background-image":"","background-repeat":"repeat","background-position":"center center","background-size":"auto","background-attachment":"scroll","background-type":"","background-media":"","overlay-type":"","overlay-color":"","overlay-opacity":"","overlay-gradient":""},"mobile":{"background-color":"","background-image":"","background-repeat":"repeat","background-position":"center center","background-size":"auto","background-attachment":"scroll","background-type":"","background-media":"","overlay-type":"","overlay-color":"","overlay-opacity":"","overlay-gradient":""}},"ast-content-background-meta":{"desktop":{"background-color":"var(--ast-global-color-5)","background-image":"","background-repeat":"repeat","background-position":"center center","background-size":"auto","background-attachment":"scroll","background-type":"","background-media":"","overlay-type":"","overlay-color":"","overlay-opacity":"","overlay-gradient":""},"tablet":{"background-color":"var(--ast-global-color-5)","background-image":"","background-repeat":"repeat","background-position":"center center","background-size":"auto","background-attachment":"scroll","background-type":"","background-media":"","overlay-type":"","overlay-color":"","overlay-opacity":"","overlay-gradient":""},"mobile":{"background-color":"var(--ast-global-color-5)","background-image":"","background-repeat":"repeat","background-position":"center center","background-size":"auto","background-attachment":"scroll","background-type":"","background-media":"","overlay-type":"","overlay-color":"","overlay-opacity":"","overlay-gradient":""}}},"product_brand":[],"product_cat":[178],"product_tag":[],"class_list":{"0":"post-25026","1":"product","2":"type-product","3":"status-publish","4":"has-post-thumbnail","6":"product_cat-fertilizers","7":"desktop-align-left","8":"tablet-align-left","9":"mobile-align-left","11":"first","12":"instock","13":"sale","14":"taxable","15":"shipping-taxable","16":"purchasable","17":"product-type-variable","18":"has-default-attributes"},"spectra_custom_meta":{"_visibility":["visible"],"_shopify_product_id":["9072666116341"],"_s2w_shopify_domain":["ferberpainting.myshopify.com"],"_shopify_variant_id":["46522168377589"],"_sku":[""],"_manage_stock":["no"],"total_sales":["5"],"_tax_status":["taxable"],"_tax_class":[""],"_backorders":["no"],"_sold_individually":["no"],"_virtual":["no"],"_downloadable":["no"],"_download_limit":["-1"],"_download_expiry":["-1"],"_stock":[null],"_stock_status":["instock"],"_wc_average_rating":["4.63"],"_wc_review_count":["8"],"_product_attributes":["a:1:{s:6:\"volume\";a:6:{s:4:\"name\";s:6:\"Volume\";s:5:\"value\";s:20:\"5 liters | 25 liters\";s:8:\"position\";i:1;s:10:\"is_visible\";i:0;s:12:\"is_variation\";i:1;s:11:\"is_taxonomy\";i:0;}}"],"_product_version":["10.5.1"],"_thumbnail_id":["26887"],"_product_image_gallery":["26888"],"wpse_downloadable_file_names":[""],"wpse_downloadable_file_urls":[""],"_edit_last":["1"],"_default_attributes":["a:1:{s:6:\"volume\";s:8:\"5 liters\";}"],"_edit_lock":["1771225388:1"],"_price":["29.90","129.90"],"merchant-center-availability":["yes"],"merchant-center-category":["113"],"_wp_page_template":["default"],"site-sidebar-layout":["default"],"ast-site-content-layout":["default"],"site-content-style":["default"],"site-sidebar-style":["default"],"theme-transparent-header-meta":["default"],"_wc_rating_count":["a:2:{i:4;i:3;i:5;i:5;}"],"astra-migrate-meta-layouts":["set"],"_uag_css_file_name":["uag-css-25026.css"],"_elementor_page_assets":["a:0:{}"],"_uag_page_assets":["a:9:{s:3:\"css\";s:6873:\".wp-block-uagb-image{display:flex}.wp-block-uagb-image__figure{position:relative;display:flex;flex-direction:column;max-width:100%;height:auto;margin:0}.wp-block-uagb-image__figure img{height:auto;display:flex;max-width:100%;transition:box-shadow .2s ease}.wp-block-uagb-image__figure>a{display:inline-block}.wp-block-uagb-image__figure figcaption{text-align:center;margin-top:.5em;margin-bottom:1em}.wp-block-uagb-image .components-placeholder.block-editor-media-placeholder .components-placeholder__instructions{align-self:center}.wp-block-uagb-image--align-left{text-align:left}.wp-block-uagb-image--align-right{text-align:right}.wp-block-uagb-image--align-center{text-align:center}.wp-block-uagb-image--align-full .wp-block-uagb-image__figure{margin-left:calc(50% - 50vw);margin-right:calc(50% - 50vw);max-width:100vw;width:100vw;height:auto}.wp-block-uagb-image--align-full .wp-block-uagb-image__figure img{height:auto;width:100% !important}.wp-block-uagb-image--align-wide .wp-block-uagb-image__figure img{height:auto;width:100%}.wp-block-uagb-image--layout-overlay__color-wrapper{position:absolute;left:0;top:0;right:0;bottom:0;opacity:.2;background:rgba(0,0,0,.5);transition:opacity .35s ease-in-out}.wp-block-uagb-image--layout-overlay-link{position:absolute;left:0;right:0;bottom:0;top:0}.wp-block-uagb-image--layout-overlay .wp-block-uagb-image__figure:hover .wp-block-uagb-image--layout-overlay__color-wrapper{opacity:1}.wp-block-uagb-image--layout-overlay__inner{position:absolute;left:15px;right:15px;bottom:15px;top:15px;display:flex;align-items:center;justify-content:center;flex-direction:column;border-color:#fff;transition:.35s ease-in-out}.wp-block-uagb-image--layout-overlay__inner.top-left,.wp-block-uagb-image--layout-overlay__inner.top-center,.wp-block-uagb-image--layout-overlay__inner.top-right{justify-content:flex-start}.wp-block-uagb-image--layout-overlay__inner.bottom-left,.wp-block-uagb-image--layout-overlay__inner.bottom-center,.wp-block-uagb-image--layout-overlay__inner.bottom-right{justify-content:flex-end}.wp-block-uagb-image--layout-overlay__inner.top-left,.wp-block-uagb-image--layout-overlay__inner.center-left,.wp-block-uagb-image--layout-overlay__inner.bottom-left{align-items:flex-start}.wp-block-uagb-image--layout-overlay__inner.top-right,.wp-block-uagb-image--layout-overlay__inner.center-right,.wp-block-uagb-image--layout-overlay__inner.bottom-right{align-items:flex-end}.wp-block-uagb-image--layout-overlay__inner .uagb-image-heading{color:#fff;transition:transform .35s,opacity .35s ease-in-out;transform:translate3d(0, 24px, 0);margin:0;line-height:1em}.wp-block-uagb-image--layout-overlay__inner .uagb-image-separator{width:30%;border-top-width:2px;border-top-color:#fff;border-top-style:solid;margin-bottom:10px;opacity:0;transition:transform .4s,opacity .4s ease-in-out;transform:translate3d(0, 30px, 0)}.wp-block-uagb-image--layout-overlay__inner .uagb-image-caption{opacity:0;overflow:visible;color:#fff;transition:transform .45s,opacity .45s ease-in-out;transform:translate3d(0, 35px, 0)}.wp-block-uagb-image--layout-overlay__inner:hover .uagb-image-heading,.wp-block-uagb-image--layout-overlay__inner:hover .uagb-image-separator,.wp-block-uagb-image--layout-overlay__inner:hover .uagb-image-caption{opacity:1;transform:translate3d(0, 0, 0)}.wp-block-uagb-image--effect-zoomin .wp-block-uagb-image__figure img,.wp-block-uagb-image--effect-zoomin .wp-block-uagb-image__figure .wp-block-uagb-image--layout-overlay__color-wrapper{transform:scale(1);transition:transform .35s ease-in-out}.wp-block-uagb-image--effect-zoomin .wp-block-uagb-image__figure:hover img,.wp-block-uagb-image--effect-zoomin .wp-block-uagb-image__figure:hover .wp-block-uagb-image--layout-overlay__color-wrapper{transform:scale(1.05)}.wp-block-uagb-image--effect-slide .wp-block-uagb-image__figure img,.wp-block-uagb-image--effect-slide .wp-block-uagb-image__figure .wp-block-uagb-image--layout-overlay__color-wrapper{width:calc(100% + 40px) !important;max-width:none !important;transform:translate3d(-40px, 0, 0);transition:transform .35s ease-in-out}.wp-block-uagb-image--effect-slide .wp-block-uagb-image__figure:hover img,.wp-block-uagb-image--effect-slide .wp-block-uagb-image__figure:hover .wp-block-uagb-image--layout-overlay__color-wrapper{transform:translate3d(0, 0, 0)}.wp-block-uagb-image--effect-grayscale img{filter:grayscale(0%);transition:.35s ease-in-out}.wp-block-uagb-image--effect-grayscale:hover img{filter:grayscale(100%)}.wp-block-uagb-image--effect-blur img{filter:blur(0);transition:.35s ease-in-out}.wp-block-uagb-image--effect-blur:hover img{filter:blur(3px)}.uagb-block-e6f939b3.wp-block-uagb-image--layout-default figure img{box-shadow: 0px 0px 0 #00000070;}.uagb-block-e6f939b3.wp-block-uagb-image .wp-block-uagb-image__figure figcaption{font-style: normal;align-self: center;}.uagb-block-e6f939b3.wp-block-uagb-image--layout-overlay figure img{box-shadow: 0px 0px 0 #00000070;}.uagb-block-e6f939b3.wp-block-uagb-image--layout-overlay .wp-block-uagb-image--layout-overlay__color-wrapper{opacity: 0.2;}.uagb-block-e6f939b3.wp-block-uagb-image--layout-overlay .wp-block-uagb-image--layout-overlay__inner{left: 15px;right: 15px;top: 15px;bottom: 15px;}.uagb-block-e6f939b3.wp-block-uagb-image--layout-overlay .wp-block-uagb-image--layout-overlay__inner .uagb-image-heading{font-style: normal;color: #fff;opacity: 1;}.uagb-block-e6f939b3.wp-block-uagb-image--layout-overlay .wp-block-uagb-image--layout-overlay__inner .uagb-image-heading a{color: #fff;}.uagb-block-e6f939b3.wp-block-uagb-image--layout-overlay .wp-block-uagb-image--layout-overlay__inner .uagb-image-caption{opacity: 0;}.uagb-block-e6f939b3.wp-block-uagb-image--layout-overlay .wp-block-uagb-image__figure:hover .wp-block-uagb-image--layout-overlay__color-wrapper{opacity: 1;}.uagb-block-e6f939b3.wp-block-uagb-image .wp-block-uagb-image--layout-overlay__inner .uagb-image-separator{width: 30%;border-top-width: 2px;border-top-color: #fff;opacity: 0;}.uagb-block-e6f939b3.wp-block-uagb-image .wp-block-uagb-image__figure img{width: px;height: auto;}.uagb-block-e6f939b3.wp-block-uagb-image .wp-block-uagb-image__figure:hover .wp-block-uagb-image--layout-overlay__inner .uagb-image-caption{opacity: 1;}.uagb-block-e6f939b3.wp-block-uagb-image .wp-block-uagb-image__figure:hover .wp-block-uagb-image--layout-overlay__inner .uagb-image-separator{opacity: 1;}.uagb-block-e6f939b3.wp-block-uagb-image--layout-default figure:hover img{box-shadow: 0px 0px 0 #00000070;}.uagb-block-e6f939b3.wp-block-uagb-image--layout-overlay figure:hover img{box-shadow: 0px 0px 0 #00000070;}@media only screen and (max-width: 976px) {.uagb-block-e6f939b3.wp-block-uagb-image .wp-block-uagb-image__figure img{width: px;height: auto;}}@media only screen and (max-width: 767px) {.uagb-block-e6f939b3.wp-block-uagb-image .wp-block-uagb-image__figure img{width: px;height: auto;}}\";s:2:\"js\";s:0:\"\";s:18:\"current_block_list\";a:13:{i:0;s:11:\"core\/search\";i:1;s:10:\"core\/group\";i:2;s:12:\"core\/heading\";i:3;s:17:\"core\/latest-posts\";i:4;s:20:\"core\/latest-comments\";i:5;s:13:\"core\/archives\";i:6;s:15:\"core\/categories\";i:7;s:14:\"core\/paragraph\";i:8;s:10:\"uagb\/image\";i:9;s:11:\"core\/spacer\";i:10;s:30:\"woocommerce\/product-categories\";i:11;s:10:\"core\/image\";i:12;s:14:\"core\/shortcode\";}s:8:\"uag_flag\";b:1;s:11:\"uag_version\";s:10:\"1777343853\";s:6:\"gfonts\";a:0:{}s:10:\"gfonts_url\";s:0:\"\";s:12:\"gfonts_files\";a:0:{}s:14:\"uag_faq_layout\";b:0;}"]},"uagb_featured_image_src":{"full":["https:\/\/www.ferberpainting.com\/wp-content\/uploads\/2025\/05\/RhubarbFertilizer5L.png",2560,2560,false],"thumbnail":["https:\/\/www.ferberpainting.com\/wp-content\/uploads\/2025\/05\/RhubarbFertilizer5L-150x150.png",150,150,true],"medium":["https:\/\/www.ferberpainting.com\/wp-content\/uploads\/2025\/05\/RhubarbFertilizer5L-300x300.png",300,300,true],"medium_large":["https:\/\/www.ferberpainting.com\/wp-content\/uploads\/2025\/05\/RhubarbFertilizer5L-768x768.png",768,768,true],"large":["https:\/\/www.ferberpainting.com\/wp-content\/uploads\/2025\/05\/RhubarbFertilizer5L-1024x1024.png",1024,1024,true],"1536x1536":["https:\/\/www.ferberpainting.com\/wp-content\/uploads\/2025\/05\/RhubarbFertilizer5L-1536x1536.png",1536,1536,true],"2048x2048":["https:\/\/www.ferberpainting.com\/wp-content\/uploads\/2025\/05\/RhubarbFertilizer5L-2048x2048.png",2048,2048,true],"trp-custom-language-flag":["https:\/\/www.ferberpainting.com\/wp-content\/uploads\/2025\/05\/RhubarbFertilizer5L-12x12.png",12,12,true],"woocommerce_thumbnail":["https:\/\/www.ferberpainting.com\/wp-content\/uploads\/2025\/05\/RhubarbFertilizer5L-300x300.png",300,300,true],"woocommerce_single":["https:\/\/www.ferberpainting.com\/wp-content\/uploads\/2025\/05\/RhubarbFertilizer5L-600x600.png",600,600,true],"woocommerce_gallery_thumbnail":["https:\/\/www.ferberpainting.com\/wp-content\/uploads\/2025\/05\/RhubarbFertilizer5L-100x100.png",100,100,true]},"uagb_author_info":{"display_name":"admin","author_link":"https:\/\/www.ferberpainting.com\/ro\/author\/"},"uagb_comment_info":8,"uagb_excerpt":"A fertilizer designed for vigorous and productive rhubarb.\u00a0This fertilizer is specially designed to promote rapid growth and robustness of rhubarb plants. Thanks to its balanced formulation in nitrogen (N), phosphorus (P), and potassium (K) (NPK 15-15-15), it stimulates root development, improves leaf density, and encourages the formation of thick and juicy stalks. By feeding your&hellip;","_links":{"self":[{"href":"https:\/\/www.ferberpainting.com\/ro\/wp-json\/wp\/v2\/product\/25026","targetHints":{"allow":["GET"]}}],"collection":[{"href":"https:\/\/www.ferberpainting.com\/ro\/wp-json\/wp\/v2\/product"}],"about":[{"href":"https:\/\/www.ferberpainting.com\/ro\/wp-json\/wp\/v2\/types\/product"}],"replies":[{"embeddable":true,"href":"https:\/\/www.ferberpainting.com\/ro\/wp-json\/wp\/v2\/comments?post=25026"}],"version-history":[{"count":4,"href":"https:\/\/www.ferberpainting.com\/ro\/wp-json\/wp\/v2\/product\/25026\/revisions"}],"predecessor-version":[{"id":167079,"href":"https:\/\/www.ferberpainting.com\/ro\/wp-json\/wp\/v2\/product\/25026\/revisions\/167079"}],"wp:featuredmedia":[{"embeddable":true,"href":"https:\/\/www.ferberpainting.com\/ro\/wp-json\/wp\/v2\/media\/26887"}],"wp:attachment":[{"href":"https:\/\/www.ferberpainting.com\/ro\/wp-json\/wp\/v2\/media?parent=25026"}],"wp:term":[{"taxonomy":"product_brand","embeddable":true,"href":"https:\/\/www.ferberpainting.com\/ro\/wp-json\/wp\/v2\/product_brand?post=25026"},{"taxonomy":"product_cat","embeddable":true,"href":"https:\/\/www.ferberpainting.com\/ro\/wp-json\/wp\/v2\/product_cat?post=25026"},{"taxonomy":"product_tag","embeddable":true,"href":"https:\/\/www.ferberpainting.com\/ro\/wp-json\/wp\/v2\/product_tag?post=25026"}],"curies":[{"name":"wp","href":"https:\/\/api.w.org\/{rel}","templated":true}]}}