{"id":24753,"date":"2025-06-30T22:30:08","date_gmt":"2025-06-30T20:30:08","guid":{"rendered":"https:\/\/www.ferberpainting.com\/?post_type=product&#038;p=24750"},"modified":"2026-02-15T23:24:02","modified_gmt":"2026-02-15T22:24:02","slug":"paintbrush-cleaner","status":"publish","type":"product","link":"https:\/\/www.ferberpainting.com\/ro\/products\/paintbrush-cleaner\/","title":{"rendered":"Cur\u0103\u021b\u0103tor pentru pensule de vopsit"},"content":{"rendered":"<p><strong><img decoding=\"async\" style=\"margin-right: 12px;\" src=\"https:\/\/www.ferberpainting.com\/wp-content\/uploads\/2026\/02\/Check.svg\" alt=\"\" width=\"18\" height=\"15\" \/>Eficien\u021b\u0103 optim\u0103.<\/strong>\u00a0Acest detergent pentru pensule este special conceput pentru a \u00eendep\u0103rta eficient toate tipurile de reziduuri de vopsea, indiferent dac\u0103 sunt pe baz\u0103 de ap\u0103 sau de solvent. Formula sa puternic\u0103 dizolv\u0103 rapid vopseaua proasp\u0103t\u0103 sau uscat\u0103 de pe peri, red\u00e2ndu-le suple\u021bea \u0219i eficien\u021ba ini\u021bial\u0103. \u00cempiedic\u0103 aglomerarea periilor, p\u0103streaz\u0103 calitatea acestora \u0219i asigur\u0103 o aplicare lin\u0103 pentru utiliz\u0103ri viitoare.<\/p>\n<p><strong><img decoding=\"async\" style=\"margin-right: 12px;\" src=\"https:\/\/www.ferberpainting.com\/wp-content\/uploads\/2026\/02\/Check.svg\" alt=\"\" width=\"18\" height=\"15\" \/>Garan\u021bie de restituire a banilor.<\/strong>\u00a0Avem \u00eencredere deplin\u0103 \u00een eficien\u021ba produsului nostru de cur\u0103\u021bare. Dac\u0103, dup\u0103 utilizare, nu sunte\u021bi pe deplin mul\u021bumit de rezultate, sunte\u021bi eligibil pentru o rambursare complet\u0103. \u00cencerca\u021bi produsul nostru f\u0103r\u0103 riscuri \u0219i oferi\u021bi o a doua via\u021b\u0103 periu\u021belor dvs. chiar \u0219i dup\u0103 o utilizare intensiv\u0103.<\/p>\n<p><strong><img decoding=\"async\" style=\"margin-right: 12px;\" src=\"https:\/\/www.ferberpainting.com\/wp-content\/uploads\/2026\/02\/Check.svg\" alt=\"\" width=\"18\" height=\"15\" \/>Versatilitate excep\u021bional\u0103.<\/strong>\u00a0Acest detergent nu se limiteaz\u0103 la pensule! De asemenea, este eficient pentru cur\u0103\u021barea rolelor, pulverizatoarelor de vopsea, paletelor, spatulelor \u0219i a oric\u0103rei alte unelte utilizate \u00een vopsire, decorare sau acoperire. Func\u021bioneaz\u0103 cu o mare varietate de vopsele \u0219i lacuri, inclusiv vopsele acrilice, alchidice, pe baz\u0103 de ulei, pete, cerneluri \u0219i coloran\u021bi. Datorit\u0103 compatibilit\u0103\u021bii sale cu multe materiale, este potrivit at\u00e2t pentru uz casnic, c\u00e2t \u0219i pentru nevoile profesioni\u0219tilor din construc\u021bii, pictorilor \u0219i arti\u0219tilor decorativi.<\/p>\n<p><strong><img decoding=\"async\" style=\"margin-right: 12px;\" src=\"https:\/\/www.ferberpainting.com\/wp-content\/uploads\/2026\/02\/Check.svg\" alt=\"\" width=\"18\" height=\"15\" \/>Performan\u021b\u0103 rentabil\u0103.<\/strong>\u00a0Datorit\u0103 formatului recipientului de 5 litri \u0219i concentra\u021biei ridicate, acest detergent ofer\u0103 o valoare excelent\u0103. O cantitate mic\u0103 este suficient\u0103 pentru a cur\u0103\u021ba mai multe pensule \u0219i unelte \u00eentr-o singur\u0103 aplicare. \u00cen medie, un litru de produs poate trata p\u00e2n\u0103 la 100 de pensule de diferite dimensiuni, asigur\u00e2nd o solu\u021bie economic\u0103 \u0219i eficient\u0103 pentru utilizarea regulat\u0103 sau intensiv\u0103.<\/p>\n<p><strong><img decoding=\"async\" style=\"margin-right: 12px;\" src=\"https:\/\/www.ferberpainting.com\/wp-content\/uploads\/2026\/02\/Check.svg\" alt=\"\" width=\"18\" height=\"15\" \/>Sigur de utilizat.<\/strong>\u00a0Spre deosebire de solven\u021bii agresivi care pot deteriora periile periei, usca m\u00e2inile sau emite vapori toxici, acest detergent este formulat f\u0103r\u0103 substan\u021be corozive sau d\u0103un\u0103toare. Nu emite mirosuri puternice \u0219i nu provoac\u0103 irita\u021bii ale pielii, asigur\u00e2nd o utilizare sigur\u0103 at\u00e2t pentru persoane fizice, c\u00e2t \u0219i pentru profesioni\u0219ti. Este sigur pentru materiale \u0219i nu deterioreaz\u0103 perii sintetici sau naturali, p\u0103str\u00e2ndu-le astfel moliciunea \u0219i flexibilitatea.<\/p>\n<p><strong><img decoding=\"async\" style=\"margin-right: 12px;\" src=\"https:\/\/www.ferberpainting.com\/wp-content\/uploads\/2026\/02\/Check.svg\" alt=\"\" width=\"18\" height=\"15\" \/>U\u0219urin\u021ba de utilizare.<\/strong>\u00a0Acest produs este gata de utilizare \u0219i nu necesit\u0103 diluare sau manipulare complex\u0103. Pur \u0219i simplu scufunda\u021bi pensula \u00een produsul de cur\u0103\u021bare, l\u0103sa\u021bi-o s\u0103 stea c\u00e2teva momente, apoi cl\u0103ti\u021bi cu ap\u0103 curat\u0103. Ac\u021biunea sa rapid\u0103 \u0219i aplicarea intuitiv\u0103 asigur\u0103 o \u00eentre\u021binere eficient\u0103 f\u0103r\u0103 efort, f\u0103c\u00e2nd cur\u0103\u021barea pensulei u\u0219oar\u0103 dup\u0103 fiecare sesiune de pictur\u0103.<\/p>\n<p><strong><img decoding=\"async\" style=\"margin-right: 12px;\" src=\"https:\/\/www.ferberpainting.com\/wp-content\/uploads\/2026\/02\/Check.svg\" alt=\"\" width=\"18\" height=\"15\" \/>Durabilitate extins\u0103.<\/strong>\u00a0Prin \u00eendep\u0103rtarea eficient\u0103 a reziduurilor de vopsea \u0219i p\u0103strarea flexibilit\u0103\u021bii periilor, acest produs de cur\u0103\u021bare prelunge\u0219te semnificativ durata de via\u021b\u0103 a pensulelor. Acesta previne \u00eent\u0103rirea prematur\u0103, reduce uzura \u0219i men\u021bine performan\u021ba de aplicare pe termen lung. \u00centre\u021binerea regulat\u0103 cu acest produs asigur\u0103 c\u0103 pensulele sunt \u00eentotdeauna gata de utilizare \u0219i evit\u0103 risipa cauzat\u0103 de uneltele care devin inutilizabile.<\/p>\n<p><strong><img decoding=\"async\" style=\"margin-right: 12px;\" src=\"https:\/\/www.ferberpainting.com\/wp-content\/uploads\/2026\/02\/Check.svg\" alt=\"\" width=\"18\" height=\"15\" \/>Ac\u021biune rapid\u0103.<\/strong>\u00a0Datorit\u0103 formulei sale foarte active, acest detergent ac\u021bioneaz\u0103 imediat asupra reziduurilor de vopsea, dizolv\u00e2ndu-le \u00een c\u00e2teva secunde. Acesta permite o cur\u0103\u021bare rapid\u0103 \u0219i eficient\u0103, ideal\u0103 pentru profesioni\u0219tii care au nevoie s\u0103 \u00ee\u0219i \u00eentre\u021bin\u0103 rapid uneltele \u00eentre sesiuni sau pentru persoanele fizice care doresc s\u0103 \u00ee\u0219i depoziteze pensulele f\u0103r\u0103 a fi nevoite s\u0103 frece intens.<\/p>\n<h2><strong>Protocol de utilizare<\/strong><\/h2>\n<ul>\n<li><strong>Preg\u0103tire <\/strong>: Asigura\u021bi-v\u0103 c\u0103 pensulele sunt cur\u0103\u021bate de excesul de vopsea prin \u0219tergerea u\u0219oar\u0103 a acestora cu o c\u00e2rp\u0103 sau un prosop de h\u00e2rtie \u00eenainte de a le scufunda \u00een produs.<\/li>\n<li><strong>Cur\u0103\u021barea periei <\/strong>: Turna\u021bi o cantitate suficient\u0103 de detergent \u00eentr-un recipient adecvat, apoi scufunda\u021bi peria \u00een lichid amestec\u00e2nd u\u0219or pentru a satura complet periile. L\u0103sa\u021bi s\u0103 stea c\u00e2teva minute pentru a permite produsului s\u0103 dizolve reziduurile de vopsea.<\/li>\n<li><strong>Tratarea petelor persistente <\/strong>: \u00cen cazul pensulelor cu vopsea uscat\u0103, \u00eencastrat\u0103, l\u0103sa\u021bi-le s\u0103 se \u00eenmoaie mai mult (p\u00e2n\u0103 la 30 de minute) \u00eenainte de a freca u\u0219or periile cu o perie moale sau un burete neabraziv.<\/li>\n<li><strong>Cl\u0103tire <\/strong>: Cl\u0103ti\u021bi bine peria sub jet de ap\u0103 limpede \u00een timp ce \u00eentinde\u021bi u\u0219or periile cu degetele pentru a \u00eendep\u0103rta toate reziduurile de detergent \u0219i vopsea dizolvat\u0103.<\/li>\n<li><strong>Uscare \u0219i finisare <\/strong>: Stoarce\u021bi u\u0219or peria cu o c\u00e2rp\u0103 curat\u0103, remodela\u021bi-o \u0219i l\u0103sa\u021bi-o s\u0103 se usuce la aer - \u00een mod ideal suspendat\u0103 sau a\u0219ezat\u0103 pe o suprafa\u021b\u0103 plan\u0103 pentru a preveni deformarea firelor de p\u0103r.<\/li>\n<li><strong>Cur\u0103\u021barea altor unelte <\/strong>: Utiliza\u021bi aceea\u0219i metod\u0103 pentru role, spatule \u0219i palete, frec\u00e2ndu-le u\u0219or cu o c\u00e2rp\u0103 \u00eenmuiat\u0103 \u00een detergent \u00eenainte de cl\u0103tire.<\/li>\n<li><strong>Frecven\u021ba utiliz\u0103rii <\/strong>: Aplica\u021bi dup\u0103 fiecare sesiune de vopsire pentru a evita acumularea de reziduuri \u0219i a p\u0103stra calitatea sculei. Pentru o cur\u0103\u021bare \u00een profunzime, planifica\u021bi o cur\u0103\u021bare mai intensiv\u0103 o dat\u0103 pe lun\u0103 pentru a elimina depunerile acumulate \u00een fibre.<\/li>\n<li><strong>Depozitare <\/strong>: \u00cenchide\u021bi bine recipientul dup\u0103 fiecare utilizare \u0219i depozita\u021bi-l \u00eentr-un loc r\u0103coros \u0219i uscat, ferit de lumin\u0103 \u0219i temperaturi extreme, pentru a p\u0103stra eficacitatea produsului \u00een timp.<\/li>\n<\/ul>\n<p>Cu cur\u0103\u021b\u0103torul nostru pentru pensule, asigura\u021bi o \u00eentre\u021binere eficient\u0103 \u0219i f\u0103r\u0103 efort, p\u0103str\u00e2nd \u00een acela\u0219i timp suple\u021bea \u0219i longevitatea uneltelor dvs. O solu\u021bie ideal\u0103 pentru a p\u0103stra pensulele \u00eentotdeauna gata de utilizare \u0219i cu o calitate optim\u0103 a aplic\u0103rii.<\/p>","protected":false},"excerpt":{"rendered":"<p>Optimal Efficiency.\u00a0This cleaner for paintbrushes is specially designed to effectively remove all types of paint residues, whether water-based or solvent-based. Its powerful formula quickly dissolves fresh or dried paint on brush bristles, restoring their suppleness and original effectiveness. It prevents clumping of bristles, preserves their quality, and ensures smooth application for future uses. Money-back guarantee.\u00a0We [&hellip;]<\/p>\n","protected":false},"featured_media":36024,"comment_status":"open","ping_status":"closed","template":"","meta":{"_uag_custom_page_level_css":"","site-sidebar-layout":"default","site-content-layout":"","ast-site-content-layout":"default","site-content-style":"default","site-sidebar-style":"default","ast-global-header-display":"","ast-banner-title-visibility":"","ast-main-header-display":"","ast-hfb-above-header-display":"","ast-hfb-below-header-display":"","ast-hfb-mobile-header-display":"","site-post-title":"","ast-breadcrumbs-content":"","ast-featured-img":"","footer-sml-layout":"","ast-disable-related-posts":"","theme-transparent-header-meta":"default","adv-header-id-meta":"","stick-header-meta":"","header-above-stick-meta":"","header-main-stick-meta":"","header-below-stick-meta":"","astra-migrate-meta-layouts":"set","ast-page-background-enabled":"default","ast-page-background-meta":{"desktop":{"background-color":"var(--ast-global-color-4)","background-image":"","background-repeat":"repeat","background-position":"center center","background-size":"auto","background-attachment":"scroll","background-type":"","background-media":"","overlay-type":"","overlay-color":"","overlay-opacity":"","overlay-gradient":""},"tablet":{"background-color":"","background-image":"","background-repeat":"repeat","background-position":"center center","background-size":"auto","background-attachment":"scroll","background-type":"","background-media":"","overlay-type":"","overlay-color":"","overlay-opacity":"","overlay-gradient":""},"mobile":{"background-color":"","background-image":"","background-repeat":"repeat","background-position":"center center","background-size":"auto","background-attachment":"scroll","background-type":"","background-media":"","overlay-type":"","overlay-color":"","overlay-opacity":"","overlay-gradient":""}},"ast-content-background-meta":{"desktop":{"background-color":"var(--ast-global-color-5)","background-image":"","background-repeat":"repeat","background-position":"center center","background-size":"auto","background-attachment":"scroll","background-type":"","background-media":"","overlay-type":"","overlay-color":"","overlay-opacity":"","overlay-gradient":""},"tablet":{"background-color":"var(--ast-global-color-5)","background-image":"","background-repeat":"repeat","background-position":"center center","background-size":"auto","background-attachment":"scroll","background-type":"","background-media":"","overlay-type":"","overlay-color":"","overlay-opacity":"","overlay-gradient":""},"mobile":{"background-color":"var(--ast-global-color-5)","background-image":"","background-repeat":"repeat","background-position":"center center","background-size":"auto","background-attachment":"scroll","background-type":"","background-media":"","overlay-type":"","overlay-color":"","overlay-opacity":"","overlay-gradient":""}}},"product_brand":[],"product_cat":[175],"product_tag":[],"class_list":{"0":"post-24753","1":"product","2":"type-product","3":"status-publish","4":"has-post-thumbnail","6":"product_cat-cleaning-products","7":"desktop-align-left","8":"tablet-align-left","9":"mobile-align-left","11":"first","12":"instock","13":"sale","14":"taxable","15":"shipping-taxable","16":"purchasable","17":"product-type-variable","18":"has-default-attributes"},"spectra_custom_meta":{"_visibility":["visible"],"_shopify_product_id":["9106220974325"],"_s2w_shopify_domain":["ferberpainting.myshopify.com"],"_shopify_variant_id":["46625708441845"],"_sku":[""],"_manage_stock":["no"],"total_sales":["14"],"_tax_status":["taxable"],"_tax_class":[""],"_backorders":["no"],"_sold_individually":["no"],"_virtual":["no"],"_downloadable":["no"],"_download_limit":["-1"],"_download_expiry":["-1"],"_stock":[null],"_stock_status":["instock"],"_wc_average_rating":["5.00"],"_wc_review_count":["12"],"_product_attributes":["a:1:{s:6:\"volume\";a:6:{s:4:\"name\";s:6:\"Volume\";s:5:\"value\";s:20:\"5 liters | 25 liters\";s:8:\"position\";i:1;s:10:\"is_visible\";i:0;s:12:\"is_variation\";i:1;s:11:\"is_taxonomy\";i:0;}}"],"_product_version":["10.5.1"],"wpse_downloadable_file_names":[""],"wpse_downloadable_file_urls":[""],"_edit_last":["1"],"_default_attributes":["a:1:{s:6:\"volume\";s:8:\"5 liters\";}"],"_edit_lock":["1771194149:1"],"_price":["29.90","129.90"],"merchant-center-availability":["yes"],"merchant-center-category":["328062"],"_thumbnail_id":["36024"],"_wp_page_template":["default"],"_wp_old_date":["2025-05-26"],"_product_image_gallery":["36026"],"site-sidebar-layout":["default"],"ast-site-content-layout":["default"],"site-content-style":["default"],"site-sidebar-style":["default"],"theme-transparent-header-meta":["default"],"_wc_rating_count":["a:1:{i:5;i:12;}"],"astra-migrate-meta-layouts":["set"],"_uag_css_file_name":["uag-css-24753.css"],"_elementor_page_assets":["a:0:{}"],"_uag_page_assets":["a:9:{s:3:\"css\";s:7133:\".uag-blocks-common-selector{z-index:var(--z-index-desktop) !important}@media(max-width: 976px){.uag-blocks-common-selector{z-index:var(--z-index-tablet) !important}}@media(max-width: 767px){.uag-blocks-common-selector{z-index:var(--z-index-mobile) !important}}.wp-block-uagb-image{display:flex}.wp-block-uagb-image__figure{position:relative;display:flex;flex-direction:column;max-width:100%;height:auto;margin:0}.wp-block-uagb-image__figure img{height:auto;display:flex;max-width:100%;transition:box-shadow .2s ease}.wp-block-uagb-image__figure>a{display:inline-block}.wp-block-uagb-image__figure figcaption{text-align:center;margin-top:.5em;margin-bottom:1em}.wp-block-uagb-image .components-placeholder.block-editor-media-placeholder .components-placeholder__instructions{align-self:center}.wp-block-uagb-image--align-left{text-align:left}.wp-block-uagb-image--align-right{text-align:right}.wp-block-uagb-image--align-center{text-align:center}.wp-block-uagb-image--align-full .wp-block-uagb-image__figure{margin-left:calc(50% - 50vw);margin-right:calc(50% - 50vw);max-width:100vw;width:100vw;height:auto}.wp-block-uagb-image--align-full .wp-block-uagb-image__figure img{height:auto;width:100% !important}.wp-block-uagb-image--align-wide .wp-block-uagb-image__figure img{height:auto;width:100%}.wp-block-uagb-image--layout-overlay__color-wrapper{position:absolute;left:0;top:0;right:0;bottom:0;opacity:.2;background:rgba(0,0,0,.5);transition:opacity .35s ease-in-out}.wp-block-uagb-image--layout-overlay-link{position:absolute;left:0;right:0;bottom:0;top:0}.wp-block-uagb-image--layout-overlay .wp-block-uagb-image__figure:hover .wp-block-uagb-image--layout-overlay__color-wrapper{opacity:1}.wp-block-uagb-image--layout-overlay__inner{position:absolute;left:15px;right:15px;bottom:15px;top:15px;display:flex;align-items:center;justify-content:center;flex-direction:column;border-color:#fff;transition:.35s ease-in-out}.wp-block-uagb-image--layout-overlay__inner.top-left,.wp-block-uagb-image--layout-overlay__inner.top-center,.wp-block-uagb-image--layout-overlay__inner.top-right{justify-content:flex-start}.wp-block-uagb-image--layout-overlay__inner.bottom-left,.wp-block-uagb-image--layout-overlay__inner.bottom-center,.wp-block-uagb-image--layout-overlay__inner.bottom-right{justify-content:flex-end}.wp-block-uagb-image--layout-overlay__inner.top-left,.wp-block-uagb-image--layout-overlay__inner.center-left,.wp-block-uagb-image--layout-overlay__inner.bottom-left{align-items:flex-start}.wp-block-uagb-image--layout-overlay__inner.top-right,.wp-block-uagb-image--layout-overlay__inner.center-right,.wp-block-uagb-image--layout-overlay__inner.bottom-right{align-items:flex-end}.wp-block-uagb-image--layout-overlay__inner .uagb-image-heading{color:#fff;transition:transform .35s,opacity .35s ease-in-out;transform:translate3d(0, 24px, 0);margin:0;line-height:1em}.wp-block-uagb-image--layout-overlay__inner .uagb-image-separator{width:30%;border-top-width:2px;border-top-color:#fff;border-top-style:solid;margin-bottom:10px;opacity:0;transition:transform .4s,opacity .4s ease-in-out;transform:translate3d(0, 30px, 0)}.wp-block-uagb-image--layout-overlay__inner .uagb-image-caption{opacity:0;overflow:visible;color:#fff;transition:transform .45s,opacity .45s ease-in-out;transform:translate3d(0, 35px, 0)}.wp-block-uagb-image--layout-overlay__inner:hover .uagb-image-heading,.wp-block-uagb-image--layout-overlay__inner:hover .uagb-image-separator,.wp-block-uagb-image--layout-overlay__inner:hover .uagb-image-caption{opacity:1;transform:translate3d(0, 0, 0)}.wp-block-uagb-image--effect-zoomin .wp-block-uagb-image__figure img,.wp-block-uagb-image--effect-zoomin .wp-block-uagb-image__figure .wp-block-uagb-image--layout-overlay__color-wrapper{transform:scale(1);transition:transform .35s ease-in-out}.wp-block-uagb-image--effect-zoomin .wp-block-uagb-image__figure:hover img,.wp-block-uagb-image--effect-zoomin .wp-block-uagb-image__figure:hover .wp-block-uagb-image--layout-overlay__color-wrapper{transform:scale(1.05)}.wp-block-uagb-image--effect-slide .wp-block-uagb-image__figure img,.wp-block-uagb-image--effect-slide .wp-block-uagb-image__figure .wp-block-uagb-image--layout-overlay__color-wrapper{width:calc(100% + 40px) !important;max-width:none !important;transform:translate3d(-40px, 0, 0);transition:transform .35s ease-in-out}.wp-block-uagb-image--effect-slide .wp-block-uagb-image__figure:hover img,.wp-block-uagb-image--effect-slide .wp-block-uagb-image__figure:hover .wp-block-uagb-image--layout-overlay__color-wrapper{transform:translate3d(0, 0, 0)}.wp-block-uagb-image--effect-grayscale img{filter:grayscale(0%);transition:.35s ease-in-out}.wp-block-uagb-image--effect-grayscale:hover img{filter:grayscale(100%)}.wp-block-uagb-image--effect-blur img{filter:blur(0);transition:.35s ease-in-out}.wp-block-uagb-image--effect-blur:hover img{filter:blur(3px)}.uagb-block-e6f939b3.wp-block-uagb-image--layout-default figure img{box-shadow: 0px 0px 0 #00000070;}.uagb-block-e6f939b3.wp-block-uagb-image .wp-block-uagb-image__figure figcaption{font-style: normal;align-self: center;}.uagb-block-e6f939b3.wp-block-uagb-image--layout-overlay figure img{box-shadow: 0px 0px 0 #00000070;}.uagb-block-e6f939b3.wp-block-uagb-image--layout-overlay .wp-block-uagb-image--layout-overlay__color-wrapper{opacity: 0.2;}.uagb-block-e6f939b3.wp-block-uagb-image--layout-overlay .wp-block-uagb-image--layout-overlay__inner{left: 15px;right: 15px;top: 15px;bottom: 15px;}.uagb-block-e6f939b3.wp-block-uagb-image--layout-overlay .wp-block-uagb-image--layout-overlay__inner .uagb-image-heading{font-style: normal;color: #fff;opacity: 1;}.uagb-block-e6f939b3.wp-block-uagb-image--layout-overlay .wp-block-uagb-image--layout-overlay__inner .uagb-image-heading a{color: #fff;}.uagb-block-e6f939b3.wp-block-uagb-image--layout-overlay .wp-block-uagb-image--layout-overlay__inner .uagb-image-caption{opacity: 0;}.uagb-block-e6f939b3.wp-block-uagb-image--layout-overlay .wp-block-uagb-image__figure:hover .wp-block-uagb-image--layout-overlay__color-wrapper{opacity: 1;}.uagb-block-e6f939b3.wp-block-uagb-image .wp-block-uagb-image--layout-overlay__inner .uagb-image-separator{width: 30%;border-top-width: 2px;border-top-color: #fff;opacity: 0;}.uagb-block-e6f939b3.wp-block-uagb-image .wp-block-uagb-image__figure img{width: px;height: auto;}.uagb-block-e6f939b3.wp-block-uagb-image .wp-block-uagb-image__figure:hover .wp-block-uagb-image--layout-overlay__inner .uagb-image-caption{opacity: 1;}.uagb-block-e6f939b3.wp-block-uagb-image .wp-block-uagb-image__figure:hover .wp-block-uagb-image--layout-overlay__inner .uagb-image-separator{opacity: 1;}.uagb-block-e6f939b3.wp-block-uagb-image--layout-default figure:hover img{box-shadow: 0px 0px 0 #00000070;}.uagb-block-e6f939b3.wp-block-uagb-image--layout-overlay figure:hover img{box-shadow: 0px 0px 0 #00000070;}@media only screen and (max-width: 976px) {.uagb-block-e6f939b3.wp-block-uagb-image .wp-block-uagb-image__figure img{width: px;height: auto;}}@media only screen and (max-width: 767px) {.uagb-block-e6f939b3.wp-block-uagb-image .wp-block-uagb-image__figure img{width: px;height: auto;}}\";s:2:\"js\";s:0:\"\";s:18:\"current_block_list\";a:13:{i:0;s:11:\"core\/search\";i:1;s:10:\"core\/group\";i:2;s:12:\"core\/heading\";i:3;s:17:\"core\/latest-posts\";i:4;s:20:\"core\/latest-comments\";i:5;s:13:\"core\/archives\";i:6;s:15:\"core\/categories\";i:7;s:14:\"core\/paragraph\";i:8;s:10:\"uagb\/image\";i:9;s:11:\"core\/spacer\";i:10;s:30:\"woocommerce\/product-categories\";i:11;s:10:\"core\/image\";i:12;s:14:\"core\/shortcode\";}s:8:\"uag_flag\";b:1;s:11:\"uag_version\";s:10:\"1777228561\";s:6:\"gfonts\";a:0:{}s:10:\"gfonts_url\";s:0:\"\";s:12:\"gfonts_files\";a:0:{}s:14:\"uag_faq_layout\";b:0;}"]},"uagb_featured_image_src":{"full":["https:\/\/www.ferberpainting.com\/wp-content\/uploads\/2025\/05\/Paintbrush-Cleaner-5L-.png",2560,2560,false],"thumbnail":["https:\/\/www.ferberpainting.com\/wp-content\/uploads\/2025\/05\/Paintbrush-Cleaner-5L--150x150.png",150,150,true],"medium":["https:\/\/www.ferberpainting.com\/wp-content\/uploads\/2025\/05\/Paintbrush-Cleaner-5L--300x300.png",300,300,true],"medium_large":["https:\/\/www.ferberpainting.com\/wp-content\/uploads\/2025\/05\/Paintbrush-Cleaner-5L--768x768.png",768,768,true],"large":["https:\/\/www.ferberpainting.com\/wp-content\/uploads\/2025\/05\/Paintbrush-Cleaner-5L--1024x1024.png",1024,1024,true],"1536x1536":["https:\/\/www.ferberpainting.com\/wp-content\/uploads\/2025\/05\/Paintbrush-Cleaner-5L--1536x1536.png",1536,1536,true],"2048x2048":["https:\/\/www.ferberpainting.com\/wp-content\/uploads\/2025\/05\/Paintbrush-Cleaner-5L--2048x2048.png",2048,2048,true],"trp-custom-language-flag":["https:\/\/www.ferberpainting.com\/wp-content\/uploads\/2025\/05\/Paintbrush-Cleaner-5L--12x12.png",12,12,true],"woocommerce_thumbnail":["https:\/\/www.ferberpainting.com\/wp-content\/uploads\/2025\/05\/Paintbrush-Cleaner-5L--300x300.png",300,300,true],"woocommerce_single":["https:\/\/www.ferberpainting.com\/wp-content\/uploads\/2025\/05\/Paintbrush-Cleaner-5L--600x600.png",600,600,true],"woocommerce_gallery_thumbnail":["https:\/\/www.ferberpainting.com\/wp-content\/uploads\/2025\/05\/Paintbrush-Cleaner-5L--100x100.png",100,100,true]},"uagb_author_info":{"display_name":"admin","author_link":"https:\/\/www.ferberpainting.com\/ro\/author\/"},"uagb_comment_info":12,"uagb_excerpt":"Optimal Efficiency.\u00a0This cleaner for paintbrushes is specially designed to effectively remove all types of paint residues, whether water-based or solvent-based. Its powerful formula quickly dissolves fresh or dried paint on brush bristles, restoring their suppleness and original effectiveness. It prevents clumping of bristles, preserves their quality, and ensures smooth application for future uses. Money-back guarantee.\u00a0We&hellip;","_links":{"self":[{"href":"https:\/\/www.ferberpainting.com\/ro\/wp-json\/wp\/v2\/product\/24753","targetHints":{"allow":["GET"]}}],"collection":[{"href":"https:\/\/www.ferberpainting.com\/ro\/wp-json\/wp\/v2\/product"}],"about":[{"href":"https:\/\/www.ferberpainting.com\/ro\/wp-json\/wp\/v2\/types\/product"}],"replies":[{"embeddable":true,"href":"https:\/\/www.ferberpainting.com\/ro\/wp-json\/wp\/v2\/comments?post=24753"}],"version-history":[{"count":3,"href":"https:\/\/www.ferberpainting.com\/ro\/wp-json\/wp\/v2\/product\/24753\/revisions"}],"predecessor-version":[{"id":166681,"href":"https:\/\/www.ferberpainting.com\/ro\/wp-json\/wp\/v2\/product\/24753\/revisions\/166681"}],"wp:featuredmedia":[{"embeddable":true,"href":"https:\/\/www.ferberpainting.com\/ro\/wp-json\/wp\/v2\/media\/36024"}],"wp:attachment":[{"href":"https:\/\/www.ferberpainting.com\/ro\/wp-json\/wp\/v2\/media?parent=24753"}],"wp:term":[{"taxonomy":"product_brand","embeddable":true,"href":"https:\/\/www.ferberpainting.com\/ro\/wp-json\/wp\/v2\/product_brand?post=24753"},{"taxonomy":"product_cat","embeddable":true,"href":"https:\/\/www.ferberpainting.com\/ro\/wp-json\/wp\/v2\/product_cat?post=24753"},{"taxonomy":"product_tag","embeddable":true,"href":"https:\/\/www.ferberpainting.com\/ro\/wp-json\/wp\/v2\/product_tag?post=24753"}],"curies":[{"name":"wp","href":"https:\/\/api.w.org\/{rel}","templated":true}]}}