{"id":24741,"date":"2025-07-01T00:21:51","date_gmt":"2025-06-30T22:21:51","guid":{"rendered":"https:\/\/www.ferberpainting.com\/?post_type=product&#038;p=24735"},"modified":"2026-02-15T23:14:12","modified_gmt":"2026-02-15T22:14:12","slug":"paint-cleaner","status":"publish","type":"product","link":"https:\/\/www.ferberpainting.com\/ro\/products\/paint-cleaner\/","title":{"rendered":"Cur\u0103\u021b\u0103tor pentru vopsele"},"content":{"rendered":"<p><strong><img decoding=\"async\" style=\"margin-right: 12px;\" src=\"https:\/\/www.ferberpainting.com\/wp-content\/uploads\/2026\/02\/Check.svg\" alt=\"\" width=\"18\" height=\"15\" \/>Eficien\u021b\u0103 optim\u0103.<\/strong>\u00a0Acest detergent pentru vopsele este conceput pentru a elimina eficient reziduurile de vopsea, petele, urmele de pensul\u0103 uscat\u0103 \u0219i stropii de pe o mare varietate de suprafe\u021be. Dizolv\u0103 \u00een profunzime impurit\u0103\u021bile f\u0103r\u0103 a deteriora materialele tratate, red\u00e2ndu-le aspectul original. Datorit\u0103 formulei sale puternice, ac\u021bioneaz\u0103 rapid asupra vopselelor pe baz\u0103 de ap\u0103, solvent sau lac, asigur\u00e2nd o cur\u0103\u021bare perfect\u0103 f\u0103r\u0103 efort.<\/p>\n<p><strong><img decoding=\"async\" style=\"margin-right: 12px;\" src=\"https:\/\/www.ferberpainting.com\/wp-content\/uploads\/2026\/02\/Check.svg\" alt=\"\" width=\"18\" height=\"15\" \/>Garan\u021bie de restituire a banilor.<\/strong>\u00a0Avem \u00eencredere deplin\u0103 \u00een eficien\u021ba produsului nostru de cur\u0103\u021bare a vopselelor. Dac\u0103, dup\u0103 utilizare, nu sunte\u021bi pe deplin mul\u021bumit de rezultate, sunte\u021bi eligibil pentru o rambursare complet\u0103. Acest lucru v\u0103 permite s\u0103 testa\u021bi produsul f\u0103r\u0103 riscuri \u0219i s\u0103 v\u0103 bucura\u021bi de puterea sa de cur\u0103\u021bare de neegalat.<\/p>\n<p><strong><img decoding=\"async\" style=\"margin-right: 12px;\" src=\"https:\/\/www.ferberpainting.com\/wp-content\/uploads\/2026\/02\/Check.svg\" alt=\"\" width=\"18\" height=\"15\" \/>Versatilitate excep\u021bional\u0103.<\/strong>\u00a0Acest detergent nu se limiteaz\u0103 la uneltele de vopsit! De asemenea, este eficient pe multe suprafe\u021be precum lemn, metal, PVC, sticl\u0103, piatr\u0103, beton \u0219i gresie. Poate fi folosit pentru a cur\u0103\u021ba pensulele, rolele, pistoalele de pulverizare, paletele arti\u0219tilor, pere\u021bii, podelele \u0219i mobilierul p\u0103tat cu vopsea. Ac\u021biunea sa multifunc\u021bional\u0103 \u00eel face un aliat esen\u021bial at\u00e2t pentru profesioni\u0219ti, c\u00e2t \u0219i pentru amatori.<\/p>\n<p><strong><img decoding=\"async\" style=\"margin-right: 12px;\" src=\"https:\/\/www.ferberpainting.com\/wp-content\/uploads\/2026\/02\/Check.svg\" alt=\"\" width=\"18\" height=\"15\" \/>Performan\u021b\u0103 rentabil\u0103.<\/strong>\u00a0Datorit\u0103 concentra\u021biei ridicate \u0219i eficien\u021bei sale imediate, acest produs de cur\u0103\u021bare ofer\u0103 un randament excelent cu un necesar minim de produs. Un litru de produs poate trata p\u00e2n\u0103 la 50 m\u00b2 de suprafa\u021b\u0103 murdar\u0103 sau poate cur\u0103\u021ba complet multe perii \u0219i role. Formatul s\u0103u de 5 litri permite utilizarea prelungit\u0103, reduc\u00e2nd frecven\u021ba achizi\u021biilor \u0219i costurile de \u00eentre\u021binere.<\/p>\n<p><strong><img decoding=\"async\" style=\"margin-right: 12px;\" src=\"https:\/\/www.ferberpainting.com\/wp-content\/uploads\/2026\/02\/Check.svg\" alt=\"\" width=\"18\" height=\"15\" \/>Sigur de utilizat.<\/strong>\u00a0Spre deosebire de solven\u021bii agresivi care elibereaz\u0103 vapori toxici \u0219i provoac\u0103 irita\u021bii ale pielii, acest detergent este formulat pentru a minimiza riscurile de aplicare. Nu con\u021bine substan\u021be corozive care pot altera suprafe\u021bele sensibile \u0219i respect\u0103 reglement\u0103rile de mediu. Este sigur de utilizat at\u00e2t \u00een spa\u021bii \u00eenchise, c\u00e2t \u0219i \u00een spa\u021bii deschise, oferind un confort optim utilizatorului.<\/p>\n<p><strong><img decoding=\"async\" style=\"margin-right: 12px;\" src=\"https:\/\/www.ferberpainting.com\/wp-content\/uploads\/2026\/02\/Check.svg\" alt=\"\" width=\"18\" height=\"15\" \/>U\u0219urin\u021ba de utilizare.<\/strong>\u00a0Acest produs este gata de utilizare \u0219i nu necesit\u0103 diluare sau manipulare complex\u0103. Se aplic\u0103 direct pe zona de cur\u0103\u021bat folosind un burete, o c\u00e2rp\u0103, o perie sau o sticl\u0103 cu pulverizator. Ac\u021bioneaz\u0103 \u00een doar c\u00e2teva minute \u0219i se cl\u0103te\u0219te u\u0219or f\u0103r\u0103 a l\u0103sa reziduuri. Economise\u0219te timp \u0219i ofer\u0103 un rezultat impecabil cu o simplitate total\u0103.<\/p>\n<p><strong><img decoding=\"async\" style=\"margin-right: 12px;\" src=\"https:\/\/www.ferberpainting.com\/wp-content\/uploads\/2026\/02\/Check.svg\" alt=\"\" width=\"18\" height=\"15\" \/>Durabilitate extins\u0103.<\/strong>\u00a0Datorit\u0103 ac\u021biunii sale de cur\u0103\u021bare profund\u0103, acest detergent prelunge\u0219te durata de via\u021b\u0103 a uneltelor de vopsit \u0219i a suprafe\u021belor vopsite. P\u0103streaz\u0103 periile pensulelor, previne acumularea de role \u0219i protejeaz\u0103 suprafe\u021bele tratate de uzura prematur\u0103 cauzat\u0103 de reziduurile de vopsea r\u0103mase. P\u0103strarea echipamentului \u00een stare bun\u0103 ajut\u0103 la evitarea \u00eenlocuirii frecvente \u0219i sprijin\u0103 utilizarea mai durabil\u0103 a resurselor.<\/p>\n<p><strong><img decoding=\"async\" style=\"margin-right: 12px;\" src=\"https:\/\/www.ferberpainting.com\/wp-content\/uploads\/2026\/02\/Check.svg\" alt=\"\" width=\"18\" height=\"15\" \/>Ac\u021biune rapid\u0103.<\/strong>\u00a0Acest detergent ac\u021bioneaz\u0103 instantaneu la aplicare. \u00cendep\u0103rteaz\u0103 eficient petele \u0219i reziduurile f\u0103r\u0103 a fi nevoie s\u0103 freca\u021bi ore \u00een \u0219ir. \u00cen doar c\u00e2teva minute, dizolv\u0103 vopseaua uscat\u0103 \u0219i face \u00eendep\u0103rtarea f\u0103r\u0103 efort, economisind timp pre\u021bios pentru utilizator.<\/p>\n<h2><strong>Protocol de utilizare<\/strong><\/h2>\n<ul>\n<li><strong>Preg\u0103tire <\/strong>: Asigura\u021bi-v\u0103 c\u0103 suprafa\u021ba de cur\u0103\u021bat este uscat\u0103 \u0219i lipsit\u0103 de praf \u00eenainte de aplicare. Pentru rezultate optime, \u00eendep\u0103rta\u021bi \u00een prealabil reziduurile groase cu ajutorul unei spatule sau a unei c\u00e2rpe uscate.<\/li>\n<li><strong>Aplicare manual\u0103 pe unelte <\/strong>: Turna\u021bi o cantitate mic\u0103 de detergent \u00eentr-un recipient \u0219i \u00eenmuia\u021bi perii, rolele sau alte unelte. L\u0103sa\u021bi-le la \u00eenmuiat timp de c\u00e2teva minute, apoi freca\u021bi u\u0219or cu o perie sau o c\u00e2rp\u0103 pentru a \u00eendep\u0103rta reziduurile de vopsea. Cl\u0103ti\u021bi bine cu ap\u0103 curat\u0103 \u0219i usca\u021bi uneltele \u00eenainte de a le reutiliza.<\/li>\n<li><strong>Aplicarea pe suprafe\u021be vopsite <\/strong>: Aplica\u021bi direct pe zona p\u0103tat\u0103 folosind un burete sau o c\u00e2rp\u0103 \u00eenmuiat\u0103 \u00een produs. L\u0103sa\u021bi s\u0103 ac\u021bioneze timp de 2 p\u00e2n\u0103 la 5 minute pentru a permite produsului de cur\u0103\u021bare s\u0103 dizolve vopseaua, apoi freca\u021bi u\u0219or dac\u0103 este necesar. \u0218terge\u021bi cu o c\u00e2rp\u0103 curat\u0103 \u0219i cl\u0103ti\u021bi cu ap\u0103 curat\u0103.<\/li>\n<li><strong>\u00cendep\u0103rtarea stropilor de vopsea <\/strong>: Pentru a elimina petele de pe sticl\u0103, lemn, metal sau gresie, aplica\u021bi produsul cu o c\u00e2rp\u0103 moale \u0219i freca\u021bi u\u0219or. L\u0103sa\u021bi s\u0103 ac\u021bioneze timp de c\u00e2teva minute, apoi \u0219terge\u021bi cu o c\u00e2rp\u0103 umed\u0103. \u0218terge\u021bi zona cu o c\u00e2rp\u0103 curat\u0103 pentru un rezultat f\u0103r\u0103 pat\u0103.<\/li>\n<li><strong>Cl\u0103tire \u0219i finisare <\/strong>: Dup\u0103 ce vopseaua este dizolvat\u0103, cl\u0103ti\u021bi suprafa\u021ba tratat\u0103 cu ap\u0103 c\u0103ldu\u021b\u0103 sau \u0219terge\u021bi cu o c\u00e2rp\u0103 umed\u0103 pentru a \u00eendep\u0103rta toate urmele produsului. Pentru un finisaj perfect, usca\u021bi zona cu o c\u00e2rp\u0103 curat\u0103.<\/li>\n<li><strong>Frecven\u021ba utiliz\u0103rii <\/strong>: Utiliza\u021bi dup\u0103 fiecare cur\u0103\u021bare a uneltelor sau dup\u0103 fiecare sesiune de vopsire pentru a \u00eendep\u0103rta excesul de vopsea \u0219i a prelungi durata de via\u021b\u0103 a pensulelor \u0219i rolelor. Pentru utilizarea la suprafa\u021b\u0103, aplica\u021bi dup\u0103 cum este necesar \u00een func\u021bie de petele \u0219i reziduurile prezente.<\/li>\n<li><strong>Depozitare <\/strong>: Depozita\u021bi recipientul \u00eentr-un loc r\u0103coros, uscat, departe de c\u0103ldur\u0103 \u0219i de lumina direct\u0103 a soarelui. \u00centotdeauna resigila\u021bi bine dup\u0103 utilizare pentru a preveni evaporarea sau alterarea produsului.<\/li>\n<\/ul>\n<p>Cu dispozitivul nostru de cur\u0103\u021bare a vopselelor, bucura\u021bi-v\u0103 de o \u00eentre\u021binere eficient\u0103 \u0219i f\u0103r\u0103 efort, p\u0103str\u00e2nd \u00een acela\u0219i timp cur\u0103\u021benia uneltelor \u0219i suprafe\u021belor dvs. O solu\u021bie ideal\u0103 pentru cur\u0103\u021barea optim\u0103 \u0219i gestionarea durabil\u0103 a echipamentelor dvs. de vopsire.<\/p>","protected":false},"excerpt":{"rendered":"<p>Optimal Efficiency.\u00a0This paint cleaner is designed to effectively eliminate paint residues, stains, dried brush marks, and splatters on a wide variety of surfaces. It deeply dissolves impurities without damaging treated materials, restoring their original appearance. Thanks to its powerful formula, it acts quickly on water-based, solvent-based, or varnish paints, ensuring perfect cleaning with no effort. [&hellip;]<\/p>\n","protected":false},"featured_media":36065,"comment_status":"open","ping_status":"closed","template":"","meta":{"_uag_custom_page_level_css":"","site-sidebar-layout":"default","site-content-layout":"","ast-site-content-layout":"default","site-content-style":"default","site-sidebar-style":"default","ast-global-header-display":"","ast-banner-title-visibility":"","ast-main-header-display":"","ast-hfb-above-header-display":"","ast-hfb-below-header-display":"","ast-hfb-mobile-header-display":"","site-post-title":"","ast-breadcrumbs-content":"","ast-featured-img":"","footer-sml-layout":"","ast-disable-related-posts":"","theme-transparent-header-meta":"default","adv-header-id-meta":"","stick-header-meta":"","header-above-stick-meta":"","header-main-stick-meta":"","header-below-stick-meta":"","astra-migrate-meta-layouts":"set","ast-page-background-enabled":"default","ast-page-background-meta":{"desktop":{"background-color":"var(--ast-global-color-4)","background-image":"","background-repeat":"repeat","background-position":"center center","background-size":"auto","background-attachment":"scroll","background-type":"","background-media":"","overlay-type":"","overlay-color":"","overlay-opacity":"","overlay-gradient":""},"tablet":{"background-color":"","background-image":"","background-repeat":"repeat","background-position":"center center","background-size":"auto","background-attachment":"scroll","background-type":"","background-media":"","overlay-type":"","overlay-color":"","overlay-opacity":"","overlay-gradient":""},"mobile":{"background-color":"","background-image":"","background-repeat":"repeat","background-position":"center center","background-size":"auto","background-attachment":"scroll","background-type":"","background-media":"","overlay-type":"","overlay-color":"","overlay-opacity":"","overlay-gradient":""}},"ast-content-background-meta":{"desktop":{"background-color":"var(--ast-global-color-5)","background-image":"","background-repeat":"repeat","background-position":"center center","background-size":"auto","background-attachment":"scroll","background-type":"","background-media":"","overlay-type":"","overlay-color":"","overlay-opacity":"","overlay-gradient":""},"tablet":{"background-color":"var(--ast-global-color-5)","background-image":"","background-repeat":"repeat","background-position":"center center","background-size":"auto","background-attachment":"scroll","background-type":"","background-media":"","overlay-type":"","overlay-color":"","overlay-opacity":"","overlay-gradient":""},"mobile":{"background-color":"var(--ast-global-color-5)","background-image":"","background-repeat":"repeat","background-position":"center center","background-size":"auto","background-attachment":"scroll","background-type":"","background-media":"","overlay-type":"","overlay-color":"","overlay-opacity":"","overlay-gradient":""}}},"product_brand":[],"product_cat":[175],"product_tag":[],"class_list":{"0":"post-24741","1":"product","2":"type-product","3":"status-publish","4":"has-post-thumbnail","6":"product_cat-cleaning-products","7":"desktop-align-left","8":"tablet-align-left","9":"mobile-align-left","11":"first","12":"instock","13":"sale","14":"taxable","15":"shipping-taxable","16":"purchasable","17":"product-type-variable","18":"has-default-attributes"},"spectra_custom_meta":{"_visibility":["visible"],"_shopify_product_id":["9106537545973"],"_s2w_shopify_domain":["ferberpainting.myshopify.com"],"_shopify_variant_id":["46626245902581"],"_sku":[""],"_manage_stock":["no"],"total_sales":["11"],"_tax_status":["taxable"],"_tax_class":[""],"_backorders":["no"],"_sold_individually":["no"],"_virtual":["no"],"_downloadable":["no"],"_download_limit":["-1"],"_download_expiry":["-1"],"_stock":[null],"_stock_status":["instock"],"_wc_average_rating":["5.00"],"_wc_review_count":["8"],"_product_attributes":["a:1:{s:6:\"volume\";a:6:{s:4:\"name\";s:6:\"Volume\";s:5:\"value\";s:20:\"5 liters | 25 liters\";s:8:\"position\";i:1;s:10:\"is_visible\";i:0;s:12:\"is_variation\";i:1;s:11:\"is_taxonomy\";i:0;}}"],"_product_version":["10.5.1"],"wpse_downloadable_file_names":[""],"wpse_downloadable_file_urls":[""],"_edit_last":["1"],"_default_attributes":["a:1:{s:6:\"volume\";s:8:\"5 liters\";}"],"_edit_lock":["1771193525:1"],"_price":["29.90","129.90"],"merchant-center-availability":["yes"],"merchant-center-category":["503741"],"_thumbnail_id":["36065"],"_wp_page_template":["default"],"_wp_old_date":["2025-05-26"],"_product_image_gallery":["36066"],"site-sidebar-layout":["default"],"ast-site-content-layout":["default"],"site-content-style":["default"],"site-sidebar-style":["default"],"theme-transparent-header-meta":["default"],"_wc_rating_count":["a:1:{i:5;i:8;}"],"astra-migrate-meta-layouts":["set"],"_uag_css_file_name":["uag-css-24741.css"],"_elementor_page_assets":["a:0:{}"],"_uag_page_assets":["a:9:{s:3:\"css\";s:7133:\".uag-blocks-common-selector{z-index:var(--z-index-desktop) !important}@media(max-width: 976px){.uag-blocks-common-selector{z-index:var(--z-index-tablet) !important}}@media(max-width: 767px){.uag-blocks-common-selector{z-index:var(--z-index-mobile) !important}}.wp-block-uagb-image{display:flex}.wp-block-uagb-image__figure{position:relative;display:flex;flex-direction:column;max-width:100%;height:auto;margin:0}.wp-block-uagb-image__figure img{height:auto;display:flex;max-width:100%;transition:box-shadow .2s ease}.wp-block-uagb-image__figure>a{display:inline-block}.wp-block-uagb-image__figure figcaption{text-align:center;margin-top:.5em;margin-bottom:1em}.wp-block-uagb-image .components-placeholder.block-editor-media-placeholder .components-placeholder__instructions{align-self:center}.wp-block-uagb-image--align-left{text-align:left}.wp-block-uagb-image--align-right{text-align:right}.wp-block-uagb-image--align-center{text-align:center}.wp-block-uagb-image--align-full .wp-block-uagb-image__figure{margin-left:calc(50% - 50vw);margin-right:calc(50% - 50vw);max-width:100vw;width:100vw;height:auto}.wp-block-uagb-image--align-full .wp-block-uagb-image__figure img{height:auto;width:100% !important}.wp-block-uagb-image--align-wide .wp-block-uagb-image__figure img{height:auto;width:100%}.wp-block-uagb-image--layout-overlay__color-wrapper{position:absolute;left:0;top:0;right:0;bottom:0;opacity:.2;background:rgba(0,0,0,.5);transition:opacity .35s ease-in-out}.wp-block-uagb-image--layout-overlay-link{position:absolute;left:0;right:0;bottom:0;top:0}.wp-block-uagb-image--layout-overlay .wp-block-uagb-image__figure:hover .wp-block-uagb-image--layout-overlay__color-wrapper{opacity:1}.wp-block-uagb-image--layout-overlay__inner{position:absolute;left:15px;right:15px;bottom:15px;top:15px;display:flex;align-items:center;justify-content:center;flex-direction:column;border-color:#fff;transition:.35s ease-in-out}.wp-block-uagb-image--layout-overlay__inner.top-left,.wp-block-uagb-image--layout-overlay__inner.top-center,.wp-block-uagb-image--layout-overlay__inner.top-right{justify-content:flex-start}.wp-block-uagb-image--layout-overlay__inner.bottom-left,.wp-block-uagb-image--layout-overlay__inner.bottom-center,.wp-block-uagb-image--layout-overlay__inner.bottom-right{justify-content:flex-end}.wp-block-uagb-image--layout-overlay__inner.top-left,.wp-block-uagb-image--layout-overlay__inner.center-left,.wp-block-uagb-image--layout-overlay__inner.bottom-left{align-items:flex-start}.wp-block-uagb-image--layout-overlay__inner.top-right,.wp-block-uagb-image--layout-overlay__inner.center-right,.wp-block-uagb-image--layout-overlay__inner.bottom-right{align-items:flex-end}.wp-block-uagb-image--layout-overlay__inner .uagb-image-heading{color:#fff;transition:transform .35s,opacity .35s ease-in-out;transform:translate3d(0, 24px, 0);margin:0;line-height:1em}.wp-block-uagb-image--layout-overlay__inner .uagb-image-separator{width:30%;border-top-width:2px;border-top-color:#fff;border-top-style:solid;margin-bottom:10px;opacity:0;transition:transform .4s,opacity .4s ease-in-out;transform:translate3d(0, 30px, 0)}.wp-block-uagb-image--layout-overlay__inner .uagb-image-caption{opacity:0;overflow:visible;color:#fff;transition:transform .45s,opacity .45s ease-in-out;transform:translate3d(0, 35px, 0)}.wp-block-uagb-image--layout-overlay__inner:hover .uagb-image-heading,.wp-block-uagb-image--layout-overlay__inner:hover .uagb-image-separator,.wp-block-uagb-image--layout-overlay__inner:hover .uagb-image-caption{opacity:1;transform:translate3d(0, 0, 0)}.wp-block-uagb-image--effect-zoomin .wp-block-uagb-image__figure img,.wp-block-uagb-image--effect-zoomin .wp-block-uagb-image__figure .wp-block-uagb-image--layout-overlay__color-wrapper{transform:scale(1);transition:transform .35s ease-in-out}.wp-block-uagb-image--effect-zoomin .wp-block-uagb-image__figure:hover img,.wp-block-uagb-image--effect-zoomin .wp-block-uagb-image__figure:hover .wp-block-uagb-image--layout-overlay__color-wrapper{transform:scale(1.05)}.wp-block-uagb-image--effect-slide .wp-block-uagb-image__figure img,.wp-block-uagb-image--effect-slide .wp-block-uagb-image__figure .wp-block-uagb-image--layout-overlay__color-wrapper{width:calc(100% + 40px) !important;max-width:none !important;transform:translate3d(-40px, 0, 0);transition:transform .35s ease-in-out}.wp-block-uagb-image--effect-slide .wp-block-uagb-image__figure:hover img,.wp-block-uagb-image--effect-slide .wp-block-uagb-image__figure:hover .wp-block-uagb-image--layout-overlay__color-wrapper{transform:translate3d(0, 0, 0)}.wp-block-uagb-image--effect-grayscale img{filter:grayscale(0%);transition:.35s ease-in-out}.wp-block-uagb-image--effect-grayscale:hover img{filter:grayscale(100%)}.wp-block-uagb-image--effect-blur img{filter:blur(0);transition:.35s ease-in-out}.wp-block-uagb-image--effect-blur:hover img{filter:blur(3px)}.uagb-block-e6f939b3.wp-block-uagb-image--layout-default figure img{box-shadow: 0px 0px 0 #00000070;}.uagb-block-e6f939b3.wp-block-uagb-image .wp-block-uagb-image__figure figcaption{font-style: normal;align-self: center;}.uagb-block-e6f939b3.wp-block-uagb-image--layout-overlay figure img{box-shadow: 0px 0px 0 #00000070;}.uagb-block-e6f939b3.wp-block-uagb-image--layout-overlay .wp-block-uagb-image--layout-overlay__color-wrapper{opacity: 0.2;}.uagb-block-e6f939b3.wp-block-uagb-image--layout-overlay .wp-block-uagb-image--layout-overlay__inner{left: 15px;right: 15px;top: 15px;bottom: 15px;}.uagb-block-e6f939b3.wp-block-uagb-image--layout-overlay .wp-block-uagb-image--layout-overlay__inner .uagb-image-heading{font-style: normal;color: #fff;opacity: 1;}.uagb-block-e6f939b3.wp-block-uagb-image--layout-overlay .wp-block-uagb-image--layout-overlay__inner .uagb-image-heading a{color: #fff;}.uagb-block-e6f939b3.wp-block-uagb-image--layout-overlay .wp-block-uagb-image--layout-overlay__inner .uagb-image-caption{opacity: 0;}.uagb-block-e6f939b3.wp-block-uagb-image--layout-overlay .wp-block-uagb-image__figure:hover .wp-block-uagb-image--layout-overlay__color-wrapper{opacity: 1;}.uagb-block-e6f939b3.wp-block-uagb-image .wp-block-uagb-image--layout-overlay__inner .uagb-image-separator{width: 30%;border-top-width: 2px;border-top-color: #fff;opacity: 0;}.uagb-block-e6f939b3.wp-block-uagb-image .wp-block-uagb-image__figure img{width: px;height: auto;}.uagb-block-e6f939b3.wp-block-uagb-image .wp-block-uagb-image__figure:hover .wp-block-uagb-image--layout-overlay__inner .uagb-image-caption{opacity: 1;}.uagb-block-e6f939b3.wp-block-uagb-image .wp-block-uagb-image__figure:hover .wp-block-uagb-image--layout-overlay__inner .uagb-image-separator{opacity: 1;}.uagb-block-e6f939b3.wp-block-uagb-image--layout-default figure:hover img{box-shadow: 0px 0px 0 #00000070;}.uagb-block-e6f939b3.wp-block-uagb-image--layout-overlay figure:hover img{box-shadow: 0px 0px 0 #00000070;}@media only screen and (max-width: 976px) {.uagb-block-e6f939b3.wp-block-uagb-image .wp-block-uagb-image__figure img{width: px;height: auto;}}@media only screen and (max-width: 767px) {.uagb-block-e6f939b3.wp-block-uagb-image .wp-block-uagb-image__figure img{width: px;height: auto;}}\";s:2:\"js\";s:0:\"\";s:18:\"current_block_list\";a:13:{i:0;s:11:\"core\/search\";i:1;s:10:\"core\/group\";i:2;s:12:\"core\/heading\";i:3;s:17:\"core\/latest-posts\";i:4;s:20:\"core\/latest-comments\";i:5;s:13:\"core\/archives\";i:6;s:15:\"core\/categories\";i:7;s:14:\"core\/paragraph\";i:8;s:10:\"uagb\/image\";i:9;s:11:\"core\/spacer\";i:10;s:30:\"woocommerce\/product-categories\";i:11;s:10:\"core\/image\";i:12;s:14:\"core\/shortcode\";}s:8:\"uag_flag\";b:1;s:11:\"uag_version\";s:10:\"1777196026\";s:6:\"gfonts\";a:0:{}s:10:\"gfonts_url\";s:0:\"\";s:12:\"gfonts_files\";a:0:{}s:14:\"uag_faq_layout\";b:0;}"]},"uagb_featured_image_src":{"full":["https:\/\/www.ferberpainting.com\/wp-content\/uploads\/2025\/05\/Paint-Cleaner-5L.png",2560,2560,false],"thumbnail":["https:\/\/www.ferberpainting.com\/wp-content\/uploads\/2025\/05\/Paint-Cleaner-5L-150x150.png",150,150,true],"medium":["https:\/\/www.ferberpainting.com\/wp-content\/uploads\/2025\/05\/Paint-Cleaner-5L-300x300.png",300,300,true],"medium_large":["https:\/\/www.ferberpainting.com\/wp-content\/uploads\/2025\/05\/Paint-Cleaner-5L-768x768.png",768,768,true],"large":["https:\/\/www.ferberpainting.com\/wp-content\/uploads\/2025\/05\/Paint-Cleaner-5L-1024x1024.png",1024,1024,true],"1536x1536":["https:\/\/www.ferberpainting.com\/wp-content\/uploads\/2025\/05\/Paint-Cleaner-5L-1536x1536.png",1536,1536,true],"2048x2048":["https:\/\/www.ferberpainting.com\/wp-content\/uploads\/2025\/05\/Paint-Cleaner-5L-2048x2048.png",2048,2048,true],"trp-custom-language-flag":["https:\/\/www.ferberpainting.com\/wp-content\/uploads\/2025\/05\/Paint-Cleaner-5L-12x12.png",12,12,true],"woocommerce_thumbnail":["https:\/\/www.ferberpainting.com\/wp-content\/uploads\/2025\/05\/Paint-Cleaner-5L-300x300.png",300,300,true],"woocommerce_single":["https:\/\/www.ferberpainting.com\/wp-content\/uploads\/2025\/05\/Paint-Cleaner-5L-600x600.png",600,600,true],"woocommerce_gallery_thumbnail":["https:\/\/www.ferberpainting.com\/wp-content\/uploads\/2025\/05\/Paint-Cleaner-5L-100x100.png",100,100,true]},"uagb_author_info":{"display_name":"admin","author_link":"https:\/\/www.ferberpainting.com\/ro\/author\/"},"uagb_comment_info":8,"uagb_excerpt":"Optimal Efficiency.\u00a0This paint cleaner is designed to effectively eliminate paint residues, stains, dried brush marks, and splatters on a wide variety of surfaces. It deeply dissolves impurities without damaging treated materials, restoring their original appearance. Thanks to its powerful formula, it acts quickly on water-based, solvent-based, or varnish paints, ensuring perfect cleaning with no effort.&hellip;","_links":{"self":[{"href":"https:\/\/www.ferberpainting.com\/ro\/wp-json\/wp\/v2\/product\/24741","targetHints":{"allow":["GET"]}}],"collection":[{"href":"https:\/\/www.ferberpainting.com\/ro\/wp-json\/wp\/v2\/product"}],"about":[{"href":"https:\/\/www.ferberpainting.com\/ro\/wp-json\/wp\/v2\/types\/product"}],"replies":[{"embeddable":true,"href":"https:\/\/www.ferberpainting.com\/ro\/wp-json\/wp\/v2\/comments?post=24741"}],"version-history":[{"count":4,"href":"https:\/\/www.ferberpainting.com\/ro\/wp-json\/wp\/v2\/product\/24741\/revisions"}],"predecessor-version":[{"id":166668,"href":"https:\/\/www.ferberpainting.com\/ro\/wp-json\/wp\/v2\/product\/24741\/revisions\/166668"}],"wp:featuredmedia":[{"embeddable":true,"href":"https:\/\/www.ferberpainting.com\/ro\/wp-json\/wp\/v2\/media\/36065"}],"wp:attachment":[{"href":"https:\/\/www.ferberpainting.com\/ro\/wp-json\/wp\/v2\/media?parent=24741"}],"wp:term":[{"taxonomy":"product_brand","embeddable":true,"href":"https:\/\/www.ferberpainting.com\/ro\/wp-json\/wp\/v2\/product_brand?post=24741"},{"taxonomy":"product_cat","embeddable":true,"href":"https:\/\/www.ferberpainting.com\/ro\/wp-json\/wp\/v2\/product_cat?post=24741"},{"taxonomy":"product_tag","embeddable":true,"href":"https:\/\/www.ferberpainting.com\/ro\/wp-json\/wp\/v2\/product_tag?post=24741"}],"curies":[{"name":"wp","href":"https:\/\/api.w.org\/{rel}","templated":true}]}}