{"id":24738,"date":"2025-05-26T10:26:53","date_gmt":"2025-05-26T08:26:53","guid":{"rendered":"https:\/\/www.ferberpainting.com\/products\/oxalic-acid-liquid-solution\/"},"modified":"2026-02-24T13:22:43","modified_gmt":"2026-02-24T12:22:43","slug":"oxalic-acid-liquid-solution","status":"publish","type":"product","link":"https:\/\/www.ferberpainting.com\/ro\/products\/oxalic-acid-liquid-solution\/","title":{"rendered":"Olu\u021bie lichid\u0103 de acid oxalic"},"content":{"rendered":"<p><strong><img decoding=\"async\" style=\"margin-right: 12px;\" src=\"https:\/\/www.ferberpainting.com\/wp-content\/uploads\/2026\/02\/Check.svg\" alt=\"\" width=\"18\" height=\"15\" \/>Un puternic agent natural de cur\u0103\u021bare \u0219i de \u00eendep\u0103rtare a petelor.<\/strong>\u00a0Acidul oxalic lichid este un produs foarte eficient pentru \u00eendep\u0103rtarea petelor dure, a depunerilor de rugin\u0103 \u0219i a urmelor de oxidare de pe diverse suprafe\u021be. Acesta p\u0103trunde \u00een profunzime pentru a reda str\u0103lucirea materialelor \u0219i pentru a le reda aspectul f\u0103r\u0103 a le altera structura.<\/p>\n<p><strong><img decoding=\"async\" style=\"margin-right: 12px;\" src=\"https:\/\/www.ferberpainting.com\/wp-content\/uploads\/2026\/02\/Check.svg\" alt=\"\" width=\"18\" height=\"15\" \/>Garan\u021bie de restituire a banilor.<\/strong>\u00a0Avem \u00eencredere deplin\u0103 \u00een eficien\u021ba acidului oxalic lichid. Acesta este motivul pentru care oferim o garan\u021bie de returnare a banilor. Dac\u0103 produsul nu v\u0103 satisface a\u0219tept\u0103rile sau nu ofer\u0103 rezultatele a\u0219teptate, pute\u021bi solicita rambursarea f\u0103r\u0103 condi\u021bii, asigur\u00e2nd o achizi\u021bie f\u0103r\u0103 riscuri.<\/p>\n<p><strong><img decoding=\"async\" style=\"margin-right: 12px;\" src=\"https:\/\/www.ferberpainting.com\/wp-content\/uploads\/2026\/02\/Check.svg\" alt=\"\" width=\"18\" height=\"15\" \/>Compatibil cu o gam\u0103 larg\u0103 de materiale.<\/strong>\u00a0Acest produs versatil de cur\u0103\u021bare \u0219i \u00eendep\u0103rtare a petelor este compatibil cu lemnul, marmura, granitul, betonul, piatra natural\u0103, gresia, fierul, o\u021belul inoxidabil \u0219i aluminiul. Este ideal pentru cur\u0103\u021barea suprafe\u021belor foarte murdare, revigorarea fa\u021badelor, \u00eenviorarea lemnului \u0219i \u00eendep\u0103rtarea petelor de rugin\u0103 de pe metale \u0219i pardoseli.<\/p>\n<p><strong><img decoding=\"async\" style=\"margin-right: 12px;\" src=\"https:\/\/www.ferberpainting.com\/wp-content\/uploads\/2026\/02\/Check.svg\" alt=\"\" width=\"18\" height=\"15\" \/>Performan\u021b\u0103 economic\u0103 optim\u0103.<\/strong>\u00a0Datorit\u0103 formulei sale concentrate, 1 litru de acid oxalic lichid poate trata \u00eentre 5 \u0219i 10 m\u00b2, \u00een func\u021bie de porozitatea \u0219i starea suprafe\u021belor. Capacitatea sa puternic\u0103 de cur\u0103\u021bare reduce nevoia de cantit\u0103\u021bi mari de produs, ceea ce \u00eel face o solu\u021bie economic\u0103 \u0219i eficient\u0103 at\u00e2t pentru uz profesional, c\u00e2t \u0219i pentru uz casnic.<\/p>\n<p><strong><img decoding=\"async\" style=\"margin-right: 12px;\" src=\"https:\/\/www.ferberpainting.com\/wp-content\/uploads\/2026\/02\/Check.svg\" alt=\"\" width=\"18\" height=\"15\" \/>O solu\u021bie sigur\u0103 \u0219i controlat\u0103.<\/strong>\u00a0Spre deosebire de acizii mai agresivi, aceast\u0103 solu\u021bie de acid oxalic este conceput\u0103 pentru a fi foarte eficient\u0103 f\u0103r\u0103 a fi excesiv de coroziv\u0103. Aceasta permite cur\u0103\u021barea direc\u021bionat\u0103 f\u0103r\u0103 a deteriora materialele delicate atunci c\u00e2nd este utilizat\u0103 \u00een conformitate cu recomand\u0103rile, asigur\u00e2nd o utilizare sigur\u0103 pe majoritatea suprafe\u021belor comune.<\/p>\n<p><strong><img decoding=\"async\" style=\"margin-right: 12px;\" src=\"https:\/\/www.ferberpainting.com\/wp-content\/uploads\/2026\/02\/Check.svg\" alt=\"\" width=\"18\" height=\"15\" \/>U\u0219urin\u021ba de aplicare \u0219i utilizare.<\/strong>\u00a0Gata de utilizare, acest produs nu necesit\u0103 o preg\u0103tire complicat\u0103. Pur \u0219i simplu aplica\u021bi-l direct pe suprafa\u021ba de tratat, l\u0103sa\u021bi-l s\u0103 ac\u021bioneze timp de c\u00e2teva minute \u0219i cl\u0103ti\u021bi cu ap\u0103 curat\u0103. Aplicarea sa simpl\u0103 economise\u0219te timp considerabil, f\u0103r\u0103 a fi nevoie de unelte specializate.<\/p>\n<p><strong><img decoding=\"async\" style=\"margin-right: 12px;\" src=\"https:\/\/www.ferberpainting.com\/wp-content\/uploads\/2026\/02\/Check.svg\" alt=\"\" width=\"18\" height=\"15\" \/>Durabilitatea \u0219i conservarea materialelor.<\/strong>\u00a0Prin \u00eendep\u0103rtarea eficient\u0103 a impurit\u0103\u021bilor \u0219i reziduurilor \u00eencorporate, acest produs ajut\u0103 la prelungirea duratei de via\u021b\u0103 a materialelor. Reduce acumularea de murd\u0103rie, limiteaz\u0103 apari\u021bia de noi pete \u0219i protejeaz\u0103 suprafe\u021bele cur\u0103\u021bate, red\u00e2ndu-le str\u0103lucirea natural\u0103.<\/p>\n<p><strong><img decoding=\"async\" style=\"margin-right: 12px;\" src=\"https:\/\/www.ferberpainting.com\/wp-content\/uploads\/2026\/02\/Check.svg\" alt=\"\" width=\"18\" height=\"15\" \/>Ac\u021biune rapid\u0103 pentru rezultate imediate.<\/strong>\u00a0Ac\u021biunea sa rapid\u0103 permite ob\u021binerea de rezultate vizibile \u00een doar c\u00e2teva minute. La aplicare, dizolv\u0103 eficient petele \u0219i oxidarea, reduc\u00e2nd semnificativ timpul petrecut cu cur\u0103\u021barea \u0219i asigur\u00e2nd o eficien\u021b\u0103 maxim\u0103 cu un efort minim.<\/p>\n<h2><strong>Protocol de utilizare<\/strong><\/h2>\n<ul>\n<li><strong>Preg\u0103tirea suprafe\u021bei <\/strong>: Cur\u0103\u021ba\u021bi grosier zona care urmeaz\u0103 s\u0103 fie tratat\u0103 pentru a \u00eendep\u0103rta praful \u0219i murd\u0103ria superficial\u0103. Pe suprafe\u021bele foarte murdare, este recomandabil s\u0103 peria\u021bi u\u0219or \u00eenainte de aplicare pentru a optimiza eficacitatea produsului.<\/li>\n<li><strong>Aplicarea solu\u021biei de acid oxalic <\/strong>: Turna\u021bi produsul direct pe suprafa\u021b\u0103 sau aplica\u021bi-l folosind o perie, un burete sau un pulverizator. Pentru metalele oxidate, scufunda\u021bi partea ruginit\u0103 sau freca\u021bi-o u\u0219or cu o c\u00e2rp\u0103 \u00eenmuiat\u0103 \u00een produs.<\/li>\n<li><strong>Timpul de a\u0219teptare <\/strong>: L\u0103sa\u021bi s\u0103 ac\u021bioneze timp de 5 p\u00e2n\u0103 la 15 minute, \u00een func\u021bie de nivelul de murd\u0103rie \u0219i de tipul de material. Nu l\u0103sa\u021bi produsul s\u0103 se usuce pe suprafa\u021b\u0103 pentru a evita orice alterare, \u00een special pe pietrele naturale \u0219i metalele sensibile.<\/li>\n<li><strong>Periajul \u0219i cl\u0103tirea <\/strong>: Dac\u0103 este necesar, freca\u021bi cu o perie moale sau un burete pentru a \u00eendep\u0103rta reziduurile dure, apoi cl\u0103ti\u021bi bine cu ap\u0103 curat\u0103 pentru a neutraliza ac\u021biunea acidului oxalic.<\/li>\n<li><strong>Uscare \u0219i finisare <\/strong>: L\u0103sa\u021bi suprafa\u021ba s\u0103 se usuce complet \u00eenainte de a aplica protec\u021bie, dac\u0103 este necesar (lac, ulei de finisare sau tratament anti-rugin\u0103 pe metal). Pentru rezultate optime, repeta\u021bi procesul dac\u0103 petele persist\u0103.<\/li>\n<\/ul>\n<p>Cu aceast\u0103 solu\u021bie lichid\u0103 de acid oxalic, ave\u021bi un aliat puternic pentru a cur\u0103\u021ba, dezoxida \u0219i restaura toate tipurile de suprafe\u021be cu o eficien\u021b\u0103 remarcabil\u0103 \u0219i un finisaj impecabil.<\/p>","protected":false},"excerpt":{"rendered":"<p>A Powerful Natural Cleaner and Stain Remover.\u00a0Liquid oxalic acid is a highly effective product for removing tough stains, rust deposits, and oxidation marks on various surfaces. It deeply penetrates to restore the brightness of materials and revive their appearance without altering their structure. Money-back guarantee.\u00a0We have complete confidence in the effectiveness of our liquid oxalic [&hellip;]<\/p>\n","protected":false},"featured_media":26607,"comment_status":"open","ping_status":"closed","template":"","meta":{"_uag_custom_page_level_css":"","site-sidebar-layout":"default","site-content-layout":"","ast-site-content-layout":"default","site-content-style":"default","site-sidebar-style":"default","ast-global-header-display":"","ast-banner-title-visibility":"","ast-main-header-display":"","ast-hfb-above-header-display":"","ast-hfb-below-header-display":"","ast-hfb-mobile-header-display":"","site-post-title":"","ast-breadcrumbs-content":"","ast-featured-img":"","footer-sml-layout":"","ast-disable-related-posts":"","theme-transparent-header-meta":"default","adv-header-id-meta":"","stick-header-meta":"","header-above-stick-meta":"","header-main-stick-meta":"","header-below-stick-meta":"","astra-migrate-meta-layouts":"set","ast-page-background-enabled":"default","ast-page-background-meta":{"desktop":{"background-color":"var(--ast-global-color-4)","background-image":"","background-repeat":"repeat","background-position":"center center","background-size":"auto","background-attachment":"scroll","background-type":"","background-media":"","overlay-type":"","overlay-color":"","overlay-opacity":"","overlay-gradient":""},"tablet":{"background-color":"","background-image":"","background-repeat":"repeat","background-position":"center center","background-size":"auto","background-attachment":"scroll","background-type":"","background-media":"","overlay-type":"","overlay-color":"","overlay-opacity":"","overlay-gradient":""},"mobile":{"background-color":"","background-image":"","background-repeat":"repeat","background-position":"center center","background-size":"auto","background-attachment":"scroll","background-type":"","background-media":"","overlay-type":"","overlay-color":"","overlay-opacity":"","overlay-gradient":""}},"ast-content-background-meta":{"desktop":{"background-color":"var(--ast-global-color-5)","background-image":"","background-repeat":"repeat","background-position":"center center","background-size":"auto","background-attachment":"scroll","background-type":"","background-media":"","overlay-type":"","overlay-color":"","overlay-opacity":"","overlay-gradient":""},"tablet":{"background-color":"var(--ast-global-color-5)","background-image":"","background-repeat":"repeat","background-position":"center center","background-size":"auto","background-attachment":"scroll","background-type":"","background-media":"","overlay-type":"","overlay-color":"","overlay-opacity":"","overlay-gradient":""},"mobile":{"background-color":"var(--ast-global-color-5)","background-image":"","background-repeat":"repeat","background-position":"center center","background-size":"auto","background-attachment":"scroll","background-type":"","background-media":"","overlay-type":"","overlay-color":"","overlay-opacity":"","overlay-gradient":""}}},"product_brand":[],"product_cat":[175,193],"product_tag":[],"class_list":{"0":"post-24738","1":"product","2":"type-product","3":"status-publish","4":"has-post-thumbnail","6":"product_cat-cleaning-products","7":"product_cat-wood-treatment","8":"desktop-align-left","9":"tablet-align-left","10":"mobile-align-left","12":"first","13":"instock","14":"sale","15":"taxable","16":"shipping-taxable","17":"purchasable","18":"product-type-variable","19":"has-default-attributes"},"spectra_custom_meta":{"_visibility":["visible"],"_shopify_product_id":["9059127984373"],"_s2w_shopify_domain":["ferberpainting.myshopify.com"],"_shopify_variant_id":["46481179803893"],"_sku":[""],"_manage_stock":["no"],"total_sales":["193"],"_tax_status":["taxable"],"_tax_class":[""],"_backorders":["no"],"_sold_individually":["no"],"_virtual":["no"],"_downloadable":["no"],"_download_limit":["-1"],"_download_expiry":["-1"],"_stock":[null],"_stock_status":["instock"],"_wc_average_rating":["4.67"],"_wc_review_count":["6"],"_product_attributes":["a:1:{s:6:\"volume\";a:6:{s:4:\"name\";s:6:\"Volume\";s:5:\"value\";s:20:\"5 liters | 25 liters\";s:8:\"position\";i:1;s:10:\"is_visible\";i:0;s:12:\"is_variation\";i:1;s:11:\"is_taxonomy\";i:0;}}"],"_product_version":["10.5.2"],"_thumbnail_id":["26607"],"_product_image_gallery":["26608"],"wpse_downloadable_file_names":[""],"wpse_downloadable_file_urls":[""],"_edit_last":["1"],"_default_attributes":["a:1:{s:6:\"volume\";s:8:\"5 liters\";}"],"_edit_lock":["1771935832:1"],"merchant-center-availability":["yes"],"merchant-center-category":["2277"],"_wp_page_template":["default"],"site-sidebar-layout":["default"],"ast-site-content-layout":["default"],"site-content-style":["default"],"site-sidebar-style":["default"],"theme-transparent-header-meta":["default"],"_wc_rating_count":["a:2:{i:4;i:2;i:5;i:4;}"],"merchant-center-id":["FPOXALICACIDLIQUIDSOLUTION5L"],"_price":["29.90","129.90"],"astra-migrate-meta-layouts":["set"],"_uag_css_file_name":["uag-css-24738.css"],"_elementor_page_assets":["a:0:{}"],"_uag_page_assets":["a:9:{s:3:\"css\";s:6873:\".wp-block-uagb-image{display:flex}.wp-block-uagb-image__figure{position:relative;display:flex;flex-direction:column;max-width:100%;height:auto;margin:0}.wp-block-uagb-image__figure img{height:auto;display:flex;max-width:100%;transition:box-shadow .2s ease}.wp-block-uagb-image__figure>a{display:inline-block}.wp-block-uagb-image__figure figcaption{text-align:center;margin-top:.5em;margin-bottom:1em}.wp-block-uagb-image .components-placeholder.block-editor-media-placeholder .components-placeholder__instructions{align-self:center}.wp-block-uagb-image--align-left{text-align:left}.wp-block-uagb-image--align-right{text-align:right}.wp-block-uagb-image--align-center{text-align:center}.wp-block-uagb-image--align-full .wp-block-uagb-image__figure{margin-left:calc(50% - 50vw);margin-right:calc(50% - 50vw);max-width:100vw;width:100vw;height:auto}.wp-block-uagb-image--align-full .wp-block-uagb-image__figure img{height:auto;width:100% !important}.wp-block-uagb-image--align-wide .wp-block-uagb-image__figure img{height:auto;width:100%}.wp-block-uagb-image--layout-overlay__color-wrapper{position:absolute;left:0;top:0;right:0;bottom:0;opacity:.2;background:rgba(0,0,0,.5);transition:opacity .35s ease-in-out}.wp-block-uagb-image--layout-overlay-link{position:absolute;left:0;right:0;bottom:0;top:0}.wp-block-uagb-image--layout-overlay .wp-block-uagb-image__figure:hover .wp-block-uagb-image--layout-overlay__color-wrapper{opacity:1}.wp-block-uagb-image--layout-overlay__inner{position:absolute;left:15px;right:15px;bottom:15px;top:15px;display:flex;align-items:center;justify-content:center;flex-direction:column;border-color:#fff;transition:.35s ease-in-out}.wp-block-uagb-image--layout-overlay__inner.top-left,.wp-block-uagb-image--layout-overlay__inner.top-center,.wp-block-uagb-image--layout-overlay__inner.top-right{justify-content:flex-start}.wp-block-uagb-image--layout-overlay__inner.bottom-left,.wp-block-uagb-image--layout-overlay__inner.bottom-center,.wp-block-uagb-image--layout-overlay__inner.bottom-right{justify-content:flex-end}.wp-block-uagb-image--layout-overlay__inner.top-left,.wp-block-uagb-image--layout-overlay__inner.center-left,.wp-block-uagb-image--layout-overlay__inner.bottom-left{align-items:flex-start}.wp-block-uagb-image--layout-overlay__inner.top-right,.wp-block-uagb-image--layout-overlay__inner.center-right,.wp-block-uagb-image--layout-overlay__inner.bottom-right{align-items:flex-end}.wp-block-uagb-image--layout-overlay__inner .uagb-image-heading{color:#fff;transition:transform .35s,opacity .35s ease-in-out;transform:translate3d(0, 24px, 0);margin:0;line-height:1em}.wp-block-uagb-image--layout-overlay__inner .uagb-image-separator{width:30%;border-top-width:2px;border-top-color:#fff;border-top-style:solid;margin-bottom:10px;opacity:0;transition:transform .4s,opacity .4s ease-in-out;transform:translate3d(0, 30px, 0)}.wp-block-uagb-image--layout-overlay__inner .uagb-image-caption{opacity:0;overflow:visible;color:#fff;transition:transform .45s,opacity .45s ease-in-out;transform:translate3d(0, 35px, 0)}.wp-block-uagb-image--layout-overlay__inner:hover .uagb-image-heading,.wp-block-uagb-image--layout-overlay__inner:hover .uagb-image-separator,.wp-block-uagb-image--layout-overlay__inner:hover .uagb-image-caption{opacity:1;transform:translate3d(0, 0, 0)}.wp-block-uagb-image--effect-zoomin .wp-block-uagb-image__figure img,.wp-block-uagb-image--effect-zoomin .wp-block-uagb-image__figure .wp-block-uagb-image--layout-overlay__color-wrapper{transform:scale(1);transition:transform .35s ease-in-out}.wp-block-uagb-image--effect-zoomin .wp-block-uagb-image__figure:hover img,.wp-block-uagb-image--effect-zoomin .wp-block-uagb-image__figure:hover .wp-block-uagb-image--layout-overlay__color-wrapper{transform:scale(1.05)}.wp-block-uagb-image--effect-slide .wp-block-uagb-image__figure img,.wp-block-uagb-image--effect-slide .wp-block-uagb-image__figure .wp-block-uagb-image--layout-overlay__color-wrapper{width:calc(100% + 40px) !important;max-width:none !important;transform:translate3d(-40px, 0, 0);transition:transform .35s ease-in-out}.wp-block-uagb-image--effect-slide .wp-block-uagb-image__figure:hover img,.wp-block-uagb-image--effect-slide .wp-block-uagb-image__figure:hover .wp-block-uagb-image--layout-overlay__color-wrapper{transform:translate3d(0, 0, 0)}.wp-block-uagb-image--effect-grayscale img{filter:grayscale(0%);transition:.35s ease-in-out}.wp-block-uagb-image--effect-grayscale:hover img{filter:grayscale(100%)}.wp-block-uagb-image--effect-blur img{filter:blur(0);transition:.35s ease-in-out}.wp-block-uagb-image--effect-blur:hover img{filter:blur(3px)}.uagb-block-e6f939b3.wp-block-uagb-image--layout-default figure img{box-shadow: 0px 0px 0 #00000070;}.uagb-block-e6f939b3.wp-block-uagb-image .wp-block-uagb-image__figure figcaption{font-style: normal;align-self: center;}.uagb-block-e6f939b3.wp-block-uagb-image--layout-overlay figure img{box-shadow: 0px 0px 0 #00000070;}.uagb-block-e6f939b3.wp-block-uagb-image--layout-overlay .wp-block-uagb-image--layout-overlay__color-wrapper{opacity: 0.2;}.uagb-block-e6f939b3.wp-block-uagb-image--layout-overlay .wp-block-uagb-image--layout-overlay__inner{left: 15px;right: 15px;top: 15px;bottom: 15px;}.uagb-block-e6f939b3.wp-block-uagb-image--layout-overlay .wp-block-uagb-image--layout-overlay__inner .uagb-image-heading{font-style: normal;color: #fff;opacity: 1;}.uagb-block-e6f939b3.wp-block-uagb-image--layout-overlay .wp-block-uagb-image--layout-overlay__inner .uagb-image-heading a{color: #fff;}.uagb-block-e6f939b3.wp-block-uagb-image--layout-overlay .wp-block-uagb-image--layout-overlay__inner .uagb-image-caption{opacity: 0;}.uagb-block-e6f939b3.wp-block-uagb-image--layout-overlay .wp-block-uagb-image__figure:hover .wp-block-uagb-image--layout-overlay__color-wrapper{opacity: 1;}.uagb-block-e6f939b3.wp-block-uagb-image .wp-block-uagb-image--layout-overlay__inner .uagb-image-separator{width: 30%;border-top-width: 2px;border-top-color: #fff;opacity: 0;}.uagb-block-e6f939b3.wp-block-uagb-image .wp-block-uagb-image__figure img{width: px;height: auto;}.uagb-block-e6f939b3.wp-block-uagb-image .wp-block-uagb-image__figure:hover .wp-block-uagb-image--layout-overlay__inner .uagb-image-caption{opacity: 1;}.uagb-block-e6f939b3.wp-block-uagb-image .wp-block-uagb-image__figure:hover .wp-block-uagb-image--layout-overlay__inner .uagb-image-separator{opacity: 1;}.uagb-block-e6f939b3.wp-block-uagb-image--layout-default figure:hover img{box-shadow: 0px 0px 0 #00000070;}.uagb-block-e6f939b3.wp-block-uagb-image--layout-overlay figure:hover img{box-shadow: 0px 0px 0 #00000070;}@media only screen and (max-width: 976px) {.uagb-block-e6f939b3.wp-block-uagb-image .wp-block-uagb-image__figure img{width: px;height: auto;}}@media only screen and (max-width: 767px) {.uagb-block-e6f939b3.wp-block-uagb-image .wp-block-uagb-image__figure img{width: px;height: auto;}}\";s:2:\"js\";s:0:\"\";s:18:\"current_block_list\";a:13:{i:0;s:11:\"core\/search\";i:1;s:10:\"core\/group\";i:2;s:12:\"core\/heading\";i:3;s:17:\"core\/latest-posts\";i:4;s:20:\"core\/latest-comments\";i:5;s:13:\"core\/archives\";i:6;s:15:\"core\/categories\";i:7;s:14:\"core\/paragraph\";i:8;s:10:\"uagb\/image\";i:9;s:11:\"core\/spacer\";i:10;s:30:\"woocommerce\/product-categories\";i:11;s:10:\"core\/image\";i:12;s:14:\"core\/shortcode\";}s:8:\"uag_flag\";b:1;s:11:\"uag_version\";s:10:\"1777332110\";s:6:\"gfonts\";a:0:{}s:10:\"gfonts_url\";s:0:\"\";s:12:\"gfonts_files\";a:0:{}s:14:\"uag_faq_layout\";b:0;}"]},"uagb_featured_image_src":{"full":["https:\/\/www.ferberpainting.com\/wp-content\/uploads\/2025\/05\/OxalicAcidLiquidSolution5L.png",2560,2560,false],"thumbnail":["https:\/\/www.ferberpainting.com\/wp-content\/uploads\/2025\/05\/OxalicAcidLiquidSolution5L-150x150.png",150,150,true],"medium":["https:\/\/www.ferberpainting.com\/wp-content\/uploads\/2025\/05\/OxalicAcidLiquidSolution5L-300x300.png",300,300,true],"medium_large":["https:\/\/www.ferberpainting.com\/wp-content\/uploads\/2025\/05\/OxalicAcidLiquidSolution5L-768x768.png",768,768,true],"large":["https:\/\/www.ferberpainting.com\/wp-content\/uploads\/2025\/05\/OxalicAcidLiquidSolution5L-1024x1024.png",1024,1024,true],"1536x1536":["https:\/\/www.ferberpainting.com\/wp-content\/uploads\/2025\/05\/OxalicAcidLiquidSolution5L-1536x1536.png",1536,1536,true],"2048x2048":["https:\/\/www.ferberpainting.com\/wp-content\/uploads\/2025\/05\/OxalicAcidLiquidSolution5L-2048x2048.png",2048,2048,true],"trp-custom-language-flag":["https:\/\/www.ferberpainting.com\/wp-content\/uploads\/2025\/05\/OxalicAcidLiquidSolution5L-12x12.png",12,12,true],"woocommerce_thumbnail":["https:\/\/www.ferberpainting.com\/wp-content\/uploads\/2025\/05\/OxalicAcidLiquidSolution5L-300x300.png",300,300,true],"woocommerce_single":["https:\/\/www.ferberpainting.com\/wp-content\/uploads\/2025\/05\/OxalicAcidLiquidSolution5L-600x600.png",600,600,true],"woocommerce_gallery_thumbnail":["https:\/\/www.ferberpainting.com\/wp-content\/uploads\/2025\/05\/OxalicAcidLiquidSolution5L-100x100.png",100,100,true]},"uagb_author_info":{"display_name":"admin","author_link":"https:\/\/www.ferberpainting.com\/ro\/author\/"},"uagb_comment_info":6,"uagb_excerpt":"A Powerful Natural Cleaner and Stain Remover.\u00a0Liquid oxalic acid is a highly effective product for removing tough stains, rust deposits, and oxidation marks on various surfaces. It deeply penetrates to restore the brightness of materials and revive their appearance without altering their structure. Money-back guarantee.\u00a0We have complete confidence in the effectiveness of our liquid oxalic&hellip;","_links":{"self":[{"href":"https:\/\/www.ferberpainting.com\/ro\/wp-json\/wp\/v2\/product\/24738","targetHints":{"allow":["GET"]}}],"collection":[{"href":"https:\/\/www.ferberpainting.com\/ro\/wp-json\/wp\/v2\/product"}],"about":[{"href":"https:\/\/www.ferberpainting.com\/ro\/wp-json\/wp\/v2\/types\/product"}],"replies":[{"embeddable":true,"href":"https:\/\/www.ferberpainting.com\/ro\/wp-json\/wp\/v2\/comments?post=24738"}],"version-history":[{"count":4,"href":"https:\/\/www.ferberpainting.com\/ro\/wp-json\/wp\/v2\/product\/24738\/revisions"}],"predecessor-version":[{"id":166658,"href":"https:\/\/www.ferberpainting.com\/ro\/wp-json\/wp\/v2\/product\/24738\/revisions\/166658"}],"wp:featuredmedia":[{"embeddable":true,"href":"https:\/\/www.ferberpainting.com\/ro\/wp-json\/wp\/v2\/media\/26607"}],"wp:attachment":[{"href":"https:\/\/www.ferberpainting.com\/ro\/wp-json\/wp\/v2\/media?parent=24738"}],"wp:term":[{"taxonomy":"product_brand","embeddable":true,"href":"https:\/\/www.ferberpainting.com\/ro\/wp-json\/wp\/v2\/product_brand?post=24738"},{"taxonomy":"product_cat","embeddable":true,"href":"https:\/\/www.ferberpainting.com\/ro\/wp-json\/wp\/v2\/product_cat?post=24738"},{"taxonomy":"product_tag","embeddable":true,"href":"https:\/\/www.ferberpainting.com\/ro\/wp-json\/wp\/v2\/product_tag?post=24738"}],"curies":[{"name":"wp","href":"https:\/\/api.w.org\/{rel}","templated":true}]}}