{"id":24732,"date":"2025-05-26T10:26:50","date_gmt":"2025-05-26T08:26:50","guid":{"rendered":"https:\/\/www.ferberpainting.com\/products\/orchid-fertilizer\/"},"modified":"2026-02-15T22:45:15","modified_gmt":"2026-02-15T21:45:15","slug":"orchid-fertilizer","status":"publish","type":"product","link":"https:\/\/www.ferberpainting.com\/ro\/products\/orchid-fertilizer\/","title":{"rendered":"\u00cengr\u0103\u0219\u0103m\u00e2nt pentru orhidee"},"content":{"rendered":"<p><strong><img decoding=\"async\" style=\"margin-right: 12px;\" src=\"https:\/\/www.ferberpainting.com\/wp-content\/uploads\/2026\/02\/Check.svg\" alt=\"\" width=\"18\" height=\"15\" \/>Un fertilizator complet pentru orhidee \u00een perfect\u0103 stare de s\u0103n\u0103tate.<\/strong>\u00a0Acest fertilizator pentru orhidee este special formulat pentru a furniza toate substan\u021bele nutritive esen\u021biale pentru cre\u0219terea, \u00eenflorirea \u0219i vitalitatea orhideelor. Datorit\u0103 echilibrului s\u0103u perfect de azot (N), fosfor (P) \u0219i potasiu (K) cu formula NPK 15-15-15, acesta promoveaz\u0103 dezvoltarea r\u0103d\u0103cinilor, frunzelor \u0219i florilor, asigur\u00e2nd o \u00eenflorire abundent\u0103 \u0219i de lung\u0103 durat\u0103.<\/p>\n<p><strong><img decoding=\"async\" style=\"margin-right: 12px;\" src=\"https:\/\/www.ferberpainting.com\/wp-content\/uploads\/2026\/02\/Check.svg\" alt=\"\" width=\"18\" height=\"15\" \/>Garan\u021bie de restituire a banilor.<\/strong>\u00a0Suntem \u00eencrez\u0103tori \u00een eficien\u021ba \u00eengr\u0103\u0219\u0103m\u00e2ntului nostru pentru orhidee. Acesta este motivul pentru care oferim o garan\u021bie de rambursare a banilor. Dac\u0103, dup\u0103 utilizarea acestuia conform recomand\u0103rilor, nu sunte\u021bi pe deplin mul\u021bumit de rezultate, ave\u021bi op\u021biunea de a solicita rambursarea f\u0103r\u0103 condi\u021bii, asigur\u00e2nd o achizi\u021bie sigur\u0103 \u0219i f\u0103r\u0103 riscuri.<\/p>\n<p><strong><img decoding=\"async\" style=\"margin-right: 12px;\" src=\"https:\/\/www.ferberpainting.com\/wp-content\/uploads\/2026\/02\/Check.svg\" alt=\"\" width=\"18\" height=\"15\" \/>Potrivit pentru toate soiurile de orhidee.<\/strong>\u00a0Acest fertilizator este potrivit pentru phalaenopsis, cattleya, dendrobium, vanda, oncidium \u0219i alte soiuri tropicale. De asemenea, poate fi utilizat pentru orhidee \u00een interior sau \u00eentr-o ser\u0103, asigur\u00e2nd o cre\u0219tere optim\u0103 indiferent de metoda de cultivare utilizat\u0103.<\/p>\n<p><strong><img decoding=\"async\" style=\"margin-right: 12px;\" src=\"https:\/\/www.ferberpainting.com\/wp-content\/uploads\/2026\/02\/Check.svg\" alt=\"\" width=\"18\" height=\"15\" \/>Randament economic optimizat datorit\u0103 concentr\u0103rii sale.<\/strong>\u00a0Formula sa concentrat\u0103 permite prepararea a p\u00e2n\u0103 la 1000 de litri de solu\u021bie fertilizant\u0103 cu un recipient de 5 litri, asigur\u00e2nd o utilizare prelungit\u0103 \u0219i economic\u0103. Fiecare aplicare necesit\u0103 doar o cantitate mic\u0103 de \u00eengr\u0103\u0219\u0103m\u00e2nt diluat, ceea ce \u00eel face o solu\u021bie rentabil\u0103 at\u00e2t pentru pasiona\u021bi, c\u00e2t \u0219i pentru colec\u021bionarii de orhidee.<\/p>\n<p><strong><img decoding=\"async\" style=\"margin-right: 12px;\" src=\"https:\/\/www.ferberpainting.com\/wp-content\/uploads\/2026\/02\/Check.svg\" alt=\"\" width=\"18\" height=\"15\" \/>Un \u00eengr\u0103\u0219\u0103m\u00e2nt sigur, f\u0103r\u0103 riscuri pentru plante \u0219i mediu. <\/strong>Acest \u00eengr\u0103\u0219\u0103m\u00e2nt este formulat f\u0103r\u0103 produse chimice agresive, asigur\u00e2nd o fertilizare bl\u00e2nd\u0103 care respect\u0103 echilibrul natural al plantei. Este inofensiv pentru orhidee \u0219i nu arde r\u0103d\u0103cinile atunci c\u00e2nd este utilizat conform dozelor recomandate. Poate fi utilizat f\u0103r\u0103 preocup\u0103ri pentru fertilizarea regulat\u0103, f\u0103r\u0103 niciun risc de toxicitate pentru mediul casnic.<\/p>\n<p><strong><img decoding=\"async\" style=\"margin-right: 12px;\" src=\"https:\/\/www.ferberpainting.com\/wp-content\/uploads\/2026\/02\/Check.svg\" alt=\"\" width=\"18\" height=\"15\" \/>O aplicare simpl\u0103 \u0219i rapid\u0103 pentru rezultate vizibile.<\/strong>\u00a0U\u0219or de utilizat, acest fertilizator este pur \u0219i simplu diluat \u00een ap\u0103 \u00eenainte de aplicare, asigur\u00e2nd absorb\u021bia rapid\u0103 de c\u0103tre r\u0103d\u0103cini \u0219i frunze. Este potrivit pentru fertilizarea prin udare sau pulverizare foliar\u0103, oferind flexibilitate maxim\u0103 pentru adaptarea la nevoile specifice ale fiec\u0103rui soi de orhidee.<\/p>\n<p><strong><img decoding=\"async\" style=\"margin-right: 12px;\" src=\"https:\/\/www.ferberpainting.com\/wp-content\/uploads\/2026\/02\/Check.svg\" alt=\"\" width=\"18\" height=\"15\" \/>Durabilitate crescut\u0103 \u0219i \u00eenflorire prelungit\u0103.<\/strong>\u00a0Datorit\u0103 nutrien\u021bilor s\u0103i perfect echilibra\u021bi, acest fertilizator promoveaz\u0103 nu numai o cre\u0219tere viguroas\u0103, ci \u0219i o \u00eenflorire prelungit\u0103 \u0219i repetat\u0103. Acesta consolideaz\u0103 rezisten\u021ba orhideelor la boli \u0219i la stresul de mediu, prelungindu-le astfel durata de via\u021b\u0103 \u0219i maximiz\u00e2ndu-le poten\u021bialul de \u00eenflorire an dup\u0103 an.<\/p>\n<p><strong><img decoding=\"async\" style=\"margin-right: 12px;\" src=\"https:\/\/www.ferberpainting.com\/wp-content\/uploads\/2026\/02\/Check.svg\" alt=\"\" width=\"18\" height=\"15\" \/>Efecte rapide pentru orhidee mai radiante.<\/strong>\u00a0\u00cenc\u0103 de la primele aplica\u021bii, acest fertilizator stimuleaz\u0103 cre\u0219terea r\u0103d\u0103cinilor \u0219i \u00eembun\u0103t\u0103\u021be\u0219te coloritul frunzelor, oferind orhideelor un aspect mai s\u0103n\u0103tos \u0219i mai viguros. Dup\u0103 c\u00e2teva s\u0103pt\u0103m\u00e2ni de utilizare regulat\u0103, primele flori sunt \u00eent\u0103rite, iar durata lor este prelungit\u0103, pentru plante de o frumuse\u021be uluitoare pe tot parcursul anului.<\/p>\n<h2><strong>Protocol de utilizare<\/strong><\/h2>\n<ul>\n<li><strong>Diluarea \u00eengr\u0103\u0219\u0103mintelor <\/strong>: Se amestec\u0103 5 ml de \u00eengr\u0103\u0219\u0103m\u00e2nt la 1 litru de ap\u0103. Aceast\u0103 solu\u021bie fertilizant\u0103 trebuie s\u0103 fie bine omogenizat\u0103 \u00eenainte de fiecare aplicare.<\/li>\n<li><strong>Metoda de aplicare <\/strong>: Utiliza\u021bi \u00eengr\u0103\u0219\u0103m\u00e2ntul diluat fie pentru udarea direct\u0103 la baza orhideei, fie pentru pulverizarea foliar\u0103, av\u00e2nd grij\u0103 s\u0103 evita\u021bi acumularea apei \u00een centrul plantei pentru a preveni riscurile de putrezire.<\/li>\n<li><strong>Frecven\u021ba utiliz\u0103rii <\/strong>: Aplica\u021bi \u00eengr\u0103\u0219\u0103m\u00e2ntul o dat\u0103 la dou\u0103 s\u0103pt\u0103m\u00e2ni \u00een timpul perioadei de cre\u0219tere activ\u0103 (prim\u0103var\u0103-var\u0103) \u0219i o dat\u0103 pe lun\u0103 \u00een timpul perioadei de repaus (toamn\u0103-iarn\u0103) pentru a men\u021bine o hr\u0103nire echilibrat\u0103.<\/li>\n<li><strong>Udare suplimentar\u0103 <\/strong>: Dup\u0103 aplicarea \u00eengr\u0103\u0219\u0103m\u00e2ntului, a\u0219tepta\u021bi cel pu\u021bin 24 de ore \u00eenainte de a uda din nou pentru a permite absorb\u021bia corespunz\u0103toare a nutrien\u021bilor de c\u0103tre plant\u0103.<\/li>\n<li><strong>Precau\u021bii de utilizare <\/strong>: Nu dep\u0103\u0219i\u021bi dozele recomandate, deoarece suprafertilizarea poate cauza acumularea de s\u0103ruri minerale \u00een substrat, ceea ce poate d\u0103una s\u0103n\u0103t\u0103\u021bii r\u0103d\u0103cinilor.<\/li>\n<li><strong>Depozitare \u0219i conservare <\/strong>: Depozita\u021bi \u00eengr\u0103\u0219\u0103m\u00e2ntul \u00eentr-un loc r\u0103coros, uscat, ferit de lumin\u0103 \u0219i la \u00eendem\u00e2na copiilor. \u00centotdeauna \u00eenchide\u021bi bine sticla dup\u0103 utilizare pentru a preveni evaporarea \u0219i pentru a asigura eficacitatea pe termen lung a produsului.<\/li>\n<\/ul>\n<p>Cu acest fertilizator pentru orhidee, oferi\u021bi plantelor dvs. o nutri\u021bie complet\u0103 \u0219i echilibrat\u0103, promov\u00e2nd o \u00eenflorire spectaculoas\u0103 \u0219i o cre\u0219tere s\u0103n\u0103toas\u0103 pe tot parcursul anului.<\/p>","protected":false},"excerpt":{"rendered":"<p>A complete fertilizer for orchids in perfect health.\u00a0This orchid fertilizer is specially formulated to provide all the essential nutrients for growth, flowering, and orchid vitality. Thanks to its perfect balance of nitrogen (N), phosphorus (P), and potassium (K) with the NPK 15-15-15 formula, it promotes the development of roots, leaves, and flowers, ensuring abundant and [&hellip;]<\/p>\n","protected":false},"featured_media":26604,"comment_status":"open","ping_status":"closed","template":"","meta":{"_uag_custom_page_level_css":"","site-sidebar-layout":"default","site-content-layout":"","ast-site-content-layout":"default","site-content-style":"default","site-sidebar-style":"default","ast-global-header-display":"","ast-banner-title-visibility":"","ast-main-header-display":"","ast-hfb-above-header-display":"","ast-hfb-below-header-display":"","ast-hfb-mobile-header-display":"","site-post-title":"","ast-breadcrumbs-content":"","ast-featured-img":"","footer-sml-layout":"","ast-disable-related-posts":"","theme-transparent-header-meta":"default","adv-header-id-meta":"","stick-header-meta":"","header-above-stick-meta":"","header-main-stick-meta":"","header-below-stick-meta":"","astra-migrate-meta-layouts":"set","ast-page-background-enabled":"default","ast-page-background-meta":{"desktop":{"background-color":"var(--ast-global-color-4)","background-image":"","background-repeat":"repeat","background-position":"center center","background-size":"auto","background-attachment":"scroll","background-type":"","background-media":"","overlay-type":"","overlay-color":"","overlay-opacity":"","overlay-gradient":""},"tablet":{"background-color":"","background-image":"","background-repeat":"repeat","background-position":"center center","background-size":"auto","background-attachment":"scroll","background-type":"","background-media":"","overlay-type":"","overlay-color":"","overlay-opacity":"","overlay-gradient":""},"mobile":{"background-color":"","background-image":"","background-repeat":"repeat","background-position":"center center","background-size":"auto","background-attachment":"scroll","background-type":"","background-media":"","overlay-type":"","overlay-color":"","overlay-opacity":"","overlay-gradient":""}},"ast-content-background-meta":{"desktop":{"background-color":"var(--ast-global-color-5)","background-image":"","background-repeat":"repeat","background-position":"center center","background-size":"auto","background-attachment":"scroll","background-type":"","background-media":"","overlay-type":"","overlay-color":"","overlay-opacity":"","overlay-gradient":""},"tablet":{"background-color":"var(--ast-global-color-5)","background-image":"","background-repeat":"repeat","background-position":"center center","background-size":"auto","background-attachment":"scroll","background-type":"","background-media":"","overlay-type":"","overlay-color":"","overlay-opacity":"","overlay-gradient":""},"mobile":{"background-color":"var(--ast-global-color-5)","background-image":"","background-repeat":"repeat","background-position":"center center","background-size":"auto","background-attachment":"scroll","background-type":"","background-media":"","overlay-type":"","overlay-color":"","overlay-opacity":"","overlay-gradient":""}}},"product_brand":[],"product_cat":[178],"product_tag":[],"class_list":{"0":"post-24732","1":"product","2":"type-product","3":"status-publish","4":"has-post-thumbnail","6":"product_cat-fertilizers","7":"desktop-align-left","8":"tablet-align-left","9":"mobile-align-left","11":"first","12":"instock","13":"sale","14":"taxable","15":"shipping-taxable","16":"purchasable","17":"product-type-variable","18":"has-default-attributes"},"spectra_custom_meta":{"_visibility":["visible"],"_shopify_product_id":["9062365069557"],"_s2w_shopify_domain":["ferberpainting.myshopify.com"],"_shopify_variant_id":["46488640422133"],"_sku":[""],"_manage_stock":["no"],"total_sales":["4"],"_tax_status":["taxable"],"_tax_class":[""],"_backorders":["no"],"_sold_individually":["no"],"_virtual":["no"],"_downloadable":["no"],"_download_limit":["-1"],"_download_expiry":["-1"],"_stock":[null],"_stock_status":["instock"],"_wc_average_rating":["4.69"],"_wc_review_count":["16"],"_product_attributes":["a:1:{s:6:\"volume\";a:6:{s:4:\"name\";s:6:\"Volume\";s:5:\"value\";s:20:\"5 liters | 25 liters\";s:8:\"position\";i:1;s:10:\"is_visible\";i:0;s:12:\"is_variation\";i:1;s:11:\"is_taxonomy\";i:0;}}"],"_product_version":["10.5.1"],"_thumbnail_id":["26604"],"_product_image_gallery":["26606"],"wpse_downloadable_file_names":[""],"wpse_downloadable_file_urls":[""],"_edit_last":["1"],"_default_attributes":["a:1:{s:6:\"volume\";s:8:\"5 liters\";}"],"_wc_rating_count":["a:2:{i:4;i:5;i:5;i:11;}"],"_edit_lock":["1771192010:1"],"_price":["29.90","129.90"],"merchant-center-availability":["yes"],"merchant-center-category":["113"],"_wp_page_template":["default"],"site-sidebar-layout":["default"],"ast-site-content-layout":["default"],"site-content-style":["default"],"site-sidebar-style":["default"],"theme-transparent-header-meta":["default"],"astra-migrate-meta-layouts":["set"],"_uag_css_file_name":["uag-css-24732.css"],"_elementor_page_assets":["a:0:{}"],"_uag_page_assets":["a:9:{s:3:\"css\";s:7133:\".uag-blocks-common-selector{z-index:var(--z-index-desktop) !important}@media(max-width: 976px){.uag-blocks-common-selector{z-index:var(--z-index-tablet) !important}}@media(max-width: 767px){.uag-blocks-common-selector{z-index:var(--z-index-mobile) !important}}.wp-block-uagb-image{display:flex}.wp-block-uagb-image__figure{position:relative;display:flex;flex-direction:column;max-width:100%;height:auto;margin:0}.wp-block-uagb-image__figure img{height:auto;display:flex;max-width:100%;transition:box-shadow .2s ease}.wp-block-uagb-image__figure>a{display:inline-block}.wp-block-uagb-image__figure figcaption{text-align:center;margin-top:.5em;margin-bottom:1em}.wp-block-uagb-image .components-placeholder.block-editor-media-placeholder .components-placeholder__instructions{align-self:center}.wp-block-uagb-image--align-left{text-align:left}.wp-block-uagb-image--align-right{text-align:right}.wp-block-uagb-image--align-center{text-align:center}.wp-block-uagb-image--align-full .wp-block-uagb-image__figure{margin-left:calc(50% - 50vw);margin-right:calc(50% - 50vw);max-width:100vw;width:100vw;height:auto}.wp-block-uagb-image--align-full .wp-block-uagb-image__figure img{height:auto;width:100% !important}.wp-block-uagb-image--align-wide .wp-block-uagb-image__figure img{height:auto;width:100%}.wp-block-uagb-image--layout-overlay__color-wrapper{position:absolute;left:0;top:0;right:0;bottom:0;opacity:.2;background:rgba(0,0,0,.5);transition:opacity .35s ease-in-out}.wp-block-uagb-image--layout-overlay-link{position:absolute;left:0;right:0;bottom:0;top:0}.wp-block-uagb-image--layout-overlay .wp-block-uagb-image__figure:hover .wp-block-uagb-image--layout-overlay__color-wrapper{opacity:1}.wp-block-uagb-image--layout-overlay__inner{position:absolute;left:15px;right:15px;bottom:15px;top:15px;display:flex;align-items:center;justify-content:center;flex-direction:column;border-color:#fff;transition:.35s ease-in-out}.wp-block-uagb-image--layout-overlay__inner.top-left,.wp-block-uagb-image--layout-overlay__inner.top-center,.wp-block-uagb-image--layout-overlay__inner.top-right{justify-content:flex-start}.wp-block-uagb-image--layout-overlay__inner.bottom-left,.wp-block-uagb-image--layout-overlay__inner.bottom-center,.wp-block-uagb-image--layout-overlay__inner.bottom-right{justify-content:flex-end}.wp-block-uagb-image--layout-overlay__inner.top-left,.wp-block-uagb-image--layout-overlay__inner.center-left,.wp-block-uagb-image--layout-overlay__inner.bottom-left{align-items:flex-start}.wp-block-uagb-image--layout-overlay__inner.top-right,.wp-block-uagb-image--layout-overlay__inner.center-right,.wp-block-uagb-image--layout-overlay__inner.bottom-right{align-items:flex-end}.wp-block-uagb-image--layout-overlay__inner .uagb-image-heading{color:#fff;transition:transform .35s,opacity .35s ease-in-out;transform:translate3d(0, 24px, 0);margin:0;line-height:1em}.wp-block-uagb-image--layout-overlay__inner .uagb-image-separator{width:30%;border-top-width:2px;border-top-color:#fff;border-top-style:solid;margin-bottom:10px;opacity:0;transition:transform .4s,opacity .4s ease-in-out;transform:translate3d(0, 30px, 0)}.wp-block-uagb-image--layout-overlay__inner .uagb-image-caption{opacity:0;overflow:visible;color:#fff;transition:transform .45s,opacity .45s ease-in-out;transform:translate3d(0, 35px, 0)}.wp-block-uagb-image--layout-overlay__inner:hover .uagb-image-heading,.wp-block-uagb-image--layout-overlay__inner:hover .uagb-image-separator,.wp-block-uagb-image--layout-overlay__inner:hover .uagb-image-caption{opacity:1;transform:translate3d(0, 0, 0)}.wp-block-uagb-image--effect-zoomin .wp-block-uagb-image__figure img,.wp-block-uagb-image--effect-zoomin .wp-block-uagb-image__figure .wp-block-uagb-image--layout-overlay__color-wrapper{transform:scale(1);transition:transform .35s ease-in-out}.wp-block-uagb-image--effect-zoomin .wp-block-uagb-image__figure:hover img,.wp-block-uagb-image--effect-zoomin .wp-block-uagb-image__figure:hover .wp-block-uagb-image--layout-overlay__color-wrapper{transform:scale(1.05)}.wp-block-uagb-image--effect-slide .wp-block-uagb-image__figure img,.wp-block-uagb-image--effect-slide .wp-block-uagb-image__figure .wp-block-uagb-image--layout-overlay__color-wrapper{width:calc(100% + 40px) !important;max-width:none !important;transform:translate3d(-40px, 0, 0);transition:transform .35s ease-in-out}.wp-block-uagb-image--effect-slide .wp-block-uagb-image__figure:hover img,.wp-block-uagb-image--effect-slide .wp-block-uagb-image__figure:hover .wp-block-uagb-image--layout-overlay__color-wrapper{transform:translate3d(0, 0, 0)}.wp-block-uagb-image--effect-grayscale img{filter:grayscale(0%);transition:.35s ease-in-out}.wp-block-uagb-image--effect-grayscale:hover img{filter:grayscale(100%)}.wp-block-uagb-image--effect-blur img{filter:blur(0);transition:.35s ease-in-out}.wp-block-uagb-image--effect-blur:hover img{filter:blur(3px)}.uagb-block-e6f939b3.wp-block-uagb-image--layout-default figure img{box-shadow: 0px 0px 0 #00000070;}.uagb-block-e6f939b3.wp-block-uagb-image .wp-block-uagb-image__figure figcaption{font-style: normal;align-self: center;}.uagb-block-e6f939b3.wp-block-uagb-image--layout-overlay figure img{box-shadow: 0px 0px 0 #00000070;}.uagb-block-e6f939b3.wp-block-uagb-image--layout-overlay .wp-block-uagb-image--layout-overlay__color-wrapper{opacity: 0.2;}.uagb-block-e6f939b3.wp-block-uagb-image--layout-overlay .wp-block-uagb-image--layout-overlay__inner{left: 15px;right: 15px;top: 15px;bottom: 15px;}.uagb-block-e6f939b3.wp-block-uagb-image--layout-overlay .wp-block-uagb-image--layout-overlay__inner .uagb-image-heading{font-style: normal;color: #fff;opacity: 1;}.uagb-block-e6f939b3.wp-block-uagb-image--layout-overlay .wp-block-uagb-image--layout-overlay__inner .uagb-image-heading a{color: #fff;}.uagb-block-e6f939b3.wp-block-uagb-image--layout-overlay .wp-block-uagb-image--layout-overlay__inner .uagb-image-caption{opacity: 0;}.uagb-block-e6f939b3.wp-block-uagb-image--layout-overlay .wp-block-uagb-image__figure:hover .wp-block-uagb-image--layout-overlay__color-wrapper{opacity: 1;}.uagb-block-e6f939b3.wp-block-uagb-image .wp-block-uagb-image--layout-overlay__inner .uagb-image-separator{width: 30%;border-top-width: 2px;border-top-color: #fff;opacity: 0;}.uagb-block-e6f939b3.wp-block-uagb-image .wp-block-uagb-image__figure img{width: px;height: auto;}.uagb-block-e6f939b3.wp-block-uagb-image .wp-block-uagb-image__figure:hover .wp-block-uagb-image--layout-overlay__inner .uagb-image-caption{opacity: 1;}.uagb-block-e6f939b3.wp-block-uagb-image .wp-block-uagb-image__figure:hover .wp-block-uagb-image--layout-overlay__inner .uagb-image-separator{opacity: 1;}.uagb-block-e6f939b3.wp-block-uagb-image--layout-default figure:hover img{box-shadow: 0px 0px 0 #00000070;}.uagb-block-e6f939b3.wp-block-uagb-image--layout-overlay figure:hover img{box-shadow: 0px 0px 0 #00000070;}@media only screen and (max-width: 976px) {.uagb-block-e6f939b3.wp-block-uagb-image .wp-block-uagb-image__figure img{width: px;height: auto;}}@media only screen and (max-width: 767px) {.uagb-block-e6f939b3.wp-block-uagb-image .wp-block-uagb-image__figure img{width: px;height: auto;}}\";s:2:\"js\";s:0:\"\";s:18:\"current_block_list\";a:13:{i:0;s:11:\"core\/search\";i:1;s:10:\"core\/group\";i:2;s:12:\"core\/heading\";i:3;s:17:\"core\/latest-posts\";i:4;s:20:\"core\/latest-comments\";i:5;s:13:\"core\/archives\";i:6;s:15:\"core\/categories\";i:7;s:14:\"core\/paragraph\";i:8;s:10:\"uagb\/image\";i:9;s:11:\"core\/spacer\";i:10;s:30:\"woocommerce\/product-categories\";i:11;s:10:\"core\/image\";i:12;s:14:\"core\/shortcode\";}s:8:\"uag_flag\";b:1;s:11:\"uag_version\";s:10:\"1777634606\";s:6:\"gfonts\";a:0:{}s:10:\"gfonts_url\";s:0:\"\";s:12:\"gfonts_files\";a:0:{}s:14:\"uag_faq_layout\";b:0;}"]},"uagb_featured_image_src":{"full":["https:\/\/www.ferberpainting.com\/wp-content\/uploads\/2025\/05\/OrchidFertilizer5L.png",2560,2560,false],"thumbnail":["https:\/\/www.ferberpainting.com\/wp-content\/uploads\/2025\/05\/OrchidFertilizer5L-150x150.png",150,150,true],"medium":["https:\/\/www.ferberpainting.com\/wp-content\/uploads\/2025\/05\/OrchidFertilizer5L-300x300.png",300,300,true],"medium_large":["https:\/\/www.ferberpainting.com\/wp-content\/uploads\/2025\/05\/OrchidFertilizer5L-768x768.png",768,768,true],"large":["https:\/\/www.ferberpainting.com\/wp-content\/uploads\/2025\/05\/OrchidFertilizer5L-1024x1024.png",1024,1024,true],"1536x1536":["https:\/\/www.ferberpainting.com\/wp-content\/uploads\/2025\/05\/OrchidFertilizer5L-1536x1536.png",1536,1536,true],"2048x2048":["https:\/\/www.ferberpainting.com\/wp-content\/uploads\/2025\/05\/OrchidFertilizer5L-2048x2048.png",2048,2048,true],"trp-custom-language-flag":["https:\/\/www.ferberpainting.com\/wp-content\/uploads\/2025\/05\/OrchidFertilizer5L-12x12.png",12,12,true],"woocommerce_thumbnail":["https:\/\/www.ferberpainting.com\/wp-content\/uploads\/2025\/05\/OrchidFertilizer5L-300x300.png",300,300,true],"woocommerce_single":["https:\/\/www.ferberpainting.com\/wp-content\/uploads\/2025\/05\/OrchidFertilizer5L-600x600.png",600,600,true],"woocommerce_gallery_thumbnail":["https:\/\/www.ferberpainting.com\/wp-content\/uploads\/2025\/05\/OrchidFertilizer5L-100x100.png",100,100,true]},"uagb_author_info":{"display_name":"admin","author_link":"https:\/\/www.ferberpainting.com\/ro\/author\/"},"uagb_comment_info":16,"uagb_excerpt":"A complete fertilizer for orchids in perfect health.\u00a0This orchid fertilizer is specially formulated to provide all the essential nutrients for growth, flowering, and orchid vitality. Thanks to its perfect balance of nitrogen (N), phosphorus (P), and potassium (K) with the NPK 15-15-15 formula, it promotes the development of roots, leaves, and flowers, ensuring abundant and&hellip;","_links":{"self":[{"href":"https:\/\/www.ferberpainting.com\/ro\/wp-json\/wp\/v2\/product\/24732","targetHints":{"allow":["GET"]}}],"collection":[{"href":"https:\/\/www.ferberpainting.com\/ro\/wp-json\/wp\/v2\/product"}],"about":[{"href":"https:\/\/www.ferberpainting.com\/ro\/wp-json\/wp\/v2\/types\/product"}],"replies":[{"embeddable":true,"href":"https:\/\/www.ferberpainting.com\/ro\/wp-json\/wp\/v2\/comments?post=24732"}],"version-history":[{"count":4,"href":"https:\/\/www.ferberpainting.com\/ro\/wp-json\/wp\/v2\/product\/24732\/revisions"}],"predecessor-version":[{"id":166639,"href":"https:\/\/www.ferberpainting.com\/ro\/wp-json\/wp\/v2\/product\/24732\/revisions\/166639"}],"wp:featuredmedia":[{"embeddable":true,"href":"https:\/\/www.ferberpainting.com\/ro\/wp-json\/wp\/v2\/media\/26604"}],"wp:attachment":[{"href":"https:\/\/www.ferberpainting.com\/ro\/wp-json\/wp\/v2\/media?parent=24732"}],"wp:term":[{"taxonomy":"product_brand","embeddable":true,"href":"https:\/\/www.ferberpainting.com\/ro\/wp-json\/wp\/v2\/product_brand?post=24732"},{"taxonomy":"product_cat","embeddable":true,"href":"https:\/\/www.ferberpainting.com\/ro\/wp-json\/wp\/v2\/product_cat?post=24732"},{"taxonomy":"product_tag","embeddable":true,"href":"https:\/\/www.ferberpainting.com\/ro\/wp-json\/wp\/v2\/product_tag?post=24732"}],"curies":[{"name":"wp","href":"https:\/\/api.w.org\/{rel}","templated":true}]}}