{"id":23811,"date":"2025-07-01T00:45:25","date_gmt":"2025-06-30T22:45:25","guid":{"rendered":"https:\/\/www.ferberpainting.com\/?post_type=product&#038;p=23811"},"modified":"2026-02-15T20:57:59","modified_gmt":"2026-02-15T19:57:59","slug":"mattress-cleaner","status":"publish","type":"product","link":"https:\/\/www.ferberpainting.com\/ro\/products\/mattress-cleaner\/","title":{"rendered":"Cur\u0103\u021b\u0103tor pentru saltele"},"content":{"rendered":"<p><strong><img decoding=\"async\" style=\"margin-right: 12px;\" src=\"https:\/\/www.ferberpainting.com\/wp-content\/uploads\/2026\/02\/Check.svg\" alt=\"\" width=\"18\" height=\"15\" \/>Eficien\u021b\u0103 optim\u0103.<\/strong>\u00a0Acest detergent pentru saltea este special formulat pentru a elimina petele, mirosurile nepl\u0103cute, acarienii, reziduurile de transpira\u021bie \u0219i alte impurit\u0103\u021bi care se acumuleaz\u0103 \u00een timp. Datorit\u0103 formulei sale puternice, acesta p\u0103trunde \u00een profunzime pentru a descompune murd\u0103ria, p\u0103str\u00e2nd \u00een acela\u0219i timp fibrele \u021bes\u0103turii. Re\u00eemprosp\u0103teaz\u0103 \u0219i igienizeaz\u0103 salteaua, cre\u00e2nd un mediu de somn mai s\u0103n\u0103tos \u0219i mai pl\u0103cut.<\/p>\n<p><strong><img decoding=\"async\" style=\"margin-right: 12px;\" src=\"https:\/\/www.ferberpainting.com\/wp-content\/uploads\/2026\/02\/Check.svg\" alt=\"\" width=\"18\" height=\"15\" \/>Satisfac\u021bie garantat\u0103 sau banii \u00eenapoi.<\/strong>\u00a0Avem \u00eencredere deplin\u0103 \u00een eficien\u021ba produsului nostru de cur\u0103\u021bare. Dac\u0103 nu sunte\u021bi pe deplin mul\u021bumit de rezultate, sunte\u021bi eligibil pentru o rambursare complet\u0103. \u00cencerca\u021bi produsul nostru f\u0103r\u0103 riscuri \u0219i bucura\u021bi-v\u0103 de o saltea curat\u0103 \u0219i proasp\u0103t\u0103 f\u0103r\u0103 efort.<\/p>\n<p><strong><img decoding=\"async\" style=\"margin-right: 12px;\" src=\"https:\/\/www.ferberpainting.com\/wp-content\/uploads\/2026\/02\/Check.svg\" alt=\"\" width=\"18\" height=\"15\" \/>Versatilitate excep\u021bional\u0103.<\/strong>\u00a0Acest produs de cur\u0103\u021bare nu este numai pentru saltele! De asemenea, este ideal pentru canapele din \u021bes\u0103turi, fotolii tapi\u021bate, covoare, perne, scaune auto \u0219i chiar anumite \u021bes\u0103turi de tapi\u021berie. Compatibil cu o gam\u0103 larg\u0103 de textile, cum ar fi bumbacul, inul, microfibra, poliesterul \u0219i catifeaua, ofer\u0103 \u00eengrijire complet\u0103 pentru toate textilele de uz casnic, asigur\u00e2nd o cur\u0103\u021benie de lung\u0103 durat\u0103.<\/p>\n<p><strong><img decoding=\"async\" style=\"margin-right: 12px;\" src=\"https:\/\/www.ferberpainting.com\/wp-content\/uploads\/2026\/02\/Check.svg\" alt=\"\" width=\"18\" height=\"15\" \/>Rentabil.<\/strong> Datorit\u0103 formatului de 5 litri \u0219i formulei concentrate, acest detergent ofer\u0103 o valoare excelent\u0103. O cantitate mic\u0103 este suficient\u0103 pentru a cur\u0103\u021ba o suprafa\u021b\u0103 mare f\u0103r\u0103 risip\u0103. \u00cen medie, un litru trateaz\u0103 p\u00e2n\u0103 la 20 m\u00b2 de \u021bes\u0103tur\u0103, ceea ce \u00eel face o solu\u021bie eficient\u0103 \u0219i economic\u0103 pentru utilizarea regulat\u0103.<\/p>\n<p><strong><img decoding=\"async\" style=\"margin-right: 12px;\" src=\"https:\/\/www.ferberpainting.com\/wp-content\/uploads\/2026\/02\/Check.svg\" alt=\"\" width=\"18\" height=\"15\" \/>Sigur de utilizat.<\/strong>\u00a0Spre deosebire de produsele chimice agresive care pot deteriora fibrele sau provoca irita\u021bii, acest detergent este formulat f\u0103r\u0103 solven\u021bi toxici sau componente d\u0103un\u0103toare. Nu emite vapori iritan\u021bi \u0219i este sigur pentru suprafe\u021bele tratate, chiar \u0219i \u00een medii sensibile. Este ideal pentru utilizarea \u00een preajma copiilor \u0219i a animalelor de companie, asigur\u00e2nd o \u00eentre\u021binere sigur\u0103 a saltelelor \u0219i \u00eengrijirea \u021bes\u0103turilor.<\/p>\n<p><strong><img decoding=\"async\" style=\"margin-right: 12px;\" src=\"https:\/\/www.ferberpainting.com\/wp-content\/uploads\/2026\/02\/Check.svg\" alt=\"\" width=\"18\" height=\"15\" \/>U\u0219urin\u021ba de utilizare.<\/strong>\u00a0Acest produs este gata de utilizare \u0219i nu necesit\u0103 diluare sau preg\u0103tire complex\u0103. Acesta poate fi aplicat direct pe suprafa\u021b\u0103 cu o c\u00e2rp\u0103, un burete sau un spray. Ac\u021biunea sa rapid\u0103 \u0219i utilizarea intuitiv\u0103 permit o cur\u0103\u021bare rapid\u0103 \u0219i eficient\u0103, f\u0103r\u0103 a fi nevoie de cl\u0103tire sau etape complicate.<\/p>\n<p><strong><img decoding=\"async\" style=\"margin-right: 12px;\" src=\"https:\/\/www.ferberpainting.com\/wp-content\/uploads\/2026\/02\/Check.svg\" alt=\"\" width=\"18\" height=\"15\" \/>Protec\u021bie de lung\u0103 durat\u0103.<\/strong>\u00a0Prin \u00eendep\u0103rtarea eficient\u0103 a prafului, acarienilor \u0219i murd\u0103riei \u00eencorporate, acest produs de cur\u0103\u021bare prelunge\u0219te durata de via\u021b\u0103 a saltelei dvs. \u0219i a altor materiale textile. Acesta previne murd\u0103rirea prematur\u0103 \u0219i formarea mucegaiului, men\u021bin\u00e2nd lenjeria de pat proasp\u0103t\u0103 \u0219i bine \u00eentre\u021binut\u0103. Cur\u0103\u021barea regulat\u0103 asigur\u0103 durabilitatea pe termen lung \u0219i p\u0103streaz\u0103 aspectul \u021bes\u0103turilor noi.<\/p>\n<p><strong><img decoding=\"async\" style=\"margin-right: 12px;\" src=\"https:\/\/www.ferberpainting.com\/wp-content\/uploads\/2026\/02\/Check.svg\" alt=\"\" width=\"18\" height=\"15\" \/>Ac\u021biune rapid\u0103.<\/strong>\u00a0Cu formula sa foarte reactiv\u0103, acest produs de cur\u0103\u021bare ac\u021bioneaz\u0103 imediat asupra petelor \u0219i murd\u0103riei \u00eencorporate. \u00cen doar c\u00e2teva secunde, dizolv\u0103 impurit\u0103\u021bile \u0219i permite \u00eendep\u0103rtarea u\u0219oar\u0103 f\u0103r\u0103 frecare energic\u0103. Ofer\u0103 o cur\u0103\u021bare expres\u0103 \u0219i eficient\u0103, perfect\u0103 pentru \u00eentre\u021binerea rapid\u0103 \u0219i complet\u0103 a saltelelor \u0219i a altor \u021bes\u0103turi de uz casnic.<\/p>\n<h2><strong>Protocol de utilizare<\/strong><\/h2>\n<ul>\n<li><strong>Preg\u0103tire <\/strong>: Asigura\u021bi-v\u0103 c\u0103 suprafa\u021ba este uscat\u0103 \u0219i lipsit\u0103 de resturi mari sau praf prin aspirarea rapid\u0103 \u00eenainte de aplicarea produsului.<\/li>\n<li><strong>Aplica\u021bie manual\u0103<\/strong>: Aplica\u021bi o cantitate mic\u0103 de produs pe o c\u00e2rp\u0103 curat\u0103 sau un burete, apoi freca\u021bi uniform salteaua cu mi\u0219c\u0103ri circulare pentru ca produsul s\u0103 p\u0103trund\u0103 \u00een pete \u0219i murd\u0103rie.<\/li>\n<li><strong>Utilizare pe suprafe\u021be mari <\/strong>: Pentru zone mai extinse, utiliza\u021bi o sticl\u0103 cu pulverizator pentru a aplica produsul uniform. L\u0103sa\u021bi-l s\u0103 ac\u021bioneze c\u00e2teva minute pentru a dizolva impurit\u0103\u021bile.<\/li>\n<li><strong>Tratarea petelor persistente <\/strong>: L\u0103sa\u021bi produsul s\u0103 ac\u021bioneze timp de 5 p\u00e2n\u0103 la 10 minute pe petele dificile, apoi freca\u021bi u\u0219or cu o perie cu peri moi sau cu un burete neabraziv pentru a \u00eendep\u0103rta reziduurile.<\/li>\n<li><strong>Uscare \u0219i finisare <\/strong>: L\u0103sa\u021bi s\u0103 se usuce natural la aer sau accelera\u021bi uscarea cu un ventilator sau usc\u0103tor de p\u0103r la c\u0103ldur\u0103 sc\u0103zut\u0103. Dup\u0103 uscare, aspira\u021bi din nou suprafa\u021ba pentru a \u00eendep\u0103rta orice reziduuri r\u0103mase.<\/li>\n<li><strong>Frecven\u021ba utiliz\u0103rii <\/strong>: Utiliza\u021bi la apari\u021bia petelor sau mirosurilor pentru a preveni acumularea. Pentru \u00eengrijire preventiv\u0103, cur\u0103\u021ba\u021bi salteaua la fiecare trei luni pentru a men\u021bine igiena \u0219i cur\u0103\u021benia.<\/li>\n<li><strong>Depozitare <\/strong>: \u00cenchide\u021bi bine recipientul dup\u0103 utilizare \u0219i depozita\u021bi-l \u00eentr-un loc r\u0103coros, uscat, ferit de lumin\u0103 \u0219i temperaturi extreme, pentru a p\u0103stra eficacitatea produsului pe termen lung.<\/li>\n<\/ul>\n<p>Cu cur\u0103\u021b\u0103torul nostru de saltele, bucura\u021bi-v\u0103 de o cur\u0103\u021bare profund\u0103 \u0219i de o \u00eengrijire revigorant\u0103 pentru lenjeria dvs. de pat. O solu\u021bie simpl\u0103 \u0219i eficient\u0103 pentru un mediu de somn mai s\u0103n\u0103tos \u0219i o \u00eengrijire de lung\u0103 durat\u0103 a \u021bes\u0103turilor, f\u0103r\u0103 efort.<\/p>","protected":false},"excerpt":{"rendered":"<p>Optimal Efficiency.\u00a0This mattress cleaner is specially formulated to eliminate stains, unpleasant odors, dust mites, sweat residues, and other impurities that accumulate over time. Thanks to its powerful formula, it penetrates deeply to break down dirt while preserving the fabric fibers. It refreshes and sanitizes the mattress, creating a healthier and more pleasant sleep environment. Satisfaction [&hellip;]<\/p>\n","protected":false},"featured_media":36087,"comment_status":"open","ping_status":"closed","template":"","meta":{"_uag_custom_page_level_css":"","site-sidebar-layout":"default","site-content-layout":"","ast-site-content-layout":"default","site-content-style":"default","site-sidebar-style":"default","ast-global-header-display":"","ast-banner-title-visibility":"","ast-main-header-display":"","ast-hfb-above-header-display":"","ast-hfb-below-header-display":"","ast-hfb-mobile-header-display":"","site-post-title":"","ast-breadcrumbs-content":"","ast-featured-img":"","footer-sml-layout":"","ast-disable-related-posts":"","theme-transparent-header-meta":"default","adv-header-id-meta":"","stick-header-meta":"","header-above-stick-meta":"","header-main-stick-meta":"","header-below-stick-meta":"","astra-migrate-meta-layouts":"set","ast-page-background-enabled":"default","ast-page-background-meta":{"desktop":{"background-color":"var(--ast-global-color-4)","background-image":"","background-repeat":"repeat","background-position":"center center","background-size":"auto","background-attachment":"scroll","background-type":"","background-media":"","overlay-type":"","overlay-color":"","overlay-opacity":"","overlay-gradient":""},"tablet":{"background-color":"","background-image":"","background-repeat":"repeat","background-position":"center center","background-size":"auto","background-attachment":"scroll","background-type":"","background-media":"","overlay-type":"","overlay-color":"","overlay-opacity":"","overlay-gradient":""},"mobile":{"background-color":"","background-image":"","background-repeat":"repeat","background-position":"center center","background-size":"auto","background-attachment":"scroll","background-type":"","background-media":"","overlay-type":"","overlay-color":"","overlay-opacity":"","overlay-gradient":""}},"ast-content-background-meta":{"desktop":{"background-color":"var(--ast-global-color-5)","background-image":"","background-repeat":"repeat","background-position":"center center","background-size":"auto","background-attachment":"scroll","background-type":"","background-media":"","overlay-type":"","overlay-color":"","overlay-opacity":"","overlay-gradient":""},"tablet":{"background-color":"var(--ast-global-color-5)","background-image":"","background-repeat":"repeat","background-position":"center center","background-size":"auto","background-attachment":"scroll","background-type":"","background-media":"","overlay-type":"","overlay-color":"","overlay-opacity":"","overlay-gradient":""},"mobile":{"background-color":"var(--ast-global-color-5)","background-image":"","background-repeat":"repeat","background-position":"center center","background-size":"auto","background-attachment":"scroll","background-type":"","background-media":"","overlay-type":"","overlay-color":"","overlay-opacity":"","overlay-gradient":""}}},"product_brand":[],"product_cat":[175],"product_tag":[],"class_list":{"0":"post-23811","1":"product","2":"type-product","3":"status-publish","4":"has-post-thumbnail","6":"product_cat-cleaning-products","7":"desktop-align-left","8":"tablet-align-left","9":"mobile-align-left","11":"first","12":"instock","13":"sale","14":"taxable","15":"shipping-taxable","16":"purchasable","17":"product-type-variable","18":"has-default-attributes"},"spectra_custom_meta":{"_visibility":["visible"],"_shopify_product_id":["9104765747445"],"_s2w_shopify_domain":["ferberpainting.myshopify.com"],"_shopify_variant_id":["46620949086453"],"_sku":[""],"_manage_stock":["no"],"total_sales":["66"],"_tax_status":["taxable"],"_tax_class":[""],"_backorders":["no"],"_sold_individually":["no"],"_virtual":["no"],"_downloadable":["no"],"_download_limit":["-1"],"_download_expiry":["-1"],"_stock":[null],"_stock_status":["instock"],"_wc_average_rating":["5.00"],"_wc_review_count":["10"],"_product_attributes":["a:1:{s:6:\"volume\";a:6:{s:4:\"name\";s:6:\"Volume\";s:5:\"value\";s:20:\"5 liters | 25 liters\";s:8:\"position\";i:1;s:10:\"is_visible\";i:0;s:12:\"is_variation\";i:1;s:11:\"is_taxonomy\";i:0;}}"],"_product_version":["10.5.1"],"wpse_downloadable_file_names":[""],"wpse_downloadable_file_urls":[""],"_edit_last":["1"],"_default_attributes":["a:1:{s:6:\"volume\";s:8:\"5 liters\";}"],"_edit_lock":["1771185416:1"],"_price":["29.90","129.90"],"merchant-center-availability":["yes"],"merchant-center-category":["4973"],"_thumbnail_id":["36087"],"_wp_page_template":["default"],"_wp_old_date":["2025-05-26"],"_product_image_gallery":["36088"],"site-sidebar-layout":["default"],"ast-site-content-layout":["default"],"site-content-style":["default"],"site-sidebar-style":["default"],"theme-transparent-header-meta":["default"],"_wc_rating_count":["a:1:{i:5;i:10;}"],"astra-migrate-meta-layouts":["set"],"_uag_css_file_name":["uag-css-23811.css"],"_elementor_page_assets":["a:0:{}"],"_uag_page_assets":["a:9:{s:3:\"css\";s:7133:\".uag-blocks-common-selector{z-index:var(--z-index-desktop) !important}@media(max-width: 976px){.uag-blocks-common-selector{z-index:var(--z-index-tablet) !important}}@media(max-width: 767px){.uag-blocks-common-selector{z-index:var(--z-index-mobile) !important}}.wp-block-uagb-image{display:flex}.wp-block-uagb-image__figure{position:relative;display:flex;flex-direction:column;max-width:100%;height:auto;margin:0}.wp-block-uagb-image__figure img{height:auto;display:flex;max-width:100%;transition:box-shadow .2s ease}.wp-block-uagb-image__figure>a{display:inline-block}.wp-block-uagb-image__figure figcaption{text-align:center;margin-top:.5em;margin-bottom:1em}.wp-block-uagb-image .components-placeholder.block-editor-media-placeholder .components-placeholder__instructions{align-self:center}.wp-block-uagb-image--align-left{text-align:left}.wp-block-uagb-image--align-right{text-align:right}.wp-block-uagb-image--align-center{text-align:center}.wp-block-uagb-image--align-full .wp-block-uagb-image__figure{margin-left:calc(50% - 50vw);margin-right:calc(50% - 50vw);max-width:100vw;width:100vw;height:auto}.wp-block-uagb-image--align-full .wp-block-uagb-image__figure img{height:auto;width:100% !important}.wp-block-uagb-image--align-wide .wp-block-uagb-image__figure img{height:auto;width:100%}.wp-block-uagb-image--layout-overlay__color-wrapper{position:absolute;left:0;top:0;right:0;bottom:0;opacity:.2;background:rgba(0,0,0,.5);transition:opacity .35s ease-in-out}.wp-block-uagb-image--layout-overlay-link{position:absolute;left:0;right:0;bottom:0;top:0}.wp-block-uagb-image--layout-overlay .wp-block-uagb-image__figure:hover .wp-block-uagb-image--layout-overlay__color-wrapper{opacity:1}.wp-block-uagb-image--layout-overlay__inner{position:absolute;left:15px;right:15px;bottom:15px;top:15px;display:flex;align-items:center;justify-content:center;flex-direction:column;border-color:#fff;transition:.35s ease-in-out}.wp-block-uagb-image--layout-overlay__inner.top-left,.wp-block-uagb-image--layout-overlay__inner.top-center,.wp-block-uagb-image--layout-overlay__inner.top-right{justify-content:flex-start}.wp-block-uagb-image--layout-overlay__inner.bottom-left,.wp-block-uagb-image--layout-overlay__inner.bottom-center,.wp-block-uagb-image--layout-overlay__inner.bottom-right{justify-content:flex-end}.wp-block-uagb-image--layout-overlay__inner.top-left,.wp-block-uagb-image--layout-overlay__inner.center-left,.wp-block-uagb-image--layout-overlay__inner.bottom-left{align-items:flex-start}.wp-block-uagb-image--layout-overlay__inner.top-right,.wp-block-uagb-image--layout-overlay__inner.center-right,.wp-block-uagb-image--layout-overlay__inner.bottom-right{align-items:flex-end}.wp-block-uagb-image--layout-overlay__inner .uagb-image-heading{color:#fff;transition:transform .35s,opacity .35s ease-in-out;transform:translate3d(0, 24px, 0);margin:0;line-height:1em}.wp-block-uagb-image--layout-overlay__inner .uagb-image-separator{width:30%;border-top-width:2px;border-top-color:#fff;border-top-style:solid;margin-bottom:10px;opacity:0;transition:transform .4s,opacity .4s ease-in-out;transform:translate3d(0, 30px, 0)}.wp-block-uagb-image--layout-overlay__inner .uagb-image-caption{opacity:0;overflow:visible;color:#fff;transition:transform .45s,opacity .45s ease-in-out;transform:translate3d(0, 35px, 0)}.wp-block-uagb-image--layout-overlay__inner:hover .uagb-image-heading,.wp-block-uagb-image--layout-overlay__inner:hover .uagb-image-separator,.wp-block-uagb-image--layout-overlay__inner:hover .uagb-image-caption{opacity:1;transform:translate3d(0, 0, 0)}.wp-block-uagb-image--effect-zoomin .wp-block-uagb-image__figure img,.wp-block-uagb-image--effect-zoomin .wp-block-uagb-image__figure .wp-block-uagb-image--layout-overlay__color-wrapper{transform:scale(1);transition:transform .35s ease-in-out}.wp-block-uagb-image--effect-zoomin .wp-block-uagb-image__figure:hover img,.wp-block-uagb-image--effect-zoomin .wp-block-uagb-image__figure:hover .wp-block-uagb-image--layout-overlay__color-wrapper{transform:scale(1.05)}.wp-block-uagb-image--effect-slide .wp-block-uagb-image__figure img,.wp-block-uagb-image--effect-slide .wp-block-uagb-image__figure .wp-block-uagb-image--layout-overlay__color-wrapper{width:calc(100% + 40px) !important;max-width:none !important;transform:translate3d(-40px, 0, 0);transition:transform .35s ease-in-out}.wp-block-uagb-image--effect-slide .wp-block-uagb-image__figure:hover img,.wp-block-uagb-image--effect-slide .wp-block-uagb-image__figure:hover .wp-block-uagb-image--layout-overlay__color-wrapper{transform:translate3d(0, 0, 0)}.wp-block-uagb-image--effect-grayscale img{filter:grayscale(0%);transition:.35s ease-in-out}.wp-block-uagb-image--effect-grayscale:hover img{filter:grayscale(100%)}.wp-block-uagb-image--effect-blur img{filter:blur(0);transition:.35s ease-in-out}.wp-block-uagb-image--effect-blur:hover img{filter:blur(3px)}.uagb-block-e6f939b3.wp-block-uagb-image--layout-default figure img{box-shadow: 0px 0px 0 #00000070;}.uagb-block-e6f939b3.wp-block-uagb-image .wp-block-uagb-image__figure figcaption{font-style: normal;align-self: center;}.uagb-block-e6f939b3.wp-block-uagb-image--layout-overlay figure img{box-shadow: 0px 0px 0 #00000070;}.uagb-block-e6f939b3.wp-block-uagb-image--layout-overlay .wp-block-uagb-image--layout-overlay__color-wrapper{opacity: 0.2;}.uagb-block-e6f939b3.wp-block-uagb-image--layout-overlay .wp-block-uagb-image--layout-overlay__inner{left: 15px;right: 15px;top: 15px;bottom: 15px;}.uagb-block-e6f939b3.wp-block-uagb-image--layout-overlay .wp-block-uagb-image--layout-overlay__inner .uagb-image-heading{font-style: normal;color: #fff;opacity: 1;}.uagb-block-e6f939b3.wp-block-uagb-image--layout-overlay .wp-block-uagb-image--layout-overlay__inner .uagb-image-heading a{color: #fff;}.uagb-block-e6f939b3.wp-block-uagb-image--layout-overlay .wp-block-uagb-image--layout-overlay__inner .uagb-image-caption{opacity: 0;}.uagb-block-e6f939b3.wp-block-uagb-image--layout-overlay .wp-block-uagb-image__figure:hover .wp-block-uagb-image--layout-overlay__color-wrapper{opacity: 1;}.uagb-block-e6f939b3.wp-block-uagb-image .wp-block-uagb-image--layout-overlay__inner .uagb-image-separator{width: 30%;border-top-width: 2px;border-top-color: #fff;opacity: 0;}.uagb-block-e6f939b3.wp-block-uagb-image .wp-block-uagb-image__figure img{width: px;height: auto;}.uagb-block-e6f939b3.wp-block-uagb-image .wp-block-uagb-image__figure:hover .wp-block-uagb-image--layout-overlay__inner .uagb-image-caption{opacity: 1;}.uagb-block-e6f939b3.wp-block-uagb-image .wp-block-uagb-image__figure:hover .wp-block-uagb-image--layout-overlay__inner .uagb-image-separator{opacity: 1;}.uagb-block-e6f939b3.wp-block-uagb-image--layout-default figure:hover img{box-shadow: 0px 0px 0 #00000070;}.uagb-block-e6f939b3.wp-block-uagb-image--layout-overlay figure:hover img{box-shadow: 0px 0px 0 #00000070;}@media only screen and (max-width: 976px) {.uagb-block-e6f939b3.wp-block-uagb-image .wp-block-uagb-image__figure img{width: px;height: auto;}}@media only screen and (max-width: 767px) {.uagb-block-e6f939b3.wp-block-uagb-image .wp-block-uagb-image__figure img{width: px;height: auto;}}\";s:2:\"js\";s:0:\"\";s:18:\"current_block_list\";a:13:{i:0;s:11:\"core\/search\";i:1;s:10:\"core\/group\";i:2;s:12:\"core\/heading\";i:3;s:17:\"core\/latest-posts\";i:4;s:20:\"core\/latest-comments\";i:5;s:13:\"core\/archives\";i:6;s:15:\"core\/categories\";i:7;s:14:\"core\/paragraph\";i:8;s:10:\"uagb\/image\";i:9;s:11:\"core\/spacer\";i:10;s:30:\"woocommerce\/product-categories\";i:11;s:10:\"core\/image\";i:12;s:14:\"core\/shortcode\";}s:8:\"uag_flag\";b:1;s:11:\"uag_version\";s:10:\"1777197322\";s:6:\"gfonts\";a:0:{}s:10:\"gfonts_url\";s:0:\"\";s:12:\"gfonts_files\";a:0:{}s:14:\"uag_faq_layout\";b:0;}"]},"uagb_featured_image_src":{"full":["https:\/\/www.ferberpainting.com\/wp-content\/uploads\/2025\/05\/Mattress-Cleaner-5L-.png",2560,2560,false],"thumbnail":["https:\/\/www.ferberpainting.com\/wp-content\/uploads\/2025\/05\/Mattress-Cleaner-5L--150x150.png",150,150,true],"medium":["https:\/\/www.ferberpainting.com\/wp-content\/uploads\/2025\/05\/Mattress-Cleaner-5L--300x300.png",300,300,true],"medium_large":["https:\/\/www.ferberpainting.com\/wp-content\/uploads\/2025\/05\/Mattress-Cleaner-5L--768x768.png",768,768,true],"large":["https:\/\/www.ferberpainting.com\/wp-content\/uploads\/2025\/05\/Mattress-Cleaner-5L--1024x1024.png",1024,1024,true],"1536x1536":["https:\/\/www.ferberpainting.com\/wp-content\/uploads\/2025\/05\/Mattress-Cleaner-5L--1536x1536.png",1536,1536,true],"2048x2048":["https:\/\/www.ferberpainting.com\/wp-content\/uploads\/2025\/05\/Mattress-Cleaner-5L--2048x2048.png",2048,2048,true],"trp-custom-language-flag":["https:\/\/www.ferberpainting.com\/wp-content\/uploads\/2025\/05\/Mattress-Cleaner-5L--12x12.png",12,12,true],"woocommerce_thumbnail":["https:\/\/www.ferberpainting.com\/wp-content\/uploads\/2025\/05\/Mattress-Cleaner-5L--300x300.png",300,300,true],"woocommerce_single":["https:\/\/www.ferberpainting.com\/wp-content\/uploads\/2025\/05\/Mattress-Cleaner-5L--600x600.png",600,600,true],"woocommerce_gallery_thumbnail":["https:\/\/www.ferberpainting.com\/wp-content\/uploads\/2025\/05\/Mattress-Cleaner-5L--100x100.png",100,100,true]},"uagb_author_info":{"display_name":"admin","author_link":"https:\/\/www.ferberpainting.com\/ro\/author\/"},"uagb_comment_info":10,"uagb_excerpt":"Optimal Efficiency.\u00a0This mattress cleaner is specially formulated to eliminate stains, unpleasant odors, dust mites, sweat residues, and other impurities that accumulate over time. Thanks to its powerful formula, it penetrates deeply to break down dirt while preserving the fabric fibers. It refreshes and sanitizes the mattress, creating a healthier and more pleasant sleep environment. Satisfaction&hellip;","_links":{"self":[{"href":"https:\/\/www.ferberpainting.com\/ro\/wp-json\/wp\/v2\/product\/23811","targetHints":{"allow":["GET"]}}],"collection":[{"href":"https:\/\/www.ferberpainting.com\/ro\/wp-json\/wp\/v2\/product"}],"about":[{"href":"https:\/\/www.ferberpainting.com\/ro\/wp-json\/wp\/v2\/types\/product"}],"replies":[{"embeddable":true,"href":"https:\/\/www.ferberpainting.com\/ro\/wp-json\/wp\/v2\/comments?post=23811"}],"version-history":[{"count":3,"href":"https:\/\/www.ferberpainting.com\/ro\/wp-json\/wp\/v2\/product\/23811\/revisions"}],"predecessor-version":[{"id":166501,"href":"https:\/\/www.ferberpainting.com\/ro\/wp-json\/wp\/v2\/product\/23811\/revisions\/166501"}],"wp:featuredmedia":[{"embeddable":true,"href":"https:\/\/www.ferberpainting.com\/ro\/wp-json\/wp\/v2\/media\/36087"}],"wp:attachment":[{"href":"https:\/\/www.ferberpainting.com\/ro\/wp-json\/wp\/v2\/media?parent=23811"}],"wp:term":[{"taxonomy":"product_brand","embeddable":true,"href":"https:\/\/www.ferberpainting.com\/ro\/wp-json\/wp\/v2\/product_brand?post=23811"},{"taxonomy":"product_cat","embeddable":true,"href":"https:\/\/www.ferberpainting.com\/ro\/wp-json\/wp\/v2\/product_cat?post=23811"},{"taxonomy":"product_tag","embeddable":true,"href":"https:\/\/www.ferberpainting.com\/ro\/wp-json\/wp\/v2\/product_tag?post=23811"}],"curies":[{"name":"wp","href":"https:\/\/api.w.org\/{rel}","templated":true}]}}