{"id":23537,"date":"2025-07-01T12:06:25","date_gmt":"2025-07-01T10:06:25","guid":{"rendered":"https:\/\/www.ferberpainting.com\/?post_type=product&#038;p=23537"},"modified":"2026-02-15T19:29:05","modified_gmt":"2026-02-15T18:29:05","slug":"hood-cleaner","status":"publish","type":"product","link":"https:\/\/www.ferberpainting.com\/ro\/products\/hood-cleaner\/","title":{"rendered":"Cur\u0103\u021b\u0103tor pentru hote de buc\u0103t\u0103rie"},"content":{"rendered":"<p><strong><img decoding=\"async\" style=\"margin-right: 12px;\" src=\"https:\/\/www.ferberpainting.com\/wp-content\/uploads\/2026\/02\/Check.svg\" alt=\"\" width=\"18\" height=\"15\" \/>Eficien\u021b\u0103 optim\u0103.<\/strong>\u00a0Acest detergent pentru hota de buc\u0103t\u0103rie este special conceput pentru a elimina gr\u0103simea \u00eencorporat\u0103, depunerile de fum, reziduurile de g\u0103tit \u0219i alte impurit\u0103\u021bi care se acumuleaz\u0103 pe suprafe\u021bele hotei de buc\u0103t\u0103rie. Formula sa puternic\u0103 dizolv\u0103 rapid gr\u0103simea, respect\u00e2nd \u00een acela\u0219i timp materialele tratate. Ajut\u0103 la redarea str\u0103lucirii originale a hotei dvs. \u0219i asigur\u0103 func\u021bionarea optim\u0103 prin prevenirea acumul\u0103rii de murd\u0103rie care ar putea reduce eficien\u021ba.<\/p>\n<p><strong><img decoding=\"async\" style=\"margin-right: 12px;\" src=\"https:\/\/www.ferberpainting.com\/wp-content\/uploads\/2026\/02\/Check.svg\" alt=\"\" width=\"18\" height=\"15\" \/>Garan\u021bie de restituire a banilor.<\/strong>\u00a0Suntem \u00eencrez\u0103tori \u00een performan\u021ba cur\u0103\u021b\u0103torului nostru. Dac\u0103 nu sunte\u021bi pe deplin mul\u021bumit dup\u0103 utilizare, sunte\u021bi eligibil pentru o rambursare complet\u0103. \u00cencerca\u021bi produsul nostru cu lini\u0219te sufleteasc\u0103 \u0219i bucura\u021bi-v\u0103 de o hot\u0103 perfect curat\u0103 \u00een fiecare zi.<\/p>\n<p><strong><img decoding=\"async\" style=\"margin-right: 12px;\" src=\"https:\/\/www.ferberpainting.com\/wp-content\/uploads\/2026\/02\/Check.svg\" alt=\"\" width=\"18\" height=\"15\" \/>Versatilitate excep\u021bional\u0103.<\/strong>\u00a0Acest produs de cur\u0103\u021bare nu este limitat la hotele din o\u021bel inoxidabil! Este eficient \u0219i pe aluminiu, email, sticl\u0103 \u0219i plastic. Este ideal pentru cur\u0103\u021barea filtrelor metalice, grilelor de ventila\u021bie, conductelor de evacuare \u0219i chiar a unor pere\u021bi din gresie sau o\u021bel inoxidabil din jurul hotei. Compatibilitatea sa cu diverse materiale asigur\u0103 o cur\u0103\u021bare eficient\u0103, p\u0103str\u00e2nd \u00een acela\u0219i timp integritatea suprafe\u021belor.<\/p>\n<p><strong><img decoding=\"async\" style=\"margin-right: 12px;\" src=\"https:\/\/www.ferberpainting.com\/wp-content\/uploads\/2026\/02\/Check.svg\" alt=\"\" width=\"18\" height=\"15\" \/>Rentabil.<\/strong>\u00a0Cu formatul s\u0103u de 5 litri \u0219i formula ultra-eficient\u0103, acest detergent ofer\u0103 o acoperire excelent\u0103. O cantitate mic\u0103 este suficient\u0103 pentru a dizolva gr\u0103simea \u0219i a cur\u0103\u021ba suprafe\u021be mari f\u0103r\u0103 risip\u0103. \u00cen medie, un litru trateaz\u0103 p\u00e2n\u0103 la 80 m\u00b2 de suprafa\u021b\u0103, ceea ce \u00eel face o solu\u021bie extrem de economic\u0103 at\u00e2t pentru \u00eentre\u021binerea regulat\u0103, c\u00e2t \u0219i pentru cea intensiv\u0103.<\/p>\n<p><strong><img decoding=\"async\" style=\"margin-right: 12px;\" src=\"https:\/\/www.ferberpainting.com\/wp-content\/uploads\/2026\/02\/Check.svg\" alt=\"\" width=\"18\" height=\"15\" \/>Sigur de utilizat.<\/strong>\u00a0Spre deosebire de decarbonizatorii agresivi care pot deteriora materialele \u0219i elibera vapori nocivi, acest produs este formulat f\u0103r\u0103 solven\u021bi corozivi sau substan\u021be toxice. Nu emite vapori iritan\u021bi \u0219i nu provoac\u0103 irita\u021bii ale pielii, ceea ce \u00eel face sigur pentru utilizare chiar \u0219i \u00een medii de buc\u0103t\u0103rie \u00eenchise. Este sigur pentru alimente \u0219i \u00eendepline\u0219te standardele de igien\u0103 casnic\u0103 \u0219i profesional\u0103.<\/p>\n<p><strong><img decoding=\"async\" style=\"margin-right: 12px;\" src=\"https:\/\/www.ferberpainting.com\/wp-content\/uploads\/2026\/02\/Check.svg\" alt=\"\" width=\"18\" height=\"15\" \/>U\u0219urin\u021ba de utilizare.<\/strong>\u00a0Acest produs este gata de utilizare \u0219i nu necesit\u0103 diluare sau manipulare complex\u0103. Aplica\u021bi-l direct pe suprafe\u021be cu un burete, o c\u00e2rp\u0103 sau o sticl\u0103 cu pulverizator. Ac\u021biunea sa rapid\u0103 \u0219i utilizarea intuitiv\u0103 dizolv\u0103 instantaneu gr\u0103simea f\u0103r\u0103 efort, simplific\u00e2nd \u00eentre\u021binerea zilnic\u0103 a hotei.<\/p>\n<p><strong><img decoding=\"async\" style=\"margin-right: 12px;\" src=\"https:\/\/www.ferberpainting.com\/wp-content\/uploads\/2026\/02\/Check.svg\" alt=\"\" width=\"18\" height=\"15\" \/>Protec\u021bie de lung\u0103 durat\u0103.<\/strong>\u00a0Prin \u00eendep\u0103rtarea eficient\u0103 a depunerilor de gr\u0103sime \u0219i a reziduurilor de g\u0103tit, acest produs de cur\u0103\u021bare ajut\u0103 la prelungirea duratei de via\u021b\u0103 a hotei \u0219i a componentelor acesteia - \u00een special filtrele \u0219i conductele de extrac\u021bie. Utilizarea regulat\u0103 le \u00eempiedic\u0103 s\u0103 se \u00eenfund\u0103, asigur\u00e2ndu-se c\u0103 hota \u00ee\u0219i men\u021bine performan\u021ba optim\u0103 \u0219i durabilitatea pe termen lung.<\/p>\n<p><strong><img decoding=\"async\" style=\"margin-right: 12px;\" src=\"https:\/\/www.ferberpainting.com\/wp-content\/uploads\/2026\/02\/Check.svg\" alt=\"\" width=\"18\" height=\"15\" \/>Ac\u021biune rapid\u0103.<\/strong>\u00a0Datorit\u0103 formulei sale foarte active, acest detergent ac\u021bioneaz\u0103 imediat asupra gr\u0103simii \u0219i impurit\u0103\u021bilor. \u00cen doar c\u00e2teva secunde, dizolv\u0103 reziduurile dificile f\u0103r\u0103 a freca. Acesta permite o \u00eentre\u021binere rapid\u0103 \u0219i eficient\u0103, ideal\u0103 at\u00e2t pentru buc\u0103t\u0103riile de acas\u0103, c\u00e2t \u0219i pentru mediile profesionale care necesit\u0103 o reactivitate ridicat\u0103.<\/p>\n<h2><strong>Protocol de utilizare<\/strong><\/h2>\n<ul>\n<li><strong>Preg\u0103tire <\/strong>: Asigura\u021bi-v\u0103 c\u0103 hota este oprit\u0103 \u0219i rece \u00eenainte de a aplica produsul. Scoate\u021bi filtrele metalice pentru a le cur\u0103\u021ba separat.<\/li>\n<li><strong>Aplicare pe suprafe\u021be exterioare <\/strong>: Turna\u021bi o cantitate mic\u0103 de produs de cur\u0103\u021bare pe o c\u00e2rp\u0103 sau un burete curat, apoi aplica\u021bi uniform pe suprafa\u021ba exterioar\u0103 a capotei cu mi\u0219c\u0103ri circulare pentru degresare.<\/li>\n<li><strong>Cur\u0103\u021barea filtrelor metalice <\/strong>: Scufunda\u021bi filtrele deta\u0219abile \u00eentr-un recipient cu detergent \u0219i l\u0103sa\u021bi-le s\u0103 stea timp de 5-10 minute. Apoi freca\u021bi u\u0219or cu o perie moale pentru a \u00eendep\u0103rta gr\u0103simea \u00eencorporat\u0103.<\/li>\n<li><strong>\u00centre\u021binerea conductelor \u0219i a grilelor de ventila\u021bie <\/strong>: Aplica\u021bi produsul cu o c\u00e2rp\u0103 umed\u0103 pe grilele \u0219i orificiile de ventila\u021bie, asigur\u00e2ndu-v\u0103 c\u0103 \u00eendep\u0103rta\u021bi toate acumul\u0103rile pentru a men\u021bine un flux de aer adecvat.<\/li>\n<li><strong>Cl\u0103tire <\/strong>: \u0218terge\u021bi suprafe\u021bele cur\u0103\u021bate cu o c\u00e2rp\u0103 umed\u0103 pentru a \u00eendep\u0103rta orice reziduu de produs. Cl\u0103ti\u021bi bine filtrele metalice cu ap\u0103 curat\u0103 \u00eenainte de a le reintroduce.<\/li>\n<li><strong>Uscare \u0219i finisare <\/strong>: Usca\u021bi suprafe\u021bele exterioare cu o c\u00e2rp\u0103 din microfibr\u0103 pentru a preveni dungile \u0219i a asigura un finisaj impecabil. Pentru hotele din o\u021bel inoxidabil sau sticl\u0103, o lustruire u\u0219oar\u0103 cu o c\u00e2rp\u0103 uscat\u0103 adaug\u0103 un plus de str\u0103lucire.<\/li>\n<li><strong>Frecven\u021ba utiliz\u0103rii <\/strong>: Aplica\u021bi o dat\u0103 sau de dou\u0103 ori pe s\u0103pt\u0103m\u00e2n\u0103 pentru \u00eentre\u021binere regulat\u0103 \u0219i pentru a preveni acumularea de gr\u0103simi. Pentru buc\u0103t\u0103riile profesionale sau hotele utilizate frecvent, se recomand\u0103 cur\u0103\u021barea zilnic\u0103 pentru a asigura func\u021bionarea optim\u0103.<\/li>\n<li><strong>Depozitare <\/strong>: P\u0103stra\u021bi recipientul bine \u00eenchis dup\u0103 fiecare utilizare \u0219i depozita\u021bi-l \u00eentr-un loc r\u0103coros, uscat, ferit de lumin\u0103 \u0219i temperaturi extreme, pentru a men\u021bine eficacitatea produsului \u00een timp.<\/li>\n<\/ul>\n<p>Cu cur\u0103\u021b\u0103torul nostru pentru hote, bucura\u021bi-v\u0103 de o degresare puternic\u0103 \u0219i rapid\u0103, prelungind \u00een acela\u0219i timp eficien\u021ba \u0219i durabilitatea echipamentului dvs. O solu\u021bie ideal\u0103 pentru o \u00eentre\u021binere f\u0103r\u0103 efort \u0219i f\u0103r\u0103 pat\u0103.<\/p>","protected":false},"excerpt":{"rendered":"<p>Optimal Efficiency.\u00a0This range hood cleaner is specially designed to eliminate embedded grease, smoke deposits, cooking residues, and other impurities that accumulate on kitchen hood surfaces. Its powerful formula quickly dissolves grease while respecting the treated materials. It helps restore your hood\u2019s original shine and ensures optimal functioning by preventing the buildup of grime that could [&hellip;]<\/p>\n","protected":false},"featured_media":36292,"comment_status":"open","ping_status":"closed","template":"","meta":{"_uag_custom_page_level_css":"","site-sidebar-layout":"default","site-content-layout":"","ast-site-content-layout":"default","site-content-style":"default","site-sidebar-style":"default","ast-global-header-display":"","ast-banner-title-visibility":"","ast-main-header-display":"","ast-hfb-above-header-display":"","ast-hfb-below-header-display":"","ast-hfb-mobile-header-display":"","site-post-title":"","ast-breadcrumbs-content":"","ast-featured-img":"","footer-sml-layout":"","ast-disable-related-posts":"","theme-transparent-header-meta":"default","adv-header-id-meta":"","stick-header-meta":"","header-above-stick-meta":"","header-main-stick-meta":"","header-below-stick-meta":"","astra-migrate-meta-layouts":"set","ast-page-background-enabled":"default","ast-page-background-meta":{"desktop":{"background-color":"var(--ast-global-color-4)","background-image":"","background-repeat":"repeat","background-position":"center center","background-size":"auto","background-attachment":"scroll","background-type":"","background-media":"","overlay-type":"","overlay-color":"","overlay-opacity":"","overlay-gradient":""},"tablet":{"background-color":"","background-image":"","background-repeat":"repeat","background-position":"center center","background-size":"auto","background-attachment":"scroll","background-type":"","background-media":"","overlay-type":"","overlay-color":"","overlay-opacity":"","overlay-gradient":""},"mobile":{"background-color":"","background-image":"","background-repeat":"repeat","background-position":"center center","background-size":"auto","background-attachment":"scroll","background-type":"","background-media":"","overlay-type":"","overlay-color":"","overlay-opacity":"","overlay-gradient":""}},"ast-content-background-meta":{"desktop":{"background-color":"var(--ast-global-color-5)","background-image":"","background-repeat":"repeat","background-position":"center center","background-size":"auto","background-attachment":"scroll","background-type":"","background-media":"","overlay-type":"","overlay-color":"","overlay-opacity":"","overlay-gradient":""},"tablet":{"background-color":"var(--ast-global-color-5)","background-image":"","background-repeat":"repeat","background-position":"center center","background-size":"auto","background-attachment":"scroll","background-type":"","background-media":"","overlay-type":"","overlay-color":"","overlay-opacity":"","overlay-gradient":""},"mobile":{"background-color":"var(--ast-global-color-5)","background-image":"","background-repeat":"repeat","background-position":"center center","background-size":"auto","background-attachment":"scroll","background-type":"","background-media":"","overlay-type":"","overlay-color":"","overlay-opacity":"","overlay-gradient":""}}},"product_brand":[],"product_cat":[175],"product_tag":[],"class_list":{"0":"post-23537","1":"product","2":"type-product","3":"status-publish","4":"has-post-thumbnail","6":"product_cat-cleaning-products","7":"desktop-align-left","8":"tablet-align-left","9":"mobile-align-left","11":"first","12":"instock","13":"sale","14":"taxable","15":"shipping-taxable","16":"purchasable","17":"product-type-variable","18":"has-default-attributes"},"spectra_custom_meta":{"_visibility":["visible"],"_shopify_product_id":["9102618984693"],"_s2w_shopify_domain":["ferberpainting.myshopify.com"],"_shopify_variant_id":["46616627380469"],"_sku":[""],"_manage_stock":["no"],"total_sales":["10"],"_tax_status":["taxable"],"_tax_class":[""],"_backorders":["no"],"_sold_individually":["no"],"_virtual":["no"],"_downloadable":["no"],"_download_limit":["-1"],"_download_expiry":["-1"],"_stock":[null],"_stock_status":["instock"],"_wc_average_rating":["5.00"],"_wc_review_count":["27"],"_product_attributes":["a:1:{s:6:\"volume\";a:6:{s:4:\"name\";s:6:\"Volume\";s:5:\"value\";s:20:\"5 liters | 25 liters\";s:8:\"position\";i:1;s:10:\"is_visible\";i:0;s:12:\"is_variation\";i:1;s:11:\"is_taxonomy\";i:0;}}"],"_product_version":["10.5.1"],"wpse_downloadable_file_names":[""],"wpse_downloadable_file_urls":[""],"_edit_last":["1"],"_default_attributes":["a:1:{s:6:\"volume\";s:8:\"5 liters\";}"],"_edit_lock":["1771180006:1"],"_price":["29.90","129.90"],"merchant-center-availability":["yes"],"merchant-center-category":["4978"],"_thumbnail_id":["36292"],"_wp_page_template":["default"],"_wp_old_date":["2025-05-26"],"_product_image_gallery":["36294"],"site-sidebar-layout":["default"],"ast-site-content-layout":["default"],"site-content-style":["default"],"site-sidebar-style":["default"],"theme-transparent-header-meta":["default"],"_wc_rating_count":["a:1:{i:5;i:27;}"],"astra-migrate-meta-layouts":["set"],"_uag_css_file_name":["uag-css-23537.css"],"_elementor_page_assets":["a:0:{}"],"_uag_page_assets":["a:9:{s:3:\"css\";s:7133:\".uag-blocks-common-selector{z-index:var(--z-index-desktop) !important}@media(max-width: 976px){.uag-blocks-common-selector{z-index:var(--z-index-tablet) !important}}@media(max-width: 767px){.uag-blocks-common-selector{z-index:var(--z-index-mobile) !important}}.wp-block-uagb-image{display:flex}.wp-block-uagb-image__figure{position:relative;display:flex;flex-direction:column;max-width:100%;height:auto;margin:0}.wp-block-uagb-image__figure img{height:auto;display:flex;max-width:100%;transition:box-shadow .2s ease}.wp-block-uagb-image__figure>a{display:inline-block}.wp-block-uagb-image__figure figcaption{text-align:center;margin-top:.5em;margin-bottom:1em}.wp-block-uagb-image .components-placeholder.block-editor-media-placeholder .components-placeholder__instructions{align-self:center}.wp-block-uagb-image--align-left{text-align:left}.wp-block-uagb-image--align-right{text-align:right}.wp-block-uagb-image--align-center{text-align:center}.wp-block-uagb-image--align-full .wp-block-uagb-image__figure{margin-left:calc(50% - 50vw);margin-right:calc(50% - 50vw);max-width:100vw;width:100vw;height:auto}.wp-block-uagb-image--align-full .wp-block-uagb-image__figure img{height:auto;width:100% !important}.wp-block-uagb-image--align-wide .wp-block-uagb-image__figure img{height:auto;width:100%}.wp-block-uagb-image--layout-overlay__color-wrapper{position:absolute;left:0;top:0;right:0;bottom:0;opacity:.2;background:rgba(0,0,0,.5);transition:opacity .35s ease-in-out}.wp-block-uagb-image--layout-overlay-link{position:absolute;left:0;right:0;bottom:0;top:0}.wp-block-uagb-image--layout-overlay .wp-block-uagb-image__figure:hover .wp-block-uagb-image--layout-overlay__color-wrapper{opacity:1}.wp-block-uagb-image--layout-overlay__inner{position:absolute;left:15px;right:15px;bottom:15px;top:15px;display:flex;align-items:center;justify-content:center;flex-direction:column;border-color:#fff;transition:.35s ease-in-out}.wp-block-uagb-image--layout-overlay__inner.top-left,.wp-block-uagb-image--layout-overlay__inner.top-center,.wp-block-uagb-image--layout-overlay__inner.top-right{justify-content:flex-start}.wp-block-uagb-image--layout-overlay__inner.bottom-left,.wp-block-uagb-image--layout-overlay__inner.bottom-center,.wp-block-uagb-image--layout-overlay__inner.bottom-right{justify-content:flex-end}.wp-block-uagb-image--layout-overlay__inner.top-left,.wp-block-uagb-image--layout-overlay__inner.center-left,.wp-block-uagb-image--layout-overlay__inner.bottom-left{align-items:flex-start}.wp-block-uagb-image--layout-overlay__inner.top-right,.wp-block-uagb-image--layout-overlay__inner.center-right,.wp-block-uagb-image--layout-overlay__inner.bottom-right{align-items:flex-end}.wp-block-uagb-image--layout-overlay__inner .uagb-image-heading{color:#fff;transition:transform .35s,opacity .35s ease-in-out;transform:translate3d(0, 24px, 0);margin:0;line-height:1em}.wp-block-uagb-image--layout-overlay__inner .uagb-image-separator{width:30%;border-top-width:2px;border-top-color:#fff;border-top-style:solid;margin-bottom:10px;opacity:0;transition:transform .4s,opacity .4s ease-in-out;transform:translate3d(0, 30px, 0)}.wp-block-uagb-image--layout-overlay__inner .uagb-image-caption{opacity:0;overflow:visible;color:#fff;transition:transform .45s,opacity .45s ease-in-out;transform:translate3d(0, 35px, 0)}.wp-block-uagb-image--layout-overlay__inner:hover .uagb-image-heading,.wp-block-uagb-image--layout-overlay__inner:hover .uagb-image-separator,.wp-block-uagb-image--layout-overlay__inner:hover .uagb-image-caption{opacity:1;transform:translate3d(0, 0, 0)}.wp-block-uagb-image--effect-zoomin .wp-block-uagb-image__figure img,.wp-block-uagb-image--effect-zoomin .wp-block-uagb-image__figure .wp-block-uagb-image--layout-overlay__color-wrapper{transform:scale(1);transition:transform .35s ease-in-out}.wp-block-uagb-image--effect-zoomin .wp-block-uagb-image__figure:hover img,.wp-block-uagb-image--effect-zoomin .wp-block-uagb-image__figure:hover .wp-block-uagb-image--layout-overlay__color-wrapper{transform:scale(1.05)}.wp-block-uagb-image--effect-slide .wp-block-uagb-image__figure img,.wp-block-uagb-image--effect-slide .wp-block-uagb-image__figure .wp-block-uagb-image--layout-overlay__color-wrapper{width:calc(100% + 40px) !important;max-width:none !important;transform:translate3d(-40px, 0, 0);transition:transform .35s ease-in-out}.wp-block-uagb-image--effect-slide .wp-block-uagb-image__figure:hover img,.wp-block-uagb-image--effect-slide .wp-block-uagb-image__figure:hover .wp-block-uagb-image--layout-overlay__color-wrapper{transform:translate3d(0, 0, 0)}.wp-block-uagb-image--effect-grayscale img{filter:grayscale(0%);transition:.35s ease-in-out}.wp-block-uagb-image--effect-grayscale:hover img{filter:grayscale(100%)}.wp-block-uagb-image--effect-blur img{filter:blur(0);transition:.35s ease-in-out}.wp-block-uagb-image--effect-blur:hover img{filter:blur(3px)}.uagb-block-e6f939b3.wp-block-uagb-image--layout-default figure img{box-shadow: 0px 0px 0 #00000070;}.uagb-block-e6f939b3.wp-block-uagb-image .wp-block-uagb-image__figure figcaption{font-style: normal;align-self: center;}.uagb-block-e6f939b3.wp-block-uagb-image--layout-overlay figure img{box-shadow: 0px 0px 0 #00000070;}.uagb-block-e6f939b3.wp-block-uagb-image--layout-overlay .wp-block-uagb-image--layout-overlay__color-wrapper{opacity: 0.2;}.uagb-block-e6f939b3.wp-block-uagb-image--layout-overlay .wp-block-uagb-image--layout-overlay__inner{left: 15px;right: 15px;top: 15px;bottom: 15px;}.uagb-block-e6f939b3.wp-block-uagb-image--layout-overlay .wp-block-uagb-image--layout-overlay__inner .uagb-image-heading{font-style: normal;color: #fff;opacity: 1;}.uagb-block-e6f939b3.wp-block-uagb-image--layout-overlay .wp-block-uagb-image--layout-overlay__inner .uagb-image-heading a{color: #fff;}.uagb-block-e6f939b3.wp-block-uagb-image--layout-overlay .wp-block-uagb-image--layout-overlay__inner .uagb-image-caption{opacity: 0;}.uagb-block-e6f939b3.wp-block-uagb-image--layout-overlay .wp-block-uagb-image__figure:hover .wp-block-uagb-image--layout-overlay__color-wrapper{opacity: 1;}.uagb-block-e6f939b3.wp-block-uagb-image .wp-block-uagb-image--layout-overlay__inner .uagb-image-separator{width: 30%;border-top-width: 2px;border-top-color: #fff;opacity: 0;}.uagb-block-e6f939b3.wp-block-uagb-image .wp-block-uagb-image__figure img{width: px;height: auto;}.uagb-block-e6f939b3.wp-block-uagb-image .wp-block-uagb-image__figure:hover .wp-block-uagb-image--layout-overlay__inner .uagb-image-caption{opacity: 1;}.uagb-block-e6f939b3.wp-block-uagb-image .wp-block-uagb-image__figure:hover .wp-block-uagb-image--layout-overlay__inner .uagb-image-separator{opacity: 1;}.uagb-block-e6f939b3.wp-block-uagb-image--layout-default figure:hover img{box-shadow: 0px 0px 0 #00000070;}.uagb-block-e6f939b3.wp-block-uagb-image--layout-overlay figure:hover img{box-shadow: 0px 0px 0 #00000070;}@media only screen and (max-width: 976px) {.uagb-block-e6f939b3.wp-block-uagb-image .wp-block-uagb-image__figure img{width: px;height: auto;}}@media only screen and (max-width: 767px) {.uagb-block-e6f939b3.wp-block-uagb-image .wp-block-uagb-image__figure img{width: px;height: auto;}}\";s:2:\"js\";s:0:\"\";s:18:\"current_block_list\";a:13:{i:0;s:11:\"core\/search\";i:1;s:10:\"core\/group\";i:2;s:12:\"core\/heading\";i:3;s:17:\"core\/latest-posts\";i:4;s:20:\"core\/latest-comments\";i:5;s:13:\"core\/archives\";i:6;s:15:\"core\/categories\";i:7;s:14:\"core\/paragraph\";i:8;s:10:\"uagb\/image\";i:9;s:11:\"core\/spacer\";i:10;s:30:\"woocommerce\/product-categories\";i:11;s:10:\"core\/image\";i:12;s:14:\"core\/shortcode\";}s:8:\"uag_flag\";b:1;s:11:\"uag_version\";s:10:\"1777197330\";s:6:\"gfonts\";a:0:{}s:10:\"gfonts_url\";s:0:\"\";s:12:\"gfonts_files\";a:0:{}s:14:\"uag_faq_layout\";b:0;}"]},"uagb_featured_image_src":{"full":["https:\/\/www.ferberpainting.com\/wp-content\/uploads\/2025\/05\/Hood-Cleaner-5L.png",2560,2560,false],"thumbnail":["https:\/\/www.ferberpainting.com\/wp-content\/uploads\/2025\/05\/Hood-Cleaner-5L-150x150.png",150,150,true],"medium":["https:\/\/www.ferberpainting.com\/wp-content\/uploads\/2025\/05\/Hood-Cleaner-5L-300x300.png",300,300,true],"medium_large":["https:\/\/www.ferberpainting.com\/wp-content\/uploads\/2025\/05\/Hood-Cleaner-5L-768x768.png",768,768,true],"large":["https:\/\/www.ferberpainting.com\/wp-content\/uploads\/2025\/05\/Hood-Cleaner-5L-1024x1024.png",1024,1024,true],"1536x1536":["https:\/\/www.ferberpainting.com\/wp-content\/uploads\/2025\/05\/Hood-Cleaner-5L-1536x1536.png",1536,1536,true],"2048x2048":["https:\/\/www.ferberpainting.com\/wp-content\/uploads\/2025\/05\/Hood-Cleaner-5L-2048x2048.png",2048,2048,true],"trp-custom-language-flag":["https:\/\/www.ferberpainting.com\/wp-content\/uploads\/2025\/05\/Hood-Cleaner-5L-12x12.png",12,12,true],"woocommerce_thumbnail":["https:\/\/www.ferberpainting.com\/wp-content\/uploads\/2025\/05\/Hood-Cleaner-5L-300x300.png",300,300,true],"woocommerce_single":["https:\/\/www.ferberpainting.com\/wp-content\/uploads\/2025\/05\/Hood-Cleaner-5L-600x600.png",600,600,true],"woocommerce_gallery_thumbnail":["https:\/\/www.ferberpainting.com\/wp-content\/uploads\/2025\/05\/Hood-Cleaner-5L-100x100.png",100,100,true]},"uagb_author_info":{"display_name":"admin","author_link":"https:\/\/www.ferberpainting.com\/ro\/author\/"},"uagb_comment_info":27,"uagb_excerpt":"Optimal Efficiency.\u00a0This range hood cleaner is specially designed to eliminate embedded grease, smoke deposits, cooking residues, and other impurities that accumulate on kitchen hood surfaces. Its powerful formula quickly dissolves grease while respecting the treated materials. It helps restore your hood\u2019s original shine and ensures optimal functioning by preventing the buildup of grime that could&hellip;","_links":{"self":[{"href":"https:\/\/www.ferberpainting.com\/ro\/wp-json\/wp\/v2\/product\/23537","targetHints":{"allow":["GET"]}}],"collection":[{"href":"https:\/\/www.ferberpainting.com\/ro\/wp-json\/wp\/v2\/product"}],"about":[{"href":"https:\/\/www.ferberpainting.com\/ro\/wp-json\/wp\/v2\/types\/product"}],"replies":[{"embeddable":true,"href":"https:\/\/www.ferberpainting.com\/ro\/wp-json\/wp\/v2\/comments?post=23537"}],"version-history":[{"count":4,"href":"https:\/\/www.ferberpainting.com\/ro\/wp-json\/wp\/v2\/product\/23537\/revisions"}],"predecessor-version":[{"id":166363,"href":"https:\/\/www.ferberpainting.com\/ro\/wp-json\/wp\/v2\/product\/23537\/revisions\/166363"}],"wp:featuredmedia":[{"embeddable":true,"href":"https:\/\/www.ferberpainting.com\/ro\/wp-json\/wp\/v2\/media\/36292"}],"wp:attachment":[{"href":"https:\/\/www.ferberpainting.com\/ro\/wp-json\/wp\/v2\/media?parent=23537"}],"wp:term":[{"taxonomy":"product_brand","embeddable":true,"href":"https:\/\/www.ferberpainting.com\/ro\/wp-json\/wp\/v2\/product_brand?post=23537"},{"taxonomy":"product_cat","embeddable":true,"href":"https:\/\/www.ferberpainting.com\/ro\/wp-json\/wp\/v2\/product_cat?post=23537"},{"taxonomy":"product_tag","embeddable":true,"href":"https:\/\/www.ferberpainting.com\/ro\/wp-json\/wp\/v2\/product_tag?post=23537"}],"curies":[{"name":"wp","href":"https:\/\/api.w.org\/{rel}","templated":true}]}}