{"id":23465,"date":"2025-05-26T10:24:15","date_gmt":"2025-05-26T08:24:15","guid":{"rendered":"https:\/\/www.ferberpainting.com\/products\/flowering-plant-fertilizer\/"},"modified":"2026-02-15T14:13:46","modified_gmt":"2026-02-15T13:13:46","slug":"flowering-plant-fertilizer","status":"publish","type":"product","link":"https:\/\/www.ferberpainting.com\/ro\/products\/flowering-plant-fertilizer\/","title":{"rendered":"\u00cengr\u0103\u0219\u0103m\u00e2nt pentru plante cu flori"},"content":{"rendered":"<p><img decoding=\"async\" style=\"margin-right: 12px;\" src=\"https:\/\/www.ferberpainting.com\/wp-content\/uploads\/2026\/02\/Check.svg\" alt=\"\" width=\"18\" height=\"15\" \/><strong>Un fertilizator special conceput pentru a promova \u00eenflorirea.<\/strong>\u00a0Plantele noastre cu flori au nevoie de un aport echilibrat de nutrien\u021bi esen\u021biali pentru a produce flori abundente, vibrante \u0219i de lung\u0103 durat\u0103. Acest fertilizator NPK 15-15-15 este conceput pentru a stimula cre\u0219terea tulpinilor, frunzelor \u0219i r\u0103d\u0103cinilor, stimul\u00e2nd \u00een acela\u0219i timp formarea \u0219i longevitatea florilor. Este potrivit pentru toate soiurile de plante cu flori, fie c\u0103 sunt de interior, de exterior, \u00een ghiveci sau plantate \u00een p\u0103m\u00e2nt.<\/p>\n<p><img decoding=\"async\" style=\"margin-right: 12px;\" src=\"https:\/\/www.ferberpainting.com\/wp-content\/uploads\/2026\/02\/Check.svg\" alt=\"\" width=\"18\" height=\"15\" \/><strong>Garan\u021bie de restituire a banilor.<\/strong>\u00a0Am dezvoltat acest fertilizator pentru a asigura rezultate vizibile. Dac\u0103, \u00een ciuda aplic\u0103rii corespunz\u0103toare, planta dvs. nu prezint\u0103 nicio \u00eembun\u0103t\u0103\u021bire, promitem s\u0103 v\u0103 ramburs\u0103m integral.<\/p>\n<p><img decoding=\"async\" style=\"margin-right: 12px;\" src=\"https:\/\/www.ferberpainting.com\/wp-content\/uploads\/2026\/02\/Check.svg\" alt=\"\" width=\"18\" height=\"15\" \/><strong>Potrivit pentru toate plantele cu flori.<\/strong>\u00a0Acest fertilizator versatil este potrivit pentru o gam\u0103 larg\u0103 de plante cu flori, cum ar fi geraniile, petuniile, trandafirii, hortensiile, lavanda, begoniile, crinii, daliile \u0219i multe altele. De asemenea, este perfect pentru florile de gr\u0103din\u0103 \u0219i plantele de pe balcoane \u0219i terase.<\/p>\n<p><img decoding=\"async\" style=\"margin-right: 12px;\" src=\"https:\/\/www.ferberpainting.com\/wp-content\/uploads\/2026\/02\/Check.svg\" alt=\"\" width=\"18\" height=\"15\" \/><strong>Performan\u021b\u0103 economic\u0103 excelent\u0103.<\/strong>\u00a0Datorit\u0103 concentra\u021biei sale ridicate, acest \u00eengr\u0103\u0219\u0103m\u00e2nt lichid ofer\u0103 o eficien\u021b\u0103 optim\u0103. O dilu\u021bie de 5 ml per litru de ap\u0103 poate prepara p\u00e2n\u0103 la 1000 de litri de solu\u021bie nutritiv\u0103, asigur\u00e2nd o utilizare de lung\u0103 durat\u0103 \u0219i costuri reduse de \u00eentre\u021binere.<\/p>\n<p><img decoding=\"async\" style=\"margin-right: 12px;\" src=\"https:\/\/www.ferberpainting.com\/wp-content\/uploads\/2026\/02\/Check.svg\" alt=\"\" width=\"18\" height=\"15\" \/><strong>Sigur pentru plante \u0219i mediu.<\/strong>\u00a0Spre deosebire de \u00eengr\u0103\u0219\u0103mintele chimice agresive, formula noastr\u0103 respect\u0103 solul \u0219i r\u0103d\u0103cinile. Compozi\u021bia sa echilibrat\u0103 asigur\u0103 asimilarea progresiv\u0103 a nutrien\u021bilor, evit\u00e2nd astfel riscul de arsur\u0103 a r\u0103d\u0103cinilor.<\/p>\n<p><img decoding=\"async\" style=\"margin-right: 12px;\" src=\"https:\/\/www.ferberpainting.com\/wp-content\/uploads\/2026\/02\/Check.svg\" alt=\"\" width=\"18\" height=\"15\" \/><strong>U\u0219urin\u021b\u0103 de utilizare \u0219i aplicare rapid\u0103.<\/strong>\u00a0\u00cen form\u0103 lichid\u0103, acest \u00eengr\u0103\u0219\u0103m\u00e2nt este u\u0219or de dozat \u0219i de aplicat. Pur \u0219i simplu amesteca\u021bi-l cu ap\u0103 \u0219i uda\u021bi plantele direct. Nu este necesar\u0103 nicio preg\u0103tire complex\u0103, evit\u00e2nd erorile de dozare \u0219i asigur\u00e2nd absorb\u021bia uniform\u0103 a nutrien\u021bilor prin r\u0103d\u0103cini.<\/p>\n<p><img decoding=\"async\" style=\"margin-right: 12px;\" src=\"https:\/\/www.ferberpainting.com\/wp-content\/uploads\/2026\/02\/Check.svg\" alt=\"\" width=\"18\" height=\"15\" \/><strong>Efect de lung\u0103 durat\u0103 pentru flori vibrante pe tot parcursul anului.<\/strong>\u00a0Prin hr\u0103nirea treptat\u0103 a plantei, acest fertilizator promoveaz\u0103 o cre\u0219tere continu\u0103, \u00eembun\u0103t\u0103\u021be\u0219te \u00eenr\u0103d\u0103cinarea \u0219i rezisten\u021ba la boli \u0219i \u00eencurajeaz\u0103 o \u00eenflorire mai intens\u0103 \u0219i mai de durat\u0103.<\/p>\n<p><img decoding=\"async\" style=\"margin-right: 12px;\" src=\"https:\/\/www.ferberpainting.com\/wp-content\/uploads\/2026\/02\/Check.svg\" alt=\"\" width=\"18\" height=\"15\" \/><strong>Rezultate vizibile rapid.<\/strong>\u00a0De la primele aplica\u021bii, ve\u021bi observa o cre\u0219tere a num\u0103rului de muguri \u0219i o \u00eenflorire mai abundent\u0103. Culorile vor deveni mai str\u0103lucitoare, tulpinile mai rezistente, iar petalele mai vibrante. De asemenea, acest \u00eengr\u0103\u0219\u0103m\u00e2nt stimuleaz\u0103 regenerarea plantelor sl\u0103bite dup\u0103 \u00eenflorire, asigur\u00e2nd un ciclu optim de \u00eenflorire.<\/p>\n<h2><strong>Protocol de utilizare<\/strong><\/h2>\n<p><strong>Dilu\u021bie recomandat\u0103 <\/strong>:<\/p>\n<ul>\n<li><strong>\u00centre\u021binere periodic\u0103 <\/strong>: Se dilueaz\u0103 5 ml de \u00eengr\u0103\u0219\u0103m\u00e2nt pe litru de ap\u0103 \u0219i se ud\u0103 substratul.<\/li>\n<li><strong>\u00cenflorire intens\u0103 (prim\u0103var\u0103\/var\u0103) <\/strong>: Cre\u0219te\u021bi concentra\u021bia la 7 ml pe litru de ap\u0103 pentru a promova \u00eenflorirea maxim\u0103.<\/li>\n<li><strong>Faza latent\u0103 (toamn\u0103\/iarn\u0103) <\/strong>: Reduce\u021bi frecven\u021ba \u0219i concentra\u021bia la 2 ml pe litru de ap\u0103.<\/li>\n<\/ul>\n<p><strong>Frecven\u021ba aplic\u0103rii <\/strong>:<\/p>\n<ul>\n<li><strong>Plante \u00een faza de cre\u0219tere \u0219i \u00eenflorire <\/strong>: Aplica\u021bi la fiecare dou\u0103 s\u0103pt\u0103m\u00e2ni.<\/li>\n<li><strong>Plante \u00een repaus vegetativ<\/strong>: O cerere pe lun\u0103 este suficient\u0103.<\/li>\n<\/ul>\n<p><strong>Metode de aplicare <\/strong>:<\/p>\n<ul>\n<li><strong>Udare direct\u0103 <\/strong>: Turna\u021bi solu\u021bia \u00een jurul bazei plantei pentru a asigura absorb\u021bia optim\u0103 a r\u0103d\u0103cinilor.<\/li>\n<li><strong>Pulverizare foliar\u0103 (op\u021bional) <\/strong>: Pentru anumite soiuri cu frunze sensibile, o pulverizare fin\u0103 peste frunze poate fi benefic\u0103.<\/li>\n<li><strong>Aplicarea \u00een teren deschis <\/strong>: Turna\u021bi \u00eengr\u0103\u0219\u0103m\u00e2ntul diluat \u00een jurul bazei plantei, evit\u00e2nd excesul de ap\u0103 stagnant\u0103.<\/li>\n<li><strong>Aplicarea \u00een ghivece <\/strong>: Uda\u021bi p\u00e2n\u0103 c\u00e2nd vede\u021bi o scurgere u\u0219oar\u0103 din orificiile de drenaj.<\/li>\n<\/ul>\n<p><strong>Precau\u021bii de utilizare <\/strong>:<\/p>\n<ul>\n<li><strong>Nu supradoza\u021bi <\/strong>: Un exces de \u00eengr\u0103\u0219\u0103m\u00e2nt poate provoca \u00eeng\u0103lbenirea frunzelor \u0219i sl\u0103birea plantei.<\/li>\n<li><strong>Nu aplica\u021bi pe o plant\u0103 bolnav\u0103 sau stresat\u0103 <\/strong>: A\u0219tepta\u021bi p\u00e2n\u0103 c\u00e2nd planta \u00ee\u0219i recap\u0103t\u0103 vigoarea \u00eenainte de fertilizare.<\/li>\n<li><strong>Evita\u021bi aplicarea \u00een plin soare <\/strong>: Aplica\u021bi preferabil diminea\u021ba devreme sau dup\u0103-amiaza t\u00e2rziu pentru a preveni evaporarea rapid\u0103 a nutrien\u021bilor.<\/li>\n<\/ul>\n<p><strong>Depozitare \u0219i conservare <\/strong>:<\/p>\n<ul>\n<li>Depozita\u021bi produsul \u00eentr-un loc uscat \u0219i ferit de c\u0103ldur\u0103.<\/li>\n<li>\u00centotdeauna \u00eenchide\u021bi bine recipientul dup\u0103 fiecare utilizare pentru a p\u0103stra propriet\u0103\u021bile fertilizante.<\/li>\n<\/ul>\n<p>Cu fertilizatorul nostru pentru plante cu flori, oferi\u021bi florilor dvs. o nutri\u021bie complet\u0103 \u0219i echilibrat\u0103 pentru o \u00eenflorire spectaculoas\u0103 pe tot parcursul anului. Fie c\u0103 sunte\u021bi un gr\u0103dinar amator sau un profesionist, acest \u00eengr\u0103\u0219\u0103m\u00e2nt este solu\u021bia ideal\u0103 pentru plante s\u0103n\u0103toase, vibrante, cu culori intense \u0219i \u00eenflorire prelungit\u0103.<\/p>","protected":false},"excerpt":{"rendered":"<p>A specially designed fertilizer to promote flowering.\u00a0Our flowering plants require a balanced supply of essential nutrients to produce abundant, vibrant, and long-lasting blooms. This NPK 15-15-15 fertilizer is designed to stimulate the growth of stems, leaves, and roots while boosting the formation and longevity of flowers. It is suitable for all varieties of flowering plants, [&hellip;]<\/p>\n","protected":false},"featured_media":25992,"comment_status":"open","ping_status":"closed","template":"","meta":{"_uag_custom_page_level_css":"","site-sidebar-layout":"default","site-content-layout":"","ast-site-content-layout":"default","site-content-style":"default","site-sidebar-style":"default","ast-global-header-display":"","ast-banner-title-visibility":"","ast-main-header-display":"","ast-hfb-above-header-display":"","ast-hfb-below-header-display":"","ast-hfb-mobile-header-display":"","site-post-title":"","ast-breadcrumbs-content":"","ast-featured-img":"","footer-sml-layout":"","ast-disable-related-posts":"","theme-transparent-header-meta":"default","adv-header-id-meta":"","stick-header-meta":"","header-above-stick-meta":"","header-main-stick-meta":"","header-below-stick-meta":"","astra-migrate-meta-layouts":"set","ast-page-background-enabled":"default","ast-page-background-meta":{"desktop":{"background-color":"var(--ast-global-color-4)","background-image":"","background-repeat":"repeat","background-position":"center center","background-size":"auto","background-attachment":"scroll","background-type":"","background-media":"","overlay-type":"","overlay-color":"","overlay-opacity":"","overlay-gradient":""},"tablet":{"background-color":"","background-image":"","background-repeat":"repeat","background-position":"center center","background-size":"auto","background-attachment":"scroll","background-type":"","background-media":"","overlay-type":"","overlay-color":"","overlay-opacity":"","overlay-gradient":""},"mobile":{"background-color":"","background-image":"","background-repeat":"repeat","background-position":"center center","background-size":"auto","background-attachment":"scroll","background-type":"","background-media":"","overlay-type":"","overlay-color":"","overlay-opacity":"","overlay-gradient":""}},"ast-content-background-meta":{"desktop":{"background-color":"var(--ast-global-color-5)","background-image":"","background-repeat":"repeat","background-position":"center center","background-size":"auto","background-attachment":"scroll","background-type":"","background-media":"","overlay-type":"","overlay-color":"","overlay-opacity":"","overlay-gradient":""},"tablet":{"background-color":"var(--ast-global-color-5)","background-image":"","background-repeat":"repeat","background-position":"center center","background-size":"auto","background-attachment":"scroll","background-type":"","background-media":"","overlay-type":"","overlay-color":"","overlay-opacity":"","overlay-gradient":""},"mobile":{"background-color":"var(--ast-global-color-5)","background-image":"","background-repeat":"repeat","background-position":"center center","background-size":"auto","background-attachment":"scroll","background-type":"","background-media":"","overlay-type":"","overlay-color":"","overlay-opacity":"","overlay-gradient":""}}},"product_brand":[],"product_cat":[178],"product_tag":[],"class_list":{"0":"post-23465","1":"product","2":"type-product","3":"status-publish","4":"has-post-thumbnail","6":"product_cat-fertilizers","7":"desktop-align-left","8":"tablet-align-left","9":"mobile-align-left","11":"first","12":"instock","13":"sale","14":"shipping-taxable","15":"purchasable","16":"product-type-variable","17":"has-default-attributes"},"spectra_custom_meta":{"_visibility":["visible"],"_shopify_product_id":["9096161788149"],"_s2w_shopify_domain":["ferberpainting.myshopify.com"],"_shopify_variant_id":["46595778052341"],"_sku":[""],"_manage_stock":["no"],"total_sales":["14"],"_tax_status":["taxable"],"_tax_class":[""],"_backorders":["no"],"_sold_individually":["no"],"_virtual":["no"],"_downloadable":["no"],"_download_limit":["-1"],"_download_expiry":["-1"],"_stock":[null],"_stock_status":["instock"],"_wc_average_rating":["4.75"],"_wc_review_count":["8"],"_product_attributes":["a:1:{s:6:\"volume\";a:6:{s:4:\"name\";s:6:\"Volume\";s:5:\"value\";s:20:\"5 liters | 25 liters\";s:8:\"position\";i:1;s:10:\"is_visible\";i:0;s:12:\"is_variation\";i:1;s:11:\"is_taxonomy\";i:0;}}"],"_product_version":["10.5.1"],"_thumbnail_id":["25992"],"_product_image_gallery":["25993"],"wpse_downloadable_file_names":[""],"wpse_downloadable_file_urls":[""],"_edit_last":["1"],"_default_attributes":["a:1:{s:6:\"volume\";s:8:\"5 liters\";}"],"_edit_lock":["1771161089:1"],"_price":["29.90","129.90"],"merchant-center-availability":["yes"],"merchant-center-category":["113"],"_wp_page_template":["default"],"site-sidebar-layout":["default"],"ast-site-content-layout":["default"],"site-content-style":["default"],"site-sidebar-style":["default"],"theme-transparent-header-meta":["default"],"_wc_rating_count":["a:2:{i:4;i:2;i:5;i:6;}"],"astra-migrate-meta-layouts":["set"],"_uag_css_file_name":["uag-css-23465.css"],"_elementor_page_assets":["a:0:{}"],"_uag_page_assets":["a:9:{s:3:\"css\";s:6873:\".wp-block-uagb-image{display:flex}.wp-block-uagb-image__figure{position:relative;display:flex;flex-direction:column;max-width:100%;height:auto;margin:0}.wp-block-uagb-image__figure img{height:auto;display:flex;max-width:100%;transition:box-shadow .2s ease}.wp-block-uagb-image__figure>a{display:inline-block}.wp-block-uagb-image__figure figcaption{text-align:center;margin-top:.5em;margin-bottom:1em}.wp-block-uagb-image .components-placeholder.block-editor-media-placeholder .components-placeholder__instructions{align-self:center}.wp-block-uagb-image--align-left{text-align:left}.wp-block-uagb-image--align-right{text-align:right}.wp-block-uagb-image--align-center{text-align:center}.wp-block-uagb-image--align-full .wp-block-uagb-image__figure{margin-left:calc(50% - 50vw);margin-right:calc(50% - 50vw);max-width:100vw;width:100vw;height:auto}.wp-block-uagb-image--align-full .wp-block-uagb-image__figure img{height:auto;width:100% !important}.wp-block-uagb-image--align-wide .wp-block-uagb-image__figure img{height:auto;width:100%}.wp-block-uagb-image--layout-overlay__color-wrapper{position:absolute;left:0;top:0;right:0;bottom:0;opacity:.2;background:rgba(0,0,0,.5);transition:opacity .35s ease-in-out}.wp-block-uagb-image--layout-overlay-link{position:absolute;left:0;right:0;bottom:0;top:0}.wp-block-uagb-image--layout-overlay .wp-block-uagb-image__figure:hover .wp-block-uagb-image--layout-overlay__color-wrapper{opacity:1}.wp-block-uagb-image--layout-overlay__inner{position:absolute;left:15px;right:15px;bottom:15px;top:15px;display:flex;align-items:center;justify-content:center;flex-direction:column;border-color:#fff;transition:.35s ease-in-out}.wp-block-uagb-image--layout-overlay__inner.top-left,.wp-block-uagb-image--layout-overlay__inner.top-center,.wp-block-uagb-image--layout-overlay__inner.top-right{justify-content:flex-start}.wp-block-uagb-image--layout-overlay__inner.bottom-left,.wp-block-uagb-image--layout-overlay__inner.bottom-center,.wp-block-uagb-image--layout-overlay__inner.bottom-right{justify-content:flex-end}.wp-block-uagb-image--layout-overlay__inner.top-left,.wp-block-uagb-image--layout-overlay__inner.center-left,.wp-block-uagb-image--layout-overlay__inner.bottom-left{align-items:flex-start}.wp-block-uagb-image--layout-overlay__inner.top-right,.wp-block-uagb-image--layout-overlay__inner.center-right,.wp-block-uagb-image--layout-overlay__inner.bottom-right{align-items:flex-end}.wp-block-uagb-image--layout-overlay__inner .uagb-image-heading{color:#fff;transition:transform .35s,opacity .35s ease-in-out;transform:translate3d(0, 24px, 0);margin:0;line-height:1em}.wp-block-uagb-image--layout-overlay__inner .uagb-image-separator{width:30%;border-top-width:2px;border-top-color:#fff;border-top-style:solid;margin-bottom:10px;opacity:0;transition:transform .4s,opacity .4s ease-in-out;transform:translate3d(0, 30px, 0)}.wp-block-uagb-image--layout-overlay__inner .uagb-image-caption{opacity:0;overflow:visible;color:#fff;transition:transform .45s,opacity .45s ease-in-out;transform:translate3d(0, 35px, 0)}.wp-block-uagb-image--layout-overlay__inner:hover .uagb-image-heading,.wp-block-uagb-image--layout-overlay__inner:hover .uagb-image-separator,.wp-block-uagb-image--layout-overlay__inner:hover .uagb-image-caption{opacity:1;transform:translate3d(0, 0, 0)}.wp-block-uagb-image--effect-zoomin .wp-block-uagb-image__figure img,.wp-block-uagb-image--effect-zoomin .wp-block-uagb-image__figure .wp-block-uagb-image--layout-overlay__color-wrapper{transform:scale(1);transition:transform .35s ease-in-out}.wp-block-uagb-image--effect-zoomin .wp-block-uagb-image__figure:hover img,.wp-block-uagb-image--effect-zoomin .wp-block-uagb-image__figure:hover .wp-block-uagb-image--layout-overlay__color-wrapper{transform:scale(1.05)}.wp-block-uagb-image--effect-slide .wp-block-uagb-image__figure img,.wp-block-uagb-image--effect-slide .wp-block-uagb-image__figure .wp-block-uagb-image--layout-overlay__color-wrapper{width:calc(100% + 40px) !important;max-width:none !important;transform:translate3d(-40px, 0, 0);transition:transform .35s ease-in-out}.wp-block-uagb-image--effect-slide .wp-block-uagb-image__figure:hover img,.wp-block-uagb-image--effect-slide .wp-block-uagb-image__figure:hover .wp-block-uagb-image--layout-overlay__color-wrapper{transform:translate3d(0, 0, 0)}.wp-block-uagb-image--effect-grayscale img{filter:grayscale(0%);transition:.35s ease-in-out}.wp-block-uagb-image--effect-grayscale:hover img{filter:grayscale(100%)}.wp-block-uagb-image--effect-blur img{filter:blur(0);transition:.35s ease-in-out}.wp-block-uagb-image--effect-blur:hover img{filter:blur(3px)}.uagb-block-e6f939b3.wp-block-uagb-image--layout-default figure img{box-shadow: 0px 0px 0 #00000070;}.uagb-block-e6f939b3.wp-block-uagb-image .wp-block-uagb-image__figure figcaption{font-style: normal;align-self: center;}.uagb-block-e6f939b3.wp-block-uagb-image--layout-overlay figure img{box-shadow: 0px 0px 0 #00000070;}.uagb-block-e6f939b3.wp-block-uagb-image--layout-overlay .wp-block-uagb-image--layout-overlay__color-wrapper{opacity: 0.2;}.uagb-block-e6f939b3.wp-block-uagb-image--layout-overlay .wp-block-uagb-image--layout-overlay__inner{left: 15px;right: 15px;top: 15px;bottom: 15px;}.uagb-block-e6f939b3.wp-block-uagb-image--layout-overlay .wp-block-uagb-image--layout-overlay__inner .uagb-image-heading{font-style: normal;color: #fff;opacity: 1;}.uagb-block-e6f939b3.wp-block-uagb-image--layout-overlay .wp-block-uagb-image--layout-overlay__inner .uagb-image-heading a{color: #fff;}.uagb-block-e6f939b3.wp-block-uagb-image--layout-overlay .wp-block-uagb-image--layout-overlay__inner .uagb-image-caption{opacity: 0;}.uagb-block-e6f939b3.wp-block-uagb-image--layout-overlay .wp-block-uagb-image__figure:hover .wp-block-uagb-image--layout-overlay__color-wrapper{opacity: 1;}.uagb-block-e6f939b3.wp-block-uagb-image .wp-block-uagb-image--layout-overlay__inner .uagb-image-separator{width: 30%;border-top-width: 2px;border-top-color: #fff;opacity: 0;}.uagb-block-e6f939b3.wp-block-uagb-image .wp-block-uagb-image__figure img{width: px;height: auto;}.uagb-block-e6f939b3.wp-block-uagb-image .wp-block-uagb-image__figure:hover .wp-block-uagb-image--layout-overlay__inner .uagb-image-caption{opacity: 1;}.uagb-block-e6f939b3.wp-block-uagb-image .wp-block-uagb-image__figure:hover .wp-block-uagb-image--layout-overlay__inner .uagb-image-separator{opacity: 1;}.uagb-block-e6f939b3.wp-block-uagb-image--layout-default figure:hover img{box-shadow: 0px 0px 0 #00000070;}.uagb-block-e6f939b3.wp-block-uagb-image--layout-overlay figure:hover img{box-shadow: 0px 0px 0 #00000070;}@media only screen and (max-width: 976px) {.uagb-block-e6f939b3.wp-block-uagb-image .wp-block-uagb-image__figure img{width: px;height: auto;}}@media only screen and (max-width: 767px) {.uagb-block-e6f939b3.wp-block-uagb-image .wp-block-uagb-image__figure img{width: px;height: auto;}}\";s:2:\"js\";s:0:\"\";s:18:\"current_block_list\";a:13:{i:0;s:11:\"core\/search\";i:1;s:10:\"core\/group\";i:2;s:12:\"core\/heading\";i:3;s:17:\"core\/latest-posts\";i:4;s:20:\"core\/latest-comments\";i:5;s:13:\"core\/archives\";i:6;s:15:\"core\/categories\";i:7;s:14:\"core\/paragraph\";i:8;s:10:\"uagb\/image\";i:9;s:11:\"core\/spacer\";i:10;s:30:\"woocommerce\/product-categories\";i:11;s:10:\"core\/image\";i:12;s:14:\"core\/shortcode\";}s:8:\"uag_flag\";b:1;s:11:\"uag_version\";s:10:\"1777120713\";s:6:\"gfonts\";a:0:{}s:10:\"gfonts_url\";s:0:\"\";s:12:\"gfonts_files\";a:0:{}s:14:\"uag_faq_layout\";b:0;}"]},"uagb_featured_image_src":{"full":["https:\/\/www.ferberpainting.com\/wp-content\/uploads\/2025\/05\/FloweringPlantFertilizer5L.png",2560,2560,false],"thumbnail":["https:\/\/www.ferberpainting.com\/wp-content\/uploads\/2025\/05\/FloweringPlantFertilizer5L-150x150.png",150,150,true],"medium":["https:\/\/www.ferberpainting.com\/wp-content\/uploads\/2025\/05\/FloweringPlantFertilizer5L-300x300.png",300,300,true],"medium_large":["https:\/\/www.ferberpainting.com\/wp-content\/uploads\/2025\/05\/FloweringPlantFertilizer5L-768x768.png",768,768,true],"large":["https:\/\/www.ferberpainting.com\/wp-content\/uploads\/2025\/05\/FloweringPlantFertilizer5L-1024x1024.png",1024,1024,true],"1536x1536":["https:\/\/www.ferberpainting.com\/wp-content\/uploads\/2025\/05\/FloweringPlantFertilizer5L-1536x1536.png",1536,1536,true],"2048x2048":["https:\/\/www.ferberpainting.com\/wp-content\/uploads\/2025\/05\/FloweringPlantFertilizer5L-2048x2048.png",2048,2048,true],"trp-custom-language-flag":["https:\/\/www.ferberpainting.com\/wp-content\/uploads\/2025\/05\/FloweringPlantFertilizer5L-12x12.png",12,12,true],"woocommerce_thumbnail":["https:\/\/www.ferberpainting.com\/wp-content\/uploads\/2025\/05\/FloweringPlantFertilizer5L-300x300.png",300,300,true],"woocommerce_single":["https:\/\/www.ferberpainting.com\/wp-content\/uploads\/2025\/05\/FloweringPlantFertilizer5L-600x600.png",600,600,true],"woocommerce_gallery_thumbnail":["https:\/\/www.ferberpainting.com\/wp-content\/uploads\/2025\/05\/FloweringPlantFertilizer5L-100x100.png",100,100,true]},"uagb_author_info":{"display_name":"admin","author_link":"https:\/\/www.ferberpainting.com\/ro\/author\/"},"uagb_comment_info":8,"uagb_excerpt":"A specially designed fertilizer to promote flowering.\u00a0Our flowering plants require a balanced supply of essential nutrients to produce abundant, vibrant, and long-lasting blooms. This NPK 15-15-15 fertilizer is designed to stimulate the growth of stems, leaves, and roots while boosting the formation and longevity of flowers. It is suitable for all varieties of flowering plants,&hellip;","_links":{"self":[{"href":"https:\/\/www.ferberpainting.com\/ro\/wp-json\/wp\/v2\/product\/23465","targetHints":{"allow":["GET"]}}],"collection":[{"href":"https:\/\/www.ferberpainting.com\/ro\/wp-json\/wp\/v2\/product"}],"about":[{"href":"https:\/\/www.ferberpainting.com\/ro\/wp-json\/wp\/v2\/types\/product"}],"replies":[{"embeddable":true,"href":"https:\/\/www.ferberpainting.com\/ro\/wp-json\/wp\/v2\/comments?post=23465"}],"version-history":[{"count":4,"href":"https:\/\/www.ferberpainting.com\/ro\/wp-json\/wp\/v2\/product\/23465\/revisions"}],"predecessor-version":[{"id":166165,"href":"https:\/\/www.ferberpainting.com\/ro\/wp-json\/wp\/v2\/product\/23465\/revisions\/166165"}],"wp:featuredmedia":[{"embeddable":true,"href":"https:\/\/www.ferberpainting.com\/ro\/wp-json\/wp\/v2\/media\/25992"}],"wp:attachment":[{"href":"https:\/\/www.ferberpainting.com\/ro\/wp-json\/wp\/v2\/media?parent=23465"}],"wp:term":[{"taxonomy":"product_brand","embeddable":true,"href":"https:\/\/www.ferberpainting.com\/ro\/wp-json\/wp\/v2\/product_brand?post=23465"},{"taxonomy":"product_cat","embeddable":true,"href":"https:\/\/www.ferberpainting.com\/ro\/wp-json\/wp\/v2\/product_cat?post=23465"},{"taxonomy":"product_tag","embeddable":true,"href":"https:\/\/www.ferberpainting.com\/ro\/wp-json\/wp\/v2\/product_tag?post=23465"}],"curies":[{"name":"wp","href":"https:\/\/api.w.org\/{rel}","templated":true}]}}