{"id":23229,"date":"2025-07-01T13:38:02","date_gmt":"2025-07-01T11:38:02","guid":{"rendered":"https:\/\/www.ferberpainting.com\/?post_type=product&#038;p=23217"},"modified":"2026-02-15T13:58:14","modified_gmt":"2026-02-15T12:58:14","slug":"fabric-and-textile-cleaner","status":"publish","type":"product","link":"https:\/\/www.ferberpainting.com\/ro\/products\/fabric-and-textile-cleaner\/","title":{"rendered":"Cur\u0103\u021b\u0103tor pentru \u021bes\u0103turi \u0219i textile"},"content":{"rendered":"<p><img decoding=\"async\" style=\"margin-right: 12px;\" src=\"https:\/\/www.ferberpainting.com\/wp-content\/uploads\/2026\/02\/Check.svg\" alt=\"\" width=\"18\" height=\"15\" \/><strong>Eficacitate optim\u0103.<\/strong>\u00a0Acest detergent pentru \u021bes\u0103turi \u0219i materiale textile este special formulat pentru a \u00eendep\u0103rta petele, murd\u0103ria \u00eencorporat\u0103 \u0219i mirosurile nepl\u0103cute de pe toate tipurile de \u021bes\u0103turi. Formula sa puternic\u0103 p\u0103trunde ad\u00e2nc pentru a \u00eendep\u0103rta praful, reziduurile alimentare, gr\u0103simea \u0219i urmele de transpira\u021bie, p\u0103str\u00e2nd \u00een acela\u0219i timp moliciunea \u0219i str\u0103lucirea fibrelor textile. Garanteaz\u0103 o cur\u0103\u021bare temeinic\u0103, respect\u00e2nd \u00een acela\u0219i timp culoarea \u0219i textura \u021bes\u0103turilor.<\/p>\n<p><img decoding=\"async\" style=\"margin-right: 12px;\" src=\"https:\/\/www.ferberpainting.com\/wp-content\/uploads\/2026\/02\/Check.svg\" alt=\"\" width=\"18\" height=\"15\" \/><strong>Garan\u021bie de restituire a banilor.<\/strong>\u00a0Suntem \u00eencrez\u0103tori \u00een eficien\u021ba cur\u0103\u021b\u0103torului nostru de textile. Dac\u0103 nu sunte\u021bi pe deplin mul\u021bumit dup\u0103 utilizare, sunte\u021bi eligibil pentru o rambursare complet\u0103. \u00cencerca\u021bi-l cu lini\u0219te sufleteasc\u0103 \u0219i oferi\u021bi \u021bes\u0103turilor dvs. o a doua via\u021b\u0103, f\u0103r\u0103 riscuri.<\/p>\n<p><img decoding=\"async\" style=\"margin-right: 12px;\" src=\"https:\/\/www.ferberpainting.com\/wp-content\/uploads\/2026\/02\/Check.svg\" alt=\"\" width=\"18\" height=\"15\" \/><strong>Versatilitate excep\u021bional\u0103.<\/strong>\u00a0Acest produs de cur\u0103\u021bare merge dincolo de articole de \u00eembr\u0103c\u0103minte! De asemenea, este ideal pentru canapele din \u021bes\u0103turi, scaune auto, covoare, perdele, perne, saltele \u0219i acoperiri de perete din \u021bes\u0103turi. Func\u021bioneaz\u0103 perfect pe fibre naturale precum bumbacul \u0219i inul, precum \u0219i pe fibre sintetice precum poliesterul, microfibra \u0219i acrilicul. Se adapteaz\u0103 la o gam\u0103 larg\u0103 de suprafe\u021be textile f\u0103r\u0103 a le deteriora.<\/p>\n<p><img decoding=\"async\" style=\"margin-right: 12px;\" src=\"https:\/\/www.ferberpainting.com\/wp-content\/uploads\/2026\/02\/Check.svg\" alt=\"\" width=\"18\" height=\"15\" \/><strong>Performan\u021b\u0103 economic\u0103.<\/strong>\u00a0Ambalat \u00eentr-un recipient de 5 litri cu o formul\u0103 gata de utilizare, acest detergent ofer\u0103 o valoare deosebit\u0103. O cantitate mic\u0103 este suficient\u0103 pentru a cur\u0103\u021ba suprafe\u021be mari, asigur\u00e2nd o utilizare de lung\u0103 durat\u0103 \u0219i rentabil\u0103. \u00cen medie, un litru cur\u0103\u021b\u0103 p\u00e2n\u0103 la 50 m\u00b2 de textile, ceea ce \u00eel face o solu\u021bie ideal\u0103 at\u00e2t pentru aplica\u021biile casnice, c\u00e2t \u0219i pentru cele profesionale.<\/p>\n<p><img decoding=\"async\" style=\"margin-right: 12px;\" src=\"https:\/\/www.ferberpainting.com\/wp-content\/uploads\/2026\/02\/Check.svg\" alt=\"\" width=\"18\" height=\"15\" \/><strong>Sigur de utilizat.<\/strong>\u00a0Spre deosebire de produsele chimice dure, acest detergent nu con\u021bine solven\u021bi toxici sau substan\u021be periculoase. Nu elibereaz\u0103 vapori nocivi, neprezent\u00e2nd niciun risc pentru membrii gospod\u0103riei, inclusiv copii \u0219i animale de companie. Este conceput pentru a respecta integritatea fibrelor textile, f\u0103r\u0103 a l\u0103sa reziduuri \u0219i asigur\u00e2nd o cur\u0103\u021benie impecabil\u0103.<\/p>\n<p><img decoding=\"async\" style=\"margin-right: 12px;\" src=\"https:\/\/www.ferberpainting.com\/wp-content\/uploads\/2026\/02\/Check.svg\" alt=\"\" width=\"18\" height=\"15\" \/><strong>Simplu de utilizat.<\/strong>\u00a0Acest produs este gata de utilizare, f\u0103r\u0103 a fi nevoie de diluare sau preg\u0103tire complex\u0103. Se aplic\u0103 direct pe materialul textil, se las\u0103 s\u0103 ac\u021bioneze \u0219i se \u0219terge u\u0219or, f\u0103r\u0103 a fi nevoie de cl\u0103tire excesiv\u0103. Poate fi utilizat cu o c\u00e2rp\u0103, un burete, o perie sau o ma\u0219in\u0103 de injec\u021bie-extrac\u021bie. Aplicarea sa intuitiv\u0103 faciliteaz\u0103 \u00eengrijirea textilelor f\u0103r\u0103 efort suplimentar.<\/p>\n<p><img decoding=\"async\" style=\"margin-right: 12px;\" src=\"https:\/\/www.ferberpainting.com\/wp-content\/uploads\/2026\/02\/Check.svg\" alt=\"\" width=\"18\" height=\"15\" \/><strong>Durabilitate \u00eendelungat\u0103.<\/strong>\u00a0Prin \u00eendep\u0103rtarea murd\u0103riei, p\u0103str\u00e2nd \u00een acela\u0219i timp structura fibrelor, acest produs de cur\u0103\u021bare ajut\u0103 la prelungirea duratei de via\u021b\u0103 a textilelor dvs. \u00centre\u021binerea regulat\u0103 ajut\u0103 la prevenirea uzurii premature, a murd\u0103ririi \u0219i a deterior\u0103rii din cauza agresiunilor externe. \u021aes\u0103turile dvs. r\u0103m\u00e2n curate, moi \u0219i \u00een stare perfect\u0103 pentru mai mult timp.<\/p>\n<p><img decoding=\"async\" style=\"margin-right: 12px;\" src=\"https:\/\/www.ferberpainting.com\/wp-content\/uploads\/2026\/02\/Check.svg\" alt=\"\" width=\"18\" height=\"15\" \/><strong>Ac\u021biune rapid\u0103.<\/strong>\u00a0Datorit\u0103 formulei sale foarte reactive, acest detergent ac\u021bioneaz\u0103 instantaneu asupra petelor \u0219i murd\u0103riei. \u00cen doar c\u00e2teva minute, dizolv\u0103 reziduurile \u0219i permite cur\u0103\u021barea eficient\u0103 f\u0103r\u0103 frecare intens\u0103. Efectul s\u0103u imediat este perfect at\u00e2t pentru \u00eentre\u021binerea zilnic\u0103, c\u00e2t \u0219i pentru \u00eentre\u021binerea profund\u0103 a textilelor.<\/p>\n<h2><strong>Instruc\u021biuni de utilizare<\/strong><\/h2>\n<ul>\n<li><strong>Preg\u0103tire <\/strong>: Asigura\u021bi-v\u0103 c\u0103 materialul textil care urmeaz\u0103 s\u0103 fie cur\u0103\u021bat este uscat \u0219i lipsit de praf sau resturi solide \u00eenainte de aplicarea produsului.<\/li>\n<li><strong>Aplica\u021bie manual\u0103 <\/strong>: Turna\u021bi o cantitate mic\u0103 de detergent pe o c\u00e2rp\u0103 curat\u0103, un burete sau aplica\u021bi direct pe suprafa\u021ba textil\u0103.<\/li>\n<li><strong>Cur\u0103\u021bare <\/strong>: Tampona\u021bi u\u0219or zona \u0219i efectua\u021bi mi\u0219c\u0103ri circulare pentru a ajuta produsul s\u0103 p\u0103trund\u0103 \u00een fibre. Pentru petele mai ad\u00e2nci, l\u0103sa\u021bi produsul s\u0103 ac\u021bioneze timp de 5-10 minute \u00eenainte de a peria u\u0219or din nou.<\/li>\n<li><strong>Cl\u0103tire \u0219i uscare <\/strong>: \u0218terge\u021bi cu o c\u00e2rp\u0103 curat\u0103, u\u0219or umed\u0103, pentru a \u00eendep\u0103rta excesul de produs. L\u0103sa\u021bi s\u0103 se usuce natural la aer.<\/li>\n<li><strong>Utiliza\u021bi cu Injection-Extractor <\/strong>: Umple\u021bi rezervorul ma\u0219inii cu detergent nediluat. Pulveriza\u021bi pe suprafa\u021ba textil\u0103, apoi extrage\u021bi imediat pentru a \u00eendep\u0103rta murd\u0103ria dizolvat\u0103.<\/li>\n<li><strong>Frecven\u021ba utiliz\u0103rii <\/strong>: Aplica\u021bi ori de c\u00e2te ori este necesar pentru a trata o pat\u0103 specific\u0103 sau efectua\u021bi \u00eentre\u021binerea regulat\u0103 o dat\u0103 sau de dou\u0103 ori pe lun\u0103 pentru a men\u021bine \u021bes\u0103turile curate \u0219i f\u0103r\u0103 miros.<\/li>\n<li><strong>Depozitare <\/strong>: \u00cenchide\u021bi \u00eentotdeauna bine recipientul dup\u0103 fiecare utilizare \u0219i depozita\u021bi-l \u00eentr-un loc r\u0103coros, uscat, ferit de lumin\u0103 \u0219i temperaturi extreme, pentru a-i men\u021bine eficacitatea<\/li>\n<\/ul>\n<p>Cu produsul nostru de cur\u0103\u021bare pentru \u021bes\u0103turi \u0219i materiale textile, reda\u021bi prospe\u021bimea, luminozitatea \u0219i cur\u0103\u021benia tuturor \u021bes\u0103turilor de interior \u0219i tapi\u021berie cu u\u0219urin\u021b\u0103 \u0219i siguran\u021b\u0103 total\u0103.<\/p>","protected":false},"excerpt":{"rendered":"<p>Optimal Effectiveness.\u00a0This fabric and textile cleaner is specially formulated to remove stains, embedded dirt, and unpleasant odors on all types of fabrics. Its powerful formula deeply penetrates to dislodge dust, food residues, grease, and perspiration marks, all while preserving the softness and shine of textile fibers. It guarantees thorough cleaning while respecting fabric color and [&hellip;]<\/p>\n","protected":false},"featured_media":119465,"comment_status":"open","ping_status":"closed","template":"","meta":{"_uag_custom_page_level_css":"","site-sidebar-layout":"default","site-content-layout":"","ast-site-content-layout":"default","site-content-style":"default","site-sidebar-style":"default","ast-global-header-display":"","ast-banner-title-visibility":"","ast-main-header-display":"","ast-hfb-above-header-display":"","ast-hfb-below-header-display":"","ast-hfb-mobile-header-display":"","site-post-title":"","ast-breadcrumbs-content":"","ast-featured-img":"","footer-sml-layout":"","ast-disable-related-posts":"","theme-transparent-header-meta":"default","adv-header-id-meta":"","stick-header-meta":"","header-above-stick-meta":"","header-main-stick-meta":"","header-below-stick-meta":"","astra-migrate-meta-layouts":"set","ast-page-background-enabled":"default","ast-page-background-meta":{"desktop":{"background-color":"var(--ast-global-color-4)","background-image":"","background-repeat":"repeat","background-position":"center center","background-size":"auto","background-attachment":"scroll","background-type":"","background-media":"","overlay-type":"","overlay-color":"","overlay-opacity":"","overlay-gradient":""},"tablet":{"background-color":"","background-image":"","background-repeat":"repeat","background-position":"center center","background-size":"auto","background-attachment":"scroll","background-type":"","background-media":"","overlay-type":"","overlay-color":"","overlay-opacity":"","overlay-gradient":""},"mobile":{"background-color":"","background-image":"","background-repeat":"repeat","background-position":"center center","background-size":"auto","background-attachment":"scroll","background-type":"","background-media":"","overlay-type":"","overlay-color":"","overlay-opacity":"","overlay-gradient":""}},"ast-content-background-meta":{"desktop":{"background-color":"var(--ast-global-color-5)","background-image":"","background-repeat":"repeat","background-position":"center center","background-size":"auto","background-attachment":"scroll","background-type":"","background-media":"","overlay-type":"","overlay-color":"","overlay-opacity":"","overlay-gradient":""},"tablet":{"background-color":"var(--ast-global-color-5)","background-image":"","background-repeat":"repeat","background-position":"center center","background-size":"auto","background-attachment":"scroll","background-type":"","background-media":"","overlay-type":"","overlay-color":"","overlay-opacity":"","overlay-gradient":""},"mobile":{"background-color":"var(--ast-global-color-5)","background-image":"","background-repeat":"repeat","background-position":"center center","background-size":"auto","background-attachment":"scroll","background-type":"","background-media":"","overlay-type":"","overlay-color":"","overlay-opacity":"","overlay-gradient":""}}},"product_brand":[],"product_cat":[175],"product_tag":[],"class_list":{"0":"post-23229","1":"product","2":"type-product","3":"status-publish","4":"has-post-thumbnail","6":"product_cat-cleaning-products","7":"desktop-align-left","8":"tablet-align-left","9":"mobile-align-left","11":"first","12":"instock","13":"sale","14":"taxable","15":"shipping-taxable","16":"purchasable","17":"product-type-variable","18":"has-default-attributes"},"spectra_custom_meta":{"_visibility":["visible"],"_shopify_product_id":["9101814366453"],"_s2w_shopify_domain":["ferberpainting.myshopify.com"],"_shopify_variant_id":["46613533163765"],"_sku":[""],"_manage_stock":["no"],"total_sales":["6"],"_tax_status":["taxable"],"_tax_class":[""],"_backorders":["no"],"_sold_individually":["no"],"_virtual":["no"],"_downloadable":["no"],"_download_limit":["-1"],"_download_expiry":["-1"],"_stock":[null],"_stock_status":["instock"],"_wc_average_rating":["5.00"],"_wc_review_count":["13"],"_product_attributes":["a:1:{s:6:\"volume\";a:6:{s:4:\"name\";s:6:\"Volume\";s:5:\"value\";s:20:\"5 liters | 25 liters\";s:8:\"position\";i:1;s:10:\"is_visible\";i:0;s:12:\"is_variation\";i:1;s:11:\"is_taxonomy\";i:0;}}"],"_product_version":["10.5.1"],"wpse_downloadable_file_names":[""],"wpse_downloadable_file_urls":[""],"_edit_last":["1"],"_default_attributes":["a:1:{s:6:\"volume\";s:8:\"5 liters\";}"],"_edit_lock":["1771943899:1"],"merchant-center-availability":["yes"],"merchant-center-category":["8043"],"_wp_page_template":["default"],"_wp_old_date":["2025-05-26"],"_product_image_gallery":["119463,119462"],"site-sidebar-layout":["default"],"ast-site-content-layout":["default"],"site-content-style":["default"],"site-sidebar-style":["default"],"theme-transparent-header-meta":["default"],"_price":["29.90","129.90"],"_wp_old_slug":["fabric-and-upholstery-cleaner"],"_wc_rating_count":["a:1:{i:5;i:13;}"],"_thumbnail_id":["119465"],"astra-migrate-meta-layouts":["set"],"_uag_css_file_name":["uag-css-23229.css"],"_elementor_page_assets":["a:0:{}"],"_uag_page_assets":["a:9:{s:3:\"css\";s:7133:\".uag-blocks-common-selector{z-index:var(--z-index-desktop) !important}@media(max-width: 976px){.uag-blocks-common-selector{z-index:var(--z-index-tablet) !important}}@media(max-width: 767px){.uag-blocks-common-selector{z-index:var(--z-index-mobile) !important}}.wp-block-uagb-image{display:flex}.wp-block-uagb-image__figure{position:relative;display:flex;flex-direction:column;max-width:100%;height:auto;margin:0}.wp-block-uagb-image__figure img{height:auto;display:flex;max-width:100%;transition:box-shadow .2s ease}.wp-block-uagb-image__figure>a{display:inline-block}.wp-block-uagb-image__figure figcaption{text-align:center;margin-top:.5em;margin-bottom:1em}.wp-block-uagb-image .components-placeholder.block-editor-media-placeholder .components-placeholder__instructions{align-self:center}.wp-block-uagb-image--align-left{text-align:left}.wp-block-uagb-image--align-right{text-align:right}.wp-block-uagb-image--align-center{text-align:center}.wp-block-uagb-image--align-full .wp-block-uagb-image__figure{margin-left:calc(50% - 50vw);margin-right:calc(50% - 50vw);max-width:100vw;width:100vw;height:auto}.wp-block-uagb-image--align-full .wp-block-uagb-image__figure img{height:auto;width:100% !important}.wp-block-uagb-image--align-wide .wp-block-uagb-image__figure img{height:auto;width:100%}.wp-block-uagb-image--layout-overlay__color-wrapper{position:absolute;left:0;top:0;right:0;bottom:0;opacity:.2;background:rgba(0,0,0,.5);transition:opacity .35s ease-in-out}.wp-block-uagb-image--layout-overlay-link{position:absolute;left:0;right:0;bottom:0;top:0}.wp-block-uagb-image--layout-overlay .wp-block-uagb-image__figure:hover .wp-block-uagb-image--layout-overlay__color-wrapper{opacity:1}.wp-block-uagb-image--layout-overlay__inner{position:absolute;left:15px;right:15px;bottom:15px;top:15px;display:flex;align-items:center;justify-content:center;flex-direction:column;border-color:#fff;transition:.35s ease-in-out}.wp-block-uagb-image--layout-overlay__inner.top-left,.wp-block-uagb-image--layout-overlay__inner.top-center,.wp-block-uagb-image--layout-overlay__inner.top-right{justify-content:flex-start}.wp-block-uagb-image--layout-overlay__inner.bottom-left,.wp-block-uagb-image--layout-overlay__inner.bottom-center,.wp-block-uagb-image--layout-overlay__inner.bottom-right{justify-content:flex-end}.wp-block-uagb-image--layout-overlay__inner.top-left,.wp-block-uagb-image--layout-overlay__inner.center-left,.wp-block-uagb-image--layout-overlay__inner.bottom-left{align-items:flex-start}.wp-block-uagb-image--layout-overlay__inner.top-right,.wp-block-uagb-image--layout-overlay__inner.center-right,.wp-block-uagb-image--layout-overlay__inner.bottom-right{align-items:flex-end}.wp-block-uagb-image--layout-overlay__inner .uagb-image-heading{color:#fff;transition:transform .35s,opacity .35s ease-in-out;transform:translate3d(0, 24px, 0);margin:0;line-height:1em}.wp-block-uagb-image--layout-overlay__inner .uagb-image-separator{width:30%;border-top-width:2px;border-top-color:#fff;border-top-style:solid;margin-bottom:10px;opacity:0;transition:transform .4s,opacity .4s ease-in-out;transform:translate3d(0, 30px, 0)}.wp-block-uagb-image--layout-overlay__inner .uagb-image-caption{opacity:0;overflow:visible;color:#fff;transition:transform .45s,opacity .45s ease-in-out;transform:translate3d(0, 35px, 0)}.wp-block-uagb-image--layout-overlay__inner:hover .uagb-image-heading,.wp-block-uagb-image--layout-overlay__inner:hover .uagb-image-separator,.wp-block-uagb-image--layout-overlay__inner:hover .uagb-image-caption{opacity:1;transform:translate3d(0, 0, 0)}.wp-block-uagb-image--effect-zoomin .wp-block-uagb-image__figure img,.wp-block-uagb-image--effect-zoomin .wp-block-uagb-image__figure .wp-block-uagb-image--layout-overlay__color-wrapper{transform:scale(1);transition:transform .35s ease-in-out}.wp-block-uagb-image--effect-zoomin .wp-block-uagb-image__figure:hover img,.wp-block-uagb-image--effect-zoomin .wp-block-uagb-image__figure:hover .wp-block-uagb-image--layout-overlay__color-wrapper{transform:scale(1.05)}.wp-block-uagb-image--effect-slide .wp-block-uagb-image__figure img,.wp-block-uagb-image--effect-slide .wp-block-uagb-image__figure .wp-block-uagb-image--layout-overlay__color-wrapper{width:calc(100% + 40px) !important;max-width:none !important;transform:translate3d(-40px, 0, 0);transition:transform .35s ease-in-out}.wp-block-uagb-image--effect-slide .wp-block-uagb-image__figure:hover img,.wp-block-uagb-image--effect-slide .wp-block-uagb-image__figure:hover .wp-block-uagb-image--layout-overlay__color-wrapper{transform:translate3d(0, 0, 0)}.wp-block-uagb-image--effect-grayscale img{filter:grayscale(0%);transition:.35s ease-in-out}.wp-block-uagb-image--effect-grayscale:hover img{filter:grayscale(100%)}.wp-block-uagb-image--effect-blur img{filter:blur(0);transition:.35s ease-in-out}.wp-block-uagb-image--effect-blur:hover img{filter:blur(3px)}.uagb-block-e6f939b3.wp-block-uagb-image--layout-default figure img{box-shadow: 0px 0px 0 #00000070;}.uagb-block-e6f939b3.wp-block-uagb-image .wp-block-uagb-image__figure figcaption{font-style: normal;align-self: center;}.uagb-block-e6f939b3.wp-block-uagb-image--layout-overlay figure img{box-shadow: 0px 0px 0 #00000070;}.uagb-block-e6f939b3.wp-block-uagb-image--layout-overlay .wp-block-uagb-image--layout-overlay__color-wrapper{opacity: 0.2;}.uagb-block-e6f939b3.wp-block-uagb-image--layout-overlay .wp-block-uagb-image--layout-overlay__inner{left: 15px;right: 15px;top: 15px;bottom: 15px;}.uagb-block-e6f939b3.wp-block-uagb-image--layout-overlay .wp-block-uagb-image--layout-overlay__inner .uagb-image-heading{font-style: normal;color: #fff;opacity: 1;}.uagb-block-e6f939b3.wp-block-uagb-image--layout-overlay .wp-block-uagb-image--layout-overlay__inner .uagb-image-heading a{color: #fff;}.uagb-block-e6f939b3.wp-block-uagb-image--layout-overlay .wp-block-uagb-image--layout-overlay__inner .uagb-image-caption{opacity: 0;}.uagb-block-e6f939b3.wp-block-uagb-image--layout-overlay .wp-block-uagb-image__figure:hover .wp-block-uagb-image--layout-overlay__color-wrapper{opacity: 1;}.uagb-block-e6f939b3.wp-block-uagb-image .wp-block-uagb-image--layout-overlay__inner .uagb-image-separator{width: 30%;border-top-width: 2px;border-top-color: #fff;opacity: 0;}.uagb-block-e6f939b3.wp-block-uagb-image .wp-block-uagb-image__figure img{width: px;height: auto;}.uagb-block-e6f939b3.wp-block-uagb-image .wp-block-uagb-image__figure:hover .wp-block-uagb-image--layout-overlay__inner .uagb-image-caption{opacity: 1;}.uagb-block-e6f939b3.wp-block-uagb-image .wp-block-uagb-image__figure:hover .wp-block-uagb-image--layout-overlay__inner .uagb-image-separator{opacity: 1;}.uagb-block-e6f939b3.wp-block-uagb-image--layout-default figure:hover img{box-shadow: 0px 0px 0 #00000070;}.uagb-block-e6f939b3.wp-block-uagb-image--layout-overlay figure:hover img{box-shadow: 0px 0px 0 #00000070;}@media only screen and (max-width: 976px) {.uagb-block-e6f939b3.wp-block-uagb-image .wp-block-uagb-image__figure img{width: px;height: auto;}}@media only screen and (max-width: 767px) {.uagb-block-e6f939b3.wp-block-uagb-image .wp-block-uagb-image__figure img{width: px;height: auto;}}\";s:2:\"js\";s:0:\"\";s:18:\"current_block_list\";a:13:{i:0;s:11:\"core\/search\";i:1;s:10:\"core\/group\";i:2;s:12:\"core\/heading\";i:3;s:17:\"core\/latest-posts\";i:4;s:20:\"core\/latest-comments\";i:5;s:13:\"core\/archives\";i:6;s:15:\"core\/categories\";i:7;s:14:\"core\/paragraph\";i:8;s:10:\"uagb\/image\";i:9;s:11:\"core\/spacer\";i:10;s:30:\"woocommerce\/product-categories\";i:11;s:10:\"core\/image\";i:12;s:14:\"core\/shortcode\";}s:8:\"uag_flag\";b:1;s:11:\"uag_version\";s:10:\"1777214307\";s:6:\"gfonts\";a:0:{}s:10:\"gfonts_url\";s:0:\"\";s:12:\"gfonts_files\";a:0:{}s:14:\"uag_faq_layout\";b:0;}"]},"uagb_featured_image_src":{"full":["https:\/\/www.ferberpainting.com\/wp-content\/uploads\/2025\/07\/Fabric-and-Textile-Cleaner-5L-Mockup-3-1.png",2560,2560,false],"thumbnail":["https:\/\/www.ferberpainting.com\/wp-content\/uploads\/2025\/07\/Fabric-and-Textile-Cleaner-5L-Mockup-3-1-150x150.png",150,150,true],"medium":["https:\/\/www.ferberpainting.com\/wp-content\/uploads\/2025\/07\/Fabric-and-Textile-Cleaner-5L-Mockup-3-1-300x300.png",300,300,true],"medium_large":["https:\/\/www.ferberpainting.com\/wp-content\/uploads\/2025\/07\/Fabric-and-Textile-Cleaner-5L-Mockup-3-1-768x768.png",768,768,true],"large":["https:\/\/www.ferberpainting.com\/wp-content\/uploads\/2025\/07\/Fabric-and-Textile-Cleaner-5L-Mockup-3-1-1024x1024.png",1024,1024,true],"1536x1536":["https:\/\/www.ferberpainting.com\/wp-content\/uploads\/2025\/07\/Fabric-and-Textile-Cleaner-5L-Mockup-3-1-1536x1536.png",1536,1536,true],"2048x2048":["https:\/\/www.ferberpainting.com\/wp-content\/uploads\/2025\/07\/Fabric-and-Textile-Cleaner-5L-Mockup-3-1-2048x2048.png",2048,2048,true],"trp-custom-language-flag":["https:\/\/www.ferberpainting.com\/wp-content\/uploads\/2025\/07\/Fabric-and-Textile-Cleaner-5L-Mockup-3-1-12x12.png",12,12,true],"woocommerce_thumbnail":["https:\/\/www.ferberpainting.com\/wp-content\/uploads\/2025\/07\/Fabric-and-Textile-Cleaner-5L-Mockup-3-1-300x300.png",300,300,true],"woocommerce_single":["https:\/\/www.ferberpainting.com\/wp-content\/uploads\/2025\/07\/Fabric-and-Textile-Cleaner-5L-Mockup-3-1-600x600.png",600,600,true],"woocommerce_gallery_thumbnail":["https:\/\/www.ferberpainting.com\/wp-content\/uploads\/2025\/07\/Fabric-and-Textile-Cleaner-5L-Mockup-3-1-100x100.png",100,100,true]},"uagb_author_info":{"display_name":"admin","author_link":"https:\/\/www.ferberpainting.com\/ro\/author\/"},"uagb_comment_info":13,"uagb_excerpt":"Optimal Effectiveness.\u00a0This fabric and textile cleaner is specially formulated to remove stains, embedded dirt, and unpleasant odors on all types of fabrics. Its powerful formula deeply penetrates to dislodge dust, food residues, grease, and perspiration marks, all while preserving the softness and shine of textile fibers. It guarantees thorough cleaning while respecting fabric color and&hellip;","_links":{"self":[{"href":"https:\/\/www.ferberpainting.com\/ro\/wp-json\/wp\/v2\/product\/23229","targetHints":{"allow":["GET"]}}],"collection":[{"href":"https:\/\/www.ferberpainting.com\/ro\/wp-json\/wp\/v2\/product"}],"about":[{"href":"https:\/\/www.ferberpainting.com\/ro\/wp-json\/wp\/v2\/types\/product"}],"replies":[{"embeddable":true,"href":"https:\/\/www.ferberpainting.com\/ro\/wp-json\/wp\/v2\/comments?post=23229"}],"version-history":[{"count":7,"href":"https:\/\/www.ferberpainting.com\/ro\/wp-json\/wp\/v2\/product\/23229\/revisions"}],"predecessor-version":[{"id":166110,"href":"https:\/\/www.ferberpainting.com\/ro\/wp-json\/wp\/v2\/product\/23229\/revisions\/166110"}],"wp:featuredmedia":[{"embeddable":true,"href":"https:\/\/www.ferberpainting.com\/ro\/wp-json\/wp\/v2\/media\/119465"}],"wp:attachment":[{"href":"https:\/\/www.ferberpainting.com\/ro\/wp-json\/wp\/v2\/media?parent=23229"}],"wp:term":[{"taxonomy":"product_brand","embeddable":true,"href":"https:\/\/www.ferberpainting.com\/ro\/wp-json\/wp\/v2\/product_brand?post=23229"},{"taxonomy":"product_cat","embeddable":true,"href":"https:\/\/www.ferberpainting.com\/ro\/wp-json\/wp\/v2\/product_cat?post=23229"},{"taxonomy":"product_tag","embeddable":true,"href":"https:\/\/www.ferberpainting.com\/ro\/wp-json\/wp\/v2\/product_tag?post=23229"}],"curies":[{"name":"wp","href":"https:\/\/api.w.org\/{rel}","templated":true}]}}