{"id":23187,"date":"2025-07-01T16:13:56","date_gmt":"2025-07-01T14:13:56","guid":{"rendered":"https:\/\/www.ferberpainting.com\/?post_type=product&#038;p=23177"},"modified":"2026-02-15T13:45:24","modified_gmt":"2026-02-15T12:45:24","slug":"copper-brass-and-bronze-cleaner","status":"publish","type":"product","link":"https:\/\/www.ferberpainting.com\/ro\/products\/copper-brass-and-bronze-cleaner\/","title":{"rendered":"Cur\u0103\u021bitor pentru cupru, alam\u0103 \u0219i bronz"},"content":{"rendered":"<p><img decoding=\"async\" style=\"margin-right: 12px;\" src=\"https:\/\/www.ferberpainting.com\/wp-content\/uploads\/2026\/02\/Check.svg\" alt=\"\" width=\"18\" height=\"15\" \/><strong>Eficacitate optim\u0103.<\/strong>\u00a0Acest detergent pentru cupru, alam\u0103 \u0219i bronz este special formulat pentru a \u00eendep\u0103rta eficient oxidarea, petele, luciul \u0219i murd\u0103ria acumulat\u0103 \u00een timp. Acesta ac\u021bioneaz\u0103 ad\u00e2nc \u00een suprafa\u021b\u0103 pentru a reda str\u0103lucirea \u0219i str\u0103lucirea natural\u0103 a metalelor, f\u0103r\u0103 a le deteriora. Formula sa activ\u0103 dizolv\u0103 rapid patina \u0219i reziduurile terne, red\u00e2nd aspectul original al cuprului, alamei \u0219i bronzului.<\/p>\n<p><img decoding=\"async\" style=\"margin-right: 12px;\" src=\"https:\/\/www.ferberpainting.com\/wp-content\/uploads\/2026\/02\/Check.svg\" alt=\"\" width=\"18\" height=\"15\" \/><strong>Garan\u021bie de restituire a banilor.<\/strong>\u00a0Suntem pe deplin \u00eencrez\u0103tori \u00een eficien\u021ba produsului nostru de cur\u0103\u021bare. Dac\u0103 nu sunte\u021bi complet mul\u021bumit de rezultate, sunte\u021bi eligibil pentru o rambursare complet\u0103. \u00cencerca\u021bi produsul nostru cu lini\u0219te sufleteasc\u0103 \u0219i oferi\u021bi obiectelor dvs. din cupru, alam\u0103 \u0219i bronz o a doua via\u021b\u0103 f\u0103r\u0103 riscuri.<\/p>\n<p><img decoding=\"async\" style=\"margin-right: 12px;\" src=\"https:\/\/www.ferberpainting.com\/wp-content\/uploads\/2026\/02\/Check.svg\" alt=\"\" width=\"18\" height=\"15\" \/><strong>Versatilitate excep\u021bional\u0103.<\/strong>\u00a0Acest detergent nu se limiteaz\u0103 la cupru, alam\u0103 \u0219i bronz! Este eficient \u0219i pe alte metale, inclusiv unele aliaje, o\u021bel inoxidabil \u0219i aluminiu anodizat. Este perfect pentru obiecte decorative, ustensile de buc\u0103t\u0103rie, instrumente muzicale, statui, medalii, clan\u021be \u0219i elemente arhitecturale. Formula sa versatil\u0103 asigur\u0103 o cur\u0103\u021bare eficient\u0103 f\u0103r\u0103 a deteriora suprafe\u021bele metalice delicate.<\/p>\n<p><img decoding=\"async\" style=\"margin-right: 12px;\" src=\"https:\/\/www.ferberpainting.com\/wp-content\/uploads\/2026\/02\/Check.svg\" alt=\"\" width=\"18\" height=\"15\" \/><strong>Eficien\u021ba economic\u0103.<\/strong>\u00a0Cu recipientul s\u0103u de 5 litri \u0219i formula ultra-eficient\u0103, acest detergent ofer\u0103 o valoare excelent\u0103. O cantitate mic\u0103 este suficient\u0103 pentru a trata o suprafa\u021b\u0103 mare. \u00cen medie, un litru poate cur\u0103\u021ba p\u00e2n\u0103 la 50 m\u00b2 de metal, ceea ce \u00eel face o solu\u021bie rentabil\u0103 \u0219i durabil\u0103 pentru \u00eentre\u021binerea suprafe\u021belor de cupru, alam\u0103 \u0219i bronz.<\/p>\n<p><img decoding=\"async\" style=\"margin-right: 12px;\" src=\"https:\/\/www.ferberpainting.com\/wp-content\/uploads\/2026\/02\/Check.svg\" alt=\"\" width=\"18\" height=\"15\" \/><strong>Sigur de utilizat.<\/strong>\u00a0Spre deosebire de detergen\u021bii corozivi care con\u021bin acizi puternici, acest produs este formulat cu substan\u021be non-toxice, sigure pentru utilizator \u0219i care nu deterioreaz\u0103 metalele. Nu emite vapori toxici, nu irit\u0103 pielea \u0219i nu deterioreaz\u0103 suprafe\u021bele tratate. Este perfect sigur pentru utilizare \u00een interior \u0219i exterior, asigur\u00e2nd siguran\u021b\u0103 maxim\u0103 at\u00e2t pentru utilizatori, c\u00e2t \u0219i pentru mediu.<\/p>\n<p><img decoding=\"async\" style=\"margin-right: 12px;\" src=\"https:\/\/www.ferberpainting.com\/wp-content\/uploads\/2026\/02\/Check.svg\" alt=\"\" width=\"18\" height=\"15\" \/><strong>U\u0219urin\u021ba de utilizare.<\/strong>\u00a0Acest produs este gata de utilizare \u0219i nu necesit\u0103 diluare sau preg\u0103tire complex\u0103. Pur \u0219i simplu aplica\u021bi-l direct pe suprafa\u021b\u0103 cu o c\u00e2rp\u0103, un burete sau o perie moale. Formula sa cu ac\u021biune rapid\u0103 \u0219i aplicarea intuitiv\u0103 fac cur\u0103\u021barea u\u0219oar\u0103 \u0219i accesibil\u0103 tuturor.<\/p>\n<p><img decoding=\"async\" style=\"margin-right: 12px;\" src=\"https:\/\/www.ferberpainting.com\/wp-content\/uploads\/2026\/02\/Check.svg\" alt=\"\" width=\"18\" height=\"15\" \/><strong>Durabilitate \u00eendelungat\u0103.<\/strong>\u00a0Prin eliminarea eficient\u0103 a oxid\u0103rii \u0219i p\u0103strarea integrit\u0103\u021bii metalelor, acest detergent prelunge\u0219te durata de via\u021b\u0103 a obiectelor din cupru, alam\u0103 \u0219i bronz. Utilizarea regulat\u0103 ajut\u0103 la prevenirea acumul\u0103rii de opacitate \u0219i men\u021bine o str\u0103lucire de durat\u0103 f\u0103r\u0103 lustruire frecvent\u0103. Obiectele dvs. \u00ee\u0219i vor p\u0103stra frumuse\u021bea \u0219i valoarea \u00een timp.<\/p>\n<p><img decoding=\"async\" style=\"margin-right: 12px;\" src=\"https:\/\/www.ferberpainting.com\/wp-content\/uploads\/2026\/02\/Check.svg\" alt=\"\" width=\"18\" height=\"15\" \/><strong>Ac\u021biune rapid\u0103.<\/strong>\u00a0Datorit\u0103 formulei sale foarte active, acest detergent ac\u021bioneaz\u0103 imediat asupra petelor \u0219i a urmelor de oxidare. \u00cen doar c\u00e2teva minute, dizolv\u0103 depunerile terne \u0219i le face u\u0219or de \u0219ters f\u0103r\u0103 a freca. Perfect pentru o cur\u0103\u021bare rapid\u0103 \u0219i eficient\u0103, acesta ajut\u0103 la restabilirea suprafe\u021belor metalice str\u0103lucitoare \u0219i lustruite \u00een cel mai scurt timp.<\/p>\n<h2><strong>Instruc\u021biuni de utilizare<\/strong><\/h2>\n<ul>\n<li><strong>Preg\u0103tire <\/strong>: Asigura\u021bi-v\u0103 c\u0103 suprafa\u021ba de cupru, alam\u0103 sau bronz este lipsit\u0103 de praf \u0219i resturi \u00eenainte de a aplica produsul. Dac\u0103 este necesar, \u0219terge\u021bi cu o c\u00e2rp\u0103 uscat\u0103 pentru a \u00eembun\u0103t\u0103\u021bi aderen\u021ba.<\/li>\n<li><strong>Aplica\u021bie <\/strong>: Turna\u021bi o cantitate mic\u0103 de detergent pe o c\u00e2rp\u0103 moale, un burete sau direct pe suprafa\u021b\u0103. \u00centinde\u021bi uniform pentru a acoperi \u00eentreaga suprafa\u021b\u0103, concentr\u00e2ndu-v\u0103 u\u0219or asupra p\u0103r\u021bilor oxidate sau ternite.<\/li>\n<li><strong>Cur\u0103\u021bare <\/strong>: L\u0103sa\u021bi produsul s\u0103 stea timp de 2 p\u00e2n\u0103 la 5 minute pentru a dizolva murd\u0103ria \u0219i oxidarea. Freca\u021bi u\u0219or cu o c\u00e2rp\u0103, o perie moale sau o vat\u0103 de o\u021bel fin\u0103 pentru a reda str\u0103lucirea metalului.<\/li>\n<li><strong>Cl\u0103tire<\/strong>: \u0218terge\u021bi cu o c\u00e2rp\u0103 curat\u0103 \u0219i umed\u0103 sau cl\u0103ti\u021bi bine cu ap\u0103 curat\u0103, dac\u0103 este necesar, pentru a \u00eendep\u0103rta reziduurile de produs.<\/li>\n<li><strong>Uscare \u0219i finisare <\/strong>: Usca\u021bi imediat cu o c\u00e2rp\u0103 curat\u0103 \u0219i uscat\u0103 pentru a elimina toat\u0103 umezeala \u0219i a ob\u021bine un finisaj perfect. Pentru protec\u021bie suplimentar\u0103, aplica\u021bi o cear\u0103 sau un lac adecvat pentru a \u00eencetini oxidarea.<\/li>\n<li><strong>Frecven\u021ba utiliz\u0103rii <\/strong>: Utiliza\u021bi de \u00eendat\u0103 ce metalul \u00eencepe s\u0103 se ternizeze sau s\u0103 prezinte semne de oxidare. Pentru \u00eentre\u021binerea regulat\u0103, aplica\u021bi o dat\u0103 pe lun\u0103 pentru a p\u0103stra str\u0103lucirea cuprului, alamei \u0219i bronzului \u0219i pentru a preveni petele persistente.<\/li>\n<li><strong>Depozitare <\/strong>: Re\u00eenchide\u021bi bine recipientul dup\u0103 fiecare utilizare \u0219i depozita\u021bi-l \u00eentr-un loc r\u0103coros, uscat, ferit de lumin\u0103 \u0219i temperaturi extreme, pentru a p\u0103stra \u00eentreaga eficacitate a produsului \u00een timp.<\/li>\n<\/ul>\n<p>Cu detergentul nostru pentru cupru, alam\u0103 \u0219i bronz, reda\u021bi str\u0103lucirea \u0219i frumuse\u021bea obiectelor dvs. metalice cu o u\u0219urin\u021b\u0103 total\u0103. Un produs puternic, sigur \u0219i eficient pentru o str\u0103lucire de durat\u0103 \u0219i o \u00eentre\u021binere optim\u0103.<\/p>","protected":false},"excerpt":{"rendered":"<p>Optimal Effectiveness.\u00a0This cleaner for copper, brass, and bronze is specially formulated to effectively remove oxidation, stains, tarnish, and accumulated dirt over time. It works deep into the surface to restore shine and the natural glow of metals without damaging them. Its active formula quickly dissolves patina and dull residues, bringing back the original appearance of [&hellip;]<\/p>\n","protected":false},"featured_media":36452,"comment_status":"open","ping_status":"closed","template":"","meta":{"_uag_custom_page_level_css":"","site-sidebar-layout":"default","site-content-layout":"","ast-site-content-layout":"default","site-content-style":"default","site-sidebar-style":"default","ast-global-header-display":"","ast-banner-title-visibility":"","ast-main-header-display":"","ast-hfb-above-header-display":"","ast-hfb-below-header-display":"","ast-hfb-mobile-header-display":"","site-post-title":"","ast-breadcrumbs-content":"","ast-featured-img":"","footer-sml-layout":"","ast-disable-related-posts":"","theme-transparent-header-meta":"default","adv-header-id-meta":"","stick-header-meta":"","header-above-stick-meta":"","header-main-stick-meta":"","header-below-stick-meta":"","astra-migrate-meta-layouts":"set","ast-page-background-enabled":"default","ast-page-background-meta":{"desktop":{"background-color":"var(--ast-global-color-4)","background-image":"","background-repeat":"repeat","background-position":"center center","background-size":"auto","background-attachment":"scroll","background-type":"","background-media":"","overlay-type":"","overlay-color":"","overlay-opacity":"","overlay-gradient":""},"tablet":{"background-color":"","background-image":"","background-repeat":"repeat","background-position":"center center","background-size":"auto","background-attachment":"scroll","background-type":"","background-media":"","overlay-type":"","overlay-color":"","overlay-opacity":"","overlay-gradient":""},"mobile":{"background-color":"","background-image":"","background-repeat":"repeat","background-position":"center center","background-size":"auto","background-attachment":"scroll","background-type":"","background-media":"","overlay-type":"","overlay-color":"","overlay-opacity":"","overlay-gradient":""}},"ast-content-background-meta":{"desktop":{"background-color":"var(--ast-global-color-5)","background-image":"","background-repeat":"repeat","background-position":"center center","background-size":"auto","background-attachment":"scroll","background-type":"","background-media":"","overlay-type":"","overlay-color":"","overlay-opacity":"","overlay-gradient":""},"tablet":{"background-color":"var(--ast-global-color-5)","background-image":"","background-repeat":"repeat","background-position":"center center","background-size":"auto","background-attachment":"scroll","background-type":"","background-media":"","overlay-type":"","overlay-color":"","overlay-opacity":"","overlay-gradient":""},"mobile":{"background-color":"var(--ast-global-color-5)","background-image":"","background-repeat":"repeat","background-position":"center center","background-size":"auto","background-attachment":"scroll","background-type":"","background-media":"","overlay-type":"","overlay-color":"","overlay-opacity":"","overlay-gradient":""}}},"product_brand":[],"product_cat":[175],"product_tag":[],"class_list":{"0":"post-23187","1":"product","2":"type-product","3":"status-publish","4":"has-post-thumbnail","6":"product_cat-cleaning-products","7":"desktop-align-left","8":"tablet-align-left","9":"mobile-align-left","11":"first","12":"instock","13":"sale","14":"shipping-taxable","15":"purchasable","16":"product-type-variable","17":"has-default-attributes"},"spectra_custom_meta":{"_visibility":["visible"],"_shopify_product_id":["9102343209205"],"_s2w_shopify_domain":["ferberpainting.myshopify.com"],"_shopify_variant_id":["46616017993973"],"_sku":[""],"_manage_stock":["no"],"total_sales":["157"],"_tax_status":["taxable"],"_tax_class":[""],"_backorders":["no"],"_sold_individually":["no"],"_virtual":["no"],"_downloadable":["no"],"_download_limit":["-1"],"_download_expiry":["-1"],"_stock":[null],"_stock_status":["instock"],"_wc_average_rating":["5.00"],"_wc_review_count":["11"],"_product_attributes":["a:1:{s:6:\"volume\";a:6:{s:4:\"name\";s:6:\"Volume\";s:5:\"value\";s:20:\"5 liters | 25 liters\";s:8:\"position\";i:1;s:10:\"is_visible\";i:0;s:12:\"is_variation\";i:1;s:11:\"is_taxonomy\";i:0;}}"],"_product_version":["10.5.1"],"wpse_downloadable_file_names":[""],"wpse_downloadable_file_urls":[""],"_edit_last":["1"],"_default_attributes":["a:1:{s:6:\"volume\";s:8:\"5 liters\";}"],"_edit_lock":["1771159388:1"],"merchant-center-availability":["yes"],"merchant-center-category":["4892"],"_price":["29.90","129.90"],"_thumbnail_id":["36452"],"_wp_page_template":["default"],"_wp_old_date":["2025-05-26"],"_product_image_gallery":["36453"],"site-sidebar-layout":["default"],"ast-site-content-layout":["default"],"site-content-style":["default"],"site-sidebar-style":["default"],"theme-transparent-header-meta":["default"],"_wc_rating_count":["a:1:{i:5;i:11;}"],"astra-migrate-meta-layouts":["set"],"_uag_css_file_name":["uag-css-23187.css"],"_elementor_page_assets":["a:0:{}"],"_uag_page_assets":["a:9:{s:3:\"css\";s:6893:\".wp-block-uagb-image{display:flex}.wp-block-uagb-image__figure{position:relative;display:flex;flex-direction:column;max-width:100%;height:auto;margin:0}.wp-block-uagb-image__figure img{height:auto;display:flex;max-width:100%;transition:box-shadow 0.2s ease}.wp-block-uagb-image__figure>a{display:inline-block}.wp-block-uagb-image__figure figcaption{text-align:center;margin-top:0.5em;margin-bottom:1em}.wp-block-uagb-image .components-placeholder.block-editor-media-placeholder .components-placeholder__instructions{align-self:center}.wp-block-uagb-image--align-left{text-align:left}.wp-block-uagb-image--align-right{text-align:right}.wp-block-uagb-image--align-center{text-align:center}.wp-block-uagb-image--align-full .wp-block-uagb-image__figure{margin-left:calc(50% - 50vw);margin-right:calc(50% - 50vw);max-width:100vw;width:100vw;height:auto}.wp-block-uagb-image--align-full .wp-block-uagb-image__figure img{height:auto;width:100% !important}.wp-block-uagb-image--align-wide .wp-block-uagb-image__figure img{height:auto;width:100%}.wp-block-uagb-image--layout-overlay__color-wrapper{position:absolute;left:0;top:0;right:0;bottom:0;opacity:0.2;background:rgba(0,0,0,0.5);transition:opacity 0.35s ease-in-out}.wp-block-uagb-image--layout-overlay-link{position:absolute;left:0;right:0;bottom:0;top:0}.wp-block-uagb-image--layout-overlay .wp-block-uagb-image__figure:hover .wp-block-uagb-image--layout-overlay__color-wrapper{opacity:1}.wp-block-uagb-image--layout-overlay__inner{position:absolute;left:15px;right:15px;bottom:15px;top:15px;display:flex;align-items:center;justify-content:center;flex-direction:column;border-color:#fff;transition:0.35s ease-in-out}.wp-block-uagb-image--layout-overlay__inner.top-left,.wp-block-uagb-image--layout-overlay__inner.top-center,.wp-block-uagb-image--layout-overlay__inner.top-right{justify-content:flex-start}.wp-block-uagb-image--layout-overlay__inner.bottom-left,.wp-block-uagb-image--layout-overlay__inner.bottom-center,.wp-block-uagb-image--layout-overlay__inner.bottom-right{justify-content:flex-end}.wp-block-uagb-image--layout-overlay__inner.top-left,.wp-block-uagb-image--layout-overlay__inner.center-left,.wp-block-uagb-image--layout-overlay__inner.bottom-left{align-items:flex-start}.wp-block-uagb-image--layout-overlay__inner.top-right,.wp-block-uagb-image--layout-overlay__inner.center-right,.wp-block-uagb-image--layout-overlay__inner.bottom-right{align-items:flex-end}.wp-block-uagb-image--layout-overlay__inner .uagb-image-heading{color:#fff;transition:transform 0.35s, opacity 0.35s ease-in-out;transform:translate3d(0, 24px, 0);margin:0;line-height:1em}.wp-block-uagb-image--layout-overlay__inner .uagb-image-separator{width:30%;border-top-width:2px;border-top-color:#fff;border-top-style:solid;margin-bottom:10px;opacity:0;transition:transform 0.4s, opacity 0.4s ease-in-out;transform:translate3d(0, 30px, 0)}.wp-block-uagb-image--layout-overlay__inner .uagb-image-caption{opacity:0;overflow:visible;color:#fff;transition:transform 0.45s, opacity 0.45s ease-in-out;transform:translate3d(0, 35px, 0)}.wp-block-uagb-image--layout-overlay__inner:hover .uagb-image-heading,.wp-block-uagb-image--layout-overlay__inner:hover .uagb-image-separator,.wp-block-uagb-image--layout-overlay__inner:hover .uagb-image-caption{opacity:1;transform:translate3d(0, 0, 0)}.wp-block-uagb-image--effect-zoomin .wp-block-uagb-image__figure img,.wp-block-uagb-image--effect-zoomin .wp-block-uagb-image__figure .wp-block-uagb-image--layout-overlay__color-wrapper{transform:scale(1);transition:transform 0.35s ease-in-out}.wp-block-uagb-image--effect-zoomin .wp-block-uagb-image__figure:hover img,.wp-block-uagb-image--effect-zoomin .wp-block-uagb-image__figure:hover .wp-block-uagb-image--layout-overlay__color-wrapper{transform:scale(1.05)}.wp-block-uagb-image--effect-slide .wp-block-uagb-image__figure img,.wp-block-uagb-image--effect-slide .wp-block-uagb-image__figure .wp-block-uagb-image--layout-overlay__color-wrapper{width:calc(100% + 40px) !important;max-width:none !important;transform:translate3d(-40px, 0, 0);transition:transform 0.35s ease-in-out}.wp-block-uagb-image--effect-slide .wp-block-uagb-image__figure:hover img,.wp-block-uagb-image--effect-slide .wp-block-uagb-image__figure:hover .wp-block-uagb-image--layout-overlay__color-wrapper{transform:translate3d(0, 0, 0)}.wp-block-uagb-image--effect-grayscale img{filter:grayscale(0%);transition:0.35s ease-in-out}.wp-block-uagb-image--effect-grayscale:hover img{filter:grayscale(100%)}.wp-block-uagb-image--effect-blur img{filter:blur(0);transition:0.35s ease-in-out}.wp-block-uagb-image--effect-blur:hover img{filter:blur(3px)}\n.uagb-block-e6f939b3.wp-block-uagb-image--layout-default figure img{box-shadow: 0px 0px 0 #00000070;}.uagb-block-e6f939b3.wp-block-uagb-image .wp-block-uagb-image__figure figcaption{font-style: normal;align-self: center;}.uagb-block-e6f939b3.wp-block-uagb-image--layout-overlay figure img{box-shadow: 0px 0px 0 #00000070;}.uagb-block-e6f939b3.wp-block-uagb-image--layout-overlay .wp-block-uagb-image--layout-overlay__color-wrapper{opacity: 0.2;}.uagb-block-e6f939b3.wp-block-uagb-image--layout-overlay .wp-block-uagb-image--layout-overlay__inner{left: 15px;right: 15px;top: 15px;bottom: 15px;}.uagb-block-e6f939b3.wp-block-uagb-image--layout-overlay .wp-block-uagb-image--layout-overlay__inner .uagb-image-heading{font-style: normal;color: #fff;opacity: 1;}.uagb-block-e6f939b3.wp-block-uagb-image--layout-overlay .wp-block-uagb-image--layout-overlay__inner .uagb-image-heading a{color: #fff;}.uagb-block-e6f939b3.wp-block-uagb-image--layout-overlay .wp-block-uagb-image--layout-overlay__inner .uagb-image-caption{opacity: 0;}.uagb-block-e6f939b3.wp-block-uagb-image--layout-overlay .wp-block-uagb-image__figure:hover .wp-block-uagb-image--layout-overlay__color-wrapper{opacity: 1;}.uagb-block-e6f939b3.wp-block-uagb-image .wp-block-uagb-image--layout-overlay__inner .uagb-image-separator{width: 30%;border-top-width: 2px;border-top-color: #fff;opacity: 0;}.uagb-block-e6f939b3.wp-block-uagb-image .wp-block-uagb-image__figure img{width: px;height: auto;}.uagb-block-e6f939b3.wp-block-uagb-image .wp-block-uagb-image__figure:hover .wp-block-uagb-image--layout-overlay__inner .uagb-image-caption{opacity: 1;}.uagb-block-e6f939b3.wp-block-uagb-image .wp-block-uagb-image__figure:hover .wp-block-uagb-image--layout-overlay__inner .uagb-image-separator{opacity: 1;}.uagb-block-e6f939b3.wp-block-uagb-image--layout-default figure:hover img{box-shadow: 0px 0px 0 #00000070;}.uagb-block-e6f939b3.wp-block-uagb-image--layout-overlay figure:hover img{box-shadow: 0px 0px 0 #00000070;}@media only screen and (max-width: 976px) {.uagb-block-e6f939b3.wp-block-uagb-image .wp-block-uagb-image__figure img{width: px;height: auto;}}@media only screen and (max-width: 767px) {.uagb-block-e6f939b3.wp-block-uagb-image .wp-block-uagb-image__figure img{width: px;height: auto;}}\";s:2:\"js\";s:0:\"\";s:18:\"current_block_list\";a:13:{i:0;s:11:\"core\/search\";i:1;s:10:\"core\/group\";i:2;s:12:\"core\/heading\";i:3;s:17:\"core\/latest-posts\";i:4;s:20:\"core\/latest-comments\";i:5;s:13:\"core\/archives\";i:6;s:15:\"core\/categories\";i:7;s:14:\"core\/paragraph\";i:8;s:10:\"uagb\/image\";i:9;s:11:\"core\/spacer\";i:10;s:30:\"woocommerce\/product-categories\";i:11;s:10:\"core\/image\";i:12;s:14:\"core\/shortcode\";}s:8:\"uag_flag\";b:1;s:11:\"uag_version\";s:10:\"1776613133\";s:6:\"gfonts\";a:0:{}s:10:\"gfonts_url\";s:0:\"\";s:12:\"gfonts_files\";a:0:{}s:14:\"uag_faq_layout\";b:0;}"]},"uagb_featured_image_src":{"full":["https:\/\/www.ferberpainting.com\/wp-content\/uploads\/2025\/05\/Copper-Brass-and-Bronze-Cleaner-5L.png",2560,2560,false],"thumbnail":["https:\/\/www.ferberpainting.com\/wp-content\/uploads\/2025\/05\/Copper-Brass-and-Bronze-Cleaner-5L-150x150.png",150,150,true],"medium":["https:\/\/www.ferberpainting.com\/wp-content\/uploads\/2025\/05\/Copper-Brass-and-Bronze-Cleaner-5L-300x300.png",300,300,true],"medium_large":["https:\/\/www.ferberpainting.com\/wp-content\/uploads\/2025\/05\/Copper-Brass-and-Bronze-Cleaner-5L-768x768.png",768,768,true],"large":["https:\/\/www.ferberpainting.com\/wp-content\/uploads\/2025\/05\/Copper-Brass-and-Bronze-Cleaner-5L-1024x1024.png",1024,1024,true],"1536x1536":["https:\/\/www.ferberpainting.com\/wp-content\/uploads\/2025\/05\/Copper-Brass-and-Bronze-Cleaner-5L-1536x1536.png",1536,1536,true],"2048x2048":["https:\/\/www.ferberpainting.com\/wp-content\/uploads\/2025\/05\/Copper-Brass-and-Bronze-Cleaner-5L-2048x2048.png",2048,2048,true],"trp-custom-language-flag":["https:\/\/www.ferberpainting.com\/wp-content\/uploads\/2025\/05\/Copper-Brass-and-Bronze-Cleaner-5L-12x12.png",12,12,true],"woocommerce_thumbnail":["https:\/\/www.ferberpainting.com\/wp-content\/uploads\/2025\/05\/Copper-Brass-and-Bronze-Cleaner-5L-300x300.png",300,300,true],"woocommerce_single":["https:\/\/www.ferberpainting.com\/wp-content\/uploads\/2025\/05\/Copper-Brass-and-Bronze-Cleaner-5L-600x600.png",600,600,true],"woocommerce_gallery_thumbnail":["https:\/\/www.ferberpainting.com\/wp-content\/uploads\/2025\/05\/Copper-Brass-and-Bronze-Cleaner-5L-100x100.png",100,100,true]},"uagb_author_info":{"display_name":"admin","author_link":"https:\/\/www.ferberpainting.com\/ro\/author\/"},"uagb_comment_info":11,"uagb_excerpt":"Optimal Effectiveness.\u00a0This cleaner for copper, brass, and bronze is specially formulated to effectively remove oxidation, stains, tarnish, and accumulated dirt over time. It works deep into the surface to restore shine and the natural glow of metals without damaging them. Its active formula quickly dissolves patina and dull residues, bringing back the original appearance of&hellip;","_links":{"self":[{"href":"https:\/\/www.ferberpainting.com\/ro\/wp-json\/wp\/v2\/product\/23187","targetHints":{"allow":["GET"]}}],"collection":[{"href":"https:\/\/www.ferberpainting.com\/ro\/wp-json\/wp\/v2\/product"}],"about":[{"href":"https:\/\/www.ferberpainting.com\/ro\/wp-json\/wp\/v2\/types\/product"}],"replies":[{"embeddable":true,"href":"https:\/\/www.ferberpainting.com\/ro\/wp-json\/wp\/v2\/comments?post=23187"}],"version-history":[{"count":4,"href":"https:\/\/www.ferberpainting.com\/ro\/wp-json\/wp\/v2\/product\/23187\/revisions"}],"predecessor-version":[{"id":166092,"href":"https:\/\/www.ferberpainting.com\/ro\/wp-json\/wp\/v2\/product\/23187\/revisions\/166092"}],"wp:featuredmedia":[{"embeddable":true,"href":"https:\/\/www.ferberpainting.com\/ro\/wp-json\/wp\/v2\/media\/36452"}],"wp:attachment":[{"href":"https:\/\/www.ferberpainting.com\/ro\/wp-json\/wp\/v2\/media?parent=23187"}],"wp:term":[{"taxonomy":"product_brand","embeddable":true,"href":"https:\/\/www.ferberpainting.com\/ro\/wp-json\/wp\/v2\/product_brand?post=23187"},{"taxonomy":"product_cat","embeddable":true,"href":"https:\/\/www.ferberpainting.com\/ro\/wp-json\/wp\/v2\/product_cat?post=23187"},{"taxonomy":"product_tag","embeddable":true,"href":"https:\/\/www.ferberpainting.com\/ro\/wp-json\/wp\/v2\/product_tag?post=23187"}],"curies":[{"name":"wp","href":"https:\/\/api.w.org\/{rel}","templated":true}]}}