{"id":23148,"date":"2025-07-01T17:48:14","date_gmt":"2025-07-01T15:48:14","guid":{"rendered":"https:\/\/www.ferberpainting.com\/?post_type=product&#038;p=23148"},"modified":"2026-02-20T08:44:43","modified_gmt":"2026-02-20T07:44:43","slug":"coffee-machine-descaler-and-cleaner","status":"publish","type":"product","link":"https:\/\/www.ferberpainting.com\/ro\/products\/coffee-machine-descaler-and-cleaner\/","title":{"rendered":"Detartrator \u0219i cur\u0103\u021b\u0103tor pentru ma\u0219ini de cafea"},"content":{"rendered":"<p><img decoding=\"async\" style=\"margin-right: 12px;\" src=\"https:\/\/www.ferberpainting.com\/wp-content\/uploads\/2026\/02\/Check.svg\" alt=\"\" width=\"18\" height=\"15\" \/><strong>Eficacitate optim\u0103.<\/strong>\u00a0Acest detartrant \u0219i cur\u0103\u021bitor pentru ma\u0219ina de cafea \u00eendep\u0103rteaz\u0103 eficient calcarul, depunerile minerale \u0219i reziduurile de cafea care se acumuleaz\u0103 \u00een interiorul ma\u0219inii dvs. Asigur\u0103 performan\u021be optime, p\u0103str\u00e2nd \u00een acela\u0219i timp calitatea extrac\u021biei, evit\u00e2nd blocajele \u0219i defec\u021biunile cauzate de acumularea circuitului intern. Datorit\u0103 ac\u021biunii sale puternice de cur\u0103\u021bare, acesta prelunge\u0219te durata de via\u021b\u0103 a aparatului dvs. de cafea \u0219i garanteaz\u0103 o arom\u0103 perfect\u0103 la fiecare cea\u0219c\u0103.<\/p>\n<p><strong><img decoding=\"async\" style=\"margin-right: 12px;\" src=\"https:\/\/www.ferberpainting.com\/wp-content\/uploads\/2026\/02\/Check.svg\" alt=\"\" width=\"18\" height=\"15\" \/>Garan\u021bie de restituire a banilor.<\/strong>\u00a0Suntem pe deplin \u00eencrez\u0103tori \u00een eficien\u021ba produsului nostru. Dac\u0103 nu sunte\u021bi pe deplin mul\u021bumit dup\u0103 utilizare, sunte\u021bi eligibil pentru o rambursare complet\u0103. \u00cencerca\u021bi acest detartrant cu toat\u0103 lini\u0219tea, f\u0103r\u0103 niciun risc.<\/p>\n<p><img decoding=\"async\" style=\"margin-right: 12px;\" src=\"https:\/\/www.ferberpainting.com\/wp-content\/uploads\/2026\/02\/Check.svg\" alt=\"\" width=\"18\" height=\"15\" \/><strong>Versatilitate excep\u021bional\u0103.<\/strong>\u00a0Acest produs nu este doar pentru aparatele de cafea de uz casnic! De asemenea, func\u021bioneaz\u0103 cu espressoare, percolatoare, sisteme de capsule, ma\u0219ini automate cu r\u00e2\u0219ni\u021b\u0103 \u0219i fierb\u0103toare. Este compatibil cu diverse materiale precum o\u021belul inoxidabil, aluminiul, plasticul \u0219i sticla, asigur\u00e2nd o cur\u0103\u021benie impecabil\u0103 f\u0103r\u0103 riscul de coroziune sau deteriorare a componentelor interne.<\/p>\n<p><img decoding=\"async\" style=\"margin-right: 12px;\" src=\"https:\/\/www.ferberpainting.com\/wp-content\/uploads\/2026\/02\/Check.svg\" alt=\"\" width=\"18\" height=\"15\" \/><strong>Rentabil.<\/strong>\u00a0Datorit\u0103 recipientului s\u0103u de 5 litri \u0219i formulei gata de utilizare, acest detartrant ofer\u0103 un randament excelent. Un litru permite mai multe cicluri de cur\u0103\u021bare, oferind o utilizare pe termen lung, reduc\u00e2nd \u00een acela\u0219i timp costurile de \u00eentre\u021binere. \u00cen medie, 250 ml sunt suficien\u021bi pentru un proces complet de detartrare, ceea ce \u00eenseamn\u0103 c\u0103 un singur recipient asigur\u0103 p\u00e2n\u0103 la 20 de cicluri de cur\u0103\u021bare - optimiz\u00e2ndu-v\u0103 bugetul.<\/p>\n<p><img decoding=\"async\" style=\"margin-right: 12px;\" src=\"https:\/\/www.ferberpainting.com\/wp-content\/uploads\/2026\/02\/Check.svg\" alt=\"\" width=\"18\" height=\"15\" \/><strong>Sigur de utilizat.<\/strong>\u00a0Acest detergent a fost formulat pentru a fi sigur pentru s\u0103n\u0103tatea dumneavoastr\u0103. Nu con\u021bine substan\u021be toxice sau parfumuri artificiale care ar putea altera gustul cafelei dumneavoastr\u0103. Nu las\u0103 reziduuri chimice dup\u0103 cl\u0103tire, asigur\u00e2nd un consum sigur \u0219i curat dup\u0103 utilizare.<\/p>\n<p><img decoding=\"async\" style=\"margin-right: 12px;\" src=\"https:\/\/www.ferberpainting.com\/wp-content\/uploads\/2026\/02\/Check.svg\" alt=\"\" width=\"18\" height=\"15\" \/><strong>U\u0219urin\u021ba de utilizare.<\/strong>\u00a0Acest produs este gata de utilizare \u0219i nu necesit\u0103 diluare sau preparare. Pur \u0219i simplu turna\u021bi cantitatea necesar\u0103 direct \u00een rezervorul de ap\u0103 al ma\u0219inii dvs. \u0219i porni\u021bi ciclul de cur\u0103\u021bare. Utilizarea sa intuitiv\u0103 permite o cur\u0103\u021bare eficient\u0103 \u00een doar c\u00e2\u021biva pa\u0219i, f\u0103r\u0103 proceduri complicate.<\/p>\n<p><img decoding=\"async\" style=\"margin-right: 12px;\" src=\"https:\/\/www.ferberpainting.com\/wp-content\/uploads\/2026\/02\/Check.svg\" alt=\"\" width=\"18\" height=\"15\" \/><strong>Protec\u021bie de lung\u0103 durat\u0103.<\/strong>\u00a0Detartrarea regulat\u0103 prelunge\u0219te semnificativ durata de via\u021b\u0103 a aparatului dvs. de cafea. Prin eliminarea calcarului \u0219i a acumul\u0103rilor, se previne uzura prematur\u0103 a componentelor \u0219i se reduce consumul de energie, asigur\u00e2nd un debit optim al apei. O ma\u0219in\u0103 bine \u00eentre\u021binut\u0103 func\u021bioneaz\u0103 mai mult timp \u0219i mai eficient.<\/p>\n<p><img decoding=\"async\" style=\"margin-right: 12px;\" src=\"https:\/\/www.ferberpainting.com\/wp-content\/uploads\/2026\/02\/Check.svg\" alt=\"\" width=\"18\" height=\"15\" \/><strong>Ac\u021biune rapid\u0103.<\/strong>\u00a0De \u00eendat\u0103 ce intr\u0103 \u00een sistem, acest detergent \u00eencepe imediat s\u0103 descompun\u0103 calcarul \u0219i reziduurile. \u00cen doar c\u00e2teva minute, dizolv\u0103 eficient depunerile f\u0103r\u0103 a necesita \u00eenmuiere prelungit\u0103. Ideal pentru o cur\u0103\u021bare rapid\u0103 \u0219i eficient\u0103, acesta readuce ma\u0219ina dvs. la starea de v\u00e2rf \u00eentr-un timp record.<\/p>\n<h2><strong>Instruc\u021biuni de utilizare<\/strong><\/h2>\n<ul>\n<li><strong>Preg\u0103tire <\/strong>: Asigura\u021bi-v\u0103 c\u0103 rezervorul de ap\u0103 al aparatului dvs. de cafea este gol \u00eenainte de a aplica produsul.<\/li>\n<li><strong>Dozaj <\/strong>: Turna\u021bi 250 ml de detartrant direct \u00een rezervor, apoi umple\u021bi cu ap\u0103 p\u00e2n\u0103 la capacitatea maxim\u0103 a aparatului.<\/li>\n<li><strong>Start-up <\/strong>: Rula\u021bi un ciclu de cur\u0103\u021bare sau un ciclu de preparare f\u0103r\u0103 cafea pentru a permite solu\u021biei s\u0103 circule prin sistem \u0219i s\u0103 dizolve depunerile de calcar.<\/li>\n<li><strong>Pauz\u0103 \u0219i timp de ac\u021biune <\/strong>: Dup\u0103 primul flux, \u00eentrerupe\u021bi ciclul \u0219i l\u0103sa\u021bi produsul s\u0103 ac\u021bioneze timp de 10 minute pentru a spori ac\u021biunea sa asupra depunerilor dure.<\/li>\n<li><strong>Cl\u0103tire <\/strong>: Goli\u021bi rezervorul \u0219i cl\u0103ti\u021bi bine cu ap\u0103 curat\u0103. Reumple\u021bi cu ap\u0103 curat\u0103 \u0219i efectua\u021bi unul sau dou\u0103 cicluri complete de cl\u0103tire pentru a elimina toate urmele de produs.<\/li>\n<li><strong>Frecven\u021ba utiliz\u0103rii <\/strong>: Utiliza\u021bi acest detartrant \u0219i cur\u0103\u021bitor o dat\u0103 pe lun\u0103 pentru un aparat utilizat zilnic sau imediat ce debitul de ap\u0103 scade sau apare calcar vizibil.<\/li>\n<li><strong>Depozitare <\/strong>: P\u0103stra\u021bi recipientul bine \u00eenchis \u00eentr-un loc r\u0103coros, uscat, ferit de lumin\u0103 \u0219i temperaturi extreme, pentru a p\u0103stra toate propriet\u0103\u021bile produsului.<\/li>\n<\/ul>\n<p>Cu detartrantul \u0219i cur\u0103\u021b\u0103torul nostru pentru ma\u0219ini de cafea, asigura\u021bi \u00eentre\u021binerea optim\u0103 a ma\u0219inii dvs. \u0219i o cafea delicioas\u0103 de fiecare dat\u0103 - f\u0103r\u0103 a afecta gustul sau performan\u021ba.<\/p>","protected":false},"excerpt":{"rendered":"<p>Optimal effectiveness.\u00a0This coffee machine descaler and cleaner effectively removes limescale, mineral deposits, and coffee residues that build up inside your machine. It ensures optimal performance while preserving the quality of extraction, avoiding blockages and breakdowns caused by internal circuit build-up. Thanks to its powerful cleaning action, it extends the lifespan of your coffee machine and [&hellip;]<\/p>\n","protected":false},"featured_media":36520,"comment_status":"open","ping_status":"closed","template":"","meta":{"_uag_custom_page_level_css":"","site-sidebar-layout":"default","site-content-layout":"","ast-site-content-layout":"default","site-content-style":"default","site-sidebar-style":"default","ast-global-header-display":"","ast-banner-title-visibility":"","ast-main-header-display":"","ast-hfb-above-header-display":"","ast-hfb-below-header-display":"","ast-hfb-mobile-header-display":"","site-post-title":"","ast-breadcrumbs-content":"","ast-featured-img":"","footer-sml-layout":"","ast-disable-related-posts":"","theme-transparent-header-meta":"default","adv-header-id-meta":"","stick-header-meta":"","header-above-stick-meta":"","header-main-stick-meta":"","header-below-stick-meta":"","astra-migrate-meta-layouts":"set","ast-page-background-enabled":"default","ast-page-background-meta":{"desktop":{"background-color":"var(--ast-global-color-4)","background-image":"","background-repeat":"repeat","background-position":"center center","background-size":"auto","background-attachment":"scroll","background-type":"","background-media":"","overlay-type":"","overlay-color":"","overlay-opacity":"","overlay-gradient":""},"tablet":{"background-color":"","background-image":"","background-repeat":"repeat","background-position":"center center","background-size":"auto","background-attachment":"scroll","background-type":"","background-media":"","overlay-type":"","overlay-color":"","overlay-opacity":"","overlay-gradient":""},"mobile":{"background-color":"","background-image":"","background-repeat":"repeat","background-position":"center center","background-size":"auto","background-attachment":"scroll","background-type":"","background-media":"","overlay-type":"","overlay-color":"","overlay-opacity":"","overlay-gradient":""}},"ast-content-background-meta":{"desktop":{"background-color":"var(--ast-global-color-5)","background-image":"","background-repeat":"repeat","background-position":"center center","background-size":"auto","background-attachment":"scroll","background-type":"","background-media":"","overlay-type":"","overlay-color":"","overlay-opacity":"","overlay-gradient":""},"tablet":{"background-color":"var(--ast-global-color-5)","background-image":"","background-repeat":"repeat","background-position":"center center","background-size":"auto","background-attachment":"scroll","background-type":"","background-media":"","overlay-type":"","overlay-color":"","overlay-opacity":"","overlay-gradient":""},"mobile":{"background-color":"var(--ast-global-color-5)","background-image":"","background-repeat":"repeat","background-position":"center center","background-size":"auto","background-attachment":"scroll","background-type":"","background-media":"","overlay-type":"","overlay-color":"","overlay-opacity":"","overlay-gradient":""}}},"product_brand":[],"product_cat":[175],"product_tag":[],"class_list":{"0":"post-23148","1":"product","2":"type-product","3":"status-publish","4":"has-post-thumbnail","6":"product_cat-cleaning-products","7":"desktop-align-left","8":"tablet-align-left","9":"mobile-align-left","11":"first","12":"instock","13":"sale","14":"shipping-taxable","15":"purchasable","16":"product-type-variable","17":"has-default-attributes"},"spectra_custom_meta":{"_visibility":["visible"],"_shopify_product_id":["9101732872437"],"_s2w_shopify_domain":["ferberpainting.myshopify.com"],"_shopify_variant_id":["46613258043637"],"_sku":[""],"_manage_stock":["no"],"total_sales":["29"],"_tax_status":["taxable"],"_tax_class":[""],"_backorders":["no"],"_sold_individually":["no"],"_virtual":["no"],"_downloadable":["no"],"_download_limit":["-1"],"_download_expiry":["-1"],"_stock":[null],"_stock_status":["instock"],"_wc_average_rating":["5.00"],"_wc_review_count":["37"],"_product_attributes":["a:1:{s:6:\"volume\";a:6:{s:4:\"name\";s:6:\"Volume\";s:5:\"value\";s:20:\"5 liters | 25 liters\";s:8:\"position\";i:1;s:10:\"is_visible\";i:0;s:12:\"is_variation\";i:1;s:11:\"is_taxonomy\";i:0;}}"],"_product_version":["10.5.2"],"wpse_downloadable_file_names":[""],"wpse_downloadable_file_urls":[""],"_edit_last":["1"],"_default_attributes":["a:1:{s:6:\"volume\";s:8:\"5 liters\";}"],"_edit_lock":["1771573346:1"],"_price":["29.90","129.90"],"merchant-center-availability":["yes"],"merchant-center-category":["500065"],"_thumbnail_id":["36520"],"_wp_page_template":["default"],"_wp_old_date":["2025-05-26"],"_product_image_gallery":["36522"],"site-sidebar-layout":["default"],"ast-site-content-layout":["default"],"site-content-style":["default"],"site-sidebar-style":["default"],"theme-transparent-header-meta":["default"],"_wc_rating_count":["a:1:{i:5;i:37;}"],"astra-migrate-meta-layouts":["set"],"_uag_css_file_name":["uag-css-23148.css"],"_elementor_page_assets":["a:0:{}"],"_uag_page_assets":["a:9:{s:3:\"css\";s:6893:\".wp-block-uagb-image{display:flex}.wp-block-uagb-image__figure{position:relative;display:flex;flex-direction:column;max-width:100%;height:auto;margin:0}.wp-block-uagb-image__figure img{height:auto;display:flex;max-width:100%;transition:box-shadow 0.2s ease}.wp-block-uagb-image__figure>a{display:inline-block}.wp-block-uagb-image__figure figcaption{text-align:center;margin-top:0.5em;margin-bottom:1em}.wp-block-uagb-image .components-placeholder.block-editor-media-placeholder .components-placeholder__instructions{align-self:center}.wp-block-uagb-image--align-left{text-align:left}.wp-block-uagb-image--align-right{text-align:right}.wp-block-uagb-image--align-center{text-align:center}.wp-block-uagb-image--align-full .wp-block-uagb-image__figure{margin-left:calc(50% - 50vw);margin-right:calc(50% - 50vw);max-width:100vw;width:100vw;height:auto}.wp-block-uagb-image--align-full .wp-block-uagb-image__figure img{height:auto;width:100% !important}.wp-block-uagb-image--align-wide .wp-block-uagb-image__figure img{height:auto;width:100%}.wp-block-uagb-image--layout-overlay__color-wrapper{position:absolute;left:0;top:0;right:0;bottom:0;opacity:0.2;background:rgba(0,0,0,0.5);transition:opacity 0.35s ease-in-out}.wp-block-uagb-image--layout-overlay-link{position:absolute;left:0;right:0;bottom:0;top:0}.wp-block-uagb-image--layout-overlay .wp-block-uagb-image__figure:hover .wp-block-uagb-image--layout-overlay__color-wrapper{opacity:1}.wp-block-uagb-image--layout-overlay__inner{position:absolute;left:15px;right:15px;bottom:15px;top:15px;display:flex;align-items:center;justify-content:center;flex-direction:column;border-color:#fff;transition:0.35s ease-in-out}.wp-block-uagb-image--layout-overlay__inner.top-left,.wp-block-uagb-image--layout-overlay__inner.top-center,.wp-block-uagb-image--layout-overlay__inner.top-right{justify-content:flex-start}.wp-block-uagb-image--layout-overlay__inner.bottom-left,.wp-block-uagb-image--layout-overlay__inner.bottom-center,.wp-block-uagb-image--layout-overlay__inner.bottom-right{justify-content:flex-end}.wp-block-uagb-image--layout-overlay__inner.top-left,.wp-block-uagb-image--layout-overlay__inner.center-left,.wp-block-uagb-image--layout-overlay__inner.bottom-left{align-items:flex-start}.wp-block-uagb-image--layout-overlay__inner.top-right,.wp-block-uagb-image--layout-overlay__inner.center-right,.wp-block-uagb-image--layout-overlay__inner.bottom-right{align-items:flex-end}.wp-block-uagb-image--layout-overlay__inner .uagb-image-heading{color:#fff;transition:transform 0.35s, opacity 0.35s ease-in-out;transform:translate3d(0, 24px, 0);margin:0;line-height:1em}.wp-block-uagb-image--layout-overlay__inner .uagb-image-separator{width:30%;border-top-width:2px;border-top-color:#fff;border-top-style:solid;margin-bottom:10px;opacity:0;transition:transform 0.4s, opacity 0.4s ease-in-out;transform:translate3d(0, 30px, 0)}.wp-block-uagb-image--layout-overlay__inner .uagb-image-caption{opacity:0;overflow:visible;color:#fff;transition:transform 0.45s, opacity 0.45s ease-in-out;transform:translate3d(0, 35px, 0)}.wp-block-uagb-image--layout-overlay__inner:hover .uagb-image-heading,.wp-block-uagb-image--layout-overlay__inner:hover .uagb-image-separator,.wp-block-uagb-image--layout-overlay__inner:hover .uagb-image-caption{opacity:1;transform:translate3d(0, 0, 0)}.wp-block-uagb-image--effect-zoomin .wp-block-uagb-image__figure img,.wp-block-uagb-image--effect-zoomin .wp-block-uagb-image__figure .wp-block-uagb-image--layout-overlay__color-wrapper{transform:scale(1);transition:transform 0.35s ease-in-out}.wp-block-uagb-image--effect-zoomin .wp-block-uagb-image__figure:hover img,.wp-block-uagb-image--effect-zoomin .wp-block-uagb-image__figure:hover .wp-block-uagb-image--layout-overlay__color-wrapper{transform:scale(1.05)}.wp-block-uagb-image--effect-slide .wp-block-uagb-image__figure img,.wp-block-uagb-image--effect-slide .wp-block-uagb-image__figure .wp-block-uagb-image--layout-overlay__color-wrapper{width:calc(100% + 40px) !important;max-width:none !important;transform:translate3d(-40px, 0, 0);transition:transform 0.35s ease-in-out}.wp-block-uagb-image--effect-slide .wp-block-uagb-image__figure:hover img,.wp-block-uagb-image--effect-slide .wp-block-uagb-image__figure:hover .wp-block-uagb-image--layout-overlay__color-wrapper{transform:translate3d(0, 0, 0)}.wp-block-uagb-image--effect-grayscale img{filter:grayscale(0%);transition:0.35s ease-in-out}.wp-block-uagb-image--effect-grayscale:hover img{filter:grayscale(100%)}.wp-block-uagb-image--effect-blur img{filter:blur(0);transition:0.35s ease-in-out}.wp-block-uagb-image--effect-blur:hover img{filter:blur(3px)}\n.uagb-block-e6f939b3.wp-block-uagb-image--layout-default figure img{box-shadow: 0px 0px 0 #00000070;}.uagb-block-e6f939b3.wp-block-uagb-image .wp-block-uagb-image__figure figcaption{font-style: normal;align-self: center;}.uagb-block-e6f939b3.wp-block-uagb-image--layout-overlay figure img{box-shadow: 0px 0px 0 #00000070;}.uagb-block-e6f939b3.wp-block-uagb-image--layout-overlay .wp-block-uagb-image--layout-overlay__color-wrapper{opacity: 0.2;}.uagb-block-e6f939b3.wp-block-uagb-image--layout-overlay .wp-block-uagb-image--layout-overlay__inner{left: 15px;right: 15px;top: 15px;bottom: 15px;}.uagb-block-e6f939b3.wp-block-uagb-image--layout-overlay .wp-block-uagb-image--layout-overlay__inner .uagb-image-heading{font-style: normal;color: #fff;opacity: 1;}.uagb-block-e6f939b3.wp-block-uagb-image--layout-overlay .wp-block-uagb-image--layout-overlay__inner .uagb-image-heading a{color: #fff;}.uagb-block-e6f939b3.wp-block-uagb-image--layout-overlay .wp-block-uagb-image--layout-overlay__inner .uagb-image-caption{opacity: 0;}.uagb-block-e6f939b3.wp-block-uagb-image--layout-overlay .wp-block-uagb-image__figure:hover .wp-block-uagb-image--layout-overlay__color-wrapper{opacity: 1;}.uagb-block-e6f939b3.wp-block-uagb-image .wp-block-uagb-image--layout-overlay__inner .uagb-image-separator{width: 30%;border-top-width: 2px;border-top-color: #fff;opacity: 0;}.uagb-block-e6f939b3.wp-block-uagb-image .wp-block-uagb-image__figure img{width: px;height: auto;}.uagb-block-e6f939b3.wp-block-uagb-image .wp-block-uagb-image__figure:hover .wp-block-uagb-image--layout-overlay__inner .uagb-image-caption{opacity: 1;}.uagb-block-e6f939b3.wp-block-uagb-image .wp-block-uagb-image__figure:hover .wp-block-uagb-image--layout-overlay__inner .uagb-image-separator{opacity: 1;}.uagb-block-e6f939b3.wp-block-uagb-image--layout-default figure:hover img{box-shadow: 0px 0px 0 #00000070;}.uagb-block-e6f939b3.wp-block-uagb-image--layout-overlay figure:hover img{box-shadow: 0px 0px 0 #00000070;}@media only screen and (max-width: 976px) {.uagb-block-e6f939b3.wp-block-uagb-image .wp-block-uagb-image__figure img{width: px;height: auto;}}@media only screen and (max-width: 767px) {.uagb-block-e6f939b3.wp-block-uagb-image .wp-block-uagb-image__figure img{width: px;height: auto;}}\";s:2:\"js\";s:0:\"\";s:18:\"current_block_list\";a:13:{i:0;s:11:\"core\/search\";i:1;s:10:\"core\/group\";i:2;s:12:\"core\/heading\";i:3;s:17:\"core\/latest-posts\";i:4;s:20:\"core\/latest-comments\";i:5;s:13:\"core\/archives\";i:6;s:15:\"core\/categories\";i:7;s:14:\"core\/paragraph\";i:8;s:10:\"uagb\/image\";i:9;s:11:\"core\/spacer\";i:10;s:30:\"woocommerce\/product-categories\";i:11;s:10:\"core\/image\";i:12;s:14:\"core\/shortcode\";}s:8:\"uag_flag\";b:1;s:11:\"uag_version\";s:10:\"1776688037\";s:6:\"gfonts\";a:0:{}s:10:\"gfonts_url\";s:0:\"\";s:12:\"gfonts_files\";a:0:{}s:14:\"uag_faq_layout\";b:0;}"]},"uagb_featured_image_src":{"full":["https:\/\/www.ferberpainting.com\/wp-content\/uploads\/2025\/05\/Coffee-Machine-Descaler-and-Cleaner-5L-Mockup.png",2560,2560,false],"thumbnail":["https:\/\/www.ferberpainting.com\/wp-content\/uploads\/2025\/05\/Coffee-Machine-Descaler-and-Cleaner-5L-Mockup-150x150.png",150,150,true],"medium":["https:\/\/www.ferberpainting.com\/wp-content\/uploads\/2025\/05\/Coffee-Machine-Descaler-and-Cleaner-5L-Mockup-300x300.png",300,300,true],"medium_large":["https:\/\/www.ferberpainting.com\/wp-content\/uploads\/2025\/05\/Coffee-Machine-Descaler-and-Cleaner-5L-Mockup-768x768.png",768,768,true],"large":["https:\/\/www.ferberpainting.com\/wp-content\/uploads\/2025\/05\/Coffee-Machine-Descaler-and-Cleaner-5L-Mockup-1024x1024.png",1024,1024,true],"1536x1536":["https:\/\/www.ferberpainting.com\/wp-content\/uploads\/2025\/05\/Coffee-Machine-Descaler-and-Cleaner-5L-Mockup-1536x1536.png",1536,1536,true],"2048x2048":["https:\/\/www.ferberpainting.com\/wp-content\/uploads\/2025\/05\/Coffee-Machine-Descaler-and-Cleaner-5L-Mockup-2048x2048.png",2048,2048,true],"trp-custom-language-flag":["https:\/\/www.ferberpainting.com\/wp-content\/uploads\/2025\/05\/Coffee-Machine-Descaler-and-Cleaner-5L-Mockup-12x12.png",12,12,true],"woocommerce_thumbnail":["https:\/\/www.ferberpainting.com\/wp-content\/uploads\/2025\/05\/Coffee-Machine-Descaler-and-Cleaner-5L-Mockup-300x300.png",300,300,true],"woocommerce_single":["https:\/\/www.ferberpainting.com\/wp-content\/uploads\/2025\/05\/Coffee-Machine-Descaler-and-Cleaner-5L-Mockup-600x600.png",600,600,true],"woocommerce_gallery_thumbnail":["https:\/\/www.ferberpainting.com\/wp-content\/uploads\/2025\/05\/Coffee-Machine-Descaler-and-Cleaner-5L-Mockup-100x100.png",100,100,true]},"uagb_author_info":{"display_name":"admin","author_link":"https:\/\/www.ferberpainting.com\/ro\/author\/"},"uagb_comment_info":37,"uagb_excerpt":"Optimal effectiveness.\u00a0This coffee machine descaler and cleaner effectively removes limescale, mineral deposits, and coffee residues that build up inside your machine. It ensures optimal performance while preserving the quality of extraction, avoiding blockages and breakdowns caused by internal circuit build-up. Thanks to its powerful cleaning action, it extends the lifespan of your coffee machine and&hellip;","_links":{"self":[{"href":"https:\/\/www.ferberpainting.com\/ro\/wp-json\/wp\/v2\/product\/23148","targetHints":{"allow":["GET"]}}],"collection":[{"href":"https:\/\/www.ferberpainting.com\/ro\/wp-json\/wp\/v2\/product"}],"about":[{"href":"https:\/\/www.ferberpainting.com\/ro\/wp-json\/wp\/v2\/types\/product"}],"replies":[{"embeddable":true,"href":"https:\/\/www.ferberpainting.com\/ro\/wp-json\/wp\/v2\/comments?post=23148"}],"version-history":[{"count":7,"href":"https:\/\/www.ferberpainting.com\/ro\/wp-json\/wp\/v2\/product\/23148\/revisions"}],"predecessor-version":[{"id":170583,"href":"https:\/\/www.ferberpainting.com\/ro\/wp-json\/wp\/v2\/product\/23148\/revisions\/170583"}],"wp:featuredmedia":[{"embeddable":true,"href":"https:\/\/www.ferberpainting.com\/ro\/wp-json\/wp\/v2\/media\/36520"}],"wp:attachment":[{"href":"https:\/\/www.ferberpainting.com\/ro\/wp-json\/wp\/v2\/media?parent=23148"}],"wp:term":[{"taxonomy":"product_brand","embeddable":true,"href":"https:\/\/www.ferberpainting.com\/ro\/wp-json\/wp\/v2\/product_brand?post=23148"},{"taxonomy":"product_cat","embeddable":true,"href":"https:\/\/www.ferberpainting.com\/ro\/wp-json\/wp\/v2\/product_cat?post=23148"},{"taxonomy":"product_tag","embeddable":true,"href":"https:\/\/www.ferberpainting.com\/ro\/wp-json\/wp\/v2\/product_tag?post=23148"}],"curies":[{"name":"wp","href":"https:\/\/api.w.org\/{rel}","templated":true}]}}