{"id":23143,"date":"2025-07-01T17:41:50","date_gmt":"2025-07-01T15:41:50","guid":{"rendered":"https:\/\/www.ferberpainting.com\/?post_type=product&#038;p=23136"},"modified":"2026-02-15T13:29:24","modified_gmt":"2026-02-15T12:29:24","slug":"cleaner-for-vacuum-mop-and-robot","status":"publish","type":"product","link":"https:\/\/www.ferberpainting.com\/ro\/products\/cleaner-for-vacuum-mop-and-robot\/","title":{"rendered":"Cur\u0103\u021b\u0103tor pentru aspirator Mop \u0219i robot"},"content":{"rendered":"<p><img decoding=\"async\" style=\"margin-right: 12px;\" src=\"https:\/\/www.ferberpainting.com\/wp-content\/uploads\/2026\/02\/Check.svg\" alt=\"\" width=\"18\" height=\"15\" \/><strong>Eficien\u021b\u0103 optim\u0103.<\/strong>\u00a0Datorit\u0103 formulei sale puternice \u0219i special concepute, acest dispozitiv de cur\u0103\u021bare pentru aspirator-mop \u0219i robot \u00eendep\u0103rteaz\u0103 complet reziduurile de murd\u0103rie, petele persistente \u0219i semnele \u00eencrustate de pe toate tipurile de pardoseli. Acesta func\u021bioneaz\u0103 direct \u00een rezervorul dispozitivului dvs. pentru a oferi o cur\u0103\u021bare impecabil\u0103, f\u0103r\u0103 a l\u0103sa dungi sau reziduuri lipicioase.<\/p>\n<p><img decoding=\"async\" style=\"margin-right: 12px;\" src=\"https:\/\/www.ferberpainting.com\/wp-content\/uploads\/2026\/02\/Check.svg\" alt=\"\" width=\"18\" height=\"15\" \/><strong>Garan\u021bie de restituire a banilor.<\/strong>\u00a0Avem \u00eencredere deplin\u0103 \u00een eficien\u021ba produsului nostru. Dac\u0103 nu sunte\u021bi pe deplin mul\u021bumit dup\u0103 utilizare, sunte\u021bi eligibil pentru o rambursare complet\u0103. Prin urmare, pute\u021bi testa acest produs de cur\u0103\u021bare cu lini\u0219te, f\u0103r\u0103 niciun risc de nemul\u021bumire.<\/p>\n<p><img decoding=\"async\" style=\"margin-right: 12px;\" src=\"https:\/\/www.ferberpainting.com\/wp-content\/uploads\/2026\/02\/Check.svg\" alt=\"\" width=\"18\" height=\"15\" \/><strong>Versatilitate excep\u021bional\u0103.<\/strong>\u00a0Acest detergent nu este limitat la un singur tip de suprafa\u021b\u0103! Func\u021bioneaz\u0103 la fel de bine pe pardoseli dure ca \u0219i pe suprafe\u021be mai poroase. Este eficient pe gresie, beton lustruit, ciment, lemn de esen\u021b\u0103 tare sigilat, laminat, vinil, PVC, precum \u0219i pe suprafe\u021be din piatr\u0103 natural\u0103 \u0219i marmur\u0103. Indiferent de tipul de podea, acest produs se adapteaz\u0103 \u0219i asigur\u0103 o cur\u0103\u021benie perfect\u0103.<\/p>\n<p><img decoding=\"async\" style=\"margin-right: 12px;\" src=\"https:\/\/www.ferberpainting.com\/wp-content\/uploads\/2026\/02\/Check.svg\" alt=\"\" width=\"18\" height=\"15\" \/><strong>Performan\u021b\u0103 rentabil\u0103.<\/strong>\u00a0Datorit\u0103 formatului recipientului de 5 litri \u0219i formulei gata de utilizare, acest detergent ofer\u0103 o capacitate extins\u0103 de cur\u0103\u021bare. O singur\u0103 aplicare poate acoperi o suprafa\u021b\u0103 larg\u0103, f\u0103c\u00e2nd ca fiecare litru utilizat s\u0103 fie extrem de eficient. \u00cen medie, un litru de produs poate cur\u0103\u021ba p\u00e2n\u0103 la 100 m\u00b2, ceea ce \u00eel face extrem de economic pentru utilizarea pe termen lung.<\/p>\n<p><img decoding=\"async\" style=\"margin-right: 12px;\" src=\"https:\/\/www.ferberpainting.com\/wp-content\/uploads\/2026\/02\/Check.svg\" alt=\"\" width=\"18\" height=\"15\" \/><strong>Sigur de utilizat.<\/strong>\u00a0Acest detergent este conceput pentru a fi utilizat \u00een siguran\u021b\u0103, f\u0103r\u0103 vapori toxici sau componente periculoase pentru s\u0103n\u0103tatea dumneavoastr\u0103. Nu con\u021bine agen\u021bi agresivi sau substan\u021be corozive care ar putea deteriora podelele sau dispozitivul dvs. Poate fi utilizat \u00een mod regulat, f\u0103r\u0103 riscuri pentru ocupan\u021bii gospod\u0103riei, inclusiv copii \u0219i animale de companie.<\/p>\n<p><img decoding=\"async\" style=\"margin-right: 12px;\" src=\"https:\/\/www.ferberpainting.com\/wp-content\/uploads\/2026\/02\/Check.svg\" alt=\"\" width=\"18\" height=\"15\" \/><strong>U\u0219urin\u021ba de utilizare.<\/strong>\u00a0Acest produs este gata de utilizare - nu este nevoie s\u0103 dilua\u021bi sau s\u0103 amesteca\u021bi cu un alt produs. Pur \u0219i simplu turna\u021bi-l direct \u00een rezervorul aspiratorului sau robotului dvs. \u0219i \u00eencepe\u021bi ciclul obi\u0219nuit de cur\u0103\u021bare. Ac\u021biunea sa puternic\u0103 asigur\u0103 o cur\u0103\u021bare f\u0103r\u0103 efort, evit\u00e2nd necesitatea unei interven\u021bii suplimentare din partea dumneavoastr\u0103.<\/p>\n<p><img decoding=\"async\" style=\"margin-right: 12px;\" src=\"https:\/\/www.ferberpainting.com\/wp-content\/uploads\/2026\/02\/Check.svg\" alt=\"\" width=\"18\" height=\"15\" \/><strong>Durabilitate \u00eendelungat\u0103.<\/strong>\u00a0Spre deosebire de alte produse care pot bloca sistemul intern al aparatului dumneavoastr\u0103, acest produs de cur\u0103\u021bare p\u0103streaz\u0103 performan\u021ba acestuia pe termen lung. Acesta previne acumularea \u00een sistemele de aspirare \u0219i sp\u0103lare, prelungind astfel durata de via\u021b\u0103 a aparatului dvs. \u0219i reduc\u00e2nd nevoia de \u00eentre\u021binere frecvent\u0103.<\/p>\n<p><img decoding=\"async\" style=\"margin-right: 12px;\" src=\"https:\/\/www.ferberpainting.com\/wp-content\/uploads\/2026\/02\/Check.svg\" alt=\"\" width=\"18\" height=\"15\" \/><strong>Ac\u021biune rapid\u0103.<\/strong>\u00a0Acest dispozitiv de cur\u0103\u021bare \u00eencepe s\u0103 lucreze imediat la \u00eenceputul ciclului de cur\u0103\u021bare. \u00cen doar c\u00e2teva minute, acesta dizolv\u0103 murd\u0103ria \u0219i \u00eendep\u0103rteaz\u0103 petele f\u0103r\u0103 timpi lungi de a\u0219teptare. Ofer\u0103 o cur\u0103\u021bare rapid\u0103 \u0219i eficient\u0103 - perfect\u0103 pentru sarcinile zilnice sau ocazionale de cur\u0103\u021bare.<\/p>\n<h2><strong>Protocol de utilizare<\/strong><\/h2>\n<ul>\n<li><strong>Preg\u0103tire <\/strong>: Deschide\u021bi recipientul \u0219i turna\u021bi detergentul direct \u00een rezervorul aspiratorului sau robotului, f\u0103r\u0103 diluare.<\/li>\n<li><strong>Start-up <\/strong>: Lansa\u021bi programul obi\u0219nuit de cur\u0103\u021bare al dispozitivului dvs. pentru a permite produsului s\u0103 se distribuie uniform pe suprafa\u021b\u0103.<\/li>\n<li><strong>Finisare <\/strong>: Dup\u0103 finalizarea cur\u0103\u021b\u0103rii, dac\u0103 este necesar, cl\u0103ti\u021bi rezervorul dispozitivului cu ap\u0103 curat\u0103 pentru a evita acumularea de produse \u00een timp.<\/li>\n<li><strong>Depozitare <\/strong>: P\u0103stra\u021bi recipientul bine \u00eenchis, ferit de lumin\u0103 \u0219i c\u0103ldur\u0103, pentru a p\u0103stra toate propriet\u0103\u021bile produsului.<\/li>\n<\/ul>\n<p>Cu aspiratorul-mop \u0219i robotul nostru de cur\u0103\u021bat, oferi\u021bi podelelor dvs. o cur\u0103\u021bare impecabil\u0103 \u0219i optimizat\u0103 - asigur\u00e2nd \u00een acela\u0219i timp longevitatea \u0219i eficien\u021ba dispozitivului dvs.<\/p>","protected":false},"excerpt":{"rendered":"<p>Optimal efficiency.\u00a0Thanks to its powerful and specially designed formula, this cleaner for vacuum-mop and robot thoroughly removes dirt residues, stubborn stains, and embedded marks from all types of floors. It works directly in your device\u2019s tank to deliver flawless cleaning, leaving no streaks or sticky residue. Money-back guarantee.\u00a0We have complete confidence in the effectiveness of [&hellip;]<\/p>\n","protected":false},"featured_media":36515,"comment_status":"open","ping_status":"closed","template":"","meta":{"_uag_custom_page_level_css":"","site-sidebar-layout":"default","site-content-layout":"","ast-site-content-layout":"default","site-content-style":"default","site-sidebar-style":"default","ast-global-header-display":"","ast-banner-title-visibility":"","ast-main-header-display":"","ast-hfb-above-header-display":"","ast-hfb-below-header-display":"","ast-hfb-mobile-header-display":"","site-post-title":"","ast-breadcrumbs-content":"","ast-featured-img":"","footer-sml-layout":"","ast-disable-related-posts":"","theme-transparent-header-meta":"default","adv-header-id-meta":"","stick-header-meta":"","header-above-stick-meta":"","header-main-stick-meta":"","header-below-stick-meta":"","astra-migrate-meta-layouts":"set","ast-page-background-enabled":"default","ast-page-background-meta":{"desktop":{"background-color":"var(--ast-global-color-4)","background-image":"","background-repeat":"repeat","background-position":"center center","background-size":"auto","background-attachment":"scroll","background-type":"","background-media":"","overlay-type":"","overlay-color":"","overlay-opacity":"","overlay-gradient":""},"tablet":{"background-color":"","background-image":"","background-repeat":"repeat","background-position":"center center","background-size":"auto","background-attachment":"scroll","background-type":"","background-media":"","overlay-type":"","overlay-color":"","overlay-opacity":"","overlay-gradient":""},"mobile":{"background-color":"","background-image":"","background-repeat":"repeat","background-position":"center center","background-size":"auto","background-attachment":"scroll","background-type":"","background-media":"","overlay-type":"","overlay-color":"","overlay-opacity":"","overlay-gradient":""}},"ast-content-background-meta":{"desktop":{"background-color":"var(--ast-global-color-5)","background-image":"","background-repeat":"repeat","background-position":"center center","background-size":"auto","background-attachment":"scroll","background-type":"","background-media":"","overlay-type":"","overlay-color":"","overlay-opacity":"","overlay-gradient":""},"tablet":{"background-color":"var(--ast-global-color-5)","background-image":"","background-repeat":"repeat","background-position":"center center","background-size":"auto","background-attachment":"scroll","background-type":"","background-media":"","overlay-type":"","overlay-color":"","overlay-opacity":"","overlay-gradient":""},"mobile":{"background-color":"var(--ast-global-color-5)","background-image":"","background-repeat":"repeat","background-position":"center center","background-size":"auto","background-attachment":"scroll","background-type":"","background-media":"","overlay-type":"","overlay-color":"","overlay-opacity":"","overlay-gradient":""}}},"product_brand":[],"product_cat":[175],"product_tag":[],"class_list":{"0":"post-23143","1":"product","2":"type-product","3":"status-publish","4":"has-post-thumbnail","6":"product_cat-cleaning-products","7":"desktop-align-left","8":"tablet-align-left","9":"mobile-align-left","11":"first","12":"instock","13":"sale","14":"taxable","15":"shipping-taxable","16":"purchasable","17":"product-type-variable","18":"has-default-attributes"},"spectra_custom_meta":{"_visibility":["visible"],"_shopify_product_id":["9100799410421"],"_s2w_shopify_domain":["ferberpainting.myshopify.com"],"_shopify_variant_id":["46610315149557"],"_sku":[""],"_manage_stock":["no"],"total_sales":["107"],"_tax_status":["taxable"],"_tax_class":[""],"_backorders":["no"],"_sold_individually":["no"],"_virtual":["no"],"_downloadable":["no"],"_download_limit":["-1"],"_download_expiry":["-1"],"_stock":[null],"_stock_status":["instock"],"_wc_average_rating":["5.00"],"_wc_review_count":["17"],"_product_attributes":["a:1:{s:6:\"volume\";a:6:{s:4:\"name\";s:6:\"Volume\";s:5:\"value\";s:20:\"5 liters | 25 liters\";s:8:\"position\";i:1;s:10:\"is_visible\";i:0;s:12:\"is_variation\";i:1;s:11:\"is_taxonomy\";i:0;}}"],"_product_version":["10.5.1"],"wpse_downloadable_file_names":[""],"wpse_downloadable_file_urls":[""],"_edit_last":["1"],"_default_attributes":["a:1:{s:6:\"volume\";s:8:\"5 liters\";}"],"_edit_lock":["1771158423:1"],"_price":["29.90","129.90"],"merchant-center-availability":["yes"],"merchant-center-category":["4977"],"_thumbnail_id":["36515"],"_wp_page_template":["default"],"_wp_old_date":["2025-05-26"],"_product_image_gallery":["36516"],"site-sidebar-layout":["default"],"ast-site-content-layout":["default"],"site-content-style":["default"],"site-sidebar-style":["default"],"theme-transparent-header-meta":["default"],"_wc_rating_count":["a:1:{i:5;i:17;}"],"astra-migrate-meta-layouts":["set"],"_uag_css_file_name":["uag-css-23143.css"],"_elementor_page_assets":["a:0:{}"],"_uag_page_assets":["a:9:{s:3:\"css\";s:7133:\".uag-blocks-common-selector{z-index:var(--z-index-desktop) !important}@media(max-width: 976px){.uag-blocks-common-selector{z-index:var(--z-index-tablet) !important}}@media(max-width: 767px){.uag-blocks-common-selector{z-index:var(--z-index-mobile) !important}}.wp-block-uagb-image{display:flex}.wp-block-uagb-image__figure{position:relative;display:flex;flex-direction:column;max-width:100%;height:auto;margin:0}.wp-block-uagb-image__figure img{height:auto;display:flex;max-width:100%;transition:box-shadow .2s ease}.wp-block-uagb-image__figure>a{display:inline-block}.wp-block-uagb-image__figure figcaption{text-align:center;margin-top:.5em;margin-bottom:1em}.wp-block-uagb-image .components-placeholder.block-editor-media-placeholder .components-placeholder__instructions{align-self:center}.wp-block-uagb-image--align-left{text-align:left}.wp-block-uagb-image--align-right{text-align:right}.wp-block-uagb-image--align-center{text-align:center}.wp-block-uagb-image--align-full .wp-block-uagb-image__figure{margin-left:calc(50% - 50vw);margin-right:calc(50% - 50vw);max-width:100vw;width:100vw;height:auto}.wp-block-uagb-image--align-full .wp-block-uagb-image__figure img{height:auto;width:100% !important}.wp-block-uagb-image--align-wide .wp-block-uagb-image__figure img{height:auto;width:100%}.wp-block-uagb-image--layout-overlay__color-wrapper{position:absolute;left:0;top:0;right:0;bottom:0;opacity:.2;background:rgba(0,0,0,.5);transition:opacity .35s ease-in-out}.wp-block-uagb-image--layout-overlay-link{position:absolute;left:0;right:0;bottom:0;top:0}.wp-block-uagb-image--layout-overlay .wp-block-uagb-image__figure:hover .wp-block-uagb-image--layout-overlay__color-wrapper{opacity:1}.wp-block-uagb-image--layout-overlay__inner{position:absolute;left:15px;right:15px;bottom:15px;top:15px;display:flex;align-items:center;justify-content:center;flex-direction:column;border-color:#fff;transition:.35s ease-in-out}.wp-block-uagb-image--layout-overlay__inner.top-left,.wp-block-uagb-image--layout-overlay__inner.top-center,.wp-block-uagb-image--layout-overlay__inner.top-right{justify-content:flex-start}.wp-block-uagb-image--layout-overlay__inner.bottom-left,.wp-block-uagb-image--layout-overlay__inner.bottom-center,.wp-block-uagb-image--layout-overlay__inner.bottom-right{justify-content:flex-end}.wp-block-uagb-image--layout-overlay__inner.top-left,.wp-block-uagb-image--layout-overlay__inner.center-left,.wp-block-uagb-image--layout-overlay__inner.bottom-left{align-items:flex-start}.wp-block-uagb-image--layout-overlay__inner.top-right,.wp-block-uagb-image--layout-overlay__inner.center-right,.wp-block-uagb-image--layout-overlay__inner.bottom-right{align-items:flex-end}.wp-block-uagb-image--layout-overlay__inner .uagb-image-heading{color:#fff;transition:transform .35s,opacity .35s ease-in-out;transform:translate3d(0, 24px, 0);margin:0;line-height:1em}.wp-block-uagb-image--layout-overlay__inner .uagb-image-separator{width:30%;border-top-width:2px;border-top-color:#fff;border-top-style:solid;margin-bottom:10px;opacity:0;transition:transform .4s,opacity .4s ease-in-out;transform:translate3d(0, 30px, 0)}.wp-block-uagb-image--layout-overlay__inner .uagb-image-caption{opacity:0;overflow:visible;color:#fff;transition:transform .45s,opacity .45s ease-in-out;transform:translate3d(0, 35px, 0)}.wp-block-uagb-image--layout-overlay__inner:hover .uagb-image-heading,.wp-block-uagb-image--layout-overlay__inner:hover .uagb-image-separator,.wp-block-uagb-image--layout-overlay__inner:hover .uagb-image-caption{opacity:1;transform:translate3d(0, 0, 0)}.wp-block-uagb-image--effect-zoomin .wp-block-uagb-image__figure img,.wp-block-uagb-image--effect-zoomin .wp-block-uagb-image__figure .wp-block-uagb-image--layout-overlay__color-wrapper{transform:scale(1);transition:transform .35s ease-in-out}.wp-block-uagb-image--effect-zoomin .wp-block-uagb-image__figure:hover img,.wp-block-uagb-image--effect-zoomin .wp-block-uagb-image__figure:hover .wp-block-uagb-image--layout-overlay__color-wrapper{transform:scale(1.05)}.wp-block-uagb-image--effect-slide .wp-block-uagb-image__figure img,.wp-block-uagb-image--effect-slide .wp-block-uagb-image__figure .wp-block-uagb-image--layout-overlay__color-wrapper{width:calc(100% + 40px) !important;max-width:none !important;transform:translate3d(-40px, 0, 0);transition:transform .35s ease-in-out}.wp-block-uagb-image--effect-slide .wp-block-uagb-image__figure:hover img,.wp-block-uagb-image--effect-slide .wp-block-uagb-image__figure:hover .wp-block-uagb-image--layout-overlay__color-wrapper{transform:translate3d(0, 0, 0)}.wp-block-uagb-image--effect-grayscale img{filter:grayscale(0%);transition:.35s ease-in-out}.wp-block-uagb-image--effect-grayscale:hover img{filter:grayscale(100%)}.wp-block-uagb-image--effect-blur img{filter:blur(0);transition:.35s ease-in-out}.wp-block-uagb-image--effect-blur:hover img{filter:blur(3px)}.uagb-block-e6f939b3.wp-block-uagb-image--layout-default figure img{box-shadow: 0px 0px 0 #00000070;}.uagb-block-e6f939b3.wp-block-uagb-image .wp-block-uagb-image__figure figcaption{font-style: normal;align-self: center;}.uagb-block-e6f939b3.wp-block-uagb-image--layout-overlay figure img{box-shadow: 0px 0px 0 #00000070;}.uagb-block-e6f939b3.wp-block-uagb-image--layout-overlay .wp-block-uagb-image--layout-overlay__color-wrapper{opacity: 0.2;}.uagb-block-e6f939b3.wp-block-uagb-image--layout-overlay .wp-block-uagb-image--layout-overlay__inner{left: 15px;right: 15px;top: 15px;bottom: 15px;}.uagb-block-e6f939b3.wp-block-uagb-image--layout-overlay .wp-block-uagb-image--layout-overlay__inner .uagb-image-heading{font-style: normal;color: #fff;opacity: 1;}.uagb-block-e6f939b3.wp-block-uagb-image--layout-overlay .wp-block-uagb-image--layout-overlay__inner .uagb-image-heading a{color: #fff;}.uagb-block-e6f939b3.wp-block-uagb-image--layout-overlay .wp-block-uagb-image--layout-overlay__inner .uagb-image-caption{opacity: 0;}.uagb-block-e6f939b3.wp-block-uagb-image--layout-overlay .wp-block-uagb-image__figure:hover .wp-block-uagb-image--layout-overlay__color-wrapper{opacity: 1;}.uagb-block-e6f939b3.wp-block-uagb-image .wp-block-uagb-image--layout-overlay__inner .uagb-image-separator{width: 30%;border-top-width: 2px;border-top-color: #fff;opacity: 0;}.uagb-block-e6f939b3.wp-block-uagb-image .wp-block-uagb-image__figure img{width: px;height: auto;}.uagb-block-e6f939b3.wp-block-uagb-image .wp-block-uagb-image__figure:hover .wp-block-uagb-image--layout-overlay__inner .uagb-image-caption{opacity: 1;}.uagb-block-e6f939b3.wp-block-uagb-image .wp-block-uagb-image__figure:hover .wp-block-uagb-image--layout-overlay__inner .uagb-image-separator{opacity: 1;}.uagb-block-e6f939b3.wp-block-uagb-image--layout-default figure:hover img{box-shadow: 0px 0px 0 #00000070;}.uagb-block-e6f939b3.wp-block-uagb-image--layout-overlay figure:hover img{box-shadow: 0px 0px 0 #00000070;}@media only screen and (max-width: 976px) {.uagb-block-e6f939b3.wp-block-uagb-image .wp-block-uagb-image__figure img{width: px;height: auto;}}@media only screen and (max-width: 767px) {.uagb-block-e6f939b3.wp-block-uagb-image .wp-block-uagb-image__figure img{width: px;height: auto;}}\";s:2:\"js\";s:0:\"\";s:18:\"current_block_list\";a:13:{i:0;s:11:\"core\/search\";i:1;s:10:\"core\/group\";i:2;s:12:\"core\/heading\";i:3;s:17:\"core\/latest-posts\";i:4;s:20:\"core\/latest-comments\";i:5;s:13:\"core\/archives\";i:6;s:15:\"core\/categories\";i:7;s:14:\"core\/paragraph\";i:8;s:10:\"uagb\/image\";i:9;s:11:\"core\/spacer\";i:10;s:30:\"woocommerce\/product-categories\";i:11;s:10:\"core\/image\";i:12;s:14:\"core\/shortcode\";}s:8:\"uag_flag\";b:1;s:11:\"uag_version\";s:10:\"1777197333\";s:6:\"gfonts\";a:0:{}s:10:\"gfonts_url\";s:0:\"\";s:12:\"gfonts_files\";a:0:{}s:14:\"uag_faq_layout\";b:0;}"]},"uagb_featured_image_src":{"full":["https:\/\/www.ferberpainting.com\/wp-content\/uploads\/2025\/05\/Cleaner-for-Vacuum-Mop-and-Robot-5L.png",2560,2560,false],"thumbnail":["https:\/\/www.ferberpainting.com\/wp-content\/uploads\/2025\/05\/Cleaner-for-Vacuum-Mop-and-Robot-5L-150x150.png",150,150,true],"medium":["https:\/\/www.ferberpainting.com\/wp-content\/uploads\/2025\/05\/Cleaner-for-Vacuum-Mop-and-Robot-5L-300x300.png",300,300,true],"medium_large":["https:\/\/www.ferberpainting.com\/wp-content\/uploads\/2025\/05\/Cleaner-for-Vacuum-Mop-and-Robot-5L-768x768.png",768,768,true],"large":["https:\/\/www.ferberpainting.com\/wp-content\/uploads\/2025\/05\/Cleaner-for-Vacuum-Mop-and-Robot-5L-1024x1024.png",1024,1024,true],"1536x1536":["https:\/\/www.ferberpainting.com\/wp-content\/uploads\/2025\/05\/Cleaner-for-Vacuum-Mop-and-Robot-5L-1536x1536.png",1536,1536,true],"2048x2048":["https:\/\/www.ferberpainting.com\/wp-content\/uploads\/2025\/05\/Cleaner-for-Vacuum-Mop-and-Robot-5L-2048x2048.png",2048,2048,true],"trp-custom-language-flag":["https:\/\/www.ferberpainting.com\/wp-content\/uploads\/2025\/05\/Cleaner-for-Vacuum-Mop-and-Robot-5L-12x12.png",12,12,true],"woocommerce_thumbnail":["https:\/\/www.ferberpainting.com\/wp-content\/uploads\/2025\/05\/Cleaner-for-Vacuum-Mop-and-Robot-5L-300x300.png",300,300,true],"woocommerce_single":["https:\/\/www.ferberpainting.com\/wp-content\/uploads\/2025\/05\/Cleaner-for-Vacuum-Mop-and-Robot-5L-600x600.png",600,600,true],"woocommerce_gallery_thumbnail":["https:\/\/www.ferberpainting.com\/wp-content\/uploads\/2025\/05\/Cleaner-for-Vacuum-Mop-and-Robot-5L-100x100.png",100,100,true]},"uagb_author_info":{"display_name":"admin","author_link":"https:\/\/www.ferberpainting.com\/ro\/author\/"},"uagb_comment_info":17,"uagb_excerpt":"Optimal efficiency.\u00a0Thanks to its powerful and specially designed formula, this cleaner for vacuum-mop and robot thoroughly removes dirt residues, stubborn stains, and embedded marks from all types of floors. It works directly in your device\u2019s tank to deliver flawless cleaning, leaving no streaks or sticky residue. Money-back guarantee.\u00a0We have complete confidence in the effectiveness of&hellip;","_links":{"self":[{"href":"https:\/\/www.ferberpainting.com\/ro\/wp-json\/wp\/v2\/product\/23143","targetHints":{"allow":["GET"]}}],"collection":[{"href":"https:\/\/www.ferberpainting.com\/ro\/wp-json\/wp\/v2\/product"}],"about":[{"href":"https:\/\/www.ferberpainting.com\/ro\/wp-json\/wp\/v2\/types\/product"}],"replies":[{"embeddable":true,"href":"https:\/\/www.ferberpainting.com\/ro\/wp-json\/wp\/v2\/comments?post=23143"}],"version-history":[{"count":4,"href":"https:\/\/www.ferberpainting.com\/ro\/wp-json\/wp\/v2\/product\/23143\/revisions"}],"predecessor-version":[{"id":166069,"href":"https:\/\/www.ferberpainting.com\/ro\/wp-json\/wp\/v2\/product\/23143\/revisions\/166069"}],"wp:featuredmedia":[{"embeddable":true,"href":"https:\/\/www.ferberpainting.com\/ro\/wp-json\/wp\/v2\/media\/36515"}],"wp:attachment":[{"href":"https:\/\/www.ferberpainting.com\/ro\/wp-json\/wp\/v2\/media?parent=23143"}],"wp:term":[{"taxonomy":"product_brand","embeddable":true,"href":"https:\/\/www.ferberpainting.com\/ro\/wp-json\/wp\/v2\/product_brand?post=23143"},{"taxonomy":"product_cat","embeddable":true,"href":"https:\/\/www.ferberpainting.com\/ro\/wp-json\/wp\/v2\/product_cat?post=23143"},{"taxonomy":"product_tag","embeddable":true,"href":"https:\/\/www.ferberpainting.com\/ro\/wp-json\/wp\/v2\/product_tag?post=23143"}],"curies":[{"name":"wp","href":"https:\/\/api.w.org\/{rel}","templated":true}]}}