{"id":23134,"date":"2025-05-26T10:22:55","date_gmt":"2025-05-26T08:22:55","guid":{"rendered":"https:\/\/www.ferberpainting.com\/products\/cherry-laurel-fertilizer\/"},"modified":"2026-02-15T13:26:08","modified_gmt":"2026-02-15T12:26:08","slug":"cherry-laurel-fertilizer","status":"publish","type":"product","link":"https:\/\/www.ferberpainting.com\/ro\/products\/cherry-laurel-fertilizer\/","title":{"rendered":"\u00cengr\u0103\u0219\u0103m\u00e2nt pentru cire\u0219 25 kg"},"content":{"rendered":"<p><img decoding=\"async\" style=\"margin-right: 12px;\" src=\"https:\/\/www.ferberpainting.com\/wp-content\/uploads\/2026\/02\/Check.svg\" alt=\"\" width=\"18\" height=\"15\" \/><strong>Un \u00eengr\u0103\u0219\u0103m\u00e2nt complet pentru un laur cherry s\u0103n\u0103tos \u0219i un frunzi\u0219 dens.<\/strong>\u00a0Laurul cire\u0219, cunoscut \u0219i ca Prunus laurocerasus, este o plant\u0103 de gard viu care are nevoie de un aport echilibrat de nutrien\u021bi pentru a r\u0103m\u00e2ne dens, verde \u0219i rezistent la boli. Acesta este un \u00eengr\u0103\u0219\u0103m\u00e2nt cu eliberare lent\u0103, cu formula sa echilibrat\u0103 NPK 10-10-10, stimuleaz\u0103 cre\u0219terea rapid\u0103 a frunzelor, ramurilor \u0219i r\u0103d\u0103cinilor, asigur\u00e2nd un frunzi\u0219 dens \u0219i uniform pe tot parcursul anului.<\/p>\n<p><img decoding=\"async\" style=\"margin-right: 12px;\" src=\"https:\/\/www.ferberpainting.com\/wp-content\/uploads\/2026\/02\/Check.svg\" alt=\"\" width=\"18\" height=\"15\" \/><strong>Garan\u021bie de restituire a banilor.<\/strong>\u00a0Credem cu t\u0103rie \u00een eficien\u021ba \u00eengr\u0103\u0219\u0103m\u00e2ntului nostru pentru lauri de cire\u0219, dar dac\u0103 nu observa\u021bi nicio \u00eembun\u0103t\u0103\u021bire \u00een cre\u0219terea sau densitatea gardului viu dup\u0103 utilizarea regulat\u0103 \u00een conformitate cu recomand\u0103rile, ne angaj\u0103m s\u0103 v\u0103 ramburs\u0103m integral, \u00een conformitate cu termenii no\u0219tri.<\/p>\n<p><img decoding=\"async\" style=\"margin-right: 12px;\" src=\"https:\/\/www.ferberpainting.com\/wp-content\/uploads\/2026\/02\/Check.svg\" alt=\"\" width=\"18\" height=\"15\" \/><strong>Potrivit pentru toate tipurile de sol \u0219i condi\u021biile de plantare.<\/strong>\u00a0Indiferent dac\u0103 laurul de cire\u0219 cre\u0219te \u00een sol argilos, nisipos, calcaros sau n\u0103molos, acest fertilizator este formulat pentru o absorb\u021bie optim\u0103 a nutrien\u021bilor. Este potrivit pentru plantarea \u00een sol deschis, \u00een ghivece \u0219i func\u021bioneaz\u0103 la fel de bine \u00een mediul urban ca \u0219i \u00een mediul natural.<\/p>\n<p><img decoding=\"async\" style=\"margin-right: 12px;\" src=\"https:\/\/www.ferberpainting.com\/wp-content\/uploads\/2026\/02\/Check.svg\" alt=\"\" width=\"18\" height=\"15\" \/><strong>Randament economic excelent \u0219i dozare optimizat\u0103.<\/strong>\u00a0Datorit\u0103 concentra\u021biei ridicate de nutrien\u021bi, acest \u00eengr\u0103\u0219\u0103m\u00e2nt solid poate fertiliza un num\u0103r mare de lauri de cire\u0219 cu un singur sac de 25 kg. Aplicarea recomandat\u0103 de 200 g per pom asigur\u0103 o cre\u0219tere continu\u0103 \u0219i echilibrat\u0103 timp de mai multe luni, f\u0103r\u0103 a fi nevoie de interven\u021bii frecvente.<\/p>\n<p><img decoding=\"async\" style=\"margin-right: 12px;\" src=\"https:\/\/www.ferberpainting.com\/wp-content\/uploads\/2026\/02\/Check.svg\" alt=\"\" width=\"18\" height=\"15\" \/><strong>Siguran\u021b\u0103 pentru mediu \u0219i biodiversitate.<\/strong>\u00a0Acest \u00eengr\u0103\u0219\u0103m\u00e2nt natural nu con\u021bine substan\u021be chimice agresive, metale grele sau substan\u021be poluante. Respect\u0103 microorganismele din sol \u0219i promoveaz\u0103 un echilibru ecologic s\u0103n\u0103tos. F\u0103r\u0103 risc de arsur\u0103 a r\u0103d\u0103cinilor, este perfect pentru gr\u0103din\u0103ritul familial sau pentru amenajarea teritoriului.<\/p>\n<p><img decoding=\"async\" style=\"margin-right: 12px;\" src=\"https:\/\/www.ferberpainting.com\/wp-content\/uploads\/2026\/02\/Check.svg\" alt=\"\" width=\"18\" height=\"15\" \/><strong>Aplicare rapid\u0103 \u0219i u\u0219oar\u0103, f\u0103r\u0103 preg\u0103tire complex\u0103.<\/strong>\u00a0Spre deosebire de \u00eengr\u0103\u0219\u0103mintele lichide care necesit\u0103 amestecare \u0219i diluare precis\u0103, acest \u00eengr\u0103\u0219\u0103m\u00e2nt granulat solid este gata de utilizare. Doar \u00eempr\u0103\u0219tia\u021bi-l \u00een jurul bazei plantei \u0219i uda\u021bi u\u0219or pentru a activa absorb\u021bia.<\/p>\n<p><img decoding=\"async\" style=\"margin-right: 12px;\" src=\"https:\/\/www.ferberpainting.com\/wp-content\/uploads\/2026\/02\/Check.svg\" alt=\"\" width=\"18\" height=\"15\" \/><strong>Ac\u021biune de lung\u0103 durat\u0103 pentru \u00eentre\u021binere minim\u0103.<\/strong>\u00a0Datorit\u0103 eliber\u0103rii sale lente, acest \u00eengr\u0103\u0219\u0103m\u00e2nt hr\u0103ne\u0219te laurul cire\u0219 timp de mai multe luni, reduc\u00e2nd frecven\u021ba de aplicare \u0219i asigur\u00e2nd o dezvoltare constant\u0103 \u0219i uniform\u0103. Prin \u00eent\u0103rirea r\u0103d\u0103cinilor, tulpinilor \u0219i frunzelor, asigur\u0103 un gard viu dens \u0219i estetic pe tot parcursul anului.<\/p>\n<p><img decoding=\"async\" style=\"margin-right: 12px;\" src=\"https:\/\/www.ferberpainting.com\/wp-content\/uploads\/2026\/02\/Check.svg\" alt=\"\" width=\"18\" height=\"15\" \/><strong>Rezultate vizibile din primele s\u0103pt\u0103m\u00e2ni.<\/strong>\u00a0Dup\u0103 aplicare, \u00eengr\u0103\u0219\u0103m\u00e2ntul \u00eencepe s\u0103 stimuleze cre\u0219terea \u00een primele s\u0103pt\u0103m\u00e2ni. Frunzi\u0219ul devine mai dens \u0219i mai str\u0103lucitor, planta dezvolt\u0103 noi l\u0103stari viguro\u0219i, iar rezisten\u021ba sa la boli \u0219i d\u0103un\u0103tori se \u00eembun\u0103t\u0103\u021be\u0219te.<\/p>\n<p><img decoding=\"async\" style=\"margin-right: 12px;\" src=\"https:\/\/www.ferberpainting.com\/wp-content\/uploads\/2026\/02\/Check.svg\" alt=\"\" width=\"18\" height=\"15\" \/><strong>Potrivit \u0219i pentru al\u021bi arbu\u0219ti \u0219i plante de gard viu.<\/strong>\u00a0Acest fertilizator versatil este perfect nu numai pentru laurii de cire\u0219, ci \u0219i pentru al\u021bi arbu\u0219ti ve\u0219nic verzi de gard viu \u0219i arbu\u0219ti ornamentali precum photinia, eleagnus, privet sau tisa. De asemenea, este ideal pentru straturile de flori sau gardurile topiare.<\/p>\n<h2><strong>Protocol de utilizare<\/strong><\/h2>\n<ul>\n<li><strong>Perioada de aplicare<\/strong> : Aplica\u021bi \u00eengr\u0103\u0219\u0103m\u00e2ntul la \u00eenceputul prim\u0103verii pentru a stimula cre\u0219terea de prim\u0103var\u0103, apoi a doua oar\u0103 toamna pentru a \u00eent\u0103ri planta \u00eenainte de iarn\u0103.<\/li>\n<li><strong>Metoda de aplicare<\/strong> :\n<ul>\n<li>R\u0103sp\u00e2ndi\u021bi 200 g de \u00eengr\u0103\u0219\u0103m\u00e2nt pe copac sau pe metru liniar de gard viu, \u00eempr\u0103\u0219tiindu-l \u00een jurul bazei f\u0103r\u0103 a atinge direct trunchiul.<\/li>\n<li>Grebla\u021bi u\u0219or suprafa\u021ba solului pentru a facilita \u00eencorporarea granulelor.<\/li>\n<li>Uda\u021bi bine dup\u0103 aplicare pentru a activa difuzarea nutrien\u021bilor \u00een sol.<\/li>\n<\/ul>\n<\/li>\n<li><strong>Frecven\u021ba aplic\u0103rii<\/strong> :\n<ul>\n<li><strong>Lauri de cire\u0219 (sub 3 ani)<\/strong>: 2 aplica\u021bii pe an sunt suficiente pentru a asigura o bun\u0103 dezvoltare.<\/li>\n<li><strong>Lauri de cire\u0219 adul\u021bi<\/strong>: O singur\u0103 fertilizare anual\u0103 \u00een martie-aprilie asigur\u0103 o \u00eentre\u021binere optim\u0103 \u0219i o cre\u0219tere viguroas\u0103.<\/li>\n<\/ul>\n<\/li>\n<li><strong>Precau\u021bii pentru utilizare<\/strong> :\n<ul>\n<li>Nu aplica\u021bi \u00een exces, deoarece poate favoriza un frunzi\u0219 prea abundent \u00een detrimentul structurii generale a plantei.<\/li>\n<li>Nu \u00eempr\u0103\u0219tia\u021bi \u00eengr\u0103\u0219\u0103m\u00e2ntul \u00een plin soare sau \u00een timpul secetei, pentru a asigura o absorb\u021bie mai bun\u0103.<\/li>\n<li>Uda\u021bi \u00eentotdeauna dup\u0103 aplicare, pentru a permite difuzarea rapid\u0103 \u0219i uniform\u0103 a nutrien\u021bilor.<\/li>\n<\/ul>\n<\/li>\n<\/ul>\n<p>Datorit\u0103 acestui fertilizator pentru lauri de cire\u0219, asigura\u021bi-v\u0103 c\u0103 v\u0103 bucura\u021bi de un gard viu dens, luxuriant \u0219i rezistent, f\u0103r\u0103 efort excesiv sau \u00eentre\u021binere plictisitoare.<\/p>","protected":false},"excerpt":{"rendered":"<p>A complete fertilizer for healthy cherry laurel and dense foliage.\u00a0The cherry laurel, also known as Prunus laurocerasus, is a hedge plant that needs a balanced nutrient supply to stay dense, green, and disease-resistant. This is a slow-release fertilizer, with its balanced NPK 10-10-10 formula, it stimulates rapid growth of leaves, branches and roots, ensuring thick [&hellip;]<\/p>\n","protected":false},"featured_media":25721,"comment_status":"open","ping_status":"closed","template":"","meta":{"_uag_custom_page_level_css":"","site-sidebar-layout":"default","site-content-layout":"","ast-site-content-layout":"default","site-content-style":"default","site-sidebar-style":"default","ast-global-header-display":"","ast-banner-title-visibility":"","ast-main-header-display":"","ast-hfb-above-header-display":"","ast-hfb-below-header-display":"","ast-hfb-mobile-header-display":"","site-post-title":"","ast-breadcrumbs-content":"","ast-featured-img":"","footer-sml-layout":"","ast-disable-related-posts":"","theme-transparent-header-meta":"default","adv-header-id-meta":"","stick-header-meta":"","header-above-stick-meta":"","header-main-stick-meta":"","header-below-stick-meta":"","astra-migrate-meta-layouts":"set","ast-page-background-enabled":"default","ast-page-background-meta":{"desktop":{"background-color":"var(--ast-global-color-4)","background-image":"","background-repeat":"repeat","background-position":"center center","background-size":"auto","background-attachment":"scroll","background-type":"","background-media":"","overlay-type":"","overlay-color":"","overlay-opacity":"","overlay-gradient":""},"tablet":{"background-color":"","background-image":"","background-repeat":"repeat","background-position":"center center","background-size":"auto","background-attachment":"scroll","background-type":"","background-media":"","overlay-type":"","overlay-color":"","overlay-opacity":"","overlay-gradient":""},"mobile":{"background-color":"","background-image":"","background-repeat":"repeat","background-position":"center center","background-size":"auto","background-attachment":"scroll","background-type":"","background-media":"","overlay-type":"","overlay-color":"","overlay-opacity":"","overlay-gradient":""}},"ast-content-background-meta":{"desktop":{"background-color":"var(--ast-global-color-5)","background-image":"","background-repeat":"repeat","background-position":"center center","background-size":"auto","background-attachment":"scroll","background-type":"","background-media":"","overlay-type":"","overlay-color":"","overlay-opacity":"","overlay-gradient":""},"tablet":{"background-color":"var(--ast-global-color-5)","background-image":"","background-repeat":"repeat","background-position":"center center","background-size":"auto","background-attachment":"scroll","background-type":"","background-media":"","overlay-type":"","overlay-color":"","overlay-opacity":"","overlay-gradient":""},"mobile":{"background-color":"var(--ast-global-color-5)","background-image":"","background-repeat":"repeat","background-position":"center center","background-size":"auto","background-attachment":"scroll","background-type":"","background-media":"","overlay-type":"","overlay-color":"","overlay-opacity":"","overlay-gradient":""}}},"product_brand":[],"product_cat":[178],"product_tag":[],"class_list":{"0":"post-23134","1":"product","2":"type-product","3":"status-publish","4":"has-post-thumbnail","6":"product_cat-fertilizers","7":"desktop-align-left","8":"tablet-align-left","9":"mobile-align-left","11":"first","12":"instock","13":"taxable","14":"shipping-taxable","15":"purchasable","16":"product-type-simple"},"spectra_custom_meta":{"_visibility":["visible"],"_shopify_product_id":["9073339367669"],"_s2w_shopify_domain":["ferberpainting.myshopify.com"],"_shopify_variant_id":["46524717334773"],"_sku":["FPCHERRYLAURELFERTILIZER25KG"],"_regular_price":["39.90"],"_price":["39.90"],"_sale_price":[""],"_weight":["18.7"],"_thumbnail_id":["25721"],"_global_unique_id":["5056773818095"],"total_sales":["9"],"_tax_status":["taxable"],"_tax_class":[""],"_manage_stock":["no"],"_backorders":["no"],"_sold_individually":["no"],"_virtual":["no"],"_downloadable":["no"],"_download_limit":["-1"],"_download_expiry":["-1"],"_stock":[null],"_stock_status":["instock"],"_wc_average_rating":["5.00"],"_wc_review_count":["25"],"_product_version":["10.5.1"],"_wc_rating_count":["a:1:{i:5;i:25;}"],"_edit_lock":["1771158371:1"],"merchant-center-availability":["yes"],"merchant-center-category":["113"],"_edit_last":["1"],"_wp_page_template":["default"],"site-sidebar-layout":["default"],"ast-site-content-layout":["default"],"site-content-style":["default"],"site-sidebar-style":["default"],"theme-transparent-header-meta":["default"],"astra-migrate-meta-layouts":["set"],"_uag_css_file_name":["uag-css-23134.css"],"_elementor_page_assets":["a:0:{}"],"_uag_page_assets":["a:9:{s:3:\"css\";s:7133:\".uag-blocks-common-selector{z-index:var(--z-index-desktop) !important}@media(max-width: 976px){.uag-blocks-common-selector{z-index:var(--z-index-tablet) !important}}@media(max-width: 767px){.uag-blocks-common-selector{z-index:var(--z-index-mobile) !important}}.wp-block-uagb-image{display:flex}.wp-block-uagb-image__figure{position:relative;display:flex;flex-direction:column;max-width:100%;height:auto;margin:0}.wp-block-uagb-image__figure img{height:auto;display:flex;max-width:100%;transition:box-shadow .2s ease}.wp-block-uagb-image__figure>a{display:inline-block}.wp-block-uagb-image__figure figcaption{text-align:center;margin-top:.5em;margin-bottom:1em}.wp-block-uagb-image .components-placeholder.block-editor-media-placeholder .components-placeholder__instructions{align-self:center}.wp-block-uagb-image--align-left{text-align:left}.wp-block-uagb-image--align-right{text-align:right}.wp-block-uagb-image--align-center{text-align:center}.wp-block-uagb-image--align-full .wp-block-uagb-image__figure{margin-left:calc(50% - 50vw);margin-right:calc(50% - 50vw);max-width:100vw;width:100vw;height:auto}.wp-block-uagb-image--align-full .wp-block-uagb-image__figure img{height:auto;width:100% !important}.wp-block-uagb-image--align-wide .wp-block-uagb-image__figure img{height:auto;width:100%}.wp-block-uagb-image--layout-overlay__color-wrapper{position:absolute;left:0;top:0;right:0;bottom:0;opacity:.2;background:rgba(0,0,0,.5);transition:opacity .35s ease-in-out}.wp-block-uagb-image--layout-overlay-link{position:absolute;left:0;right:0;bottom:0;top:0}.wp-block-uagb-image--layout-overlay .wp-block-uagb-image__figure:hover .wp-block-uagb-image--layout-overlay__color-wrapper{opacity:1}.wp-block-uagb-image--layout-overlay__inner{position:absolute;left:15px;right:15px;bottom:15px;top:15px;display:flex;align-items:center;justify-content:center;flex-direction:column;border-color:#fff;transition:.35s ease-in-out}.wp-block-uagb-image--layout-overlay__inner.top-left,.wp-block-uagb-image--layout-overlay__inner.top-center,.wp-block-uagb-image--layout-overlay__inner.top-right{justify-content:flex-start}.wp-block-uagb-image--layout-overlay__inner.bottom-left,.wp-block-uagb-image--layout-overlay__inner.bottom-center,.wp-block-uagb-image--layout-overlay__inner.bottom-right{justify-content:flex-end}.wp-block-uagb-image--layout-overlay__inner.top-left,.wp-block-uagb-image--layout-overlay__inner.center-left,.wp-block-uagb-image--layout-overlay__inner.bottom-left{align-items:flex-start}.wp-block-uagb-image--layout-overlay__inner.top-right,.wp-block-uagb-image--layout-overlay__inner.center-right,.wp-block-uagb-image--layout-overlay__inner.bottom-right{align-items:flex-end}.wp-block-uagb-image--layout-overlay__inner .uagb-image-heading{color:#fff;transition:transform .35s,opacity .35s ease-in-out;transform:translate3d(0, 24px, 0);margin:0;line-height:1em}.wp-block-uagb-image--layout-overlay__inner .uagb-image-separator{width:30%;border-top-width:2px;border-top-color:#fff;border-top-style:solid;margin-bottom:10px;opacity:0;transition:transform .4s,opacity .4s ease-in-out;transform:translate3d(0, 30px, 0)}.wp-block-uagb-image--layout-overlay__inner .uagb-image-caption{opacity:0;overflow:visible;color:#fff;transition:transform .45s,opacity .45s ease-in-out;transform:translate3d(0, 35px, 0)}.wp-block-uagb-image--layout-overlay__inner:hover .uagb-image-heading,.wp-block-uagb-image--layout-overlay__inner:hover .uagb-image-separator,.wp-block-uagb-image--layout-overlay__inner:hover .uagb-image-caption{opacity:1;transform:translate3d(0, 0, 0)}.wp-block-uagb-image--effect-zoomin .wp-block-uagb-image__figure img,.wp-block-uagb-image--effect-zoomin .wp-block-uagb-image__figure .wp-block-uagb-image--layout-overlay__color-wrapper{transform:scale(1);transition:transform .35s ease-in-out}.wp-block-uagb-image--effect-zoomin .wp-block-uagb-image__figure:hover img,.wp-block-uagb-image--effect-zoomin .wp-block-uagb-image__figure:hover .wp-block-uagb-image--layout-overlay__color-wrapper{transform:scale(1.05)}.wp-block-uagb-image--effect-slide .wp-block-uagb-image__figure img,.wp-block-uagb-image--effect-slide .wp-block-uagb-image__figure .wp-block-uagb-image--layout-overlay__color-wrapper{width:calc(100% + 40px) !important;max-width:none !important;transform:translate3d(-40px, 0, 0);transition:transform .35s ease-in-out}.wp-block-uagb-image--effect-slide .wp-block-uagb-image__figure:hover img,.wp-block-uagb-image--effect-slide .wp-block-uagb-image__figure:hover .wp-block-uagb-image--layout-overlay__color-wrapper{transform:translate3d(0, 0, 0)}.wp-block-uagb-image--effect-grayscale img{filter:grayscale(0%);transition:.35s ease-in-out}.wp-block-uagb-image--effect-grayscale:hover img{filter:grayscale(100%)}.wp-block-uagb-image--effect-blur img{filter:blur(0);transition:.35s ease-in-out}.wp-block-uagb-image--effect-blur:hover img{filter:blur(3px)}.uagb-block-e6f939b3.wp-block-uagb-image--layout-default figure img{box-shadow: 0px 0px 0 #00000070;}.uagb-block-e6f939b3.wp-block-uagb-image .wp-block-uagb-image__figure figcaption{font-style: normal;align-self: center;}.uagb-block-e6f939b3.wp-block-uagb-image--layout-overlay figure img{box-shadow: 0px 0px 0 #00000070;}.uagb-block-e6f939b3.wp-block-uagb-image--layout-overlay .wp-block-uagb-image--layout-overlay__color-wrapper{opacity: 0.2;}.uagb-block-e6f939b3.wp-block-uagb-image--layout-overlay .wp-block-uagb-image--layout-overlay__inner{left: 15px;right: 15px;top: 15px;bottom: 15px;}.uagb-block-e6f939b3.wp-block-uagb-image--layout-overlay .wp-block-uagb-image--layout-overlay__inner .uagb-image-heading{font-style: normal;color: #fff;opacity: 1;}.uagb-block-e6f939b3.wp-block-uagb-image--layout-overlay .wp-block-uagb-image--layout-overlay__inner .uagb-image-heading a{color: #fff;}.uagb-block-e6f939b3.wp-block-uagb-image--layout-overlay .wp-block-uagb-image--layout-overlay__inner .uagb-image-caption{opacity: 0;}.uagb-block-e6f939b3.wp-block-uagb-image--layout-overlay .wp-block-uagb-image__figure:hover .wp-block-uagb-image--layout-overlay__color-wrapper{opacity: 1;}.uagb-block-e6f939b3.wp-block-uagb-image .wp-block-uagb-image--layout-overlay__inner .uagb-image-separator{width: 30%;border-top-width: 2px;border-top-color: #fff;opacity: 0;}.uagb-block-e6f939b3.wp-block-uagb-image .wp-block-uagb-image__figure img{width: px;height: auto;}.uagb-block-e6f939b3.wp-block-uagb-image .wp-block-uagb-image__figure:hover .wp-block-uagb-image--layout-overlay__inner .uagb-image-caption{opacity: 1;}.uagb-block-e6f939b3.wp-block-uagb-image .wp-block-uagb-image__figure:hover .wp-block-uagb-image--layout-overlay__inner .uagb-image-separator{opacity: 1;}.uagb-block-e6f939b3.wp-block-uagb-image--layout-default figure:hover img{box-shadow: 0px 0px 0 #00000070;}.uagb-block-e6f939b3.wp-block-uagb-image--layout-overlay figure:hover img{box-shadow: 0px 0px 0 #00000070;}@media only screen and (max-width: 976px) {.uagb-block-e6f939b3.wp-block-uagb-image .wp-block-uagb-image__figure img{width: px;height: auto;}}@media only screen and (max-width: 767px) {.uagb-block-e6f939b3.wp-block-uagb-image .wp-block-uagb-image__figure img{width: px;height: auto;}}\";s:2:\"js\";s:0:\"\";s:18:\"current_block_list\";a:13:{i:0;s:11:\"core\/search\";i:1;s:10:\"core\/group\";i:2;s:12:\"core\/heading\";i:3;s:17:\"core\/latest-posts\";i:4;s:20:\"core\/latest-comments\";i:5;s:13:\"core\/archives\";i:6;s:15:\"core\/categories\";i:7;s:14:\"core\/paragraph\";i:8;s:10:\"uagb\/image\";i:9;s:11:\"core\/spacer\";i:10;s:30:\"woocommerce\/product-categories\";i:11;s:10:\"core\/image\";i:12;s:14:\"core\/shortcode\";}s:8:\"uag_flag\";b:1;s:11:\"uag_version\";s:10:\"1777203173\";s:6:\"gfonts\";a:0:{}s:10:\"gfonts_url\";s:0:\"\";s:12:\"gfonts_files\";a:0:{}s:14:\"uag_faq_layout\";b:0;}"]},"uagb_featured_image_src":{"full":["https:\/\/www.ferberpainting.com\/wp-content\/uploads\/2025\/05\/CherryLaurelFertilizer.png",2560,2560,false],"thumbnail":["https:\/\/www.ferberpainting.com\/wp-content\/uploads\/2025\/05\/CherryLaurelFertilizer-150x150.png",150,150,true],"medium":["https:\/\/www.ferberpainting.com\/wp-content\/uploads\/2025\/05\/CherryLaurelFertilizer-300x300.png",300,300,true],"medium_large":["https:\/\/www.ferberpainting.com\/wp-content\/uploads\/2025\/05\/CherryLaurelFertilizer-768x768.png",768,768,true],"large":["https:\/\/www.ferberpainting.com\/wp-content\/uploads\/2025\/05\/CherryLaurelFertilizer-1024x1024.png",1024,1024,true],"1536x1536":["https:\/\/www.ferberpainting.com\/wp-content\/uploads\/2025\/05\/CherryLaurelFertilizer-1536x1536.png",1536,1536,true],"2048x2048":["https:\/\/www.ferberpainting.com\/wp-content\/uploads\/2025\/05\/CherryLaurelFertilizer-2048x2048.png",2048,2048,true],"trp-custom-language-flag":["https:\/\/www.ferberpainting.com\/wp-content\/uploads\/2025\/05\/CherryLaurelFertilizer-12x12.png",12,12,true],"woocommerce_thumbnail":["https:\/\/www.ferberpainting.com\/wp-content\/uploads\/2025\/05\/CherryLaurelFertilizer-300x300.png",300,300,true],"woocommerce_single":["https:\/\/www.ferberpainting.com\/wp-content\/uploads\/2025\/05\/CherryLaurelFertilizer-600x600.png",600,600,true],"woocommerce_gallery_thumbnail":["https:\/\/www.ferberpainting.com\/wp-content\/uploads\/2025\/05\/CherryLaurelFertilizer-100x100.png",100,100,true]},"uagb_author_info":{"display_name":"admin","author_link":"https:\/\/www.ferberpainting.com\/ro\/author\/"},"uagb_comment_info":25,"uagb_excerpt":"A complete fertilizer for healthy cherry laurel and dense foliage.\u00a0The cherry laurel, also known as Prunus laurocerasus, is a hedge plant that needs a balanced nutrient supply to stay dense, green, and disease-resistant. This is a slow-release fertilizer, with its balanced NPK 10-10-10 formula, it stimulates rapid growth of leaves, branches and roots, ensuring thick&hellip;","_links":{"self":[{"href":"https:\/\/www.ferberpainting.com\/ro\/wp-json\/wp\/v2\/product\/23134","targetHints":{"allow":["GET"]}}],"collection":[{"href":"https:\/\/www.ferberpainting.com\/ro\/wp-json\/wp\/v2\/product"}],"about":[{"href":"https:\/\/www.ferberpainting.com\/ro\/wp-json\/wp\/v2\/types\/product"}],"replies":[{"embeddable":true,"href":"https:\/\/www.ferberpainting.com\/ro\/wp-json\/wp\/v2\/comments?post=23134"}],"version-history":[{"count":7,"href":"https:\/\/www.ferberpainting.com\/ro\/wp-json\/wp\/v2\/product\/23134\/revisions"}],"predecessor-version":[{"id":164351,"href":"https:\/\/www.ferberpainting.com\/ro\/wp-json\/wp\/v2\/product\/23134\/revisions\/164351"}],"wp:featuredmedia":[{"embeddable":true,"href":"https:\/\/www.ferberpainting.com\/ro\/wp-json\/wp\/v2\/media\/25721"}],"wp:attachment":[{"href":"https:\/\/www.ferberpainting.com\/ro\/wp-json\/wp\/v2\/media?parent=23134"}],"wp:term":[{"taxonomy":"product_brand","embeddable":true,"href":"https:\/\/www.ferberpainting.com\/ro\/wp-json\/wp\/v2\/product_brand?post=23134"},{"taxonomy":"product_cat","embeddable":true,"href":"https:\/\/www.ferberpainting.com\/ro\/wp-json\/wp\/v2\/product_cat?post=23134"},{"taxonomy":"product_tag","embeddable":true,"href":"https:\/\/www.ferberpainting.com\/ro\/wp-json\/wp\/v2\/product_tag?post=23134"}],"curies":[{"name":"wp","href":"https:\/\/api.w.org\/{rel}","templated":true}]}}