{"id":23114,"date":"2025-07-01T18:33:22","date_gmt":"2025-07-01T16:33:22","guid":{"rendered":"https:\/\/www.ferberpainting.com\/?post_type=product&#038;p=23114"},"modified":"2026-02-15T13:19:17","modified_gmt":"2026-02-15T12:19:17","slug":"brick-cleaner","status":"publish","type":"product","link":"https:\/\/www.ferberpainting.com\/ro\/products\/brick-cleaner\/","title":{"rendered":"Cur\u0103\u021b\u0103tor pentru c\u0103r\u0103mid\u0103"},"content":{"rendered":"<p><img decoding=\"async\" style=\"margin-right: 12px;\" src=\"https:\/\/www.ferberpainting.com\/wp-content\/uploads\/2026\/02\/Check.svg\" alt=\"\" width=\"18\" height=\"15\" \/><strong>Eficacitate optim\u0103.<\/strong>\u00a0Acest detergent pentru c\u0103r\u0103mid\u0103 este special formulat pentru a elimina depunerile de murd\u0103rie, urmele de poluare, reziduurile de ciment, petele de var \u0219i mucegaiul \u00eencorporat. Formula sa puternic\u0103 p\u0103trunde ad\u00e2nc \u00een porii c\u0103r\u0103mizii pentru a dizolva impurit\u0103\u021bile \u0219i a reda suprafe\u021belor str\u0103lucirea ini\u021bial\u0103, f\u0103r\u0103 a le altera sau deteriora.<\/p>\n<p><img decoding=\"async\" style=\"margin-right: 12px;\" src=\"https:\/\/www.ferberpainting.com\/wp-content\/uploads\/2026\/02\/Check.svg\" alt=\"\" width=\"18\" height=\"15\" \/><strong>Garan\u021bie de restituire a banilor.<\/strong>\u00a0Suntem \u00eencrez\u0103tori \u00een eficacitatea produsului nostru de cur\u0103\u021bare a c\u0103r\u0103mizilor \u0219i \u00een capacitatea sa de a restabili cur\u0103\u021benia suprafe\u021belor de c\u0103r\u0103mid\u0103. Dac\u0103 nu sunte\u021bi pe deplin mul\u021bumit dup\u0103 utilizare, sunte\u021bi eligibil pentru o rambursare complet\u0103. \u00cencerca\u021bi produsul nostru cu lini\u0219te sufleteasc\u0103 \u0219i experimenta\u021bi singuri rezultatele excep\u021bionale, f\u0103r\u0103 riscuri.<\/p>\n<p><img decoding=\"async\" style=\"margin-right: 12px;\" src=\"https:\/\/www.ferberpainting.com\/wp-content\/uploads\/2026\/02\/Check.svg\" alt=\"\" width=\"18\" height=\"15\" \/><strong>Versatilitate excep\u021bional\u0103.<\/strong> Acest detergent nu se limiteaz\u0103 la c\u0103r\u0103mizi, ci este foarte eficient \u0219i pe alte materiale poroase, cum ar fi betonul, cimentul, mortarul, piatra natural\u0103, gresia \u0219i pavelele. Este perfect potrivit pentru fa\u021bade, \u0219eminee, pere\u021bi, pardoseli din teracot\u0103 \u0219i gresie exterioar\u0103, asigur\u00e2nd o cur\u0103\u021bare optim\u0103 at\u00e2t pentru suprafe\u021bele de construc\u021bie, c\u00e2t \u0219i pentru cele decorative.<\/p>\n<p><img decoding=\"async\" style=\"margin-right: 12px;\" src=\"https:\/\/www.ferberpainting.com\/wp-content\/uploads\/2026\/02\/Check.svg\" alt=\"\" width=\"18\" height=\"15\" \/><strong>Performan\u021ba economic\u0103.<\/strong>\u00a0Ambalat \u00eentr-o canistr\u0103 de 5 litri cu o formul\u0103 ultra-eficient\u0103, acest detergent ofer\u0103 un randament excelent. O cantitate mic\u0103 este suficient\u0103 pentru a cur\u0103\u021ba o suprafa\u021b\u0103 mare, reduc\u00e2nd consumul. \u00cen medie, un litru de produs poate cur\u0103\u021ba p\u00e2n\u0103 la 50 m\u00b2 de suprafa\u021b\u0103 de c\u0103r\u0103mid\u0103, fiind o solu\u021bie rentabil\u0103 \u0219i de lung\u0103 durat\u0103 pentru \u00eentre\u021binerea fa\u021badelor \u0219i a spa\u021biilor exterioare.<\/p>\n<p><img decoding=\"async\" style=\"margin-right: 12px;\" src=\"https:\/\/www.ferberpainting.com\/wp-content\/uploads\/2026\/02\/Check.svg\" alt=\"\" width=\"18\" height=\"15\" \/><strong>Sigur de utilizat.<\/strong>\u00a0Spre deosebire de produsele dure de pe pia\u021b\u0103, acest detergent nu con\u021bine solven\u021bi corozivi sau substan\u021be toxice. Nu elibereaz\u0103 vapori nocivi \u0219i nu degradeaz\u0103 suprafe\u021bele tratate \u0219i nu prezint\u0103 un risc pentru s\u0103n\u0103tate. Utilizarea sa este sigur\u0103 at\u00e2t pentru profesioni\u0219ti, c\u00e2t \u0219i pentru persoane fizice, at\u00e2t timp c\u00e2t sunt respectate m\u0103surile de siguran\u021b\u0103.<\/p>\n<p><img decoding=\"async\" style=\"margin-right: 12px;\" src=\"https:\/\/www.ferberpainting.com\/wp-content\/uploads\/2026\/02\/Check.svg\" alt=\"\" width=\"18\" height=\"15\" \/><strong>U\u0219or de utilizat.<\/strong>\u00a0Acest produs este gata de utilizare \u0219i nu necesit\u0103 diluare sau preg\u0103tire complicat\u0103. Se aplic\u0103 direct pe suprafa\u021ba care trebuie cur\u0103\u021bat\u0103, p\u0103trunde rapid \u0219i dizolv\u0103 murd\u0103ria f\u0103r\u0103 efort excesiv. O simpl\u0103 cl\u0103tire este suficient\u0103 pentru a ob\u021bine o suprafa\u021b\u0103 curat\u0103 \u0219i str\u0103lucitoare, ceea ce \u00eel face foarte convenabil.<\/p>\n<p><img decoding=\"async\" style=\"margin-right: 12px;\" src=\"https:\/\/www.ferberpainting.com\/wp-content\/uploads\/2026\/02\/Check.svg\" alt=\"\" width=\"18\" height=\"15\" \/><strong>Protec\u021bie durabil\u0103.<\/strong>\u00a0Prin \u00eendep\u0103rtarea impurit\u0103\u021bilor \u0219i protejarea suprafe\u021bei de acumul\u0103rile rapide, acest produs de cur\u0103\u021bare prelunge\u0219te durata de via\u021b\u0103 a c\u0103r\u0103mizilor \u0219i a altor materiale poroase. Utilizarea regulat\u0103 ajut\u0103 la prevenirea deterior\u0103rilor cauzate de poluare, umiditate sau depuneri de calcar, asigur\u00e2nd o longevitate mai mare pentru structurile tratate.<\/p>\n<p><img decoding=\"async\" style=\"margin-right: 12px;\" src=\"https:\/\/www.ferberpainting.com\/wp-content\/uploads\/2026\/02\/Check.svg\" alt=\"\" width=\"18\" height=\"15\" \/><strong>Ac\u021biune rapid\u0103.<\/strong>\u00a0Cu formula sa extrem de reactiv\u0103, acest produs de cur\u0103\u021bare ac\u021bioneaz\u0103 imediat asupra petelor \u0219i reziduurilor \u00eencorporate. \u00cen doar c\u00e2teva minute, dizolv\u0103 acumul\u0103rile \u0219i faciliteaz\u0103 \u00eendep\u0103rtarea f\u0103r\u0103 a freca ore \u00eentregi. Ideal pentru cur\u0103\u021b\u0103ri rapide, ajut\u0103 la restabilirea unei suprafe\u021be curate \u0219i \u00eengrijite \u00een cel mai scurt timp.<\/p>\n<h2><strong>Instruc\u021biuni de utilizare<\/strong><\/h2>\n<ul>\n<li><strong>Preg\u0103tire <\/strong>: Asigura\u021bi-v\u0103 c\u0103 suprafa\u021ba de c\u0103r\u0103mid\u0103 este uscat\u0103 \u0219i lipsit\u0103 de praf sau resturi \u00eenainte de aplicarea produsului.<\/li>\n<li><strong>Aplica\u021bie <\/strong>: Turna\u021bi o cantitate moderat\u0103 de produs de cur\u0103\u021bare pe o perie, o c\u00e2rp\u0103 sau un burete, sau aplica\u021bi direct pe c\u0103r\u0103mizi cu ajutorul unui pulverizator sau al unui udator.<\/li>\n<li><strong>Cur\u0103\u021bare <\/strong>: L\u0103sa\u021bi produsul s\u0103 ac\u021bioneze timp de 5 p\u00e2n\u0103 la 10 minute pentru a-i permite s\u0103 p\u0103trund\u0103 \u0219i s\u0103 dizolve murd\u0103ria. Pentru petele mai persistente, freca\u021bi u\u0219or cu o perie adecvat\u0103.<\/li>\n<li><strong>Cl\u0103tire <\/strong>: Cl\u0103ti\u021bi bine cu ap\u0103 curat\u0103 folosind un furtun de gr\u0103din\u0103 sau un dispozitiv de cur\u0103\u021bare de \u00eenalt\u0103 presiune pentru a \u00eendep\u0103rta toate reziduurile de produs \u0219i murd\u0103ria desprins\u0103.<\/li>\n<li><strong>Uscare \u0219i finisare <\/strong>: L\u0103sa\u021bi s\u0103 se usuce natural \u00een aer liber. Pentru o protec\u021bie suplimentar\u0103, pute\u021bi aplica un tratament hidrofob potrivit pentru materiale poroase dup\u0103 uscarea complet\u0103.<\/li>\n<li><strong>Frecven\u021ba utiliz\u0103rii <\/strong>: Utiliza\u021bi ori de c\u00e2te ori c\u0103r\u0103mida prezint\u0103 murd\u0103rie, pete sau acumul\u0103ri vizibile. Pentru \u00eentre\u021binere regulat\u0103, aplica\u021bi la fiecare 3 p\u00e2n\u0103 la 6 luni pentru a men\u021bine cur\u0103\u021benia pe termen lung.<\/li>\n<li><strong>Depozitare <\/strong>: \u00cenchide\u021bi \u00eentotdeauna bine recipientul dup\u0103 fiecare utilizare \u0219i depozita\u021bi-l \u00eentr-un loc r\u0103coros, uscat, ferit de lumin\u0103 \u0219i temperaturi extreme, pentru a-i p\u0103stra eficacitatea pe termen lung.<\/li>\n<\/ul>\n<p>Cu cur\u0103\u021b\u0103torul nostru de c\u0103r\u0103mizi, reda\u021bi str\u0103lucirea \u0219i cur\u0103\u021benia fa\u021badelor, pere\u021bilor \u0219i spa\u021biilor dvs. exterioare f\u0103r\u0103 efort \u0219i \u00een siguran\u021b\u0103.<\/p>\n<p>&nbsp;<\/p>","protected":false},"excerpt":{"rendered":"<p>Optimal Effectiveness.\u00a0This brick cleaner is specially formulated to eliminate dirt deposits, pollution marks, cement residues, lime stains, and embedded mold. Its powerful formula penetrates deep into the pores of the brick to dissolve impurities and restore surfaces to their original shine without altering or damaging them. Money-back guarantee.\u00a0We are confident in the efficacy of our [&hellip;]<\/p>\n","protected":false},"featured_media":36565,"comment_status":"open","ping_status":"closed","template":"","meta":{"_uag_custom_page_level_css":"","site-sidebar-layout":"default","site-content-layout":"","ast-site-content-layout":"default","site-content-style":"default","site-sidebar-style":"default","ast-global-header-display":"","ast-banner-title-visibility":"","ast-main-header-display":"","ast-hfb-above-header-display":"","ast-hfb-below-header-display":"","ast-hfb-mobile-header-display":"","site-post-title":"","ast-breadcrumbs-content":"","ast-featured-img":"","footer-sml-layout":"","ast-disable-related-posts":"","theme-transparent-header-meta":"default","adv-header-id-meta":"","stick-header-meta":"","header-above-stick-meta":"","header-main-stick-meta":"","header-below-stick-meta":"","astra-migrate-meta-layouts":"set","ast-page-background-enabled":"default","ast-page-background-meta":{"desktop":{"background-color":"var(--ast-global-color-4)","background-image":"","background-repeat":"repeat","background-position":"center center","background-size":"auto","background-attachment":"scroll","background-type":"","background-media":"","overlay-type":"","overlay-color":"","overlay-opacity":"","overlay-gradient":""},"tablet":{"background-color":"","background-image":"","background-repeat":"repeat","background-position":"center center","background-size":"auto","background-attachment":"scroll","background-type":"","background-media":"","overlay-type":"","overlay-color":"","overlay-opacity":"","overlay-gradient":""},"mobile":{"background-color":"","background-image":"","background-repeat":"repeat","background-position":"center center","background-size":"auto","background-attachment":"scroll","background-type":"","background-media":"","overlay-type":"","overlay-color":"","overlay-opacity":"","overlay-gradient":""}},"ast-content-background-meta":{"desktop":{"background-color":"var(--ast-global-color-5)","background-image":"","background-repeat":"repeat","background-position":"center center","background-size":"auto","background-attachment":"scroll","background-type":"","background-media":"","overlay-type":"","overlay-color":"","overlay-opacity":"","overlay-gradient":""},"tablet":{"background-color":"var(--ast-global-color-5)","background-image":"","background-repeat":"repeat","background-position":"center center","background-size":"auto","background-attachment":"scroll","background-type":"","background-media":"","overlay-type":"","overlay-color":"","overlay-opacity":"","overlay-gradient":""},"mobile":{"background-color":"var(--ast-global-color-5)","background-image":"","background-repeat":"repeat","background-position":"center center","background-size":"auto","background-attachment":"scroll","background-type":"","background-media":"","overlay-type":"","overlay-color":"","overlay-opacity":"","overlay-gradient":""}}},"product_brand":[],"product_cat":[175],"product_tag":[],"class_list":{"0":"post-23114","1":"product","2":"type-product","3":"status-publish","4":"has-post-thumbnail","6":"product_cat-cleaning-products","7":"desktop-align-left","8":"tablet-align-left","9":"mobile-align-left","11":"first","12":"instock","13":"sale","14":"taxable","15":"shipping-taxable","16":"purchasable","17":"product-type-variable","18":"has-default-attributes"},"spectra_custom_meta":{"_visibility":["visible"],"_shopify_product_id":["9101874168053"],"_s2w_shopify_domain":["ferberpainting.myshopify.com"],"_shopify_variant_id":["46614035169525"],"_sku":[""],"_manage_stock":["no"],"total_sales":["198"],"_tax_status":["taxable"],"_tax_class":[""],"_backorders":["no"],"_sold_individually":["no"],"_virtual":["no"],"_downloadable":["no"],"_download_limit":["-1"],"_download_expiry":["-1"],"_stock":[null],"_stock_status":["instock"],"_wc_average_rating":["5.00"],"_wc_review_count":["10"],"_product_attributes":["a:1:{s:6:\"volume\";a:6:{s:4:\"name\";s:6:\"Volume\";s:5:\"value\";s:20:\"5 liters | 25 liters\";s:8:\"position\";i:1;s:10:\"is_visible\";i:0;s:12:\"is_variation\";i:1;s:11:\"is_taxonomy\";i:0;}}"],"_product_version":["10.5.1"],"wpse_downloadable_file_names":[""],"wpse_downloadable_file_urls":[""],"_edit_last":["1"],"_default_attributes":["a:1:{s:6:\"volume\";s:8:\"5 liters\";}"],"_edit_lock":["1771157833:1"],"_price":["29.90","129.90"],"merchant-center-availability":["yes"],"merchant-center-category":["7504"],"_thumbnail_id":["36565"],"_wp_page_template":["default"],"_wp_old_date":["2025-05-26"],"_product_image_gallery":["36566"],"site-sidebar-layout":["default"],"ast-site-content-layout":["default"],"site-content-style":["default"],"site-sidebar-style":["default"],"theme-transparent-header-meta":["default"],"_wc_rating_count":["a:1:{i:5;i:10;}"],"astra-migrate-meta-layouts":["set"],"_uag_css_file_name":["uag-css-23114.css"],"_elementor_page_assets":["a:0:{}"],"_uag_page_assets":["a:9:{s:3:\"css\";s:7133:\".uag-blocks-common-selector{z-index:var(--z-index-desktop) !important}@media(max-width: 976px){.uag-blocks-common-selector{z-index:var(--z-index-tablet) !important}}@media(max-width: 767px){.uag-blocks-common-selector{z-index:var(--z-index-mobile) !important}}.wp-block-uagb-image{display:flex}.wp-block-uagb-image__figure{position:relative;display:flex;flex-direction:column;max-width:100%;height:auto;margin:0}.wp-block-uagb-image__figure img{height:auto;display:flex;max-width:100%;transition:box-shadow .2s ease}.wp-block-uagb-image__figure>a{display:inline-block}.wp-block-uagb-image__figure figcaption{text-align:center;margin-top:.5em;margin-bottom:1em}.wp-block-uagb-image .components-placeholder.block-editor-media-placeholder .components-placeholder__instructions{align-self:center}.wp-block-uagb-image--align-left{text-align:left}.wp-block-uagb-image--align-right{text-align:right}.wp-block-uagb-image--align-center{text-align:center}.wp-block-uagb-image--align-full .wp-block-uagb-image__figure{margin-left:calc(50% - 50vw);margin-right:calc(50% - 50vw);max-width:100vw;width:100vw;height:auto}.wp-block-uagb-image--align-full .wp-block-uagb-image__figure img{height:auto;width:100% !important}.wp-block-uagb-image--align-wide .wp-block-uagb-image__figure img{height:auto;width:100%}.wp-block-uagb-image--layout-overlay__color-wrapper{position:absolute;left:0;top:0;right:0;bottom:0;opacity:.2;background:rgba(0,0,0,.5);transition:opacity .35s ease-in-out}.wp-block-uagb-image--layout-overlay-link{position:absolute;left:0;right:0;bottom:0;top:0}.wp-block-uagb-image--layout-overlay .wp-block-uagb-image__figure:hover .wp-block-uagb-image--layout-overlay__color-wrapper{opacity:1}.wp-block-uagb-image--layout-overlay__inner{position:absolute;left:15px;right:15px;bottom:15px;top:15px;display:flex;align-items:center;justify-content:center;flex-direction:column;border-color:#fff;transition:.35s ease-in-out}.wp-block-uagb-image--layout-overlay__inner.top-left,.wp-block-uagb-image--layout-overlay__inner.top-center,.wp-block-uagb-image--layout-overlay__inner.top-right{justify-content:flex-start}.wp-block-uagb-image--layout-overlay__inner.bottom-left,.wp-block-uagb-image--layout-overlay__inner.bottom-center,.wp-block-uagb-image--layout-overlay__inner.bottom-right{justify-content:flex-end}.wp-block-uagb-image--layout-overlay__inner.top-left,.wp-block-uagb-image--layout-overlay__inner.center-left,.wp-block-uagb-image--layout-overlay__inner.bottom-left{align-items:flex-start}.wp-block-uagb-image--layout-overlay__inner.top-right,.wp-block-uagb-image--layout-overlay__inner.center-right,.wp-block-uagb-image--layout-overlay__inner.bottom-right{align-items:flex-end}.wp-block-uagb-image--layout-overlay__inner .uagb-image-heading{color:#fff;transition:transform .35s,opacity .35s ease-in-out;transform:translate3d(0, 24px, 0);margin:0;line-height:1em}.wp-block-uagb-image--layout-overlay__inner .uagb-image-separator{width:30%;border-top-width:2px;border-top-color:#fff;border-top-style:solid;margin-bottom:10px;opacity:0;transition:transform .4s,opacity .4s ease-in-out;transform:translate3d(0, 30px, 0)}.wp-block-uagb-image--layout-overlay__inner .uagb-image-caption{opacity:0;overflow:visible;color:#fff;transition:transform .45s,opacity .45s ease-in-out;transform:translate3d(0, 35px, 0)}.wp-block-uagb-image--layout-overlay__inner:hover .uagb-image-heading,.wp-block-uagb-image--layout-overlay__inner:hover .uagb-image-separator,.wp-block-uagb-image--layout-overlay__inner:hover .uagb-image-caption{opacity:1;transform:translate3d(0, 0, 0)}.wp-block-uagb-image--effect-zoomin .wp-block-uagb-image__figure img,.wp-block-uagb-image--effect-zoomin .wp-block-uagb-image__figure .wp-block-uagb-image--layout-overlay__color-wrapper{transform:scale(1);transition:transform .35s ease-in-out}.wp-block-uagb-image--effect-zoomin .wp-block-uagb-image__figure:hover img,.wp-block-uagb-image--effect-zoomin .wp-block-uagb-image__figure:hover .wp-block-uagb-image--layout-overlay__color-wrapper{transform:scale(1.05)}.wp-block-uagb-image--effect-slide .wp-block-uagb-image__figure img,.wp-block-uagb-image--effect-slide .wp-block-uagb-image__figure .wp-block-uagb-image--layout-overlay__color-wrapper{width:calc(100% + 40px) !important;max-width:none !important;transform:translate3d(-40px, 0, 0);transition:transform .35s ease-in-out}.wp-block-uagb-image--effect-slide .wp-block-uagb-image__figure:hover img,.wp-block-uagb-image--effect-slide .wp-block-uagb-image__figure:hover .wp-block-uagb-image--layout-overlay__color-wrapper{transform:translate3d(0, 0, 0)}.wp-block-uagb-image--effect-grayscale img{filter:grayscale(0%);transition:.35s ease-in-out}.wp-block-uagb-image--effect-grayscale:hover img{filter:grayscale(100%)}.wp-block-uagb-image--effect-blur img{filter:blur(0);transition:.35s ease-in-out}.wp-block-uagb-image--effect-blur:hover img{filter:blur(3px)}.uagb-block-e6f939b3.wp-block-uagb-image--layout-default figure img{box-shadow: 0px 0px 0 #00000070;}.uagb-block-e6f939b3.wp-block-uagb-image .wp-block-uagb-image__figure figcaption{font-style: normal;align-self: center;}.uagb-block-e6f939b3.wp-block-uagb-image--layout-overlay figure img{box-shadow: 0px 0px 0 #00000070;}.uagb-block-e6f939b3.wp-block-uagb-image--layout-overlay .wp-block-uagb-image--layout-overlay__color-wrapper{opacity: 0.2;}.uagb-block-e6f939b3.wp-block-uagb-image--layout-overlay .wp-block-uagb-image--layout-overlay__inner{left: 15px;right: 15px;top: 15px;bottom: 15px;}.uagb-block-e6f939b3.wp-block-uagb-image--layout-overlay .wp-block-uagb-image--layout-overlay__inner .uagb-image-heading{font-style: normal;color: #fff;opacity: 1;}.uagb-block-e6f939b3.wp-block-uagb-image--layout-overlay .wp-block-uagb-image--layout-overlay__inner .uagb-image-heading a{color: #fff;}.uagb-block-e6f939b3.wp-block-uagb-image--layout-overlay .wp-block-uagb-image--layout-overlay__inner .uagb-image-caption{opacity: 0;}.uagb-block-e6f939b3.wp-block-uagb-image--layout-overlay .wp-block-uagb-image__figure:hover .wp-block-uagb-image--layout-overlay__color-wrapper{opacity: 1;}.uagb-block-e6f939b3.wp-block-uagb-image .wp-block-uagb-image--layout-overlay__inner .uagb-image-separator{width: 30%;border-top-width: 2px;border-top-color: #fff;opacity: 0;}.uagb-block-e6f939b3.wp-block-uagb-image .wp-block-uagb-image__figure img{width: px;height: auto;}.uagb-block-e6f939b3.wp-block-uagb-image .wp-block-uagb-image__figure:hover .wp-block-uagb-image--layout-overlay__inner .uagb-image-caption{opacity: 1;}.uagb-block-e6f939b3.wp-block-uagb-image .wp-block-uagb-image__figure:hover .wp-block-uagb-image--layout-overlay__inner .uagb-image-separator{opacity: 1;}.uagb-block-e6f939b3.wp-block-uagb-image--layout-default figure:hover img{box-shadow: 0px 0px 0 #00000070;}.uagb-block-e6f939b3.wp-block-uagb-image--layout-overlay figure:hover img{box-shadow: 0px 0px 0 #00000070;}@media only screen and (max-width: 976px) {.uagb-block-e6f939b3.wp-block-uagb-image .wp-block-uagb-image__figure img{width: px;height: auto;}}@media only screen and (max-width: 767px) {.uagb-block-e6f939b3.wp-block-uagb-image .wp-block-uagb-image__figure img{width: px;height: auto;}}\";s:2:\"js\";s:0:\"\";s:18:\"current_block_list\";a:13:{i:0;s:11:\"core\/search\";i:1;s:10:\"core\/group\";i:2;s:12:\"core\/heading\";i:3;s:17:\"core\/latest-posts\";i:4;s:20:\"core\/latest-comments\";i:5;s:13:\"core\/archives\";i:6;s:15:\"core\/categories\";i:7;s:14:\"core\/paragraph\";i:8;s:10:\"uagb\/image\";i:9;s:11:\"core\/spacer\";i:10;s:30:\"woocommerce\/product-categories\";i:11;s:10:\"core\/image\";i:12;s:14:\"core\/shortcode\";}s:8:\"uag_flag\";b:1;s:11:\"uag_version\";s:10:\"1777196111\";s:6:\"gfonts\";a:0:{}s:10:\"gfonts_url\";s:0:\"\";s:12:\"gfonts_files\";a:0:{}s:14:\"uag_faq_layout\";b:0;}"]},"uagb_featured_image_src":{"full":["https:\/\/www.ferberpainting.com\/wp-content\/uploads\/2025\/05\/Brick-Cleaner-5L-Mockup-.png",2560,2560,false],"thumbnail":["https:\/\/www.ferberpainting.com\/wp-content\/uploads\/2025\/05\/Brick-Cleaner-5L-Mockup--150x150.png",150,150,true],"medium":["https:\/\/www.ferberpainting.com\/wp-content\/uploads\/2025\/05\/Brick-Cleaner-5L-Mockup--300x300.png",300,300,true],"medium_large":["https:\/\/www.ferberpainting.com\/wp-content\/uploads\/2025\/05\/Brick-Cleaner-5L-Mockup--768x768.png",768,768,true],"large":["https:\/\/www.ferberpainting.com\/wp-content\/uploads\/2025\/05\/Brick-Cleaner-5L-Mockup--1024x1024.png",1024,1024,true],"1536x1536":["https:\/\/www.ferberpainting.com\/wp-content\/uploads\/2025\/05\/Brick-Cleaner-5L-Mockup--1536x1536.png",1536,1536,true],"2048x2048":["https:\/\/www.ferberpainting.com\/wp-content\/uploads\/2025\/05\/Brick-Cleaner-5L-Mockup--2048x2048.png",2048,2048,true],"trp-custom-language-flag":["https:\/\/www.ferberpainting.com\/wp-content\/uploads\/2025\/05\/Brick-Cleaner-5L-Mockup--12x12.png",12,12,true],"woocommerce_thumbnail":["https:\/\/www.ferberpainting.com\/wp-content\/uploads\/2025\/05\/Brick-Cleaner-5L-Mockup--300x300.png",300,300,true],"woocommerce_single":["https:\/\/www.ferberpainting.com\/wp-content\/uploads\/2025\/05\/Brick-Cleaner-5L-Mockup--600x600.png",600,600,true],"woocommerce_gallery_thumbnail":["https:\/\/www.ferberpainting.com\/wp-content\/uploads\/2025\/05\/Brick-Cleaner-5L-Mockup--100x100.png",100,100,true]},"uagb_author_info":{"display_name":"admin","author_link":"https:\/\/www.ferberpainting.com\/ro\/author\/"},"uagb_comment_info":10,"uagb_excerpt":"Optimal Effectiveness.\u00a0This brick cleaner is specially formulated to eliminate dirt deposits, pollution marks, cement residues, lime stains, and embedded mold. Its powerful formula penetrates deep into the pores of the brick to dissolve impurities and restore surfaces to their original shine without altering or damaging them. Money-back guarantee.\u00a0We are confident in the efficacy of our&hellip;","_links":{"self":[{"href":"https:\/\/www.ferberpainting.com\/ro\/wp-json\/wp\/v2\/product\/23114","targetHints":{"allow":["GET"]}}],"collection":[{"href":"https:\/\/www.ferberpainting.com\/ro\/wp-json\/wp\/v2\/product"}],"about":[{"href":"https:\/\/www.ferberpainting.com\/ro\/wp-json\/wp\/v2\/types\/product"}],"replies":[{"embeddable":true,"href":"https:\/\/www.ferberpainting.com\/ro\/wp-json\/wp\/v2\/comments?post=23114"}],"version-history":[{"count":5,"href":"https:\/\/www.ferberpainting.com\/ro\/wp-json\/wp\/v2\/product\/23114\/revisions"}],"predecessor-version":[{"id":166051,"href":"https:\/\/www.ferberpainting.com\/ro\/wp-json\/wp\/v2\/product\/23114\/revisions\/166051"}],"wp:featuredmedia":[{"embeddable":true,"href":"https:\/\/www.ferberpainting.com\/ro\/wp-json\/wp\/v2\/media\/36565"}],"wp:attachment":[{"href":"https:\/\/www.ferberpainting.com\/ro\/wp-json\/wp\/v2\/media?parent=23114"}],"wp:term":[{"taxonomy":"product_brand","embeddable":true,"href":"https:\/\/www.ferberpainting.com\/ro\/wp-json\/wp\/v2\/product_brand?post=23114"},{"taxonomy":"product_cat","embeddable":true,"href":"https:\/\/www.ferberpainting.com\/ro\/wp-json\/wp\/v2\/product_cat?post=23114"},{"taxonomy":"product_tag","embeddable":true,"href":"https:\/\/www.ferberpainting.com\/ro\/wp-json\/wp\/v2\/product_tag?post=23114"}],"curies":[{"name":"wp","href":"https:\/\/api.w.org\/{rel}","templated":true}]}}