{"id":23073,"date":"2025-05-26T10:22:31","date_gmt":"2025-05-26T08:22:31","guid":{"rendered":"https:\/\/www.ferberpainting.com\/products\/asphalt-crack-filler\/"},"modified":"2026-02-24T17:52:39","modified_gmt":"2026-02-24T16:52:39","slug":"asphalt-crack-filler","status":"publish","type":"product","link":"https:\/\/www.ferberpainting.com\/ro\/products\/asphalt-crack-filler\/","title":{"rendered":"Umplutur\u0103 fisuri asfalt"},"content":{"rendered":"<p><img decoding=\"async\" style=\"margin-right: 12px;\" src=\"https:\/\/www.ferberpainting.com\/wp-content\/uploads\/2026\/02\/Check.svg\" alt=\"\" width=\"18\" height=\"15\" \/><strong>Repara\u021bi rapid \u0219i permanent fisurile din asfalt cu ajutorul tehnologiei de asfalt la rece, gata de utilizare.<\/strong> Fillerul nostru pentru fisuri din asfalt este o solu\u021bie de asfalt la rece de \u00eenalt\u0103 performan\u021b\u0103, conceput\u0103 pentru a repara fisurile, g\u0103urile \u0219i deteriorarea suprafe\u021belor f\u0103r\u0103 a fi nevoie de \u00eenc\u0103lzire sau de echipamente specializate. Este gata de utilizare direct din ambalaj, permi\u021b\u00e2ndu-v\u0103 s\u0103 reface\u021bi rapid \u0219i eficient suprafe\u021bele de asfalt deteriorate. Fie c\u0103 este vorba de alei, parc\u0103ri, drumuri sau poteci, aceast\u0103 solu\u021bie de umplere cu asfalt la rece ofer\u0103 rezultate durabile \u0219i profesionale cu un efort minim.<\/p>\n<p><strong><img decoding=\"async\" style=\"margin-right: 12px;\" src=\"https:\/\/www.ferberpainting.com\/wp-content\/uploads\/2026\/02\/Check.svg\" alt=\"\" width=\"18\" height=\"15\" \/>Cea mai eficient\u0103 solu\u021bie disponibil\u0103 pentru repararea la rece a fisurilor din asfalt.<\/strong> Conceput\u0103 pentru aderen\u021b\u0103 maxim\u0103 \u0219i performan\u021b\u0103 pe termen lung, formula noastr\u0103 penetreaz\u0103 fisurile \u0219i se leag\u0103 puternic de suprafe\u021bele de asfalt existente. Se compacteaz\u0103 u\u0219or \u0219i formeaz\u0103 o repara\u021bie solid\u0103, rezistent\u0103 la intemperii, care rezist\u0103 la traficul de vehicule \u0219i la stresul mediului. \u00cen compara\u021bie cu compu\u0219ii de reparare temporar\u0103, acest produs ofer\u0103 durabilitate \u0219i stabilitate structural\u0103 superioare.<\/p>\n<p><strong><img decoding=\"async\" style=\"margin-right: 12px;\" src=\"https:\/\/www.ferberpainting.com\/wp-content\/uploads\/2026\/02\/Check.svg\" alt=\"\" width=\"18\" height=\"15\" \/>Garan\u021bie de restituire a banilor pentru o lini\u0219te sufleteasc\u0103 total\u0103.<\/strong> Suntem \u00eencrez\u0103tori \u00een fiabilitatea \u0219i eficien\u021ba produsului nostru de umplere a fisurilor din asfalt. Dac\u0103 nu sunte\u021bi complet mul\u021bumit de rezultate, v\u0103 oferim o rambursare complet\u0103. Garan\u021bia noastr\u0103 de returnare a banilor asigur\u0103 faptul c\u0103 achizi\u021bia dvs. este complet lipsit\u0103 de riscuri \u0219i demonstreaz\u0103 angajamentul nostru de a oferi performan\u021be de nivel profesional.<\/p>\n<p><strong><img decoding=\"async\" style=\"margin-right: 12px;\" src=\"https:\/\/www.ferberpainting.com\/wp-content\/uploads\/2026\/02\/Check.svg\" alt=\"\" width=\"18\" height=\"15\" \/>Cea mai ieftin\u0103 solu\u021bie profesional\u0103 de asfalt la rece de pe pia\u021b\u0103.<\/strong> Repara\u021biile la asfalt nu trebuie s\u0103 fie costisitoare sau s\u0103 necesite contractori costisitori. Umplutura noastr\u0103 de asfalt la rece ofer\u0103 o calitate excep\u021bional\u0103 la cel mai competitiv pre\u021b disponibil. V\u0103 permite s\u0103 efectua\u021bi singuri repara\u021bii durabile, economisind \u00een acela\u0219i timp semnificativ \u00een compara\u021bie cu serviciile profesionale de refacere a suprafe\u021bei sau de asfalt la cald.<\/p>\n<p><strong><img decoding=\"async\" style=\"margin-right: 12px;\" src=\"https:\/\/www.ferberpainting.com\/wp-content\/uploads\/2026\/02\/Check.svg\" alt=\"\" width=\"18\" height=\"15\" \/>Livrare rapid\u0103 \u00een 24 de ore pentru repara\u021bii urgente.<\/strong> Fisurile de suprafa\u021b\u0103 se pot agrava rapid dac\u0103 sunt l\u0103sate netratate. Acesta este motivul pentru care oferim livrare fiabil\u0103 \u00een 24 de ore, asigur\u00e2ndu-v\u0103 c\u0103 primi\u021bi rapid umplutura de asfalt rece \u0219i c\u0103 pute\u021bi aborda daunele \u00eenainte ca acestea s\u0103 se extind\u0103. Livrarea rapid\u0103 ajut\u0103 la prevenirea deterior\u0103rii ulterioare \u0219i a repara\u021biilor costisitoare.<\/p>\n<p><strong><img decoding=\"async\" style=\"margin-right: 12px;\" src=\"https:\/\/www.ferberpainting.com\/wp-content\/uploads\/2026\/02\/Check.svg\" alt=\"\" width=\"18\" height=\"15\" \/>Nu necesit\u0103 \u00eenc\u0103lzire pentru o utilizare sigur\u0103 \u0219i simpl\u0103.<\/strong> Spre deosebire de asfaltul cald tradi\u021bional, aceast\u0103 solu\u021bie de asfalt rece nu necesit\u0103 arz\u0103toare, cazane sau echipamente specializate de \u00eenc\u0103lzire. Aceasta poate fi aplicat\u0103 direct la temperatura ambiant\u0103, reduc\u00e2nd semnificativ riscurile de siguran\u021b\u0103 \u0219i simplific\u00e2nd procesul de repara\u021bie. Acest lucru o face ideal\u0103 pentru proprietarii de locuin\u021be, echipele de \u00eentre\u021binere \u0219i antreprenori deopotriv\u0103.<\/p>\n<p><strong><img decoding=\"async\" style=\"margin-right: 12px;\" src=\"https:\/\/www.ferberpainting.com\/wp-content\/uploads\/2026\/02\/Check.svg\" alt=\"\" width=\"18\" height=\"15\" \/>Finisaj rezistent la intemperii \u0219i durabil.<\/strong> Odat\u0103 compactat, materialul de umplutur\u0103 formeaz\u0103 un strat de repara\u021bie rezistent care rezist\u0103 la ploaie, la infiltrarea umidit\u0103\u021bii \u0219i la fluctua\u021biile de temperatur\u0103. P\u0103streaz\u0103 flexibilitatea \u00een timp ce ofer\u0103 rezisten\u021b\u0103, ajut\u00e2nd la prevenirea p\u0103trunderii apei care ar putea provoca fisuri suplimentare sau daune structurale.<\/p>\n<p><strong><img decoding=\"async\" style=\"margin-right: 12px;\" src=\"https:\/\/www.ferberpainting.com\/wp-content\/uploads\/2026\/02\/Check.svg\" alt=\"\" width=\"18\" height=\"15\" \/>Potrivit pentru mai multe suprafe\u021be de asfalt.<\/strong> Aceast\u0103 umplutur\u0103 de asfalt la rece este ideal\u0103 pentru repararea cr\u0103p\u0103turilor, a gropilor \u0219i a defectelor de suprafa\u021b\u0103 pe alei, parc\u0103ri, drumuri private, trotuare \u0219i cur\u021bi industriale. Versatilitatea sa \u00eel face potrivit at\u00e2t pentru aplica\u021bii reziden\u021biale, c\u00e2t \u0219i comerciale.<\/p>\n<p><strong><img decoding=\"async\" style=\"margin-right: 12px;\" src=\"https:\/\/www.ferberpainting.com\/wp-content\/uploads\/2026\/02\/Check.svg\" alt=\"\" width=\"18\" height=\"15\" \/>Aderen\u021b\u0103 puternic\u0103 \u0219i suport structural pe termen lung.<\/strong> Propriet\u0103\u021bile avansate de legare asigur\u0103 o integrare puternic\u0103 cu asfaltul existent. Repara\u021biile compactate corespunz\u0103tor pot rezista la sarcinile vehiculelor \u0219i la uzura zilnic\u0103, restabilind stabilitatea suprafe\u021bei \u0219i \u00eembun\u0103t\u0103\u021bind siguran\u021ba prin eliminarea pericolelor de \u00eempiedicare \u0219i a zonelor denivelate.<\/p>\n<h2><strong>Instruc\u021biuni<\/strong><\/h2>\n<ul>\n<li>\u00cenainte de aplicare, asigura\u021bi-v\u0103 c\u0103 zona deteriorat\u0103 este curat\u0103 \u0219i lipsit\u0103 de resturi libere, praf, ap\u0103 st\u0103t\u0103toare sau vegeta\u021bie.<\/li>\n<li>\u00cendep\u0103rta\u021bi fragmentele libere de asfalt folosind o perie sau aer comprimat pentru a crea o baz\u0103 de repara\u021bie stabil\u0103.<\/li>\n<li>Pentru fisuri sau g\u0103uri mai ad\u00e2nci, asigura\u021bi-v\u0103 c\u0103 zona este uscat\u0103 \u0219i structural solid\u0103 \u00eenainte de umplere.<\/li>\n<li>Se toarn\u0103 sau se pune umplutura de asfalt rece direct \u00een fisur\u0103 sau \u00een sec\u021biunea deteriorat\u0103.<\/li>\n<li>Umple\u021bi u\u0219or zona de repara\u021bie pentru a permite compactarea \u0219i a\u0219ezarea corespunz\u0103toare.<\/li>\n<li>Compacta\u021bi bine materialul folosind un tampon manual, o rol\u0103 sau suprafa\u021ba plat\u0103 a unei unelte adecvate p\u00e2n\u0103 c\u00e2nd suprafa\u021ba este nivelat\u0103 \u0219i bine compactat\u0103.<\/li>\n<li>Pentru zonele accesibile vehiculelor, se poate ob\u021bine o compactare suplimentar\u0103 permi\u021b\u00e2nd trecerea unui trafic u\u0219or peste repara\u021bie odat\u0103 ce stabilizarea ini\u021bial\u0103 a fost ob\u021binut\u0103.<\/li>\n<li>De obicei, repara\u021bia poate fi deschis\u0103 circula\u021biei la scurt timp dup\u0103 compactare, \u00een func\u021bie de condi\u021biile de mediu \u0219i de ad\u00e2ncimea de aplicare.<\/li>\n<li>Evita\u021bi aplicarea \u00een timpul ploii abundente sau c\u00e2nd substratul este excesiv de umed pentru a asigura o aderen\u021b\u0103 corespunz\u0103toare.<\/li>\n<li>Depozita\u021bi materialul neutilizat \u00eentr-un recipient sigilat, \u00eentr-un loc r\u0103coros \u0219i uscat, pentru a men\u021bine calitatea produsului.<\/li>\n<\/ul>\n<p>&nbsp;<\/p>","protected":false},"excerpt":{"rendered":"<p>Repair asphalt cracks quickly and permanently with ready-to-use cold asphalt technology. Our asphalt crack filler is a high-performance cold asphalt solution designed to repair cracks, holes, and surface damage without the need for heating or specialized equipment. It is ready to use straight from the packaging, allowing you to restore damaged asphalt surfaces rapidly and [&hellip;]<\/p>\n","protected":false},"featured_media":164718,"comment_status":"open","ping_status":"closed","template":"","meta":{"_uag_custom_page_level_css":"","site-sidebar-layout":"default","site-content-layout":"","ast-site-content-layout":"default","site-content-style":"default","site-sidebar-style":"default","ast-global-header-display":"","ast-banner-title-visibility":"","ast-main-header-display":"","ast-hfb-above-header-display":"","ast-hfb-below-header-display":"","ast-hfb-mobile-header-display":"","site-post-title":"","ast-breadcrumbs-content":"","ast-featured-img":"","footer-sml-layout":"","ast-disable-related-posts":"","theme-transparent-header-meta":"default","adv-header-id-meta":"","stick-header-meta":"","header-above-stick-meta":"","header-main-stick-meta":"","header-below-stick-meta":"","astra-migrate-meta-layouts":"set","ast-page-background-enabled":"default","ast-page-background-meta":{"desktop":{"background-color":"var(--ast-global-color-4)","background-image":"","background-repeat":"repeat","background-position":"center center","background-size":"auto","background-attachment":"scroll","background-type":"","background-media":"","overlay-type":"","overlay-color":"","overlay-opacity":"","overlay-gradient":""},"tablet":{"background-color":"","background-image":"","background-repeat":"repeat","background-position":"center center","background-size":"auto","background-attachment":"scroll","background-type":"","background-media":"","overlay-type":"","overlay-color":"","overlay-opacity":"","overlay-gradient":""},"mobile":{"background-color":"","background-image":"","background-repeat":"repeat","background-position":"center center","background-size":"auto","background-attachment":"scroll","background-type":"","background-media":"","overlay-type":"","overlay-color":"","overlay-opacity":"","overlay-gradient":""}},"ast-content-background-meta":{"desktop":{"background-color":"var(--ast-global-color-5)","background-image":"","background-repeat":"repeat","background-position":"center center","background-size":"auto","background-attachment":"scroll","background-type":"","background-media":"","overlay-type":"","overlay-color":"","overlay-opacity":"","overlay-gradient":""},"tablet":{"background-color":"var(--ast-global-color-5)","background-image":"","background-repeat":"repeat","background-position":"center center","background-size":"auto","background-attachment":"scroll","background-type":"","background-media":"","overlay-type":"","overlay-color":"","overlay-opacity":"","overlay-gradient":""},"mobile":{"background-color":"var(--ast-global-color-5)","background-image":"","background-repeat":"repeat","background-position":"center center","background-size":"auto","background-attachment":"scroll","background-type":"","background-media":"","overlay-type":"","overlay-color":"","overlay-opacity":"","overlay-gradient":""}}},"product_brand":[],"product_cat":[176],"product_tag":[],"class_list":{"0":"post-23073","1":"product","2":"type-product","3":"status-publish","4":"has-post-thumbnail","6":"product_cat-concrete-treatment","7":"desktop-align-left","8":"tablet-align-left","9":"mobile-align-left","11":"first","12":"instock","13":"sale","14":"shipping-taxable","15":"purchasable","16":"product-type-variable","17":"has-default-attributes"},"spectra_custom_meta":{"_visibility":["visible"],"_shopify_product_id":["7955512983797"],"_s2w_shopify_domain":["ferberpainting.myshopify.com"],"_shopify_variant_id":["43515612201205"],"_manage_stock":["no"],"total_sales":["440"],"_tax_status":["taxable"],"_tax_class":[""],"_backorders":["no"],"_sold_individually":["no"],"_virtual":["no"],"_downloadable":["no"],"_download_limit":["-1"],"_download_expiry":["-1"],"_stock":[null],"_stock_status":["instock"],"_wc_average_rating":["4.82"],"_wc_review_count":["65"],"_product_attributes":["a:1:{s:6:\"volume\";a:6:{s:4:\"name\";s:6:\"Volume\";s:5:\"value\";s:13:\"10 kg | 40 kg\";s:8:\"position\";i:1;s:10:\"is_visible\";i:0;s:12:\"is_variation\";i:1;s:11:\"is_taxonomy\";i:0;}}"],"_product_version":["10.5.2"],"_thumbnail_id":["164718"],"_product_image_gallery":["164719"],"_edit_lock":["1774563777:1317"],"merchant-center-availability":["yes"],"merchant-center-category":["505802"],"merchant-center-id":["ACF"],"_edit_last":["1"],"_wp_page_template":["default"],"site-sidebar-layout":["default"],"ast-site-content-layout":["default"],"site-content-style":["default"],"site-sidebar-style":["default"],"theme-transparent-header-meta":["default"],"_wc_rating_count":["a:3:{i:3;i:2;i:4;i:8;i:5;i:55;}"],"_default_attributes":["a:1:{s:6:\"volume\";s:5:\"10 kg\";}"],"_price":["49.90","199.90"],"_sku":["FPASPHALTCRACKFILLER"],"astra-migrate-meta-layouts":["set"],"_uag_css_file_name":["uag-css-23073.css"],"_elementor_page_assets":["a:0:{}"],"_uag_page_assets":["a:9:{s:3:\"css\";s:7133:\".uag-blocks-common-selector{z-index:var(--z-index-desktop) !important}@media(max-width: 976px){.uag-blocks-common-selector{z-index:var(--z-index-tablet) !important}}@media(max-width: 767px){.uag-blocks-common-selector{z-index:var(--z-index-mobile) !important}}.wp-block-uagb-image{display:flex}.wp-block-uagb-image__figure{position:relative;display:flex;flex-direction:column;max-width:100%;height:auto;margin:0}.wp-block-uagb-image__figure img{height:auto;display:flex;max-width:100%;transition:box-shadow .2s ease}.wp-block-uagb-image__figure>a{display:inline-block}.wp-block-uagb-image__figure figcaption{text-align:center;margin-top:.5em;margin-bottom:1em}.wp-block-uagb-image .components-placeholder.block-editor-media-placeholder .components-placeholder__instructions{align-self:center}.wp-block-uagb-image--align-left{text-align:left}.wp-block-uagb-image--align-right{text-align:right}.wp-block-uagb-image--align-center{text-align:center}.wp-block-uagb-image--align-full .wp-block-uagb-image__figure{margin-left:calc(50% - 50vw);margin-right:calc(50% - 50vw);max-width:100vw;width:100vw;height:auto}.wp-block-uagb-image--align-full .wp-block-uagb-image__figure img{height:auto;width:100% !important}.wp-block-uagb-image--align-wide .wp-block-uagb-image__figure img{height:auto;width:100%}.wp-block-uagb-image--layout-overlay__color-wrapper{position:absolute;left:0;top:0;right:0;bottom:0;opacity:.2;background:rgba(0,0,0,.5);transition:opacity .35s ease-in-out}.wp-block-uagb-image--layout-overlay-link{position:absolute;left:0;right:0;bottom:0;top:0}.wp-block-uagb-image--layout-overlay .wp-block-uagb-image__figure:hover .wp-block-uagb-image--layout-overlay__color-wrapper{opacity:1}.wp-block-uagb-image--layout-overlay__inner{position:absolute;left:15px;right:15px;bottom:15px;top:15px;display:flex;align-items:center;justify-content:center;flex-direction:column;border-color:#fff;transition:.35s ease-in-out}.wp-block-uagb-image--layout-overlay__inner.top-left,.wp-block-uagb-image--layout-overlay__inner.top-center,.wp-block-uagb-image--layout-overlay__inner.top-right{justify-content:flex-start}.wp-block-uagb-image--layout-overlay__inner.bottom-left,.wp-block-uagb-image--layout-overlay__inner.bottom-center,.wp-block-uagb-image--layout-overlay__inner.bottom-right{justify-content:flex-end}.wp-block-uagb-image--layout-overlay__inner.top-left,.wp-block-uagb-image--layout-overlay__inner.center-left,.wp-block-uagb-image--layout-overlay__inner.bottom-left{align-items:flex-start}.wp-block-uagb-image--layout-overlay__inner.top-right,.wp-block-uagb-image--layout-overlay__inner.center-right,.wp-block-uagb-image--layout-overlay__inner.bottom-right{align-items:flex-end}.wp-block-uagb-image--layout-overlay__inner .uagb-image-heading{color:#fff;transition:transform .35s,opacity .35s ease-in-out;transform:translate3d(0, 24px, 0);margin:0;line-height:1em}.wp-block-uagb-image--layout-overlay__inner .uagb-image-separator{width:30%;border-top-width:2px;border-top-color:#fff;border-top-style:solid;margin-bottom:10px;opacity:0;transition:transform .4s,opacity .4s ease-in-out;transform:translate3d(0, 30px, 0)}.wp-block-uagb-image--layout-overlay__inner .uagb-image-caption{opacity:0;overflow:visible;color:#fff;transition:transform .45s,opacity .45s ease-in-out;transform:translate3d(0, 35px, 0)}.wp-block-uagb-image--layout-overlay__inner:hover .uagb-image-heading,.wp-block-uagb-image--layout-overlay__inner:hover .uagb-image-separator,.wp-block-uagb-image--layout-overlay__inner:hover .uagb-image-caption{opacity:1;transform:translate3d(0, 0, 0)}.wp-block-uagb-image--effect-zoomin .wp-block-uagb-image__figure img,.wp-block-uagb-image--effect-zoomin .wp-block-uagb-image__figure .wp-block-uagb-image--layout-overlay__color-wrapper{transform:scale(1);transition:transform .35s ease-in-out}.wp-block-uagb-image--effect-zoomin .wp-block-uagb-image__figure:hover img,.wp-block-uagb-image--effect-zoomin .wp-block-uagb-image__figure:hover .wp-block-uagb-image--layout-overlay__color-wrapper{transform:scale(1.05)}.wp-block-uagb-image--effect-slide .wp-block-uagb-image__figure img,.wp-block-uagb-image--effect-slide .wp-block-uagb-image__figure .wp-block-uagb-image--layout-overlay__color-wrapper{width:calc(100% + 40px) !important;max-width:none !important;transform:translate3d(-40px, 0, 0);transition:transform .35s ease-in-out}.wp-block-uagb-image--effect-slide .wp-block-uagb-image__figure:hover img,.wp-block-uagb-image--effect-slide .wp-block-uagb-image__figure:hover .wp-block-uagb-image--layout-overlay__color-wrapper{transform:translate3d(0, 0, 0)}.wp-block-uagb-image--effect-grayscale img{filter:grayscale(0%);transition:.35s ease-in-out}.wp-block-uagb-image--effect-grayscale:hover img{filter:grayscale(100%)}.wp-block-uagb-image--effect-blur img{filter:blur(0);transition:.35s ease-in-out}.wp-block-uagb-image--effect-blur:hover img{filter:blur(3px)}.uagb-block-e6f939b3.wp-block-uagb-image--layout-default figure img{box-shadow: 0px 0px 0 #00000070;}.uagb-block-e6f939b3.wp-block-uagb-image .wp-block-uagb-image__figure figcaption{font-style: normal;align-self: center;}.uagb-block-e6f939b3.wp-block-uagb-image--layout-overlay figure img{box-shadow: 0px 0px 0 #00000070;}.uagb-block-e6f939b3.wp-block-uagb-image--layout-overlay .wp-block-uagb-image--layout-overlay__color-wrapper{opacity: 0.2;}.uagb-block-e6f939b3.wp-block-uagb-image--layout-overlay .wp-block-uagb-image--layout-overlay__inner{left: 15px;right: 15px;top: 15px;bottom: 15px;}.uagb-block-e6f939b3.wp-block-uagb-image--layout-overlay .wp-block-uagb-image--layout-overlay__inner .uagb-image-heading{font-style: normal;color: #fff;opacity: 1;}.uagb-block-e6f939b3.wp-block-uagb-image--layout-overlay .wp-block-uagb-image--layout-overlay__inner .uagb-image-heading a{color: #fff;}.uagb-block-e6f939b3.wp-block-uagb-image--layout-overlay .wp-block-uagb-image--layout-overlay__inner .uagb-image-caption{opacity: 0;}.uagb-block-e6f939b3.wp-block-uagb-image--layout-overlay .wp-block-uagb-image__figure:hover .wp-block-uagb-image--layout-overlay__color-wrapper{opacity: 1;}.uagb-block-e6f939b3.wp-block-uagb-image .wp-block-uagb-image--layout-overlay__inner .uagb-image-separator{width: 30%;border-top-width: 2px;border-top-color: #fff;opacity: 0;}.uagb-block-e6f939b3.wp-block-uagb-image .wp-block-uagb-image__figure img{width: px;height: auto;}.uagb-block-e6f939b3.wp-block-uagb-image .wp-block-uagb-image__figure:hover .wp-block-uagb-image--layout-overlay__inner .uagb-image-caption{opacity: 1;}.uagb-block-e6f939b3.wp-block-uagb-image .wp-block-uagb-image__figure:hover .wp-block-uagb-image--layout-overlay__inner .uagb-image-separator{opacity: 1;}.uagb-block-e6f939b3.wp-block-uagb-image--layout-default figure:hover img{box-shadow: 0px 0px 0 #00000070;}.uagb-block-e6f939b3.wp-block-uagb-image--layout-overlay figure:hover img{box-shadow: 0px 0px 0 #00000070;}@media only screen and (max-width: 976px) {.uagb-block-e6f939b3.wp-block-uagb-image .wp-block-uagb-image__figure img{width: px;height: auto;}}@media only screen and (max-width: 767px) {.uagb-block-e6f939b3.wp-block-uagb-image .wp-block-uagb-image__figure img{width: px;height: auto;}}\";s:2:\"js\";s:0:\"\";s:18:\"current_block_list\";a:13:{i:0;s:11:\"core\/search\";i:1;s:10:\"core\/group\";i:2;s:12:\"core\/heading\";i:3;s:17:\"core\/latest-posts\";i:4;s:20:\"core\/latest-comments\";i:5;s:13:\"core\/archives\";i:6;s:15:\"core\/categories\";i:7;s:14:\"core\/paragraph\";i:8;s:10:\"uagb\/image\";i:9;s:11:\"core\/spacer\";i:10;s:30:\"woocommerce\/product-categories\";i:11;s:10:\"core\/image\";i:12;s:14:\"core\/shortcode\";}s:8:\"uag_flag\";b:1;s:11:\"uag_version\";s:10:\"1777068646\";s:6:\"gfonts\";a:0:{}s:10:\"gfonts_url\";s:0:\"\";s:12:\"gfonts_files\";a:0:{}s:14:\"uag_faq_layout\";b:0;}"]},"uagb_featured_image_src":{"full":["https:\/\/www.ferberpainting.com\/wp-content\/uploads\/2025\/05\/Asphalt-Crack-Filler-10-KG-mockups.png",2560,2560,false],"thumbnail":["https:\/\/www.ferberpainting.com\/wp-content\/uploads\/2025\/05\/Asphalt-Crack-Filler-10-KG-mockups-150x150.png",150,150,true],"medium":["https:\/\/www.ferberpainting.com\/wp-content\/uploads\/2025\/05\/Asphalt-Crack-Filler-10-KG-mockups-300x300.png",300,300,true],"medium_large":["https:\/\/www.ferberpainting.com\/wp-content\/uploads\/2025\/05\/Asphalt-Crack-Filler-10-KG-mockups-768x768.png",768,768,true],"large":["https:\/\/www.ferberpainting.com\/wp-content\/uploads\/2025\/05\/Asphalt-Crack-Filler-10-KG-mockups-1024x1024.png",1024,1024,true],"1536x1536":["https:\/\/www.ferberpainting.com\/wp-content\/uploads\/2025\/05\/Asphalt-Crack-Filler-10-KG-mockups-1536x1536.png",1536,1536,true],"2048x2048":["https:\/\/www.ferberpainting.com\/wp-content\/uploads\/2025\/05\/Asphalt-Crack-Filler-10-KG-mockups-2048x2048.png",2048,2048,true],"trp-custom-language-flag":["https:\/\/www.ferberpainting.com\/wp-content\/uploads\/2025\/05\/Asphalt-Crack-Filler-10-KG-mockups-12x12.png",12,12,true],"woocommerce_thumbnail":["https:\/\/www.ferberpainting.com\/wp-content\/uploads\/2025\/05\/Asphalt-Crack-Filler-10-KG-mockups-300x300.png",300,300,true],"woocommerce_single":["https:\/\/www.ferberpainting.com\/wp-content\/uploads\/2025\/05\/Asphalt-Crack-Filler-10-KG-mockups-600x600.png",600,600,true],"woocommerce_gallery_thumbnail":["https:\/\/www.ferberpainting.com\/wp-content\/uploads\/2025\/05\/Asphalt-Crack-Filler-10-KG-mockups-100x100.png",100,100,true]},"uagb_author_info":{"display_name":"admin","author_link":"https:\/\/www.ferberpainting.com\/ro\/author\/"},"uagb_comment_info":65,"uagb_excerpt":"Repair asphalt cracks quickly and permanently with ready-to-use cold asphalt technology. Our asphalt crack filler is a high-performance cold asphalt solution designed to repair cracks, holes, and surface damage without the need for heating or specialized equipment. It is ready to use straight from the packaging, allowing you to restore damaged asphalt surfaces rapidly and&hellip;","_links":{"self":[{"href":"https:\/\/www.ferberpainting.com\/ro\/wp-json\/wp\/v2\/product\/23073","targetHints":{"allow":["GET"]}}],"collection":[{"href":"https:\/\/www.ferberpainting.com\/ro\/wp-json\/wp\/v2\/product"}],"about":[{"href":"https:\/\/www.ferberpainting.com\/ro\/wp-json\/wp\/v2\/types\/product"}],"replies":[{"embeddable":true,"href":"https:\/\/www.ferberpainting.com\/ro\/wp-json\/wp\/v2\/comments?post=23073"}],"version-history":[{"count":6,"href":"https:\/\/www.ferberpainting.com\/ro\/wp-json\/wp\/v2\/product\/23073\/revisions"}],"predecessor-version":[{"id":166028,"href":"https:\/\/www.ferberpainting.com\/ro\/wp-json\/wp\/v2\/product\/23073\/revisions\/166028"}],"wp:featuredmedia":[{"embeddable":true,"href":"https:\/\/www.ferberpainting.com\/ro\/wp-json\/wp\/v2\/media\/164718"}],"wp:attachment":[{"href":"https:\/\/www.ferberpainting.com\/ro\/wp-json\/wp\/v2\/media?parent=23073"}],"wp:term":[{"taxonomy":"product_brand","embeddable":true,"href":"https:\/\/www.ferberpainting.com\/ro\/wp-json\/wp\/v2\/product_brand?post=23073"},{"taxonomy":"product_cat","embeddable":true,"href":"https:\/\/www.ferberpainting.com\/ro\/wp-json\/wp\/v2\/product_cat?post=23073"},{"taxonomy":"product_tag","embeddable":true,"href":"https:\/\/www.ferberpainting.com\/ro\/wp-json\/wp\/v2\/product_tag?post=23073"}],"curies":[{"name":"wp","href":"https:\/\/api.w.org\/{rel}","templated":true}]}}