{"id":23070,"date":"2025-05-26T10:22:29","date_gmt":"2025-05-26T08:22:29","guid":{"rendered":"https:\/\/www.ferberpainting.com\/products\/asphalt-cold-patch\/"},"modified":"2026-02-24T17:53:18","modified_gmt":"2026-02-24T16:53:18","slug":"asphalt-cold-patch","status":"publish","type":"product","link":"https:\/\/www.ferberpainting.com\/ro\/products\/asphalt-cold-patch\/","title":{"rendered":"Asfalt la rece"},"content":{"rendered":"<p><img decoding=\"async\" style=\"margin-right: 12px;\" src=\"https:\/\/www.ferberpainting.com\/wp-content\/uploads\/2026\/02\/Check.svg\" alt=\"\" width=\"18\" height=\"15\" \/><strong>Repararea rapid\u0103 \u0219i eficient\u0103 a suprafe\u021belor pavate.<\/strong>\u00a0Acest asfalt amestecat la rece este special conceput pentru a permite repara\u021bii simple \u0219i durabile ale drumurilor, trotuarelor, parc\u0103rilor \u0219i altor suprafe\u021be din asfalt sau beton. Acesta ofer\u0103 o solu\u021bie eficient\u0103 pentru umplerea gropilor, fisurilor, deform\u0103rilor \u0219i g\u0103urilor f\u0103r\u0103 a necesita echipamente complexe sau interven\u021bia unui profesionist, asigur\u00e2nd o restaurare rapid\u0103 \u0219i fiabil\u0103.<\/p>\n<p><img decoding=\"async\" style=\"margin-right: 12px;\" src=\"https:\/\/www.ferberpainting.com\/wp-content\/uploads\/2026\/02\/Check.svg\" alt=\"\" width=\"18\" height=\"15\" \/><strong>Garan\u021bie de restituire a banilor.<\/strong>\u00a0Avem \u00eencredere total\u0103 \u00een eficien\u021ba asfaltului nostru amestecat la rece. Acesta este motivul pentru care oferim o garan\u021bie de returnare a banilor. Dac\u0103 produsul nu v\u0103 \u00eendepline\u0219te a\u0219tept\u0103rile dup\u0103 aplicarea conform recomand\u0103rilor, ave\u021bi op\u021biunea de a solicita rambursarea f\u0103r\u0103 condi\u021bii, asigur\u00e2nd o achizi\u021bie sigur\u0103 \u0219i f\u0103r\u0103 riscuri.<\/p>\n<p><img decoding=\"async\" style=\"margin-right: 12px;\" src=\"https:\/\/www.ferberpainting.com\/wp-content\/uploads\/2026\/02\/Check.svg\" alt=\"\" width=\"18\" height=\"15\" \/><strong>Compatibil cu diferite tipuri de suprafe\u021be.<\/strong>\u00a0Acest asfalt este potrivit pentru beton, asfalt, ciment \u0219i alte suprafe\u021be rutiere, fiind un produs versatil pentru \u00eentre\u021binerea \u0219i renovarea drumurilor, aleilor, cur\u021bilor \u0219i zonelor de parcare. Poate fi utilizat at\u00e2t \u00een mediul urban, c\u00e2t \u0219i \u00een cel privat, asigur\u00e2nd o solu\u021bie de repara\u021bie adaptat\u0103 la diferite configura\u021bii ale terenului.<\/p>\n<p><img decoding=\"async\" style=\"margin-right: 12px;\" src=\"https:\/\/www.ferberpainting.com\/wp-content\/uploads\/2026\/02\/Check.svg\" alt=\"\" width=\"18\" height=\"15\" \/><strong>Acoperire rentabil\u0103 \u0219i optimizat\u0103.<\/strong>\u00a0Datorit\u0103 formulei sale de \u00eenalt\u0103 performan\u021b\u0103, 10 kg de asfalt pot acoperi aproximativ 1 m\u00b2 cu o grosime de 1 cm. Poate fi aplicat \u00een mai multe straturi pentru a ob\u021bine grosimea necesar\u0103 f\u0103r\u0103 a compromite calitatea aderen\u021bei, permi\u021b\u00e2nd utilizarea optimizat\u0103 a materialului \u0219i un raport excelent pre\u021b-performan\u021b\u0103.<\/p>\n<p><img decoding=\"async\" style=\"margin-right: 12px;\" src=\"https:\/\/www.ferberpainting.com\/wp-content\/uploads\/2026\/02\/Check.svg\" alt=\"\" width=\"18\" height=\"15\" \/><strong>Un produs sigur \u0219i ecologic.<\/strong>\u00a0Acest asfalt amestecat la rece este formulat f\u0103r\u0103 solven\u021bi agresivi sau emisii toxice, asigur\u00e2nd o utilizare sigur\u0103. Este nepericulos pentru utilizatori \u0219i nu emite vapori nocivi \u00een timpul aplic\u0103rii, permi\u021b\u00e2nd utilizarea at\u00e2t \u00een exterior, c\u00e2t \u0219i \u00een interior, \u00een anumite condi\u021bii de ventila\u021bie.<\/p>\n<p><img decoding=\"async\" style=\"margin-right: 12px;\" src=\"https:\/\/www.ferberpainting.com\/wp-content\/uploads\/2026\/02\/Check.svg\" alt=\"\" width=\"18\" height=\"15\" \/><strong>Aplicare u\u0219oar\u0103 pentru repara\u021bii f\u0103r\u0103 complica\u021bii.<\/strong>\u00a0Gata de utilizare, acest asfalt nu necesit\u0103 pre\u00eenc\u0103lzire sau echipamente specifice, spre deosebire de asfalt amestecat la cald, care necesit\u0103 o aplicare complex\u0103. Acesta poate fi aplicat direct pe zona de tratat, compactat manual sau mecanic \u0219i suport\u0103 traficul auto \u0219i pietonal \u00eentr-un timp scurt.<\/p>\n<p><img decoding=\"async\" style=\"margin-right: 12px;\" src=\"https:\/\/www.ferberpainting.com\/wp-content\/uploads\/2026\/02\/Check.svg\" alt=\"\" width=\"18\" height=\"15\" \/><strong>Durabilitate \u0219i rezisten\u021b\u0103 la intemperii \u0219i solicit\u0103ri.<\/strong>\u00a0Odat\u0103 a\u0219ezat \u0219i compactat, acest asfalt ofer\u0103 o rezisten\u021b\u0103 excelent\u0103 la varia\u021biile climatice, la ciclurile de \u00eenghe\u021b-dezghe\u021b \u0219i la traficul auto frecvent. Acesta asigur\u0103 repara\u021bii de lung\u0103 durat\u0103 \u0219i previne degradarea rapid\u0103 a suprafe\u021bei, oferind o solu\u021bie fiabil\u0103 \u0219i durabil\u0103 pentru \u00eentre\u021binerea drumurilor \u0219i a zonelor circulabile.<\/p>\n<p><img decoding=\"async\" style=\"margin-right: 12px;\" src=\"https:\/\/www.ferberpainting.com\/wp-content\/uploads\/2026\/02\/Check.svg\" alt=\"\" width=\"18\" height=\"15\" \/><strong>Serviciu rapid de restaurare pentru economie maxim\u0103 de timp.<\/strong>\u00a0Datorit\u0103 capacit\u0103\u021bii sale optimizate de \u00eent\u0103rire, acest asfalt este utilizabil imediat dup\u0103 aplicare \u0219i \u00ee\u0219i atinge rezisten\u021ba maxim\u0103 \u00een c\u00e2teva ore. Acesta permite repararea rapid\u0103 a drumurilor \u0219i a zonelor de trafic f\u0103r\u0103 imobilizare prelungit\u0103, asigur\u00e2nd o reluare imediat\u0103 a traficului f\u0103r\u0103 a compromite soliditatea suprafe\u021bei.<\/p>\n<h2><strong>Protocol de utilizare<\/strong><\/h2>\n<ul>\n<li><strong>Preg\u0103tirea suprafe\u021bei <\/strong>: Cur\u0103\u021ba\u021bi cu aten\u021bie zona care urmeaz\u0103 s\u0103 fie tratat\u0103 prin \u00eendep\u0103rtarea prafului, pietri\u0219ului \u0219i resturilor care ar putea afecta aderen\u021ba. Asigura\u021bi-v\u0103 c\u0103 suprafa\u021ba este stabil\u0103 \u0219i, dac\u0103 este necesar, umezi\u021bi u\u0219or suprafa\u021ba pentru a \u00eembun\u0103t\u0103\u021bi aderen\u021ba.<\/li>\n<li><strong>Doza recomandat\u0103 <\/strong>: Aplica\u021bi aproximativ 10 kg de amestec de asfalt pentru a acoperi 1 m\u00b2 cu o grosime de 1 cm. Pentru repara\u021bii mai profunde, proceda\u021bi cu straturi succesive de 3 p\u00e2n\u0103 la 5 cm, compact\u00e2nd bine fiecare strat \u00eenainte de a-l ad\u0103uga pe urm\u0103torul.<\/li>\n<li><strong>Aplicarea amestecului de asfalt <\/strong>: Turna\u021bi amestecul de asfalt rece direct \u00een cavitate sau pe suprafa\u021ba de tratat, distribuindu-l uniform cu o lopat\u0103 sau o mistrie. Asigura\u021bi-v\u0103 c\u0103 materialul este bine r\u0103sp\u00e2ndit pe \u00eentreaga suprafa\u021b\u0103 de repara\u021bie.<\/li>\n<li><strong>Compactare \u0219i nivelare <\/strong>: Compacta\u021bi ferm amestecul de asfalt folosind un compactor, o plac\u0103 vibratoare sau o rol\u0103 pentru a asigura o densitate optim\u0103 \u0219i pentru a preveni deformarea viitoare. Verifica\u021bi dac\u0103 suprafa\u021ba este nivelat\u0103 \u0219i ajusta\u021bi dac\u0103 este necesar.<\/li>\n<li><strong>Timp de \u00eent\u0103rire <\/strong>: L\u0103sa\u021bi s\u0103 se odihneasc\u0103 timp de c\u00e2teva ore dup\u0103 aplicare. Amestecul de asfalt devine imediat circulabil, dar \u00ee\u0219i atinge rezisten\u021ba optim\u0103 dup\u0103 24 p\u00e2n\u0103 la 48 de ore, \u00een func\u021bie de condi\u021biile meteorologice \u0219i de compactarea efectuat\u0103.<\/li>\n<li><strong>\u00centre\u021binere \u0219i durabilitate <\/strong>: Acest amestec de asfalt nu necesit\u0103 o \u00eentre\u021binere special\u0103 odat\u0103 ce s-a \u00eent\u0103rit. \u00cen caz de uzur\u0103 natural\u0103 dup\u0103 mai mul\u021bi ani, o simpl\u0103 <strong>reaplicare<\/strong> a produsului \u00een zona afectat\u0103 \u00eei va restabili eficien\u021ba \u0219i rezisten\u021ba.<\/li>\n<li><strong>Cur\u0103\u021barea sculelor <\/strong>: Dup\u0103 utilizare, cur\u0103\u021ba\u021bi imediat uneltele cu o c\u00e2rp\u0103 \u00eenmuiat\u0103 \u00een ap\u0103 sau cu un degresant adecvat pentru a preveni acumularea de reziduuri bituminoase.<\/li>\n<\/ul>\n<p>Cu acest amestec de asfalt rece, efectua\u021bi repara\u021bii rapide, durabile \u0219i rentabile pe toate suprafe\u021bele dvs. de asfalt, asigur\u00e2nd restaurarea imediat\u0103 \u0219i rezisten\u021ba optim\u0103 la condi\u021biile de trafic \u0219i la intemperii.<\/p>","protected":false},"excerpt":{"rendered":"<p>Fast and Efficient Repair of Paved Surfaces.\u00a0This cold-mix asphalt is specially designed to allow simple and durable repairs of roads, sidewalks, parking lots, and other surfaces made of asphalt or concrete. It provides an effective solution for filling potholes, cracks, deformations, and holes without requiring complex equipment or professional intervention, ensuring a quick and reliable [&hellip;]<\/p>\n","protected":false},"featured_media":164716,"comment_status":"open","ping_status":"closed","template":"","meta":{"_uag_custom_page_level_css":"","site-sidebar-layout":"default","site-content-layout":"","ast-site-content-layout":"default","site-content-style":"default","site-sidebar-style":"default","ast-global-header-display":"","ast-banner-title-visibility":"","ast-main-header-display":"","ast-hfb-above-header-display":"","ast-hfb-below-header-display":"","ast-hfb-mobile-header-display":"","site-post-title":"","ast-breadcrumbs-content":"","ast-featured-img":"","footer-sml-layout":"","ast-disable-related-posts":"","theme-transparent-header-meta":"default","adv-header-id-meta":"","stick-header-meta":"","header-above-stick-meta":"","header-main-stick-meta":"","header-below-stick-meta":"","astra-migrate-meta-layouts":"set","ast-page-background-enabled":"default","ast-page-background-meta":{"desktop":{"background-color":"var(--ast-global-color-4)","background-image":"","background-repeat":"repeat","background-position":"center center","background-size":"auto","background-attachment":"scroll","background-type":"","background-media":"","overlay-type":"","overlay-color":"","overlay-opacity":"","overlay-gradient":""},"tablet":{"background-color":"","background-image":"","background-repeat":"repeat","background-position":"center center","background-size":"auto","background-attachment":"scroll","background-type":"","background-media":"","overlay-type":"","overlay-color":"","overlay-opacity":"","overlay-gradient":""},"mobile":{"background-color":"","background-image":"","background-repeat":"repeat","background-position":"center center","background-size":"auto","background-attachment":"scroll","background-type":"","background-media":"","overlay-type":"","overlay-color":"","overlay-opacity":"","overlay-gradient":""}},"ast-content-background-meta":{"desktop":{"background-color":"var(--ast-global-color-5)","background-image":"","background-repeat":"repeat","background-position":"center center","background-size":"auto","background-attachment":"scroll","background-type":"","background-media":"","overlay-type":"","overlay-color":"","overlay-opacity":"","overlay-gradient":""},"tablet":{"background-color":"var(--ast-global-color-5)","background-image":"","background-repeat":"repeat","background-position":"center center","background-size":"auto","background-attachment":"scroll","background-type":"","background-media":"","overlay-type":"","overlay-color":"","overlay-opacity":"","overlay-gradient":""},"mobile":{"background-color":"var(--ast-global-color-5)","background-image":"","background-repeat":"repeat","background-position":"center center","background-size":"auto","background-attachment":"scroll","background-type":"","background-media":"","overlay-type":"","overlay-color":"","overlay-opacity":"","overlay-gradient":""}}},"product_brand":[],"product_cat":[176],"product_tag":[],"class_list":{"0":"post-23070","1":"product","2":"type-product","3":"status-publish","4":"has-post-thumbnail","6":"product_cat-concrete-treatment","7":"desktop-align-left","8":"tablet-align-left","9":"mobile-align-left","11":"first","12":"instock","13":"sale","14":"shipping-taxable","15":"purchasable","16":"product-type-variable","17":"has-default-attributes"},"spectra_custom_meta":{"_visibility":["visible"],"_shopify_product_id":["9061096882421"],"_s2w_shopify_domain":["ferberpainting.myshopify.com"],"_shopify_variant_id":["46484510834933"],"_sku":["FPASPHALTCOLDPATCH"],"_manage_stock":["no"],"total_sales":["31"],"_tax_status":["taxable"],"_tax_class":[""],"_backorders":["no"],"_sold_individually":["no"],"_virtual":["no"],"_downloadable":["no"],"_download_limit":["-1"],"_download_expiry":["-1"],"_stock":[null],"_stock_status":["instock"],"_wc_average_rating":["4.57"],"_wc_review_count":["7"],"_product_attributes":["a:1:{s:6:\"volume\";a:6:{s:4:\"name\";s:6:\"Volume\";s:5:\"value\";s:13:\"10 kg | 40 kg\";s:8:\"position\";i:1;s:10:\"is_visible\";i:0;s:12:\"is_variation\";i:1;s:11:\"is_taxonomy\";i:0;}}"],"_product_version":["10.5.2"],"_product_image_gallery":["164717"],"wpse_downloadable_file_names":[""],"wpse_downloadable_file_urls":[""],"_edit_last":["1"],"_default_attributes":["a:1:{s:6:\"volume\";s:5:\"10 kg\";}"],"_edit_lock":["1771951910:1"],"merchant-center-availability":["yes"],"merchant-center-category":["2282"],"_wp_page_template":["default"],"site-sidebar-layout":["default"],"ast-site-content-layout":["default"],"site-content-style":["default"],"site-sidebar-style":["default"],"theme-transparent-header-meta":["default"],"_wc_rating_count":["a:2:{i:4;i:3;i:5;i:4;}"],"_price":["29.90","99.90"],"_thumbnail_id":["164716"],"astra-migrate-meta-layouts":["set"],"_uag_css_file_name":["uag-css-23070.css"],"_elementor_page_assets":["a:0:{}"],"_uag_page_assets":["a:9:{s:3:\"css\";s:7133:\".uag-blocks-common-selector{z-index:var(--z-index-desktop) !important}@media(max-width: 976px){.uag-blocks-common-selector{z-index:var(--z-index-tablet) !important}}@media(max-width: 767px){.uag-blocks-common-selector{z-index:var(--z-index-mobile) !important}}.wp-block-uagb-image{display:flex}.wp-block-uagb-image__figure{position:relative;display:flex;flex-direction:column;max-width:100%;height:auto;margin:0}.wp-block-uagb-image__figure img{height:auto;display:flex;max-width:100%;transition:box-shadow .2s ease}.wp-block-uagb-image__figure>a{display:inline-block}.wp-block-uagb-image__figure figcaption{text-align:center;margin-top:.5em;margin-bottom:1em}.wp-block-uagb-image .components-placeholder.block-editor-media-placeholder .components-placeholder__instructions{align-self:center}.wp-block-uagb-image--align-left{text-align:left}.wp-block-uagb-image--align-right{text-align:right}.wp-block-uagb-image--align-center{text-align:center}.wp-block-uagb-image--align-full .wp-block-uagb-image__figure{margin-left:calc(50% - 50vw);margin-right:calc(50% - 50vw);max-width:100vw;width:100vw;height:auto}.wp-block-uagb-image--align-full .wp-block-uagb-image__figure img{height:auto;width:100% !important}.wp-block-uagb-image--align-wide .wp-block-uagb-image__figure img{height:auto;width:100%}.wp-block-uagb-image--layout-overlay__color-wrapper{position:absolute;left:0;top:0;right:0;bottom:0;opacity:.2;background:rgba(0,0,0,.5);transition:opacity .35s ease-in-out}.wp-block-uagb-image--layout-overlay-link{position:absolute;left:0;right:0;bottom:0;top:0}.wp-block-uagb-image--layout-overlay .wp-block-uagb-image__figure:hover .wp-block-uagb-image--layout-overlay__color-wrapper{opacity:1}.wp-block-uagb-image--layout-overlay__inner{position:absolute;left:15px;right:15px;bottom:15px;top:15px;display:flex;align-items:center;justify-content:center;flex-direction:column;border-color:#fff;transition:.35s ease-in-out}.wp-block-uagb-image--layout-overlay__inner.top-left,.wp-block-uagb-image--layout-overlay__inner.top-center,.wp-block-uagb-image--layout-overlay__inner.top-right{justify-content:flex-start}.wp-block-uagb-image--layout-overlay__inner.bottom-left,.wp-block-uagb-image--layout-overlay__inner.bottom-center,.wp-block-uagb-image--layout-overlay__inner.bottom-right{justify-content:flex-end}.wp-block-uagb-image--layout-overlay__inner.top-left,.wp-block-uagb-image--layout-overlay__inner.center-left,.wp-block-uagb-image--layout-overlay__inner.bottom-left{align-items:flex-start}.wp-block-uagb-image--layout-overlay__inner.top-right,.wp-block-uagb-image--layout-overlay__inner.center-right,.wp-block-uagb-image--layout-overlay__inner.bottom-right{align-items:flex-end}.wp-block-uagb-image--layout-overlay__inner .uagb-image-heading{color:#fff;transition:transform .35s,opacity .35s ease-in-out;transform:translate3d(0, 24px, 0);margin:0;line-height:1em}.wp-block-uagb-image--layout-overlay__inner .uagb-image-separator{width:30%;border-top-width:2px;border-top-color:#fff;border-top-style:solid;margin-bottom:10px;opacity:0;transition:transform .4s,opacity .4s ease-in-out;transform:translate3d(0, 30px, 0)}.wp-block-uagb-image--layout-overlay__inner .uagb-image-caption{opacity:0;overflow:visible;color:#fff;transition:transform .45s,opacity .45s ease-in-out;transform:translate3d(0, 35px, 0)}.wp-block-uagb-image--layout-overlay__inner:hover .uagb-image-heading,.wp-block-uagb-image--layout-overlay__inner:hover .uagb-image-separator,.wp-block-uagb-image--layout-overlay__inner:hover .uagb-image-caption{opacity:1;transform:translate3d(0, 0, 0)}.wp-block-uagb-image--effect-zoomin .wp-block-uagb-image__figure img,.wp-block-uagb-image--effect-zoomin .wp-block-uagb-image__figure .wp-block-uagb-image--layout-overlay__color-wrapper{transform:scale(1);transition:transform .35s ease-in-out}.wp-block-uagb-image--effect-zoomin .wp-block-uagb-image__figure:hover img,.wp-block-uagb-image--effect-zoomin .wp-block-uagb-image__figure:hover .wp-block-uagb-image--layout-overlay__color-wrapper{transform:scale(1.05)}.wp-block-uagb-image--effect-slide .wp-block-uagb-image__figure img,.wp-block-uagb-image--effect-slide .wp-block-uagb-image__figure .wp-block-uagb-image--layout-overlay__color-wrapper{width:calc(100% + 40px) !important;max-width:none !important;transform:translate3d(-40px, 0, 0);transition:transform .35s ease-in-out}.wp-block-uagb-image--effect-slide .wp-block-uagb-image__figure:hover img,.wp-block-uagb-image--effect-slide .wp-block-uagb-image__figure:hover .wp-block-uagb-image--layout-overlay__color-wrapper{transform:translate3d(0, 0, 0)}.wp-block-uagb-image--effect-grayscale img{filter:grayscale(0%);transition:.35s ease-in-out}.wp-block-uagb-image--effect-grayscale:hover img{filter:grayscale(100%)}.wp-block-uagb-image--effect-blur img{filter:blur(0);transition:.35s ease-in-out}.wp-block-uagb-image--effect-blur:hover img{filter:blur(3px)}.uagb-block-e6f939b3.wp-block-uagb-image--layout-default figure img{box-shadow: 0px 0px 0 #00000070;}.uagb-block-e6f939b3.wp-block-uagb-image .wp-block-uagb-image__figure figcaption{font-style: normal;align-self: center;}.uagb-block-e6f939b3.wp-block-uagb-image--layout-overlay figure img{box-shadow: 0px 0px 0 #00000070;}.uagb-block-e6f939b3.wp-block-uagb-image--layout-overlay .wp-block-uagb-image--layout-overlay__color-wrapper{opacity: 0.2;}.uagb-block-e6f939b3.wp-block-uagb-image--layout-overlay .wp-block-uagb-image--layout-overlay__inner{left: 15px;right: 15px;top: 15px;bottom: 15px;}.uagb-block-e6f939b3.wp-block-uagb-image--layout-overlay .wp-block-uagb-image--layout-overlay__inner .uagb-image-heading{font-style: normal;color: #fff;opacity: 1;}.uagb-block-e6f939b3.wp-block-uagb-image--layout-overlay .wp-block-uagb-image--layout-overlay__inner .uagb-image-heading a{color: #fff;}.uagb-block-e6f939b3.wp-block-uagb-image--layout-overlay .wp-block-uagb-image--layout-overlay__inner .uagb-image-caption{opacity: 0;}.uagb-block-e6f939b3.wp-block-uagb-image--layout-overlay .wp-block-uagb-image__figure:hover .wp-block-uagb-image--layout-overlay__color-wrapper{opacity: 1;}.uagb-block-e6f939b3.wp-block-uagb-image .wp-block-uagb-image--layout-overlay__inner .uagb-image-separator{width: 30%;border-top-width: 2px;border-top-color: #fff;opacity: 0;}.uagb-block-e6f939b3.wp-block-uagb-image .wp-block-uagb-image__figure img{width: px;height: auto;}.uagb-block-e6f939b3.wp-block-uagb-image .wp-block-uagb-image__figure:hover .wp-block-uagb-image--layout-overlay__inner .uagb-image-caption{opacity: 1;}.uagb-block-e6f939b3.wp-block-uagb-image .wp-block-uagb-image__figure:hover .wp-block-uagb-image--layout-overlay__inner .uagb-image-separator{opacity: 1;}.uagb-block-e6f939b3.wp-block-uagb-image--layout-default figure:hover img{box-shadow: 0px 0px 0 #00000070;}.uagb-block-e6f939b3.wp-block-uagb-image--layout-overlay figure:hover img{box-shadow: 0px 0px 0 #00000070;}@media only screen and (max-width: 976px) {.uagb-block-e6f939b3.wp-block-uagb-image .wp-block-uagb-image__figure img{width: px;height: auto;}}@media only screen and (max-width: 767px) {.uagb-block-e6f939b3.wp-block-uagb-image .wp-block-uagb-image__figure img{width: px;height: auto;}}\";s:2:\"js\";s:0:\"\";s:18:\"current_block_list\";a:13:{i:0;s:11:\"core\/search\";i:1;s:10:\"core\/group\";i:2;s:12:\"core\/heading\";i:3;s:17:\"core\/latest-posts\";i:4;s:20:\"core\/latest-comments\";i:5;s:13:\"core\/archives\";i:6;s:15:\"core\/categories\";i:7;s:14:\"core\/paragraph\";i:8;s:10:\"uagb\/image\";i:9;s:11:\"core\/spacer\";i:10;s:30:\"woocommerce\/product-categories\";i:11;s:10:\"core\/image\";i:12;s:14:\"core\/shortcode\";}s:8:\"uag_flag\";b:1;s:11:\"uag_version\";s:10:\"1777098085\";s:6:\"gfonts\";a:0:{}s:10:\"gfonts_url\";s:0:\"\";s:12:\"gfonts_files\";a:0:{}s:14:\"uag_faq_layout\";b:0;}"]},"uagb_featured_image_src":{"full":["https:\/\/www.ferberpainting.com\/wp-content\/uploads\/2025\/05\/Asphalt-Cold-Patch-10-KG-Mockups.png",2560,2560,false],"thumbnail":["https:\/\/www.ferberpainting.com\/wp-content\/uploads\/2025\/05\/Asphalt-Cold-Patch-10-KG-Mockups-150x150.png",150,150,true],"medium":["https:\/\/www.ferberpainting.com\/wp-content\/uploads\/2025\/05\/Asphalt-Cold-Patch-10-KG-Mockups-300x300.png",300,300,true],"medium_large":["https:\/\/www.ferberpainting.com\/wp-content\/uploads\/2025\/05\/Asphalt-Cold-Patch-10-KG-Mockups-768x768.png",768,768,true],"large":["https:\/\/www.ferberpainting.com\/wp-content\/uploads\/2025\/05\/Asphalt-Cold-Patch-10-KG-Mockups-1024x1024.png",1024,1024,true],"1536x1536":["https:\/\/www.ferberpainting.com\/wp-content\/uploads\/2025\/05\/Asphalt-Cold-Patch-10-KG-Mockups-1536x1536.png",1536,1536,true],"2048x2048":["https:\/\/www.ferberpainting.com\/wp-content\/uploads\/2025\/05\/Asphalt-Cold-Patch-10-KG-Mockups-2048x2048.png",2048,2048,true],"trp-custom-language-flag":["https:\/\/www.ferberpainting.com\/wp-content\/uploads\/2025\/05\/Asphalt-Cold-Patch-10-KG-Mockups-12x12.png",12,12,true],"woocommerce_thumbnail":["https:\/\/www.ferberpainting.com\/wp-content\/uploads\/2025\/05\/Asphalt-Cold-Patch-10-KG-Mockups-300x300.png",300,300,true],"woocommerce_single":["https:\/\/www.ferberpainting.com\/wp-content\/uploads\/2025\/05\/Asphalt-Cold-Patch-10-KG-Mockups-600x600.png",600,600,true],"woocommerce_gallery_thumbnail":["https:\/\/www.ferberpainting.com\/wp-content\/uploads\/2025\/05\/Asphalt-Cold-Patch-10-KG-Mockups-100x100.png",100,100,true]},"uagb_author_info":{"display_name":"admin","author_link":"https:\/\/www.ferberpainting.com\/ro\/author\/"},"uagb_comment_info":7,"uagb_excerpt":"Fast and Efficient Repair of Paved Surfaces.\u00a0This cold-mix asphalt is specially designed to allow simple and durable repairs of roads, sidewalks, parking lots, and other surfaces made of asphalt or concrete. It provides an effective solution for filling potholes, cracks, deformations, and holes without requiring complex equipment or professional intervention, ensuring a quick and reliable&hellip;","_links":{"self":[{"href":"https:\/\/www.ferberpainting.com\/ro\/wp-json\/wp\/v2\/product\/23070","targetHints":{"allow":["GET"]}}],"collection":[{"href":"https:\/\/www.ferberpainting.com\/ro\/wp-json\/wp\/v2\/product"}],"about":[{"href":"https:\/\/www.ferberpainting.com\/ro\/wp-json\/wp\/v2\/types\/product"}],"replies":[{"embeddable":true,"href":"https:\/\/www.ferberpainting.com\/ro\/wp-json\/wp\/v2\/comments?post=23070"}],"version-history":[{"count":6,"href":"https:\/\/www.ferberpainting.com\/ro\/wp-json\/wp\/v2\/product\/23070\/revisions"}],"predecessor-version":[{"id":166027,"href":"https:\/\/www.ferberpainting.com\/ro\/wp-json\/wp\/v2\/product\/23070\/revisions\/166027"}],"wp:featuredmedia":[{"embeddable":true,"href":"https:\/\/www.ferberpainting.com\/ro\/wp-json\/wp\/v2\/media\/164716"}],"wp:attachment":[{"href":"https:\/\/www.ferberpainting.com\/ro\/wp-json\/wp\/v2\/media?parent=23070"}],"wp:term":[{"taxonomy":"product_brand","embeddable":true,"href":"https:\/\/www.ferberpainting.com\/ro\/wp-json\/wp\/v2\/product_brand?post=23070"},{"taxonomy":"product_cat","embeddable":true,"href":"https:\/\/www.ferberpainting.com\/ro\/wp-json\/wp\/v2\/product_cat?post=23070"},{"taxonomy":"product_tag","embeddable":true,"href":"https:\/\/www.ferberpainting.com\/ro\/wp-json\/wp\/v2\/product_tag?post=23070"}],"curies":[{"name":"wp","href":"https:\/\/api.w.org\/{rel}","templated":true}]}}