{"id":36666,"date":"2025-07-01T21:01:20","date_gmt":"2025-07-01T19:01:20","guid":{"rendered":"https:\/\/www.ferberpainting.com\/?post_type=product&#038;p=36666"},"modified":"2026-02-15T13:50:12","modified_gmt":"2026-02-15T12:50:12","slug":"dishwasher-cleaner","status":"publish","type":"product","link":"https:\/\/www.ferberpainting.com\/pt\/products\/dishwasher-cleaner\/","title":{"rendered":"Limpador de m\u00e1quina de lavar loi\u00e7a"},"content":{"rendered":"<p><strong><img decoding=\"async\" style=\"margin-right: 12px;\" src=\"https:\/\/www.ferberpainting.com\/wp-content\/uploads\/2026\/02\/Check.svg\" alt=\"\" width=\"18\" height=\"15\" \/>Efici\u00eancia \u00f3ptima.<\/strong>\u00a0Este produto de limpeza para m\u00e1quinas de lavar loi\u00e7a foi concebido para eliminar eficazmente res\u00edduos de gordura, dep\u00f3sitos de calc\u00e1rio, maus odores e restos de comida que se acumulam na m\u00e1quina ao longo do tempo. Gra\u00e7as \u00e0 sua f\u00f3rmula potente, penetra em profundidade para limpar e desinfetar todos os cantos da m\u00e1quina de lavar lou\u00e7a, incluindo filtros, bra\u00e7os de pulveriza\u00e7\u00e3o, paredes interiores e tubos de drenagem. Garante uma limpeza impec\u00e1vel e uma higiene \u00f3ptima, permitindo que o seu aparelho funcione eficazmente, prolongando a sua vida \u00fatil.<\/p>\n<p><strong><img decoding=\"async\" style=\"margin-right: 12px;\" src=\"https:\/\/www.ferberpainting.com\/wp-content\/uploads\/2026\/02\/Check.svg\" alt=\"\" width=\"18\" height=\"15\" \/>Satisfa\u00e7\u00e3o garantida ou o seu dinheiro de volta.<\/strong>\u00a0Confiamos plenamente na efic\u00e1cia do nosso produto de limpeza. Se, ap\u00f3s a utiliza\u00e7\u00e3o, n\u00e3o ficar totalmente satisfeito com os resultados, tem direito a um reembolso total. Experimente o nosso produto com toda a tranquilidade e desfrute de uma m\u00e1quina de lavar loi\u00e7a perfeitamente limpa sem riscos.<\/p>\n<p><strong><img decoding=\"async\" style=\"margin-right: 12px;\" src=\"https:\/\/www.ferberpainting.com\/wp-content\/uploads\/2026\/02\/Check.svg\" alt=\"\" width=\"18\" height=\"15\" \/>Versatilidade excecional.<\/strong> Este produto de limpeza n\u00e3o se limita \u00e0s m\u00e1quinas de lavar lou\u00e7a dom\u00e9sticas. \u00c9 tamb\u00e9m ideal para m\u00e1quinas de lavar loi\u00e7a profissionais e industriais, bem como para equipamento de restaura\u00e7\u00e3o. Funciona em todos os tipos de materiais encontrados nestes aparelhos, incluindo a\u00e7o inoxid\u00e1vel, pl\u00e1stico refor\u00e7ado e alum\u00ednio. \u00c9 adequado tanto para modelos encastrados como para modelos aut\u00f3nomos, garantindo a compatibilidade com todos os sistemas de lavagem.<\/p>\n<p><strong><img decoding=\"async\" style=\"margin-right: 12px;\" src=\"https:\/\/www.ferberpainting.com\/wp-content\/uploads\/2026\/02\/Check.svg\" alt=\"\" width=\"18\" height=\"15\" \/>Rendimento rent\u00e1vel.<\/strong>\u00a0Gra\u00e7as ao seu formato de recipiente de 5 litros e \u00e0 sua f\u00f3rmula ultra-eficiente, este produto de limpeza oferece uma excelente cobertura. Uma pequena quantidade \u00e9 suficiente para limpar uma m\u00e1quina de lavar loi\u00e7a inteira e remover todas as impurezas. Em m\u00e9dia, um litro de produto permite at\u00e9 10 limpezas completas, proporcionando uma solu\u00e7\u00e3o econ\u00f3mica e de elevado desempenho para uma utiliza\u00e7\u00e3o regular ou intensiva.<\/p>\n<p><strong><img decoding=\"async\" style=\"margin-right: 12px;\" src=\"https:\/\/www.ferberpainting.com\/wp-content\/uploads\/2026\/02\/Check.svg\" alt=\"\" width=\"18\" height=\"15\" \/>Utiliza\u00e7\u00e3o segura.<\/strong>\u00a0Ao contr\u00e1rio dos produtos agressivos que cont\u00eam \u00e1cido clor\u00eddrico ou agentes corrosivos, este produto de limpeza \u00e9 formulado sem componentes t\u00f3xicos ou subst\u00e2ncias nocivas para os materiais e para a sa\u00fade. N\u00e3o deixa res\u00edduos nocivos e n\u00e3o emite vapores irritantes, garantindo uma utiliza\u00e7\u00e3o segura tanto em ambientes dom\u00e9sticos como profissionais. \u00c9 seguro para os vedantes e componentes de pl\u00e1stico da m\u00e1quina de lavar loi\u00e7a, preservando assim a integridade do seu aparelho.<\/p>\n<p><strong><img decoding=\"async\" style=\"margin-right: 12px;\" src=\"https:\/\/www.ferberpainting.com\/wp-content\/uploads\/2026\/02\/Check.svg\" alt=\"\" width=\"18\" height=\"15\" \/>Facilidade de utiliza\u00e7\u00e3o.<\/strong>\u00a0Este produto est\u00e1 pronto a utilizar e n\u00e3o requer qualquer dilui\u00e7\u00e3o ou manuseamento complexo. \u00c9 utilizado diretamente na m\u00e1quina de lavar lou\u00e7a vazia durante um ciclo de limpeza. A sua a\u00e7\u00e3o r\u00e1pida e a sua aplica\u00e7\u00e3o intuitiva permitem uma manuten\u00e7\u00e3o eficaz sem esfor\u00e7o, tornando o cuidado das m\u00e1quinas f\u00e1cil e acess\u00edvel a todos.<\/p>\n<p><strong><img decoding=\"async\" style=\"margin-right: 12px;\" src=\"https:\/\/www.ferberpainting.com\/wp-content\/uploads\/2026\/02\/Check.svg\" alt=\"\" width=\"18\" height=\"15\" \/>Maior durabilidade.<\/strong>\u00a0Ao remover eficazmente o calc\u00e1rio e a gordura, este produto de limpeza prolonga a vida \u00fatil da sua m\u00e1quina de lavar lou\u00e7a e optimiza o seu desempenho. Evita o entupimento dos tubos, reduz o desgaste dos vedantes e melhora a circula\u00e7\u00e3o da \u00e1gua, assegurando um funcionamento \u00f3timo a longo prazo. A manuten\u00e7\u00e3o regular com este produto ajuda a evitar avarias e mant\u00e9m o desempenho da m\u00e1quina de lavar loi\u00e7a.<\/p>\n<p><strong><img decoding=\"async\" style=\"margin-right: 12px;\" src=\"https:\/\/www.ferberpainting.com\/wp-content\/uploads\/2026\/02\/Check.svg\" alt=\"\" width=\"18\" height=\"15\" \/>A\u00e7\u00e3o r\u00e1pida.<\/strong>\u00a0Gra\u00e7as \u00e0 sua f\u00f3rmula altamente ativa, este produto de limpeza actua imediatamente sobre a sujidade e os dep\u00f3sitos de calc\u00e1rio. Em apenas alguns minutos, dissolve eficazmente a gordura e as impurezas acumuladas, facilitando o seu enxaguamento logo no primeiro ciclo. Garante uma limpeza r\u00e1pida e eficaz, ideal para uma manuten\u00e7\u00e3o r\u00e1pida da m\u00e1quina de lavar lou\u00e7a sem necessidade de a desmontar.<\/p>\n<h2><strong>Protocolo de utiliza\u00e7\u00e3o<\/strong><\/h2>\n<ul>\n<li><strong>Prepara\u00e7\u00e3o<\/strong>: Certifique-se de que a m\u00e1quina de lavar loi\u00e7a est\u00e1 vazia e sem restos de comida antes de utilizar o produto.<\/li>\n<li><strong>Aplica\u00e7\u00e3o do produto<\/strong>: Verter cerca de 250 ml de produto de limpeza diretamente no compartimento do detergente ou no fundo da m\u00e1quina de lavar lou\u00e7a.<\/li>\n<li><strong>In\u00edcio do programa<\/strong>: Selecione um ciclo de lavagem a alta temperatura (m\u00ednimo 60\u00b0C) para maximizar a efic\u00e1cia do produto e ativar a limpeza profunda.<\/li>\n<li><strong>Limpeza de filtros e vedantes<\/strong>: Enquanto o ciclo decorre, humede\u00e7a um pano limpo com uma pequena quantidade de produto e limpe os vedantes, os filtros e as \u00e1reas de dif\u00edcil acesso para remover as impurezas restantes.<\/li>\n<li><strong>Enxaguamento autom\u00e1tico<\/strong>: O produto \u00e9 completamente enxaguado durante o ciclo de lavagem, n\u00e3o necessitando de enxaguamento manual adicional.<\/li>\n<li><strong>Secagem e acabamento<\/strong>: Deixar a porta da m\u00e1quina de lavar lou\u00e7a entreaberta ap\u00f3s o ciclo para permitir uma secagem completa e evitar a acumula\u00e7\u00e3o de humidade no interior.<\/li>\n<li><strong>Frequ\u00eancia de utiliza\u00e7\u00e3o<\/strong>: Utilizar uma vez por m\u00eas para uma manuten\u00e7\u00e3o regular e para evitar a acumula\u00e7\u00e3o de calc\u00e1rio e de gorduras. Para as m\u00e1quinas de lavar lou\u00e7a muito sujas ou muito utilizadas, recomenda-se uma limpeza de duas em duas semanas.<\/li>\n<li><strong>Armazenamento<\/strong>: Fechar bem o recipiente ap\u00f3s cada utiliza\u00e7\u00e3o e conserv\u00e1-lo num local fresco e seco, ao abrigo da luz e de temperaturas extremas, para manter a efic\u00e1cia do produto a longo prazo.<\/li>\n<\/ul>\n<p>Com o nosso detergente para m\u00e1quinas de lavar lou\u00e7a, assegure uma limpeza profunda e uma higiene perfeita, optimizando o desempenho do seu aparelho. Uma solu\u00e7\u00e3o ideal para uma manuten\u00e7\u00e3o impec\u00e1vel e sem esfor\u00e7o.<\/p>","protected":false},"excerpt":{"rendered":"<p>Optimal Efficiency.\u00a0This dishwasher cleaner is designed to effectively eliminate grease residues, limescale deposits, bad odors, and food remnants that accumulate in the machine over time. Thanks to its powerful formula, it penetrates deeply to clean and disinfect every corner of the dishwasher, including filters, spray arms, interior walls, and drainage pipes. It guarantees impeccable cleanliness [&hellip;]<\/p>\n","protected":false},"featured_media":36668,"comment_status":"open","ping_status":"closed","template":"","meta":{"_uag_custom_page_level_css":"","site-sidebar-layout":"default","site-content-layout":"","ast-site-content-layout":"default","site-content-style":"default","site-sidebar-style":"default","ast-global-header-display":"","ast-banner-title-visibility":"","ast-main-header-display":"","ast-hfb-above-header-display":"","ast-hfb-below-header-display":"","ast-hfb-mobile-header-display":"","site-post-title":"","ast-breadcrumbs-content":"","ast-featured-img":"","footer-sml-layout":"","ast-disable-related-posts":"","theme-transparent-header-meta":"default","adv-header-id-meta":"","stick-header-meta":"","header-above-stick-meta":"","header-main-stick-meta":"","header-below-stick-meta":"","astra-migrate-meta-layouts":"set","ast-page-background-enabled":"default","ast-page-background-meta":{"desktop":{"background-color":"var(--ast-global-color-4)","background-image":"","background-repeat":"repeat","background-position":"center center","background-size":"auto","background-attachment":"scroll","background-type":"","background-media":"","overlay-type":"","overlay-color":"","overlay-opacity":"","overlay-gradient":""},"tablet":{"background-color":"","background-image":"","background-repeat":"repeat","background-position":"center center","background-size":"auto","background-attachment":"scroll","background-type":"","background-media":"","overlay-type":"","overlay-color":"","overlay-opacity":"","overlay-gradient":""},"mobile":{"background-color":"","background-image":"","background-repeat":"repeat","background-position":"center center","background-size":"auto","background-attachment":"scroll","background-type":"","background-media":"","overlay-type":"","overlay-color":"","overlay-opacity":"","overlay-gradient":""}},"ast-content-background-meta":{"desktop":{"background-color":"var(--ast-global-color-5)","background-image":"","background-repeat":"repeat","background-position":"center center","background-size":"auto","background-attachment":"scroll","background-type":"","background-media":"","overlay-type":"","overlay-color":"","overlay-opacity":"","overlay-gradient":""},"tablet":{"background-color":"var(--ast-global-color-5)","background-image":"","background-repeat":"repeat","background-position":"center center","background-size":"auto","background-attachment":"scroll","background-type":"","background-media":"","overlay-type":"","overlay-color":"","overlay-opacity":"","overlay-gradient":""},"mobile":{"background-color":"var(--ast-global-color-5)","background-image":"","background-repeat":"repeat","background-position":"center center","background-size":"auto","background-attachment":"scroll","background-type":"","background-media":"","overlay-type":"","overlay-color":"","overlay-opacity":"","overlay-gradient":""}}},"product_brand":[],"product_cat":[175],"product_tag":[],"class_list":{"0":"post-36666","1":"product","2":"type-product","3":"status-publish","4":"has-post-thumbnail","6":"product_cat-cleaning-products","7":"desktop-align-left","8":"tablet-align-left","9":"mobile-align-left","11":"first","12":"instock","13":"sale","14":"shipping-taxable","15":"purchasable","16":"product-type-variable","17":"has-default-attributes"},"spectra_custom_meta":{"_edit_lock":["1776777485:1"],"_edit_last":["1"],"total_sales":["40"],"_tax_status":["taxable"],"_tax_class":[""],"_manage_stock":["no"],"_backorders":["no"],"_sold_individually":["no"],"_virtual":["no"],"_downloadable":["no"],"_download_limit":["-1"],"_download_expiry":["-1"],"_stock":[null],"_stock_status":["instock"],"_wc_average_rating":["5.00"],"_wc_review_count":["38"],"_product_attributes":["a:1:{s:6:\"volume\";a:6:{s:4:\"name\";s:6:\"Volume\";s:5:\"value\";s:20:\"5 liters | 25 liters\";s:8:\"position\";i:0;s:10:\"is_visible\";i:1;s:12:\"is_variation\";i:1;s:11:\"is_taxonomy\";i:0;}}"],"_product_version":["10.5.1"],"_default_attributes":["a:1:{s:6:\"volume\";s:8:\"5 liters\";}"],"_price":["29.90","129.90"],"merchant-center-availability":["yes"],"merchant-center-category":["7510"],"_thumbnail_id":["36668"],"_wp_page_template":["default"],"_product_image_gallery":["36669"],"site-sidebar-layout":["default"],"ast-site-content-layout":["default"],"site-content-style":["default"],"site-sidebar-style":["default"],"theme-transparent-header-meta":["default"],"_wc_rating_count":["a:1:{i:5;i:38;}"],"astra-migrate-meta-layouts":["set"],"_elementor_page_assets":["a:0:{}"],"_uag_css_file_name":["uag-css-36666.css"],"_uag_page_assets":["a:9:{s:3:\"css\";s:7133:\".uag-blocks-common-selector{z-index:var(--z-index-desktop) !important}@media(max-width: 976px){.uag-blocks-common-selector{z-index:var(--z-index-tablet) !important}}@media(max-width: 767px){.uag-blocks-common-selector{z-index:var(--z-index-mobile) !important}}.wp-block-uagb-image{display:flex}.wp-block-uagb-image__figure{position:relative;display:flex;flex-direction:column;max-width:100%;height:auto;margin:0}.wp-block-uagb-image__figure img{height:auto;display:flex;max-width:100%;transition:box-shadow .2s ease}.wp-block-uagb-image__figure>a{display:inline-block}.wp-block-uagb-image__figure figcaption{text-align:center;margin-top:.5em;margin-bottom:1em}.wp-block-uagb-image .components-placeholder.block-editor-media-placeholder .components-placeholder__instructions{align-self:center}.wp-block-uagb-image--align-left{text-align:left}.wp-block-uagb-image--align-right{text-align:right}.wp-block-uagb-image--align-center{text-align:center}.wp-block-uagb-image--align-full .wp-block-uagb-image__figure{margin-left:calc(50% - 50vw);margin-right:calc(50% - 50vw);max-width:100vw;width:100vw;height:auto}.wp-block-uagb-image--align-full .wp-block-uagb-image__figure img{height:auto;width:100% !important}.wp-block-uagb-image--align-wide .wp-block-uagb-image__figure img{height:auto;width:100%}.wp-block-uagb-image--layout-overlay__color-wrapper{position:absolute;left:0;top:0;right:0;bottom:0;opacity:.2;background:rgba(0,0,0,.5);transition:opacity .35s ease-in-out}.wp-block-uagb-image--layout-overlay-link{position:absolute;left:0;right:0;bottom:0;top:0}.wp-block-uagb-image--layout-overlay .wp-block-uagb-image__figure:hover .wp-block-uagb-image--layout-overlay__color-wrapper{opacity:1}.wp-block-uagb-image--layout-overlay__inner{position:absolute;left:15px;right:15px;bottom:15px;top:15px;display:flex;align-items:center;justify-content:center;flex-direction:column;border-color:#fff;transition:.35s ease-in-out}.wp-block-uagb-image--layout-overlay__inner.top-left,.wp-block-uagb-image--layout-overlay__inner.top-center,.wp-block-uagb-image--layout-overlay__inner.top-right{justify-content:flex-start}.wp-block-uagb-image--layout-overlay__inner.bottom-left,.wp-block-uagb-image--layout-overlay__inner.bottom-center,.wp-block-uagb-image--layout-overlay__inner.bottom-right{justify-content:flex-end}.wp-block-uagb-image--layout-overlay__inner.top-left,.wp-block-uagb-image--layout-overlay__inner.center-left,.wp-block-uagb-image--layout-overlay__inner.bottom-left{align-items:flex-start}.wp-block-uagb-image--layout-overlay__inner.top-right,.wp-block-uagb-image--layout-overlay__inner.center-right,.wp-block-uagb-image--layout-overlay__inner.bottom-right{align-items:flex-end}.wp-block-uagb-image--layout-overlay__inner .uagb-image-heading{color:#fff;transition:transform .35s,opacity .35s ease-in-out;transform:translate3d(0, 24px, 0);margin:0;line-height:1em}.wp-block-uagb-image--layout-overlay__inner .uagb-image-separator{width:30%;border-top-width:2px;border-top-color:#fff;border-top-style:solid;margin-bottom:10px;opacity:0;transition:transform .4s,opacity .4s ease-in-out;transform:translate3d(0, 30px, 0)}.wp-block-uagb-image--layout-overlay__inner .uagb-image-caption{opacity:0;overflow:visible;color:#fff;transition:transform .45s,opacity .45s ease-in-out;transform:translate3d(0, 35px, 0)}.wp-block-uagb-image--layout-overlay__inner:hover .uagb-image-heading,.wp-block-uagb-image--layout-overlay__inner:hover .uagb-image-separator,.wp-block-uagb-image--layout-overlay__inner:hover .uagb-image-caption{opacity:1;transform:translate3d(0, 0, 0)}.wp-block-uagb-image--effect-zoomin .wp-block-uagb-image__figure img,.wp-block-uagb-image--effect-zoomin .wp-block-uagb-image__figure .wp-block-uagb-image--layout-overlay__color-wrapper{transform:scale(1);transition:transform .35s ease-in-out}.wp-block-uagb-image--effect-zoomin .wp-block-uagb-image__figure:hover img,.wp-block-uagb-image--effect-zoomin .wp-block-uagb-image__figure:hover .wp-block-uagb-image--layout-overlay__color-wrapper{transform:scale(1.05)}.wp-block-uagb-image--effect-slide .wp-block-uagb-image__figure img,.wp-block-uagb-image--effect-slide .wp-block-uagb-image__figure .wp-block-uagb-image--layout-overlay__color-wrapper{width:calc(100% + 40px) !important;max-width:none !important;transform:translate3d(-40px, 0, 0);transition:transform .35s ease-in-out}.wp-block-uagb-image--effect-slide .wp-block-uagb-image__figure:hover img,.wp-block-uagb-image--effect-slide .wp-block-uagb-image__figure:hover .wp-block-uagb-image--layout-overlay__color-wrapper{transform:translate3d(0, 0, 0)}.wp-block-uagb-image--effect-grayscale img{filter:grayscale(0%);transition:.35s ease-in-out}.wp-block-uagb-image--effect-grayscale:hover img{filter:grayscale(100%)}.wp-block-uagb-image--effect-blur img{filter:blur(0);transition:.35s ease-in-out}.wp-block-uagb-image--effect-blur:hover img{filter:blur(3px)}.uagb-block-e6f939b3.wp-block-uagb-image--layout-default figure img{box-shadow: 0px 0px 0 #00000070;}.uagb-block-e6f939b3.wp-block-uagb-image .wp-block-uagb-image__figure figcaption{font-style: normal;align-self: center;}.uagb-block-e6f939b3.wp-block-uagb-image--layout-overlay figure img{box-shadow: 0px 0px 0 #00000070;}.uagb-block-e6f939b3.wp-block-uagb-image--layout-overlay .wp-block-uagb-image--layout-overlay__color-wrapper{opacity: 0.2;}.uagb-block-e6f939b3.wp-block-uagb-image--layout-overlay .wp-block-uagb-image--layout-overlay__inner{left: 15px;right: 15px;top: 15px;bottom: 15px;}.uagb-block-e6f939b3.wp-block-uagb-image--layout-overlay .wp-block-uagb-image--layout-overlay__inner .uagb-image-heading{font-style: normal;color: #fff;opacity: 1;}.uagb-block-e6f939b3.wp-block-uagb-image--layout-overlay .wp-block-uagb-image--layout-overlay__inner .uagb-image-heading a{color: #fff;}.uagb-block-e6f939b3.wp-block-uagb-image--layout-overlay .wp-block-uagb-image--layout-overlay__inner .uagb-image-caption{opacity: 0;}.uagb-block-e6f939b3.wp-block-uagb-image--layout-overlay .wp-block-uagb-image__figure:hover .wp-block-uagb-image--layout-overlay__color-wrapper{opacity: 1;}.uagb-block-e6f939b3.wp-block-uagb-image .wp-block-uagb-image--layout-overlay__inner .uagb-image-separator{width: 30%;border-top-width: 2px;border-top-color: #fff;opacity: 0;}.uagb-block-e6f939b3.wp-block-uagb-image .wp-block-uagb-image__figure img{width: px;height: auto;}.uagb-block-e6f939b3.wp-block-uagb-image .wp-block-uagb-image__figure:hover .wp-block-uagb-image--layout-overlay__inner .uagb-image-caption{opacity: 1;}.uagb-block-e6f939b3.wp-block-uagb-image .wp-block-uagb-image__figure:hover .wp-block-uagb-image--layout-overlay__inner .uagb-image-separator{opacity: 1;}.uagb-block-e6f939b3.wp-block-uagb-image--layout-default figure:hover img{box-shadow: 0px 0px 0 #00000070;}.uagb-block-e6f939b3.wp-block-uagb-image--layout-overlay figure:hover img{box-shadow: 0px 0px 0 #00000070;}@media only screen and (max-width: 976px) {.uagb-block-e6f939b3.wp-block-uagb-image .wp-block-uagb-image__figure img{width: px;height: auto;}}@media only screen and (max-width: 767px) {.uagb-block-e6f939b3.wp-block-uagb-image .wp-block-uagb-image__figure img{width: px;height: auto;}}\";s:2:\"js\";s:0:\"\";s:18:\"current_block_list\";a:13:{i:0;s:11:\"core\/search\";i:1;s:10:\"core\/group\";i:2;s:12:\"core\/heading\";i:3;s:17:\"core\/latest-posts\";i:4;s:20:\"core\/latest-comments\";i:5;s:13:\"core\/archives\";i:6;s:15:\"core\/categories\";i:7;s:14:\"core\/paragraph\";i:8;s:10:\"uagb\/image\";i:9;s:11:\"core\/spacer\";i:10;s:30:\"woocommerce\/product-categories\";i:11;s:10:\"core\/image\";i:12;s:14:\"core\/shortcode\";}s:8:\"uag_flag\";b:1;s:11:\"uag_version\";s:10:\"1776781470\";s:6:\"gfonts\";a:0:{}s:10:\"gfonts_url\";s:0:\"\";s:12:\"gfonts_files\";a:0:{}s:14:\"uag_faq_layout\";b:0;}"]},"uagb_featured_image_src":{"full":["https:\/\/www.ferberpainting.com\/wp-content\/uploads\/2025\/07\/Dishwasher-Cleaner-5L-.png",2560,2560,false],"thumbnail":["https:\/\/www.ferberpainting.com\/wp-content\/uploads\/2025\/07\/Dishwasher-Cleaner-5L--150x150.png",150,150,true],"medium":["https:\/\/www.ferberpainting.com\/wp-content\/uploads\/2025\/07\/Dishwasher-Cleaner-5L--300x300.png",300,300,true],"medium_large":["https:\/\/www.ferberpainting.com\/wp-content\/uploads\/2025\/07\/Dishwasher-Cleaner-5L--768x768.png",768,768,true],"large":["https:\/\/www.ferberpainting.com\/wp-content\/uploads\/2025\/07\/Dishwasher-Cleaner-5L--1024x1024.png",1024,1024,true],"1536x1536":["https:\/\/www.ferberpainting.com\/wp-content\/uploads\/2025\/07\/Dishwasher-Cleaner-5L--1536x1536.png",1536,1536,true],"2048x2048":["https:\/\/www.ferberpainting.com\/wp-content\/uploads\/2025\/07\/Dishwasher-Cleaner-5L--2048x2048.png",2048,2048,true],"trp-custom-language-flag":["https:\/\/www.ferberpainting.com\/wp-content\/uploads\/2025\/07\/Dishwasher-Cleaner-5L--12x12.png",12,12,true],"woocommerce_thumbnail":["https:\/\/www.ferberpainting.com\/wp-content\/uploads\/2025\/07\/Dishwasher-Cleaner-5L--300x300.png",300,300,true],"woocommerce_single":["https:\/\/www.ferberpainting.com\/wp-content\/uploads\/2025\/07\/Dishwasher-Cleaner-5L--600x600.png",600,600,true],"woocommerce_gallery_thumbnail":["https:\/\/www.ferberpainting.com\/wp-content\/uploads\/2025\/07\/Dishwasher-Cleaner-5L--100x100.png",100,100,true]},"uagb_author_info":{"display_name":"admin","author_link":"https:\/\/www.ferberpainting.com\/pt\/author\/"},"uagb_comment_info":38,"uagb_excerpt":"Optimal Efficiency.\u00a0This dishwasher cleaner is designed to effectively eliminate grease residues, limescale deposits, bad odors, and food remnants that accumulate in the machine over time. Thanks to its powerful formula, it penetrates deeply to clean and disinfect every corner of the dishwasher, including filters, spray arms, interior walls, and drainage pipes. It guarantees impeccable cleanliness&hellip;","_links":{"self":[{"href":"https:\/\/www.ferberpainting.com\/pt\/wp-json\/wp\/v2\/product\/36666","targetHints":{"allow":["GET"]}}],"collection":[{"href":"https:\/\/www.ferberpainting.com\/pt\/wp-json\/wp\/v2\/product"}],"about":[{"href":"https:\/\/www.ferberpainting.com\/pt\/wp-json\/wp\/v2\/types\/product"}],"replies":[{"embeddable":true,"href":"https:\/\/www.ferberpainting.com\/pt\/wp-json\/wp\/v2\/comments?post=36666"}],"version-history":[{"count":7,"href":"https:\/\/www.ferberpainting.com\/pt\/wp-json\/wp\/v2\/product\/36666\/revisions"}],"predecessor-version":[{"id":231149,"href":"https:\/\/www.ferberpainting.com\/pt\/wp-json\/wp\/v2\/product\/36666\/revisions\/231149"}],"wp:featuredmedia":[{"embeddable":true,"href":"https:\/\/www.ferberpainting.com\/pt\/wp-json\/wp\/v2\/media\/36668"}],"wp:attachment":[{"href":"https:\/\/www.ferberpainting.com\/pt\/wp-json\/wp\/v2\/media?parent=36666"}],"wp:term":[{"taxonomy":"product_brand","embeddable":true,"href":"https:\/\/www.ferberpainting.com\/pt\/wp-json\/wp\/v2\/product_brand?post=36666"},{"taxonomy":"product_cat","embeddable":true,"href":"https:\/\/www.ferberpainting.com\/pt\/wp-json\/wp\/v2\/product_cat?post=36666"},{"taxonomy":"product_tag","embeddable":true,"href":"https:\/\/www.ferberpainting.com\/pt\/wp-json\/wp\/v2\/product_tag?post=36666"}],"curies":[{"name":"wp","href":"https:\/\/api.w.org\/{rel}","templated":true}]}}