{"id":25696,"date":"2025-05-26T10:33:37","date_gmt":"2025-05-26T08:33:37","guid":{"rendered":"https:\/\/www.ferberpainting.com\/products\/zamioculcas-fertilizer\/"},"modified":"2026-02-18T10:13:18","modified_gmt":"2026-02-18T09:13:18","slug":"zamioculcas-fertilizer","status":"publish","type":"product","link":"https:\/\/www.ferberpainting.com\/pt\/products\/zamioculcas-fertilizer\/","title":{"rendered":"Fertilizante para zamioculcas"},"content":{"rendered":"<p><strong><img decoding=\"async\" style=\"margin-right: 12px;\" src=\"https:\/\/www.ferberpainting.com\/wp-content\/uploads\/2026\/02\/Check.svg\" alt=\"\" width=\"18\" height=\"15\" \/>Adubo especialmente concebido para as Zamioculcas.<\/strong>\u00a0A Zamioculcas, tamb\u00e9m conhecida como planta ZZ, \u00e9 uma planta de interior resistente que requer uma fertiliza\u00e7\u00e3o adaptada para manter uma folhagem vibrante, um crescimento est\u00e1vel e uma forte resist\u00eancia a doen\u00e7as. Este fertilizante, formulado com um r\u00e1cio NPK de 15-15-15, fornece um fornecimento equilibrado de nutrientes essenciais, permitindo que as Zamioculcas desenvolvam uma folhagem espessa, caules fortes e um enraizamento \u00f3timo.<\/p>\n<p><strong><img decoding=\"async\" style=\"margin-right: 12px;\" src=\"https:\/\/www.ferberpainting.com\/wp-content\/uploads\/2026\/02\/Check.svg\" alt=\"\" width=\"18\" height=\"15\" \/>Garantia de devolu\u00e7\u00e3o do dinheiro.<\/strong>\u00a0Estamos confiantes na efic\u00e1cia do nosso fertilizante e garantimos uma melhoria significativa no crescimento e na sa\u00fade das Zamioculcas. Se, ap\u00f3s a aplica\u00e7\u00e3o correta de acordo com as recomenda\u00e7\u00f5es, n\u00e3o observar qualquer efeito percet\u00edvel, poder\u00e1 ter direito a um reembolso total.<\/p>\n<p><strong><img decoding=\"async\" style=\"margin-right: 12px;\" src=\"https:\/\/www.ferberpainting.com\/wp-content\/uploads\/2026\/02\/Check.svg\" alt=\"\" width=\"18\" height=\"15\" \/>Adequado para todos os substratos.<\/strong>\u00a0Este adubo \u00e9 compat\u00edvel com todos os tipos de solo e substratos, quer se trate de terra para vasos, substratos drenantes, misturas com perlite ou fibra de coco. Tamb\u00e9m \u00e9 eficaz em solos modificados com composto ou casca de \u00e1rvore, e \u00e9 adequado para plantas em vasos, jardineiras ou terreno aberto.<\/p>\n<p><strong><img decoding=\"async\" style=\"margin-right: 12px;\" src=\"https:\/\/www.ferberpainting.com\/wp-content\/uploads\/2026\/02\/Check.svg\" alt=\"\" width=\"18\" height=\"15\" \/>Econ\u00f3mico e duradouro.<\/strong>\u00a0Gra\u00e7as \u00e0 sua f\u00f3rmula concentrada, este fertilizante garante uma fertiliza\u00e7\u00e3o eficaz com uma pequena quantidade de produto. Com 5 ml dilu\u00eddos em 1 litro de \u00e1gua, uma lata de 5 litros prepara at\u00e9 1000 litros de solu\u00e7\u00e3o fertilizante, garantindo uma utiliza\u00e7\u00e3o duradoura e econ\u00f3mica.<\/p>\n<p><strong><img decoding=\"async\" style=\"margin-right: 12px;\" src=\"https:\/\/www.ferberpainting.com\/wp-content\/uploads\/2026\/02\/Check.svg\" alt=\"\" width=\"18\" height=\"15\" \/>Um fertilizante seguro para o ambiente.<\/strong>\u00a0Este fertilizante \u00e9 produzido sem aditivos t\u00f3xicos ou res\u00edduos nocivos, o que o torna seguro para os solos e os microrganismos. \u00c9 ideal para uma cultura saud\u00e1vel e sustent\u00e1vel, sem impacto negativo no ambiente.<\/p>\n<p><strong><img decoding=\"async\" style=\"margin-right: 12px;\" src=\"https:\/\/www.ferberpainting.com\/wp-content\/uploads\/2026\/02\/Check.svg\" alt=\"\" width=\"18\" height=\"15\" \/>F\u00e1cil de utilizar e de r\u00e1pida absor\u00e7\u00e3o.<\/strong>\u00a0O adubo dissolve-se instantaneamente na \u00e1gua, garantindo uma r\u00e1pida absor\u00e7\u00e3o pelas ra\u00edzes e pelas folhas. Pode ser aplicado por rega na base da planta ou por pulveriza\u00e7\u00e3o foliar, garantindo uma distribui\u00e7\u00e3o homog\u00e9nea dos nutrientes e uma assimila\u00e7\u00e3o imediata.<\/p>\n<p><strong><img decoding=\"async\" style=\"margin-right: 12px;\" src=\"https:\/\/www.ferberpainting.com\/wp-content\/uploads\/2026\/02\/Check.svg\" alt=\"\" width=\"18\" height=\"15\" \/>Um fornecimento consistente e equilibrado de nutrientes.<\/strong>\u00a0Ao contr\u00e1rio dos fertilizantes granulados que libertam os seus elementos de forma progressiva e irregular, este fertilizante l\u00edquido assegura uma distribui\u00e7\u00e3o uniforme dos nutrientes, permitindo um crescimento est\u00e1vel e controlado das Zamioculcas. Promove uma folhagem verde profunda e uma estrutura robusta, ao mesmo tempo que fortalece a planta contra o stress h\u00eddrico e as defici\u00eancias.<\/p>\n<p><strong><img decoding=\"async\" style=\"margin-right: 12px;\" src=\"https:\/\/www.ferberpainting.com\/wp-content\/uploads\/2026\/02\/Check.svg\" alt=\"\" width=\"18\" height=\"15\" \/>Resultados vis\u00edveis num curto espa\u00e7o de tempo.<\/strong>\u00a0Nas primeiras semanas de aplica\u00e7\u00e3o, observar-se-\u00e1 um aumento da densidade da folhagem, uma cor mais profunda das folhas e um crescimento mais r\u00e1pido de novos rebentos. Este fertilizante aumenta a atividade das ra\u00edzes, fortalece os tecidos das plantas e optimiza a reten\u00e7\u00e3o de \u00e1gua, o que melhora a resist\u00eancia a condi\u00e7\u00f5es secas.<\/p>\n<p><strong><img decoding=\"async\" style=\"margin-right: 12px;\" src=\"https:\/\/www.ferberpainting.com\/wp-content\/uploads\/2026\/02\/Check.svg\" alt=\"\" width=\"18\" height=\"15\" \/>Adaptado \u00e0s necessidades espec\u00edficas da Zamioculcas.<\/strong>\u00a0Gra\u00e7as ao seu equil\u00edbrio perfeito de azoto, f\u00f3sforo e pot\u00e1ssio, este fertilizante estimula o desenvolvimento das folhas e das ra\u00edzes, refor\u00e7ando simultaneamente a planta contra as doen\u00e7as e o amarelecimento das folhas. O azoto favorece um crescimento vigoroso, o f\u00f3sforo melhora o enraizamento e a resist\u00eancia dos caules e o pot\u00e1ssio aumenta a resist\u00eancia \u00e0s doen\u00e7as e \u00e0s pragas.<\/p>\n<h2><strong>Protocolo de utiliza\u00e7\u00e3o<\/strong><\/h2>\n<ul>\n<li><strong>Per\u00edodo de candidatura <\/strong>: Aplicar o fertilizante da primavera ao outono, per\u00edodo durante o qual a Zamioculcas se encontra na sua fase de crescimento ativo. Reduzir a frequ\u00eancia de aplica\u00e7\u00e3o no inverno, quando a planta entra em dorm\u00eancia.<\/li>\n<li><strong>Prepara\u00e7\u00e3o da solu\u00e7\u00e3o <\/strong>: Diluir 5 ml de adubo em 1 litro de \u00e1gua para obter uma solu\u00e7\u00e3o equilibrada pronta a utilizar.<\/li>\n<li><strong>Aplica\u00e7\u00e3o de rega <\/strong>: Regar diretamente na base da planta, evitando molhar demasiado o substrato para evitar o apodrecimento das ra\u00edzes.<\/li>\n<li><strong>Pulveriza\u00e7\u00e3o foliar <\/strong>: Pulverizar ligeiramente as folhas para facilitar a r\u00e1pida absor\u00e7\u00e3o dos nutrientes e preservar o brilho da folhagem.<\/li>\n<li><strong>Frequ\u00eancia de aplica\u00e7\u00e3o <\/strong>: Aplicar uma vez de duas em duas semanas durante o per\u00edodo de crescimento ativo e uma vez por m\u00eas no inverno se a planta continuar a crescer.<\/li>\n<li><strong>Precau\u00e7\u00f5es de utiliza\u00e7\u00e3o <\/strong>: Evitar qualquer excesso de fertilizante, pois uma fertiliza\u00e7\u00e3o excessiva pode levar a um crescimento demasiado r\u00e1pido e enfraquecer a estrutura do caule.<\/li>\n<\/ul>\n<p>Gra\u00e7as a este fertilizante adaptado \u00e0s necessidades das Zamioculcas, a sua planta beneficiar\u00e1 de um fornecimento \u00f3timo de nutrientes, garantindo um crescimento saud\u00e1vel, uma folhagem exuberante e uma maior resist\u00eancia \u00e0s doen\u00e7as e \u00e0s varia\u00e7\u00f5es clim\u00e1ticas.<\/p>","protected":false},"excerpt":{"rendered":"<p>A fertilizer specially designed for Zamioculcas.\u00a0Zamioculcas, also known as the ZZ plant, is a hardy indoor plant that requires adapted fertilization to maintain vibrant foliage, steady growth, and strong resistance to diseases. This fertilizer, formulated with an NPK ratio of 15-15-15, provides a balanced supply of essential nutrients, allowing Zamioculcas to develop thick foliage, strong [&hellip;]<\/p>\n","protected":false},"featured_media":27487,"comment_status":"open","ping_status":"closed","template":"","meta":{"_uag_custom_page_level_css":"","site-sidebar-layout":"default","site-content-layout":"","ast-site-content-layout":"default","site-content-style":"default","site-sidebar-style":"default","ast-global-header-display":"","ast-banner-title-visibility":"","ast-main-header-display":"","ast-hfb-above-header-display":"","ast-hfb-below-header-display":"","ast-hfb-mobile-header-display":"","site-post-title":"","ast-breadcrumbs-content":"","ast-featured-img":"","footer-sml-layout":"","ast-disable-related-posts":"","theme-transparent-header-meta":"default","adv-header-id-meta":"","stick-header-meta":"","header-above-stick-meta":"","header-main-stick-meta":"","header-below-stick-meta":"","astra-migrate-meta-layouts":"set","ast-page-background-enabled":"default","ast-page-background-meta":{"desktop":{"background-color":"var(--ast-global-color-4)","background-image":"","background-repeat":"repeat","background-position":"center center","background-size":"auto","background-attachment":"scroll","background-type":"","background-media":"","overlay-type":"","overlay-color":"","overlay-opacity":"","overlay-gradient":""},"tablet":{"background-color":"","background-image":"","background-repeat":"repeat","background-position":"center center","background-size":"auto","background-attachment":"scroll","background-type":"","background-media":"","overlay-type":"","overlay-color":"","overlay-opacity":"","overlay-gradient":""},"mobile":{"background-color":"","background-image":"","background-repeat":"repeat","background-position":"center center","background-size":"auto","background-attachment":"scroll","background-type":"","background-media":"","overlay-type":"","overlay-color":"","overlay-opacity":"","overlay-gradient":""}},"ast-content-background-meta":{"desktop":{"background-color":"var(--ast-global-color-5)","background-image":"","background-repeat":"repeat","background-position":"center center","background-size":"auto","background-attachment":"scroll","background-type":"","background-media":"","overlay-type":"","overlay-color":"","overlay-opacity":"","overlay-gradient":""},"tablet":{"background-color":"var(--ast-global-color-5)","background-image":"","background-repeat":"repeat","background-position":"center center","background-size":"auto","background-attachment":"scroll","background-type":"","background-media":"","overlay-type":"","overlay-color":"","overlay-opacity":"","overlay-gradient":""},"mobile":{"background-color":"var(--ast-global-color-5)","background-image":"","background-repeat":"repeat","background-position":"center center","background-size":"auto","background-attachment":"scroll","background-type":"","background-media":"","overlay-type":"","overlay-color":"","overlay-opacity":"","overlay-gradient":""}}},"product_brand":[],"product_cat":[178],"product_tag":[],"class_list":{"0":"post-25696","1":"product","2":"type-product","3":"status-publish","4":"has-post-thumbnail","6":"product_cat-fertilizers","7":"desktop-align-left","8":"tablet-align-left","9":"mobile-align-left","11":"first","12":"instock","13":"sale","14":"taxable","15":"shipping-taxable","16":"purchasable","17":"product-type-variable","18":"has-default-attributes"},"spectra_custom_meta":{"_visibility":["visible"],"_shopify_product_id":["9073318854901"],"_s2w_shopify_domain":["ferberpainting.myshopify.com"],"_shopify_variant_id":["46524612542709"],"_sku":[""],"_manage_stock":["no"],"total_sales":["3"],"_tax_status":["taxable"],"_tax_class":[""],"_backorders":["no"],"_sold_individually":["no"],"_virtual":["no"],"_downloadable":["no"],"_download_limit":["-1"],"_download_expiry":["-1"],"_stock":[null],"_stock_status":["instock"],"_wc_average_rating":["4.57"],"_wc_review_count":["7"],"_product_attributes":["a:1:{s:6:\"volume\";a:6:{s:4:\"name\";s:6:\"Volume\";s:5:\"value\";s:20:\"5 liters | 25 liters\";s:8:\"position\";i:1;s:10:\"is_visible\";i:0;s:12:\"is_variation\";i:1;s:11:\"is_taxonomy\";i:0;}}"],"_product_version":["10.5.2"],"_thumbnail_id":["27487"],"_product_image_gallery":["27488"],"_edit_lock":["1771405859:1"],"_edit_last":["1"],"_wp_page_template":["default"],"site-sidebar-layout":["default"],"ast-site-content-layout":["default"],"site-content-style":["default"],"site-sidebar-style":["default"],"theme-transparent-header-meta":["default"],"wpse_downloadable_file_names":[""],"wpse_downloadable_file_urls":[""],"_default_attributes":["a:1:{s:6:\"volume\";s:8:\"5 liters\";}"],"_price":["29.90","129.90"],"merchant-center-availability":["yes"],"merchant-center-category":["113"],"_wc_rating_count":["a:2:{i:4;i:3;i:5;i:4;}"],"astra-migrate-meta-layouts":["set"],"_uag_css_file_name":["uag-css-25696.css"],"_elementor_page_assets":["a:0:{}"],"_uag_page_assets":["a:9:{s:3:\"css\";s:7133:\".uag-blocks-common-selector{z-index:var(--z-index-desktop) !important}@media(max-width: 976px){.uag-blocks-common-selector{z-index:var(--z-index-tablet) !important}}@media(max-width: 767px){.uag-blocks-common-selector{z-index:var(--z-index-mobile) !important}}.wp-block-uagb-image{display:flex}.wp-block-uagb-image__figure{position:relative;display:flex;flex-direction:column;max-width:100%;height:auto;margin:0}.wp-block-uagb-image__figure img{height:auto;display:flex;max-width:100%;transition:box-shadow .2s ease}.wp-block-uagb-image__figure>a{display:inline-block}.wp-block-uagb-image__figure figcaption{text-align:center;margin-top:.5em;margin-bottom:1em}.wp-block-uagb-image .components-placeholder.block-editor-media-placeholder .components-placeholder__instructions{align-self:center}.wp-block-uagb-image--align-left{text-align:left}.wp-block-uagb-image--align-right{text-align:right}.wp-block-uagb-image--align-center{text-align:center}.wp-block-uagb-image--align-full .wp-block-uagb-image__figure{margin-left:calc(50% - 50vw);margin-right:calc(50% - 50vw);max-width:100vw;width:100vw;height:auto}.wp-block-uagb-image--align-full .wp-block-uagb-image__figure img{height:auto;width:100% !important}.wp-block-uagb-image--align-wide .wp-block-uagb-image__figure img{height:auto;width:100%}.wp-block-uagb-image--layout-overlay__color-wrapper{position:absolute;left:0;top:0;right:0;bottom:0;opacity:.2;background:rgba(0,0,0,.5);transition:opacity .35s ease-in-out}.wp-block-uagb-image--layout-overlay-link{position:absolute;left:0;right:0;bottom:0;top:0}.wp-block-uagb-image--layout-overlay .wp-block-uagb-image__figure:hover .wp-block-uagb-image--layout-overlay__color-wrapper{opacity:1}.wp-block-uagb-image--layout-overlay__inner{position:absolute;left:15px;right:15px;bottom:15px;top:15px;display:flex;align-items:center;justify-content:center;flex-direction:column;border-color:#fff;transition:.35s ease-in-out}.wp-block-uagb-image--layout-overlay__inner.top-left,.wp-block-uagb-image--layout-overlay__inner.top-center,.wp-block-uagb-image--layout-overlay__inner.top-right{justify-content:flex-start}.wp-block-uagb-image--layout-overlay__inner.bottom-left,.wp-block-uagb-image--layout-overlay__inner.bottom-center,.wp-block-uagb-image--layout-overlay__inner.bottom-right{justify-content:flex-end}.wp-block-uagb-image--layout-overlay__inner.top-left,.wp-block-uagb-image--layout-overlay__inner.center-left,.wp-block-uagb-image--layout-overlay__inner.bottom-left{align-items:flex-start}.wp-block-uagb-image--layout-overlay__inner.top-right,.wp-block-uagb-image--layout-overlay__inner.center-right,.wp-block-uagb-image--layout-overlay__inner.bottom-right{align-items:flex-end}.wp-block-uagb-image--layout-overlay__inner .uagb-image-heading{color:#fff;transition:transform .35s,opacity .35s ease-in-out;transform:translate3d(0, 24px, 0);margin:0;line-height:1em}.wp-block-uagb-image--layout-overlay__inner .uagb-image-separator{width:30%;border-top-width:2px;border-top-color:#fff;border-top-style:solid;margin-bottom:10px;opacity:0;transition:transform .4s,opacity .4s ease-in-out;transform:translate3d(0, 30px, 0)}.wp-block-uagb-image--layout-overlay__inner .uagb-image-caption{opacity:0;overflow:visible;color:#fff;transition:transform .45s,opacity .45s ease-in-out;transform:translate3d(0, 35px, 0)}.wp-block-uagb-image--layout-overlay__inner:hover .uagb-image-heading,.wp-block-uagb-image--layout-overlay__inner:hover .uagb-image-separator,.wp-block-uagb-image--layout-overlay__inner:hover .uagb-image-caption{opacity:1;transform:translate3d(0, 0, 0)}.wp-block-uagb-image--effect-zoomin .wp-block-uagb-image__figure img,.wp-block-uagb-image--effect-zoomin .wp-block-uagb-image__figure .wp-block-uagb-image--layout-overlay__color-wrapper{transform:scale(1);transition:transform .35s ease-in-out}.wp-block-uagb-image--effect-zoomin .wp-block-uagb-image__figure:hover img,.wp-block-uagb-image--effect-zoomin .wp-block-uagb-image__figure:hover .wp-block-uagb-image--layout-overlay__color-wrapper{transform:scale(1.05)}.wp-block-uagb-image--effect-slide .wp-block-uagb-image__figure img,.wp-block-uagb-image--effect-slide .wp-block-uagb-image__figure .wp-block-uagb-image--layout-overlay__color-wrapper{width:calc(100% + 40px) !important;max-width:none !important;transform:translate3d(-40px, 0, 0);transition:transform .35s ease-in-out}.wp-block-uagb-image--effect-slide .wp-block-uagb-image__figure:hover img,.wp-block-uagb-image--effect-slide .wp-block-uagb-image__figure:hover .wp-block-uagb-image--layout-overlay__color-wrapper{transform:translate3d(0, 0, 0)}.wp-block-uagb-image--effect-grayscale img{filter:grayscale(0%);transition:.35s ease-in-out}.wp-block-uagb-image--effect-grayscale:hover img{filter:grayscale(100%)}.wp-block-uagb-image--effect-blur img{filter:blur(0);transition:.35s ease-in-out}.wp-block-uagb-image--effect-blur:hover img{filter:blur(3px)}.uagb-block-e6f939b3.wp-block-uagb-image--layout-default figure img{box-shadow: 0px 0px 0 #00000070;}.uagb-block-e6f939b3.wp-block-uagb-image .wp-block-uagb-image__figure figcaption{font-style: normal;align-self: center;}.uagb-block-e6f939b3.wp-block-uagb-image--layout-overlay figure img{box-shadow: 0px 0px 0 #00000070;}.uagb-block-e6f939b3.wp-block-uagb-image--layout-overlay .wp-block-uagb-image--layout-overlay__color-wrapper{opacity: 0.2;}.uagb-block-e6f939b3.wp-block-uagb-image--layout-overlay .wp-block-uagb-image--layout-overlay__inner{left: 15px;right: 15px;top: 15px;bottom: 15px;}.uagb-block-e6f939b3.wp-block-uagb-image--layout-overlay .wp-block-uagb-image--layout-overlay__inner .uagb-image-heading{font-style: normal;color: #fff;opacity: 1;}.uagb-block-e6f939b3.wp-block-uagb-image--layout-overlay .wp-block-uagb-image--layout-overlay__inner .uagb-image-heading a{color: #fff;}.uagb-block-e6f939b3.wp-block-uagb-image--layout-overlay .wp-block-uagb-image--layout-overlay__inner .uagb-image-caption{opacity: 0;}.uagb-block-e6f939b3.wp-block-uagb-image--layout-overlay .wp-block-uagb-image__figure:hover .wp-block-uagb-image--layout-overlay__color-wrapper{opacity: 1;}.uagb-block-e6f939b3.wp-block-uagb-image .wp-block-uagb-image--layout-overlay__inner .uagb-image-separator{width: 30%;border-top-width: 2px;border-top-color: #fff;opacity: 0;}.uagb-block-e6f939b3.wp-block-uagb-image .wp-block-uagb-image__figure img{width: px;height: auto;}.uagb-block-e6f939b3.wp-block-uagb-image .wp-block-uagb-image__figure:hover .wp-block-uagb-image--layout-overlay__inner .uagb-image-caption{opacity: 1;}.uagb-block-e6f939b3.wp-block-uagb-image .wp-block-uagb-image__figure:hover .wp-block-uagb-image--layout-overlay__inner .uagb-image-separator{opacity: 1;}.uagb-block-e6f939b3.wp-block-uagb-image--layout-default figure:hover img{box-shadow: 0px 0px 0 #00000070;}.uagb-block-e6f939b3.wp-block-uagb-image--layout-overlay figure:hover img{box-shadow: 0px 0px 0 #00000070;}@media only screen and (max-width: 976px) {.uagb-block-e6f939b3.wp-block-uagb-image .wp-block-uagb-image__figure img{width: px;height: auto;}}@media only screen and (max-width: 767px) {.uagb-block-e6f939b3.wp-block-uagb-image .wp-block-uagb-image__figure img{width: px;height: auto;}}\";s:2:\"js\";s:0:\"\";s:18:\"current_block_list\";a:13:{i:0;s:11:\"core\/search\";i:1;s:10:\"core\/group\";i:2;s:12:\"core\/heading\";i:3;s:17:\"core\/latest-posts\";i:4;s:20:\"core\/latest-comments\";i:5;s:13:\"core\/archives\";i:6;s:15:\"core\/categories\";i:7;s:14:\"core\/paragraph\";i:8;s:10:\"uagb\/image\";i:9;s:11:\"core\/spacer\";i:10;s:30:\"woocommerce\/product-categories\";i:11;s:10:\"core\/image\";i:12;s:14:\"core\/shortcode\";}s:8:\"uag_flag\";b:1;s:11:\"uag_version\";s:10:\"1777357006\";s:6:\"gfonts\";a:0:{}s:10:\"gfonts_url\";s:0:\"\";s:12:\"gfonts_files\";a:0:{}s:14:\"uag_faq_layout\";b:0;}"]},"uagb_featured_image_src":{"full":["https:\/\/www.ferberpainting.com\/wp-content\/uploads\/2025\/05\/ZamioculcasFertilizer5L.png",2560,2560,false],"thumbnail":["https:\/\/www.ferberpainting.com\/wp-content\/uploads\/2025\/05\/ZamioculcasFertilizer5L-150x150.png",150,150,true],"medium":["https:\/\/www.ferberpainting.com\/wp-content\/uploads\/2025\/05\/ZamioculcasFertilizer5L-300x300.png",300,300,true],"medium_large":["https:\/\/www.ferberpainting.com\/wp-content\/uploads\/2025\/05\/ZamioculcasFertilizer5L-768x768.png",768,768,true],"large":["https:\/\/www.ferberpainting.com\/wp-content\/uploads\/2025\/05\/ZamioculcasFertilizer5L-1024x1024.png",1024,1024,true],"1536x1536":["https:\/\/www.ferberpainting.com\/wp-content\/uploads\/2025\/05\/ZamioculcasFertilizer5L-1536x1536.png",1536,1536,true],"2048x2048":["https:\/\/www.ferberpainting.com\/wp-content\/uploads\/2025\/05\/ZamioculcasFertilizer5L-2048x2048.png",2048,2048,true],"trp-custom-language-flag":["https:\/\/www.ferberpainting.com\/wp-content\/uploads\/2025\/05\/ZamioculcasFertilizer5L-12x12.png",12,12,true],"woocommerce_thumbnail":["https:\/\/www.ferberpainting.com\/wp-content\/uploads\/2025\/05\/ZamioculcasFertilizer5L-300x300.png",300,300,true],"woocommerce_single":["https:\/\/www.ferberpainting.com\/wp-content\/uploads\/2025\/05\/ZamioculcasFertilizer5L-600x600.png",600,600,true],"woocommerce_gallery_thumbnail":["https:\/\/www.ferberpainting.com\/wp-content\/uploads\/2025\/05\/ZamioculcasFertilizer5L-100x100.png",100,100,true]},"uagb_author_info":{"display_name":"admin","author_link":"https:\/\/www.ferberpainting.com\/pt\/author\/"},"uagb_comment_info":7,"uagb_excerpt":"A fertilizer specially designed for Zamioculcas.\u00a0Zamioculcas, also known as the ZZ plant, is a hardy indoor plant that requires adapted fertilization to maintain vibrant foliage, steady growth, and strong resistance to diseases. This fertilizer, formulated with an NPK ratio of 15-15-15, provides a balanced supply of essential nutrients, allowing Zamioculcas to develop thick foliage, strong&hellip;","_links":{"self":[{"href":"https:\/\/www.ferberpainting.com\/pt\/wp-json\/wp\/v2\/product\/25696","targetHints":{"allow":["GET"]}}],"collection":[{"href":"https:\/\/www.ferberpainting.com\/pt\/wp-json\/wp\/v2\/product"}],"about":[{"href":"https:\/\/www.ferberpainting.com\/pt\/wp-json\/wp\/v2\/types\/product"}],"replies":[{"embeddable":true,"href":"https:\/\/www.ferberpainting.com\/pt\/wp-json\/wp\/v2\/comments?post=25696"}],"version-history":[{"count":4,"href":"https:\/\/www.ferberpainting.com\/pt\/wp-json\/wp\/v2\/product\/25696\/revisions"}],"predecessor-version":[{"id":169193,"href":"https:\/\/www.ferberpainting.com\/pt\/wp-json\/wp\/v2\/product\/25696\/revisions\/169193"}],"wp:featuredmedia":[{"embeddable":true,"href":"https:\/\/www.ferberpainting.com\/pt\/wp-json\/wp\/v2\/media\/27487"}],"wp:attachment":[{"href":"https:\/\/www.ferberpainting.com\/pt\/wp-json\/wp\/v2\/media?parent=25696"}],"wp:term":[{"taxonomy":"product_brand","embeddable":true,"href":"https:\/\/www.ferberpainting.com\/pt\/wp-json\/wp\/v2\/product_brand?post=25696"},{"taxonomy":"product_cat","embeddable":true,"href":"https:\/\/www.ferberpainting.com\/pt\/wp-json\/wp\/v2\/product_cat?post=25696"},{"taxonomy":"product_tag","embeddable":true,"href":"https:\/\/www.ferberpainting.com\/pt\/wp-json\/wp\/v2\/product_tag?post=25696"}],"curies":[{"name":"wp","href":"https:\/\/api.w.org\/{rel}","templated":true}]}}