{"id":25605,"date":"2025-06-30T18:58:26","date_gmt":"2025-06-30T16:58:26","guid":{"rendered":"https:\/\/www.ferberpainting.com\/?post_type=product&#038;p=25605"},"modified":"2026-02-16T13:54:24","modified_gmt":"2026-02-16T12:54:24","slug":"tumble-dryer-cleaner","status":"publish","type":"product","link":"https:\/\/www.ferberpainting.com\/pt\/products\/tumble-dryer-cleaner\/","title":{"rendered":"Limpador de m\u00e1quina de secar roupa"},"content":{"rendered":"<p><strong><img decoding=\"async\" style=\"margin-right: 12px;\" src=\"https:\/\/www.ferberpainting.com\/wp-content\/uploads\/2026\/02\/Check.svg\" alt=\"\" width=\"18\" height=\"15\" \/>Efici\u00eancia \u00f3ptima.<\/strong> Este produto de limpeza para m\u00e1quinas de secar roupa foi especialmente concebido para eliminar eficazmente os res\u00edduos de detergente, os dep\u00f3sitos de calc\u00e1rio, o p\u00f3 t\u00eaxtil, bem como as acumula\u00e7\u00f5es de gordura e sujidade que se acumulam ao longo do tempo no aparelho. Gra\u00e7as \u00e0 sua f\u00f3rmula potente, limpa em profundidade o tambor, os filtros, as condutas de ventila\u00e7\u00e3o e os componentes internos da m\u00e1quina de secar. A sua a\u00e7\u00e3o contribui para garantir um desempenho \u00f3timo do aparelho, evitar o sobreaquecimento, prolongar a vida \u00fatil do motor e proporcionar uma secagem mais eficaz.<\/p>\n<p><strong><img decoding=\"async\" style=\"margin-right: 12px;\" src=\"https:\/\/www.ferberpainting.com\/wp-content\/uploads\/2026\/02\/Check.svg\" alt=\"\" width=\"18\" height=\"15\" \/>Garantia de devolu\u00e7\u00e3o do dinheiro.<\/strong>\u00a0Confiamos plenamente na efic\u00e1cia do nosso produto de limpeza. Se, ap\u00f3s a utiliza\u00e7\u00e3o, n\u00e3o ficar totalmente satisfeito com os resultados, tem direito a um reembolso total. Experimente o nosso produto com toda a tranquilidade e desfrute de uma m\u00e1quina de secar roupa com uma manuten\u00e7\u00e3o perfeita, sem esfor\u00e7o e sem riscos.<\/p>\n<p><strong><img decoding=\"async\" style=\"margin-right: 12px;\" src=\"https:\/\/www.ferberpainting.com\/wp-content\/uploads\/2026\/02\/Check.svg\" alt=\"\" width=\"18\" height=\"15\" \/>Versatilidade excecional.<\/strong> Este produto de limpeza n\u00e3o se limita \u00e0s m\u00e1quinas de secar roupa, sendo tamb\u00e9m eficaz na limpeza de condutas de ventila\u00e7\u00e3o de m\u00e1quinas de lavar e secar roupa, grelhas de ventila\u00e7\u00e3o, sensores de humidade e filtros de cot\u00e3o. Funciona numa grande variedade de materiais, tais como a\u00e7o inoxid\u00e1vel, alum\u00ednio, pl\u00e1stico, borracha, vidro e at\u00e9 mesmo em algumas superf\u00edcies lacadas. Gra\u00e7as \u00e0 sua versatilidade, permite a manuten\u00e7\u00e3o completa do aparelho e dos respectivos componentes, garantindo um desempenho \u00f3timo e uma higiene impec\u00e1vel.<\/p>\n<p><strong><img decoding=\"async\" style=\"margin-right: 12px;\" src=\"https:\/\/www.ferberpainting.com\/wp-content\/uploads\/2026\/02\/Check.svg\" alt=\"\" width=\"18\" height=\"15\" \/>Desempenho rent\u00e1vel. <\/strong>Gra\u00e7as ao seu formato de recipiente de 5 litros e \u00e0 sua elevada concentra\u00e7\u00e3o, este produto de limpeza oferece uma excelente rela\u00e7\u00e3o qualidade\/pre\u00e7o. Uma pequena quantidade \u00e9 suficiente para limpar v\u00e1rios ciclos de secagem e v\u00e1rios componentes do aparelho. Em m\u00e9dia, um litro de produto pode tratar at\u00e9 30 ciclos de manuten\u00e7\u00e3o, o que o torna uma solu\u00e7\u00e3o econ\u00f3mica e eficiente para uma utiliza\u00e7\u00e3o regular ou intensiva.<\/p>\n<p><strong><img decoding=\"async\" style=\"margin-right: 12px;\" src=\"https:\/\/www.ferberpainting.com\/wp-content\/uploads\/2026\/02\/Check.svg\" alt=\"\" width=\"18\" height=\"15\" \/>Utiliza\u00e7\u00e3o segura.<\/strong>\u00a0Ao contr\u00e1rio dos produtos que cont\u00eam subst\u00e2ncias corrosivas ou agentes agressivos que podem danificar os componentes electr\u00f3nicos ou enfraquecer as veda\u00e7\u00f5es do secador, este produto de limpeza \u00e9 formulado sem solventes perigosos ou produtos t\u00f3xicos. N\u00e3o emite vapores irritantes e respeita os materiais delicados. A sua a\u00e7\u00e3o suave mas eficaz garante uma limpeza segura, mesmo na presen\u00e7a de crian\u00e7as ou de animais dom\u00e9sticos.<\/p>\n<p><strong><img decoding=\"async\" style=\"margin-right: 12px;\" src=\"https:\/\/www.ferberpainting.com\/wp-content\/uploads\/2026\/02\/Check.svg\" alt=\"\" width=\"18\" height=\"15\" \/>Facilidade de utiliza\u00e7\u00e3o.<\/strong>\u00a0Este produto est\u00e1 pronto a usar e n\u00e3o requer dilui\u00e7\u00e3o ou prepara\u00e7\u00e3o complexa. Aplica-se diretamente nas superf\u00edcies internas e externas do secador com um pano ou um frasco de spray. A sua a\u00e7\u00e3o r\u00e1pida elimina as impurezas em segundos, sem necessidade de enxaguamento ou de esfor\u00e7o excessivo. A sua aplica\u00e7\u00e3o intuitiva torna-o acess\u00edvel a todos, mesmo \u00e0queles que n\u00e3o t\u00eam experi\u00eancia na manuten\u00e7\u00e3o de aparelhos.<\/p>\n<p><strong><img decoding=\"async\" style=\"margin-right: 12px;\" src=\"https:\/\/www.ferberpainting.com\/wp-content\/uploads\/2026\/02\/Check.svg\" alt=\"\" width=\"18\" height=\"15\" \/>Durabilidade alargada.<\/strong>\u00a0Ao remover eficazmente o calc\u00e1rio, o p\u00f3 e os res\u00edduos t\u00eaxteis, este produto de limpeza ajuda a prolongar a vida \u00fatil da m\u00e1quina de secar e a otimizar a sua efici\u00eancia. Evita o entupimento das condutas de ventila\u00e7\u00e3o, reduz o desgaste dos vedantes e melhora o fluxo de ar, assegurando uma melhor evacua\u00e7\u00e3o da humidade e um menor consumo de energia. A manuten\u00e7\u00e3o regular com este produto ajuda a evitar avarias dispendiosas e garante um desempenho \u00f3timo a longo prazo.<\/p>\n<p><strong><img decoding=\"async\" style=\"margin-right: 12px;\" src=\"https:\/\/www.ferberpainting.com\/wp-content\/uploads\/2026\/02\/Check.svg\" alt=\"\" width=\"18\" height=\"15\" \/>A\u00e7\u00e3o r\u00e1pida.<\/strong>\u00a0Gra\u00e7as \u00e0 sua f\u00f3rmula altamente ativa, este produto de limpeza actua imediatamente sobre as impurezas e os dep\u00f3sitos incrustados. Em apenas alguns minutos, dissolve os res\u00edduos e facilita a sua remo\u00e7\u00e3o sem exigir uma desmontagem complexa do aparelho. Permite uma limpeza r\u00e1pida e eficaz - ideal para uma manuten\u00e7\u00e3o descomplicada da m\u00e1quina de secar roupa, garantindo uma secagem mais eficaz e uniforme da roupa.<\/p>\n<h2><strong>Protocolo de utiliza\u00e7\u00e3o<\/strong><\/h2>\n<ul>\n<li><strong>Prepara\u00e7\u00e3o <\/strong>: Certificar-se de que a m\u00e1quina de secar roupa est\u00e1 desligada e vazia antes de aplicar o produto. Assegurar que o filtro de cot\u00e3o est\u00e1 acess\u00edvel para uma limpeza profunda.<\/li>\n<li><strong style=\"font-size: 16px;\">Aplica\u00e7\u00e3o em tambores e filtros <\/strong><span style=\"font-size: 16px;\">: Deite uma pequena quantidade de produto de limpeza num pano limpo ou numa esponja n\u00e3o abrasiva e aplique uniformemente na superf\u00edcie interior do tambor. Limpe tamb\u00e9m os filtros de cot\u00e3o aplicando o produto e esfregando suavemente para remover os res\u00edduos acumulados.<\/span><\/li>\n<li><strong style=\"font-size: 16px;\">Limpeza das condutas de ventila\u00e7\u00e3o <\/strong><span style=\"font-size: 16px;\">: Utilizar um frasco de spray ou um pano embebido em produto para o aplicar nas grelhas de ventila\u00e7\u00e3o e nas condutas de exaust\u00e3o de ar. Deixar atuar durante alguns minutos para que o produto dissolva as impurezas antes de limpar com um pano seco.<\/span><\/li>\n<li><strong style=\"font-size: 16px;\">Limpeza de sensores de humidade <\/strong><span style=\"font-size: 16px;\">: Aplique uma pequena quantidade de produto num pano de microfibras e limpe suavemente os sensores de humidade localizados no interior do tambor. Isto ajuda a otimizar a dete\u00e7\u00e3o da humidade e a melhorar a efici\u00eancia da secagem.<\/span><\/li>\n<li><strong style=\"font-size: 16px;\">Enxaguamento e acabamento <\/strong><span style=\"font-size: 16px;\">: Limpe com um pano h\u00famido para retirar o excesso de produto e, em seguida, seque com um pano limpo e seco.<\/span><\/li>\n<li><strong style=\"font-size: 16px;\">Executar um ciclo de limpeza <\/strong><span style=\"font-size: 16px;\">: Para uma limpeza profunda, execute um ciclo de secagem em vazio durante 10 minutos para remover quaisquer part\u00edculas restantes e garantir um funcionamento \u00f3timo da m\u00e1quina de secar.<\/span><\/li>\n<li><strong style=\"font-size: 16px;\">Frequ\u00eancia de utiliza\u00e7\u00e3o <\/strong><span style=\"font-size: 16px;\">: Aplicar uma vez por m\u00eas para uma manuten\u00e7\u00e3o regular e para evitar a acumula\u00e7\u00e3o de res\u00edduos. Para as m\u00e1quinas de secar muito utilizadas, recomenda-se a limpeza de duas em duas semanas.<\/span><\/li>\n<li><strong style=\"font-size: 16px;\">Armazenamento <\/strong><span style=\"font-size: 16px;\">: Fechar bem o recipiente ap\u00f3s cada utiliza\u00e7\u00e3o e guard\u00e1-lo num local fresco e seco, ao abrigo da luz e de temperaturas extremas, para preservar a efic\u00e1cia do produto a longo prazo.<\/span><\/li>\n<\/ul>\n<p>Com o nosso produto de limpeza para m\u00e1quinas de secar roupa, assegure uma manuten\u00e7\u00e3o \u00f3ptima do seu aparelho, prolongue a sua vida \u00fatil e melhore a efic\u00e1cia de secagem da sua roupa. Uma solu\u00e7\u00e3o ideal para uma roupa sempre fresca, um consumo de energia reduzido e uma m\u00e1quina de secar perfeitamente conservada.<\/p>","protected":false},"excerpt":{"rendered":"<p>Optimal Efficiency. This tumble dryer cleaner is specially designed to effectively eliminate detergent residues, limescale deposits, textile dust, as well as grease and dirt buildup that accumulates over time in the appliance. Thanks to its powerful formula, it deeply cleans the drum, filters, ventilation ducts, and internal components of the dryer. Its action helps ensure [&hellip;]<\/p>\n","protected":false},"featured_media":35828,"comment_status":"open","ping_status":"closed","template":"","meta":{"_uag_custom_page_level_css":"","site-sidebar-layout":"default","site-content-layout":"","ast-site-content-layout":"default","site-content-style":"default","site-sidebar-style":"default","ast-global-header-display":"","ast-banner-title-visibility":"","ast-main-header-display":"","ast-hfb-above-header-display":"","ast-hfb-below-header-display":"","ast-hfb-mobile-header-display":"","site-post-title":"","ast-breadcrumbs-content":"","ast-featured-img":"","footer-sml-layout":"","ast-disable-related-posts":"","theme-transparent-header-meta":"default","adv-header-id-meta":"","stick-header-meta":"","header-above-stick-meta":"","header-main-stick-meta":"","header-below-stick-meta":"","astra-migrate-meta-layouts":"set","ast-page-background-enabled":"default","ast-page-background-meta":{"desktop":{"background-color":"var(--ast-global-color-4)","background-image":"","background-repeat":"repeat","background-position":"center center","background-size":"auto","background-attachment":"scroll","background-type":"","background-media":"","overlay-type":"","overlay-color":"","overlay-opacity":"","overlay-gradient":""},"tablet":{"background-color":"","background-image":"","background-repeat":"repeat","background-position":"center center","background-size":"auto","background-attachment":"scroll","background-type":"","background-media":"","overlay-type":"","overlay-color":"","overlay-opacity":"","overlay-gradient":""},"mobile":{"background-color":"","background-image":"","background-repeat":"repeat","background-position":"center center","background-size":"auto","background-attachment":"scroll","background-type":"","background-media":"","overlay-type":"","overlay-color":"","overlay-opacity":"","overlay-gradient":""}},"ast-content-background-meta":{"desktop":{"background-color":"var(--ast-global-color-5)","background-image":"","background-repeat":"repeat","background-position":"center center","background-size":"auto","background-attachment":"scroll","background-type":"","background-media":"","overlay-type":"","overlay-color":"","overlay-opacity":"","overlay-gradient":""},"tablet":{"background-color":"var(--ast-global-color-5)","background-image":"","background-repeat":"repeat","background-position":"center center","background-size":"auto","background-attachment":"scroll","background-type":"","background-media":"","overlay-type":"","overlay-color":"","overlay-opacity":"","overlay-gradient":""},"mobile":{"background-color":"var(--ast-global-color-5)","background-image":"","background-repeat":"repeat","background-position":"center center","background-size":"auto","background-attachment":"scroll","background-type":"","background-media":"","overlay-type":"","overlay-color":"","overlay-opacity":"","overlay-gradient":""}}},"product_brand":[],"product_cat":[175],"product_tag":[],"class_list":{"0":"post-25605","1":"product","2":"type-product","3":"status-publish","4":"has-post-thumbnail","6":"product_cat-cleaning-products","7":"desktop-align-left","8":"tablet-align-left","9":"mobile-align-left","11":"first","12":"instock","13":"sale","14":"taxable","15":"shipping-taxable","16":"purchasable","17":"product-type-variable","18":"has-default-attributes"},"spectra_custom_meta":{"_visibility":["visible"],"_shopify_product_id":["9106239291637"],"_s2w_shopify_domain":["ferberpainting.myshopify.com"],"_shopify_variant_id":["46625778696437"],"_sku":[""],"_manage_stock":["no"],"total_sales":["39"],"_tax_status":["taxable"],"_tax_class":[""],"_backorders":["no"],"_sold_individually":["no"],"_virtual":["no"],"_downloadable":["no"],"_download_limit":["-1"],"_download_expiry":["-1"],"_stock":[null],"_stock_status":["instock"],"_wc_average_rating":["5.00"],"_wc_review_count":["10"],"_product_attributes":["a:1:{s:6:\"volume\";a:6:{s:4:\"name\";s:6:\"Volume\";s:5:\"value\";s:20:\"5 liters | 25 liters\";s:8:\"position\";i:1;s:10:\"is_visible\";i:0;s:12:\"is_variation\";i:1;s:11:\"is_taxonomy\";i:0;}}"],"_product_version":["10.5.1"],"wpse_downloadable_file_names":[""],"wpse_downloadable_file_urls":[""],"_edit_last":["1"],"_default_attributes":["a:1:{s:6:\"volume\";s:8:\"5 liters\";}"],"_edit_lock":["1771246347:1"],"_price":["29.90","129.90"],"merchant-center-availability":["yes"],"merchant-center-category":["7462"],"_thumbnail_id":["35828"],"_wp_page_template":["default"],"_wp_old_date":["2025-05-26"],"_product_image_gallery":["35829"],"site-sidebar-layout":["default"],"ast-site-content-layout":["default"],"site-content-style":["default"],"site-sidebar-style":["default"],"theme-transparent-header-meta":["default"],"_wc_rating_count":["a:1:{i:5;i:10;}"],"astra-migrate-meta-layouts":["set"],"_uag_css_file_name":["uag-css-25605.css"],"_elementor_page_assets":["a:0:{}"],"_uag_page_assets":["a:9:{s:3:\"css\";s:7133:\".uag-blocks-common-selector{z-index:var(--z-index-desktop) !important}@media(max-width: 976px){.uag-blocks-common-selector{z-index:var(--z-index-tablet) !important}}@media(max-width: 767px){.uag-blocks-common-selector{z-index:var(--z-index-mobile) !important}}.wp-block-uagb-image{display:flex}.wp-block-uagb-image__figure{position:relative;display:flex;flex-direction:column;max-width:100%;height:auto;margin:0}.wp-block-uagb-image__figure img{height:auto;display:flex;max-width:100%;transition:box-shadow .2s ease}.wp-block-uagb-image__figure>a{display:inline-block}.wp-block-uagb-image__figure figcaption{text-align:center;margin-top:.5em;margin-bottom:1em}.wp-block-uagb-image .components-placeholder.block-editor-media-placeholder .components-placeholder__instructions{align-self:center}.wp-block-uagb-image--align-left{text-align:left}.wp-block-uagb-image--align-right{text-align:right}.wp-block-uagb-image--align-center{text-align:center}.wp-block-uagb-image--align-full .wp-block-uagb-image__figure{margin-left:calc(50% - 50vw);margin-right:calc(50% - 50vw);max-width:100vw;width:100vw;height:auto}.wp-block-uagb-image--align-full .wp-block-uagb-image__figure img{height:auto;width:100% !important}.wp-block-uagb-image--align-wide .wp-block-uagb-image__figure img{height:auto;width:100%}.wp-block-uagb-image--layout-overlay__color-wrapper{position:absolute;left:0;top:0;right:0;bottom:0;opacity:.2;background:rgba(0,0,0,.5);transition:opacity .35s ease-in-out}.wp-block-uagb-image--layout-overlay-link{position:absolute;left:0;right:0;bottom:0;top:0}.wp-block-uagb-image--layout-overlay .wp-block-uagb-image__figure:hover .wp-block-uagb-image--layout-overlay__color-wrapper{opacity:1}.wp-block-uagb-image--layout-overlay__inner{position:absolute;left:15px;right:15px;bottom:15px;top:15px;display:flex;align-items:center;justify-content:center;flex-direction:column;border-color:#fff;transition:.35s ease-in-out}.wp-block-uagb-image--layout-overlay__inner.top-left,.wp-block-uagb-image--layout-overlay__inner.top-center,.wp-block-uagb-image--layout-overlay__inner.top-right{justify-content:flex-start}.wp-block-uagb-image--layout-overlay__inner.bottom-left,.wp-block-uagb-image--layout-overlay__inner.bottom-center,.wp-block-uagb-image--layout-overlay__inner.bottom-right{justify-content:flex-end}.wp-block-uagb-image--layout-overlay__inner.top-left,.wp-block-uagb-image--layout-overlay__inner.center-left,.wp-block-uagb-image--layout-overlay__inner.bottom-left{align-items:flex-start}.wp-block-uagb-image--layout-overlay__inner.top-right,.wp-block-uagb-image--layout-overlay__inner.center-right,.wp-block-uagb-image--layout-overlay__inner.bottom-right{align-items:flex-end}.wp-block-uagb-image--layout-overlay__inner .uagb-image-heading{color:#fff;transition:transform .35s,opacity .35s ease-in-out;transform:translate3d(0, 24px, 0);margin:0;line-height:1em}.wp-block-uagb-image--layout-overlay__inner .uagb-image-separator{width:30%;border-top-width:2px;border-top-color:#fff;border-top-style:solid;margin-bottom:10px;opacity:0;transition:transform .4s,opacity .4s ease-in-out;transform:translate3d(0, 30px, 0)}.wp-block-uagb-image--layout-overlay__inner .uagb-image-caption{opacity:0;overflow:visible;color:#fff;transition:transform .45s,opacity .45s ease-in-out;transform:translate3d(0, 35px, 0)}.wp-block-uagb-image--layout-overlay__inner:hover .uagb-image-heading,.wp-block-uagb-image--layout-overlay__inner:hover .uagb-image-separator,.wp-block-uagb-image--layout-overlay__inner:hover .uagb-image-caption{opacity:1;transform:translate3d(0, 0, 0)}.wp-block-uagb-image--effect-zoomin .wp-block-uagb-image__figure img,.wp-block-uagb-image--effect-zoomin .wp-block-uagb-image__figure .wp-block-uagb-image--layout-overlay__color-wrapper{transform:scale(1);transition:transform .35s ease-in-out}.wp-block-uagb-image--effect-zoomin .wp-block-uagb-image__figure:hover img,.wp-block-uagb-image--effect-zoomin .wp-block-uagb-image__figure:hover .wp-block-uagb-image--layout-overlay__color-wrapper{transform:scale(1.05)}.wp-block-uagb-image--effect-slide .wp-block-uagb-image__figure img,.wp-block-uagb-image--effect-slide .wp-block-uagb-image__figure .wp-block-uagb-image--layout-overlay__color-wrapper{width:calc(100% + 40px) !important;max-width:none !important;transform:translate3d(-40px, 0, 0);transition:transform .35s ease-in-out}.wp-block-uagb-image--effect-slide .wp-block-uagb-image__figure:hover img,.wp-block-uagb-image--effect-slide .wp-block-uagb-image__figure:hover .wp-block-uagb-image--layout-overlay__color-wrapper{transform:translate3d(0, 0, 0)}.wp-block-uagb-image--effect-grayscale img{filter:grayscale(0%);transition:.35s ease-in-out}.wp-block-uagb-image--effect-grayscale:hover img{filter:grayscale(100%)}.wp-block-uagb-image--effect-blur img{filter:blur(0);transition:.35s ease-in-out}.wp-block-uagb-image--effect-blur:hover img{filter:blur(3px)}.uagb-block-e6f939b3.wp-block-uagb-image--layout-default figure img{box-shadow: 0px 0px 0 #00000070;}.uagb-block-e6f939b3.wp-block-uagb-image .wp-block-uagb-image__figure figcaption{font-style: normal;align-self: center;}.uagb-block-e6f939b3.wp-block-uagb-image--layout-overlay figure img{box-shadow: 0px 0px 0 #00000070;}.uagb-block-e6f939b3.wp-block-uagb-image--layout-overlay .wp-block-uagb-image--layout-overlay__color-wrapper{opacity: 0.2;}.uagb-block-e6f939b3.wp-block-uagb-image--layout-overlay .wp-block-uagb-image--layout-overlay__inner{left: 15px;right: 15px;top: 15px;bottom: 15px;}.uagb-block-e6f939b3.wp-block-uagb-image--layout-overlay .wp-block-uagb-image--layout-overlay__inner .uagb-image-heading{font-style: normal;color: #fff;opacity: 1;}.uagb-block-e6f939b3.wp-block-uagb-image--layout-overlay .wp-block-uagb-image--layout-overlay__inner .uagb-image-heading a{color: #fff;}.uagb-block-e6f939b3.wp-block-uagb-image--layout-overlay .wp-block-uagb-image--layout-overlay__inner .uagb-image-caption{opacity: 0;}.uagb-block-e6f939b3.wp-block-uagb-image--layout-overlay .wp-block-uagb-image__figure:hover .wp-block-uagb-image--layout-overlay__color-wrapper{opacity: 1;}.uagb-block-e6f939b3.wp-block-uagb-image .wp-block-uagb-image--layout-overlay__inner .uagb-image-separator{width: 30%;border-top-width: 2px;border-top-color: #fff;opacity: 0;}.uagb-block-e6f939b3.wp-block-uagb-image .wp-block-uagb-image__figure img{width: px;height: auto;}.uagb-block-e6f939b3.wp-block-uagb-image .wp-block-uagb-image__figure:hover .wp-block-uagb-image--layout-overlay__inner .uagb-image-caption{opacity: 1;}.uagb-block-e6f939b3.wp-block-uagb-image .wp-block-uagb-image__figure:hover .wp-block-uagb-image--layout-overlay__inner .uagb-image-separator{opacity: 1;}.uagb-block-e6f939b3.wp-block-uagb-image--layout-default figure:hover img{box-shadow: 0px 0px 0 #00000070;}.uagb-block-e6f939b3.wp-block-uagb-image--layout-overlay figure:hover img{box-shadow: 0px 0px 0 #00000070;}@media only screen and (max-width: 976px) {.uagb-block-e6f939b3.wp-block-uagb-image .wp-block-uagb-image__figure img{width: px;height: auto;}}@media only screen and (max-width: 767px) {.uagb-block-e6f939b3.wp-block-uagb-image .wp-block-uagb-image__figure img{width: px;height: auto;}}\";s:2:\"js\";s:0:\"\";s:18:\"current_block_list\";a:13:{i:0;s:11:\"core\/search\";i:1;s:10:\"core\/group\";i:2;s:12:\"core\/heading\";i:3;s:17:\"core\/latest-posts\";i:4;s:20:\"core\/latest-comments\";i:5;s:13:\"core\/archives\";i:6;s:15:\"core\/categories\";i:7;s:14:\"core\/paragraph\";i:8;s:10:\"uagb\/image\";i:9;s:11:\"core\/spacer\";i:10;s:30:\"woocommerce\/product-categories\";i:11;s:10:\"core\/image\";i:12;s:14:\"core\/shortcode\";}s:8:\"uag_flag\";b:1;s:11:\"uag_version\";s:10:\"1777235102\";s:6:\"gfonts\";a:0:{}s:10:\"gfonts_url\";s:0:\"\";s:12:\"gfonts_files\";a:0:{}s:14:\"uag_faq_layout\";b:0;}"]},"uagb_featured_image_src":{"full":["https:\/\/www.ferberpainting.com\/wp-content\/uploads\/2025\/05\/Tumble-Dryer-Cleaner-5L.png",2560,2560,false],"thumbnail":["https:\/\/www.ferberpainting.com\/wp-content\/uploads\/2025\/05\/Tumble-Dryer-Cleaner-5L-150x150.png",150,150,true],"medium":["https:\/\/www.ferberpainting.com\/wp-content\/uploads\/2025\/05\/Tumble-Dryer-Cleaner-5L-300x300.png",300,300,true],"medium_large":["https:\/\/www.ferberpainting.com\/wp-content\/uploads\/2025\/05\/Tumble-Dryer-Cleaner-5L-768x768.png",768,768,true],"large":["https:\/\/www.ferberpainting.com\/wp-content\/uploads\/2025\/05\/Tumble-Dryer-Cleaner-5L-1024x1024.png",1024,1024,true],"1536x1536":["https:\/\/www.ferberpainting.com\/wp-content\/uploads\/2025\/05\/Tumble-Dryer-Cleaner-5L-1536x1536.png",1536,1536,true],"2048x2048":["https:\/\/www.ferberpainting.com\/wp-content\/uploads\/2025\/05\/Tumble-Dryer-Cleaner-5L-2048x2048.png",2048,2048,true],"trp-custom-language-flag":["https:\/\/www.ferberpainting.com\/wp-content\/uploads\/2025\/05\/Tumble-Dryer-Cleaner-5L-12x12.png",12,12,true],"woocommerce_thumbnail":["https:\/\/www.ferberpainting.com\/wp-content\/uploads\/2025\/05\/Tumble-Dryer-Cleaner-5L-300x300.png",300,300,true],"woocommerce_single":["https:\/\/www.ferberpainting.com\/wp-content\/uploads\/2025\/05\/Tumble-Dryer-Cleaner-5L-600x600.png",600,600,true],"woocommerce_gallery_thumbnail":["https:\/\/www.ferberpainting.com\/wp-content\/uploads\/2025\/05\/Tumble-Dryer-Cleaner-5L-100x100.png",100,100,true]},"uagb_author_info":{"display_name":"admin","author_link":"https:\/\/www.ferberpainting.com\/pt\/author\/"},"uagb_comment_info":10,"uagb_excerpt":"Optimal Efficiency. This tumble dryer cleaner is specially designed to effectively eliminate detergent residues, limescale deposits, textile dust, as well as grease and dirt buildup that accumulates over time in the appliance. Thanks to its powerful formula, it deeply cleans the drum, filters, ventilation ducts, and internal components of the dryer. Its action helps ensure&hellip;","_links":{"self":[{"href":"https:\/\/www.ferberpainting.com\/pt\/wp-json\/wp\/v2\/product\/25605","targetHints":{"allow":["GET"]}}],"collection":[{"href":"https:\/\/www.ferberpainting.com\/pt\/wp-json\/wp\/v2\/product"}],"about":[{"href":"https:\/\/www.ferberpainting.com\/pt\/wp-json\/wp\/v2\/types\/product"}],"replies":[{"embeddable":true,"href":"https:\/\/www.ferberpainting.com\/pt\/wp-json\/wp\/v2\/comments?post=25605"}],"version-history":[{"count":4,"href":"https:\/\/www.ferberpainting.com\/pt\/wp-json\/wp\/v2\/product\/25605\/revisions"}],"predecessor-version":[{"id":167499,"href":"https:\/\/www.ferberpainting.com\/pt\/wp-json\/wp\/v2\/product\/25605\/revisions\/167499"}],"wp:featuredmedia":[{"embeddable":true,"href":"https:\/\/www.ferberpainting.com\/pt\/wp-json\/wp\/v2\/media\/35828"}],"wp:attachment":[{"href":"https:\/\/www.ferberpainting.com\/pt\/wp-json\/wp\/v2\/media?parent=25605"}],"wp:term":[{"taxonomy":"product_brand","embeddable":true,"href":"https:\/\/www.ferberpainting.com\/pt\/wp-json\/wp\/v2\/product_brand?post=25605"},{"taxonomy":"product_cat","embeddable":true,"href":"https:\/\/www.ferberpainting.com\/pt\/wp-json\/wp\/v2\/product_cat?post=25605"},{"taxonomy":"product_tag","embeddable":true,"href":"https:\/\/www.ferberpainting.com\/pt\/wp-json\/wp\/v2\/product_tag?post=25605"}],"curies":[{"name":"wp","href":"https:\/\/api.w.org\/{rel}","templated":true}]}}