{"id":25576,"date":"2025-06-30T19:51:01","date_gmt":"2025-06-30T17:51:01","guid":{"rendered":"https:\/\/www.ferberpainting.com\/?post_type=product&#038;p=25576"},"modified":"2026-02-16T12:48:04","modified_gmt":"2026-02-16T11:48:04","slug":"tile-water-repellent","status":"publish","type":"product","link":"https:\/\/www.ferberpainting.com\/pt\/products\/tile-water-repellent\/","title":{"rendered":"Hidrofugante para azulejos"},"content":{"rendered":"<p><strong><img decoding=\"async\" style=\"margin-right: 12px;\" src=\"https:\/\/www.ferberpainting.com\/wp-content\/uploads\/2026\/02\/Check.svg\" alt=\"\" width=\"18\" height=\"15\" \/>Prote\u00e7\u00e3o \u00f3ptima contra a humidade.<\/strong>\u00a0O impermeabilizante para azulejos foi concebido para proporcionar uma prote\u00e7\u00e3o de alta qualidade contra a humidade, o bolor e as manchas em superf\u00edcies de azulejos. Ideal para pavimentos e paredes de cozinhas, casas de banho ou qualquer outro ambiente h\u00famido, este produto forma uma barreira invis\u00edvel que impede a penetra\u00e7\u00e3o da \u00e1gua nas juntas e nos azulejos, permitindo simultaneamente que a superf\u00edcie respire. Isto garante n\u00e3o s\u00f3 uma prote\u00e7\u00e3o duradoura, mas tamb\u00e9m uma manuten\u00e7\u00e3o mais f\u00e1cil da superf\u00edcie.<\/p>\n<p><strong><img decoding=\"async\" style=\"margin-right: 12px;\" src=\"https:\/\/www.ferberpainting.com\/wp-content\/uploads\/2026\/02\/Check.svg\" alt=\"\" width=\"18\" height=\"15\" \/>Garantia de devolu\u00e7\u00e3o do dinheiro.<\/strong>\u00a0Estamos confiantes na efic\u00e1cia do nosso impermeabilizador de azulejos. Se, ap\u00f3s a aplica\u00e7\u00e3o, n\u00e3o ficar totalmente satisfeito com os resultados, oferecemos uma garantia de satisfa\u00e7\u00e3o ou reembolso. Isto permite-lhe testar o produto com tranquilidade, sabendo que, se n\u00e3o corresponder \u00e0s suas expectativas, receber\u00e1 um reembolso total.<\/p>\n<p><strong><img decoding=\"async\" style=\"margin-right: 12px;\" src=\"https:\/\/www.ferberpainting.com\/wp-content\/uploads\/2026\/02\/Check.svg\" alt=\"\" width=\"18\" height=\"15\" \/>Polivalente.<\/strong>\u00a0O impermeabilizante para azulejos n\u00e3o se limita a azulejos de cer\u00e2mica ou porcelana. Tamb\u00e9m funciona noutros materiais como o bet\u00e3o, o cimento, a pedra, o m\u00e1rmore e o granito. Esta versatilidade permite-lhe proteger uma vasta gama de superf\u00edcies nos seus espa\u00e7os de vida ou de trabalho, ou mesmo no exterior. Assim, pode tratar as suas paredes e pavimentos com um \u00fanico produto eficaz, independentemente do tipo de material.<\/p>\n<p><strong><img decoding=\"async\" style=\"margin-right: 12px;\" src=\"https:\/\/www.ferberpainting.com\/wp-content\/uploads\/2026\/02\/Check.svg\" alt=\"\" width=\"18\" height=\"15\" \/>Econ\u00f3mica.<\/strong>\u00a0O impermeabilizante para azulejos oferece um excelente desempenho. Em m\u00e9dia, 1 litro de produto cobre entre 6 e 8 m\u00b2, permitindo uma grande cobertura de superf\u00edcie com uma pequena quantidade. Com um recipiente de 5 litros, \u00e9 poss\u00edvel cobrir at\u00e9 30 a 40 m\u00b2. Trata-se de uma solu\u00e7\u00e3o econ\u00f3mica que permite proteger grandes superf\u00edcies, limitando os custos de renova\u00e7\u00e3o ou de manuten\u00e7\u00e3o.<\/p>\n<p><strong><img decoding=\"async\" style=\"margin-right: 12px;\" src=\"https:\/\/www.ferberpainting.com\/wp-content\/uploads\/2026\/02\/Check.svg\" alt=\"\" width=\"18\" height=\"15\" \/>Utiliza\u00e7\u00e3o segura.<\/strong>\u00a0Este produto foi formulado para ser n\u00e3o t\u00f3xico e amigo do ambiente. N\u00e3o cont\u00e9m solventes ou agentes corrosivos que possam prejudicar a sua sa\u00fade ou o ambiente. No entanto, para uma utiliza\u00e7\u00e3o segura, recomenda-se o uso de luvas e \u00f3culos de prote\u00e7\u00e3o. Tamb\u00e9m \u00e9 aconselh\u00e1vel aplic\u00e1-lo numa \u00e1rea ventilada para garantir o conforto durante a aplica\u00e7\u00e3o.<\/p>\n<p><strong><img decoding=\"async\" style=\"margin-right: 12px;\" src=\"https:\/\/www.ferberpainting.com\/wp-content\/uploads\/2026\/02\/Check.svg\" alt=\"\" width=\"18\" height=\"15\" \/>F\u00e1cil de utilizar.<\/strong>\u00a0O impermeabilizante para azulejos \u00e9 extremamente f\u00e1cil de aplicar. Est\u00e1 pronto a usar e n\u00e3o necessita de dilui\u00e7\u00e3o. Pode ser aplicado diretamente nas superf\u00edcies com um pulverizador, pincel ou rolo, consoante as suas prefer\u00eancias e o tamanho da \u00e1rea. A sua textura fluida permite uma aplica\u00e7\u00e3o r\u00e1pida e homog\u00e9nea sem deixar marcas ou res\u00edduos. N\u00e3o s\u00e3o necess\u00e1rias compet\u00eancias especiais, o que a torna acess\u00edvel mesmo aos principiantes.<\/p>\n<p><strong><img decoding=\"async\" style=\"margin-right: 12px;\" src=\"https:\/\/www.ferberpainting.com\/wp-content\/uploads\/2026\/02\/Check.svg\" alt=\"\" width=\"18\" height=\"15\" \/>Longa dura\u00e7\u00e3o.<\/strong>\u00a0Este produto proporciona uma prote\u00e7\u00e3o duradoura. Uma vez aplicado, forma uma barreira invis\u00edvel e duradoura contra a humidade. A dura\u00e7\u00e3o desta prote\u00e7\u00e3o pode variar em fun\u00e7\u00e3o das condi\u00e7\u00f5es de utiliza\u00e7\u00e3o, mas, geralmente, o impermeabilizante para azulejos mant\u00e9m a sua efic\u00e1cia durante 2 a 5 anos ou mais, se a humidade n\u00e3o for excessiva. Isto permite-lhe desfrutar de uma prote\u00e7\u00e3o cont\u00ednua sem necessidade de reaplica\u00e7\u00e3o frequente.<\/p>\n<p><strong><img decoding=\"async\" style=\"margin-right: 12px;\" src=\"https:\/\/www.ferberpainting.com\/wp-content\/uploads\/2026\/02\/Check.svg\" alt=\"\" width=\"18\" height=\"15\" \/>Secagem r\u00e1pida.<\/strong>\u00a0O impermeabilizante para azulejos seca rapidamente, permitindo uma utiliza\u00e7\u00e3o r\u00e1pida da superf\u00edcie tratada. O tempo de secagem ao tato \u00e9 normalmente de 1 a 2 horas. Para uma efic\u00e1cia m\u00e1xima, recomenda-se deixar o produto secar completamente durante 24 horas antes de expor a superf\u00edcie \u00e0 humidade ou de a utilizar. Este tempo r\u00e1pido de aplica\u00e7\u00e3o e secagem minimiza o tempo de inatividade e permite-lhe utilizar os seus espa\u00e7os protegidos mais rapidamente.<\/p>\n<h2><strong>Protocolo de utiliza\u00e7\u00e3o<\/strong><\/h2>\n<ul>\n<li><strong>Prepara\u00e7\u00e3o da superf\u00edcie <\/strong>: Antes de aplicar o impermeabilizante, certifique-se de que a superf\u00edcie dos azulejos est\u00e1 limpa, seca e isenta de sujidade, gordura ou bolor. Se necess\u00e1rio, limpar bem os azulejos com um detergente suave e enxaguar bem para remover todos os res\u00edduos. Deixar a superf\u00edcie secar completamente antes de aplicar o produto.<\/li>\n<li><strong>Aplica\u00e7\u00e3o do produto <\/strong>: O impermeabilizante est\u00e1 pronto a ser utilizado. Pode aplic\u00e1-lo com um pulverizador, pincel ou rolo. Para uma cobertura homog\u00e9nea, pulverizar uma camada fina sobre os azulejos e as juntas. Assegurar-se de que cobre totalmente a superf\u00edcie sem aplicar demasiado o produto. Se utilizar um pincel ou rolo, aplique o produto uniformemente, especialmente nas juntas, para garantir uma cobertura \u00f3ptima.<\/li>\n<li><strong>Quantidade a utilizar <\/strong>: A cobertura depende da porosidade dos ladrilhos. Em geral, 1 litro de produto cobre 6 a 8 m\u00b2. Com um recipiente de 5 litros, \u00e9 poss\u00edvel tratar cerca de 30 a 40 m\u00b2 de superf\u00edcie de azulejo. Para \u00e1reas porosas ou danificadas, pode ser necess\u00e1ria uma segunda dem\u00e3o para garantir uma prote\u00e7\u00e3o \u00f3ptima.<\/li>\n<li><strong>Tempo de secagem <\/strong>: Ap\u00f3s a aplica\u00e7\u00e3o, o impermeabilizante seca rapidamente. O tempo de secagem ao tato \u00e9 de cerca de 1 a 2 horas. No entanto, para uma prote\u00e7\u00e3o \u00f3ptima, recomenda-se deixar o produto secar durante 24 horas antes de o expor \u00e0 humidade. Isto assegura que a superf\u00edcie est\u00e1 totalmente protegida e que o produto penetrou eficazmente nas juntas e nos ladrilhos.<\/li>\n<li><strong>Reaplica\u00e7\u00e3o <\/strong>: O impermeabilizante para azulejos pode precisar de ser reaplicado a cada 2 a 5 anos, dependendo das condi\u00e7\u00f5es de desgaste e humidade. Para reaplicar, seguir o mesmo procedimento da primeira aplica\u00e7\u00e3o, certificando-se de que a superf\u00edcie est\u00e1 limpa e seca antes de aplicar uma nova camada uniforme.<\/li>\n<li><strong>Manuten\u00e7\u00e3o <\/strong>: Uma vez aplicado, a manuten\u00e7\u00e3o das superf\u00edcies azulejadas torna-se muito mais f\u00e1cil. Basta limpar os azulejos e as juntas com um pano ou uma esponja h\u00famida, evitando produtos abrasivos que possam danificar a camada protetora. N\u00e3o utilizar m\u00e1quinas de lavar a alta press\u00e3o nas superf\u00edcies tratadas para preservar a efic\u00e1cia do produto.<\/li>\n<\/ul>","protected":false},"excerpt":{"rendered":"<p>Optimal protection against humidity.\u00a0The tile waterproofer is designed to provide high-quality protection against humidity, mold, and stains on tiled surfaces. Ideal for kitchen floors and walls, bathrooms, or any other humid environment, this product forms an invisible barrier that prevents water from penetrating the joints and tiles while allowing the surface to breathe. This ensures [&hellip;]<\/p>\n","protected":false},"featured_media":35872,"comment_status":"open","ping_status":"closed","template":"","meta":{"_uag_custom_page_level_css":"","site-sidebar-layout":"default","site-content-layout":"","ast-site-content-layout":"default","site-content-style":"default","site-sidebar-style":"default","ast-global-header-display":"","ast-banner-title-visibility":"","ast-main-header-display":"","ast-hfb-above-header-display":"","ast-hfb-below-header-display":"","ast-hfb-mobile-header-display":"","site-post-title":"","ast-breadcrumbs-content":"","ast-featured-img":"","footer-sml-layout":"","ast-disable-related-posts":"","theme-transparent-header-meta":"default","adv-header-id-meta":"","stick-header-meta":"","header-above-stick-meta":"","header-main-stick-meta":"","header-below-stick-meta":"","astra-migrate-meta-layouts":"set","ast-page-background-enabled":"default","ast-page-background-meta":{"desktop":{"background-color":"var(--ast-global-color-4)","background-image":"","background-repeat":"repeat","background-position":"center center","background-size":"auto","background-attachment":"scroll","background-type":"","background-media":"","overlay-type":"","overlay-color":"","overlay-opacity":"","overlay-gradient":""},"tablet":{"background-color":"","background-image":"","background-repeat":"repeat","background-position":"center center","background-size":"auto","background-attachment":"scroll","background-type":"","background-media":"","overlay-type":"","overlay-color":"","overlay-opacity":"","overlay-gradient":""},"mobile":{"background-color":"","background-image":"","background-repeat":"repeat","background-position":"center center","background-size":"auto","background-attachment":"scroll","background-type":"","background-media":"","overlay-type":"","overlay-color":"","overlay-opacity":"","overlay-gradient":""}},"ast-content-background-meta":{"desktop":{"background-color":"var(--ast-global-color-5)","background-image":"","background-repeat":"repeat","background-position":"center center","background-size":"auto","background-attachment":"scroll","background-type":"","background-media":"","overlay-type":"","overlay-color":"","overlay-opacity":"","overlay-gradient":""},"tablet":{"background-color":"var(--ast-global-color-5)","background-image":"","background-repeat":"repeat","background-position":"center center","background-size":"auto","background-attachment":"scroll","background-type":"","background-media":"","overlay-type":"","overlay-color":"","overlay-opacity":"","overlay-gradient":""},"mobile":{"background-color":"var(--ast-global-color-5)","background-image":"","background-repeat":"repeat","background-position":"center center","background-size":"auto","background-attachment":"scroll","background-type":"","background-media":"","overlay-type":"","overlay-color":"","overlay-opacity":"","overlay-gradient":""}}},"product_brand":[],"product_cat":[191],"product_tag":[],"class_list":{"0":"post-25576","1":"product","2":"type-product","3":"status-publish","4":"has-post-thumbnail","6":"product_cat-water-repellent","7":"desktop-align-left","8":"tablet-align-left","9":"mobile-align-left","11":"first","12":"instock","13":"sale","14":"taxable","15":"shipping-taxable","16":"purchasable","17":"product-type-variable","18":"has-default-attributes"},"spectra_custom_meta":{"_visibility":["visible"],"_shopify_product_id":["9106650431733"],"_s2w_shopify_domain":["ferberpainting.myshopify.com"],"_shopify_variant_id":["46626388148469"],"_sku":[""],"_manage_stock":["no"],"total_sales":["63"],"_tax_status":["taxable"],"_tax_class":[""],"_backorders":["no"],"_sold_individually":["no"],"_virtual":["no"],"_downloadable":["no"],"_download_limit":["-1"],"_download_expiry":["-1"],"_stock":[null],"_stock_status":["instock"],"_wc_average_rating":["5.00"],"_wc_review_count":["11"],"_product_attributes":["a:1:{s:6:\"volume\";a:6:{s:4:\"name\";s:6:\"Volume\";s:5:\"value\";s:20:\"5 liters | 25 liters\";s:8:\"position\";i:1;s:10:\"is_visible\";i:0;s:12:\"is_variation\";i:1;s:11:\"is_taxonomy\";i:0;}}"],"_product_version":["10.5.1"],"wpse_downloadable_file_names":[""],"wpse_downloadable_file_urls":[""],"_edit_last":["1"],"_default_attributes":["a:1:{s:6:\"volume\";s:8:\"5 liters\";}"],"_edit_lock":["1771242345:1"],"merchant-center-availability":["yes"],"merchant-center-category":["503738"],"_thumbnail_id":["35872"],"_wp_page_template":["default"],"_wp_old_date":["2025-05-26"],"_product_image_gallery":["35873"],"site-sidebar-layout":["default"],"ast-site-content-layout":["default"],"site-content-style":["default"],"site-sidebar-style":["default"],"theme-transparent-header-meta":["default"],"_price":["29.90","129.90"],"_wc_rating_count":["a:1:{i:5;i:11;}"],"astra-migrate-meta-layouts":["set"],"_uag_css_file_name":["uag-css-25576.css"],"_elementor_page_assets":["a:0:{}"],"_uag_page_assets":["a:9:{s:3:\"css\";s:7133:\".uag-blocks-common-selector{z-index:var(--z-index-desktop) !important}@media(max-width: 976px){.uag-blocks-common-selector{z-index:var(--z-index-tablet) !important}}@media(max-width: 767px){.uag-blocks-common-selector{z-index:var(--z-index-mobile) !important}}.wp-block-uagb-image{display:flex}.wp-block-uagb-image__figure{position:relative;display:flex;flex-direction:column;max-width:100%;height:auto;margin:0}.wp-block-uagb-image__figure img{height:auto;display:flex;max-width:100%;transition:box-shadow .2s ease}.wp-block-uagb-image__figure>a{display:inline-block}.wp-block-uagb-image__figure figcaption{text-align:center;margin-top:.5em;margin-bottom:1em}.wp-block-uagb-image .components-placeholder.block-editor-media-placeholder .components-placeholder__instructions{align-self:center}.wp-block-uagb-image--align-left{text-align:left}.wp-block-uagb-image--align-right{text-align:right}.wp-block-uagb-image--align-center{text-align:center}.wp-block-uagb-image--align-full .wp-block-uagb-image__figure{margin-left:calc(50% - 50vw);margin-right:calc(50% - 50vw);max-width:100vw;width:100vw;height:auto}.wp-block-uagb-image--align-full .wp-block-uagb-image__figure img{height:auto;width:100% !important}.wp-block-uagb-image--align-wide .wp-block-uagb-image__figure img{height:auto;width:100%}.wp-block-uagb-image--layout-overlay__color-wrapper{position:absolute;left:0;top:0;right:0;bottom:0;opacity:.2;background:rgba(0,0,0,.5);transition:opacity .35s ease-in-out}.wp-block-uagb-image--layout-overlay-link{position:absolute;left:0;right:0;bottom:0;top:0}.wp-block-uagb-image--layout-overlay .wp-block-uagb-image__figure:hover .wp-block-uagb-image--layout-overlay__color-wrapper{opacity:1}.wp-block-uagb-image--layout-overlay__inner{position:absolute;left:15px;right:15px;bottom:15px;top:15px;display:flex;align-items:center;justify-content:center;flex-direction:column;border-color:#fff;transition:.35s ease-in-out}.wp-block-uagb-image--layout-overlay__inner.top-left,.wp-block-uagb-image--layout-overlay__inner.top-center,.wp-block-uagb-image--layout-overlay__inner.top-right{justify-content:flex-start}.wp-block-uagb-image--layout-overlay__inner.bottom-left,.wp-block-uagb-image--layout-overlay__inner.bottom-center,.wp-block-uagb-image--layout-overlay__inner.bottom-right{justify-content:flex-end}.wp-block-uagb-image--layout-overlay__inner.top-left,.wp-block-uagb-image--layout-overlay__inner.center-left,.wp-block-uagb-image--layout-overlay__inner.bottom-left{align-items:flex-start}.wp-block-uagb-image--layout-overlay__inner.top-right,.wp-block-uagb-image--layout-overlay__inner.center-right,.wp-block-uagb-image--layout-overlay__inner.bottom-right{align-items:flex-end}.wp-block-uagb-image--layout-overlay__inner .uagb-image-heading{color:#fff;transition:transform .35s,opacity .35s ease-in-out;transform:translate3d(0, 24px, 0);margin:0;line-height:1em}.wp-block-uagb-image--layout-overlay__inner .uagb-image-separator{width:30%;border-top-width:2px;border-top-color:#fff;border-top-style:solid;margin-bottom:10px;opacity:0;transition:transform .4s,opacity .4s ease-in-out;transform:translate3d(0, 30px, 0)}.wp-block-uagb-image--layout-overlay__inner .uagb-image-caption{opacity:0;overflow:visible;color:#fff;transition:transform .45s,opacity .45s ease-in-out;transform:translate3d(0, 35px, 0)}.wp-block-uagb-image--layout-overlay__inner:hover .uagb-image-heading,.wp-block-uagb-image--layout-overlay__inner:hover .uagb-image-separator,.wp-block-uagb-image--layout-overlay__inner:hover .uagb-image-caption{opacity:1;transform:translate3d(0, 0, 0)}.wp-block-uagb-image--effect-zoomin .wp-block-uagb-image__figure img,.wp-block-uagb-image--effect-zoomin .wp-block-uagb-image__figure .wp-block-uagb-image--layout-overlay__color-wrapper{transform:scale(1);transition:transform .35s ease-in-out}.wp-block-uagb-image--effect-zoomin .wp-block-uagb-image__figure:hover img,.wp-block-uagb-image--effect-zoomin .wp-block-uagb-image__figure:hover .wp-block-uagb-image--layout-overlay__color-wrapper{transform:scale(1.05)}.wp-block-uagb-image--effect-slide .wp-block-uagb-image__figure img,.wp-block-uagb-image--effect-slide .wp-block-uagb-image__figure .wp-block-uagb-image--layout-overlay__color-wrapper{width:calc(100% + 40px) !important;max-width:none !important;transform:translate3d(-40px, 0, 0);transition:transform .35s ease-in-out}.wp-block-uagb-image--effect-slide .wp-block-uagb-image__figure:hover img,.wp-block-uagb-image--effect-slide .wp-block-uagb-image__figure:hover .wp-block-uagb-image--layout-overlay__color-wrapper{transform:translate3d(0, 0, 0)}.wp-block-uagb-image--effect-grayscale img{filter:grayscale(0%);transition:.35s ease-in-out}.wp-block-uagb-image--effect-grayscale:hover img{filter:grayscale(100%)}.wp-block-uagb-image--effect-blur img{filter:blur(0);transition:.35s ease-in-out}.wp-block-uagb-image--effect-blur:hover img{filter:blur(3px)}.uagb-block-e6f939b3.wp-block-uagb-image--layout-default figure img{box-shadow: 0px 0px 0 #00000070;}.uagb-block-e6f939b3.wp-block-uagb-image .wp-block-uagb-image__figure figcaption{font-style: normal;align-self: center;}.uagb-block-e6f939b3.wp-block-uagb-image--layout-overlay figure img{box-shadow: 0px 0px 0 #00000070;}.uagb-block-e6f939b3.wp-block-uagb-image--layout-overlay .wp-block-uagb-image--layout-overlay__color-wrapper{opacity: 0.2;}.uagb-block-e6f939b3.wp-block-uagb-image--layout-overlay .wp-block-uagb-image--layout-overlay__inner{left: 15px;right: 15px;top: 15px;bottom: 15px;}.uagb-block-e6f939b3.wp-block-uagb-image--layout-overlay .wp-block-uagb-image--layout-overlay__inner .uagb-image-heading{font-style: normal;color: #fff;opacity: 1;}.uagb-block-e6f939b3.wp-block-uagb-image--layout-overlay .wp-block-uagb-image--layout-overlay__inner .uagb-image-heading a{color: #fff;}.uagb-block-e6f939b3.wp-block-uagb-image--layout-overlay .wp-block-uagb-image--layout-overlay__inner .uagb-image-caption{opacity: 0;}.uagb-block-e6f939b3.wp-block-uagb-image--layout-overlay .wp-block-uagb-image__figure:hover .wp-block-uagb-image--layout-overlay__color-wrapper{opacity: 1;}.uagb-block-e6f939b3.wp-block-uagb-image .wp-block-uagb-image--layout-overlay__inner .uagb-image-separator{width: 30%;border-top-width: 2px;border-top-color: #fff;opacity: 0;}.uagb-block-e6f939b3.wp-block-uagb-image .wp-block-uagb-image__figure img{width: px;height: auto;}.uagb-block-e6f939b3.wp-block-uagb-image .wp-block-uagb-image__figure:hover .wp-block-uagb-image--layout-overlay__inner .uagb-image-caption{opacity: 1;}.uagb-block-e6f939b3.wp-block-uagb-image .wp-block-uagb-image__figure:hover .wp-block-uagb-image--layout-overlay__inner .uagb-image-separator{opacity: 1;}.uagb-block-e6f939b3.wp-block-uagb-image--layout-default figure:hover img{box-shadow: 0px 0px 0 #00000070;}.uagb-block-e6f939b3.wp-block-uagb-image--layout-overlay figure:hover img{box-shadow: 0px 0px 0 #00000070;}@media only screen and (max-width: 976px) {.uagb-block-e6f939b3.wp-block-uagb-image .wp-block-uagb-image__figure img{width: px;height: auto;}}@media only screen and (max-width: 767px) {.uagb-block-e6f939b3.wp-block-uagb-image .wp-block-uagb-image__figure img{width: px;height: auto;}}\";s:2:\"js\";s:0:\"\";s:18:\"current_block_list\";a:13:{i:0;s:11:\"core\/search\";i:1;s:10:\"core\/group\";i:2;s:12:\"core\/heading\";i:3;s:17:\"core\/latest-posts\";i:4;s:20:\"core\/latest-comments\";i:5;s:13:\"core\/archives\";i:6;s:15:\"core\/categories\";i:7;s:14:\"core\/paragraph\";i:8;s:10:\"uagb\/image\";i:9;s:11:\"core\/spacer\";i:10;s:30:\"woocommerce\/product-categories\";i:11;s:10:\"core\/image\";i:12;s:14:\"core\/shortcode\";}s:8:\"uag_flag\";b:1;s:11:\"uag_version\";s:10:\"1777241300\";s:6:\"gfonts\";a:0:{}s:10:\"gfonts_url\";s:0:\"\";s:12:\"gfonts_files\";a:0:{}s:14:\"uag_faq_layout\";b:0;}"]},"uagb_featured_image_src":{"full":["https:\/\/www.ferberpainting.com\/wp-content\/uploads\/2025\/05\/Tile-Water-Repellent-5L-.png",2560,2560,false],"thumbnail":["https:\/\/www.ferberpainting.com\/wp-content\/uploads\/2025\/05\/Tile-Water-Repellent-5L--150x150.png",150,150,true],"medium":["https:\/\/www.ferberpainting.com\/wp-content\/uploads\/2025\/05\/Tile-Water-Repellent-5L--300x300.png",300,300,true],"medium_large":["https:\/\/www.ferberpainting.com\/wp-content\/uploads\/2025\/05\/Tile-Water-Repellent-5L--768x768.png",768,768,true],"large":["https:\/\/www.ferberpainting.com\/wp-content\/uploads\/2025\/05\/Tile-Water-Repellent-5L--1024x1024.png",1024,1024,true],"1536x1536":["https:\/\/www.ferberpainting.com\/wp-content\/uploads\/2025\/05\/Tile-Water-Repellent-5L--1536x1536.png",1536,1536,true],"2048x2048":["https:\/\/www.ferberpainting.com\/wp-content\/uploads\/2025\/05\/Tile-Water-Repellent-5L--2048x2048.png",2048,2048,true],"trp-custom-language-flag":["https:\/\/www.ferberpainting.com\/wp-content\/uploads\/2025\/05\/Tile-Water-Repellent-5L--12x12.png",12,12,true],"woocommerce_thumbnail":["https:\/\/www.ferberpainting.com\/wp-content\/uploads\/2025\/05\/Tile-Water-Repellent-5L--300x300.png",300,300,true],"woocommerce_single":["https:\/\/www.ferberpainting.com\/wp-content\/uploads\/2025\/05\/Tile-Water-Repellent-5L--600x600.png",600,600,true],"woocommerce_gallery_thumbnail":["https:\/\/www.ferberpainting.com\/wp-content\/uploads\/2025\/05\/Tile-Water-Repellent-5L--100x100.png",100,100,true]},"uagb_author_info":{"display_name":"admin","author_link":"https:\/\/www.ferberpainting.com\/pt\/author\/"},"uagb_comment_info":11,"uagb_excerpt":"Optimal protection against humidity.\u00a0The tile waterproofer is designed to provide high-quality protection against humidity, mold, and stains on tiled surfaces. Ideal for kitchen floors and walls, bathrooms, or any other humid environment, this product forms an invisible barrier that prevents water from penetrating the joints and tiles while allowing the surface to breathe. This ensures&hellip;","_links":{"self":[{"href":"https:\/\/www.ferberpainting.com\/pt\/wp-json\/wp\/v2\/product\/25576","targetHints":{"allow":["GET"]}}],"collection":[{"href":"https:\/\/www.ferberpainting.com\/pt\/wp-json\/wp\/v2\/product"}],"about":[{"href":"https:\/\/www.ferberpainting.com\/pt\/wp-json\/wp\/v2\/types\/product"}],"replies":[{"embeddable":true,"href":"https:\/\/www.ferberpainting.com\/pt\/wp-json\/wp\/v2\/comments?post=25576"}],"version-history":[{"count":3,"href":"https:\/\/www.ferberpainting.com\/pt\/wp-json\/wp\/v2\/product\/25576\/revisions"}],"predecessor-version":[{"id":167423,"href":"https:\/\/www.ferberpainting.com\/pt\/wp-json\/wp\/v2\/product\/25576\/revisions\/167423"}],"wp:featuredmedia":[{"embeddable":true,"href":"https:\/\/www.ferberpainting.com\/pt\/wp-json\/wp\/v2\/media\/35872"}],"wp:attachment":[{"href":"https:\/\/www.ferberpainting.com\/pt\/wp-json\/wp\/v2\/media?parent=25576"}],"wp:term":[{"taxonomy":"product_brand","embeddable":true,"href":"https:\/\/www.ferberpainting.com\/pt\/wp-json\/wp\/v2\/product_brand?post=25576"},{"taxonomy":"product_cat","embeddable":true,"href":"https:\/\/www.ferberpainting.com\/pt\/wp-json\/wp\/v2\/product_cat?post=25576"},{"taxonomy":"product_tag","embeddable":true,"href":"https:\/\/www.ferberpainting.com\/pt\/wp-json\/wp\/v2\/product_tag?post=25576"}],"curies":[{"name":"wp","href":"https:\/\/api.w.org\/{rel}","templated":true}]}}