{"id":25364,"date":"2025-06-30T20:40:48","date_gmt":"2025-06-30T18:40:48","guid":{"rendered":"https:\/\/www.ferberpainting.com\/?post_type=product&#038;p=25358"},"modified":"2026-02-16T12:37:36","modified_gmt":"2026-02-16T11:37:36","slug":"tile-cleaner-1","status":"publish","type":"product","link":"https:\/\/www.ferberpainting.com\/pt\/products\/tile-cleaner-1\/","title":{"rendered":"Limpador de azulejos"},"content":{"rendered":"<p><strong><img decoding=\"async\" style=\"margin-right: 12px;\" src=\"https:\/\/www.ferberpainting.com\/wp-content\/uploads\/2026\/02\/Check.svg\" alt=\"\" width=\"18\" height=\"15\" \/>Efic\u00e1cia \u00f3ptima.<\/strong>\u00a0Este produto de limpeza para azulejos foi concebido para eliminar eficazmente a sujidade, as manchas, os dep\u00f3sitos de calc\u00e1rio e os res\u00edduos gordurosos que se acumulam ao longo do tempo. A sua f\u00f3rmula potente actua em profundidade para restaurar o brilho e a limpeza dos seus azulejos, preservando a natureza da superf\u00edcie. Garante uma limpeza impec\u00e1vel, sem riscos nem pel\u00edcula de gordura, deixando um pavimento brilhante e uma higiene impec\u00e1vel.<\/p>\n<p><strong><img decoding=\"async\" style=\"margin-right: 12px;\" src=\"https:\/\/www.ferberpainting.com\/wp-content\/uploads\/2026\/02\/Check.svg\" alt=\"\" width=\"18\" height=\"15\" \/>Garantia de devolu\u00e7\u00e3o do dinheiro.<\/strong>\u00a0Estamos plenamente confiantes no desempenho do nosso produto de limpeza. Se n\u00e3o ficar completamente satisfeito com os resultados, tem direito a um reembolso total. Experimente o nosso produto sem riscos e desfrute de azulejos sempre limpos e brilhantes.<\/p>\n<p><strong><img decoding=\"async\" style=\"margin-right: 12px;\" src=\"https:\/\/www.ferberpainting.com\/wp-content\/uploads\/2026\/02\/Check.svg\" alt=\"\" width=\"18\" height=\"15\" \/>Versatilidade excecional.<\/strong>\u00a0Este produto de limpeza n\u00e3o se limita aos azulejos normais! Tamb\u00e9m \u00e9 eficaz noutras superf\u00edcies, como faian\u00e7a, cer\u00e2mica, pedra natural, gr\u00e9s porcel\u00e2nico, m\u00e1rmore e at\u00e9 mesmo em alguns pavimentos de cimento ou bet\u00e3o encerados. Pode ser utilizado em pavimentos interiores e exteriores, em backsplashes, bancadas de cozinha, duches e paredes de azulejos, garantindo uma limpeza eficaz numa vasta gama de materiais.<\/p>\n<p><strong><img decoding=\"async\" style=\"margin-right: 12px;\" src=\"https:\/\/www.ferberpainting.com\/wp-content\/uploads\/2026\/02\/Check.svg\" alt=\"\" width=\"18\" height=\"15\" \/>Efici\u00eancia econ\u00f3mica.<\/strong>\u00a0Gra\u00e7as ao seu recipiente de 5 litros e \u00e0 sua f\u00f3rmula ultra-eficaz, este produto de limpeza oferece um excelente desempenho. Uma pequena quantidade \u00e9 suficiente para limpar uma grande superf\u00edcie sem desperd\u00edcio. Em m\u00e9dia, um litro de produto pode limpar at\u00e9 100 m\u00b2 de azulejos, tornando-o uma solu\u00e7\u00e3o econ\u00f3mica e sustent\u00e1vel para a manuten\u00e7\u00e3o regular de pavimentos e superf\u00edcies de azulejos.<\/p>\n<p><strong><img decoding=\"async\" style=\"margin-right: 12px;\" src=\"https:\/\/www.ferberpainting.com\/wp-content\/uploads\/2026\/02\/Check.svg\" alt=\"\" width=\"18\" height=\"15\" \/>Utiliza\u00e7\u00e3o segura.<\/strong>\u00a0Ao contr\u00e1rio dos produtos que cont\u00eam agentes corrosivos ou solventes agressivos, este produto de limpeza \u00e9 fabricado com ingredientes n\u00e3o t\u00f3xicos que s\u00e3o seguros para a sua sa\u00fade e para o ambiente. N\u00e3o emite fumos t\u00f3xicos, n\u00e3o irrita a pele e n\u00e3o deixa res\u00edduos escorregadios ap\u00f3s a utiliza\u00e7\u00e3o. \u00c9 seguro para casas com crian\u00e7as ou animais de estima\u00e7\u00e3o, garantindo uma higiene perfeita sem riscos.<\/p>\n<p><strong><img decoding=\"async\" style=\"margin-right: 12px;\" src=\"https:\/\/www.ferberpainting.com\/wp-content\/uploads\/2026\/02\/Check.svg\" alt=\"\" width=\"18\" height=\"15\" \/>Facilidade de utiliza\u00e7\u00e3o.<\/strong>\u00a0Este produto est\u00e1 pronto a utilizar e n\u00e3o necessita de qualquer dilui\u00e7\u00e3o ou prepara\u00e7\u00e3o complicada. Pode ser aplicado diretamente nos azulejos utilizando uma esfregona, uma esponja ou uma vassoura de microfibras. A sua f\u00f3rmula de a\u00e7\u00e3o r\u00e1pida remove a sujidade sem esfregar intensamente, tornando a limpeza di\u00e1ria mais f\u00e1cil e mais r\u00e1pida.<\/p>\n<p><strong><img decoding=\"async\" style=\"margin-right: 12px;\" src=\"https:\/\/www.ferberpainting.com\/wp-content\/uploads\/2026\/02\/Check.svg\" alt=\"\" width=\"18\" height=\"15\" \/>Durabilidade de longa dura\u00e7\u00e3o.<\/strong>\u00a0Ao eliminar eficazmente as impurezas e ao preservar a qualidade dos azulejos, este produto de limpeza ajuda a prolongar a vida \u00fatil das superf\u00edcies tratadas. Evita a acumula\u00e7\u00e3o de res\u00edduos que podem embotar os azulejos e prejudicar o seu brilho natural. A utiliza\u00e7\u00e3o regular evita a forma\u00e7\u00e3o de manchas incrustadas e garante uma superf\u00edcie limpa e est\u00e9tica a longo prazo.<\/p>\n<p><strong><img decoding=\"async\" style=\"margin-right: 12px;\" src=\"https:\/\/www.ferberpainting.com\/wp-content\/uploads\/2026\/02\/Check.svg\" alt=\"\" width=\"18\" height=\"15\" \/>A\u00e7\u00e3o r\u00e1pida.<\/strong>\u00a0Gra\u00e7as \u00e0 sua f\u00f3rmula altamente reactiva, este produto de limpeza actua instantaneamente sobre as manchas de sujidade e de gordura. Em apenas alguns minutos, dissolve as impurezas e facilita a sua remo\u00e7\u00e3o sem longos tempos de espera. Seca rapidamente sem deixar res\u00edduos, permitindo a reutiliza\u00e7\u00e3o imediata do pavimento ap\u00f3s a limpeza.<\/p>\n<h2><strong>Instru\u00e7\u00f5es de utiliza\u00e7\u00e3o<\/strong><\/h2>\n<ul>\n<li><strong>Prepara\u00e7\u00e3o <\/strong>: Assegurar que a superf\u00edcie est\u00e1 livre de poeiras e res\u00edduos s\u00f3lidos, varrendo ou aspirando antes de aplicar o produto de limpeza.<\/li>\n<li><strong>Aplica\u00e7\u00e3o manual <\/strong>: Deite uma pequena quantidade de produto de limpeza numa esfregona, esponja ou vassoura de microfibras limpa e, em seguida, aplique uniformemente na superf\u00edcie dos azulejos com movimentos circulares.<\/li>\n<li><strong>Utilizar com uma m\u00e1quina de lavar e secar roupa <\/strong>: Encher o dep\u00f3sito com o produto de limpeza puro e proceder \u00e0 limpeza seguindo as instru\u00e7\u00f5es do aparelho.<\/li>\n<li><strong>Limpeza e acabamento <\/strong>: Deixe repousar durante alguns minutos para dissolver a sujidade e, em seguida, limpe com uma esfregona h\u00famida, se necess\u00e1rio. N\u00e3o \u00e9 necess\u00e1rio enxaguar para a limpeza normal.<\/li>\n<li><strong>Secagem <\/strong>: Deixar secar naturalmente. A superf\u00edcie do azulejo estar\u00e1 pronta a ser utilizada em minutos, gra\u00e7as \u00e0 sua f\u00f3rmula de secagem r\u00e1pida.<\/li>\n<li><strong>Frequ\u00eancia de utiliza\u00e7\u00e3o <\/strong>: Aplicar duas vezes por semana para uma manuten\u00e7\u00e3o regular, ou mais frequentemente em \u00e1reas com muito movimento como cozinhas, casas de banho ou entradas.<\/li>\n<li><strong>Armazenamento <\/strong>: Fechar bem o recipiente ap\u00f3s cada utiliza\u00e7\u00e3o e conservar num local fresco e seco, ao abrigo da luz e de temperaturas extremas, para manter a efic\u00e1cia do produto ao longo do tempo.<\/li>\n<\/ul>\n<p>Com o nosso produto de limpeza de azulejos, pode cuidar dos seus pavimentos e superf\u00edcies de forma r\u00e1pida, eficiente e segura, prolongando o seu brilho e durabilidade ao longo do tempo.<\/p>","protected":false},"excerpt":{"rendered":"<p>Optimal Effectiveness.\u00a0This tile cleaner is designed to effectively eliminate dirt, stains, limescale deposits, and greasy residues that build up over time. Its powerful formula acts deep down to restore the shine and cleanliness of your tiles, while preserving the nature of the surface. It ensures spotless cleaning with no streaks or grease film, leaving a [&hellip;]<\/p>\n","protected":false},"featured_media":35913,"comment_status":"open","ping_status":"closed","template":"","meta":{"_uag_custom_page_level_css":"","site-sidebar-layout":"default","site-content-layout":"","ast-site-content-layout":"default","site-content-style":"default","site-sidebar-style":"default","ast-global-header-display":"","ast-banner-title-visibility":"","ast-main-header-display":"","ast-hfb-above-header-display":"","ast-hfb-below-header-display":"","ast-hfb-mobile-header-display":"","site-post-title":"","ast-breadcrumbs-content":"","ast-featured-img":"","footer-sml-layout":"","ast-disable-related-posts":"","theme-transparent-header-meta":"default","adv-header-id-meta":"","stick-header-meta":"","header-above-stick-meta":"","header-main-stick-meta":"","header-below-stick-meta":"","astra-migrate-meta-layouts":"set","ast-page-background-enabled":"default","ast-page-background-meta":{"desktop":{"background-color":"var(--ast-global-color-4)","background-image":"","background-repeat":"repeat","background-position":"center center","background-size":"auto","background-attachment":"scroll","background-type":"","background-media":"","overlay-type":"","overlay-color":"","overlay-opacity":"","overlay-gradient":""},"tablet":{"background-color":"","background-image":"","background-repeat":"repeat","background-position":"center center","background-size":"auto","background-attachment":"scroll","background-type":"","background-media":"","overlay-type":"","overlay-color":"","overlay-opacity":"","overlay-gradient":""},"mobile":{"background-color":"","background-image":"","background-repeat":"repeat","background-position":"center center","background-size":"auto","background-attachment":"scroll","background-type":"","background-media":"","overlay-type":"","overlay-color":"","overlay-opacity":"","overlay-gradient":""}},"ast-content-background-meta":{"desktop":{"background-color":"var(--ast-global-color-5)","background-image":"","background-repeat":"repeat","background-position":"center center","background-size":"auto","background-attachment":"scroll","background-type":"","background-media":"","overlay-type":"","overlay-color":"","overlay-opacity":"","overlay-gradient":""},"tablet":{"background-color":"var(--ast-global-color-5)","background-image":"","background-repeat":"repeat","background-position":"center center","background-size":"auto","background-attachment":"scroll","background-type":"","background-media":"","overlay-type":"","overlay-color":"","overlay-opacity":"","overlay-gradient":""},"mobile":{"background-color":"var(--ast-global-color-5)","background-image":"","background-repeat":"repeat","background-position":"center center","background-size":"auto","background-attachment":"scroll","background-type":"","background-media":"","overlay-type":"","overlay-color":"","overlay-opacity":"","overlay-gradient":""}}},"product_brand":[],"product_cat":[175],"product_tag":[],"class_list":{"0":"post-25364","1":"product","2":"type-product","3":"status-publish","4":"has-post-thumbnail","6":"product_cat-cleaning-products","7":"desktop-align-left","8":"tablet-align-left","9":"mobile-align-left","11":"first","12":"instock","13":"sale","14":"taxable","15":"shipping-taxable","16":"purchasable","17":"product-type-variable","18":"has-default-attributes"},"spectra_custom_meta":{"_visibility":["visible"],"_shopify_product_id":["9102340391157"],"_s2w_shopify_domain":["ferberpainting.myshopify.com"],"_shopify_variant_id":["46616011178229"],"_sku":[""],"_manage_stock":["no"],"total_sales":["9"],"_tax_status":["taxable"],"_tax_class":[""],"_backorders":["no"],"_sold_individually":["no"],"_virtual":["no"],"_downloadable":["no"],"_download_limit":["-1"],"_download_expiry":["-1"],"_stock":[null],"_stock_status":["instock"],"_wc_average_rating":["5.00"],"_wc_review_count":["15"],"_product_attributes":["a:1:{s:6:\"volume\";a:6:{s:4:\"name\";s:6:\"Volume\";s:5:\"value\";s:20:\"5 liters | 25 liters\";s:8:\"position\";i:1;s:10:\"is_visible\";i:0;s:12:\"is_variation\";i:1;s:11:\"is_taxonomy\";i:0;}}"],"_product_version":["10.5.1"],"wpse_downloadable_file_names":[""],"wpse_downloadable_file_urls":[""],"_edit_last":["1"],"_default_attributes":["a:1:{s:6:\"volume\";s:8:\"5 liters\";}"],"_edit_lock":["1771241729:1"],"_price":["29.90","129.90"],"merchant-center-availability":["yes"],"merchant-center-category":["4977"],"_thumbnail_id":["35913"],"_wp_page_template":["default"],"_wp_old_date":["2025-05-26"],"_product_image_gallery":["35914"],"site-sidebar-layout":["default"],"ast-site-content-layout":["default"],"site-content-style":["default"],"site-sidebar-style":["default"],"theme-transparent-header-meta":["default"],"_wc_rating_count":["a:1:{i:5;i:15;}"],"astra-migrate-meta-layouts":["set"],"_uag_css_file_name":["uag-css-25364.css"],"_elementor_page_assets":["a:0:{}"],"_uag_page_assets":["a:9:{s:3:\"css\";s:7133:\".uag-blocks-common-selector{z-index:var(--z-index-desktop) !important}@media(max-width: 976px){.uag-blocks-common-selector{z-index:var(--z-index-tablet) !important}}@media(max-width: 767px){.uag-blocks-common-selector{z-index:var(--z-index-mobile) !important}}.wp-block-uagb-image{display:flex}.wp-block-uagb-image__figure{position:relative;display:flex;flex-direction:column;max-width:100%;height:auto;margin:0}.wp-block-uagb-image__figure img{height:auto;display:flex;max-width:100%;transition:box-shadow .2s ease}.wp-block-uagb-image__figure>a{display:inline-block}.wp-block-uagb-image__figure figcaption{text-align:center;margin-top:.5em;margin-bottom:1em}.wp-block-uagb-image .components-placeholder.block-editor-media-placeholder .components-placeholder__instructions{align-self:center}.wp-block-uagb-image--align-left{text-align:left}.wp-block-uagb-image--align-right{text-align:right}.wp-block-uagb-image--align-center{text-align:center}.wp-block-uagb-image--align-full .wp-block-uagb-image__figure{margin-left:calc(50% - 50vw);margin-right:calc(50% - 50vw);max-width:100vw;width:100vw;height:auto}.wp-block-uagb-image--align-full .wp-block-uagb-image__figure img{height:auto;width:100% !important}.wp-block-uagb-image--align-wide .wp-block-uagb-image__figure img{height:auto;width:100%}.wp-block-uagb-image--layout-overlay__color-wrapper{position:absolute;left:0;top:0;right:0;bottom:0;opacity:.2;background:rgba(0,0,0,.5);transition:opacity .35s ease-in-out}.wp-block-uagb-image--layout-overlay-link{position:absolute;left:0;right:0;bottom:0;top:0}.wp-block-uagb-image--layout-overlay .wp-block-uagb-image__figure:hover .wp-block-uagb-image--layout-overlay__color-wrapper{opacity:1}.wp-block-uagb-image--layout-overlay__inner{position:absolute;left:15px;right:15px;bottom:15px;top:15px;display:flex;align-items:center;justify-content:center;flex-direction:column;border-color:#fff;transition:.35s ease-in-out}.wp-block-uagb-image--layout-overlay__inner.top-left,.wp-block-uagb-image--layout-overlay__inner.top-center,.wp-block-uagb-image--layout-overlay__inner.top-right{justify-content:flex-start}.wp-block-uagb-image--layout-overlay__inner.bottom-left,.wp-block-uagb-image--layout-overlay__inner.bottom-center,.wp-block-uagb-image--layout-overlay__inner.bottom-right{justify-content:flex-end}.wp-block-uagb-image--layout-overlay__inner.top-left,.wp-block-uagb-image--layout-overlay__inner.center-left,.wp-block-uagb-image--layout-overlay__inner.bottom-left{align-items:flex-start}.wp-block-uagb-image--layout-overlay__inner.top-right,.wp-block-uagb-image--layout-overlay__inner.center-right,.wp-block-uagb-image--layout-overlay__inner.bottom-right{align-items:flex-end}.wp-block-uagb-image--layout-overlay__inner .uagb-image-heading{color:#fff;transition:transform .35s,opacity .35s ease-in-out;transform:translate3d(0, 24px, 0);margin:0;line-height:1em}.wp-block-uagb-image--layout-overlay__inner .uagb-image-separator{width:30%;border-top-width:2px;border-top-color:#fff;border-top-style:solid;margin-bottom:10px;opacity:0;transition:transform .4s,opacity .4s ease-in-out;transform:translate3d(0, 30px, 0)}.wp-block-uagb-image--layout-overlay__inner .uagb-image-caption{opacity:0;overflow:visible;color:#fff;transition:transform .45s,opacity .45s ease-in-out;transform:translate3d(0, 35px, 0)}.wp-block-uagb-image--layout-overlay__inner:hover .uagb-image-heading,.wp-block-uagb-image--layout-overlay__inner:hover .uagb-image-separator,.wp-block-uagb-image--layout-overlay__inner:hover .uagb-image-caption{opacity:1;transform:translate3d(0, 0, 0)}.wp-block-uagb-image--effect-zoomin .wp-block-uagb-image__figure img,.wp-block-uagb-image--effect-zoomin .wp-block-uagb-image__figure .wp-block-uagb-image--layout-overlay__color-wrapper{transform:scale(1);transition:transform .35s ease-in-out}.wp-block-uagb-image--effect-zoomin .wp-block-uagb-image__figure:hover img,.wp-block-uagb-image--effect-zoomin .wp-block-uagb-image__figure:hover .wp-block-uagb-image--layout-overlay__color-wrapper{transform:scale(1.05)}.wp-block-uagb-image--effect-slide .wp-block-uagb-image__figure img,.wp-block-uagb-image--effect-slide .wp-block-uagb-image__figure .wp-block-uagb-image--layout-overlay__color-wrapper{width:calc(100% + 40px) !important;max-width:none !important;transform:translate3d(-40px, 0, 0);transition:transform .35s ease-in-out}.wp-block-uagb-image--effect-slide .wp-block-uagb-image__figure:hover img,.wp-block-uagb-image--effect-slide .wp-block-uagb-image__figure:hover .wp-block-uagb-image--layout-overlay__color-wrapper{transform:translate3d(0, 0, 0)}.wp-block-uagb-image--effect-grayscale img{filter:grayscale(0%);transition:.35s ease-in-out}.wp-block-uagb-image--effect-grayscale:hover img{filter:grayscale(100%)}.wp-block-uagb-image--effect-blur img{filter:blur(0);transition:.35s ease-in-out}.wp-block-uagb-image--effect-blur:hover img{filter:blur(3px)}.uagb-block-e6f939b3.wp-block-uagb-image--layout-default figure img{box-shadow: 0px 0px 0 #00000070;}.uagb-block-e6f939b3.wp-block-uagb-image .wp-block-uagb-image__figure figcaption{font-style: normal;align-self: center;}.uagb-block-e6f939b3.wp-block-uagb-image--layout-overlay figure img{box-shadow: 0px 0px 0 #00000070;}.uagb-block-e6f939b3.wp-block-uagb-image--layout-overlay .wp-block-uagb-image--layout-overlay__color-wrapper{opacity: 0.2;}.uagb-block-e6f939b3.wp-block-uagb-image--layout-overlay .wp-block-uagb-image--layout-overlay__inner{left: 15px;right: 15px;top: 15px;bottom: 15px;}.uagb-block-e6f939b3.wp-block-uagb-image--layout-overlay .wp-block-uagb-image--layout-overlay__inner .uagb-image-heading{font-style: normal;color: #fff;opacity: 1;}.uagb-block-e6f939b3.wp-block-uagb-image--layout-overlay .wp-block-uagb-image--layout-overlay__inner .uagb-image-heading a{color: #fff;}.uagb-block-e6f939b3.wp-block-uagb-image--layout-overlay .wp-block-uagb-image--layout-overlay__inner .uagb-image-caption{opacity: 0;}.uagb-block-e6f939b3.wp-block-uagb-image--layout-overlay .wp-block-uagb-image__figure:hover .wp-block-uagb-image--layout-overlay__color-wrapper{opacity: 1;}.uagb-block-e6f939b3.wp-block-uagb-image .wp-block-uagb-image--layout-overlay__inner .uagb-image-separator{width: 30%;border-top-width: 2px;border-top-color: #fff;opacity: 0;}.uagb-block-e6f939b3.wp-block-uagb-image .wp-block-uagb-image__figure img{width: px;height: auto;}.uagb-block-e6f939b3.wp-block-uagb-image .wp-block-uagb-image__figure:hover .wp-block-uagb-image--layout-overlay__inner .uagb-image-caption{opacity: 1;}.uagb-block-e6f939b3.wp-block-uagb-image .wp-block-uagb-image__figure:hover .wp-block-uagb-image--layout-overlay__inner .uagb-image-separator{opacity: 1;}.uagb-block-e6f939b3.wp-block-uagb-image--layout-default figure:hover img{box-shadow: 0px 0px 0 #00000070;}.uagb-block-e6f939b3.wp-block-uagb-image--layout-overlay figure:hover img{box-shadow: 0px 0px 0 #00000070;}@media only screen and (max-width: 976px) {.uagb-block-e6f939b3.wp-block-uagb-image .wp-block-uagb-image__figure img{width: px;height: auto;}}@media only screen and (max-width: 767px) {.uagb-block-e6f939b3.wp-block-uagb-image .wp-block-uagb-image__figure img{width: px;height: auto;}}\";s:2:\"js\";s:0:\"\";s:18:\"current_block_list\";a:13:{i:0;s:11:\"core\/search\";i:1;s:10:\"core\/group\";i:2;s:12:\"core\/heading\";i:3;s:17:\"core\/latest-posts\";i:4;s:20:\"core\/latest-comments\";i:5;s:13:\"core\/archives\";i:6;s:15:\"core\/categories\";i:7;s:14:\"core\/paragraph\";i:8;s:10:\"uagb\/image\";i:9;s:11:\"core\/spacer\";i:10;s:30:\"woocommerce\/product-categories\";i:11;s:10:\"core\/image\";i:12;s:14:\"core\/shortcode\";}s:8:\"uag_flag\";b:1;s:11:\"uag_version\";s:10:\"1777197475\";s:6:\"gfonts\";a:0:{}s:10:\"gfonts_url\";s:0:\"\";s:12:\"gfonts_files\";a:0:{}s:14:\"uag_faq_layout\";b:0;}"]},"uagb_featured_image_src":{"full":["https:\/\/www.ferberpainting.com\/wp-content\/uploads\/2025\/05\/Tile-Cleaner-5L.png",2560,2560,false],"thumbnail":["https:\/\/www.ferberpainting.com\/wp-content\/uploads\/2025\/05\/Tile-Cleaner-5L-150x150.png",150,150,true],"medium":["https:\/\/www.ferberpainting.com\/wp-content\/uploads\/2025\/05\/Tile-Cleaner-5L-300x300.png",300,300,true],"medium_large":["https:\/\/www.ferberpainting.com\/wp-content\/uploads\/2025\/05\/Tile-Cleaner-5L-768x768.png",768,768,true],"large":["https:\/\/www.ferberpainting.com\/wp-content\/uploads\/2025\/05\/Tile-Cleaner-5L-1024x1024.png",1024,1024,true],"1536x1536":["https:\/\/www.ferberpainting.com\/wp-content\/uploads\/2025\/05\/Tile-Cleaner-5L-1536x1536.png",1536,1536,true],"2048x2048":["https:\/\/www.ferberpainting.com\/wp-content\/uploads\/2025\/05\/Tile-Cleaner-5L-2048x2048.png",2048,2048,true],"trp-custom-language-flag":["https:\/\/www.ferberpainting.com\/wp-content\/uploads\/2025\/05\/Tile-Cleaner-5L-12x12.png",12,12,true],"woocommerce_thumbnail":["https:\/\/www.ferberpainting.com\/wp-content\/uploads\/2025\/05\/Tile-Cleaner-5L-300x300.png",300,300,true],"woocommerce_single":["https:\/\/www.ferberpainting.com\/wp-content\/uploads\/2025\/05\/Tile-Cleaner-5L-600x600.png",600,600,true],"woocommerce_gallery_thumbnail":["https:\/\/www.ferberpainting.com\/wp-content\/uploads\/2025\/05\/Tile-Cleaner-5L-100x100.png",100,100,true]},"uagb_author_info":{"display_name":"admin","author_link":"https:\/\/www.ferberpainting.com\/pt\/author\/"},"uagb_comment_info":15,"uagb_excerpt":"Optimal Effectiveness.\u00a0This tile cleaner is designed to effectively eliminate dirt, stains, limescale deposits, and greasy residues that build up over time. Its powerful formula acts deep down to restore the shine and cleanliness of your tiles, while preserving the nature of the surface. It ensures spotless cleaning with no streaks or grease film, leaving a&hellip;","_links":{"self":[{"href":"https:\/\/www.ferberpainting.com\/pt\/wp-json\/wp\/v2\/product\/25364","targetHints":{"allow":["GET"]}}],"collection":[{"href":"https:\/\/www.ferberpainting.com\/pt\/wp-json\/wp\/v2\/product"}],"about":[{"href":"https:\/\/www.ferberpainting.com\/pt\/wp-json\/wp\/v2\/types\/product"}],"replies":[{"embeddable":true,"href":"https:\/\/www.ferberpainting.com\/pt\/wp-json\/wp\/v2\/comments?post=25364"}],"version-history":[{"count":4,"href":"https:\/\/www.ferberpainting.com\/pt\/wp-json\/wp\/v2\/product\/25364\/revisions"}],"predecessor-version":[{"id":167383,"href":"https:\/\/www.ferberpainting.com\/pt\/wp-json\/wp\/v2\/product\/25364\/revisions\/167383"}],"wp:featuredmedia":[{"embeddable":true,"href":"https:\/\/www.ferberpainting.com\/pt\/wp-json\/wp\/v2\/media\/35913"}],"wp:attachment":[{"href":"https:\/\/www.ferberpainting.com\/pt\/wp-json\/wp\/v2\/media?parent=25364"}],"wp:term":[{"taxonomy":"product_brand","embeddable":true,"href":"https:\/\/www.ferberpainting.com\/pt\/wp-json\/wp\/v2\/product_brand?post=25364"},{"taxonomy":"product_cat","embeddable":true,"href":"https:\/\/www.ferberpainting.com\/pt\/wp-json\/wp\/v2\/product_cat?post=25364"},{"taxonomy":"product_tag","embeddable":true,"href":"https:\/\/www.ferberpainting.com\/pt\/wp-json\/wp\/v2\/product_tag?post=25364"}],"curies":[{"name":"wp","href":"https:\/\/api.w.org\/{rel}","templated":true}]}}