{"id":25306,"date":"2025-06-30T21:44:16","date_gmt":"2025-06-30T19:44:16","guid":{"rendered":"https:\/\/www.ferberpainting.com\/?post_type=product&#038;p=25296"},"modified":"2026-02-16T10:48:37","modified_gmt":"2026-02-16T09:48:37","slug":"slab-water-repellent","status":"publish","type":"product","link":"https:\/\/www.ferberpainting.com\/pt\/products\/slab-water-repellent\/","title":{"rendered":"Hidrofugante para laje de bet\u00e3o"},"content":{"rendered":"<p><strong><img decoding=\"async\" style=\"margin-right: 12px;\" src=\"https:\/\/www.ferberpainting.com\/wp-content\/uploads\/2026\/02\/Check.svg\" alt=\"\" width=\"18\" height=\"15\" \/>Prote\u00e7\u00e3o eficaz contra a humidade.<\/strong>\u00a0O impermeabilizante de lajes foi especialmente concebido para proteger as lajes exteriores (em bet\u00e3o, cimento ou outros materiais) contra a humidade, a chuva e as infiltra\u00e7\u00f5es. Este produto penetra em profundidade, criando uma barreira invis\u00edvel que impede a entrada de \u00e1gua e permite que a superf\u00edcie respire. Este tratamento \u00e9 essencial para preservar a integridade das lajes, especialmente as expostas a condi\u00e7\u00f5es climat\u00e9ricas adversas, como terra\u00e7os, passadi\u00e7os ou p\u00e1tios.<\/p>\n<p><strong><img decoding=\"async\" style=\"margin-right: 12px;\" src=\"https:\/\/www.ferberpainting.com\/wp-content\/uploads\/2026\/02\/Check.svg\" alt=\"\" width=\"18\" height=\"15\" \/>Garantia de devolu\u00e7\u00e3o do dinheiro.<\/strong>\u00a0Para garantir a sua total satisfa\u00e7\u00e3o, oferecemos uma garantia de satisfa\u00e7\u00e3o ou de reembolso. Se n\u00e3o ficar totalmente satisfeito com os resultados ap\u00f3s a utiliza\u00e7\u00e3o do impermeabilizante para lajes, pode solicitar um reembolso total. Esta promessa permite-lhe testar o produto com toda a tranquilidade.<\/p>\n<p><strong><img decoding=\"async\" style=\"margin-right: 12px;\" src=\"https:\/\/www.ferberpainting.com\/wp-content\/uploads\/2026\/02\/Check.svg\" alt=\"\" width=\"18\" height=\"15\" \/>Compatibilidade com v\u00e1rias superf\u00edcies.<\/strong>\u00a0O impermeabilizador de lajes \u00e9 adequado n\u00e3o s\u00f3 para lajes de bet\u00e3o, mas tamb\u00e9m para superf\u00edcies feitas de cimento, pedra, argamassa, tijolo e outros materiais semelhantes. Quer se trate de um terra\u00e7o de bet\u00e3o, de um pavimento exterior de pedra ou de uma laje de p\u00e1tio, este produto oferece uma prote\u00e7\u00e3o total contra a humidade e os elementos. \u00c9, portanto, ideal para uma variedade de aplica\u00e7\u00f5es no exterior, assegurando a preserva\u00e7\u00e3o dos seus pavimentos e lajes.<\/p>\n<p><strong><img decoding=\"async\" style=\"margin-right: 12px;\" src=\"https:\/\/www.ferberpainting.com\/wp-content\/uploads\/2026\/02\/Check.svg\" alt=\"\" width=\"18\" height=\"15\" \/>Econ\u00f3mico.<\/strong>\u00a0Este produto \u00e9 particularmente econ\u00f3mico gra\u00e7as \u00e0 sua elevada cobertura. Dependendo da porosidade da superf\u00edcie, 1 litro de impermeabilizante para lajes cobre aproximadamente 6 a 8 m\u00b2. Por conseguinte, um recipiente de 5 litros permite-lhe tratar entre 30 e 40 m\u00b2 de superf\u00edcie, dependendo do estado e da porosidade das lajes. Com esta cobertura, \u00e9 poss\u00edvel proteger uma grande \u00e1rea de superf\u00edcie, mantendo uma utiliza\u00e7\u00e3o eficiente e razo\u00e1vel do produto.<\/p>\n<p><strong><img decoding=\"async\" style=\"margin-right: 12px;\" src=\"https:\/\/www.ferberpainting.com\/wp-content\/uploads\/2026\/02\/Check.svg\" alt=\"\" width=\"18\" height=\"15\" \/>Seguro.<\/strong>\u00a0O impermeabilizante para lajes \u00e9 formulado com ingredientes seguros e n\u00e3o t\u00f3xicos para os utilizadores. N\u00e3o cont\u00e9m produtos qu\u00edmicos agressivos, solventes agressivos ou componentes perigosos para a sa\u00fade. \u00c9, portanto, seguro para uso dom\u00e9stico e pode ser utilizado com tranquilidade, desde que sejam seguidas as precau\u00e7\u00f5es normais de utiliza\u00e7\u00e3o (luvas, ventila\u00e7\u00e3o da \u00e1rea).<\/p>\n<p><strong><img decoding=\"async\" style=\"margin-right: 12px;\" src=\"https:\/\/www.ferberpainting.com\/wp-content\/uploads\/2026\/02\/Check.svg\" alt=\"\" width=\"18\" height=\"15\" \/>F\u00e1cil de utilizar.<\/strong>\u00a0Este produto est\u00e1 pronto a usar, o que simplifica muito a sua aplica\u00e7\u00e3o. N\u00e3o necessita de dilui\u00e7\u00e3o, permitindo-lhe utiliz\u00e1-lo imediatamente ap\u00f3s a abertura. Basta aplicar o impermeabilizante com um pulverizador, pincel ou rolo, e este penetrar\u00e1 rapidamente na superf\u00edcie. A aplica\u00e7\u00e3o \u00e9 r\u00e1pida e n\u00e3o requer compet\u00eancias espec\u00edficas, tornando o processo acess\u00edvel a todos, mesmo aos principiantes em bricolage.<\/p>\n<p><strong><img decoding=\"async\" style=\"margin-right: 12px;\" src=\"https:\/\/www.ferberpainting.com\/wp-content\/uploads\/2026\/02\/Check.svg\" alt=\"\" width=\"18\" height=\"15\" \/>Duradouro.<\/strong>\u00a0Uma vez aplicado, o impermeabilizante de lajes oferece uma prote\u00e7\u00e3o duradoura. Forma uma barreira imperme\u00e1vel, dur\u00e1vel e resistente a v\u00e1rias condi\u00e7\u00f5es climat\u00e9ricas. O produto protege as lajes contra a humidade, salpicos de \u00e1gua, manchas e bolor. Esta prote\u00e7\u00e3o pode durar v\u00e1rios anos, dependendo da utiliza\u00e7\u00e3o e das condi\u00e7\u00f5es climat\u00e9ricas, permitindo-lhe manter as suas superf\u00edcies exteriores em excelentes condi\u00e7\u00f5es ao longo do tempo.<\/p>\n<p><strong><img decoding=\"async\" style=\"margin-right: 12px;\" src=\"https:\/\/www.ferberpainting.com\/wp-content\/uploads\/2026\/02\/Check.svg\" alt=\"\" width=\"18\" height=\"15\" \/>Secagem r\u00e1pida.<\/strong>\u00a0O impermeabilizante para lajes \u00e9 tamb\u00e9m conhecido pela sua a\u00e7\u00e3o de secagem r\u00e1pida. Uma vez aplicado, o produto seca ao toque em cerca de 1 a 2 horas, permitindo-lhe utilizar a superf\u00edcie mais rapidamente. No entanto, para uma secagem completa e uma prote\u00e7\u00e3o m\u00e1xima, recomenda-se que se deixe secar durante 24 horas. Esta secagem r\u00e1pida garante uma utiliza\u00e7\u00e3o mais r\u00e1pida dos espa\u00e7os tratados, o que \u00e9 ideal para ambientes exteriores.<\/p>\n<h2><strong>Protocolo de utiliza\u00e7\u00e3o<\/strong><\/h2>\n<ul>\n<li><strong>Prepara\u00e7\u00e3o da superf\u00edcie <\/strong>: Antes de aplicar o impermeabilizante, \u00e9 essencial que as placas estejam limpas, secas e isentas de sujidade, p\u00f3, \u00f3leo ou gordura. Utilizar uma vassoura, uma escova ou uma m\u00e1quina de limpeza a alta press\u00e3o para remover a sujidade acumulada. Se existirem manchas de bolor ou ferrugem, limpe-as antes de aplicar o produto. Quando a superf\u00edcie estiver limpa, deixe-a secar completamente.<\/li>\n<li><strong>Aplica\u00e7\u00e3o do produto <\/strong>: O impermeabilizante para lajes est\u00e1 pronto a usar e n\u00e3o necessita de dilui\u00e7\u00e3o. Pode ser aplicado com um pulverizador para uma cobertura uniforme ou com um pincel ou rolo para superf\u00edcies mais pequenas. Espalhar bem o produto em toda a superf\u00edcie, trabalhando-o nas juntas e fissuras para uma prote\u00e7\u00e3o \u00f3ptima. \u00c9 importante n\u00e3o deixar zonas n\u00e3o tratadas.<\/li>\n<li><strong>Quantidade a utilizar <\/strong>: Dependendo da porosidade das lajes, 1 litro de impermeabilizante para lajes cobre cerca de 6 a 8 m\u00b2. Um recipiente de 5 litros pode tratar entre 30 e 40 m\u00b2. Se as suas lajes forem particularmente porosas, pode ser necess\u00e1rio aplicar uma segunda dem\u00e3o para uma prote\u00e7\u00e3o \u00f3ptima. Nesse caso, respeite os tempos de secagem entre dem\u00e3os.<\/li>\n<li><strong>Tempo de secagem <\/strong>: Ap\u00f3s a aplica\u00e7\u00e3o, o impermeabilizante seca ao tato em 1 a 2 horas. No entanto, para uma efic\u00e1cia m\u00e1xima, recomenda-se que deixe secar completamente durante 24 horas antes de expor a superf\u00edcie \u00e0 humidade ou \u00e0 \u00e1gua. Isto garante que a prote\u00e7\u00e3o est\u00e1 totalmente no lugar e pronta para proporcionar benef\u00edcios a longo prazo.<\/li>\n<li><strong>Reaplica\u00e7\u00e3o <\/strong>: Dependendo da exposi\u00e7\u00e3o aos elementos e do desgaste normal, pode ser necess\u00e1ria uma reaplica\u00e7\u00e3o a cada 2 a 5 anos. Para o efeito, limpar cuidadosamente a superf\u00edcie e aplicar uma nova camada de impermeabilizante, seguindo os mesmos passos da aplica\u00e7\u00e3o inicial. A reaplica\u00e7\u00e3o sempre que necess\u00e1rio ajuda a manter a prote\u00e7\u00e3o contra a humidade.<\/li>\n<li><strong>Manuten\u00e7\u00e3o das superf\u00edcies tratadas <\/strong>: Uma vez aplicado o impermeabilizante, a manuten\u00e7\u00e3o das suas lajes \u00e9 muito f\u00e1cil. Basta limp\u00e1-las com um pano h\u00famido ou uma esponja para remover a sujidade sem danificar a camada protetora. Evitar os produtos de limpeza abrasivos que poderiam reduzir a efic\u00e1cia do impermeabilizante.<\/li>\n<\/ul>","protected":false},"excerpt":{"rendered":"<p>Effective protection against moisture.\u00a0The slab waterproofer is specially designed to protect exterior slabs (in concrete, cement or other materials) against moisture, rain, and infiltration. This product penetrates deeply, creating an invisible barrier that prevents water from entering while allowing the surface to breathe. This treatment is essential to preserve the integrity of slabs, especially those [&hellip;]<\/p>\n","protected":false},"featured_media":35981,"comment_status":"open","ping_status":"closed","template":"","meta":{"_uag_custom_page_level_css":"","site-sidebar-layout":"default","site-content-layout":"","ast-site-content-layout":"default","site-content-style":"default","site-sidebar-style":"default","ast-global-header-display":"","ast-banner-title-visibility":"","ast-main-header-display":"","ast-hfb-above-header-display":"","ast-hfb-below-header-display":"","ast-hfb-mobile-header-display":"","site-post-title":"","ast-breadcrumbs-content":"","ast-featured-img":"","footer-sml-layout":"","ast-disable-related-posts":"","theme-transparent-header-meta":"default","adv-header-id-meta":"","stick-header-meta":"","header-above-stick-meta":"","header-main-stick-meta":"","header-below-stick-meta":"","astra-migrate-meta-layouts":"set","ast-page-background-enabled":"default","ast-page-background-meta":{"desktop":{"background-color":"var(--ast-global-color-4)","background-image":"","background-repeat":"repeat","background-position":"center center","background-size":"auto","background-attachment":"scroll","background-type":"","background-media":"","overlay-type":"","overlay-color":"","overlay-opacity":"","overlay-gradient":""},"tablet":{"background-color":"","background-image":"","background-repeat":"repeat","background-position":"center center","background-size":"auto","background-attachment":"scroll","background-type":"","background-media":"","overlay-type":"","overlay-color":"","overlay-opacity":"","overlay-gradient":""},"mobile":{"background-color":"","background-image":"","background-repeat":"repeat","background-position":"center center","background-size":"auto","background-attachment":"scroll","background-type":"","background-media":"","overlay-type":"","overlay-color":"","overlay-opacity":"","overlay-gradient":""}},"ast-content-background-meta":{"desktop":{"background-color":"var(--ast-global-color-5)","background-image":"","background-repeat":"repeat","background-position":"center center","background-size":"auto","background-attachment":"scroll","background-type":"","background-media":"","overlay-type":"","overlay-color":"","overlay-opacity":"","overlay-gradient":""},"tablet":{"background-color":"var(--ast-global-color-5)","background-image":"","background-repeat":"repeat","background-position":"center center","background-size":"auto","background-attachment":"scroll","background-type":"","background-media":"","overlay-type":"","overlay-color":"","overlay-opacity":"","overlay-gradient":""},"mobile":{"background-color":"var(--ast-global-color-5)","background-image":"","background-repeat":"repeat","background-position":"center center","background-size":"auto","background-attachment":"scroll","background-type":"","background-media":"","overlay-type":"","overlay-color":"","overlay-opacity":"","overlay-gradient":""}}},"product_brand":[],"product_cat":[191],"product_tag":[],"class_list":{"0":"post-25306","1":"product","2":"type-product","3":"status-publish","4":"has-post-thumbnail","6":"product_cat-water-repellent","7":"desktop-align-left","8":"tablet-align-left","9":"mobile-align-left","11":"first","12":"instock","13":"sale","14":"taxable","15":"shipping-taxable","16":"purchasable","17":"product-type-variable","18":"has-default-attributes"},"spectra_custom_meta":{"_visibility":["visible"],"_shopify_product_id":["9106655379701"],"_s2w_shopify_domain":["ferberpainting.myshopify.com"],"_shopify_variant_id":["46626400698613"],"_sku":[""],"_manage_stock":["no"],"total_sales":["8"],"_tax_status":["taxable"],"_tax_class":[""],"_backorders":["no"],"_sold_individually":["no"],"_virtual":["no"],"_downloadable":["no"],"_download_limit":["-1"],"_download_expiry":["-1"],"_stock":[null],"_stock_status":["instock"],"_wc_average_rating":["5.00"],"_wc_review_count":["27"],"_product_attributes":["a:1:{s:6:\"volume\";a:6:{s:4:\"name\";s:6:\"Volume\";s:5:\"value\";s:20:\"5 liters | 25 liters\";s:8:\"position\";i:1;s:10:\"is_visible\";i:0;s:12:\"is_variation\";i:1;s:11:\"is_taxonomy\";i:0;}}"],"_product_version":["10.5.1"],"wpse_downloadable_file_names":[""],"wpse_downloadable_file_urls":[""],"_edit_last":["1"],"_default_attributes":["a:1:{s:6:\"volume\";s:8:\"5 liters\";}"],"_edit_lock":["1774074564:7773"],"_price":["29.90","129.90"],"merchant-center-availability":["yes"],"merchant-center-category":["503744"],"_thumbnail_id":["35981"],"_wp_page_template":["default"],"_wp_old_date":["2025-05-26"],"_product_image_gallery":["35982"],"site-sidebar-layout":["default"],"ast-site-content-layout":["default"],"site-content-style":["default"],"site-sidebar-style":["default"],"theme-transparent-header-meta":["default"],"_wc_rating_count":["a:1:{i:5;i:27;}"],"astra-migrate-meta-layouts":["set"],"_uag_css_file_name":["uag-css-25306.css"],"_elementor_page_assets":["a:0:{}"],"_uag_page_assets":["a:9:{s:3:\"css\";s:7133:\".uag-blocks-common-selector{z-index:var(--z-index-desktop) !important}@media(max-width: 976px){.uag-blocks-common-selector{z-index:var(--z-index-tablet) !important}}@media(max-width: 767px){.uag-blocks-common-selector{z-index:var(--z-index-mobile) !important}}.wp-block-uagb-image{display:flex}.wp-block-uagb-image__figure{position:relative;display:flex;flex-direction:column;max-width:100%;height:auto;margin:0}.wp-block-uagb-image__figure img{height:auto;display:flex;max-width:100%;transition:box-shadow .2s ease}.wp-block-uagb-image__figure>a{display:inline-block}.wp-block-uagb-image__figure figcaption{text-align:center;margin-top:.5em;margin-bottom:1em}.wp-block-uagb-image .components-placeholder.block-editor-media-placeholder .components-placeholder__instructions{align-self:center}.wp-block-uagb-image--align-left{text-align:left}.wp-block-uagb-image--align-right{text-align:right}.wp-block-uagb-image--align-center{text-align:center}.wp-block-uagb-image--align-full .wp-block-uagb-image__figure{margin-left:calc(50% - 50vw);margin-right:calc(50% - 50vw);max-width:100vw;width:100vw;height:auto}.wp-block-uagb-image--align-full .wp-block-uagb-image__figure img{height:auto;width:100% !important}.wp-block-uagb-image--align-wide .wp-block-uagb-image__figure img{height:auto;width:100%}.wp-block-uagb-image--layout-overlay__color-wrapper{position:absolute;left:0;top:0;right:0;bottom:0;opacity:.2;background:rgba(0,0,0,.5);transition:opacity .35s ease-in-out}.wp-block-uagb-image--layout-overlay-link{position:absolute;left:0;right:0;bottom:0;top:0}.wp-block-uagb-image--layout-overlay .wp-block-uagb-image__figure:hover .wp-block-uagb-image--layout-overlay__color-wrapper{opacity:1}.wp-block-uagb-image--layout-overlay__inner{position:absolute;left:15px;right:15px;bottom:15px;top:15px;display:flex;align-items:center;justify-content:center;flex-direction:column;border-color:#fff;transition:.35s ease-in-out}.wp-block-uagb-image--layout-overlay__inner.top-left,.wp-block-uagb-image--layout-overlay__inner.top-center,.wp-block-uagb-image--layout-overlay__inner.top-right{justify-content:flex-start}.wp-block-uagb-image--layout-overlay__inner.bottom-left,.wp-block-uagb-image--layout-overlay__inner.bottom-center,.wp-block-uagb-image--layout-overlay__inner.bottom-right{justify-content:flex-end}.wp-block-uagb-image--layout-overlay__inner.top-left,.wp-block-uagb-image--layout-overlay__inner.center-left,.wp-block-uagb-image--layout-overlay__inner.bottom-left{align-items:flex-start}.wp-block-uagb-image--layout-overlay__inner.top-right,.wp-block-uagb-image--layout-overlay__inner.center-right,.wp-block-uagb-image--layout-overlay__inner.bottom-right{align-items:flex-end}.wp-block-uagb-image--layout-overlay__inner .uagb-image-heading{color:#fff;transition:transform .35s,opacity .35s ease-in-out;transform:translate3d(0, 24px, 0);margin:0;line-height:1em}.wp-block-uagb-image--layout-overlay__inner .uagb-image-separator{width:30%;border-top-width:2px;border-top-color:#fff;border-top-style:solid;margin-bottom:10px;opacity:0;transition:transform .4s,opacity .4s ease-in-out;transform:translate3d(0, 30px, 0)}.wp-block-uagb-image--layout-overlay__inner .uagb-image-caption{opacity:0;overflow:visible;color:#fff;transition:transform .45s,opacity .45s ease-in-out;transform:translate3d(0, 35px, 0)}.wp-block-uagb-image--layout-overlay__inner:hover .uagb-image-heading,.wp-block-uagb-image--layout-overlay__inner:hover .uagb-image-separator,.wp-block-uagb-image--layout-overlay__inner:hover .uagb-image-caption{opacity:1;transform:translate3d(0, 0, 0)}.wp-block-uagb-image--effect-zoomin .wp-block-uagb-image__figure img,.wp-block-uagb-image--effect-zoomin .wp-block-uagb-image__figure .wp-block-uagb-image--layout-overlay__color-wrapper{transform:scale(1);transition:transform .35s ease-in-out}.wp-block-uagb-image--effect-zoomin .wp-block-uagb-image__figure:hover img,.wp-block-uagb-image--effect-zoomin .wp-block-uagb-image__figure:hover .wp-block-uagb-image--layout-overlay__color-wrapper{transform:scale(1.05)}.wp-block-uagb-image--effect-slide .wp-block-uagb-image__figure img,.wp-block-uagb-image--effect-slide .wp-block-uagb-image__figure .wp-block-uagb-image--layout-overlay__color-wrapper{width:calc(100% + 40px) !important;max-width:none !important;transform:translate3d(-40px, 0, 0);transition:transform .35s ease-in-out}.wp-block-uagb-image--effect-slide .wp-block-uagb-image__figure:hover img,.wp-block-uagb-image--effect-slide .wp-block-uagb-image__figure:hover .wp-block-uagb-image--layout-overlay__color-wrapper{transform:translate3d(0, 0, 0)}.wp-block-uagb-image--effect-grayscale img{filter:grayscale(0%);transition:.35s ease-in-out}.wp-block-uagb-image--effect-grayscale:hover img{filter:grayscale(100%)}.wp-block-uagb-image--effect-blur img{filter:blur(0);transition:.35s ease-in-out}.wp-block-uagb-image--effect-blur:hover img{filter:blur(3px)}.uagb-block-e6f939b3.wp-block-uagb-image--layout-default figure img{box-shadow: 0px 0px 0 #00000070;}.uagb-block-e6f939b3.wp-block-uagb-image .wp-block-uagb-image__figure figcaption{font-style: normal;align-self: center;}.uagb-block-e6f939b3.wp-block-uagb-image--layout-overlay figure img{box-shadow: 0px 0px 0 #00000070;}.uagb-block-e6f939b3.wp-block-uagb-image--layout-overlay .wp-block-uagb-image--layout-overlay__color-wrapper{opacity: 0.2;}.uagb-block-e6f939b3.wp-block-uagb-image--layout-overlay .wp-block-uagb-image--layout-overlay__inner{left: 15px;right: 15px;top: 15px;bottom: 15px;}.uagb-block-e6f939b3.wp-block-uagb-image--layout-overlay .wp-block-uagb-image--layout-overlay__inner .uagb-image-heading{font-style: normal;color: #fff;opacity: 1;}.uagb-block-e6f939b3.wp-block-uagb-image--layout-overlay .wp-block-uagb-image--layout-overlay__inner .uagb-image-heading a{color: #fff;}.uagb-block-e6f939b3.wp-block-uagb-image--layout-overlay .wp-block-uagb-image--layout-overlay__inner .uagb-image-caption{opacity: 0;}.uagb-block-e6f939b3.wp-block-uagb-image--layout-overlay .wp-block-uagb-image__figure:hover .wp-block-uagb-image--layout-overlay__color-wrapper{opacity: 1;}.uagb-block-e6f939b3.wp-block-uagb-image .wp-block-uagb-image--layout-overlay__inner .uagb-image-separator{width: 30%;border-top-width: 2px;border-top-color: #fff;opacity: 0;}.uagb-block-e6f939b3.wp-block-uagb-image .wp-block-uagb-image__figure img{width: px;height: auto;}.uagb-block-e6f939b3.wp-block-uagb-image .wp-block-uagb-image__figure:hover .wp-block-uagb-image--layout-overlay__inner .uagb-image-caption{opacity: 1;}.uagb-block-e6f939b3.wp-block-uagb-image .wp-block-uagb-image__figure:hover .wp-block-uagb-image--layout-overlay__inner .uagb-image-separator{opacity: 1;}.uagb-block-e6f939b3.wp-block-uagb-image--layout-default figure:hover img{box-shadow: 0px 0px 0 #00000070;}.uagb-block-e6f939b3.wp-block-uagb-image--layout-overlay figure:hover img{box-shadow: 0px 0px 0 #00000070;}@media only screen and (max-width: 976px) {.uagb-block-e6f939b3.wp-block-uagb-image .wp-block-uagb-image__figure img{width: px;height: auto;}}@media only screen and (max-width: 767px) {.uagb-block-e6f939b3.wp-block-uagb-image .wp-block-uagb-image__figure img{width: px;height: auto;}}\";s:2:\"js\";s:0:\"\";s:18:\"current_block_list\";a:13:{i:0;s:11:\"core\/search\";i:1;s:10:\"core\/group\";i:2;s:12:\"core\/heading\";i:3;s:17:\"core\/latest-posts\";i:4;s:20:\"core\/latest-comments\";i:5;s:13:\"core\/archives\";i:6;s:15:\"core\/categories\";i:7;s:14:\"core\/paragraph\";i:8;s:10:\"uagb\/image\";i:9;s:11:\"core\/spacer\";i:10;s:30:\"woocommerce\/product-categories\";i:11;s:10:\"core\/image\";i:12;s:14:\"core\/shortcode\";}s:8:\"uag_flag\";b:1;s:11:\"uag_version\";s:10:\"1777259774\";s:6:\"gfonts\";a:0:{}s:10:\"gfonts_url\";s:0:\"\";s:12:\"gfonts_files\";a:0:{}s:14:\"uag_faq_layout\";b:0;}"]},"uagb_featured_image_src":{"full":["https:\/\/www.ferberpainting.com\/wp-content\/uploads\/2025\/05\/Slab-Water-Repellent-5L.png",2560,2560,false],"thumbnail":["https:\/\/www.ferberpainting.com\/wp-content\/uploads\/2025\/05\/Slab-Water-Repellent-5L-150x150.png",150,150,true],"medium":["https:\/\/www.ferberpainting.com\/wp-content\/uploads\/2025\/05\/Slab-Water-Repellent-5L-300x300.png",300,300,true],"medium_large":["https:\/\/www.ferberpainting.com\/wp-content\/uploads\/2025\/05\/Slab-Water-Repellent-5L-768x768.png",768,768,true],"large":["https:\/\/www.ferberpainting.com\/wp-content\/uploads\/2025\/05\/Slab-Water-Repellent-5L-1024x1024.png",1024,1024,true],"1536x1536":["https:\/\/www.ferberpainting.com\/wp-content\/uploads\/2025\/05\/Slab-Water-Repellent-5L-1536x1536.png",1536,1536,true],"2048x2048":["https:\/\/www.ferberpainting.com\/wp-content\/uploads\/2025\/05\/Slab-Water-Repellent-5L-2048x2048.png",2048,2048,true],"trp-custom-language-flag":["https:\/\/www.ferberpainting.com\/wp-content\/uploads\/2025\/05\/Slab-Water-Repellent-5L-12x12.png",12,12,true],"woocommerce_thumbnail":["https:\/\/www.ferberpainting.com\/wp-content\/uploads\/2025\/05\/Slab-Water-Repellent-5L-300x300.png",300,300,true],"woocommerce_single":["https:\/\/www.ferberpainting.com\/wp-content\/uploads\/2025\/05\/Slab-Water-Repellent-5L-600x600.png",600,600,true],"woocommerce_gallery_thumbnail":["https:\/\/www.ferberpainting.com\/wp-content\/uploads\/2025\/05\/Slab-Water-Repellent-5L-100x100.png",100,100,true]},"uagb_author_info":{"display_name":"admin","author_link":"https:\/\/www.ferberpainting.com\/pt\/author\/"},"uagb_comment_info":27,"uagb_excerpt":"Effective protection against moisture.\u00a0The slab waterproofer is specially designed to protect exterior slabs (in concrete, cement or other materials) against moisture, rain, and infiltration. This product penetrates deeply, creating an invisible barrier that prevents water from entering while allowing the surface to breathe. This treatment is essential to preserve the integrity of slabs, especially those&hellip;","_links":{"self":[{"href":"https:\/\/www.ferberpainting.com\/pt\/wp-json\/wp\/v2\/product\/25306","targetHints":{"allow":["GET"]}}],"collection":[{"href":"https:\/\/www.ferberpainting.com\/pt\/wp-json\/wp\/v2\/product"}],"about":[{"href":"https:\/\/www.ferberpainting.com\/pt\/wp-json\/wp\/v2\/types\/product"}],"replies":[{"embeddable":true,"href":"https:\/\/www.ferberpainting.com\/pt\/wp-json\/wp\/v2\/comments?post=25306"}],"version-history":[{"count":3,"href":"https:\/\/www.ferberpainting.com\/pt\/wp-json\/wp\/v2\/product\/25306\/revisions"}],"predecessor-version":[{"id":167294,"href":"https:\/\/www.ferberpainting.com\/pt\/wp-json\/wp\/v2\/product\/25306\/revisions\/167294"}],"wp:featuredmedia":[{"embeddable":true,"href":"https:\/\/www.ferberpainting.com\/pt\/wp-json\/wp\/v2\/media\/35981"}],"wp:attachment":[{"href":"https:\/\/www.ferberpainting.com\/pt\/wp-json\/wp\/v2\/media?parent=25306"}],"wp:term":[{"taxonomy":"product_brand","embeddable":true,"href":"https:\/\/www.ferberpainting.com\/pt\/wp-json\/wp\/v2\/product_brand?post=25306"},{"taxonomy":"product_cat","embeddable":true,"href":"https:\/\/www.ferberpainting.com\/pt\/wp-json\/wp\/v2\/product_cat?post=25306"},{"taxonomy":"product_tag","embeddable":true,"href":"https:\/\/www.ferberpainting.com\/pt\/wp-json\/wp\/v2\/product_tag?post=25306"}],"curies":[{"name":"wp","href":"https:\/\/api.w.org\/{rel}","templated":true}]}}