{"id":23762,"date":"2025-07-01T19:59:55","date_gmt":"2025-07-01T17:59:55","guid":{"rendered":"https:\/\/www.ferberpainting.com\/?post_type=product&#038;p=23762"},"modified":"2026-02-15T20:12:08","modified_gmt":"2026-02-15T19:12:08","slug":"jewelry-cleaner","status":"publish","type":"product","link":"https:\/\/www.ferberpainting.com\/pt\/products\/jewelry-cleaner\/","title":{"rendered":"Limpeza de joias"},"content":{"rendered":"<p><strong><img decoding=\"async\" style=\"margin-right: 12px;\" src=\"https:\/\/www.ferberpainting.com\/wp-content\/uploads\/2026\/02\/Check.svg\" alt=\"\" width=\"18\" height=\"15\" \/>Efic\u00e1cia \u00f3ptima.<\/strong>\u00a0Este produto de limpeza para j\u00f3ias foi especialmente formulado para eliminar eficazmente as marcas de oxida\u00e7\u00e3o, res\u00edduos de sujidade, p\u00f3, espuma de sab\u00e3o e outras impurezas que apagam o brilho das j\u00f3ias. A sua f\u00f3rmula poderosa penetra profundamente para restaurar o brilho dos metais preciosos e das pedras preciosas sem danificar a sua superf\u00edcie. Devolve instantaneamente o brilho original das suas j\u00f3ias, permitindo que voltem a brilhar lindamente com apenas uma utiliza\u00e7\u00e3o.<\/p>\n<p><strong><img decoding=\"async\" style=\"margin-right: 12px;\" src=\"https:\/\/www.ferberpainting.com\/wp-content\/uploads\/2026\/02\/Check.svg\" alt=\"\" width=\"18\" height=\"15\" \/>Garantia de devolu\u00e7\u00e3o do dinheiro.<\/strong>\u00a0Temos total confian\u00e7a na efic\u00e1cia do nosso produto de limpeza. Se, depois de o utilizar, n\u00e3o ficar completamente satisfeito com os resultados, tem direito a um reembolso total. Experimente o nosso produto sem riscos e d\u00ea uma segunda vida \u00e0s suas j\u00f3ias, sem esfor\u00e7o.<\/p>\n<p><strong><img decoding=\"async\" style=\"margin-right: 12px;\" src=\"https:\/\/www.ferberpainting.com\/wp-content\/uploads\/2026\/02\/Check.svg\" alt=\"\" width=\"18\" height=\"15\" \/>Versatilidade excecional.<\/strong>\u00a0Este produto de limpeza n\u00e3o se limita a um tipo de j\u00f3ias. \u00c9 compat\u00edvel com ouro, prata, platina, pal\u00e1dio, a\u00e7o inoxid\u00e1vel e pedras preciosas como o diamante, a safira, a esmeralda e o rubi. Tamb\u00e9m \u00e9 perfeito para j\u00f3ias com p\u00e9rolas, j\u00f3ias de fantasia e j\u00f3ias com pedras semi-preciosas, como ametista, top\u00e1zio e quartzo. Garante uma limpeza \u00f3ptima para todos os tipos de j\u00f3ias, sejam elas antigas ou modernas.<\/p>\n<p><strong><img decoding=\"async\" style=\"margin-right: 12px;\" src=\"https:\/\/www.ferberpainting.com\/wp-content\/uploads\/2026\/02\/Check.svg\" alt=\"\" width=\"18\" height=\"15\" \/>Rent\u00e1vel.<\/strong>\u00a0Gra\u00e7as ao seu recipiente de 5 litros e \u00e0 sua f\u00f3rmula concentrada, este produto de limpeza oferece um excelente valor. Uma pequena quantidade \u00e9 suficiente para limpar muitas pe\u00e7as de joalharia sem desperd\u00edcio. Em m\u00e9dia, um litro pode limpar at\u00e9 500 pe\u00e7as, o que o torna uma solu\u00e7\u00e3o econ\u00f3mica e eficiente para o cuidado regular dos seus preciosos acess\u00f3rios.<\/p>\n<p><strong><img decoding=\"async\" style=\"margin-right: 12px;\" src=\"https:\/\/www.ferberpainting.com\/wp-content\/uploads\/2026\/02\/Check.svg\" alt=\"\" width=\"18\" height=\"15\" \/>Utiliza\u00e7\u00e3o segura.<\/strong>\u00a0Ao contr\u00e1rio dos produtos de limpeza agressivos que cont\u00eam solventes ou amon\u00edaco, este produto \u00e9 formulado com subst\u00e2ncias n\u00e3o t\u00f3xicas que s\u00e3o seguras para materiais sens\u00edveis. N\u00e3o provoca manchas ou riscos e respeita os revestimentos protectores de certas j\u00f3ias. N\u00e3o emite odores desagrad\u00e1veis, n\u00e3o \u00e9 irritante e n\u00e3o apresenta qualquer risco para a pele - ideal mesmo para utilizadores sens\u00edveis.<\/p>\n<p><strong><img decoding=\"async\" style=\"margin-right: 12px;\" src=\"https:\/\/www.ferberpainting.com\/wp-content\/uploads\/2026\/02\/Check.svg\" alt=\"\" width=\"18\" height=\"15\" \/>Facilidade de utiliza\u00e7\u00e3o.<\/strong>\u00a0Este produto est\u00e1 pronto a utilizar e n\u00e3o necessita de qualquer dilui\u00e7\u00e3o ou manuseamento complicado. Pode ser aplicado diretamente nas suas j\u00f3ias com um pano macio, um pincel de cerdas macias ou utilizado como molho. A sua f\u00f3rmula intuitiva e de a\u00e7\u00e3o r\u00e1pida elimina as impurezas em segundos, sem polimento excessivo.<\/p>\n<p><strong><img decoding=\"async\" style=\"margin-right: 12px;\" src=\"https:\/\/www.ferberpainting.com\/wp-content\/uploads\/2026\/02\/Check.svg\" alt=\"\" width=\"18\" height=\"15\" \/>Brilho de longa dura\u00e7\u00e3o.<\/strong>\u00a0Ao remover eficazmente os res\u00edduos e ao preservar as superf\u00edcies das j\u00f3ias, este produto de limpeza ajuda a manter o seu brilho e prolonga a sua vida \u00fatil. Evita a oxida\u00e7\u00e3o prematura dos metais e a acumula\u00e7\u00e3o de sujidade que pode danificar as pedras e os engastes. A utiliza\u00e7\u00e3o regular garante que as suas j\u00f3ias permanecem brilhantes e bonitas durante anos.<\/p>\n<p><strong><img decoding=\"async\" style=\"margin-right: 12px;\" src=\"https:\/\/www.ferberpainting.com\/wp-content\/uploads\/2026\/02\/Check.svg\" alt=\"\" width=\"18\" height=\"15\" \/>A\u00e7\u00e3o r\u00e1pida.<\/strong>\u00a0Gra\u00e7as \u00e0 sua f\u00f3rmula altamente ativa, este produto de limpeza actua imediatamente sobre a sujidade e as zonas ba\u00e7as. Em apenas alguns segundos, dissolve as impurezas e facilita a remo\u00e7\u00e3o, sem necessidade de esfregar vigorosamente. O seu efeito instant\u00e2neo \u00e9 ideal para uma manuten\u00e7\u00e3o r\u00e1pida e eficaz das j\u00f3ias, ajudando a restaurar o brilho em tempo recorde.<\/p>\n<h2><strong>Instru\u00e7\u00f5es de utiliza\u00e7\u00e3o<\/strong><\/h2>\n<ul>\n<li><strong>Prepara\u00e7\u00e3o <\/strong>: Verificar se as j\u00f3ias n\u00e3o t\u00eam partes destac\u00e1veis e se s\u00e3o compat\u00edveis com a limpeza l\u00edquida. No caso de j\u00f3ias delicadas, teste sempre primeiro numa pequena \u00e1rea.<\/li>\n<li><strong>Limpeza manual <\/strong>: Aplique uma pequena quantidade de produto de limpeza num pano macio ou numa escova de cerdas macias e, em seguida, esfregue suavemente as j\u00f3ias com movimentos circulares para remover as impurezas.<\/li>\n<li><strong>Imers\u00e3o <\/strong>: Para uma limpeza mais profunda, mergulhe as j\u00f3ias num recipiente com produto de limpeza e deixe-as repousar durante 30 segundos a 2 minutos, dependendo do grau de sujidade.<\/li>\n<li><strong>Limpeza de \u00e1reas dif\u00edceis <\/strong>: Para j\u00f3ias complexas ou engastes de pedras, utilize uma escova macia ou um cotonete embebido no produto para alcan\u00e7ar zonas de dif\u00edcil acesso.<\/li>\n<li><strong>Enxaguamento <\/strong>: Ap\u00f3s a aplica\u00e7\u00e3o ou imers\u00e3o, enxaguar abundantemente com \u00e1gua morna para eliminar todos os res\u00edduos de produto e evitar a acumula\u00e7\u00e3o.<\/li>\n<li><strong>Secagem e acabamento <\/strong>: Secar cuidadosamente com um pano limpo e macio. Para um polimento extra, polir suavemente a superf\u00edcie para restaurar o brilho total.<\/li>\n<li><strong>Frequ\u00eancia de utiliza\u00e7\u00e3o <\/strong>: Limpar as j\u00f3ias logo que apare\u00e7a a oxida\u00e7\u00e3o ou o aspeto ba\u00e7o. Para um cuidado preventivo, utilizar uma ou duas vezes por m\u00eas para evitar a acumula\u00e7\u00e3o de res\u00edduos e preservar o brilho natural.<\/li>\n<li><strong>Armazenamento <\/strong>: Manter o recipiente hermeticamente fechado ap\u00f3s a utiliza\u00e7\u00e3o, num local fresco e seco, ao abrigo da luz e do calor, para manter o desempenho total do produto ao longo do tempo.<\/li>\n<\/ul>\n<p>Com o nosso limpador de j\u00f3ias, restaure o brilho e a luminosidade das suas j\u00f3ias com facilidade. Uma solu\u00e7\u00e3o r\u00e1pida, eficaz e segura para cuidar perfeitamente dos seus preciosos tesouros.<\/p>","protected":false},"excerpt":{"rendered":"<p>Optimal Effectiveness.\u00a0This jewelry cleaner is specially formulated to effectively eliminate oxidation marks, dirt residues, dust, soap scum, and other impurities that dull the shine of jewelry. Its powerful formula penetrates deep to restore the brilliance of precious metals and gemstones without damaging their surface. It instantly brings back the original luster of your jewelry, allowing [&hellip;]<\/p>\n","protected":false},"featured_media":36627,"comment_status":"open","ping_status":"closed","template":"","meta":{"_uag_custom_page_level_css":"","site-sidebar-layout":"default","site-content-layout":"","ast-site-content-layout":"default","site-content-style":"default","site-sidebar-style":"default","ast-global-header-display":"","ast-banner-title-visibility":"","ast-main-header-display":"","ast-hfb-above-header-display":"","ast-hfb-below-header-display":"","ast-hfb-mobile-header-display":"","site-post-title":"","ast-breadcrumbs-content":"","ast-featured-img":"","footer-sml-layout":"","ast-disable-related-posts":"","theme-transparent-header-meta":"default","adv-header-id-meta":"","stick-header-meta":"","header-above-stick-meta":"","header-main-stick-meta":"","header-below-stick-meta":"","astra-migrate-meta-layouts":"set","ast-page-background-enabled":"default","ast-page-background-meta":{"desktop":{"background-color":"var(--ast-global-color-4)","background-image":"","background-repeat":"repeat","background-position":"center center","background-size":"auto","background-attachment":"scroll","background-type":"","background-media":"","overlay-type":"","overlay-color":"","overlay-opacity":"","overlay-gradient":""},"tablet":{"background-color":"","background-image":"","background-repeat":"repeat","background-position":"center center","background-size":"auto","background-attachment":"scroll","background-type":"","background-media":"","overlay-type":"","overlay-color":"","overlay-opacity":"","overlay-gradient":""},"mobile":{"background-color":"","background-image":"","background-repeat":"repeat","background-position":"center center","background-size":"auto","background-attachment":"scroll","background-type":"","background-media":"","overlay-type":"","overlay-color":"","overlay-opacity":"","overlay-gradient":""}},"ast-content-background-meta":{"desktop":{"background-color":"var(--ast-global-color-5)","background-image":"","background-repeat":"repeat","background-position":"center center","background-size":"auto","background-attachment":"scroll","background-type":"","background-media":"","overlay-type":"","overlay-color":"","overlay-opacity":"","overlay-gradient":""},"tablet":{"background-color":"var(--ast-global-color-5)","background-image":"","background-repeat":"repeat","background-position":"center center","background-size":"auto","background-attachment":"scroll","background-type":"","background-media":"","overlay-type":"","overlay-color":"","overlay-opacity":"","overlay-gradient":""},"mobile":{"background-color":"var(--ast-global-color-5)","background-image":"","background-repeat":"repeat","background-position":"center center","background-size":"auto","background-attachment":"scroll","background-type":"","background-media":"","overlay-type":"","overlay-color":"","overlay-opacity":"","overlay-gradient":""}}},"product_brand":[],"product_cat":[175],"product_tag":[],"class_list":{"0":"post-23762","1":"product","2":"type-product","3":"status-publish","4":"has-post-thumbnail","6":"product_cat-cleaning-products","7":"desktop-align-left","8":"tablet-align-left","9":"mobile-align-left","11":"first","12":"instock","13":"sale","14":"shipping-taxable","15":"purchasable","16":"product-type-variable","17":"has-default-attributes"},"spectra_custom_meta":{"_visibility":["visible"],"_shopify_product_id":["9102502854901"],"_s2w_shopify_domain":["ferberpainting.myshopify.com"],"_shopify_variant_id":["46616421859573"],"_sku":["FPJEWELRYCLEANER"],"_weight":["1.3"],"_global_unique_id":[""],"total_sales":["25"],"_tax_status":["taxable"],"_tax_class":[""],"_manage_stock":["no"],"_backorders":["no"],"_sold_individually":["no"],"_virtual":["no"],"_downloadable":["no"],"_download_limit":["-1"],"_download_expiry":["-1"],"_stock":[null],"_stock_status":["instock"],"_wc_average_rating":["5.00"],"_wc_review_count":["36"],"_product_version":["10.5.1"],"_edit_lock":["1772030676:1"],"_product_attributes":["a:1:{s:6:\"volume\";a:6:{s:4:\"name\";s:6:\"Volume\";s:5:\"value\";s:20:\"5 liters | 25 liters\";s:8:\"position\";i:0;s:10:\"is_visible\";i:1;s:12:\"is_variation\";i:1;s:11:\"is_taxonomy\";i:0;}}"],"_edit_last":["1"],"_wp_page_template":["default"],"_wp_old_date":["2025-05-26"],"site-sidebar-layout":["default"],"ast-site-content-layout":["default"],"site-content-style":["default"],"site-sidebar-style":["default"],"theme-transparent-header-meta":["default"],"_default_attributes":["a:1:{s:6:\"volume\";s:8:\"5 liters\";}"],"_price":["29.90","129.90"],"merchant-center-availability":["yes"],"merchant-center-category":["499919"],"_thumbnail_id":["36627"],"_product_image_gallery":["36628"],"_wc_rating_count":["a:1:{i:5;i:36;}"],"astra-migrate-meta-layouts":["set"],"_uag_css_file_name":["uag-css-23762.css"],"_elementor_page_assets":["a:0:{}"],"_uag_page_assets":["a:9:{s:3:\"css\";s:7133:\".uag-blocks-common-selector{z-index:var(--z-index-desktop) !important}@media(max-width: 976px){.uag-blocks-common-selector{z-index:var(--z-index-tablet) !important}}@media(max-width: 767px){.uag-blocks-common-selector{z-index:var(--z-index-mobile) !important}}.wp-block-uagb-image{display:flex}.wp-block-uagb-image__figure{position:relative;display:flex;flex-direction:column;max-width:100%;height:auto;margin:0}.wp-block-uagb-image__figure img{height:auto;display:flex;max-width:100%;transition:box-shadow .2s ease}.wp-block-uagb-image__figure>a{display:inline-block}.wp-block-uagb-image__figure figcaption{text-align:center;margin-top:.5em;margin-bottom:1em}.wp-block-uagb-image .components-placeholder.block-editor-media-placeholder .components-placeholder__instructions{align-self:center}.wp-block-uagb-image--align-left{text-align:left}.wp-block-uagb-image--align-right{text-align:right}.wp-block-uagb-image--align-center{text-align:center}.wp-block-uagb-image--align-full .wp-block-uagb-image__figure{margin-left:calc(50% - 50vw);margin-right:calc(50% - 50vw);max-width:100vw;width:100vw;height:auto}.wp-block-uagb-image--align-full .wp-block-uagb-image__figure img{height:auto;width:100% !important}.wp-block-uagb-image--align-wide .wp-block-uagb-image__figure img{height:auto;width:100%}.wp-block-uagb-image--layout-overlay__color-wrapper{position:absolute;left:0;top:0;right:0;bottom:0;opacity:.2;background:rgba(0,0,0,.5);transition:opacity .35s ease-in-out}.wp-block-uagb-image--layout-overlay-link{position:absolute;left:0;right:0;bottom:0;top:0}.wp-block-uagb-image--layout-overlay .wp-block-uagb-image__figure:hover .wp-block-uagb-image--layout-overlay__color-wrapper{opacity:1}.wp-block-uagb-image--layout-overlay__inner{position:absolute;left:15px;right:15px;bottom:15px;top:15px;display:flex;align-items:center;justify-content:center;flex-direction:column;border-color:#fff;transition:.35s ease-in-out}.wp-block-uagb-image--layout-overlay__inner.top-left,.wp-block-uagb-image--layout-overlay__inner.top-center,.wp-block-uagb-image--layout-overlay__inner.top-right{justify-content:flex-start}.wp-block-uagb-image--layout-overlay__inner.bottom-left,.wp-block-uagb-image--layout-overlay__inner.bottom-center,.wp-block-uagb-image--layout-overlay__inner.bottom-right{justify-content:flex-end}.wp-block-uagb-image--layout-overlay__inner.top-left,.wp-block-uagb-image--layout-overlay__inner.center-left,.wp-block-uagb-image--layout-overlay__inner.bottom-left{align-items:flex-start}.wp-block-uagb-image--layout-overlay__inner.top-right,.wp-block-uagb-image--layout-overlay__inner.center-right,.wp-block-uagb-image--layout-overlay__inner.bottom-right{align-items:flex-end}.wp-block-uagb-image--layout-overlay__inner .uagb-image-heading{color:#fff;transition:transform .35s,opacity .35s ease-in-out;transform:translate3d(0, 24px, 0);margin:0;line-height:1em}.wp-block-uagb-image--layout-overlay__inner .uagb-image-separator{width:30%;border-top-width:2px;border-top-color:#fff;border-top-style:solid;margin-bottom:10px;opacity:0;transition:transform .4s,opacity .4s ease-in-out;transform:translate3d(0, 30px, 0)}.wp-block-uagb-image--layout-overlay__inner .uagb-image-caption{opacity:0;overflow:visible;color:#fff;transition:transform .45s,opacity .45s ease-in-out;transform:translate3d(0, 35px, 0)}.wp-block-uagb-image--layout-overlay__inner:hover .uagb-image-heading,.wp-block-uagb-image--layout-overlay__inner:hover .uagb-image-separator,.wp-block-uagb-image--layout-overlay__inner:hover .uagb-image-caption{opacity:1;transform:translate3d(0, 0, 0)}.wp-block-uagb-image--effect-zoomin .wp-block-uagb-image__figure img,.wp-block-uagb-image--effect-zoomin .wp-block-uagb-image__figure .wp-block-uagb-image--layout-overlay__color-wrapper{transform:scale(1);transition:transform .35s ease-in-out}.wp-block-uagb-image--effect-zoomin .wp-block-uagb-image__figure:hover img,.wp-block-uagb-image--effect-zoomin .wp-block-uagb-image__figure:hover .wp-block-uagb-image--layout-overlay__color-wrapper{transform:scale(1.05)}.wp-block-uagb-image--effect-slide .wp-block-uagb-image__figure img,.wp-block-uagb-image--effect-slide .wp-block-uagb-image__figure .wp-block-uagb-image--layout-overlay__color-wrapper{width:calc(100% + 40px) !important;max-width:none !important;transform:translate3d(-40px, 0, 0);transition:transform .35s ease-in-out}.wp-block-uagb-image--effect-slide .wp-block-uagb-image__figure:hover img,.wp-block-uagb-image--effect-slide .wp-block-uagb-image__figure:hover .wp-block-uagb-image--layout-overlay__color-wrapper{transform:translate3d(0, 0, 0)}.wp-block-uagb-image--effect-grayscale img{filter:grayscale(0%);transition:.35s ease-in-out}.wp-block-uagb-image--effect-grayscale:hover img{filter:grayscale(100%)}.wp-block-uagb-image--effect-blur img{filter:blur(0);transition:.35s ease-in-out}.wp-block-uagb-image--effect-blur:hover img{filter:blur(3px)}.uagb-block-e6f939b3.wp-block-uagb-image--layout-default figure img{box-shadow: 0px 0px 0 #00000070;}.uagb-block-e6f939b3.wp-block-uagb-image .wp-block-uagb-image__figure figcaption{font-style: normal;align-self: center;}.uagb-block-e6f939b3.wp-block-uagb-image--layout-overlay figure img{box-shadow: 0px 0px 0 #00000070;}.uagb-block-e6f939b3.wp-block-uagb-image--layout-overlay .wp-block-uagb-image--layout-overlay__color-wrapper{opacity: 0.2;}.uagb-block-e6f939b3.wp-block-uagb-image--layout-overlay .wp-block-uagb-image--layout-overlay__inner{left: 15px;right: 15px;top: 15px;bottom: 15px;}.uagb-block-e6f939b3.wp-block-uagb-image--layout-overlay .wp-block-uagb-image--layout-overlay__inner .uagb-image-heading{font-style: normal;color: #fff;opacity: 1;}.uagb-block-e6f939b3.wp-block-uagb-image--layout-overlay .wp-block-uagb-image--layout-overlay__inner .uagb-image-heading a{color: #fff;}.uagb-block-e6f939b3.wp-block-uagb-image--layout-overlay .wp-block-uagb-image--layout-overlay__inner .uagb-image-caption{opacity: 0;}.uagb-block-e6f939b3.wp-block-uagb-image--layout-overlay .wp-block-uagb-image__figure:hover .wp-block-uagb-image--layout-overlay__color-wrapper{opacity: 1;}.uagb-block-e6f939b3.wp-block-uagb-image .wp-block-uagb-image--layout-overlay__inner .uagb-image-separator{width: 30%;border-top-width: 2px;border-top-color: #fff;opacity: 0;}.uagb-block-e6f939b3.wp-block-uagb-image .wp-block-uagb-image__figure img{width: px;height: auto;}.uagb-block-e6f939b3.wp-block-uagb-image .wp-block-uagb-image__figure:hover .wp-block-uagb-image--layout-overlay__inner .uagb-image-caption{opacity: 1;}.uagb-block-e6f939b3.wp-block-uagb-image .wp-block-uagb-image__figure:hover .wp-block-uagb-image--layout-overlay__inner .uagb-image-separator{opacity: 1;}.uagb-block-e6f939b3.wp-block-uagb-image--layout-default figure:hover img{box-shadow: 0px 0px 0 #00000070;}.uagb-block-e6f939b3.wp-block-uagb-image--layout-overlay figure:hover img{box-shadow: 0px 0px 0 #00000070;}@media only screen and (max-width: 976px) {.uagb-block-e6f939b3.wp-block-uagb-image .wp-block-uagb-image__figure img{width: px;height: auto;}}@media only screen and (max-width: 767px) {.uagb-block-e6f939b3.wp-block-uagb-image .wp-block-uagb-image__figure img{width: px;height: auto;}}\";s:2:\"js\";s:0:\"\";s:18:\"current_block_list\";a:13:{i:0;s:11:\"core\/search\";i:1;s:10:\"core\/group\";i:2;s:12:\"core\/heading\";i:3;s:17:\"core\/latest-posts\";i:4;s:20:\"core\/latest-comments\";i:5;s:13:\"core\/archives\";i:6;s:15:\"core\/categories\";i:7;s:14:\"core\/paragraph\";i:8;s:10:\"uagb\/image\";i:9;s:11:\"core\/spacer\";i:10;s:30:\"woocommerce\/product-categories\";i:11;s:10:\"core\/image\";i:12;s:14:\"core\/shortcode\";}s:8:\"uag_flag\";b:1;s:11:\"uag_version\";s:10:\"1776780458\";s:6:\"gfonts\";a:0:{}s:10:\"gfonts_url\";s:0:\"\";s:12:\"gfonts_files\";a:0:{}s:14:\"uag_faq_layout\";b:0;}"]},"uagb_featured_image_src":{"full":["https:\/\/www.ferberpainting.com\/wp-content\/uploads\/2025\/07\/Jewelry-Cleaner-5L-.png",2560,2560,false],"thumbnail":["https:\/\/www.ferberpainting.com\/wp-content\/uploads\/2025\/07\/Jewelry-Cleaner-5L--150x150.png",150,150,true],"medium":["https:\/\/www.ferberpainting.com\/wp-content\/uploads\/2025\/07\/Jewelry-Cleaner-5L--300x300.png",300,300,true],"medium_large":["https:\/\/www.ferberpainting.com\/wp-content\/uploads\/2025\/07\/Jewelry-Cleaner-5L--768x768.png",768,768,true],"large":["https:\/\/www.ferberpainting.com\/wp-content\/uploads\/2025\/07\/Jewelry-Cleaner-5L--1024x1024.png",1024,1024,true],"1536x1536":["https:\/\/www.ferberpainting.com\/wp-content\/uploads\/2025\/07\/Jewelry-Cleaner-5L--1536x1536.png",1536,1536,true],"2048x2048":["https:\/\/www.ferberpainting.com\/wp-content\/uploads\/2025\/07\/Jewelry-Cleaner-5L--2048x2048.png",2048,2048,true],"trp-custom-language-flag":["https:\/\/www.ferberpainting.com\/wp-content\/uploads\/2025\/07\/Jewelry-Cleaner-5L--12x12.png",12,12,true],"woocommerce_thumbnail":["https:\/\/www.ferberpainting.com\/wp-content\/uploads\/2025\/07\/Jewelry-Cleaner-5L--300x300.png",300,300,true],"woocommerce_single":["https:\/\/www.ferberpainting.com\/wp-content\/uploads\/2025\/07\/Jewelry-Cleaner-5L--600x600.png",600,600,true],"woocommerce_gallery_thumbnail":["https:\/\/www.ferberpainting.com\/wp-content\/uploads\/2025\/07\/Jewelry-Cleaner-5L--100x100.png",100,100,true]},"uagb_author_info":{"display_name":"admin","author_link":"https:\/\/www.ferberpainting.com\/pt\/author\/"},"uagb_comment_info":36,"uagb_excerpt":"Optimal Effectiveness.\u00a0This jewelry cleaner is specially formulated to effectively eliminate oxidation marks, dirt residues, dust, soap scum, and other impurities that dull the shine of jewelry. Its powerful formula penetrates deep to restore the brilliance of precious metals and gemstones without damaging their surface. It instantly brings back the original luster of your jewelry, allowing&hellip;","_links":{"self":[{"href":"https:\/\/www.ferberpainting.com\/pt\/wp-json\/wp\/v2\/product\/23762","targetHints":{"allow":["GET"]}}],"collection":[{"href":"https:\/\/www.ferberpainting.com\/pt\/wp-json\/wp\/v2\/product"}],"about":[{"href":"https:\/\/www.ferberpainting.com\/pt\/wp-json\/wp\/v2\/types\/product"}],"replies":[{"embeddable":true,"href":"https:\/\/www.ferberpainting.com\/pt\/wp-json\/wp\/v2\/comments?post=23762"}],"version-history":[{"count":5,"href":"https:\/\/www.ferberpainting.com\/pt\/wp-json\/wp\/v2\/product\/23762\/revisions"}],"predecessor-version":[{"id":166445,"href":"https:\/\/www.ferberpainting.com\/pt\/wp-json\/wp\/v2\/product\/23762\/revisions\/166445"}],"wp:featuredmedia":[{"embeddable":true,"href":"https:\/\/www.ferberpainting.com\/pt\/wp-json\/wp\/v2\/media\/36627"}],"wp:attachment":[{"href":"https:\/\/www.ferberpainting.com\/pt\/wp-json\/wp\/v2\/media?parent=23762"}],"wp:term":[{"taxonomy":"product_brand","embeddable":true,"href":"https:\/\/www.ferberpainting.com\/pt\/wp-json\/wp\/v2\/product_brand?post=23762"},{"taxonomy":"product_cat","embeddable":true,"href":"https:\/\/www.ferberpainting.com\/pt\/wp-json\/wp\/v2\/product_cat?post=23762"},{"taxonomy":"product_tag","embeddable":true,"href":"https:\/\/www.ferberpainting.com\/pt\/wp-json\/wp\/v2\/product_tag?post=23762"}],"curies":[{"name":"wp","href":"https:\/\/api.w.org\/{rel}","templated":true}]}}