{"id":23755,"date":"2025-07-01T10:01:16","date_gmt":"2025-07-01T08:01:16","guid":{"rendered":"https:\/\/www.ferberpainting.com\/?post_type=product&#038;p=23752"},"modified":"2026-02-15T20:02:26","modified_gmt":"2026-02-15T19:02:26","slug":"jacket-water-repellent","status":"publish","type":"product","link":"https:\/\/www.ferberpainting.com\/pt\/products\/jacket-water-repellent\/","title":{"rendered":"Impermeabilizante para casaco"},"content":{"rendered":"<p><strong><img decoding=\"async\" style=\"margin-right: 12px;\" src=\"https:\/\/www.ferberpainting.com\/wp-content\/uploads\/2026\/02\/Check.svg\" alt=\"\" width=\"18\" height=\"15\" \/>Prote\u00e7\u00e3o \u00f3ptima contra a \u00e1gua e a humidade.<\/strong>\u00a0Este impermeabilizante para casacos \u00e9 a solu\u00e7\u00e3o ideal para proteger o seu vestu\u00e1rio da chuva, da neve e da humidade. Quer esteja ao ar livre sob chuva intensa ou a caminhar na neve, este produto forma uma barreira invis\u00edvel no seu casaco, impedindo a penetra\u00e7\u00e3o da \u00e1gua e permitindo ao mesmo tempo que o tecido respire. Mant\u00e9m-se seco e confort\u00e1vel, sem se preocupar com as condi\u00e7\u00f5es climat\u00e9ricas que podem afetar o desempenho do seu casaco.<\/p>\n<p><strong><img decoding=\"async\" style=\"margin-right: 12px;\" src=\"https:\/\/www.ferberpainting.com\/wp-content\/uploads\/2026\/02\/Check.svg\" alt=\"\" width=\"18\" height=\"15\" \/>Garantia de devolu\u00e7\u00e3o do dinheiro.<\/strong>\u00a0Estamos confiantes na efic\u00e1cia do nosso impermeabilizador de casacos e \u00e9 por isso que oferecemos uma garantia de satisfa\u00e7\u00e3o ou de devolu\u00e7\u00e3o do dinheiro. Se n\u00e3o ficar completamente satisfeito com os resultados, pode solicitar um reembolso total. Isto permite-lhe testar o produto com tranquilidade, sabendo que pode obter o seu dinheiro de volta se este n\u00e3o corresponder \u00e0s suas expectativas.<\/p>\n<p><strong><img decoding=\"async\" style=\"margin-right: 12px;\" src=\"https:\/\/www.ferberpainting.com\/wp-content\/uploads\/2026\/02\/Check.svg\" alt=\"\" width=\"18\" height=\"15\" \/>Compat\u00edvel com v\u00e1rios materiais.<\/strong>\u00a0Este produto foi especialmente formulado para ser utilizado numa grande variedade de materiais de casacos, incluindo couro, poli\u00e9ster, nylon, algod\u00e3o e outros tecidos sint\u00e9ticos. \u00c9 perfeito para casacos de chuva, casacos de esqui, casacos de penas e at\u00e9 casacos softshell. Tamb\u00e9m pode ser utilizado noutros artigos, como sacos, luvas e sapatos de tecido, o que o torna uma solu\u00e7\u00e3o vers\u00e1til para a prote\u00e7\u00e3o contra a humidade.<\/p>\n<p><strong><img decoding=\"async\" style=\"margin-right: 12px;\" src=\"https:\/\/www.ferberpainting.com\/wp-content\/uploads\/2026\/02\/Check.svg\" alt=\"\" width=\"18\" height=\"15\" \/>Econ\u00f3mica com cobertura alargada.<\/strong>\u00a0Este impermeabilizante para casacos oferece um excelente valor com um elevado desempenho. Uma garrafa de 1 litro pode tratar aproximadamente 10 a 15 m\u00b2 de tecido, proporcionando-lhe uma prote\u00e7\u00e3o duradoura com apenas um produto. A rela\u00e7\u00e3o pre\u00e7o\/cobertura \u00e9 especialmente vantajosa quando se trata de v\u00e1rios artigos.<\/p>\n<p><strong><img decoding=\"async\" style=\"margin-right: 12px;\" src=\"https:\/\/www.ferberpainting.com\/wp-content\/uploads\/2026\/02\/Check.svg\" alt=\"\" width=\"18\" height=\"15\" \/>Seguro e amigo dos tecidos.<\/strong>\u00a0Este produto foi formulado para ser seguro tanto para si como para a sua roupa. N\u00e3o cont\u00e9m qu\u00edmicos agressivos e n\u00e3o altera a textura ou a cor do tecido. \u00c9 ideal para pe\u00e7as de vestu\u00e1rio de alta qualidade e para aquelas que pretende conservar a longo prazo. A sua formula\u00e7\u00e3o n\u00e3o apresenta riscos para a sa\u00fade, permitindo-lhe utiliz\u00e1-lo sem preocupa\u00e7\u00f5es.<\/p>\n<p><strong><img decoding=\"async\" style=\"margin-right: 12px;\" src=\"https:\/\/www.ferberpainting.com\/wp-content\/uploads\/2026\/02\/Check.svg\" alt=\"\" width=\"18\" height=\"15\" \/>Aplica\u00e7\u00e3o simples.<\/strong>\u00a0O impermeabilizante para casacos \u00e9 muito f\u00e1cil de aplicar. Est\u00e1 pronto a usar e n\u00e3o requer dilui\u00e7\u00e3o. Basta pulverizar uniformemente o produto sobre a superf\u00edcie do casaco, cobrindo todas as \u00e1reas expostas. N\u00e3o s\u00e3o necess\u00e1rias ferramentas ou compet\u00eancias especiais: basta pulverizar e deixar secar o casaco. O produto actua instantaneamente.<\/p>\n<p><strong><img decoding=\"async\" style=\"margin-right: 12px;\" src=\"https:\/\/www.ferberpainting.com\/wp-content\/uploads\/2026\/02\/Check.svg\" alt=\"\" width=\"18\" height=\"15\" \/>Prote\u00e7\u00e3o duradoura.<\/strong>\u00a0Uma vez aplicado, o impermeabilizante para casacos forma uma barreira protetora de longa dura\u00e7\u00e3o que resiste \u00e0 \u00e1gua e \u00e0s intemp\u00e9ries durante v\u00e1rias semanas. A prote\u00e7\u00e3o mant\u00e9m-se eficaz mesmo ap\u00f3s v\u00e1rias lavagens, ajudando a manter os seus casacos secos e protegidos ao longo do tempo. Dependendo da utiliza\u00e7\u00e3o e da exposi\u00e7\u00e3o, pode ser necess\u00e1ria uma reaplica\u00e7\u00e3o de 3 em 3 ou de 6 em 6 meses para manter a prote\u00e7\u00e3o ideal.<\/p>\n<p><strong><img decoding=\"async\" style=\"margin-right: 12px;\" src=\"https:\/\/www.ferberpainting.com\/wp-content\/uploads\/2026\/02\/Check.svg\" alt=\"\" width=\"18\" height=\"15\" \/>A\u00e7\u00e3o r\u00e1pida para uso di\u00e1rio.<\/strong>\u00a0O produto aplica-se rapidamente e, ap\u00f3s um per\u00edodo de secagem de 1 a 2 horas, o seu casaco est\u00e1 pronto a ser usado \u00e0 chuva. Em apenas alguns minutos, pode sair com a tranquilidade de saber que o seu casaco est\u00e1 protegido da humidade. Seca rapidamente e forma uma barreira eficaz, o que o torna muito pr\u00e1tico para uma utiliza\u00e7\u00e3o regular.<\/p>\n<h2><strong>Protocolo de utiliza\u00e7\u00e3o<\/strong><\/h2>\n<ul>\n<li><strong>Prepara\u00e7\u00e3o da superf\u00edcie <\/strong>: Antes de aplicar o impermeabilizante, verificar se a superf\u00edcie do casaco est\u00e1 limpa e seca. Se necess\u00e1rio, lavar ou limpar o casaco com um pano limpo para remover qualquer sujidade ou p\u00f3. O tecido deve estar completamente seco antes da aplica\u00e7\u00e3o para garantir uma ader\u00eancia e uma prote\u00e7\u00e3o \u00f3ptimas.<\/li>\n<li><strong>Aplica\u00e7\u00e3o do produto <\/strong>: Agitar bem o frasco antes de utilizar. Segurar o spray a cerca de 20-30 cm do casaco e aplicar o produto uniformemente, certificando-se de que cobre toda a superf\u00edcie. Aplicar uma camada ligeira sem saturar o tecido. No caso de casacos grandes, \u00e9 prefer\u00edvel tratar cada sec\u00e7\u00e3o metodicamente para n\u00e3o perder nenhum ponto.<\/li>\n<li><strong>Distribui\u00e7\u00e3o uniforme <\/strong>: Se necess\u00e1rio, utilizar um pano limpo para alisar o produto e assegurar uma aplica\u00e7\u00e3o uniforme. Este passo \u00e9 opcional, mas pode ajudar a obter uma cobertura consistente para uma prote\u00e7\u00e3o \u00f3ptima.<\/li>\n<li><strong>Tempo de secagem <\/strong>: Deixar o casaco secar \u00e0 temperatura ambiente durante cerca de 1 a 2 horas. Certifique-se de que est\u00e1 completamente seco antes de o vestir para garantir uma prote\u00e7\u00e3o total. Se estiver com pressa, pode utilizar uma ventoinha ou expor o casaco a uma brisa suave, mas evite fontes de calor diretas que possam danificar o tecido.<\/li>\n<li><strong>Reaplica\u00e7\u00e3o <\/strong>: Dependendo da utiliza\u00e7\u00e3o e da exposi\u00e7\u00e3o aos elementos, pode ser necess\u00e1rio reaplicar o impermeabilizante a cada 3 a 6 meses. Se o casaco tiver sido utilizado em condi\u00e7\u00f5es muito h\u00famidas ou lavado v\u00e1rias vezes, recomenda-se a reaplica\u00e7\u00e3o para manter a efic\u00e1cia.<\/li>\n<li><strong>Cuidados a ter com as pe\u00e7as de vestu\u00e1rio tratadas <\/strong>: Ap\u00f3s a aplica\u00e7\u00e3o, pode lavar o seu casaco como habitualmente, mas evite uma lavagem demasiado agressiva. Siga as instru\u00e7\u00f5es de conserva\u00e7\u00e3o da pe\u00e7a de vestu\u00e1rio para evitar danificar o revestimento protetor. Pode voltar a aplicar o produto ap\u00f3s cada lavagem para manter a resist\u00eancia \u00e0 \u00e1gua.<\/li>\n<\/ul>\n<p>O impermeabilizador de casacos \u00e9 um produto pr\u00e1tico, eficaz e econ\u00f3mico para prolongar a vida \u00fatil do seu vestu\u00e1rio, oferecendo uma prote\u00e7\u00e3o fi\u00e1vel contra as intemp\u00e9ries. Com a sua facilidade de utiliza\u00e7\u00e3o, a\u00e7\u00e3o r\u00e1pida e desempenho duradouro, \u00e9 o companheiro ideal para quem quer manter os seus casacos secos e em bom estado durante todo o ano.<\/p>","protected":false},"excerpt":{"rendered":"<p>Optimal Protection Against Water and Humidity.\u00a0This jacket waterproofer is the ideal solution to protect your garments from rain, snow, and humidity. Whether you&#8217;re outdoors in heavy rain or walking in the snow, this product forms an invisible barrier on your jacket, preventing water from penetrating while still allowing the fabric to breathe. You stay dry [&hellip;]<\/p>\n","protected":false},"featured_media":36204,"comment_status":"open","ping_status":"closed","template":"","meta":{"_uag_custom_page_level_css":"","site-sidebar-layout":"default","site-content-layout":"","ast-site-content-layout":"default","site-content-style":"default","site-sidebar-style":"default","ast-global-header-display":"","ast-banner-title-visibility":"","ast-main-header-display":"","ast-hfb-above-header-display":"","ast-hfb-below-header-display":"","ast-hfb-mobile-header-display":"","site-post-title":"","ast-breadcrumbs-content":"","ast-featured-img":"","footer-sml-layout":"","ast-disable-related-posts":"","theme-transparent-header-meta":"default","adv-header-id-meta":"","stick-header-meta":"","header-above-stick-meta":"","header-main-stick-meta":"","header-below-stick-meta":"","astra-migrate-meta-layouts":"set","ast-page-background-enabled":"default","ast-page-background-meta":{"desktop":{"background-color":"var(--ast-global-color-4)","background-image":"","background-repeat":"repeat","background-position":"center center","background-size":"auto","background-attachment":"scroll","background-type":"","background-media":"","overlay-type":"","overlay-color":"","overlay-opacity":"","overlay-gradient":""},"tablet":{"background-color":"","background-image":"","background-repeat":"repeat","background-position":"center center","background-size":"auto","background-attachment":"scroll","background-type":"","background-media":"","overlay-type":"","overlay-color":"","overlay-opacity":"","overlay-gradient":""},"mobile":{"background-color":"","background-image":"","background-repeat":"repeat","background-position":"center center","background-size":"auto","background-attachment":"scroll","background-type":"","background-media":"","overlay-type":"","overlay-color":"","overlay-opacity":"","overlay-gradient":""}},"ast-content-background-meta":{"desktop":{"background-color":"var(--ast-global-color-5)","background-image":"","background-repeat":"repeat","background-position":"center center","background-size":"auto","background-attachment":"scroll","background-type":"","background-media":"","overlay-type":"","overlay-color":"","overlay-opacity":"","overlay-gradient":""},"tablet":{"background-color":"var(--ast-global-color-5)","background-image":"","background-repeat":"repeat","background-position":"center center","background-size":"auto","background-attachment":"scroll","background-type":"","background-media":"","overlay-type":"","overlay-color":"","overlay-opacity":"","overlay-gradient":""},"mobile":{"background-color":"var(--ast-global-color-5)","background-image":"","background-repeat":"repeat","background-position":"center center","background-size":"auto","background-attachment":"scroll","background-type":"","background-media":"","overlay-type":"","overlay-color":"","overlay-opacity":"","overlay-gradient":""}}},"product_brand":[],"product_cat":[191],"product_tag":[],"class_list":{"0":"post-23755","1":"product","2":"type-product","3":"status-publish","4":"has-post-thumbnail","6":"product_cat-water-repellent","7":"desktop-align-left","8":"tablet-align-left","9":"mobile-align-left","11":"first","12":"instock","13":"sale","14":"taxable","15":"shipping-taxable","16":"purchasable","17":"product-type-variable","18":"has-default-attributes"},"spectra_custom_meta":{"_visibility":["visible"],"_shopify_product_id":["9106578702581"],"_s2w_shopify_domain":["ferberpainting.myshopify.com"],"_shopify_variant_id":["46626289615093"],"_sku":[""],"_manage_stock":["no"],"total_sales":["71"],"_tax_status":["taxable"],"_tax_class":[""],"_backorders":["no"],"_sold_individually":["no"],"_virtual":["no"],"_downloadable":["no"],"_download_limit":["-1"],"_download_expiry":["-1"],"_stock":[null],"_stock_status":["instock"],"_wc_average_rating":["5.00"],"_wc_review_count":["9"],"_product_attributes":["a:1:{s:6:\"volume\";a:6:{s:4:\"name\";s:6:\"Volume\";s:5:\"value\";s:20:\"5 liters | 25 liters\";s:8:\"position\";i:1;s:10:\"is_visible\";i:0;s:12:\"is_variation\";i:1;s:11:\"is_taxonomy\";i:0;}}"],"_product_version":["10.5.1"],"wpse_downloadable_file_names":[""],"wpse_downloadable_file_urls":[""],"_edit_last":["1"],"_default_attributes":["a:1:{s:6:\"volume\";s:8:\"5 liters\";}"],"_edit_lock":["1771182009:1"],"_price":["29.90","129.90"],"merchant-center-availability":["yes"],"merchant-center-category":["6419"],"_thumbnail_id":["36204"],"_wp_page_template":["default"],"_wp_old_date":["2025-05-26"],"_product_image_gallery":["36206"],"site-sidebar-layout":["default"],"ast-site-content-layout":["default"],"site-content-style":["default"],"site-sidebar-style":["default"],"theme-transparent-header-meta":["default"],"_wc_rating_count":["a:1:{i:5;i:9;}"],"astra-migrate-meta-layouts":["set"],"_uag_css_file_name":["uag-css-23755.css"],"_elementor_page_assets":["a:0:{}"],"_uag_page_assets":["a:9:{s:3:\"css\";s:7133:\".uag-blocks-common-selector{z-index:var(--z-index-desktop) !important}@media(max-width: 976px){.uag-blocks-common-selector{z-index:var(--z-index-tablet) !important}}@media(max-width: 767px){.uag-blocks-common-selector{z-index:var(--z-index-mobile) !important}}.wp-block-uagb-image{display:flex}.wp-block-uagb-image__figure{position:relative;display:flex;flex-direction:column;max-width:100%;height:auto;margin:0}.wp-block-uagb-image__figure img{height:auto;display:flex;max-width:100%;transition:box-shadow .2s ease}.wp-block-uagb-image__figure>a{display:inline-block}.wp-block-uagb-image__figure figcaption{text-align:center;margin-top:.5em;margin-bottom:1em}.wp-block-uagb-image .components-placeholder.block-editor-media-placeholder .components-placeholder__instructions{align-self:center}.wp-block-uagb-image--align-left{text-align:left}.wp-block-uagb-image--align-right{text-align:right}.wp-block-uagb-image--align-center{text-align:center}.wp-block-uagb-image--align-full .wp-block-uagb-image__figure{margin-left:calc(50% - 50vw);margin-right:calc(50% - 50vw);max-width:100vw;width:100vw;height:auto}.wp-block-uagb-image--align-full .wp-block-uagb-image__figure img{height:auto;width:100% !important}.wp-block-uagb-image--align-wide .wp-block-uagb-image__figure img{height:auto;width:100%}.wp-block-uagb-image--layout-overlay__color-wrapper{position:absolute;left:0;top:0;right:0;bottom:0;opacity:.2;background:rgba(0,0,0,.5);transition:opacity .35s ease-in-out}.wp-block-uagb-image--layout-overlay-link{position:absolute;left:0;right:0;bottom:0;top:0}.wp-block-uagb-image--layout-overlay .wp-block-uagb-image__figure:hover .wp-block-uagb-image--layout-overlay__color-wrapper{opacity:1}.wp-block-uagb-image--layout-overlay__inner{position:absolute;left:15px;right:15px;bottom:15px;top:15px;display:flex;align-items:center;justify-content:center;flex-direction:column;border-color:#fff;transition:.35s ease-in-out}.wp-block-uagb-image--layout-overlay__inner.top-left,.wp-block-uagb-image--layout-overlay__inner.top-center,.wp-block-uagb-image--layout-overlay__inner.top-right{justify-content:flex-start}.wp-block-uagb-image--layout-overlay__inner.bottom-left,.wp-block-uagb-image--layout-overlay__inner.bottom-center,.wp-block-uagb-image--layout-overlay__inner.bottom-right{justify-content:flex-end}.wp-block-uagb-image--layout-overlay__inner.top-left,.wp-block-uagb-image--layout-overlay__inner.center-left,.wp-block-uagb-image--layout-overlay__inner.bottom-left{align-items:flex-start}.wp-block-uagb-image--layout-overlay__inner.top-right,.wp-block-uagb-image--layout-overlay__inner.center-right,.wp-block-uagb-image--layout-overlay__inner.bottom-right{align-items:flex-end}.wp-block-uagb-image--layout-overlay__inner .uagb-image-heading{color:#fff;transition:transform .35s,opacity .35s ease-in-out;transform:translate3d(0, 24px, 0);margin:0;line-height:1em}.wp-block-uagb-image--layout-overlay__inner .uagb-image-separator{width:30%;border-top-width:2px;border-top-color:#fff;border-top-style:solid;margin-bottom:10px;opacity:0;transition:transform .4s,opacity .4s ease-in-out;transform:translate3d(0, 30px, 0)}.wp-block-uagb-image--layout-overlay__inner .uagb-image-caption{opacity:0;overflow:visible;color:#fff;transition:transform .45s,opacity .45s ease-in-out;transform:translate3d(0, 35px, 0)}.wp-block-uagb-image--layout-overlay__inner:hover .uagb-image-heading,.wp-block-uagb-image--layout-overlay__inner:hover .uagb-image-separator,.wp-block-uagb-image--layout-overlay__inner:hover .uagb-image-caption{opacity:1;transform:translate3d(0, 0, 0)}.wp-block-uagb-image--effect-zoomin .wp-block-uagb-image__figure img,.wp-block-uagb-image--effect-zoomin .wp-block-uagb-image__figure .wp-block-uagb-image--layout-overlay__color-wrapper{transform:scale(1);transition:transform .35s ease-in-out}.wp-block-uagb-image--effect-zoomin .wp-block-uagb-image__figure:hover img,.wp-block-uagb-image--effect-zoomin .wp-block-uagb-image__figure:hover .wp-block-uagb-image--layout-overlay__color-wrapper{transform:scale(1.05)}.wp-block-uagb-image--effect-slide .wp-block-uagb-image__figure img,.wp-block-uagb-image--effect-slide .wp-block-uagb-image__figure .wp-block-uagb-image--layout-overlay__color-wrapper{width:calc(100% + 40px) !important;max-width:none !important;transform:translate3d(-40px, 0, 0);transition:transform .35s ease-in-out}.wp-block-uagb-image--effect-slide .wp-block-uagb-image__figure:hover img,.wp-block-uagb-image--effect-slide .wp-block-uagb-image__figure:hover .wp-block-uagb-image--layout-overlay__color-wrapper{transform:translate3d(0, 0, 0)}.wp-block-uagb-image--effect-grayscale img{filter:grayscale(0%);transition:.35s ease-in-out}.wp-block-uagb-image--effect-grayscale:hover img{filter:grayscale(100%)}.wp-block-uagb-image--effect-blur img{filter:blur(0);transition:.35s ease-in-out}.wp-block-uagb-image--effect-blur:hover img{filter:blur(3px)}.uagb-block-e6f939b3.wp-block-uagb-image--layout-default figure img{box-shadow: 0px 0px 0 #00000070;}.uagb-block-e6f939b3.wp-block-uagb-image .wp-block-uagb-image__figure figcaption{font-style: normal;align-self: center;}.uagb-block-e6f939b3.wp-block-uagb-image--layout-overlay figure img{box-shadow: 0px 0px 0 #00000070;}.uagb-block-e6f939b3.wp-block-uagb-image--layout-overlay .wp-block-uagb-image--layout-overlay__color-wrapper{opacity: 0.2;}.uagb-block-e6f939b3.wp-block-uagb-image--layout-overlay .wp-block-uagb-image--layout-overlay__inner{left: 15px;right: 15px;top: 15px;bottom: 15px;}.uagb-block-e6f939b3.wp-block-uagb-image--layout-overlay .wp-block-uagb-image--layout-overlay__inner .uagb-image-heading{font-style: normal;color: #fff;opacity: 1;}.uagb-block-e6f939b3.wp-block-uagb-image--layout-overlay .wp-block-uagb-image--layout-overlay__inner .uagb-image-heading a{color: #fff;}.uagb-block-e6f939b3.wp-block-uagb-image--layout-overlay .wp-block-uagb-image--layout-overlay__inner .uagb-image-caption{opacity: 0;}.uagb-block-e6f939b3.wp-block-uagb-image--layout-overlay .wp-block-uagb-image__figure:hover .wp-block-uagb-image--layout-overlay__color-wrapper{opacity: 1;}.uagb-block-e6f939b3.wp-block-uagb-image .wp-block-uagb-image--layout-overlay__inner .uagb-image-separator{width: 30%;border-top-width: 2px;border-top-color: #fff;opacity: 0;}.uagb-block-e6f939b3.wp-block-uagb-image .wp-block-uagb-image__figure img{width: px;height: auto;}.uagb-block-e6f939b3.wp-block-uagb-image .wp-block-uagb-image__figure:hover .wp-block-uagb-image--layout-overlay__inner .uagb-image-caption{opacity: 1;}.uagb-block-e6f939b3.wp-block-uagb-image .wp-block-uagb-image__figure:hover .wp-block-uagb-image--layout-overlay__inner .uagb-image-separator{opacity: 1;}.uagb-block-e6f939b3.wp-block-uagb-image--layout-default figure:hover img{box-shadow: 0px 0px 0 #00000070;}.uagb-block-e6f939b3.wp-block-uagb-image--layout-overlay figure:hover img{box-shadow: 0px 0px 0 #00000070;}@media only screen and (max-width: 976px) {.uagb-block-e6f939b3.wp-block-uagb-image .wp-block-uagb-image__figure img{width: px;height: auto;}}@media only screen and (max-width: 767px) {.uagb-block-e6f939b3.wp-block-uagb-image .wp-block-uagb-image__figure img{width: px;height: auto;}}\";s:2:\"js\";s:0:\"\";s:18:\"current_block_list\";a:13:{i:0;s:11:\"core\/search\";i:1;s:10:\"core\/group\";i:2;s:12:\"core\/heading\";i:3;s:17:\"core\/latest-posts\";i:4;s:20:\"core\/latest-comments\";i:5;s:13:\"core\/archives\";i:6;s:15:\"core\/categories\";i:7;s:14:\"core\/paragraph\";i:8;s:10:\"uagb\/image\";i:9;s:11:\"core\/spacer\";i:10;s:30:\"woocommerce\/product-categories\";i:11;s:10:\"core\/image\";i:12;s:14:\"core\/shortcode\";}s:8:\"uag_flag\";b:1;s:11:\"uag_version\";s:10:\"1777251628\";s:6:\"gfonts\";a:0:{}s:10:\"gfonts_url\";s:0:\"\";s:12:\"gfonts_files\";a:0:{}s:14:\"uag_faq_layout\";b:0;}"]},"uagb_featured_image_src":{"full":["https:\/\/www.ferberpainting.com\/wp-content\/uploads\/2025\/05\/Jacket-Water-Repellent-5L-.png",2560,2560,false],"thumbnail":["https:\/\/www.ferberpainting.com\/wp-content\/uploads\/2025\/05\/Jacket-Water-Repellent-5L--150x150.png",150,150,true],"medium":["https:\/\/www.ferberpainting.com\/wp-content\/uploads\/2025\/05\/Jacket-Water-Repellent-5L--300x300.png",300,300,true],"medium_large":["https:\/\/www.ferberpainting.com\/wp-content\/uploads\/2025\/05\/Jacket-Water-Repellent-5L--768x768.png",768,768,true],"large":["https:\/\/www.ferberpainting.com\/wp-content\/uploads\/2025\/05\/Jacket-Water-Repellent-5L--1024x1024.png",1024,1024,true],"1536x1536":["https:\/\/www.ferberpainting.com\/wp-content\/uploads\/2025\/05\/Jacket-Water-Repellent-5L--1536x1536.png",1536,1536,true],"2048x2048":["https:\/\/www.ferberpainting.com\/wp-content\/uploads\/2025\/05\/Jacket-Water-Repellent-5L--2048x2048.png",2048,2048,true],"trp-custom-language-flag":["https:\/\/www.ferberpainting.com\/wp-content\/uploads\/2025\/05\/Jacket-Water-Repellent-5L--12x12.png",12,12,true],"woocommerce_thumbnail":["https:\/\/www.ferberpainting.com\/wp-content\/uploads\/2025\/05\/Jacket-Water-Repellent-5L--300x300.png",300,300,true],"woocommerce_single":["https:\/\/www.ferberpainting.com\/wp-content\/uploads\/2025\/05\/Jacket-Water-Repellent-5L--600x600.png",600,600,true],"woocommerce_gallery_thumbnail":["https:\/\/www.ferberpainting.com\/wp-content\/uploads\/2025\/05\/Jacket-Water-Repellent-5L--100x100.png",100,100,true]},"uagb_author_info":{"display_name":"admin","author_link":"https:\/\/www.ferberpainting.com\/pt\/author\/"},"uagb_comment_info":9,"uagb_excerpt":"Optimal Protection Against Water and Humidity.\u00a0This jacket waterproofer is the ideal solution to protect your garments from rain, snow, and humidity. Whether you&#8217;re outdoors in heavy rain or walking in the snow, this product forms an invisible barrier on your jacket, preventing water from penetrating while still allowing the fabric to breathe. You stay dry&hellip;","_links":{"self":[{"href":"https:\/\/www.ferberpainting.com\/pt\/wp-json\/wp\/v2\/product\/23755","targetHints":{"allow":["GET"]}}],"collection":[{"href":"https:\/\/www.ferberpainting.com\/pt\/wp-json\/wp\/v2\/product"}],"about":[{"href":"https:\/\/www.ferberpainting.com\/pt\/wp-json\/wp\/v2\/types\/product"}],"replies":[{"embeddable":true,"href":"https:\/\/www.ferberpainting.com\/pt\/wp-json\/wp\/v2\/comments?post=23755"}],"version-history":[{"count":3,"href":"https:\/\/www.ferberpainting.com\/pt\/wp-json\/wp\/v2\/product\/23755\/revisions"}],"predecessor-version":[{"id":166432,"href":"https:\/\/www.ferberpainting.com\/pt\/wp-json\/wp\/v2\/product\/23755\/revisions\/166432"}],"wp:featuredmedia":[{"embeddable":true,"href":"https:\/\/www.ferberpainting.com\/pt\/wp-json\/wp\/v2\/media\/36204"}],"wp:attachment":[{"href":"https:\/\/www.ferberpainting.com\/pt\/wp-json\/wp\/v2\/media?parent=23755"}],"wp:term":[{"taxonomy":"product_brand","embeddable":true,"href":"https:\/\/www.ferberpainting.com\/pt\/wp-json\/wp\/v2\/product_brand?post=23755"},{"taxonomy":"product_cat","embeddable":true,"href":"https:\/\/www.ferberpainting.com\/pt\/wp-json\/wp\/v2\/product_cat?post=23755"},{"taxonomy":"product_tag","embeddable":true,"href":"https:\/\/www.ferberpainting.com\/pt\/wp-json\/wp\/v2\/product_tag?post=23755"}],"curies":[{"name":"wp","href":"https:\/\/api.w.org\/{rel}","templated":true}]}}