{"id":23544,"date":"2025-05-26T10:24:42","date_gmt":"2025-05-26T08:24:42","guid":{"rendered":"https:\/\/www.ferberpainting.com\/products\/hydroponic-fertilizer\/"},"modified":"2026-02-15T19:36:25","modified_gmt":"2026-02-15T18:36:25","slug":"hydroponic-fertilizer","status":"publish","type":"product","link":"https:\/\/www.ferberpainting.com\/pt\/products\/hydroponic-fertilizer\/","title":{"rendered":"Fertilizante hidrop\u00f3nico"},"content":{"rendered":"<p><strong><img decoding=\"async\" style=\"margin-right: 12px;\" src=\"https:\/\/www.ferberpainting.com\/wp-content\/uploads\/2026\/02\/Check.svg\" alt=\"\" width=\"18\" height=\"15\" \/>Adubo especialmente concebido para a cultura sem solo e hidrop\u00f3nica.<\/strong>\u00a0O cultivo hidrop\u00f3nico baseia-se na alimenta\u00e7\u00e3o precisa de nutrientes, permitindo que as plantas cres\u00e7am sem solo, absorvendo exclusivamente uma solu\u00e7\u00e3o nutritiva adaptada. Este fertilizante NPK 15-15-15 foi especialmente formulado para satisfazer as necessidades das culturas hidrop\u00f3nicas, fornecendo um fornecimento equilibrado de azoto (N) para promover um crescimento vegetativo vigoroso, f\u00f3sforo (P) para um enraizamento eficaz e pot\u00e1ssio (K) para melhorar a resist\u00eancia e a produtividade das plantas. Gra\u00e7as \u00e0 sua f\u00f3rmula l\u00edquida totalmente sol\u00favel em \u00e1gua, garante uma absor\u00e7\u00e3o \u00f3ptima dos nutrientes e um desenvolvimento r\u00e1pido e uniforme das plantas, sem risco de acumula\u00e7\u00e3o de res\u00edduos.<\/p>\n<p><strong><img decoding=\"async\" style=\"margin-right: 12px;\" src=\"https:\/\/www.ferberpainting.com\/wp-content\/uploads\/2026\/02\/Check.svg\" alt=\"\" width=\"18\" height=\"15\" \/>Garantia de devolu\u00e7\u00e3o do dinheiro.<\/strong>\u00a0Estamos t\u00e3o confiantes na efic\u00e1cia do nosso fertilizante hidrop\u00f3nico que oferecemos uma garantia de devolu\u00e7\u00e3o do dinheiro. Se, ap\u00f3s a utiliza\u00e7\u00e3o de acordo com as recomenda\u00e7\u00f5es, as suas culturas hidrop\u00f3nicas n\u00e3o apresentarem melhorias no crescimento, na flora\u00e7\u00e3o ou no rendimento, prometemos reembols\u00e1-lo totalmente. Esta garantia permite-lhe comprar este produto com toda a tranquilidade.<\/p>\n<p><strong><img decoding=\"async\" style=\"margin-right: 12px;\" src=\"https:\/\/www.ferberpainting.com\/wp-content\/uploads\/2026\/02\/Check.svg\" alt=\"\" width=\"18\" height=\"15\" \/>Adequado para todos os tipos de culturas e sistemas hidrop\u00f3nicos.<\/strong>\u00a0Este adubo \u00e9 adequado para todas as culturas hidrop\u00f3nicas, quer se trate de legumes de folha (alface, espinafres, manjeric\u00e3o), de legumes de fruto (tomate, pimento, morango), de flores ou mesmo de plantas de interior cultivadas em hidroponia. \u00c9 compat\u00edvel com todos os sistemas hidrop\u00f3nicos, incluindo os sistemas de fluxo cont\u00ednuo, NFT (Nutrient Film Technique), DWC (Deep Water Culture), aerop\u00f3nicos e aquap\u00f3nicos. Funciona igualmente para as culturas em substratos inertes (l\u00e3 de rocha, seixos de argila, coco), garantindo uma fertiliza\u00e7\u00e3o completa e eficaz.<\/p>\n<p><strong><img decoding=\"async\" style=\"margin-right: 12px;\" src=\"https:\/\/www.ferberpainting.com\/wp-content\/uploads\/2026\/02\/Check.svg\" alt=\"\" width=\"18\" height=\"15\" \/>Rendimento econ\u00f3mico e fertiliza\u00e7\u00e3o optimizada.<\/strong>\u00a0Gra\u00e7as \u00e0 sua f\u00f3rmula l\u00edquida concentrada, um recipiente de 5 litros permite produzir at\u00e9 1000 litros de solu\u00e7\u00e3o nutritiva, oferecendo assim uma fertiliza\u00e7\u00e3o prolongada e econ\u00f3mica. Com uma dosagem de 5 ml por litro de \u00e1gua, garante uma nutri\u00e7\u00e3o completa das plantas sem excessos nem lixivia\u00e7\u00e3o, permitindo uma gest\u00e3o \u00f3ptima dos recursos e uma maior rentabilidade para os agricultores.<\/p>\n<p><strong><img decoding=\"async\" style=\"margin-right: 12px;\" src=\"https:\/\/www.ferberpainting.com\/wp-content\/uploads\/2026\/02\/Check.svg\" alt=\"\" width=\"18\" height=\"15\" \/>Um fertilizante seguro e sem risco para as culturas.<\/strong>\u00a0Ao contr\u00e1rio dos fertilizantes s\u00f3lidos que podem causar dep\u00f3sitos e acumula\u00e7\u00f5es indesej\u00e1veis, este fertilizante \u00e9 totalmente sol\u00favel em \u00e1gua, garantindo um fluxo suave de nutrientes em sistemas hidrop\u00f3nicos sem o risco de entupimento da bomba ou da tubagem. \u00c9 isento de metais pesados, aditivos t\u00f3xicos e componentes que possam desequilibrar a solu\u00e7\u00e3o nutritiva, garantindo assim uma fertiliza\u00e7\u00e3o segura e eficaz.<\/p>\n<p><strong><img decoding=\"async\" style=\"margin-right: 12px;\" src=\"https:\/\/www.ferberpainting.com\/wp-content\/uploads\/2026\/02\/Check.svg\" alt=\"\" width=\"18\" height=\"15\" \/>F\u00e1cil de aplicar e simples de utilizar.<\/strong>\u00a0Ao contr\u00e1rio dos fertilizantes tradicionais que requerem uma mistura complexa, este fertilizante dissolve-se rapidamente na \u00e1gua e integra-se diretamente no reservat\u00f3rio hidrop\u00f3nico, garantindo uma difus\u00e3o uniforme dos nutrientes sem esfor\u00e7o adicional. \u00c9 ideal tanto para principiantes como para cultivadores experientes, oferecendo um m\u00e9todo de fertiliza\u00e7\u00e3o simples, r\u00e1pido e eficaz.<\/p>\n<p><strong><img decoding=\"async\" style=\"margin-right: 12px;\" src=\"https:\/\/www.ferberpainting.com\/wp-content\/uploads\/2026\/02\/Check.svg\" alt=\"\" width=\"18\" height=\"15\" \/>A\u00e7\u00e3o de longa dura\u00e7\u00e3o para um crescimento acelerado e uma produ\u00e7\u00e3o optimizada.<\/strong>\u00a0Gra\u00e7as \u00e0 sua f\u00f3rmula equilibrada e \u00e0 sua solubilidade perfeita, este adubo assegura uma liberta\u00e7\u00e3o imediata dos nutrientes, favorecendo um desenvolvimento r\u00e1pido das ra\u00edzes, um crescimento vegetativo vigoroso e uma flora\u00e7\u00e3o abundante. Tamb\u00e9m aumenta a capacidade das plantas de absorverem \u00e1gua e nutrientes essenciais, melhorando assim a sua resist\u00eancia \u00e0s varia\u00e7\u00f5es de pH e \u00e0s flutua\u00e7\u00f5es do sistema hidrop\u00f3nico.<\/p>\n<p><strong><img decoding=\"async\" style=\"margin-right: 12px;\" src=\"https:\/\/www.ferberpainting.com\/wp-content\/uploads\/2026\/02\/Check.svg\" alt=\"\" width=\"18\" height=\"15\" \/>Resultados vis\u00edveis nas primeiras semanas.<\/strong>\u00a0Desde a primeira aplica\u00e7\u00e3o, este fertilizante estimula a forma\u00e7\u00e3o de novos rebentos, melhora o enraizamento e promove um crescimento uniforme. Em apenas algumas semanas, as plantas apresentam uma folhagem exuberante, caules robustos e uma maior produ\u00e7\u00e3o de flores e frutos.<\/p>\n<h2><strong>Protocolo de utiliza\u00e7\u00e3o<\/strong><\/h2>\n<p><strong>Dilui\u00e7\u00e3o de fertilizantes <\/strong>: Misturar 5 ml de adubo por 1 litro de \u00e1gua. Agitar bem a solu\u00e7\u00e3o antes de cada aplica\u00e7\u00e3o para garantir uma distribui\u00e7\u00e3o homog\u00e9nea dos nutrientes.<strong><br \/>\nM\u00e9todo de aplica\u00e7\u00e3o <\/strong>:<\/p>\n<ul>\n<li><strong>Num sistema hidrop\u00f3nico <\/strong>: Adicione a solu\u00e7\u00e3o dilu\u00edda diretamente no reservat\u00f3rio do sistema hidrop\u00f3nico, certificando-se de manter uma circula\u00e7\u00e3o uniforme de nutrientes.<\/li>\n<li><strong>Pulveriza\u00e7\u00e3o foliar (facultativa) <\/strong>: Pulverizar ligeiramente a solu\u00e7\u00e3o sobre as folhas para uma maior absor\u00e7\u00e3o, evitando as horas de calor elevado para limitar a evapora\u00e7\u00e3o.<\/li>\n<\/ul>\n<p><strong>Frequ\u00eancia de aplica\u00e7\u00e3o <\/strong>:<\/p>\n<ul>\n<li><strong>Para plantas em crescimento <\/strong>: Aplicar o adubo semanalmente para assegurar um desenvolvimento r\u00e1pido e saud\u00e1vel da folhagem e das ra\u00edzes.<\/li>\n<li><strong>Para plantas com flores e frutos <\/strong>: Aplicar o fertilizante a cada 10 a 15 dias, mantendo um bom equil\u00edbrio de nutrientes para otimizar a produ\u00e7\u00e3o de flores e frutos.<\/li>\n<\/ul>\n<p><strong>Monitoriza\u00e7\u00e3o e ajuste do pH <\/strong>: Depois de adicionar o fertilizante, verificar e ajustar o pH da solu\u00e7\u00e3o nutritiva para o manter dentro do intervalo ideal para o cultivo hidrop\u00f3nico (geralmente entre 5,5 e 6,5, dependendo das plantas).<\/p>\n<p><strong>Manuten\u00e7\u00e3o e controlo <\/strong>: Limpar regularmente as bombas e os tubos para evitar a acumula\u00e7\u00e3o de res\u00edduos e para assegurar o bom funcionamento do sistema hidrop\u00f3nico.<\/p>\n<p><strong>Precau\u00e7\u00f5es de utiliza\u00e7\u00e3o <\/strong>: N\u00e3o sobredosear o adubo para evitar o excesso de sais minerais na solu\u00e7\u00e3o, o que poderia danificar as ra\u00edzes das plantas. Conservar o produto num local seco e temperado, ao abrigo da luz direta e da humidade.<\/p>\n<p><strong>Armazenamento e conserva\u00e7\u00e3o <\/strong>: Conservar o adubo num local fresco e seco, fechando bem o recipiente ap\u00f3s cada utiliza\u00e7\u00e3o para preservar a sua qualidade e evitar a evapora\u00e7\u00e3o.<\/p>","protected":false},"excerpt":{"rendered":"<p>A fertilizer specially designed for soilless and hydroponic cultivation.\u00a0Hydroponic cultivation relies on precise nutrient feeding, allowing plants to grow without soil by exclusively absorbing a tailored nutrient solution. This NPK 15-15-15 fertilizer has been specially formulated to meet the needs of hydroponic crops by providing a balanced supply of nitrogen (N) to promote vigorous vegetative [&hellip;]<\/p>\n","protected":false},"featured_media":26034,"comment_status":"open","ping_status":"closed","template":"","meta":{"_uag_custom_page_level_css":"","site-sidebar-layout":"default","site-content-layout":"","ast-site-content-layout":"default","site-content-style":"default","site-sidebar-style":"default","ast-global-header-display":"","ast-banner-title-visibility":"","ast-main-header-display":"","ast-hfb-above-header-display":"","ast-hfb-below-header-display":"","ast-hfb-mobile-header-display":"","site-post-title":"","ast-breadcrumbs-content":"","ast-featured-img":"","footer-sml-layout":"","ast-disable-related-posts":"","theme-transparent-header-meta":"default","adv-header-id-meta":"","stick-header-meta":"","header-above-stick-meta":"","header-main-stick-meta":"","header-below-stick-meta":"","astra-migrate-meta-layouts":"set","ast-page-background-enabled":"default","ast-page-background-meta":{"desktop":{"background-color":"var(--ast-global-color-4)","background-image":"","background-repeat":"repeat","background-position":"center center","background-size":"auto","background-attachment":"scroll","background-type":"","background-media":"","overlay-type":"","overlay-color":"","overlay-opacity":"","overlay-gradient":""},"tablet":{"background-color":"","background-image":"","background-repeat":"repeat","background-position":"center center","background-size":"auto","background-attachment":"scroll","background-type":"","background-media":"","overlay-type":"","overlay-color":"","overlay-opacity":"","overlay-gradient":""},"mobile":{"background-color":"","background-image":"","background-repeat":"repeat","background-position":"center center","background-size":"auto","background-attachment":"scroll","background-type":"","background-media":"","overlay-type":"","overlay-color":"","overlay-opacity":"","overlay-gradient":""}},"ast-content-background-meta":{"desktop":{"background-color":"var(--ast-global-color-5)","background-image":"","background-repeat":"repeat","background-position":"center center","background-size":"auto","background-attachment":"scroll","background-type":"","background-media":"","overlay-type":"","overlay-color":"","overlay-opacity":"","overlay-gradient":""},"tablet":{"background-color":"var(--ast-global-color-5)","background-image":"","background-repeat":"repeat","background-position":"center center","background-size":"auto","background-attachment":"scroll","background-type":"","background-media":"","overlay-type":"","overlay-color":"","overlay-opacity":"","overlay-gradient":""},"mobile":{"background-color":"var(--ast-global-color-5)","background-image":"","background-repeat":"repeat","background-position":"center center","background-size":"auto","background-attachment":"scroll","background-type":"","background-media":"","overlay-type":"","overlay-color":"","overlay-opacity":"","overlay-gradient":""}}},"product_brand":[],"product_cat":[178],"product_tag":[],"class_list":{"0":"post-23544","1":"product","2":"type-product","3":"status-publish","4":"has-post-thumbnail","6":"product_cat-fertilizers","7":"desktop-align-left","8":"tablet-align-left","9":"mobile-align-left","11":"first","12":"instock","13":"sale","14":"taxable","15":"shipping-taxable","16":"purchasable","17":"product-type-variable","18":"has-default-attributes"},"spectra_custom_meta":{"_visibility":["visible"],"_shopify_product_id":["9067586420981"],"_s2w_shopify_domain":["ferberpainting.myshopify.com"],"_shopify_variant_id":["46507982192885"],"_sku":[""],"_manage_stock":["no"],"total_sales":["164"],"_tax_status":["taxable"],"_tax_class":[""],"_backorders":["no"],"_sold_individually":["no"],"_virtual":["no"],"_downloadable":["no"],"_download_limit":["-1"],"_download_expiry":["-1"],"_stock":[null],"_stock_status":["instock"],"_wc_average_rating":["4.57"],"_wc_review_count":["7"],"_product_attributes":["a:1:{s:6:\"volume\";a:6:{s:4:\"name\";s:6:\"Volume\";s:5:\"value\";s:20:\"5 liters | 25 liters\";s:8:\"position\";i:1;s:10:\"is_visible\";i:0;s:12:\"is_variation\";i:1;s:11:\"is_taxonomy\";i:0;}}"],"_product_version":["10.5.1"],"_thumbnail_id":["26034"],"_product_image_gallery":["26035"],"wpse_downloadable_file_names":[""],"wpse_downloadable_file_urls":[""],"_edit_last":["1"],"_default_attributes":["a:1:{s:6:\"volume\";s:8:\"5 liters\";}"],"_edit_lock":["1771180448:1"],"_price":["29.90","129.90"],"merchant-center-availability":["yes"],"merchant-center-category":["113"],"_wp_page_template":["default"],"site-sidebar-layout":["default"],"ast-site-content-layout":["default"],"site-content-style":["default"],"site-sidebar-style":["default"],"theme-transparent-header-meta":["default"],"_wc_rating_count":["a:2:{i:4;i:3;i:5;i:4;}"],"astra-migrate-meta-layouts":["set"],"_uag_css_file_name":["uag-css-23544.css"],"_elementor_page_assets":["a:0:{}"],"_uag_page_assets":["a:9:{s:3:\"css\";s:7133:\".uag-blocks-common-selector{z-index:var(--z-index-desktop) !important}@media(max-width: 976px){.uag-blocks-common-selector{z-index:var(--z-index-tablet) !important}}@media(max-width: 767px){.uag-blocks-common-selector{z-index:var(--z-index-mobile) !important}}.wp-block-uagb-image{display:flex}.wp-block-uagb-image__figure{position:relative;display:flex;flex-direction:column;max-width:100%;height:auto;margin:0}.wp-block-uagb-image__figure img{height:auto;display:flex;max-width:100%;transition:box-shadow .2s ease}.wp-block-uagb-image__figure>a{display:inline-block}.wp-block-uagb-image__figure figcaption{text-align:center;margin-top:.5em;margin-bottom:1em}.wp-block-uagb-image .components-placeholder.block-editor-media-placeholder .components-placeholder__instructions{align-self:center}.wp-block-uagb-image--align-left{text-align:left}.wp-block-uagb-image--align-right{text-align:right}.wp-block-uagb-image--align-center{text-align:center}.wp-block-uagb-image--align-full .wp-block-uagb-image__figure{margin-left:calc(50% - 50vw);margin-right:calc(50% - 50vw);max-width:100vw;width:100vw;height:auto}.wp-block-uagb-image--align-full .wp-block-uagb-image__figure img{height:auto;width:100% !important}.wp-block-uagb-image--align-wide .wp-block-uagb-image__figure img{height:auto;width:100%}.wp-block-uagb-image--layout-overlay__color-wrapper{position:absolute;left:0;top:0;right:0;bottom:0;opacity:.2;background:rgba(0,0,0,.5);transition:opacity .35s ease-in-out}.wp-block-uagb-image--layout-overlay-link{position:absolute;left:0;right:0;bottom:0;top:0}.wp-block-uagb-image--layout-overlay .wp-block-uagb-image__figure:hover .wp-block-uagb-image--layout-overlay__color-wrapper{opacity:1}.wp-block-uagb-image--layout-overlay__inner{position:absolute;left:15px;right:15px;bottom:15px;top:15px;display:flex;align-items:center;justify-content:center;flex-direction:column;border-color:#fff;transition:.35s ease-in-out}.wp-block-uagb-image--layout-overlay__inner.top-left,.wp-block-uagb-image--layout-overlay__inner.top-center,.wp-block-uagb-image--layout-overlay__inner.top-right{justify-content:flex-start}.wp-block-uagb-image--layout-overlay__inner.bottom-left,.wp-block-uagb-image--layout-overlay__inner.bottom-center,.wp-block-uagb-image--layout-overlay__inner.bottom-right{justify-content:flex-end}.wp-block-uagb-image--layout-overlay__inner.top-left,.wp-block-uagb-image--layout-overlay__inner.center-left,.wp-block-uagb-image--layout-overlay__inner.bottom-left{align-items:flex-start}.wp-block-uagb-image--layout-overlay__inner.top-right,.wp-block-uagb-image--layout-overlay__inner.center-right,.wp-block-uagb-image--layout-overlay__inner.bottom-right{align-items:flex-end}.wp-block-uagb-image--layout-overlay__inner .uagb-image-heading{color:#fff;transition:transform .35s,opacity .35s ease-in-out;transform:translate3d(0, 24px, 0);margin:0;line-height:1em}.wp-block-uagb-image--layout-overlay__inner .uagb-image-separator{width:30%;border-top-width:2px;border-top-color:#fff;border-top-style:solid;margin-bottom:10px;opacity:0;transition:transform .4s,opacity .4s ease-in-out;transform:translate3d(0, 30px, 0)}.wp-block-uagb-image--layout-overlay__inner .uagb-image-caption{opacity:0;overflow:visible;color:#fff;transition:transform .45s,opacity .45s ease-in-out;transform:translate3d(0, 35px, 0)}.wp-block-uagb-image--layout-overlay__inner:hover .uagb-image-heading,.wp-block-uagb-image--layout-overlay__inner:hover .uagb-image-separator,.wp-block-uagb-image--layout-overlay__inner:hover .uagb-image-caption{opacity:1;transform:translate3d(0, 0, 0)}.wp-block-uagb-image--effect-zoomin .wp-block-uagb-image__figure img,.wp-block-uagb-image--effect-zoomin .wp-block-uagb-image__figure .wp-block-uagb-image--layout-overlay__color-wrapper{transform:scale(1);transition:transform .35s ease-in-out}.wp-block-uagb-image--effect-zoomin .wp-block-uagb-image__figure:hover img,.wp-block-uagb-image--effect-zoomin .wp-block-uagb-image__figure:hover .wp-block-uagb-image--layout-overlay__color-wrapper{transform:scale(1.05)}.wp-block-uagb-image--effect-slide .wp-block-uagb-image__figure img,.wp-block-uagb-image--effect-slide .wp-block-uagb-image__figure .wp-block-uagb-image--layout-overlay__color-wrapper{width:calc(100% + 40px) !important;max-width:none !important;transform:translate3d(-40px, 0, 0);transition:transform .35s ease-in-out}.wp-block-uagb-image--effect-slide .wp-block-uagb-image__figure:hover img,.wp-block-uagb-image--effect-slide .wp-block-uagb-image__figure:hover .wp-block-uagb-image--layout-overlay__color-wrapper{transform:translate3d(0, 0, 0)}.wp-block-uagb-image--effect-grayscale img{filter:grayscale(0%);transition:.35s ease-in-out}.wp-block-uagb-image--effect-grayscale:hover img{filter:grayscale(100%)}.wp-block-uagb-image--effect-blur img{filter:blur(0);transition:.35s ease-in-out}.wp-block-uagb-image--effect-blur:hover img{filter:blur(3px)}.uagb-block-e6f939b3.wp-block-uagb-image--layout-default figure img{box-shadow: 0px 0px 0 #00000070;}.uagb-block-e6f939b3.wp-block-uagb-image .wp-block-uagb-image__figure figcaption{font-style: normal;align-self: center;}.uagb-block-e6f939b3.wp-block-uagb-image--layout-overlay figure img{box-shadow: 0px 0px 0 #00000070;}.uagb-block-e6f939b3.wp-block-uagb-image--layout-overlay .wp-block-uagb-image--layout-overlay__color-wrapper{opacity: 0.2;}.uagb-block-e6f939b3.wp-block-uagb-image--layout-overlay .wp-block-uagb-image--layout-overlay__inner{left: 15px;right: 15px;top: 15px;bottom: 15px;}.uagb-block-e6f939b3.wp-block-uagb-image--layout-overlay .wp-block-uagb-image--layout-overlay__inner .uagb-image-heading{font-style: normal;color: #fff;opacity: 1;}.uagb-block-e6f939b3.wp-block-uagb-image--layout-overlay .wp-block-uagb-image--layout-overlay__inner .uagb-image-heading a{color: #fff;}.uagb-block-e6f939b3.wp-block-uagb-image--layout-overlay .wp-block-uagb-image--layout-overlay__inner .uagb-image-caption{opacity: 0;}.uagb-block-e6f939b3.wp-block-uagb-image--layout-overlay .wp-block-uagb-image__figure:hover .wp-block-uagb-image--layout-overlay__color-wrapper{opacity: 1;}.uagb-block-e6f939b3.wp-block-uagb-image .wp-block-uagb-image--layout-overlay__inner .uagb-image-separator{width: 30%;border-top-width: 2px;border-top-color: #fff;opacity: 0;}.uagb-block-e6f939b3.wp-block-uagb-image .wp-block-uagb-image__figure img{width: px;height: auto;}.uagb-block-e6f939b3.wp-block-uagb-image .wp-block-uagb-image__figure:hover .wp-block-uagb-image--layout-overlay__inner .uagb-image-caption{opacity: 1;}.uagb-block-e6f939b3.wp-block-uagb-image .wp-block-uagb-image__figure:hover .wp-block-uagb-image--layout-overlay__inner .uagb-image-separator{opacity: 1;}.uagb-block-e6f939b3.wp-block-uagb-image--layout-default figure:hover img{box-shadow: 0px 0px 0 #00000070;}.uagb-block-e6f939b3.wp-block-uagb-image--layout-overlay figure:hover img{box-shadow: 0px 0px 0 #00000070;}@media only screen and (max-width: 976px) {.uagb-block-e6f939b3.wp-block-uagb-image .wp-block-uagb-image__figure img{width: px;height: auto;}}@media only screen and (max-width: 767px) {.uagb-block-e6f939b3.wp-block-uagb-image .wp-block-uagb-image__figure img{width: px;height: auto;}}\";s:2:\"js\";s:0:\"\";s:18:\"current_block_list\";a:13:{i:0;s:11:\"core\/search\";i:1;s:10:\"core\/group\";i:2;s:12:\"core\/heading\";i:3;s:17:\"core\/latest-posts\";i:4;s:20:\"core\/latest-comments\";i:5;s:13:\"core\/archives\";i:6;s:15:\"core\/categories\";i:7;s:14:\"core\/paragraph\";i:8;s:10:\"uagb\/image\";i:9;s:11:\"core\/spacer\";i:10;s:30:\"woocommerce\/product-categories\";i:11;s:10:\"core\/image\";i:12;s:14:\"core\/shortcode\";}s:8:\"uag_flag\";b:1;s:11:\"uag_version\";s:10:\"1777302940\";s:6:\"gfonts\";a:0:{}s:10:\"gfonts_url\";s:0:\"\";s:12:\"gfonts_files\";a:0:{}s:14:\"uag_faq_layout\";b:0;}"]},"uagb_featured_image_src":{"full":["https:\/\/www.ferberpainting.com\/wp-content\/uploads\/2025\/05\/HydroponicFertilizer5L.png",2560,2560,false],"thumbnail":["https:\/\/www.ferberpainting.com\/wp-content\/uploads\/2025\/05\/HydroponicFertilizer5L-150x150.png",150,150,true],"medium":["https:\/\/www.ferberpainting.com\/wp-content\/uploads\/2025\/05\/HydroponicFertilizer5L-300x300.png",300,300,true],"medium_large":["https:\/\/www.ferberpainting.com\/wp-content\/uploads\/2025\/05\/HydroponicFertilizer5L-768x768.png",768,768,true],"large":["https:\/\/www.ferberpainting.com\/wp-content\/uploads\/2025\/05\/HydroponicFertilizer5L-1024x1024.png",1024,1024,true],"1536x1536":["https:\/\/www.ferberpainting.com\/wp-content\/uploads\/2025\/05\/HydroponicFertilizer5L-1536x1536.png",1536,1536,true],"2048x2048":["https:\/\/www.ferberpainting.com\/wp-content\/uploads\/2025\/05\/HydroponicFertilizer5L-2048x2048.png",2048,2048,true],"trp-custom-language-flag":["https:\/\/www.ferberpainting.com\/wp-content\/uploads\/2025\/05\/HydroponicFertilizer5L-12x12.png",12,12,true],"woocommerce_thumbnail":["https:\/\/www.ferberpainting.com\/wp-content\/uploads\/2025\/05\/HydroponicFertilizer5L-300x300.png",300,300,true],"woocommerce_single":["https:\/\/www.ferberpainting.com\/wp-content\/uploads\/2025\/05\/HydroponicFertilizer5L-600x600.png",600,600,true],"woocommerce_gallery_thumbnail":["https:\/\/www.ferberpainting.com\/wp-content\/uploads\/2025\/05\/HydroponicFertilizer5L-100x100.png",100,100,true]},"uagb_author_info":{"display_name":"admin","author_link":"https:\/\/www.ferberpainting.com\/pt\/author\/"},"uagb_comment_info":7,"uagb_excerpt":"A fertilizer specially designed for soilless and hydroponic cultivation.\u00a0Hydroponic cultivation relies on precise nutrient feeding, allowing plants to grow without soil by exclusively absorbing a tailored nutrient solution. This NPK 15-15-15 fertilizer has been specially formulated to meet the needs of hydroponic crops by providing a balanced supply of nitrogen (N) to promote vigorous vegetative&hellip;","_links":{"self":[{"href":"https:\/\/www.ferberpainting.com\/pt\/wp-json\/wp\/v2\/product\/23544","targetHints":{"allow":["GET"]}}],"collection":[{"href":"https:\/\/www.ferberpainting.com\/pt\/wp-json\/wp\/v2\/product"}],"about":[{"href":"https:\/\/www.ferberpainting.com\/pt\/wp-json\/wp\/v2\/types\/product"}],"replies":[{"embeddable":true,"href":"https:\/\/www.ferberpainting.com\/pt\/wp-json\/wp\/v2\/comments?post=23544"}],"version-history":[{"count":4,"href":"https:\/\/www.ferberpainting.com\/pt\/wp-json\/wp\/v2\/product\/23544\/revisions"}],"predecessor-version":[{"id":166371,"href":"https:\/\/www.ferberpainting.com\/pt\/wp-json\/wp\/v2\/product\/23544\/revisions\/166371"}],"wp:featuredmedia":[{"embeddable":true,"href":"https:\/\/www.ferberpainting.com\/pt\/wp-json\/wp\/v2\/media\/26034"}],"wp:attachment":[{"href":"https:\/\/www.ferberpainting.com\/pt\/wp-json\/wp\/v2\/media?parent=23544"}],"wp:term":[{"taxonomy":"product_brand","embeddable":true,"href":"https:\/\/www.ferberpainting.com\/pt\/wp-json\/wp\/v2\/product_brand?post=23544"},{"taxonomy":"product_cat","embeddable":true,"href":"https:\/\/www.ferberpainting.com\/pt\/wp-json\/wp\/v2\/product_cat?post=23544"},{"taxonomy":"product_tag","embeddable":true,"href":"https:\/\/www.ferberpainting.com\/pt\/wp-json\/wp\/v2\/product_tag?post=23544"}],"curies":[{"name":"wp","href":"https:\/\/api.w.org\/{rel}","templated":true}]}}