{"id":23543,"date":"2025-05-26T10:24:40","date_gmt":"2025-05-26T08:24:40","guid":{"rendered":"https:\/\/www.ferberpainting.com\/products\/hydrangea-camellia-rhododendron-and-azalea-fertilizer\/"},"modified":"2026-02-15T19:33:47","modified_gmt":"2026-02-15T18:33:47","slug":"hydrangea-camellia-rhododendron-and-azalea-fertilizer","status":"publish","type":"product","link":"https:\/\/www.ferberpainting.com\/pt\/products\/hydrangea-camellia-rhododendron-and-azalea-fertilizer\/","title":{"rendered":"Fertilizante para hort\u00eansias, cam\u00e9lias, rododendros e az\u00e1leas 25 kg"},"content":{"rendered":"<p><strong><img decoding=\"async\" style=\"margin-right: 12px;\" src=\"https:\/\/www.ferberpainting.com\/wp-content\/uploads\/2026\/02\/Check.svg\" alt=\"\" width=\"18\" height=\"15\" \/>Um fertilizante equilibrado para uma flora\u00e7\u00e3o espetacular e uma folhagem vibrante.<\/strong>\u00a0Este adubo foi especialmente concebido para satisfazer as necessidades das plantas que gostam de \u00e1cido, como as hort\u00eansias, as cam\u00e9lias, os rododendros e as az\u00e1leas. Gra\u00e7as \u00e0 sua f\u00f3rmula NPK 10-10-10, fornece um aporte equilibrado de azoto (N) para favorecer o crescimento da folhagem, de f\u00f3sforo (P) para refor\u00e7ar as ra\u00edzes e de pot\u00e1ssio (K) para estimular uma flora\u00e7\u00e3o abundante e duradoura. Assegura plantas saud\u00e1veis com flores de cores intensas e uma folhagem exuberante durante toda a esta\u00e7\u00e3o.<\/p>\n<p><strong><img decoding=\"async\" style=\"margin-right: 12px;\" src=\"https:\/\/www.ferberpainting.com\/wp-content\/uploads\/2026\/02\/Check.svg\" alt=\"\" width=\"18\" height=\"15\" \/>Garantia de devolu\u00e7\u00e3o do dinheiro.<\/strong>\u00a0Estamos confiantes na efic\u00e1cia do nosso fertilizante para hort\u00eansias, cam\u00e9lias, rododendros e az\u00e1leas, e \u00e9 por isso que oferecemos uma garantia de devolu\u00e7\u00e3o do dinheiro. Se, ap\u00f3s a utiliza\u00e7\u00e3o conforme recomendado, as suas plantas n\u00e3o apresentarem melhorias significativas na flora\u00e7\u00e3o, folhagem ou crescimento, reembols\u00e1-lo-emos na totalidade, garantindo uma compra sem preocupa\u00e7\u00f5es.<\/p>\n<p><strong><img decoding=\"async\" style=\"margin-right: 12px;\" src=\"https:\/\/www.ferberpainting.com\/wp-content\/uploads\/2026\/02\/Check.svg\" alt=\"\" width=\"18\" height=\"15\" \/>Adequado para todas as variedades e condi\u00e7\u00f5es de cultivo.<\/strong>\u00a0Este adubo \u00e9 adequado para hort\u00eansias de todas as cores, cam\u00e9lias em vaso ou ao ar livre, rododendros (de folha perene e de folha caduca) e az\u00e1leas japonesas e mollis. \u00c9 eficaz em todos os tipos de solos \u00e1cidos e leves, assegurando uma absor\u00e7\u00e3o \u00f3ptima dos nutrientes e um desenvolvimento harmonioso das plantas, seja num jardim, num canteiro ou numa jardineira.<\/p>\n<p><strong><img decoding=\"async\" style=\"margin-right: 12px;\" src=\"https:\/\/www.ferberpainting.com\/wp-content\/uploads\/2026\/02\/Check.svg\" alt=\"\" width=\"18\" height=\"15\" \/>Fertiliza\u00e7\u00e3o econ\u00f3mica e duradoura.<\/strong>\u00a0Gra\u00e7as \u00e0 sua formula\u00e7\u00e3o, este fertilizante liberta-se lentamente, proporcionando uma fertiliza\u00e7\u00e3o gradual ao longo de v\u00e1rias semanas. Um saco de 25 kg pode fertilizar at\u00e9 125 arbustos, com uma taxa de aplica\u00e7\u00e3o recomendada de 200 g por planta. Esta solu\u00e7\u00e3o econ\u00f3mica reduz a frequ\u00eancia de aplica\u00e7\u00e3o, proporcionando uma nutri\u00e7\u00e3o cont\u00ednua e adaptada \u00e0s suas plantas.<\/p>\n<p><strong><img decoding=\"async\" style=\"margin-right: 12px;\" src=\"https:\/\/www.ferberpainting.com\/wp-content\/uploads\/2026\/02\/Check.svg\" alt=\"\" width=\"18\" height=\"15\" \/>Um fertilizante seguro e amigo do ambiente.<\/strong>\u00a0Este fertilizante \u00e9 inofensivo para os solos, a fauna e a flora, garantindo uma fertiliza\u00e7\u00e3o suave e gradual que respeita o ecossistema natural do jardim. Tamb\u00e9m ajuda a melhorar a estrutura do solo e a reten\u00e7\u00e3o de nutrientes, garantindo uma melhor absor\u00e7\u00e3o pelas ra\u00edzes e uma maior resist\u00eancia a doen\u00e7as e ao stress ambiental nas cam\u00e9lias e outras plantas que gostam de \u00e1cido.<\/p>\n<p><strong><img decoding=\"async\" style=\"margin-right: 12px;\" src=\"https:\/\/www.ferberpainting.com\/wp-content\/uploads\/2026\/02\/Check.svg\" alt=\"\" width=\"18\" height=\"15\" \/>F\u00e1cil de aplicar e fertiliza\u00e7\u00e3o sem esfor\u00e7o.<\/strong>\u00a0Ao contr\u00e1rio dos fertilizantes l\u00edquidos que requerem dilui\u00e7\u00e3o, este fertilizante pode ser aplicado diretamente no solo sem prepara\u00e7\u00e3o complexa. Basta espalh\u00e1-lo \u00e0 volta da base da planta e mistur\u00e1-lo suavemente no solo para garantir uma difus\u00e3o \u00f3ptima dos nutrientes. O seu m\u00e9todo de aplica\u00e7\u00e3o r\u00e1pido e eficaz \u00e9 tamb\u00e9m ideal para jardineiros amadores e profissionais.<\/p>\n<p><strong><img decoding=\"async\" style=\"margin-right: 12px;\" src=\"https:\/\/www.ferberpainting.com\/wp-content\/uploads\/2026\/02\/Check.svg\" alt=\"\" width=\"18\" height=\"15\" \/>Efeito de longa dura\u00e7\u00e3o para uma flora\u00e7\u00e3o vibrante e uma maior resist\u00eancia.<\/strong>\u00a0Gra\u00e7as ao seu efeito de longa dura\u00e7\u00e3o, este adubo nutre as plantas durante v\u00e1rias semanas, favorecendo um crescimento regular e uma flora\u00e7\u00e3o espetacular. Refor\u00e7a igualmente a estrutura dos arbustos, tornando os caules mais robustos e a folhagem mais densa, ao mesmo tempo que aumenta a resist\u00eancia \u00e0s doen\u00e7as comuns que afectam as plantas que gostam de \u00e1cido.<\/p>\n<p><strong><img decoding=\"async\" style=\"margin-right: 12px;\" src=\"https:\/\/www.ferberpainting.com\/wp-content\/uploads\/2026\/02\/Check.svg\" alt=\"\" width=\"18\" height=\"15\" \/>Resultados vis\u00edveis nas primeiras semanas.<\/strong>\u00a0Ap\u00f3s a aplica\u00e7\u00e3o, este fertilizante estimula a forma\u00e7\u00e3o de novos bot\u00f5es de flores, intensifica a cor das flores e melhora a densidade da folhagem. Em apenas algumas semanas, as plantas parecem mais vigorosas, com uma folhagem mais densa e flores mais abundantes e duradouras, garantindo um jardim mais vibrante e espetacular.<\/p>\n<h2>Protocolo de utiliza\u00e7\u00e3o<\/h2>\n<p><strong>Per\u00edodo de candidatura <\/strong>: Aplicar tr\u00eas vezes por ano, no in\u00edcio da primavera (mar\u00e7o-abril), no in\u00edcio do ver\u00e3o (junho-julho) e no final do ver\u00e3o (setembro-outubro), para assegurar um crescimento equilibrado e uma flora\u00e7\u00e3o cont\u00ednua.<\/p>\n<p><strong>Dose recomendada <\/strong>: Distribuir 200 g de adubo por arbusto, ou seja, cerca de duas m\u00e3os cheias, ajustando ligeiramente em fun\u00e7\u00e3o do tamanho e da idade da planta.<\/p>\n<p><strong>M\u00e9todo de aplica\u00e7\u00e3o <\/strong>:<\/p>\n<ul>\n<li><strong>Espalhamento do solo <\/strong>: Espalhe o adubo num c\u00edrculo \u00e0 volta da base da planta, a cerca de 30 a 50 cm do tronco, para que as ra\u00edzes possam absorver gradualmente os nutrientes.<\/li>\n<li><strong>Incorpora\u00e7\u00e3o de luz <\/strong>: Com um ancinho ou uma enxada, misturar ligeiramente o adubo na camada superior do solo (2 a 5 cm de profundidade) para favorecer a difus\u00e3o \u00f3ptima dos nutrientes.<\/li>\n<\/ul>\n<p><strong>Rega ap\u00f3s a aplica\u00e7\u00e3o <\/strong>: Regar abundantemente ap\u00f3s a aplica\u00e7\u00e3o para ativar a liberta\u00e7\u00e3o de nutrientes e assegurar uma r\u00e1pida absor\u00e7\u00e3o pelas ra\u00edzes. Nos per\u00edodos secos, manter uma rega regular para otimizar a efic\u00e1cia do fertilizante.<\/p>\n<p><strong>Manuten\u00e7\u00e3o e acompanhamento <\/strong>: Para as plantas em vaso ou em jardineiras, pode ser feita uma aplica\u00e7\u00e3o adicional em meados do ver\u00e3o (julho-agosto) para aumentar a flora\u00e7\u00e3o e evitar o enfraquecimento dos caules e das flores.<\/p>\n<p><strong>Precau\u00e7\u00f5es de utiliza\u00e7\u00e3o <\/strong>: N\u00e3o ultrapassar as doses recomendadas para evitar o excesso de nutrientes, que poderia provocar um crescimento excessivo da folhagem em detrimento da flora\u00e7\u00e3o. N\u00e3o aplicar em solos congelados ou em caso de seca intensa sem rega suplementar.<\/p>\n<p><strong>Armazenamento e conserva\u00e7\u00e3o <\/strong>: Armazenar o fertilizante num local fresco e seco, ao abrigo da humidade e da luz solar. Voltar a fechar o saco cuidadosamente ap\u00f3s cada utiliza\u00e7\u00e3o para preservar a qualidade do produto e evitar a absor\u00e7\u00e3o de humidade.<\/p>\n<p>Com este adubo para hort\u00eansias, cam\u00e9lias, rododendros e az\u00e1leas, as suas plantas t\u00eam um crescimento equilibrado e vigoroso, resultando numa flora\u00e7\u00e3o espetacular e numa folhagem vibrante. \u00c9 a solu\u00e7\u00e3o ideal para garantir um jardim exuberante e colorido durante todo o ano, com arbustos em perfeita sa\u00fade e flora\u00e7\u00e3o prolongada, esta\u00e7\u00e3o ap\u00f3s esta\u00e7\u00e3o.<\/p>","protected":false},"excerpt":{"rendered":"<p>A balanced fertilizer for spectacular blooms and vibrant foliage.\u00a0This fertilizer is specially designed to meet the needs of acid-loving plants such as hydrangeas, camellias, rhododendrons, and azaleas. Thanks to its NPK 10-10-10 formulation, it provides a balanced supply of nitrogen (N) to promote foliage growth, phosphorus (P) to strengthen roots, and potassium (K) to stimulate [&hellip;]<\/p>\n","protected":false},"featured_media":26033,"comment_status":"open","ping_status":"closed","template":"","meta":{"_uag_custom_page_level_css":"","site-sidebar-layout":"default","site-content-layout":"","ast-site-content-layout":"default","site-content-style":"default","site-sidebar-style":"default","ast-global-header-display":"","ast-banner-title-visibility":"","ast-main-header-display":"","ast-hfb-above-header-display":"","ast-hfb-below-header-display":"","ast-hfb-mobile-header-display":"","site-post-title":"","ast-breadcrumbs-content":"","ast-featured-img":"","footer-sml-layout":"","ast-disable-related-posts":"","theme-transparent-header-meta":"default","adv-header-id-meta":"","stick-header-meta":"","header-above-stick-meta":"","header-main-stick-meta":"","header-below-stick-meta":"","astra-migrate-meta-layouts":"set","ast-page-background-enabled":"default","ast-page-background-meta":{"desktop":{"background-color":"var(--ast-global-color-4)","background-image":"","background-repeat":"repeat","background-position":"center center","background-size":"auto","background-attachment":"scroll","background-type":"","background-media":"","overlay-type":"","overlay-color":"","overlay-opacity":"","overlay-gradient":""},"tablet":{"background-color":"","background-image":"","background-repeat":"repeat","background-position":"center center","background-size":"auto","background-attachment":"scroll","background-type":"","background-media":"","overlay-type":"","overlay-color":"","overlay-opacity":"","overlay-gradient":""},"mobile":{"background-color":"","background-image":"","background-repeat":"repeat","background-position":"center center","background-size":"auto","background-attachment":"scroll","background-type":"","background-media":"","overlay-type":"","overlay-color":"","overlay-opacity":"","overlay-gradient":""}},"ast-content-background-meta":{"desktop":{"background-color":"var(--ast-global-color-5)","background-image":"","background-repeat":"repeat","background-position":"center center","background-size":"auto","background-attachment":"scroll","background-type":"","background-media":"","overlay-type":"","overlay-color":"","overlay-opacity":"","overlay-gradient":""},"tablet":{"background-color":"var(--ast-global-color-5)","background-image":"","background-repeat":"repeat","background-position":"center center","background-size":"auto","background-attachment":"scroll","background-type":"","background-media":"","overlay-type":"","overlay-color":"","overlay-opacity":"","overlay-gradient":""},"mobile":{"background-color":"var(--ast-global-color-5)","background-image":"","background-repeat":"repeat","background-position":"center center","background-size":"auto","background-attachment":"scroll","background-type":"","background-media":"","overlay-type":"","overlay-color":"","overlay-opacity":"","overlay-gradient":""}}},"product_brand":[],"product_cat":[178],"product_tag":[],"class_list":{"0":"post-23543","1":"product","2":"type-product","3":"status-publish","4":"has-post-thumbnail","6":"product_cat-fertilizers","7":"desktop-align-left","8":"tablet-align-left","9":"mobile-align-left","11":"first","12":"instock","13":"taxable","14":"shipping-taxable","15":"purchasable","16":"product-type-simple"},"spectra_custom_meta":{"_visibility":["visible"],"_shopify_product_id":["9066128834805"],"_s2w_shopify_domain":["ferberpainting.myshopify.com"],"_shopify_variant_id":["46501909594357"],"_sku":["FPHYDRANGEACAMELLIARHODODENDRONANDAZALEAFERTILIZER25KG"],"_regular_price":["39.90"],"_price":["39.90"],"_sale_price":[""],"_weight":["18.5"],"_thumbnail_id":["26033"],"_global_unique_id":["5056773817197"],"total_sales":["3"],"_tax_status":["taxable"],"_tax_class":[""],"_manage_stock":["no"],"_backorders":["no"],"_sold_individually":["no"],"_virtual":["no"],"_downloadable":["no"],"_download_limit":["-1"],"_download_expiry":["-1"],"_stock":[null],"_stock_status":["instock"],"_wc_average_rating":["5.00"],"_wc_review_count":["9"],"_product_version":["10.5.1"],"_wc_rating_count":["a:1:{i:5;i:9;}"],"_edit_lock":["1771180301:1"],"merchant-center-availability":["yes"],"merchant-center-category":["113"],"_edit_last":["1"],"_wp_page_template":["default"],"site-sidebar-layout":["default"],"ast-site-content-layout":["default"],"site-content-style":["default"],"site-sidebar-style":["default"],"theme-transparent-header-meta":["default"],"astra-migrate-meta-layouts":["set"],"_uag_css_file_name":["uag-css-23543.css"],"_elementor_page_assets":["a:0:{}"],"_uag_page_assets":["a:9:{s:3:\"css\";s:7133:\".uag-blocks-common-selector{z-index:var(--z-index-desktop) !important}@media(max-width: 976px){.uag-blocks-common-selector{z-index:var(--z-index-tablet) !important}}@media(max-width: 767px){.uag-blocks-common-selector{z-index:var(--z-index-mobile) !important}}.wp-block-uagb-image{display:flex}.wp-block-uagb-image__figure{position:relative;display:flex;flex-direction:column;max-width:100%;height:auto;margin:0}.wp-block-uagb-image__figure img{height:auto;display:flex;max-width:100%;transition:box-shadow .2s ease}.wp-block-uagb-image__figure>a{display:inline-block}.wp-block-uagb-image__figure figcaption{text-align:center;margin-top:.5em;margin-bottom:1em}.wp-block-uagb-image .components-placeholder.block-editor-media-placeholder .components-placeholder__instructions{align-self:center}.wp-block-uagb-image--align-left{text-align:left}.wp-block-uagb-image--align-right{text-align:right}.wp-block-uagb-image--align-center{text-align:center}.wp-block-uagb-image--align-full .wp-block-uagb-image__figure{margin-left:calc(50% - 50vw);margin-right:calc(50% - 50vw);max-width:100vw;width:100vw;height:auto}.wp-block-uagb-image--align-full .wp-block-uagb-image__figure img{height:auto;width:100% !important}.wp-block-uagb-image--align-wide .wp-block-uagb-image__figure img{height:auto;width:100%}.wp-block-uagb-image--layout-overlay__color-wrapper{position:absolute;left:0;top:0;right:0;bottom:0;opacity:.2;background:rgba(0,0,0,.5);transition:opacity .35s ease-in-out}.wp-block-uagb-image--layout-overlay-link{position:absolute;left:0;right:0;bottom:0;top:0}.wp-block-uagb-image--layout-overlay .wp-block-uagb-image__figure:hover .wp-block-uagb-image--layout-overlay__color-wrapper{opacity:1}.wp-block-uagb-image--layout-overlay__inner{position:absolute;left:15px;right:15px;bottom:15px;top:15px;display:flex;align-items:center;justify-content:center;flex-direction:column;border-color:#fff;transition:.35s ease-in-out}.wp-block-uagb-image--layout-overlay__inner.top-left,.wp-block-uagb-image--layout-overlay__inner.top-center,.wp-block-uagb-image--layout-overlay__inner.top-right{justify-content:flex-start}.wp-block-uagb-image--layout-overlay__inner.bottom-left,.wp-block-uagb-image--layout-overlay__inner.bottom-center,.wp-block-uagb-image--layout-overlay__inner.bottom-right{justify-content:flex-end}.wp-block-uagb-image--layout-overlay__inner.top-left,.wp-block-uagb-image--layout-overlay__inner.center-left,.wp-block-uagb-image--layout-overlay__inner.bottom-left{align-items:flex-start}.wp-block-uagb-image--layout-overlay__inner.top-right,.wp-block-uagb-image--layout-overlay__inner.center-right,.wp-block-uagb-image--layout-overlay__inner.bottom-right{align-items:flex-end}.wp-block-uagb-image--layout-overlay__inner .uagb-image-heading{color:#fff;transition:transform .35s,opacity .35s ease-in-out;transform:translate3d(0, 24px, 0);margin:0;line-height:1em}.wp-block-uagb-image--layout-overlay__inner .uagb-image-separator{width:30%;border-top-width:2px;border-top-color:#fff;border-top-style:solid;margin-bottom:10px;opacity:0;transition:transform .4s,opacity .4s ease-in-out;transform:translate3d(0, 30px, 0)}.wp-block-uagb-image--layout-overlay__inner .uagb-image-caption{opacity:0;overflow:visible;color:#fff;transition:transform .45s,opacity .45s ease-in-out;transform:translate3d(0, 35px, 0)}.wp-block-uagb-image--layout-overlay__inner:hover .uagb-image-heading,.wp-block-uagb-image--layout-overlay__inner:hover .uagb-image-separator,.wp-block-uagb-image--layout-overlay__inner:hover .uagb-image-caption{opacity:1;transform:translate3d(0, 0, 0)}.wp-block-uagb-image--effect-zoomin .wp-block-uagb-image__figure img,.wp-block-uagb-image--effect-zoomin .wp-block-uagb-image__figure .wp-block-uagb-image--layout-overlay__color-wrapper{transform:scale(1);transition:transform .35s ease-in-out}.wp-block-uagb-image--effect-zoomin .wp-block-uagb-image__figure:hover img,.wp-block-uagb-image--effect-zoomin .wp-block-uagb-image__figure:hover .wp-block-uagb-image--layout-overlay__color-wrapper{transform:scale(1.05)}.wp-block-uagb-image--effect-slide .wp-block-uagb-image__figure img,.wp-block-uagb-image--effect-slide .wp-block-uagb-image__figure .wp-block-uagb-image--layout-overlay__color-wrapper{width:calc(100% + 40px) !important;max-width:none !important;transform:translate3d(-40px, 0, 0);transition:transform .35s ease-in-out}.wp-block-uagb-image--effect-slide .wp-block-uagb-image__figure:hover img,.wp-block-uagb-image--effect-slide .wp-block-uagb-image__figure:hover .wp-block-uagb-image--layout-overlay__color-wrapper{transform:translate3d(0, 0, 0)}.wp-block-uagb-image--effect-grayscale img{filter:grayscale(0%);transition:.35s ease-in-out}.wp-block-uagb-image--effect-grayscale:hover img{filter:grayscale(100%)}.wp-block-uagb-image--effect-blur img{filter:blur(0);transition:.35s ease-in-out}.wp-block-uagb-image--effect-blur:hover img{filter:blur(3px)}.uagb-block-e6f939b3.wp-block-uagb-image--layout-default figure img{box-shadow: 0px 0px 0 #00000070;}.uagb-block-e6f939b3.wp-block-uagb-image .wp-block-uagb-image__figure figcaption{font-style: normal;align-self: center;}.uagb-block-e6f939b3.wp-block-uagb-image--layout-overlay figure img{box-shadow: 0px 0px 0 #00000070;}.uagb-block-e6f939b3.wp-block-uagb-image--layout-overlay .wp-block-uagb-image--layout-overlay__color-wrapper{opacity: 0.2;}.uagb-block-e6f939b3.wp-block-uagb-image--layout-overlay .wp-block-uagb-image--layout-overlay__inner{left: 15px;right: 15px;top: 15px;bottom: 15px;}.uagb-block-e6f939b3.wp-block-uagb-image--layout-overlay .wp-block-uagb-image--layout-overlay__inner .uagb-image-heading{font-style: normal;color: #fff;opacity: 1;}.uagb-block-e6f939b3.wp-block-uagb-image--layout-overlay .wp-block-uagb-image--layout-overlay__inner .uagb-image-heading a{color: #fff;}.uagb-block-e6f939b3.wp-block-uagb-image--layout-overlay .wp-block-uagb-image--layout-overlay__inner .uagb-image-caption{opacity: 0;}.uagb-block-e6f939b3.wp-block-uagb-image--layout-overlay .wp-block-uagb-image__figure:hover .wp-block-uagb-image--layout-overlay__color-wrapper{opacity: 1;}.uagb-block-e6f939b3.wp-block-uagb-image .wp-block-uagb-image--layout-overlay__inner .uagb-image-separator{width: 30%;border-top-width: 2px;border-top-color: #fff;opacity: 0;}.uagb-block-e6f939b3.wp-block-uagb-image .wp-block-uagb-image__figure img{width: px;height: auto;}.uagb-block-e6f939b3.wp-block-uagb-image .wp-block-uagb-image__figure:hover .wp-block-uagb-image--layout-overlay__inner .uagb-image-caption{opacity: 1;}.uagb-block-e6f939b3.wp-block-uagb-image .wp-block-uagb-image__figure:hover .wp-block-uagb-image--layout-overlay__inner .uagb-image-separator{opacity: 1;}.uagb-block-e6f939b3.wp-block-uagb-image--layout-default figure:hover img{box-shadow: 0px 0px 0 #00000070;}.uagb-block-e6f939b3.wp-block-uagb-image--layout-overlay figure:hover img{box-shadow: 0px 0px 0 #00000070;}@media only screen and (max-width: 976px) {.uagb-block-e6f939b3.wp-block-uagb-image .wp-block-uagb-image__figure img{width: px;height: auto;}}@media only screen and (max-width: 767px) {.uagb-block-e6f939b3.wp-block-uagb-image .wp-block-uagb-image__figure img{width: px;height: auto;}}\";s:2:\"js\";s:0:\"\";s:18:\"current_block_list\";a:13:{i:0;s:11:\"core\/search\";i:1;s:10:\"core\/group\";i:2;s:12:\"core\/heading\";i:3;s:17:\"core\/latest-posts\";i:4;s:20:\"core\/latest-comments\";i:5;s:13:\"core\/archives\";i:6;s:15:\"core\/categories\";i:7;s:14:\"core\/paragraph\";i:8;s:10:\"uagb\/image\";i:9;s:11:\"core\/spacer\";i:10;s:30:\"woocommerce\/product-categories\";i:11;s:10:\"core\/image\";i:12;s:14:\"core\/shortcode\";}s:8:\"uag_flag\";b:1;s:11:\"uag_version\";s:10:\"1777222089\";s:6:\"gfonts\";a:0:{}s:10:\"gfonts_url\";s:0:\"\";s:12:\"gfonts_files\";a:0:{}s:14:\"uag_faq_layout\";b:0;}"]},"uagb_featured_image_src":{"full":["https:\/\/www.ferberpainting.com\/wp-content\/uploads\/2025\/05\/Hydrangea_Camellia_Rhododendron_andAzaleaFertilizer.png",2560,2560,false],"thumbnail":["https:\/\/www.ferberpainting.com\/wp-content\/uploads\/2025\/05\/Hydrangea_Camellia_Rhododendron_andAzaleaFertilizer-150x150.png",150,150,true],"medium":["https:\/\/www.ferberpainting.com\/wp-content\/uploads\/2025\/05\/Hydrangea_Camellia_Rhododendron_andAzaleaFertilizer-300x300.png",300,300,true],"medium_large":["https:\/\/www.ferberpainting.com\/wp-content\/uploads\/2025\/05\/Hydrangea_Camellia_Rhododendron_andAzaleaFertilizer-768x768.png",768,768,true],"large":["https:\/\/www.ferberpainting.com\/wp-content\/uploads\/2025\/05\/Hydrangea_Camellia_Rhododendron_andAzaleaFertilizer-1024x1024.png",1024,1024,true],"1536x1536":["https:\/\/www.ferberpainting.com\/wp-content\/uploads\/2025\/05\/Hydrangea_Camellia_Rhododendron_andAzaleaFertilizer-1536x1536.png",1536,1536,true],"2048x2048":["https:\/\/www.ferberpainting.com\/wp-content\/uploads\/2025\/05\/Hydrangea_Camellia_Rhododendron_andAzaleaFertilizer-2048x2048.png",2048,2048,true],"trp-custom-language-flag":["https:\/\/www.ferberpainting.com\/wp-content\/uploads\/2025\/05\/Hydrangea_Camellia_Rhododendron_andAzaleaFertilizer-12x12.png",12,12,true],"woocommerce_thumbnail":["https:\/\/www.ferberpainting.com\/wp-content\/uploads\/2025\/05\/Hydrangea_Camellia_Rhododendron_andAzaleaFertilizer-300x300.png",300,300,true],"woocommerce_single":["https:\/\/www.ferberpainting.com\/wp-content\/uploads\/2025\/05\/Hydrangea_Camellia_Rhododendron_andAzaleaFertilizer-600x600.png",600,600,true],"woocommerce_gallery_thumbnail":["https:\/\/www.ferberpainting.com\/wp-content\/uploads\/2025\/05\/Hydrangea_Camellia_Rhododendron_andAzaleaFertilizer-100x100.png",100,100,true]},"uagb_author_info":{"display_name":"admin","author_link":"https:\/\/www.ferberpainting.com\/pt\/author\/"},"uagb_comment_info":9,"uagb_excerpt":"A balanced fertilizer for spectacular blooms and vibrant foliage.\u00a0This fertilizer is specially designed to meet the needs of acid-loving plants such as hydrangeas, camellias, rhododendrons, and azaleas. Thanks to its NPK 10-10-10 formulation, it provides a balanced supply of nitrogen (N) to promote foliage growth, phosphorus (P) to strengthen roots, and potassium (K) to stimulate&hellip;","_links":{"self":[{"href":"https:\/\/www.ferberpainting.com\/pt\/wp-json\/wp\/v2\/product\/23543","targetHints":{"allow":["GET"]}}],"collection":[{"href":"https:\/\/www.ferberpainting.com\/pt\/wp-json\/wp\/v2\/product"}],"about":[{"href":"https:\/\/www.ferberpainting.com\/pt\/wp-json\/wp\/v2\/types\/product"}],"replies":[{"embeddable":true,"href":"https:\/\/www.ferberpainting.com\/pt\/wp-json\/wp\/v2\/comments?post=23543"}],"version-history":[{"count":5,"href":"https:\/\/www.ferberpainting.com\/pt\/wp-json\/wp\/v2\/product\/23543\/revisions"}],"predecessor-version":[{"id":166367,"href":"https:\/\/www.ferberpainting.com\/pt\/wp-json\/wp\/v2\/product\/23543\/revisions\/166367"}],"wp:featuredmedia":[{"embeddable":true,"href":"https:\/\/www.ferberpainting.com\/pt\/wp-json\/wp\/v2\/media\/26033"}],"wp:attachment":[{"href":"https:\/\/www.ferberpainting.com\/pt\/wp-json\/wp\/v2\/media?parent=23543"}],"wp:term":[{"taxonomy":"product_brand","embeddable":true,"href":"https:\/\/www.ferberpainting.com\/pt\/wp-json\/wp\/v2\/product_brand?post=23543"},{"taxonomy":"product_cat","embeddable":true,"href":"https:\/\/www.ferberpainting.com\/pt\/wp-json\/wp\/v2\/product_cat?post=23543"},{"taxonomy":"product_tag","embeddable":true,"href":"https:\/\/www.ferberpainting.com\/pt\/wp-json\/wp\/v2\/product_tag?post=23543"}],"curies":[{"name":"wp","href":"https:\/\/api.w.org\/{rel}","templated":true}]}}